{"id":80094,"date":"2019-11-11T14:55:09","date_gmt":"2019-11-11T14:55:09","guid":{"rendered":"https:\/\/dutchhealthstore.com\/product\/best-skin-ever-vanilla\/"},"modified":"2026-03-08T20:22:39","modified_gmt":"2026-03-08T19:22:39","slug":"best-skin-ever-vanilla-2","status":"publish","type":"product","link":"https:\/\/dutchhealthstore.com\/nl\/product\/best-skin-ever-vanilla-2\/","title":{"rendered":"Best Skin Ever &#8211; Vanilla"},"content":{"rendered":"<p><img decoding=\"async\" class=\"alignright wp-image-56011\" src=\"https:\/\/dutchhealthstore.com\/wp-content\/uploads\/2019\/04\/logo.png\" alt=\"Living libations logo\" width=\"200\" height=\"59\"><\/p>\n<p>Gebruiksaanwijzing: Masseer met de vingertoppen zachtjes het gezicht, de hals of het lichaam. Aanbrengen na het baden, zwemmen, zonnen of douchen. Het is ook een heerlijke massageolie. Mooi voor rehydratatie na de zon. Combineer met andere Serums, Elixirs en Essenti\u00eble Oli\u00ebn om uw eigen unieke mengsel te cre\u00ebren. Het kan worden gebruikt om het gezicht en het lichaam te reinigen, hoewel een onevenwichtige of acnegevoelige huid meer baat heeft bij de beste huid ooit van duindoorn, roos, wierook, sandelhout of neroli.<\/p>\n<h3>Hoe onze beste huidverzorgers te gebruiken<\/h3>\n<p>Onze Best Skin Evers vernieuwt het gezicht en bedauwt het lichaam en met gratie Deze alles-in-\u00e9\u00e9n botanische mengsels reinigen, hydrateren en voeden de huid. Best Skin Evers zijn gemaakt om alle huidtypes in balans te brengen.<\/p>\n<p>Washing the face with pure pressed plant oils is an ancient Ayurvedic and gracious gypsy method to cleanse and gently exfoliate the skin. Nadine ontwierp de Best Skin Evers om uw beste bad- en schoonheidshulp te zijn. Deze oli\u00ebn plus water en een doek zijn de eenvoudige benodigdheden om te reinigen, exfoli\u00ebren, bevochtigen en bedauwen.<\/p>\n<h3>Gebruiksaanwijzing<\/h3>\n<p>Put one or two squirts into your palm. Masseer met uw vingertoppen zachtjes het gezicht, de hals of het lichaam.<\/p>\n<p>Vanille Best Skin Ever kan worden gebruikt om het gezicht en lichaam te reinigen (en veel mensen doen dat ook), hoewel een onevenwichtige of acnegevoelige huid meer baat zal hebben bij Seabuckthorn, Rose, Frankincense, Sandalwood of Neroli Best Skin Ever.<\/p>\n<h3 class=\"yikes-custom-woo-tab-title yikes-custom-woo-tab-title-natural-organic-ingredients\">Natuurlijke\/Biologische Ingredi\u00ebnten<\/h3>\n<p><strong>Verse vanillebonen doordrenkt met Virgin Coconut<\/strong><em> (Vanilla Planifolia + Cocos Nucifera)<\/em> &#8211; Vanille straalt warme sensualiteit uit. We weken rauwe, biologische vanillebonen in pure virgin kokosolie gedurende een paar cycli van volle maan totdat de sensuele essentie en het rustgevende karakter van vanille de kokosolie verzadigen.<\/p>\n<p><strong>Virgin Coconut <\/strong><em>(Cocos Nucifera)<\/em> &#8211; Onze zuivere, ongerepte Virgin Coconut-olie verzadigt de huid en biedt een prachtige hydratatie en veerkracht. Kokosolie egaliseert fijne lijntjes, en is een bewaker van de vochtbarri\u00e8re van de huid.<\/p>\n<p><strong>Gouden jojoba <\/strong>(Simmondsia chinensis) &#8211; Glorieuze, gouden jojoba voedt en verzorgt de dorstige huid. Jojoba heeft een onge\u00ebvenaard vermogen om de huid te hydrateren, de olieproductie in balans te brengen, de pori\u00ebn diep te reinigen en een langdurige conditionerende werking te cre\u00ebren die de huid verzacht tot perfecte zijde. Het zit boordevol peptiden en lipiden en bevat de hoogste niveaus van fenolische verbindingen die in de natuur voorkomen, om nog maar te zwijgen van tocoferolen, antioxidanten en alle oplosbare vormen van vitamine E!<\/p>\n<p><strong>Duindoornbes <\/strong><em>(Hippophae rhamnoides)<\/em> &#8211; Duindoorn stuurt zijn lipiden diep in de huid en vermindert onevenwichtigheden van binnenuit. Dit superkritische extract zit boordevol omega vetzuren 3,6,7 en 9, antioxidanten, vitaminen, palmitole\u00efnezuren, caroteno\u00efden en fytosterolen. Een enkele druppel duindoornolie bevat 190 verschillende bioactieve stoffen. Deze helder oranje essence is ongelooflijk regenererend en huidzuiverend &#8211; het verlicht roodheid en vermindert wallen. Duindoorn is een uitstekende toevoeging aan reinigingsmiddelen tegen acne. Het helpt de huid te harmoniseren met de zon.<\/p>\n<p><strong>Tamanu<\/strong><em> (Calophyllum inophyllu)<\/em> &#8211; Betoverende Tamanu is een regeneratieve bessenolie die gemakkelijk diep in de huid wordt opgenomen om het vocht vast te houden en de huid te beschermen tegen uitdroging. Tamanu zou de huidskleur egaliseren en littekens, vlekken en roodheid verminderen. Zelfs voor een vette olie heeft het een hoog (92%!) vetgehalte.<\/p>\n<p><strong>Lavendel <\/strong><em>(Lavendula augustifolia)<\/em> &#8211; Lovely Lavender is een zachte maar krachtige huidversterker die herstellend en kalmerend werkt. Het ontspant roodheid en verkoelt de huid. Lavendel kan worden gebruikt om het uiterlijk van littekens te verbeteren, de huidtint te egaliseren, acne te verzachten en het talggehalte van de huid in evenwicht te brengen.<\/p>\n<p><strong>Vetiver <\/strong><em>(Vetivera zizanodes) &#8211; <\/em>Rijke, aardse Vetiver-olie is aardend en kalmerend voor de huid, en zalft de huid zoals de regen het gras zalft. Vetiver is een bekende vochtinbrenger die de huid helpt haar jeugdige volheid te behouden, terwijl hij vermoeide weefsels verzacht en de talgproductie in evenwicht brengt.<\/p>\n<p><strong>Grapefruit <\/strong><em>(Citrus paradisii)<\/em> &#8211; Verstevigende, aanspannende grapefruit verfrist de huid, tilt verslapt weefsel op en verzacht de tekenen van veroudering.<\/p>\n<p><strong>Palmarosa<\/strong> <em>(Cymbopogon martini)<\/em> &#8211; Aangename Palmarosa wordt gedistilleerd uit een tropisch, geurig gras, wat resulteert in een aromatische olie die ruikt naar een citroen-geranium-roos en gewoonweg schitterend is voor de neus! Deze formidabele huidverjonger is rijk aan machtige monoterpenolen, verzachtende esters, liefdevolle linalool en gulle geraniolen. Het zit boordevol heilzame botanische verbindingen. Deze krachtige olie verstevigt en verjongt de huid. Het wordt gebruikt ter ondersteuning van een stralende huid en om evenwicht te bereiken tussen vettigheid en droogte.<\/p>\n\n\t<section class=\"section\" id=\"section_731994921\">\n\t\t<div class=\"section-bg fill\" >\n\t\t\t\t\t\t\t\t\t\n\t\t\t\n\t<div class=\"is-border\"\n\t\tstyle=\"border-color:rgb(235, 235, 235);border-width:0px 0px 0px 0px;\">\n\t<\/div>\n\n\t\t<\/div>\n\n\t\t\n\n\t\t<div class=\"section-content relative\">\n\t\t\t\n\n<div class=\"row row-small align-center\"  id=\"row-1193019107\">\n\n\n\t<div id=\"col-1335676622\" class=\"col medium-7 small-12 large-7\"  >\n\t\t\t\t<div class=\"col-inner text-center\"  >\n\t\t\t\n\t\t\t\n\n\t<div class=\"img has-hover x md-x lg-x y md-y lg-y\" id=\"image_115224868\">\n\t\t\t\t\t\t\t\t<div class=\"img-inner dark\" >\n\t\t\t<img fetchpriority=\"high\" decoding=\"async\" width=\"442\" height=\"131\" src=\"https:\/\/dutchhealthstore.com\/wp-content\/uploads\/2020\/09\/logo_2_442x.png\" class=\"attachment-original size-original\" alt=\"\" \/>\t\t\t\t\t\t\n\t\t\t\t\t<\/div>\n\t\t\t\t\t\t\t\t\n<style>\n#image_115224868 {\n  width: 58%;\n}\n<\/style>\n\t<\/div>\n\t\n\n\t<div id=\"gap-2022029589\" class=\"gap-element clearfix\" style=\"display:block; height:auto;\">\n\t\t\n<style>\n#gap-2022029589 {\n  padding-top: 50px;\n}\n<\/style>\n\t<\/div>\n\t\n\n<h2 style=\"text-align: center;\">How to Use Our Best Skin Evers<\/h2>\n<p style=\"text-align: center;\">Our Best Skin Evers renew the face and bedew the body and with grace. These all-in-one botanical blends cleanse, moisturize, and nourish the skin. Best Skin Evers are crafted to bring into balance all skin types.<\/p>\n<p style=\"text-align: center;\">Washing the face with pure pressed plant oils is an ancient Ayurvedic and gracious gypsy method to cleanse and gently exfoliate the skin. Nadine designed the Best Skin Evers to be your finest bathing and beauty aide. These oils plus water and a cloth are the simple essentials to cleanse, exfoliate, moisten and bedew.<\/p>\n<h2 style=\"text-align: center;\">Colder Temperature &amp; The Best Skin Evers<\/h2>\n<p>We get almost daily questions about the <a href=\"\/?product_cat=best-skin-ever-2\">Best Skin Evers<\/a>\u00a0and \"bits\" floating in it. I have discussed this before but am more than happy to do it again. The bits you see are pieces of coconut oil. <a href=\"\/?product_cat=best-skin-ever-2\">The Best Skin Evers<\/a> contain coconut oil and this oil (like many others, for that matter) becomes firmer\/harder as the temperature drops. For example; I have a jar of coconut oil in the kitchen drawer at home that is spreadable but definitely not liquid!<\/p>\n<p>We get these bottles delivered this way and it makes sense because on the way on the plane, in the cargo hold, it's cold, in our warehouse it's very cool and dark, so the coconut oil never gets to a point where it can melt.<br \/>And maybe you've experienced it yourself when you've put a bottle, for preservation, in the fridge. Then you can see almost the entire bottle \"solidify\" in a short time.<\/p>\n<p>Fortunately, there is a very simple, effective solution to this; put the bottle in (hand) warm water and the coconut oil (but Tamanu can also cause this problem) will melt. Shake well and it's ready to use!<\/p>\n<p>Pay attention to the pump as well, because you may have tried to use the product and there is also solidified coconut oil in the pump. You can reopen this by putting it in warm water for a while, drying it well and it is ready to use again.<br \/>A bit of work, but yes, it is thanks to the absence of preservatives! And that's a very nice thought then \ud83d\ude09<\/p>\n\t<div id=\"gap-47568936\" class=\"gap-element clearfix hide-for-small\" style=\"display:block; height:auto;\">\n\t\t\n<style>\n#gap-47568936 {\n  padding-top: 50px;\n}\n<\/style>\n\t<\/div>\n\t\n\n\n\t\t<\/div>\n\t\t\t\t\t<\/div>\n\n\t\n\n\t<div id=\"col-1601523128\" class=\"col medium-5 small-12 large-5\"  >\n\t\t\t\t<div class=\"col-inner box-shadow-2 box-shadow-5-hover\" style=\"background-color:rgb(255, 255, 255);\" >\n\t\t\t\n\t\t\t\n\n\t<div id=\"text-4215407531\" class=\"text\">\n\t\t\n\n<p><span style=\"font-size: 90%;\"><strong>Directions: Washing\/Cleansing your Face with Best Skin Ever<\/strong><\/span><\/p>\n<ol>\n<li><span style=\"font-size: 90%;\">Maak een klein deel van een doek nat met water.<\/span><\/li>\n<li><span style=\"font-size: 90%;\">Breng een tot twee druppels van een van de Best Skin Evers aan op het vochtige gedeelte van het gezichtsdoekje.<\/span><\/li>\n<li><span style=\"font-size: 90%;\">Gently massage the face, neck and back of the neck with the moistened cloth. Wash gently or wash vigorously for a deeper exfoliating effect. Het gezicht spoelen is optioneel.<\/span><\/li>\n<\/ol>\n<p><span style=\"font-size: 90%;\">Als je meer vocht nodig hebt, voeg dan nog een of twee spuitjes van een van onze Best Skin Evers of Libations Serums (Rose Glow, Soothsayer, Royal Rose, Sandalwood, Chocolate Karat of Open Sky) toe aan je vingertoppen en masseer het gezicht en de hals. Als je huid extra dorstig aanvoelt, zal een Libations Cr\u00e8me (Sundew, Rose Glow, All Seeing, of Maverick) voldoen.<\/span><\/p>\n<p><span style=\"font-size: 90%;\">Je kunt ook een druppel of twee van een van de serums toevoegen aan een beetje van een van de cr\u00e8mes. Ze passen allemaal prachtig bij elkaar.<\/span><\/p>\n<p><span style=\"font-size: 90%;\"><strong>Directions: Using Best Skin Ever on your Body after a Bath or Shower<\/strong><\/span><\/p>\n<ol>\n<li><span style=\"font-size: 90%;\">Laat het lichaam nat na een bad of douche.<\/span><\/li>\n<li><span style=\"font-size: 90%;\">Maak een washandje nat met water. Knijp het uit.<\/span><\/li>\n<li><span style=\"font-size: 90%;\">Breng een paar spuitjes aan op het natte washandje van een van de Best Skin Evers.<\/span><\/li>\n<li><span style=\"font-size: 90%;\">Masseer het hele lichaam met het washandje, van kop tot teen. Wrijf wat krachtiger om te scrubben<\/span><\/li>\n<\/ol>\n\t\t\n<style>\n#text-4215407531 {\n  font-size: 1rem;\n  line-height: 1.75;\n}\n<\/style>\n\t<\/div>\n\t\n\n\t\t<\/div>\n\t\t\t\t\n<style>\n#col-1601523128 > .col-inner {\n  padding: 15px 15px 15px 15px;\n}\n<\/style>\n\t<\/div>\n\n\t\n\n\n<style>\n#row-1193019107 > .col > .col-inner {\n  padding: 35px 50px 48px 44px;\n}\n<\/style>\n<\/div>\n\n\t\t<\/div>\n\n\t\t\n<style>\n#section_731994921 {\n  padding-top: 34px;\n  padding-bottom: 34px;\n  min-height: 300px;\n}\n<\/style>\n\t<\/section>\n\t\n<p><img decoding=\"async\" class=\"size-medium wp-image-68103 aligncenter\" src=\"https:\/\/dutchhealthstore.com\/wp-content\/uploads\/2018\/02\/Living-Libations-Organic-Logo-800x89.png\" alt=\"Living Libations - Organic Logo\" width=\"800\" height=\"89\" srcset=\"https:\/\/dutchhealthstore.com\/wp-content\/uploads\/2018\/02\/Living-Libations-Organic-Logo-800x89.png 800w, https:\/\/dutchhealthstore.com\/wp-content\/uploads\/2018\/02\/Living-Libations-Organic-Logo-510x57.png 510w, https:\/\/dutchhealthstore.com\/wp-content\/uploads\/2018\/02\/Living-Libations-Organic-Logo-768x85.png 768w, https:\/\/dutchhealthstore.com\/wp-content\/uploads\/2018\/02\/Living-Libations-Organic-Logo.png 1400w\" sizes=\"(max-width: 800px) 100vw, 800px\" \/><\/p>\n\t<div id=\"gap-1209024233\" class=\"gap-element clearfix\" style=\"display:block; height:auto;\">\n\t\t\n<style>\n#gap-1209024233 {\n  padding-top: 50px;\n}\n<\/style>\n\t<\/div>\n\t\n","protected":false},"excerpt":{"rendered":"<p>Velvety <strong>Vanilla Best Skin Ever<\/strong> prikkelt de zintuigen met organische infusies van rauwe Vanillebonen, maandenlang gedrenkt in Virgin Coconut olie. Onze kenmerkende oplossing ontketent de aromatische kracht van pure vanille en verzadigt de kokosolie met alle verzachtende en hydraterende krachten die vanille te bieden heeft.<\/p>\n","protected":false},"featured_media":200050,"comment_status":"open","ping_status":"closed","template":"","meta":[],"product_brand":[],"product_cat":[2992,6365,1029,5830,5822,1500,1208,1006,2991,510],"product_tag":[6156,21389,9766,21390,4808],"class_list":{"0":"post-80094","1":"product","2":"type-product","3":"status-publish","4":"has-post-thumbnail","6":"product_cat-best-skin-ever-nl","7":"product_cat-body-wash-nl","8":"product_cat-categorieen","9":"product_cat-body-oil-nl-2","10":"product_cat-body-care-nl-3","11":"product_cat-lichaamsverzorging-living-libations","12":"product_cat-living-libations-nederland","13":"product_cat-merken","14":"product_cat-olien-lotions","15":"product_cat-shop-winkel","16":"product_tag-face-care-nl","17":"product_tag-lichaam","18":"product_tag-moisturizer-nl","19":"product_tag-reiniging","20":"product_tag-skin-nl","21":"pa_brand-livinglibations-nl","22":"pa_gtin-7439657350320-nl","23":"pa_size-30-ml-nl","24":"pa_size-50-ml-nl","25":"pa_size-100-ml-nl","27":"first","28":"outofstock","29":"taxable","30":"shipping-taxable","31":"purchasable","32":"product-type-variable"},"bundled_by":[],"bundle_stock_status":"outofstock","bundle_stock_quantity":null,"bundle_virtual":false,"bundle_layout":"","bundle_add_to_cart_form_location":"","bundle_editable_in_cart":false,"bundle_sold_individually_context":"","bundle_item_grouping":"","bundle_min_size":"","bundle_max_size":"","bundle_price":[],"bundled_items":[],"bundle_sell_ids":[107424],"atum_controlled":true,"out_stock_date":null,"out_stock_threshold":null,"inheritable":true,"stock_on_hold":1,"sold_today":0,"sales_last_days":0,"out_stock_days":0,"lost_sales":0,"update_date":"2026-04-09T08:00:48","atum_locations":[],"atum_stock_status":"outofstock","restock_status":false,"low_stock_amount":"","sales_update_date":"2026-04-09T08:00:48","calc_backorders":null,"group_of_quantity":0,"min_quantity":0,"max_quantity":"","exclude_order_quantity_value_rules":"no","exclude_category_quantity_rules":"no","combine_variations":"no","yoast_head":"<!-- This site is optimized with the Yoast SEO Premium plugin v26.5 (Yoast SEO v26.5) - https:\/\/yoast.com\/wordpress\/plugins\/seo\/ -->\n<title>Best Skin Ever Vanilla | Organic &amp; Natural | Living Libations<\/title>\n<meta name=\"description\" content=\"Vanilla Best Skin Ever egaliseert de huidskleur, balanceert de olieproductie, verzacht en kalmeert de huid. Het is ook een luxe en weelderige moisturizer.\" \/>\n<meta name=\"robots\" content=\"index, follow, max-snippet:-1, max-image-preview:large, max-video-preview:-1\" \/>\n<link rel=\"canonical\" href=\"https:\/\/dutchhealthstore.com\/nl\/product\/best-skin-ever-vanilla-2\/\" \/>\n<meta property=\"og:locale\" content=\"nl_NL\" \/>\n<meta property=\"og:type\" content=\"article\" \/>\n<meta property=\"og:title\" content=\"Best Skin Ever - Vanilla - Dutch Health Store\" \/>\n<meta property=\"og:description\" content=\"Vanilla Best Skin Ever egaliseert de huidskleur, balanceert de olieproductie, verzacht en kalmeert de huid. Het is ook een luxe en weelderige moisturizer.\" \/>\n<meta property=\"og:url\" content=\"https:\/\/dutchhealthstore.com\/nl\/product\/best-skin-ever-vanilla-2\/\" \/>\n<meta property=\"og:site_name\" content=\"Dutch Health Store\" \/>\n<meta property=\"article:publisher\" content=\"https:\/\/www.instagram.com\/dutchhealthstore\/\" \/>\n<meta property=\"article:modified_time\" content=\"2026-03-08T19:22:39+00:00\" \/>\n<meta property=\"og:image\" content=\"https:\/\/dutchhealthstore.com\/wp-content\/uploads\/2019\/11\/bse-vanilla-100.jpg\" \/>\n\t<meta property=\"og:image:width\" content=\"500\" \/>\n\t<meta property=\"og:image:height\" content=\"500\" \/>\n\t<meta property=\"og:image:type\" content=\"image\/jpeg\" \/>\n<meta name=\"twitter:card\" content=\"summary_large_image\" \/>\n<meta name=\"twitter:label1\" content=\"Beschikbaarheid\" \/>\n\t<meta name=\"twitter:data1\" content=\"Uitverkocht\" \/>\n<script type=\"application\/ld+json\" class=\"yoast-schema-graph\">{\"@context\":\"https:\/\/schema.org\",\"@graph\":[{\"@type\":\"WebPage\",\"@id\":\"https:\/\/dutchhealthstore.com\/nl\/product\/best-skin-ever-vanilla-2\/\",\"url\":\"https:\/\/dutchhealthstore.com\/nl\/product\/best-skin-ever-vanilla-2\/\",\"name\":\"Best Skin Ever Vanilla | Organic & Natural | Living Libations\",\"isPartOf\":{\"@id\":\"https:\/\/dutchhealthstore.com\/nl\/#website\"},\"primaryImageOfPage\":{\"@id\":\"https:\/\/dutchhealthstore.com\/nl\/product\/best-skin-ever-vanilla-2\/#primaryimage\"},\"image\":{\"@id\":\"https:\/\/dutchhealthstore.com\/nl\/product\/best-skin-ever-vanilla-2\/#primaryimage\"},\"thumbnailUrl\":\"https:\/\/dutchhealthstore.com\/wp-content\/uploads\/2019\/11\/bse-vanilla-100.jpg\",\"datePublished\":\"2019-11-11T14:55:09+00:00\",\"dateModified\":\"2026-03-08T19:22:39+00:00\",\"description\":\"Vanilla Best Skin Ever egaliseert de huidskleur, balanceert de olieproductie, verzacht en kalmeert de huid. Het is ook een luxe en weelderige moisturizer.\",\"breadcrumb\":{\"@id\":\"https:\/\/dutchhealthstore.com\/nl\/product\/best-skin-ever-vanilla-2\/#breadcrumb\"},\"inLanguage\":\"nl-NL\",\"potentialAction\":[{\"@type\":\"ReadAction\",\"target\":[\"https:\/\/dutchhealthstore.com\/nl\/product\/best-skin-ever-vanilla-2\/\"]}]},{\"@type\":\"ImageObject\",\"inLanguage\":\"nl-NL\",\"@id\":\"https:\/\/dutchhealthstore.com\/nl\/product\/best-skin-ever-vanilla-2\/#primaryimage\",\"url\":\"https:\/\/dutchhealthstore.com\/wp-content\/uploads\/2019\/11\/bse-vanilla-100.jpg\",\"contentUrl\":\"https:\/\/dutchhealthstore.com\/wp-content\/uploads\/2019\/11\/bse-vanilla-100.jpg\",\"width\":500,\"height\":500,\"caption\":\"bse vanilla 100\"},{\"@type\":\"BreadcrumbList\",\"@id\":\"https:\/\/dutchhealthstore.com\/nl\/product\/best-skin-ever-vanilla-2\/#breadcrumb\",\"itemListElement\":[{\"@type\":\"ListItem\",\"position\":1,\"name\":\"Home\",\"item\":\"https:\/\/dutchhealthstore.com\/nl\/\"},{\"@type\":\"ListItem\",\"position\":2,\"name\":\"Shop\",\"item\":\"https:\/\/dutchhealthstore.com\/nl\/shop\/\"},{\"@type\":\"ListItem\",\"position\":3,\"name\":\"Best Skin Ever &#8211; Vanilla\"}]},{\"@type\":\"WebSite\",\"@id\":\"https:\/\/dutchhealthstore.com\/nl\/#website\",\"url\":\"https:\/\/dutchhealthstore.com\/nl\/\",\"name\":\"Dutch Health Store\",\"description\":\"Enhance Your Beauty with Organic &amp; Natural Skincare\",\"publisher\":{\"@id\":\"https:\/\/dutchhealthstore.com\/nl\/#organization\"},\"potentialAction\":[{\"@type\":\"SearchAction\",\"target\":{\"@type\":\"EntryPoint\",\"urlTemplate\":\"https:\/\/dutchhealthstore.com\/nl\/?s={search_term_string}\"},\"query-input\":{\"@type\":\"PropertyValueSpecification\",\"valueRequired\":true,\"valueName\":\"search_term_string\"}}],\"inLanguage\":\"nl-NL\"},{\"@type\":\"Organization\",\"@id\":\"https:\/\/dutchhealthstore.com\/nl\/#organization\",\"name\":\"Dutch Health Store\",\"url\":\"https:\/\/dutchhealthstore.com\/nl\/\",\"logo\":{\"@type\":\"ImageObject\",\"inLanguage\":\"nl-NL\",\"@id\":\"https:\/\/dutchhealthstore.com\/nl\/#\/schema\/logo\/image\/\",\"url\":\"https:\/\/dutchhealthstore.com\/wp-content\/uploads\/2020\/08\/logo-dutchhealthstore-jpg-e1599484957574.jpg\",\"contentUrl\":\"https:\/\/dutchhealthstore.com\/wp-content\/uploads\/2020\/08\/logo-dutchhealthstore-jpg-e1599484957574.jpg\",\"width\":400,\"height\":62,\"caption\":\"Dutch Health Store\"},\"image\":{\"@id\":\"https:\/\/dutchhealthstore.com\/nl\/#\/schema\/logo\/image\/\"},\"sameAs\":[\"https:\/\/www.instagram.com\/dutchhealthstore\/\",\"https:\/\/www.facebook.com\/dutchhealthstore\"]}]}<\/script>\n<meta property=\"product:brand\" content=\"Living Libations\" \/>\n<meta property=\"og:availability\" content=\"out of stock\" \/>\n<meta property=\"product:availability\" content=\"out of stock\" \/>\n<meta property=\"product:condition\" content=\"new\" \/>\n<!-- \/ Yoast SEO Premium plugin. -->","yoast_head_json":{"title":"Best Skin Ever Vanilla | Organic & Natural | Living Libations","description":"Vanilla Best Skin Ever egaliseert de huidskleur, balanceert de olieproductie, verzacht en kalmeert de huid. Het is ook een luxe en weelderige moisturizer.","robots":{"index":"index","follow":"follow","max-snippet":"max-snippet:-1","max-image-preview":"max-image-preview:large","max-video-preview":"max-video-preview:-1"},"canonical":"https:\/\/dutchhealthstore.com\/nl\/product\/best-skin-ever-vanilla-2\/","og_locale":"nl_NL","og_type":"article","og_title":"Best Skin Ever - Vanilla - Dutch Health Store","og_description":"Vanilla Best Skin Ever egaliseert de huidskleur, balanceert de olieproductie, verzacht en kalmeert de huid. Het is ook een luxe en weelderige moisturizer.","og_url":"https:\/\/dutchhealthstore.com\/nl\/product\/best-skin-ever-vanilla-2\/","og_site_name":"Dutch Health Store","article_publisher":"https:\/\/www.instagram.com\/dutchhealthstore\/","article_modified_time":"2026-03-08T19:22:39+00:00","og_image":[{"width":500,"height":500,"url":"https:\/\/dutchhealthstore.com\/wp-content\/uploads\/2019\/11\/bse-vanilla-100.jpg","type":"image\/jpeg"}],"twitter_card":"summary_large_image","twitter_misc":{"Beschikbaarheid":"Uitverkocht"},"schema":{"@context":"https:\/\/schema.org","@graph":[{"@type":"WebPage","@id":"https:\/\/dutchhealthstore.com\/nl\/product\/best-skin-ever-vanilla-2\/","url":"https:\/\/dutchhealthstore.com\/nl\/product\/best-skin-ever-vanilla-2\/","name":"Best Skin Ever Vanilla | Organic & Natural | Living Libations","isPartOf":{"@id":"https:\/\/dutchhealthstore.com\/nl\/#website"},"primaryImageOfPage":{"@id":"https:\/\/dutchhealthstore.com\/nl\/product\/best-skin-ever-vanilla-2\/#primaryimage"},"image":{"@id":"https:\/\/dutchhealthstore.com\/nl\/product\/best-skin-ever-vanilla-2\/#primaryimage"},"thumbnailUrl":"https:\/\/dutchhealthstore.com\/wp-content\/uploads\/2019\/11\/bse-vanilla-100.jpg","datePublished":"2019-11-11T14:55:09+00:00","dateModified":"2026-03-08T19:22:39+00:00","description":"Vanilla Best Skin Ever egaliseert de huidskleur, balanceert de olieproductie, verzacht en kalmeert de huid. Het is ook een luxe en weelderige moisturizer.","breadcrumb":{"@id":"https:\/\/dutchhealthstore.com\/nl\/product\/best-skin-ever-vanilla-2\/#breadcrumb"},"inLanguage":"nl-NL","potentialAction":[{"@type":"ReadAction","target":["https:\/\/dutchhealthstore.com\/nl\/product\/best-skin-ever-vanilla-2\/"]}]},{"@type":"ImageObject","inLanguage":"nl-NL","@id":"https:\/\/dutchhealthstore.com\/nl\/product\/best-skin-ever-vanilla-2\/#primaryimage","url":"https:\/\/dutchhealthstore.com\/wp-content\/uploads\/2019\/11\/bse-vanilla-100.jpg","contentUrl":"https:\/\/dutchhealthstore.com\/wp-content\/uploads\/2019\/11\/bse-vanilla-100.jpg","width":500,"height":500,"caption":"bse vanilla 100"},{"@type":"BreadcrumbList","@id":"https:\/\/dutchhealthstore.com\/nl\/product\/best-skin-ever-vanilla-2\/#breadcrumb","itemListElement":[{"@type":"ListItem","position":1,"name":"Home","item":"https:\/\/dutchhealthstore.com\/nl\/"},{"@type":"ListItem","position":2,"name":"Shop","item":"https:\/\/dutchhealthstore.com\/nl\/shop\/"},{"@type":"ListItem","position":3,"name":"Best Skin Ever &#8211; Vanilla"}]},{"@type":"WebSite","@id":"https:\/\/dutchhealthstore.com\/nl\/#website","url":"https:\/\/dutchhealthstore.com\/nl\/","name":"Dutch Health Store","description":"Enhance Your Beauty with Organic &amp; Natural Skincare","publisher":{"@id":"https:\/\/dutchhealthstore.com\/nl\/#organization"},"potentialAction":[{"@type":"SearchAction","target":{"@type":"EntryPoint","urlTemplate":"https:\/\/dutchhealthstore.com\/nl\/?s={search_term_string}"},"query-input":{"@type":"PropertyValueSpecification","valueRequired":true,"valueName":"search_term_string"}}],"inLanguage":"nl-NL"},{"@type":"Organization","@id":"https:\/\/dutchhealthstore.com\/nl\/#organization","name":"Dutch Health Store","url":"https:\/\/dutchhealthstore.com\/nl\/","logo":{"@type":"ImageObject","inLanguage":"nl-NL","@id":"https:\/\/dutchhealthstore.com\/nl\/#\/schema\/logo\/image\/","url":"https:\/\/dutchhealthstore.com\/wp-content\/uploads\/2020\/08\/logo-dutchhealthstore-jpg-e1599484957574.jpg","contentUrl":"https:\/\/dutchhealthstore.com\/wp-content\/uploads\/2020\/08\/logo-dutchhealthstore-jpg-e1599484957574.jpg","width":400,"height":62,"caption":"Dutch Health Store"},"image":{"@id":"https:\/\/dutchhealthstore.com\/nl\/#\/schema\/logo\/image\/"},"sameAs":["https:\/\/www.instagram.com\/dutchhealthstore\/","https:\/\/www.facebook.com\/dutchhealthstore"]}]},"product_brand":"Living Libations","og_availability":"out of stock","product_availability":"out of stock","product_condition":"new"},"_links":{"self":[{"href":"https:\/\/dutchhealthstore.com\/nl\/wp-json\/wp\/v2\/product\/80094","targetHints":{"allow":["GET"]}}],"collection":[{"href":"https:\/\/dutchhealthstore.com\/nl\/wp-json\/wp\/v2\/product"}],"about":[{"href":"https:\/\/dutchhealthstore.com\/nl\/wp-json\/wp\/v2\/types\/product"}],"replies":[{"embeddable":true,"href":"https:\/\/dutchhealthstore.com\/nl\/wp-json\/wp\/v2\/comments?post=80094"}],"wp:featuredmedia":[{"embeddable":true,"href":"https:\/\/dutchhealthstore.com\/nl\/wp-json\/wp\/v2\/media\/200050"}],"wp:attachment":[{"href":"https:\/\/dutchhealthstore.com\/nl\/wp-json\/wp\/v2\/media?parent=80094"}],"wp:term":[{"taxonomy":"product_brand","embeddable":true,"href":"https:\/\/dutchhealthstore.com\/nl\/wp-json\/wp\/v2\/product_brand?post=80094"},{"taxonomy":"product_cat","embeddable":true,"href":"https:\/\/dutchhealthstore.com\/nl\/wp-json\/wp\/v2\/product_cat?post=80094"},{"taxonomy":"product_tag","embeddable":true,"href":"https:\/\/dutchhealthstore.com\/nl\/wp-json\/wp\/v2\/product_tag?post=80094"}],"curies":[{"name":"wp","href":"https:\/\/api.w.org\/{rel}","templated":true}]}}