{"id":79241,"date":"2018-02-10T19:37:15","date_gmt":"2018-02-10T19:37:15","guid":{"rendered":"https:\/\/dutchhealthstore.com\/product\/79241\/"},"modified":"2026-02-15T09:16:38","modified_gmt":"2026-02-15T08:16:38","slug":"best-skin-ever-chocolate","status":"publish","type":"product","link":"https:\/\/dutchhealthstore.com\/nl\/product\/best-skin-ever-chocolate\/","title":{"rendered":"Best Skin Ever &#8211; Chocolate"},"content":{"rendered":"<p><img decoding=\"async\" class=\"alignright wp-image-56011\" src=\"https:\/\/dutchhealthstore.com\/wp-content\/uploads\/2019\/04\/logo.png\" alt=\"Living libations logo\" width=\"200\" height=\"59\"><\/p>\n<h3>Gebruiksaanwijzing<\/h3>\n<p>Masseer met uw vingertoppen zachtjes het gezicht, de hals of het lichaam. Aanbrengen na het baden, zwemmen, zonnen of douchen. Het is ook een heerlijke massageolie. Combineer met andere Serums, Elixirs en Essenti\u00eble Oli\u00ebn om uw eigen unieke mengsel te cre\u00ebren. Het kan worden gebruikt om het gezicht en het lichaam te reinigen, hoewel een onevenwichtige of acnegevoelige huid meer baat heeft bij de beste huid ooit van duindoorn, roos, wierook, sandelhout of neroli.<\/p>\n<h3 class=\"yikes-custom-woo-tab-title yikes-custom-woo-tab-title-natural-organic-ingredients\">Natuurlijke\/biologische Ingredi\u00ebnten<\/h3>\n<p><b><strong>Gouden Jojoba <\/strong><\/b><i><em>(<\/em><\/i><i><em>Simmondsia chinensis) &#8211;<\/em><\/i><b><strong> <\/strong><\/b>Glorieuze gouden jojoba is van nature rijk aan lipiden en peptiden die zorgen voor een langdurige zijdezachte huid. Het bevat alle vormen van de natuurlijke antioxidant vitamine E, en beschikt over de hoogste hoeveelheid fenolische verbindingen die in natuurlijke oli\u00ebn voorkomen.<\/p>\n<p><b><strong>Maagdelijke kokosolie<i><em> <\/em><\/i><\/strong><\/b><i><em>(Cocos nucifera) <\/em><\/i>&#8211; Kokosolie is niet-comedogeen. Het helpt rimpels en fijne lijntjes te verminderen, bevordert de elasticiteit en hydrateert de dorstige huid. Het beschermt de huid tegen de schadelijke effecten van vrije radicalen.<\/p>\n<p><b><strong>Cacao<\/strong><\/b> <b><strong>Bonen <i><em>(<\/em><\/i><\/strong><\/b><i><em>Theobroma cacao + Cocos Nucifera) <\/em><\/i>Verwerkt in Virgin Coconut oil &#8211; Cacaobonen zijn intens hydraterend, gladmakend en therapeutisch voor de huid. Hun sensuele geur en complexe matrix van plantaardige voedingsstoffen bieden een zoet herstel aan dorstige weefsels.<\/p>\n<p><b><strong>Verse Vanillebonen Ge\u00efnfuseerd in Virgin Coconut <\/strong><\/b><i><em>(<\/em><\/i><i><em>Vanilla Planifolia + Cocos Nucifera)<\/em><\/i> &#8211; Vanille straalt warme sensualiteit uit. We weken rauwe, biologische vanillebonen in pure virgin kokosolie gedurende een paar cycli van volle maan totdat de sensuele essentie en het rustgevende karakter van vanille de kokosolie verzadigen. De frisse geur van vanille roept schoonheid en genot op.<\/p>\n<p><b><strong>Roos Otto etherische olie <\/strong><\/b><i><em>(Rosa damascene)<\/em><\/i> &#8211; Rose Otto is de meest geneeskrachtige en versterkende van alle rozenoli\u00ebn. Het is een ongelooflijk elegante en kostbare essentie. Er zijn zestig rozen nodig om een enkele druppel etherische olie te maken! Een van de meest medicinaal gewaardeerde extracten in de wereld, Rose otto voegt veerkracht en elasticiteit toe aan de huid, versnelt de genezing en biedt krachtige antiseptische eigenschappen.<\/p>\n<p><b><strong>Ylang Ylang etherische olie <\/strong><\/b><i><em>(<\/em><\/i><i><em>Cananga odorata)<\/em><\/i> <b><strong><i><em>&#8211; <\/em><\/i><\/strong><\/b>Ylang ylang betekent &#8220;bloem der bloemen.&#8221; De vrolijke, bloemige geur kust de wangen en nodigt de stralende huid uit om te komen spelen. Het harmoniseert de huid met een perfecte hydratatie.<\/p>\n<p><b><strong>Citroen etherische olie <\/strong><\/b><i><em>(<\/em><\/i><i><em>Citrus limon) &#8211; <\/em><\/i>Weelderige citroen verheldert, geeft energie en ontgift de huid van top tot teen. Citroenolie vermindert acne en oneffenheden, verstevigt en geeft de huid jeugdige energie en veerkracht.<\/p>\n<p><strong><span class=\"ll-product-ingredient-first\">Carrot Seed <\/span><\/strong><em><span class=\"ll-product-ingredient-first\">(<\/span><span class=\"ll-product-ingredient-second\">Daucus Carota) \u2014 <\/span><\/em> <span class=\"ll-product-ingredient-second\">Queen Anne&#8217;s kant zalft je gezicht met koninklijke gratie. Wortelolie stimuleert de olieproductie in perfecte verhoudingen, ongeacht de huidige toestand van uw huid. Vette, droge en gemengde huid kunnen allemaal profiteren van de stimulerende, hydraterende kracht van wortelzaad.<\/span><\/p>\n\n\t<section class=\"section\" id=\"section_127385741\">\n\t\t<div class=\"section-bg fill\" >\n\t\t\t\t\t\t\t\t\t\n\t\t\t\n\t<div class=\"is-border\"\n\t\tstyle=\"border-color:rgb(235, 235, 235);border-width:0px 0px 0px 0px;\">\n\t<\/div>\n\n\t\t<\/div>\n\n\t\t\n\n\t\t<div class=\"section-content relative\">\n\t\t\t\n\n<div class=\"row row-small align-center\"  id=\"row-812004478\">\n\n\n\t<div id=\"col-750478331\" class=\"col medium-7 small-12 large-7\"  >\n\t\t\t\t<div class=\"col-inner text-center\"  >\n\t\t\t\n\t\t\t\n\n\t<div class=\"img has-hover x md-x lg-x y md-y lg-y\" id=\"image_1265309116\">\n\t\t\t\t\t\t\t\t<div class=\"img-inner dark\" >\n\t\t\t<img fetchpriority=\"high\" decoding=\"async\" width=\"442\" height=\"131\" src=\"https:\/\/dutchhealthstore.com\/wp-content\/uploads\/2020\/09\/logo_2_442x.png\" class=\"attachment-original size-original\" alt=\"\" \/>\t\t\t\t\t\t\n\t\t\t\t\t<\/div>\n\t\t\t\t\t\t\t\t\n<style>\n#image_1265309116 {\n  width: 58%;\n}\n<\/style>\n\t<\/div>\n\t\n\n\t<div id=\"gap-322538302\" class=\"gap-element clearfix\" style=\"display:block; height:auto;\">\n\t\t\n<style>\n#gap-322538302 {\n  padding-top: 50px;\n}\n<\/style>\n\t<\/div>\n\t\n\n<h2 style=\"text-align: center;\">How to Use Our Best Skin Evers<\/h2>\n<p style=\"text-align: center;\">Our Best Skin Evers renew the face and bedew the body and with grace. These all-in-one botanical blends cleanse, moisturize, and nourish the skin. Best Skin Evers are crafted to bring into balance all skin types.<\/p>\n<p style=\"text-align: center;\">Washing the face with pure pressed plant oils is an ancient Ayurvedic and gracious gypsy method to cleanse and gently exfoliate the skin. Nadine designed the Best Skin Evers to be your finest bathing and beauty aide. These oils plus water and a cloth are the simple essentials to cleanse, exfoliate, moisten and bedew.<\/p>\n<h2 style=\"text-align: center;\">Colder Temperature &amp; The Best Skin Evers<\/h2>\n<p>We get almost daily questions about the <a href=\"\/?product_cat=best-skin-ever-2\">Best Skin Evers<\/a>\u00a0and \"bits\" floating in it. I have discussed this before but am more than happy to do it again. The bits you see are pieces of coconut oil. <a href=\"\/?product_cat=best-skin-ever-2\">The Best Skin Evers<\/a> contain coconut oil and this oil (like many others, for that matter) becomes firmer\/harder as the temperature drops. For example; I have a jar of coconut oil in the kitchen drawer at home that is spreadable but definitely not liquid!<\/p>\n<p>We get these bottles delivered this way and it makes sense because on the way on the plane, in the cargo hold, it's cold, in our warehouse it's very cool and dark, so the coconut oil never gets to a point where it can melt.<br \/>And maybe you've experienced it yourself when you've put a bottle, for preservation, in the fridge. Then you can see almost the entire bottle \"solidify\" in a short time.<\/p>\n<p>Fortunately, there is a very simple, effective solution to this; put the bottle in (hand) warm water and the coconut oil (but Tamanu can also cause this problem) will melt. Shake well and it's ready to use!<\/p>\n<p>Pay attention to the pump as well, because you may have tried to use the product and there is also solidified coconut oil in the pump. You can reopen this by putting it in warm water for a while, drying it well and it is ready to use again.<br \/>A bit of work, but yes, it is thanks to the absence of preservatives! And that's a very nice thought then \ud83d\ude09<\/p>\n\t<div id=\"gap-2137643701\" class=\"gap-element clearfix hide-for-small\" style=\"display:block; height:auto;\">\n\t\t\n<style>\n#gap-2137643701 {\n  padding-top: 50px;\n}\n<\/style>\n\t<\/div>\n\t\n\n\n\t\t<\/div>\n\t\t\t\t\t<\/div>\n\n\t\n\n\t<div id=\"col-580999159\" class=\"col medium-5 small-12 large-5\"  >\n\t\t\t\t<div class=\"col-inner box-shadow-2 box-shadow-5-hover\" style=\"background-color:rgb(255, 255, 255);\" >\n\t\t\t\n\t\t\t\n\n\t<div id=\"text-3252660763\" class=\"text\">\n\t\t\n\n<p><span style=\"font-size: 90%;\"><strong>Directions: Washing\/Cleansing your Face with Best Skin Ever<\/strong><\/span><\/p>\n<ol>\n<li><span style=\"font-size: 90%;\">Maak een klein deel van een doek nat met water.<\/span><\/li>\n<li><span style=\"font-size: 90%;\">Breng een tot twee druppels van een van de Best Skin Evers aan op het vochtige gedeelte van het gezichtsdoekje.<\/span><\/li>\n<li><span style=\"font-size: 90%;\">Gently massage the face, neck and back of the neck with the moistened cloth. Wash gently or wash vigorously for a deeper exfoliating effect. Het gezicht spoelen is optioneel.<\/span><\/li>\n<\/ol>\n<p><span style=\"font-size: 90%;\">Als je meer vocht nodig hebt, voeg dan nog een of twee spuitjes van een van onze Best Skin Evers of Libations Serums (Rose Glow, Soothsayer, Royal Rose, Sandalwood, Chocolate Karat of Open Sky) toe aan je vingertoppen en masseer het gezicht en de hals. Als je huid extra dorstig aanvoelt, zal een Libations Cr\u00e8me (Sundew, Rose Glow, All Seeing, of Maverick) voldoen.<\/span><\/p>\n<p><span style=\"font-size: 90%;\">Je kunt ook een druppel of twee van een van de serums toevoegen aan een beetje van een van de cr\u00e8mes. Ze passen allemaal prachtig bij elkaar.<\/span><\/p>\n<p><span style=\"font-size: 90%;\"><strong>Directions: Using Best Skin Ever on your Body after a Bath or Shower<\/strong><\/span><\/p>\n<ol>\n<li><span style=\"font-size: 90%;\">Laat het lichaam nat na een bad of douche.<\/span><\/li>\n<li><span style=\"font-size: 90%;\">Maak een washandje nat met water. Knijp het uit.<\/span><\/li>\n<li><span style=\"font-size: 90%;\">Breng een paar spuitjes aan op het natte washandje van een van de Best Skin Evers.<\/span><\/li>\n<li><span style=\"font-size: 90%;\">Masseer het hele lichaam met het washandje, van kop tot teen. Wrijf wat krachtiger om te scrubben<\/span><\/li>\n<\/ol>\n\t\t\n<style>\n#text-3252660763 {\n  font-size: 1rem;\n  line-height: 1.75;\n}\n<\/style>\n\t<\/div>\n\t\n\n\t\t<\/div>\n\t\t\t\t\n<style>\n#col-580999159 > .col-inner {\n  padding: 15px 15px 15px 15px;\n}\n<\/style>\n\t<\/div>\n\n\t\n\n\n<style>\n#row-812004478 > .col > .col-inner {\n  padding: 35px 50px 48px 44px;\n}\n<\/style>\n<\/div>\n\n\t\t<\/div>\n\n\t\t\n<style>\n#section_127385741 {\n  padding-top: 34px;\n  padding-bottom: 34px;\n  min-height: 300px;\n}\n<\/style>\n\t<\/section>\n\t\n<p><img decoding=\"async\" class=\"size-medium wp-image-68103 aligncenter\" src=\"https:\/\/dutchhealthstore.com\/wp-content\/uploads\/2018\/02\/Living-Libations-Organic-Logo-800x89.png\" alt=\"Living Libations - Organic Logo\" width=\"800\" height=\"89\" srcset=\"https:\/\/dutchhealthstore.com\/wp-content\/uploads\/2018\/02\/Living-Libations-Organic-Logo-800x89.png 800w, https:\/\/dutchhealthstore.com\/wp-content\/uploads\/2018\/02\/Living-Libations-Organic-Logo-510x57.png 510w, https:\/\/dutchhealthstore.com\/wp-content\/uploads\/2018\/02\/Living-Libations-Organic-Logo-768x85.png 768w, https:\/\/dutchhealthstore.com\/wp-content\/uploads\/2018\/02\/Living-Libations-Organic-Logo.png 1400w\" sizes=\"(max-width: 800px) 100vw, 800px\" \/><\/p>\n\t<div id=\"gap-2057297790\" class=\"gap-element clearfix\" style=\"display:block; height:auto;\">\n\t\t\n<style>\n#gap-2057297790 {\n  padding-top: 50px;\n}\n<\/style>\n\t<\/div>\n\t\n","protected":false},"excerpt":{"rendered":"<p>Verwen je droge huid en drenk je zintuigen in romige chocolade kasjmier met Living Libations <strong>Chocolate Best Skin Ever.<\/strong><\/p>\n<p>Hul je huid in de verrukkelijke decadentie van <strong>Chocolate Best Skin Ever<\/strong> voor een zoete traktatie voor je huid en zintuigen! Deze heerlijke, voedzame drank zit boordevol pure plantaardige ingredi\u00ebnten en verjongende essenti\u00eble oli\u00ebn. Doordrenk je huid met deze chocolade-vanille-velours confectie na het baden, zwemmen, zonnen of douchen. Het is ook heerlijk als massageolie.<\/p>\n<p>Laat chocolade zich als zijde om je lichaam wikkelen. Rauwe chocolade en vanille verzadigen romige kokosnoot en duindoornbessen en jojoba laten de huid wegkwijnen in gouden goedheid. Sprankelende plantenextracten schitteren als aromatische edelstenen in dit prachtige mengsel van pittige citroen-citrien, roos-kwartz rozenoranje en een Ylang-kus van gelukzaligheid.<\/p>\n","protected":false},"featured_media":197404,"comment_status":"open","ping_status":"closed","template":"","meta":[],"product_brand":[],"product_cat":[2992,1029,5830,5822,1500,1208,1006,2991,510],"product_tag":[6156,21389,9766,21390,4808],"class_list":{"0":"post-79241","1":"product","2":"type-product","3":"status-publish","4":"has-post-thumbnail","6":"product_cat-best-skin-ever-nl","7":"product_cat-categorieen","8":"product_cat-body-oil-nl-2","9":"product_cat-body-care-nl-3","10":"product_cat-lichaamsverzorging-living-libations","11":"product_cat-living-libations-nederland","12":"product_cat-merken","13":"product_cat-olien-lotions","14":"product_cat-shop-winkel","15":"product_tag-face-care-nl","16":"product_tag-lichaam","17":"product_tag-moisturizer-nl","18":"product_tag-reiniging","19":"product_tag-skin-nl","20":"pa_brand-livinglibations-nl","21":"pa_gtin-7439628320321-nl-2","22":"pa_size-30-ml-nl","23":"pa_size-50-ml-nl","24":"pa_size-100-ml-nl","26":"first","27":"instock","28":"taxable","29":"shipping-taxable","30":"purchasable","31":"product-type-variable"},"bundled_by":[],"bundle_stock_status":"instock","bundle_stock_quantity":null,"bundle_virtual":false,"bundle_layout":"","bundle_add_to_cart_form_location":"","bundle_editable_in_cart":false,"bundle_sold_individually_context":"","bundle_item_grouping":"","bundle_min_size":"","bundle_max_size":"","bundle_price":[],"bundled_items":[],"bundle_sell_ids":[105646],"atum_controlled":true,"out_stock_date":null,"out_stock_threshold":null,"inheritable":true,"stock_on_hold":2,"sold_today":0,"sales_last_days":1,"out_stock_days":0,"lost_sales":0,"update_date":"2026-04-09T07:29:24","atum_locations":[],"atum_stock_status":"instock","restock_status":false,"low_stock_amount":"","sales_update_date":"2026-04-09T07:29:24","calc_backorders":null,"group_of_quantity":0,"min_quantity":0,"max_quantity":"","exclude_order_quantity_value_rules":"no","exclude_category_quantity_rules":"no","combine_variations":"no","yoast_head":"<!-- This site is optimized with the Yoast SEO Premium plugin v26.5 (Yoast SEO v26.5) - https:\/\/yoast.com\/wordpress\/plugins\/seo\/ -->\n<title>Best Skin Ever Chocolate | Living Libations<\/title>\n<meta name=\"description\" content=\"Onze Chocolate Best Skin Ever is een sensuele, zijdezachte lichaamsolie, rijk aan lipiden die in het lichaam zinken als warme chocolade.\" \/>\n<meta name=\"robots\" content=\"index, follow, max-snippet:-1, max-image-preview:large, max-video-preview:-1\" \/>\n<link rel=\"canonical\" href=\"https:\/\/dutchhealthstore.com\/nl\/product\/best-skin-ever-chocolate\/\" \/>\n<meta property=\"og:locale\" content=\"nl_NL\" \/>\n<meta property=\"og:type\" content=\"article\" \/>\n<meta property=\"og:title\" content=\"Best Skin Ever - Chocolate - Dutch Health Store\" \/>\n<meta property=\"og:description\" content=\"Onze Chocolate Best Skin Ever is een sensuele, zijdezachte lichaamsolie, rijk aan lipiden die in het lichaam zinken als warme chocolade.\" \/>\n<meta property=\"og:url\" content=\"https:\/\/dutchhealthstore.com\/nl\/product\/best-skin-ever-chocolate\/\" \/>\n<meta property=\"og:site_name\" content=\"Dutch Health Store\" \/>\n<meta property=\"article:publisher\" content=\"https:\/\/www.instagram.com\/dutchhealthstore\/\" \/>\n<meta property=\"article:modified_time\" content=\"2026-02-15T08:16:38+00:00\" \/>\n<meta property=\"og:image\" content=\"https:\/\/dutchhealthstore.com\/wp-content\/uploads\/2018\/02\/bse-chocolate-100.jpg\" \/>\n\t<meta property=\"og:image:width\" content=\"500\" \/>\n\t<meta property=\"og:image:height\" content=\"500\" \/>\n\t<meta property=\"og:image:type\" content=\"image\/jpeg\" \/>\n<meta name=\"twitter:card\" content=\"summary_large_image\" \/>\n<meta name=\"twitter:label1\" content=\"Beschikbaarheid\" \/>\n\t<meta name=\"twitter:data1\" content=\"Op voorraad\" \/>\n<script type=\"application\/ld+json\" class=\"yoast-schema-graph\">{\"@context\":\"https:\/\/schema.org\",\"@graph\":[{\"@type\":\"WebPage\",\"@id\":\"https:\/\/dutchhealthstore.com\/nl\/product\/best-skin-ever-chocolate\/\",\"url\":\"https:\/\/dutchhealthstore.com\/nl\/product\/best-skin-ever-chocolate\/\",\"name\":\"Best Skin Ever Chocolate | Living Libations\",\"isPartOf\":{\"@id\":\"https:\/\/dutchhealthstore.com\/nl\/#website\"},\"primaryImageOfPage\":{\"@id\":\"https:\/\/dutchhealthstore.com\/nl\/product\/best-skin-ever-chocolate\/#primaryimage\"},\"image\":{\"@id\":\"https:\/\/dutchhealthstore.com\/nl\/product\/best-skin-ever-chocolate\/#primaryimage\"},\"thumbnailUrl\":\"https:\/\/dutchhealthstore.com\/wp-content\/uploads\/2018\/02\/bse-chocolate-100.jpg\",\"datePublished\":\"2018-02-10T19:37:15+00:00\",\"dateModified\":\"2026-02-15T08:16:38+00:00\",\"description\":\"Onze Chocolate Best Skin Ever is een sensuele, zijdezachte lichaamsolie, rijk aan lipiden die in het lichaam zinken als warme chocolade.\",\"breadcrumb\":{\"@id\":\"https:\/\/dutchhealthstore.com\/nl\/product\/best-skin-ever-chocolate\/#breadcrumb\"},\"inLanguage\":\"nl-NL\",\"potentialAction\":[{\"@type\":\"ReadAction\",\"target\":[\"https:\/\/dutchhealthstore.com\/nl\/product\/best-skin-ever-chocolate\/\"]}]},{\"@type\":\"ImageObject\",\"inLanguage\":\"nl-NL\",\"@id\":\"https:\/\/dutchhealthstore.com\/nl\/product\/best-skin-ever-chocolate\/#primaryimage\",\"url\":\"https:\/\/dutchhealthstore.com\/wp-content\/uploads\/2018\/02\/bse-chocolate-100.jpg\",\"contentUrl\":\"https:\/\/dutchhealthstore.com\/wp-content\/uploads\/2018\/02\/bse-chocolate-100.jpg\",\"width\":500,\"height\":500,\"caption\":\"bse chocolate 100\"},{\"@type\":\"BreadcrumbList\",\"@id\":\"https:\/\/dutchhealthstore.com\/nl\/product\/best-skin-ever-chocolate\/#breadcrumb\",\"itemListElement\":[{\"@type\":\"ListItem\",\"position\":1,\"name\":\"Home\",\"item\":\"https:\/\/dutchhealthstore.com\/nl\/\"},{\"@type\":\"ListItem\",\"position\":2,\"name\":\"Shop\",\"item\":\"https:\/\/dutchhealthstore.com\/nl\/shop\/\"},{\"@type\":\"ListItem\",\"position\":3,\"name\":\"Best Skin Ever &#8211; Chocolate\"}]},{\"@type\":\"WebSite\",\"@id\":\"https:\/\/dutchhealthstore.com\/nl\/#website\",\"url\":\"https:\/\/dutchhealthstore.com\/nl\/\",\"name\":\"Dutch Health Store\",\"description\":\"Enhance Your Beauty with Organic &amp; Natural Skincare\",\"publisher\":{\"@id\":\"https:\/\/dutchhealthstore.com\/nl\/#organization\"},\"potentialAction\":[{\"@type\":\"SearchAction\",\"target\":{\"@type\":\"EntryPoint\",\"urlTemplate\":\"https:\/\/dutchhealthstore.com\/nl\/?s={search_term_string}\"},\"query-input\":{\"@type\":\"PropertyValueSpecification\",\"valueRequired\":true,\"valueName\":\"search_term_string\"}}],\"inLanguage\":\"nl-NL\"},{\"@type\":\"Organization\",\"@id\":\"https:\/\/dutchhealthstore.com\/nl\/#organization\",\"name\":\"Dutch Health Store\",\"url\":\"https:\/\/dutchhealthstore.com\/nl\/\",\"logo\":{\"@type\":\"ImageObject\",\"inLanguage\":\"nl-NL\",\"@id\":\"https:\/\/dutchhealthstore.com\/nl\/#\/schema\/logo\/image\/\",\"url\":\"https:\/\/dutchhealthstore.com\/wp-content\/uploads\/2020\/08\/logo-dutchhealthstore-jpg-e1599484957574.jpg\",\"contentUrl\":\"https:\/\/dutchhealthstore.com\/wp-content\/uploads\/2020\/08\/logo-dutchhealthstore-jpg-e1599484957574.jpg\",\"width\":400,\"height\":62,\"caption\":\"Dutch Health Store\"},\"image\":{\"@id\":\"https:\/\/dutchhealthstore.com\/nl\/#\/schema\/logo\/image\/\"},\"sameAs\":[\"https:\/\/www.instagram.com\/dutchhealthstore\/\",\"https:\/\/www.facebook.com\/dutchhealthstore\"]}]}<\/script>\n<meta property=\"product:brand\" content=\"Living Libations\" \/>\n<meta property=\"og:availability\" content=\"instock\" \/>\n<meta property=\"product:availability\" content=\"instock\" \/>\n<meta property=\"product:condition\" content=\"new\" \/>\n<!-- \/ Yoast SEO Premium plugin. -->","yoast_head_json":{"title":"Best Skin Ever Chocolate | Living Libations","description":"Onze Chocolate Best Skin Ever is een sensuele, zijdezachte lichaamsolie, rijk aan lipiden die in het lichaam zinken als warme chocolade.","robots":{"index":"index","follow":"follow","max-snippet":"max-snippet:-1","max-image-preview":"max-image-preview:large","max-video-preview":"max-video-preview:-1"},"canonical":"https:\/\/dutchhealthstore.com\/nl\/product\/best-skin-ever-chocolate\/","og_locale":"nl_NL","og_type":"article","og_title":"Best Skin Ever - Chocolate - Dutch Health Store","og_description":"Onze Chocolate Best Skin Ever is een sensuele, zijdezachte lichaamsolie, rijk aan lipiden die in het lichaam zinken als warme chocolade.","og_url":"https:\/\/dutchhealthstore.com\/nl\/product\/best-skin-ever-chocolate\/","og_site_name":"Dutch Health Store","article_publisher":"https:\/\/www.instagram.com\/dutchhealthstore\/","article_modified_time":"2026-02-15T08:16:38+00:00","og_image":[{"width":500,"height":500,"url":"https:\/\/dutchhealthstore.com\/wp-content\/uploads\/2018\/02\/bse-chocolate-100.jpg","type":"image\/jpeg"}],"twitter_card":"summary_large_image","twitter_misc":{"Beschikbaarheid":"Op voorraad"},"schema":{"@context":"https:\/\/schema.org","@graph":[{"@type":"WebPage","@id":"https:\/\/dutchhealthstore.com\/nl\/product\/best-skin-ever-chocolate\/","url":"https:\/\/dutchhealthstore.com\/nl\/product\/best-skin-ever-chocolate\/","name":"Best Skin Ever Chocolate | Living Libations","isPartOf":{"@id":"https:\/\/dutchhealthstore.com\/nl\/#website"},"primaryImageOfPage":{"@id":"https:\/\/dutchhealthstore.com\/nl\/product\/best-skin-ever-chocolate\/#primaryimage"},"image":{"@id":"https:\/\/dutchhealthstore.com\/nl\/product\/best-skin-ever-chocolate\/#primaryimage"},"thumbnailUrl":"https:\/\/dutchhealthstore.com\/wp-content\/uploads\/2018\/02\/bse-chocolate-100.jpg","datePublished":"2018-02-10T19:37:15+00:00","dateModified":"2026-02-15T08:16:38+00:00","description":"Onze Chocolate Best Skin Ever is een sensuele, zijdezachte lichaamsolie, rijk aan lipiden die in het lichaam zinken als warme chocolade.","breadcrumb":{"@id":"https:\/\/dutchhealthstore.com\/nl\/product\/best-skin-ever-chocolate\/#breadcrumb"},"inLanguage":"nl-NL","potentialAction":[{"@type":"ReadAction","target":["https:\/\/dutchhealthstore.com\/nl\/product\/best-skin-ever-chocolate\/"]}]},{"@type":"ImageObject","inLanguage":"nl-NL","@id":"https:\/\/dutchhealthstore.com\/nl\/product\/best-skin-ever-chocolate\/#primaryimage","url":"https:\/\/dutchhealthstore.com\/wp-content\/uploads\/2018\/02\/bse-chocolate-100.jpg","contentUrl":"https:\/\/dutchhealthstore.com\/wp-content\/uploads\/2018\/02\/bse-chocolate-100.jpg","width":500,"height":500,"caption":"bse chocolate 100"},{"@type":"BreadcrumbList","@id":"https:\/\/dutchhealthstore.com\/nl\/product\/best-skin-ever-chocolate\/#breadcrumb","itemListElement":[{"@type":"ListItem","position":1,"name":"Home","item":"https:\/\/dutchhealthstore.com\/nl\/"},{"@type":"ListItem","position":2,"name":"Shop","item":"https:\/\/dutchhealthstore.com\/nl\/shop\/"},{"@type":"ListItem","position":3,"name":"Best Skin Ever &#8211; Chocolate"}]},{"@type":"WebSite","@id":"https:\/\/dutchhealthstore.com\/nl\/#website","url":"https:\/\/dutchhealthstore.com\/nl\/","name":"Dutch Health Store","description":"Enhance Your Beauty with Organic &amp; Natural Skincare","publisher":{"@id":"https:\/\/dutchhealthstore.com\/nl\/#organization"},"potentialAction":[{"@type":"SearchAction","target":{"@type":"EntryPoint","urlTemplate":"https:\/\/dutchhealthstore.com\/nl\/?s={search_term_string}"},"query-input":{"@type":"PropertyValueSpecification","valueRequired":true,"valueName":"search_term_string"}}],"inLanguage":"nl-NL"},{"@type":"Organization","@id":"https:\/\/dutchhealthstore.com\/nl\/#organization","name":"Dutch Health Store","url":"https:\/\/dutchhealthstore.com\/nl\/","logo":{"@type":"ImageObject","inLanguage":"nl-NL","@id":"https:\/\/dutchhealthstore.com\/nl\/#\/schema\/logo\/image\/","url":"https:\/\/dutchhealthstore.com\/wp-content\/uploads\/2020\/08\/logo-dutchhealthstore-jpg-e1599484957574.jpg","contentUrl":"https:\/\/dutchhealthstore.com\/wp-content\/uploads\/2020\/08\/logo-dutchhealthstore-jpg-e1599484957574.jpg","width":400,"height":62,"caption":"Dutch Health Store"},"image":{"@id":"https:\/\/dutchhealthstore.com\/nl\/#\/schema\/logo\/image\/"},"sameAs":["https:\/\/www.instagram.com\/dutchhealthstore\/","https:\/\/www.facebook.com\/dutchhealthstore"]}]},"product_brand":"Living Libations","og_availability":"instock","product_availability":"instock","product_condition":"new"},"_links":{"self":[{"href":"https:\/\/dutchhealthstore.com\/nl\/wp-json\/wp\/v2\/product\/79241","targetHints":{"allow":["GET"]}}],"collection":[{"href":"https:\/\/dutchhealthstore.com\/nl\/wp-json\/wp\/v2\/product"}],"about":[{"href":"https:\/\/dutchhealthstore.com\/nl\/wp-json\/wp\/v2\/types\/product"}],"replies":[{"embeddable":true,"href":"https:\/\/dutchhealthstore.com\/nl\/wp-json\/wp\/v2\/comments?post=79241"}],"wp:featuredmedia":[{"embeddable":true,"href":"https:\/\/dutchhealthstore.com\/nl\/wp-json\/wp\/v2\/media\/197404"}],"wp:attachment":[{"href":"https:\/\/dutchhealthstore.com\/nl\/wp-json\/wp\/v2\/media?parent=79241"}],"wp:term":[{"taxonomy":"product_brand","embeddable":true,"href":"https:\/\/dutchhealthstore.com\/nl\/wp-json\/wp\/v2\/product_brand?post=79241"},{"taxonomy":"product_cat","embeddable":true,"href":"https:\/\/dutchhealthstore.com\/nl\/wp-json\/wp\/v2\/product_cat?post=79241"},{"taxonomy":"product_tag","embeddable":true,"href":"https:\/\/dutchhealthstore.com\/nl\/wp-json\/wp\/v2\/product_tag?post=79241"}],"curies":[{"name":"wp","href":"https:\/\/api.w.org\/{rel}","templated":true}]}}