{"id":78133,"date":"2018-02-10T19:28:26","date_gmt":"2018-02-10T18:28:26","guid":{"rendered":"https:\/\/dutchhealthstore.com\/product\/best-skin-ever-lavish-abundance\/"},"modified":"2025-09-26T14:13:30","modified_gmt":"2025-09-26T12:13:30","slug":"best-skin-ever-lavish-abundance-2","status":"publish","type":"product","link":"https:\/\/dutchhealthstore.com\/nl\/product\/best-skin-ever-lavish-abundance-2\/","title":{"rendered":"Best Skin Ever &#8211; Lavish Abundance"},"content":{"rendered":"<p><img decoding=\"async\" class=\"alignright size-full wp-image-37041\" src=\"https:\/\/dutchhealthstore.com\/wp-content\/uploads\/2018\/04\/Living_Libations-1.png\" alt=\"Organic &amp; Natural Beautyproducts - Living Libations\" width=\"175\" height=\"82\"><\/p>\n<p style=\"text-align: center;\"><em>&#8220;&#8230;Bijenbloemen bloeiden in overvloed.&#8221;<\/em><br \/>\n~ John Muir<\/p>\n<p>Deze alles-in-\u00e9\u00e9n reiniger, scrub en moisturizer is een verrukkelijke massageolie om aan te brengen na het baden of het wassen van je gezicht. Deze extravagante fles pure lipide-luxe inspireert de huid om op haar best te zijn. Laat uw huid genieten van de zijdezachte, weelderige elegantie van de overvloedige natuur.<\/p>\n<p>Liquid-luxe voedt en inspireert de huid en ziel om te stralen met de goddelijke maneschijn van nachtbloeiende jasmijnbloemen en sensueel zoete vanillebonen die zijn gedrenkt in de romigste kokosolie voor een prikkelende, aromatische retraite voor het hele lichaam. In deze overvloedige creatie wordt huidminnende duindoorn gebruikt om de huid te egaliseren, gouden jojoba balanceert de olieproductie en hydrateert, heerlijke lavendelolie verzacht en kalmeert en levendige linde verstevigt en zuivert.<\/p>\n<h3 class=\"yikes-custom-woo-tab-title yikes-custom-woo-tab-title-natural-organic-ingredients\">Natuurlijke\/Biologische Ingredi\u00ebnten<\/h3>\n<p><strong>Jojoba-olie<\/strong> <em>(Simmondsia chinensis)<\/em> &#8211; Glorieuze, gouden jojoba voedt en verzorgt de dorstige huid. Jojoba heeft een onge\u00ebvenaard vermogen om de huid te hydrateren, de olieproductie in balans te brengen, de pori\u00ebn diep te reinigen en een langdurige conditionerende werking te cre\u00ebren die de huid verzacht tot perfecte zijde. Het zit boordevol peptiden en lipiden en bevat de hoogste niveaus van fenolische verbindingen die in de natuur voorkomen, samen met antioxidanten en alle oplosbare vormen van vitamine E.<\/p>\n<p><strong>Virgin Coconut Oil <\/strong><em>(Cocos Nucifera)<\/em> &#8211; Onze pure, ongerepte virgin kokosolie verzadigt de huid en biedt een prachtige hydratatie en veerkracht.<br \/>\nKokosolie verzacht fijne lijntjes en rimpels en beschermt de vochtbarri\u00e8re van de huid.<\/p>\n<p><strong>Verse jasmijnbloemen in Virgin Coconut Oil <\/strong><em>(Jasminum grandiflorum + Cocos nucifera)<\/em> &#8211; Vers geplukte jasmijnbloemen bij zonsopgang worden geweekt in virgin kokosolie voor een paar manen zodat de zwoele geur van de nachtbloeiende jasmijn de olie kan verzadigen. Het betoverende aroma van jasmijn wordt al eeuwenlang gekoesterd als schoonheidsolie. Het helpt de elasticiteit en een stralende huid te bevorderen.<\/p>\n<p><strong>Verse Vanillebonen in Virgin Coconut Oil <\/strong><em>(Vanilla Planifolia + Cocos Nucifera)<\/em> &#8211; Deze voedende, niet-comedogene olie is een romige, dromerige traktatie van je hoofd tot aan je voeten! Virgin kokosolie is rijk en hydraterend voor de huid. De gemakkelijke absorptie helpt rimpels te verminderen en de elasticiteit te bevorderen. Coconut oil is also used to eradicate free radicals and protect the skin from damage.<\/p>\n<p><strong>Subkritisch extract van duindoornbes <\/strong><em>(Hippophae rhamnoides)<\/em> &#8211; Onze exclusieve superkritische extractie van duindoorn brengt de lipiden diep in de huid en vermindert onevenwichtigheden van binnenuit. Dit superkritische extract zit boordevol omega vetzuren 3, 6, 7 en 9, antioxidanten, vitamine, palmitole\u00efnezuren, caroteno\u00efden en fytosterolen.<br \/>\nEen enkele druppel duindoornolie bevat 190 verschillende bioactieve stoffen. Deze helder oranje essence is ongelooflijk regenererend en huidzuiverend &#8211; het verlicht roodheid en vermindert wallen. Duindoorn is een uitstekende toevoeging aan reinigingsmiddelen tegen acne. Het helpt de huid te harmoniseren met de zon.<\/p>\n<p><strong>Lavendelolie<\/strong> <em>(Lavandula angustifolia)<\/em> &#8211; Heerlijke lavendel is een zachte maar krachtige huidversterker die herstellend en kalmerend werkt. Het ontspant roodheid en koelt verhit af.<br \/>\nLavendel kan worden gebruikt om het uiterlijk van littekens te verbeteren, de huidtint te egaliseren, acne te verzachten en het talggehalte van de huid in evenwicht te brengen.<\/p>\n<p><strong>Limoenolie <\/strong><em>(Citrus aurantiifolia)<\/em> &#8211; Luminerende limoen zorgt voor een prikkelende tinteling die de lichtheid van dit weldadige lichaamsmengsel opheft. De essence van limoen verstevigt en maakt de huid strakker. Het aroma van limoen laat afleiding wegvallen en de weg naar waardering wordt kristalhelder.<\/p>\n\n\t<section class=\"section\" id=\"section_1227897406\">\n\t\t<div class=\"section-bg fill\" >\n\t\t\t\t\t\t\t\t\t\n\t\t\t\n\t<div class=\"is-border\"\n\t\tstyle=\"border-color:rgb(235, 235, 235);border-width:0px 0px 0px 0px;\">\n\t<\/div>\n\n\t\t<\/div>\n\n\t\t\n\n\t\t<div class=\"section-content relative\">\n\t\t\t\n\n<div class=\"row row-small align-center\"  id=\"row-2041975577\">\n\n\n\t<div id=\"col-1294187653\" class=\"col medium-7 small-12 large-7\"  >\n\t\t\t\t<div class=\"col-inner text-center\"  >\n\t\t\t\n\t\t\t\n\n\t<div class=\"img has-hover x md-x lg-x y md-y lg-y\" id=\"image_816019347\">\n\t\t\t\t\t\t\t\t<div class=\"img-inner dark\" >\n\t\t\t<img fetchpriority=\"high\" decoding=\"async\" width=\"442\" height=\"131\" src=\"https:\/\/dutchhealthstore.com\/wp-content\/uploads\/2020\/09\/logo_2_442x.png\" class=\"attachment-original size-original\" alt=\"\" \/>\t\t\t\t\t\t\n\t\t\t\t\t<\/div>\n\t\t\t\t\t\t\t\t\n<style>\n#image_816019347 {\n  width: 58%;\n}\n<\/style>\n\t<\/div>\n\t\n\n\t<div id=\"gap-1892467339\" class=\"gap-element clearfix\" style=\"display:block; height:auto;\">\n\t\t\n<style>\n#gap-1892467339 {\n  padding-top: 50px;\n}\n<\/style>\n\t<\/div>\n\t\n\n<h2 style=\"text-align: center;\">How to Use Our Best Skin Evers<\/h2>\n<p style=\"text-align: center;\">Our Best Skin Evers renew the face and bedew the body and with grace. These all-in-one botanical blends cleanse, moisturize, and nourish the skin. Best Skin Evers are crafted to bring into balance all skin types.<\/p>\n<p style=\"text-align: center;\">Washing the face with pure pressed plant oils is an ancient Ayurvedic and gracious gypsy method to cleanse and gently exfoliate the skin. Nadine designed the Best Skin Evers to be your finest bathing and beauty aide. These oils plus water and a cloth are the simple essentials to cleanse, exfoliate, moisten and bedew.<\/p>\n<h2 style=\"text-align: center;\">Colder Temperature &amp; The Best Skin Evers<\/h2>\n<p>We get almost daily questions about the <a href=\"\/?product_cat=best-skin-ever-2\">Best Skin Evers<\/a>\u00a0and \"bits\" floating in it. I have discussed this before but am more than happy to do it again. The bits you see are pieces of coconut oil. <a href=\"\/?product_cat=best-skin-ever-2\">The Best Skin Evers<\/a> contain coconut oil and this oil (like many others, for that matter) becomes firmer\/harder as the temperature drops. For example; I have a jar of coconut oil in the kitchen drawer at home that is spreadable but definitely not liquid!<\/p>\n<p>We get these bottles delivered this way and it makes sense because on the way on the plane, in the cargo hold, it's cold, in our warehouse it's very cool and dark, so the coconut oil never gets to a point where it can melt.<br \/>And maybe you've experienced it yourself when you've put a bottle, for preservation, in the fridge. Then you can see almost the entire bottle \"solidify\" in a short time.<\/p>\n<p>Fortunately, there is a very simple, effective solution to this; put the bottle in (hand) warm water and the coconut oil (but Tamanu can also cause this problem) will melt. Shake well and it's ready to use!<\/p>\n<p>Pay attention to the pump as well, because you may have tried to use the product and there is also solidified coconut oil in the pump. You can reopen this by putting it in warm water for a while, drying it well and it is ready to use again.<br \/>A bit of work, but yes, it is thanks to the absence of preservatives! And that's a very nice thought then \ud83d\ude09<\/p>\n\t<div id=\"gap-1585132330\" class=\"gap-element clearfix hide-for-small\" style=\"display:block; height:auto;\">\n\t\t\n<style>\n#gap-1585132330 {\n  padding-top: 50px;\n}\n<\/style>\n\t<\/div>\n\t\n\n\n\t\t<\/div>\n\t\t\t\t\t<\/div>\n\n\t\n\n\t<div id=\"col-556995049\" class=\"col medium-5 small-12 large-5\"  >\n\t\t\t\t<div class=\"col-inner box-shadow-2 box-shadow-5-hover\" style=\"background-color:rgb(255, 255, 255);\" >\n\t\t\t\n\t\t\t\n\n\t<div id=\"text-1175192514\" class=\"text\">\n\t\t\n\n<p><span style=\"font-size: 90%;\"><strong>Directions: Washing\/Cleansing your Face with Best Skin Ever<\/strong><\/span><\/p>\n<ol>\n<li><span style=\"font-size: 90%;\">Maak een klein deel van een doek nat met water.<\/span><\/li>\n<li><span style=\"font-size: 90%;\">Breng een tot twee druppels van een van de Best Skin Evers aan op het vochtige gedeelte van het gezichtsdoekje.<\/span><\/li>\n<li><span style=\"font-size: 90%;\">Gently massage the face, neck and back of the neck with the moistened cloth. Wash gently or wash vigorously for a deeper exfoliating effect. Het gezicht spoelen is optioneel.<\/span><\/li>\n<\/ol>\n<p><span style=\"font-size: 90%;\">Als je meer vocht nodig hebt, voeg dan nog een of twee spuitjes van een van onze Best Skin Evers of Libations Serums (Rose Glow, Soothsayer, Royal Rose, Sandalwood, Chocolate Karat of Open Sky) toe aan je vingertoppen en masseer het gezicht en de hals. Als je huid extra dorstig aanvoelt, zal een Libations Cr\u00e8me (Sundew, Rose Glow, All Seeing, of Maverick) voldoen.<\/span><\/p>\n<p><span style=\"font-size: 90%;\">Je kunt ook een druppel of twee van een van de serums toevoegen aan een beetje van een van de cr\u00e8mes. Ze passen allemaal prachtig bij elkaar.<\/span><\/p>\n<p><span style=\"font-size: 90%;\"><strong>Directions: Using Best Skin Ever on your Body after a Bath or Shower<\/strong><\/span><\/p>\n<ol>\n<li><span style=\"font-size: 90%;\">Laat het lichaam nat na een bad of douche.<\/span><\/li>\n<li><span style=\"font-size: 90%;\">Maak een washandje nat met water. Knijp het uit.<\/span><\/li>\n<li><span style=\"font-size: 90%;\">Breng een paar spuitjes aan op het natte washandje van een van de Best Skin Evers.<\/span><\/li>\n<li><span style=\"font-size: 90%;\">Masseer het hele lichaam met het washandje, van kop tot teen. Wrijf wat krachtiger om te scrubben<\/span><\/li>\n<\/ol>\n\t\t\n<style>\n#text-1175192514 {\n  font-size: 1rem;\n  line-height: 1.75;\n}\n<\/style>\n\t<\/div>\n\t\n\n\t\t<\/div>\n\t\t\t\t\n<style>\n#col-556995049 > .col-inner {\n  padding: 15px 15px 15px 15px;\n}\n<\/style>\n\t<\/div>\n\n\t\n\n\n<style>\n#row-2041975577 > .col > .col-inner {\n  padding: 35px 50px 48px 44px;\n}\n<\/style>\n<\/div>\n\n\t\t<\/div>\n\n\t\t\n<style>\n#section_1227897406 {\n  padding-top: 34px;\n  padding-bottom: 34px;\n  min-height: 300px;\n}\n<\/style>\n\t<\/section>\n\t\n<p><img decoding=\"async\" class=\"size-medium wp-image-68103 aligncenter\" src=\"https:\/\/dutchhealthstore.com\/wp-content\/uploads\/2018\/02\/Living-Libations-Organic-Logo-800x89.png\" alt=\"Living Libations - Organic Logo\" width=\"800\" height=\"89\" srcset=\"https:\/\/dutchhealthstore.com\/wp-content\/uploads\/2018\/02\/Living-Libations-Organic-Logo-800x89.png 800w, https:\/\/dutchhealthstore.com\/wp-content\/uploads\/2018\/02\/Living-Libations-Organic-Logo-510x57.png 510w, https:\/\/dutchhealthstore.com\/wp-content\/uploads\/2018\/02\/Living-Libations-Organic-Logo-768x85.png 768w, https:\/\/dutchhealthstore.com\/wp-content\/uploads\/2018\/02\/Living-Libations-Organic-Logo.png 1400w\" sizes=\"(max-width: 800px) 100vw, 800px\" \/><\/p>\n\t<div id=\"gap-476328311\" class=\"gap-element clearfix\" style=\"display:block; height:auto;\">\n\t\t\n<style>\n#gap-476328311 {\n  padding-top: 50px;\n}\n<\/style>\n\t<\/div>\n\t\n","protected":false},"excerpt":{"rendered":"<p><strong>Lavish Abundance Best Skin Ever<\/strong> is een overvloed aan schoonheid die wacht om uw lichaam te zegenen. Nodig de overvloed van paradijselijke plantaardige perfectie uit om elke centimeter van de huid te smeren.<\/p>\n<p>&nbsp;<\/p>\n","protected":false},"featured_media":55537,"comment_status":"open","ping_status":"closed","template":"","meta":[],"product_brand":[],"product_cat":[14731,2992,6365,1029,5682,5035,2990,5681,5039,5641,5621,2989,5830,5822,1500,1208,1006,5640,5644,5040,5623,2991,5005,510],"product_tag":[6156,21389,9766,21390,4808],"class_list":{"0":"post-78133","1":"product","2":"type-product","3":"status-publish","4":"has-post-thumbnail","6":"product_cat-huidverzorging","7":"product_cat-best-skin-ever-nl","8":"product_cat-body-wash-nl","9":"product_cat-categorieen","10":"product_cat-cleansers-nl-3","11":"product_cat-cleansers-nl-9","12":"product_cat-cleansers-nl-8","13":"product_cat-cleansers-nl-2","14":"product_cat-dry-mature-ageing-skin-nl-7","15":"product_cat-dry-mature-ageing-skin-nl-3","16":"product_cat-dry-mature-ageing-skin-nl-4","17":"product_cat-gezicht","18":"product_cat-body-oil-nl-2","19":"product_cat-body-care-nl-3","20":"product_cat-lichaamsverzorging-living-libations","21":"product_cat-living-libations-nederland","22":"product_cat-merken","23":"product_cat-moisturizers-nl-7","24":"product_cat-moisturizers-nl","25":"product_cat-normal-or-combination-skin-nl-7","26":"product_cat-normal-or-combination-skin-nl","27":"product_cat-olien-lotions","28":"product_cat-by-skin-type","29":"product_cat-shop-winkel","30":"product_tag-face-care-nl","31":"product_tag-lichaam","32":"product_tag-moisturizer-nl","33":"product_tag-reiniging","34":"product_tag-skin-nl","35":"pa_brand-livinglibations-nl","36":"pa_gtin-7439628320369-nl-2","37":"pa_size-30-ml-nl","38":"pa_size-50-ml-nl","39":"pa_size-100-ml-nl","40":"pa_skincare-type-cleansers-nl","41":"pa_skincare-type-moisturizers-nl","42":"pa_skintype-dry-mature-ageing-skin-nl","43":"pa_skintype-normal-combination-skin-nl","45":"first","46":"instock","47":"taxable","48":"shipping-taxable","49":"purchasable","50":"product-type-variable"},"bundled_by":[],"bundle_stock_status":"instock","bundle_stock_quantity":null,"bundle_virtual":false,"bundle_layout":"","bundle_add_to_cart_form_location":"","bundle_editable_in_cart":false,"bundle_sold_individually_context":"","bundle_item_grouping":"","bundle_min_size":"","bundle_max_size":"","bundle_price":[],"bundled_items":[],"bundle_sell_ids":[230769],"atum_controlled":true,"out_stock_date":null,"out_stock_threshold":null,"inheritable":true,"stock_on_hold":6,"sold_today":0,"sales_last_days":1,"out_stock_days":0,"lost_sales":0,"update_date":"2026-04-09T07:29:24","atum_locations":[],"atum_stock_status":"instock","restock_status":false,"low_stock_amount":"","sales_update_date":"2026-04-09T07:29:24","calc_backorders":null,"group_of_quantity":0,"min_quantity":0,"max_quantity":"","exclude_order_quantity_value_rules":"no","exclude_category_quantity_rules":"no","combine_variations":"no","yoast_head":"<!-- This site is optimized with the Yoast SEO Premium plugin v26.5 (Yoast SEO v26.5) - https:\/\/yoast.com\/wordpress\/plugins\/seo\/ -->\n<title>Best Skin Ever Lavish Abundance | Living Libations<\/title>\n<meta name=\"description\" content=\"Lavish Abundance Best Skin Ever is een overvloed aan schoonheid die wacht om uw lichaam te zegenen.\" \/>\n<meta name=\"robots\" content=\"index, follow, max-snippet:-1, max-image-preview:large, max-video-preview:-1\" \/>\n<link rel=\"canonical\" href=\"https:\/\/dutchhealthstore.com\/nl\/product\/best-skin-ever-lavish-abundance-2\/\" \/>\n<meta property=\"og:locale\" content=\"nl_NL\" \/>\n<meta property=\"og:type\" content=\"article\" \/>\n<meta property=\"og:title\" content=\"Best Skin Ever - Lavish Abundance - Dutch Health Store\" \/>\n<meta property=\"og:description\" content=\"Lavish Abundance Best Skin Ever is een overvloed aan schoonheid die wacht om uw lichaam te zegenen.\" \/>\n<meta property=\"og:url\" content=\"https:\/\/dutchhealthstore.com\/nl\/product\/best-skin-ever-lavish-abundance-2\/\" \/>\n<meta property=\"og:site_name\" content=\"Dutch Health Store\" \/>\n<meta property=\"article:publisher\" content=\"https:\/\/www.instagram.com\/dutchhealthstore\/\" \/>\n<meta property=\"article:modified_time\" content=\"2025-09-26T12:13:30+00:00\" \/>\n<meta property=\"og:image\" content=\"https:\/\/dutchhealthstore.com\/wp-content\/uploads\/2018\/02\/Best-Skin-Ever-Lavish-Abundance-Living-Libations-50-ml.jpg\" \/>\n\t<meta property=\"og:image:width\" content=\"1200\" \/>\n\t<meta property=\"og:image:height\" content=\"1200\" \/>\n\t<meta property=\"og:image:type\" content=\"image\/jpeg\" \/>\n<meta name=\"twitter:card\" content=\"summary_large_image\" \/>\n<meta name=\"twitter:label1\" content=\"Beschikbaarheid\" \/>\n\t<meta name=\"twitter:data1\" content=\"Op voorraad\" \/>\n<script type=\"application\/ld+json\" class=\"yoast-schema-graph\">{\"@context\":\"https:\/\/schema.org\",\"@graph\":[{\"@type\":\"WebPage\",\"@id\":\"https:\/\/dutchhealthstore.com\/nl\/product\/best-skin-ever-lavish-abundance-2\/\",\"url\":\"https:\/\/dutchhealthstore.com\/nl\/product\/best-skin-ever-lavish-abundance-2\/\",\"name\":\"Best Skin Ever Lavish Abundance | Living Libations\",\"isPartOf\":{\"@id\":\"https:\/\/dutchhealthstore.com\/nl\/#website\"},\"primaryImageOfPage\":{\"@id\":\"https:\/\/dutchhealthstore.com\/nl\/product\/best-skin-ever-lavish-abundance-2\/#primaryimage\"},\"image\":{\"@id\":\"https:\/\/dutchhealthstore.com\/nl\/product\/best-skin-ever-lavish-abundance-2\/#primaryimage\"},\"thumbnailUrl\":\"https:\/\/dutchhealthstore.com\/wp-content\/uploads\/2018\/02\/Best-Skin-Ever-Lavish-Abundance-Living-Libations-50-ml.jpg\",\"datePublished\":\"2018-02-10T18:28:26+00:00\",\"dateModified\":\"2025-09-26T12:13:30+00:00\",\"description\":\"Lavish Abundance Best Skin Ever is een overvloed aan schoonheid die wacht om uw lichaam te zegenen.\",\"breadcrumb\":{\"@id\":\"https:\/\/dutchhealthstore.com\/nl\/product\/best-skin-ever-lavish-abundance-2\/#breadcrumb\"},\"inLanguage\":\"nl-NL\",\"potentialAction\":[{\"@type\":\"ReadAction\",\"target\":[\"https:\/\/dutchhealthstore.com\/nl\/product\/best-skin-ever-lavish-abundance-2\/\"]}]},{\"@type\":\"ImageObject\",\"inLanguage\":\"nl-NL\",\"@id\":\"https:\/\/dutchhealthstore.com\/nl\/product\/best-skin-ever-lavish-abundance-2\/#primaryimage\",\"url\":\"https:\/\/dutchhealthstore.com\/wp-content\/uploads\/2018\/02\/Best-Skin-Ever-Lavish-Abundance-Living-Libations-50-ml.jpg\",\"contentUrl\":\"https:\/\/dutchhealthstore.com\/wp-content\/uploads\/2018\/02\/Best-Skin-Ever-Lavish-Abundance-Living-Libations-50-ml.jpg\",\"width\":1200,\"height\":1200,\"caption\":\"Best Skin Ever Lavish Abundance - Living Libations\"},{\"@type\":\"BreadcrumbList\",\"@id\":\"https:\/\/dutchhealthstore.com\/nl\/product\/best-skin-ever-lavish-abundance-2\/#breadcrumb\",\"itemListElement\":[{\"@type\":\"ListItem\",\"position\":1,\"name\":\"Home\",\"item\":\"https:\/\/dutchhealthstore.com\/nl\/\"},{\"@type\":\"ListItem\",\"position\":2,\"name\":\"Shop\",\"item\":\"https:\/\/dutchhealthstore.com\/nl\/shop\/\"},{\"@type\":\"ListItem\",\"position\":3,\"name\":\"Best Skin Ever &#8211; Lavish Abundance\"}]},{\"@type\":\"WebSite\",\"@id\":\"https:\/\/dutchhealthstore.com\/nl\/#website\",\"url\":\"https:\/\/dutchhealthstore.com\/nl\/\",\"name\":\"Dutch Health Store\",\"description\":\"Enhance Your Beauty with Organic &amp; Natural Skincare\",\"publisher\":{\"@id\":\"https:\/\/dutchhealthstore.com\/nl\/#organization\"},\"potentialAction\":[{\"@type\":\"SearchAction\",\"target\":{\"@type\":\"EntryPoint\",\"urlTemplate\":\"https:\/\/dutchhealthstore.com\/nl\/?s={search_term_string}\"},\"query-input\":{\"@type\":\"PropertyValueSpecification\",\"valueRequired\":true,\"valueName\":\"search_term_string\"}}],\"inLanguage\":\"nl-NL\"},{\"@type\":\"Organization\",\"@id\":\"https:\/\/dutchhealthstore.com\/nl\/#organization\",\"name\":\"Dutch Health Store\",\"url\":\"https:\/\/dutchhealthstore.com\/nl\/\",\"logo\":{\"@type\":\"ImageObject\",\"inLanguage\":\"nl-NL\",\"@id\":\"https:\/\/dutchhealthstore.com\/nl\/#\/schema\/logo\/image\/\",\"url\":\"https:\/\/dutchhealthstore.com\/wp-content\/uploads\/2020\/08\/logo-dutchhealthstore-jpg-e1599484957574.jpg\",\"contentUrl\":\"https:\/\/dutchhealthstore.com\/wp-content\/uploads\/2020\/08\/logo-dutchhealthstore-jpg-e1599484957574.jpg\",\"width\":400,\"height\":62,\"caption\":\"Dutch Health Store\"},\"image\":{\"@id\":\"https:\/\/dutchhealthstore.com\/nl\/#\/schema\/logo\/image\/\"},\"sameAs\":[\"https:\/\/www.instagram.com\/dutchhealthstore\/\",\"https:\/\/www.facebook.com\/dutchhealthstore\"]}]}<\/script>\n<meta property=\"product:brand\" content=\"Living Libations\" \/>\n<meta property=\"og:availability\" content=\"instock\" \/>\n<meta property=\"product:availability\" content=\"instock\" \/>\n<meta property=\"product:condition\" content=\"new\" \/>\n<!-- \/ Yoast SEO Premium plugin. -->","yoast_head_json":{"title":"Best Skin Ever Lavish Abundance | Living Libations","description":"Lavish Abundance Best Skin Ever is een overvloed aan schoonheid die wacht om uw lichaam te zegenen.","robots":{"index":"index","follow":"follow","max-snippet":"max-snippet:-1","max-image-preview":"max-image-preview:large","max-video-preview":"max-video-preview:-1"},"canonical":"https:\/\/dutchhealthstore.com\/nl\/product\/best-skin-ever-lavish-abundance-2\/","og_locale":"nl_NL","og_type":"article","og_title":"Best Skin Ever - Lavish Abundance - Dutch Health Store","og_description":"Lavish Abundance Best Skin Ever is een overvloed aan schoonheid die wacht om uw lichaam te zegenen.","og_url":"https:\/\/dutchhealthstore.com\/nl\/product\/best-skin-ever-lavish-abundance-2\/","og_site_name":"Dutch Health Store","article_publisher":"https:\/\/www.instagram.com\/dutchhealthstore\/","article_modified_time":"2025-09-26T12:13:30+00:00","og_image":[{"width":1200,"height":1200,"url":"https:\/\/dutchhealthstore.com\/wp-content\/uploads\/2018\/02\/Best-Skin-Ever-Lavish-Abundance-Living-Libations-50-ml.jpg","type":"image\/jpeg"}],"twitter_card":"summary_large_image","twitter_misc":{"Beschikbaarheid":"Op voorraad"},"schema":{"@context":"https:\/\/schema.org","@graph":[{"@type":"WebPage","@id":"https:\/\/dutchhealthstore.com\/nl\/product\/best-skin-ever-lavish-abundance-2\/","url":"https:\/\/dutchhealthstore.com\/nl\/product\/best-skin-ever-lavish-abundance-2\/","name":"Best Skin Ever Lavish Abundance | Living Libations","isPartOf":{"@id":"https:\/\/dutchhealthstore.com\/nl\/#website"},"primaryImageOfPage":{"@id":"https:\/\/dutchhealthstore.com\/nl\/product\/best-skin-ever-lavish-abundance-2\/#primaryimage"},"image":{"@id":"https:\/\/dutchhealthstore.com\/nl\/product\/best-skin-ever-lavish-abundance-2\/#primaryimage"},"thumbnailUrl":"https:\/\/dutchhealthstore.com\/wp-content\/uploads\/2018\/02\/Best-Skin-Ever-Lavish-Abundance-Living-Libations-50-ml.jpg","datePublished":"2018-02-10T18:28:26+00:00","dateModified":"2025-09-26T12:13:30+00:00","description":"Lavish Abundance Best Skin Ever is een overvloed aan schoonheid die wacht om uw lichaam te zegenen.","breadcrumb":{"@id":"https:\/\/dutchhealthstore.com\/nl\/product\/best-skin-ever-lavish-abundance-2\/#breadcrumb"},"inLanguage":"nl-NL","potentialAction":[{"@type":"ReadAction","target":["https:\/\/dutchhealthstore.com\/nl\/product\/best-skin-ever-lavish-abundance-2\/"]}]},{"@type":"ImageObject","inLanguage":"nl-NL","@id":"https:\/\/dutchhealthstore.com\/nl\/product\/best-skin-ever-lavish-abundance-2\/#primaryimage","url":"https:\/\/dutchhealthstore.com\/wp-content\/uploads\/2018\/02\/Best-Skin-Ever-Lavish-Abundance-Living-Libations-50-ml.jpg","contentUrl":"https:\/\/dutchhealthstore.com\/wp-content\/uploads\/2018\/02\/Best-Skin-Ever-Lavish-Abundance-Living-Libations-50-ml.jpg","width":1200,"height":1200,"caption":"Best Skin Ever Lavish Abundance - Living Libations"},{"@type":"BreadcrumbList","@id":"https:\/\/dutchhealthstore.com\/nl\/product\/best-skin-ever-lavish-abundance-2\/#breadcrumb","itemListElement":[{"@type":"ListItem","position":1,"name":"Home","item":"https:\/\/dutchhealthstore.com\/nl\/"},{"@type":"ListItem","position":2,"name":"Shop","item":"https:\/\/dutchhealthstore.com\/nl\/shop\/"},{"@type":"ListItem","position":3,"name":"Best Skin Ever &#8211; Lavish Abundance"}]},{"@type":"WebSite","@id":"https:\/\/dutchhealthstore.com\/nl\/#website","url":"https:\/\/dutchhealthstore.com\/nl\/","name":"Dutch Health Store","description":"Enhance Your Beauty with Organic &amp; Natural Skincare","publisher":{"@id":"https:\/\/dutchhealthstore.com\/nl\/#organization"},"potentialAction":[{"@type":"SearchAction","target":{"@type":"EntryPoint","urlTemplate":"https:\/\/dutchhealthstore.com\/nl\/?s={search_term_string}"},"query-input":{"@type":"PropertyValueSpecification","valueRequired":true,"valueName":"search_term_string"}}],"inLanguage":"nl-NL"},{"@type":"Organization","@id":"https:\/\/dutchhealthstore.com\/nl\/#organization","name":"Dutch Health Store","url":"https:\/\/dutchhealthstore.com\/nl\/","logo":{"@type":"ImageObject","inLanguage":"nl-NL","@id":"https:\/\/dutchhealthstore.com\/nl\/#\/schema\/logo\/image\/","url":"https:\/\/dutchhealthstore.com\/wp-content\/uploads\/2020\/08\/logo-dutchhealthstore-jpg-e1599484957574.jpg","contentUrl":"https:\/\/dutchhealthstore.com\/wp-content\/uploads\/2020\/08\/logo-dutchhealthstore-jpg-e1599484957574.jpg","width":400,"height":62,"caption":"Dutch Health Store"},"image":{"@id":"https:\/\/dutchhealthstore.com\/nl\/#\/schema\/logo\/image\/"},"sameAs":["https:\/\/www.instagram.com\/dutchhealthstore\/","https:\/\/www.facebook.com\/dutchhealthstore"]}]},"product_brand":"Living Libations","og_availability":"instock","product_availability":"instock","product_condition":"new"},"_links":{"self":[{"href":"https:\/\/dutchhealthstore.com\/nl\/wp-json\/wp\/v2\/product\/78133","targetHints":{"allow":["GET"]}}],"collection":[{"href":"https:\/\/dutchhealthstore.com\/nl\/wp-json\/wp\/v2\/product"}],"about":[{"href":"https:\/\/dutchhealthstore.com\/nl\/wp-json\/wp\/v2\/types\/product"}],"replies":[{"embeddable":true,"href":"https:\/\/dutchhealthstore.com\/nl\/wp-json\/wp\/v2\/comments?post=78133"}],"wp:featuredmedia":[{"embeddable":true,"href":"https:\/\/dutchhealthstore.com\/nl\/wp-json\/wp\/v2\/media\/55537"}],"wp:attachment":[{"href":"https:\/\/dutchhealthstore.com\/nl\/wp-json\/wp\/v2\/media?parent=78133"}],"wp:term":[{"taxonomy":"product_brand","embeddable":true,"href":"https:\/\/dutchhealthstore.com\/nl\/wp-json\/wp\/v2\/product_brand?post=78133"},{"taxonomy":"product_cat","embeddable":true,"href":"https:\/\/dutchhealthstore.com\/nl\/wp-json\/wp\/v2\/product_cat?post=78133"},{"taxonomy":"product_tag","embeddable":true,"href":"https:\/\/dutchhealthstore.com\/nl\/wp-json\/wp\/v2\/product_tag?post=78133"}],"curies":[{"name":"wp","href":"https:\/\/api.w.org\/{rel}","templated":true}]}}