{"id":71453,"date":"2018-02-10T19:26:24","date_gmt":"2018-02-10T19:26:24","guid":{"rendered":"https:\/\/dutchhealthstore.com\/product\/wild-child-happy-gum-drops\/"},"modified":"2026-03-20T16:50:47","modified_gmt":"2026-03-20T15:50:47","slug":"wild-kind-happy-gum-drops","status":"publish","type":"product","link":"https:\/\/dutchhealthstore.com\/nl\/product\/wild-kind-happy-gum-drops\/","title":{"rendered":"Wild Child Happy Gum Drops"},"content":{"rendered":"<h3><img decoding=\"async\" class=\"alignright size-full wp-image-37041\" src=\"https:\/\/dutchhealthstore.com\/wp-content\/uploads\/2018\/04\/Living_Libations-1.png\" alt=\"Organic &amp; Natural Beautyproducts - Living Libations\" width=\"175\" height=\"82\"><\/h3>\n<p>Living Libations <strong>Wild Child Happy Gum Drops<\/strong> is een mildere vorm van Happy Gum Drops. Het reinigt zachtjes en komt tussen de tanden voor een lieve, wilde kinderlach. <strong>Wild Child Happy Gum Drops<\/strong> cre\u00ebren een moza\u00efek van botanische bloemenkracht. Elk van de oli\u00ebn in deze formule is zorgvuldig geselecteerd vanwege de individuele en synergetische effecten voor een tevreden mond bij kinderen.<\/p>\n<p>Gemaakt voor kinderen onder de 9 jaar.<br \/>\nGetest en goedgekeurd door onze zoon van 2 jaar oud.<\/p>\n<h3>Gebruik<\/h3>\n<p>Voor kinderen van 9 jaar en jonger. Ideaal om te spugen, maar veilig om door te slikken in de gebruikte portie van \u00e9\u00e9n druppel. Voeg een druppel toe aan de tandenborstel, aan zout mondwater, masseer in het tandvlees, of laat een druppel over tandzijde glijden om de kleine ruimtes tussen de tanden te reinigen. Volg de rest van de Successful Oral Care stappen.<\/p>\n<h3 class=\"yikes-custom-woo-tab-title yikes-custom-woo-tab-title-natural-organic-ingredients\">Natuurlijke\/biologische Ingredi\u00ebnten<\/h3>\n<p><strong>Duindoorn <\/strong><em>(Hippophae rhamnoides)<\/em> &#8211; Dit is een ongelooflijk rijke en vitale olie die wordt gewonnen uit een fel oranje bes. Het is perfect uitgebalanceerd in omega 3, 6, 7 en 9 essenti\u00eble vetzuren. Onze duindoornbes is een speciaal superkritisch extract dat meer dan 190 bioactieve stoffen uit de eetbare bes haalt. De olie is een weelderige bron van vitamine C, E, provitamine A en B, b\u00e8tacaroteen, caroteno\u00efden, kostbare fytosterolen en zeldzame palmitole\u00efnezuren. Al deze buitengewone planteneigenschappen dragen bij tot de zegening van duindoorn in uw mond.<\/p>\n<p><strong>Pepermunt <\/strong><em>(Mentha piperita) &#8211; <\/em>De koele, luchtige smaak van pepermunt zorgt voor een langdurige frisse adem. Onze pepermunt is een echte distillatie van de verse bladeren en is afkomstig van een Franse distilleerdersfamilie van de vierde generatie. De pepermunt in commerci\u00eble tandpasta is kunstmatige menthol en biedt alleen smaak. Echte pepermunt is een krachtige en aangename vriend voor de mondverzorging. Het remt ook de bacteri\u00ebn die een slechte adem veroorzaken.<\/p>\n<p><strong>Roos Otto<\/strong><em> (Rosa damascena)<\/em> &#8211; Roos is een kostbare en elegante essence. Er zijn zestig rozen nodig om \u00e9\u00e9n druppel etherische olie te maken! Het is een van de meest gewaardeerde oli\u00ebn vanwege de versterkende werking.<\/p>\n<p><strong>Kruidnagelknop <\/strong><em>(Eugenia carophyllata) &#8211;<\/em><b> <\/b>Gedistilleerd uit de bloeiende knoppen van de kruidnagelboom, is deze krachtige culinaire plant een robuuste ademverfrisser en de koning van de mondverzorging. Kruidnagelolie verfrist de adem en is al sinds de oudheid een optimale keuze voor mondverzorging. De botanische bestanddelen van eugenol, esters en sesquiterpenen vormen samen een krachtbron voor een schone, frisse mond.<\/p>\n<p><strong>Oregano <\/strong><em>(Origanum vulgare)<\/em> &#8211; Onze wilde oregano-olie wordt geteeld in de bergen langs de Middellandse Zee. Het bevat twee fenolverbindingen die bijdragen tot zijn unieke eigenschap: carvacrol in een concentratie van meer dan 65% en thymol in een concentratie van 3,4%. Het wordt beschouwd als een hete olie en een uitstekend botanisch biotisch middel dat al eeuwenlang de adem verfrist.<\/p>\n<p><strong>Kaneel <\/strong><em>(Cinnamomum ceylanicum) &#8211;<\/em><strong> <\/strong>Onze echte kaneelschors essenti\u00eble olie uit Madagaskar is een krachtige plaquereiniger en ademverfrisser. Het is een klassieke specerij, en smaakt nog lekker ook!<\/p>\n<p><strong>Theeboom <\/strong><em>(Malaleuca alternifolia) &#8211;<\/em><strong> <\/strong>Traditionele tea tree is een kruidachtige Hercules. Het zit natuurlijk vol met prachtige mondverzorgers. Krachtige plantaardige verbindingen van cineool en propanol verfrissen de mond, voorkomen de opbouw van tandsteen en verdrijven de bacteri\u00ebn die een slechte adem veroorzaken. Tea Tree olie wordt gedestilleerd in Australi\u00eb en roept een superschoon, dennenachtig aroma op.<\/p>\n<p><strong>Zoete tijm <\/strong><em>(Thymus officinalis linalool) &#8211;<\/em><strong> <\/strong>Dit is een zeldzame vari\u00ebteit van de tijm soort. Het is een zachte toner die de mondafscheiding in evenwicht brengt. Tijm Linalool is ook een krachtig botanisch bioticum dat slechte adem bacteri\u00ebn uitbant.<\/p>\n<p><strong>Jojoba-olie<\/strong> <em>(Simmondsia chinensis)<\/em> &#8211; Jojoba staat bekend om zijn ongelooflijke voordelen voor de huid, en is ook een belangrijke speler in de natuurlijke mondverzorging. De liefdevolle lipiden van jojoba kalmeren gemakkelijk het mondweefsel.<\/p>\n<p><img fetchpriority=\"high\" decoding=\"async\" class=\"size-large wp-image-11209 aligncenter\" src=\"https:\/\/dutchhealthstore.com\/wp-content\/uploads\/2015\/12\/organic-1.jpg\" alt=\"organic\" width=\"608\" height=\"85\"><\/p>\n","protected":false},"excerpt":{"rendered":"<p>Living Libations <b>W<\/b><b>i<\/b><b>l<\/b><b>d<\/b> <b>C<\/b><b>h<\/b><b>i<\/b><b>l<\/b><b>d<\/b> <b>Happy Gum Drops <\/b>is een mildere vorm van Happy Gum Drops. Het reinigt zachtjes en komt tussen de tanden voor een lieve, wilde kinderlach. Wild Child Happy Gum Drops cre\u00ebren een moza\u00efek van botanische bloemenkracht. Elk van de mondverzorgingsoli\u00ebn in deze formules is zorgvuldig geselecteerd vanwege de individuele en synergetische effecten voor een tevreden mond bij kinderen.<\/p>\n<p><strong>Gemaakt voor kinderen onder de 9 jaar.<\/strong><br \/>\nGetest en goedgekeurd door onze zoon van 2 jaar oud.<\/p>\n","protected":false},"featured_media":50153,"comment_status":"open","ping_status":"closed","template":"","meta":[],"product_brand":[],"product_cat":[6750,1029,6638,1208,1006,3941,5982,1509,5001,510],"product_tag":[4274,21804],"class_list":{"0":"post-71453","1":"product","2":"type-product","3":"status-publish","4":"has-post-thumbnail","6":"product_cat-babies-pregnancy-nl-2","7":"product_cat-categorieen","8":"product_cat-family-nl","9":"product_cat-living-libations-nederland","10":"product_cat-merken","11":"product_cat-mondhygiene-serums","12":"product_cat-dental-care-nl-2","13":"product_cat-mondverzorging-living-libations","14":"product_cat-by-collections-nl-2","15":"product_cat-shop-winkel","16":"product_tag-dental-care-nl","17":"product_tag-tandvlees","18":"pa_bestsellers-goed-nl","19":"pa_brand-livinglibations-nl","20":"pa_dental-care-product-type-tooth-serum-nl","21":"pa_dental-care-product-type-gum-care-nl","22":"pa_size-15-ml-nl","23":"pa_size-30-ml-nl","24":"pa_size-5-ml-nl","26":"first","27":"instock","28":"taxable","29":"shipping-taxable","30":"purchasable","31":"product-type-variable"},"bundled_by":[],"bundle_stock_status":"instock","bundle_stock_quantity":null,"bundle_virtual":false,"bundle_layout":"","bundle_add_to_cart_form_location":"","bundle_editable_in_cart":false,"bundle_sold_individually_context":"","bundle_item_grouping":"","bundle_min_size":"","bundle_max_size":"","bundle_price":[],"bundled_items":[],"bundle_sell_ids":[239214],"atum_controlled":true,"out_stock_date":null,"out_stock_threshold":null,"inheritable":true,"stock_on_hold":0,"sold_today":0,"sales_last_days":0,"out_stock_days":0,"lost_sales":0,"update_date":"2026-04-24T00:11:20","atum_locations":[],"atum_stock_status":"instock","restock_status":false,"low_stock_amount":"","sales_update_date":"2026-04-24T00:11:20","calc_backorders":null,"group_of_quantity":0,"min_quantity":0,"max_quantity":"","exclude_order_quantity_value_rules":"no","exclude_category_quantity_rules":"no","combine_variations":"no","yoast_head":"<!-- This site is optimized with the Yoast SEO Premium plugin v26.5 (Yoast SEO v26.5) - https:\/\/yoast.com\/wordpress\/plugins\/seo\/ -->\n<title>Wild Child Happy Gum Drops | Living Libations<\/title>\n<meta name=\"description\" content=\"Deze mildere vorm van Happy Gum Drops reinigt zachtjes en komt tussen de tanden. Gemaakt voor kinderen onder de 9 jaar.\" \/>\n<meta name=\"robots\" content=\"index, follow, max-snippet:-1, max-image-preview:large, max-video-preview:-1\" \/>\n<link rel=\"canonical\" href=\"https:\/\/dutchhealthstore.com\/nl\/product\/wild-kind-happy-gum-drops\/\" \/>\n<meta property=\"og:locale\" content=\"nl_NL\" \/>\n<meta property=\"og:type\" content=\"article\" \/>\n<meta property=\"og:title\" content=\"Wild Child Happy Gum Drops - Dutch Health Store\" \/>\n<meta property=\"og:description\" content=\"Deze mildere vorm van Happy Gum Drops reinigt zachtjes en komt tussen de tanden. Gemaakt voor kinderen onder de 9 jaar.\" \/>\n<meta property=\"og:url\" content=\"https:\/\/dutchhealthstore.com\/nl\/product\/wild-kind-happy-gum-drops\/\" \/>\n<meta property=\"og:site_name\" content=\"Dutch Health Store\" \/>\n<meta property=\"article:publisher\" content=\"https:\/\/www.instagram.com\/dutchhealthstore\/\" \/>\n<meta property=\"article:modified_time\" content=\"2026-03-20T15:50:47+00:00\" \/>\n<meta property=\"og:image\" content=\"https:\/\/dutchhealthstore.com\/wp-content\/uploads\/2018\/02\/Living-Libations-Wild-Child-Happy-Gum-Drops.jpg\" \/>\n\t<meta property=\"og:image:width\" content=\"1000\" \/>\n\t<meta property=\"og:image:height\" content=\"1000\" \/>\n\t<meta property=\"og:image:type\" content=\"image\/jpeg\" \/>\n<meta name=\"twitter:card\" content=\"summary_large_image\" \/>\n<meta name=\"twitter:label1\" content=\"Beschikbaarheid\" \/>\n\t<meta name=\"twitter:data1\" content=\"Op voorraad\" \/>\n<script type=\"application\/ld+json\" class=\"yoast-schema-graph\">{\"@context\":\"https:\/\/schema.org\",\"@graph\":[{\"@type\":\"WebPage\",\"@id\":\"https:\/\/dutchhealthstore.com\/nl\/product\/wild-kind-happy-gum-drops\/\",\"url\":\"https:\/\/dutchhealthstore.com\/nl\/product\/wild-kind-happy-gum-drops\/\",\"name\":\"Wild Child Happy Gum Drops | Living Libations\",\"isPartOf\":{\"@id\":\"https:\/\/dutchhealthstore.com\/nl\/#website\"},\"primaryImageOfPage\":{\"@id\":\"https:\/\/dutchhealthstore.com\/nl\/product\/wild-kind-happy-gum-drops\/#primaryimage\"},\"image\":{\"@id\":\"https:\/\/dutchhealthstore.com\/nl\/product\/wild-kind-happy-gum-drops\/#primaryimage\"},\"thumbnailUrl\":\"https:\/\/dutchhealthstore.com\/wp-content\/uploads\/2018\/02\/Living-Libations-Wild-Child-Happy-Gum-Drops.jpg\",\"datePublished\":\"2018-02-10T19:26:24+00:00\",\"dateModified\":\"2026-03-20T15:50:47+00:00\",\"description\":\"Deze mildere vorm van Happy Gum Drops reinigt zachtjes en komt tussen de tanden. Gemaakt voor kinderen onder de 9 jaar.\",\"breadcrumb\":{\"@id\":\"https:\/\/dutchhealthstore.com\/nl\/product\/wild-kind-happy-gum-drops\/#breadcrumb\"},\"inLanguage\":\"nl-NL\",\"potentialAction\":[{\"@type\":\"ReadAction\",\"target\":[\"https:\/\/dutchhealthstore.com\/nl\/product\/wild-kind-happy-gum-drops\/\"]}]},{\"@type\":\"ImageObject\",\"inLanguage\":\"nl-NL\",\"@id\":\"https:\/\/dutchhealthstore.com\/nl\/product\/wild-kind-happy-gum-drops\/#primaryimage\",\"url\":\"https:\/\/dutchhealthstore.com\/wp-content\/uploads\/2018\/02\/Living-Libations-Wild-Child-Happy-Gum-Drops.jpg\",\"contentUrl\":\"https:\/\/dutchhealthstore.com\/wp-content\/uploads\/2018\/02\/Living-Libations-Wild-Child-Happy-Gum-Drops.jpg\",\"width\":1000,\"height\":1000,\"caption\":\"Wild Child Happy Gum Drops\"},{\"@type\":\"BreadcrumbList\",\"@id\":\"https:\/\/dutchhealthstore.com\/nl\/product\/wild-kind-happy-gum-drops\/#breadcrumb\",\"itemListElement\":[{\"@type\":\"ListItem\",\"position\":1,\"name\":\"Home\",\"item\":\"https:\/\/dutchhealthstore.com\/nl\/\"},{\"@type\":\"ListItem\",\"position\":2,\"name\":\"Shop\",\"item\":\"https:\/\/dutchhealthstore.com\/nl\/shop\/\"},{\"@type\":\"ListItem\",\"position\":3,\"name\":\"Wild Child Happy Gum Drops\"}]},{\"@type\":\"WebSite\",\"@id\":\"https:\/\/dutchhealthstore.com\/nl\/#website\",\"url\":\"https:\/\/dutchhealthstore.com\/nl\/\",\"name\":\"Dutch Health Store\",\"description\":\"Enhance Your Beauty with Organic &amp; Natural Skincare\",\"publisher\":{\"@id\":\"https:\/\/dutchhealthstore.com\/nl\/#organization\"},\"potentialAction\":[{\"@type\":\"SearchAction\",\"target\":{\"@type\":\"EntryPoint\",\"urlTemplate\":\"https:\/\/dutchhealthstore.com\/nl\/?s={search_term_string}\"},\"query-input\":{\"@type\":\"PropertyValueSpecification\",\"valueRequired\":true,\"valueName\":\"search_term_string\"}}],\"inLanguage\":\"nl-NL\"},{\"@type\":\"Organization\",\"@id\":\"https:\/\/dutchhealthstore.com\/nl\/#organization\",\"name\":\"Dutch Health Store\",\"url\":\"https:\/\/dutchhealthstore.com\/nl\/\",\"logo\":{\"@type\":\"ImageObject\",\"inLanguage\":\"nl-NL\",\"@id\":\"https:\/\/dutchhealthstore.com\/nl\/#\/schema\/logo\/image\/\",\"url\":\"https:\/\/dutchhealthstore.com\/wp-content\/uploads\/2020\/08\/logo-dutchhealthstore-jpg-e1599484957574.jpg\",\"contentUrl\":\"https:\/\/dutchhealthstore.com\/wp-content\/uploads\/2020\/08\/logo-dutchhealthstore-jpg-e1599484957574.jpg\",\"width\":400,\"height\":62,\"caption\":\"Dutch Health Store\"},\"image\":{\"@id\":\"https:\/\/dutchhealthstore.com\/nl\/#\/schema\/logo\/image\/\"},\"sameAs\":[\"https:\/\/www.instagram.com\/dutchhealthstore\/\",\"https:\/\/www.facebook.com\/dutchhealthstore\"]}]}<\/script>\n<meta property=\"product:brand\" content=\"Living Libations\" \/>\n<meta property=\"og:availability\" content=\"instock\" \/>\n<meta property=\"product:availability\" content=\"instock\" \/>\n<meta property=\"product:condition\" content=\"new\" \/>\n<!-- \/ Yoast SEO Premium plugin. -->","yoast_head_json":{"title":"Wild Child Happy Gum Drops | Living Libations","description":"Deze mildere vorm van Happy Gum Drops reinigt zachtjes en komt tussen de tanden. Gemaakt voor kinderen onder de 9 jaar.","robots":{"index":"index","follow":"follow","max-snippet":"max-snippet:-1","max-image-preview":"max-image-preview:large","max-video-preview":"max-video-preview:-1"},"canonical":"https:\/\/dutchhealthstore.com\/nl\/product\/wild-kind-happy-gum-drops\/","og_locale":"nl_NL","og_type":"article","og_title":"Wild Child Happy Gum Drops - Dutch Health Store","og_description":"Deze mildere vorm van Happy Gum Drops reinigt zachtjes en komt tussen de tanden. Gemaakt voor kinderen onder de 9 jaar.","og_url":"https:\/\/dutchhealthstore.com\/nl\/product\/wild-kind-happy-gum-drops\/","og_site_name":"Dutch Health Store","article_publisher":"https:\/\/www.instagram.com\/dutchhealthstore\/","article_modified_time":"2026-03-20T15:50:47+00:00","og_image":[{"width":1000,"height":1000,"url":"https:\/\/dutchhealthstore.com\/wp-content\/uploads\/2018\/02\/Living-Libations-Wild-Child-Happy-Gum-Drops.jpg","type":"image\/jpeg"}],"twitter_card":"summary_large_image","twitter_misc":{"Beschikbaarheid":"Op voorraad"},"schema":{"@context":"https:\/\/schema.org","@graph":[{"@type":"WebPage","@id":"https:\/\/dutchhealthstore.com\/nl\/product\/wild-kind-happy-gum-drops\/","url":"https:\/\/dutchhealthstore.com\/nl\/product\/wild-kind-happy-gum-drops\/","name":"Wild Child Happy Gum Drops | Living Libations","isPartOf":{"@id":"https:\/\/dutchhealthstore.com\/nl\/#website"},"primaryImageOfPage":{"@id":"https:\/\/dutchhealthstore.com\/nl\/product\/wild-kind-happy-gum-drops\/#primaryimage"},"image":{"@id":"https:\/\/dutchhealthstore.com\/nl\/product\/wild-kind-happy-gum-drops\/#primaryimage"},"thumbnailUrl":"https:\/\/dutchhealthstore.com\/wp-content\/uploads\/2018\/02\/Living-Libations-Wild-Child-Happy-Gum-Drops.jpg","datePublished":"2018-02-10T19:26:24+00:00","dateModified":"2026-03-20T15:50:47+00:00","description":"Deze mildere vorm van Happy Gum Drops reinigt zachtjes en komt tussen de tanden. Gemaakt voor kinderen onder de 9 jaar.","breadcrumb":{"@id":"https:\/\/dutchhealthstore.com\/nl\/product\/wild-kind-happy-gum-drops\/#breadcrumb"},"inLanguage":"nl-NL","potentialAction":[{"@type":"ReadAction","target":["https:\/\/dutchhealthstore.com\/nl\/product\/wild-kind-happy-gum-drops\/"]}]},{"@type":"ImageObject","inLanguage":"nl-NL","@id":"https:\/\/dutchhealthstore.com\/nl\/product\/wild-kind-happy-gum-drops\/#primaryimage","url":"https:\/\/dutchhealthstore.com\/wp-content\/uploads\/2018\/02\/Living-Libations-Wild-Child-Happy-Gum-Drops.jpg","contentUrl":"https:\/\/dutchhealthstore.com\/wp-content\/uploads\/2018\/02\/Living-Libations-Wild-Child-Happy-Gum-Drops.jpg","width":1000,"height":1000,"caption":"Wild Child Happy Gum Drops"},{"@type":"BreadcrumbList","@id":"https:\/\/dutchhealthstore.com\/nl\/product\/wild-kind-happy-gum-drops\/#breadcrumb","itemListElement":[{"@type":"ListItem","position":1,"name":"Home","item":"https:\/\/dutchhealthstore.com\/nl\/"},{"@type":"ListItem","position":2,"name":"Shop","item":"https:\/\/dutchhealthstore.com\/nl\/shop\/"},{"@type":"ListItem","position":3,"name":"Wild Child Happy Gum Drops"}]},{"@type":"WebSite","@id":"https:\/\/dutchhealthstore.com\/nl\/#website","url":"https:\/\/dutchhealthstore.com\/nl\/","name":"Dutch Health Store","description":"Enhance Your Beauty with Organic &amp; Natural Skincare","publisher":{"@id":"https:\/\/dutchhealthstore.com\/nl\/#organization"},"potentialAction":[{"@type":"SearchAction","target":{"@type":"EntryPoint","urlTemplate":"https:\/\/dutchhealthstore.com\/nl\/?s={search_term_string}"},"query-input":{"@type":"PropertyValueSpecification","valueRequired":true,"valueName":"search_term_string"}}],"inLanguage":"nl-NL"},{"@type":"Organization","@id":"https:\/\/dutchhealthstore.com\/nl\/#organization","name":"Dutch Health Store","url":"https:\/\/dutchhealthstore.com\/nl\/","logo":{"@type":"ImageObject","inLanguage":"nl-NL","@id":"https:\/\/dutchhealthstore.com\/nl\/#\/schema\/logo\/image\/","url":"https:\/\/dutchhealthstore.com\/wp-content\/uploads\/2020\/08\/logo-dutchhealthstore-jpg-e1599484957574.jpg","contentUrl":"https:\/\/dutchhealthstore.com\/wp-content\/uploads\/2020\/08\/logo-dutchhealthstore-jpg-e1599484957574.jpg","width":400,"height":62,"caption":"Dutch Health Store"},"image":{"@id":"https:\/\/dutchhealthstore.com\/nl\/#\/schema\/logo\/image\/"},"sameAs":["https:\/\/www.instagram.com\/dutchhealthstore\/","https:\/\/www.facebook.com\/dutchhealthstore"]}]},"product_brand":"Living Libations","og_availability":"instock","product_availability":"instock","product_condition":"new"},"_links":{"self":[{"href":"https:\/\/dutchhealthstore.com\/nl\/wp-json\/wp\/v2\/product\/71453","targetHints":{"allow":["GET"]}}],"collection":[{"href":"https:\/\/dutchhealthstore.com\/nl\/wp-json\/wp\/v2\/product"}],"about":[{"href":"https:\/\/dutchhealthstore.com\/nl\/wp-json\/wp\/v2\/types\/product"}],"replies":[{"embeddable":true,"href":"https:\/\/dutchhealthstore.com\/nl\/wp-json\/wp\/v2\/comments?post=71453"}],"wp:featuredmedia":[{"embeddable":true,"href":"https:\/\/dutchhealthstore.com\/nl\/wp-json\/wp\/v2\/media\/50153"}],"wp:attachment":[{"href":"https:\/\/dutchhealthstore.com\/nl\/wp-json\/wp\/v2\/media?parent=71453"}],"wp:term":[{"taxonomy":"product_brand","embeddable":true,"href":"https:\/\/dutchhealthstore.com\/nl\/wp-json\/wp\/v2\/product_brand?post=71453"},{"taxonomy":"product_cat","embeddable":true,"href":"https:\/\/dutchhealthstore.com\/nl\/wp-json\/wp\/v2\/product_cat?post=71453"},{"taxonomy":"product_tag","embeddable":true,"href":"https:\/\/dutchhealthstore.com\/nl\/wp-json\/wp\/v2\/product_tag?post=71453"}],"curies":[{"name":"wp","href":"https:\/\/api.w.org\/{rel}","templated":true}]}}