{"id":67763,"date":"2018-02-10T20:46:41","date_gmt":"2018-02-10T20:46:41","guid":{"rendered":"https:\/\/dutchhealthstore.com\/product\/best-skin-ever-neroli\/"},"modified":"2025-10-28T10:09:24","modified_gmt":"2025-10-28T09:09:24","slug":"best-skin-ever-neroli","status":"publish","type":"product","link":"https:\/\/dutchhealthstore.com\/nl\/product\/best-skin-ever-neroli\/","title":{"rendered":"Best Skin Ever &#8211; Neroli"},"content":{"rendered":"<p>Living Libations <strong>Neroli Best Skin Ever<\/strong> ontketent je innerlijke prinses (of prins!) als je huid en gezicht zalft met de dauwachtige heerlijkheid van deze Best Skin Ever. Douche uw huid als een vorst met de voeding van Neroli Blossoms en haar liefhebbende huidverzorgers. Wanneer Neroli, Bloedsinaasappel en Mandarijn worden gecombineerd met Duindoorn, voelt uw huid zo fijn aan! Deze stimulerende geur is gemaakt met pure jojoba, cacaocr\u00e8me en wortelzaad voor vocht, kurkuma, duindoorn en neroli om glad te strijken, bloedsinaasappel om te verstevigen, mandarijn om de pori\u00ebn te perfectioneren en palmarosa om de huidolieproductie te kalmeren.<\/p>\n<h3 class=\"yikes-custom-woo-tab-title yikes-custom-woo-tab-title-natural-organic-ingredients\">Natuurlijke\/biologische Ingredi\u00ebnten<\/h3>\n<p><strong>Jojoba<\/strong><em> (Simmondsia chinensis)<\/em> &#8211; Glorieuze, gouden jojoba voedt en verzorgt de dorstige huid. Jojoba heeft een onge\u00ebvenaard vermogen om de huid te hydrateren, de olieproductie in balans te brengen, de pori\u00ebn diep te reinigen en een langdurige conditionerende werking te cre\u00ebren die de huid verzacht tot perfecte zijde. Het zit boordevol peptiden en lipiden en bevat de hoogste niveaus van fenolische verbindingen die in de natuur voorkomen, samen met antioxidanten en alle oplosbare vormen van vitamine E!<\/p>\n<p><strong>Virgin Coconut <\/strong><em>(Cocos Nucifera)<\/em> &#8211; Onze zuivere, ongerepte virgin kokosolie verzadigt de huid en biedt een prachtige hydratatie en veerkracht. Kokosolie maakt fijne lijntjes glad en is een bewaker van de vochtbarri\u00e8re van de huid.<\/p>\n<p><strong>Supercritisch duindoornextract <\/strong><em>(Hippophae rhamnoides)<\/em> &#8211; Duindoorn stuurt zijn lipiden diep in de huid en vermindert onevenwichtigheden van binnenuit. Dit superkritische extract zit boordevol omega vetzuren 3, 6, 7 en 9, antioxidanten, vitamine, palmitole\u00efnezuren, caroteno\u00efden en fytosterolen. Een enkele druppel duindoornolie bevat 190 verschillende bioactieve stoffen. Deze helder oranje essence is ongelooflijk regenererend en huidzuiverend &#8211; het verlicht roodheid en vermindert wallen. Duindoorn is een uitstekende toevoeging aan reinigingsmiddelen tegen acne. Het helpt de huid te harmoniseren met de zon.<\/p>\n<p><strong>Neroli <\/strong><em>(Citrus aurantium)<\/em> &#8211; Neroli is berucht om het verzachten van littekens, vlekken, striae en acne. Deze stimulerende, zuiverende olie exfolieert en verjongt zachtjes, voor een gladde, frisse huid. Het wordt vaak gebruikt om rimpels te vervagen en vlekken van acne te verminderen.<\/p>\n<p><strong>Bloedsinaasappel <\/strong><em>(Citrus sinensis)<\/em> &#8211; Bloedsinaasappelessence is briljant verstevigend, geweldig tonifi\u00ebrend en verjongend voor huid en geest. Deze oppeppende olie verbetert de stevigheid en elasticiteit van de huid.<\/p>\n<p><strong>Mandarijn petitgrain <\/strong><em>(Citrus reticulate)<\/em> &#8211; Merry Mandarin Petitgrain barst van de frisse, fruitige geur en de zoete, opwindende toets van oranjebloesem met fluisteringen van pruim. Gestoomd uit de bladeren en de jonge, kleine vruchten van de mandarijnboom, is de resulterende olie even ontspannend en rustgevend als de essenti\u00eble olie van mandarijn, maar met een hoog gehalte aan kalmerende esters.<\/p>\n<p><strong>Palmarosa<\/strong> <em>(Cymbopogon martini)<\/em> &#8211; Aangename palmarosa wordt gedestilleerd uit een tropisch, geurig gras, wat resulteert in een aromatische olie die ruikt naar een citroen-geranium-roos en gewoonweg schitterend is voor de neus! Deze formidabele huidverjonger is rijk aan machtige monoterpenolen, verzachtende esters, liefdevolle linalool en gulle geraniolen. Het zit boordevol heilzame botanische verbindingen. Deze krachtige olie verstevigt en verjongt de huid. Het wordt gebruikt ter ondersteuning van een stralende huid en om evenwicht te bereiken tussen vettigheid en droogte.<\/p>\n<p><strong>Wortelzaad<\/strong> <em>(Daucus carota)<\/em> &#8211; Koningin Anne&#8217;s kant zalft je gezicht met koninklijke gratie. Wortelolie stimuleert de olieproductie in perfecte verhoudingen, ongeacht de huidige toestand van uw huid. Vette, droge en gemengde huid kunnen allemaal profiteren van de stimulerende, hydraterende kracht van wortelzaad.<\/p>\n<p><strong>Kurkuma <\/strong><em>(Curcuma longa)<\/em><em> <\/em>&#8211; Kurkuma is een gouden tonicum voor de huid. Door superkritische extractie worden alle lipofiele (van olie houdende) bestanddelen van kurkuma uit de wortels van de plant gehaald. Dit speciale extractieproces vangt veel meer van de aromatische vluchtige oli\u00ebn, lipiden en pigmenten dan een typisch poederkruid.<\/p>\n\n\t<section class=\"section\" id=\"section_1242764779\">\n\t\t<div class=\"section-bg fill\" >\n\t\t\t\t\t\t\t\t\t\n\t\t\t\n\t<div class=\"is-border\"\n\t\tstyle=\"border-color:rgb(235, 235, 235);border-width:0px 0px 0px 0px;\">\n\t<\/div>\n\n\t\t<\/div>\n\n\t\t\n\n\t\t<div class=\"section-content relative\">\n\t\t\t\n\n<div class=\"row row-small align-center\"  id=\"row-1281919068\">\n\n\n\t<div id=\"col-944619556\" class=\"col medium-7 small-12 large-7\"  >\n\t\t\t\t<div class=\"col-inner text-center\"  >\n\t\t\t\n\t\t\t\n\n\t<div class=\"img has-hover x md-x lg-x y md-y lg-y\" id=\"image_1388943259\">\n\t\t\t\t\t\t\t\t<div class=\"img-inner dark\" >\n\t\t\t<img fetchpriority=\"high\" decoding=\"async\" width=\"442\" height=\"131\" src=\"https:\/\/dutchhealthstore.com\/wp-content\/uploads\/2020\/09\/logo_2_442x.png\" class=\"attachment-original size-original\" alt=\"\" \/>\t\t\t\t\t\t\n\t\t\t\t\t<\/div>\n\t\t\t\t\t\t\t\t\n<style>\n#image_1388943259 {\n  width: 58%;\n}\n<\/style>\n\t<\/div>\n\t\n\n\t<div id=\"gap-1172474577\" class=\"gap-element clearfix\" style=\"display:block; height:auto;\">\n\t\t\n<style>\n#gap-1172474577 {\n  padding-top: 50px;\n}\n<\/style>\n\t<\/div>\n\t\n\n<h2 style=\"text-align: center;\">How to Use Our Best Skin Evers<\/h2>\n<p style=\"text-align: center;\">Our Best Skin Evers renew the face and bedew the body and with grace. These all-in-one botanical blends cleanse, moisturize, and nourish the skin. Best Skin Evers are crafted to bring into balance all skin types.<\/p>\n<p style=\"text-align: center;\">Washing the face with pure pressed plant oils is an ancient Ayurvedic and gracious gypsy method to cleanse and gently exfoliate the skin. Nadine designed the Best Skin Evers to be your finest bathing and beauty aide. These oils plus water and a cloth are the simple essentials to cleanse, exfoliate, moisten and bedew.<\/p>\n<h2 style=\"text-align: center;\">Colder Temperature &amp; The Best Skin Evers<\/h2>\n<p>We get almost daily questions about the <a href=\"\/?product_cat=best-skin-ever-2\">Best Skin Evers<\/a>\u00a0and \"bits\" floating in it. I have discussed this before but am more than happy to do it again. The bits you see are pieces of coconut oil. <a href=\"\/?product_cat=best-skin-ever-2\">The Best Skin Evers<\/a> contain coconut oil and this oil (like many others, for that matter) becomes firmer\/harder as the temperature drops. For example; I have a jar of coconut oil in the kitchen drawer at home that is spreadable but definitely not liquid!<\/p>\n<p>We get these bottles delivered this way and it makes sense because on the way on the plane, in the cargo hold, it's cold, in our warehouse it's very cool and dark, so the coconut oil never gets to a point where it can melt.<br \/>And maybe you've experienced it yourself when you've put a bottle, for preservation, in the fridge. Then you can see almost the entire bottle \"solidify\" in a short time.<\/p>\n<p>Fortunately, there is a very simple, effective solution to this; put the bottle in (hand) warm water and the coconut oil (but Tamanu can also cause this problem) will melt. Shake well and it's ready to use!<\/p>\n<p>Pay attention to the pump as well, because you may have tried to use the product and there is also solidified coconut oil in the pump. You can reopen this by putting it in warm water for a while, drying it well and it is ready to use again.<br \/>A bit of work, but yes, it is thanks to the absence of preservatives! And that's a very nice thought then \ud83d\ude09<\/p>\n\t<div id=\"gap-1073657658\" class=\"gap-element clearfix hide-for-small\" style=\"display:block; height:auto;\">\n\t\t\n<style>\n#gap-1073657658 {\n  padding-top: 50px;\n}\n<\/style>\n\t<\/div>\n\t\n\n\n\t\t<\/div>\n\t\t\t\t\t<\/div>\n\n\t\n\n\t<div id=\"col-1934045903\" class=\"col medium-5 small-12 large-5\"  >\n\t\t\t\t<div class=\"col-inner box-shadow-2 box-shadow-5-hover\" style=\"background-color:rgb(255, 255, 255);\" >\n\t\t\t\n\t\t\t\n\n\t<div id=\"text-4251575361\" class=\"text\">\n\t\t\n\n<p><span style=\"font-size: 90%;\"><strong>Directions: Washing\/Cleansing your Face with Best Skin Ever<\/strong><\/span><\/p>\n<ol>\n<li><span style=\"font-size: 90%;\">Maak een klein deel van een doek nat met water.<\/span><\/li>\n<li><span style=\"font-size: 90%;\">Breng een tot twee druppels van een van de Best Skin Evers aan op het vochtige gedeelte van het gezichtsdoekje.<\/span><\/li>\n<li><span style=\"font-size: 90%;\">Gently massage the face, neck and back of the neck with the moistened cloth. Wash gently or wash vigorously for a deeper exfoliating effect. Het gezicht spoelen is optioneel.<\/span><\/li>\n<\/ol>\n<p><span style=\"font-size: 90%;\">Als je meer vocht nodig hebt, voeg dan nog een of twee spuitjes van een van onze Best Skin Evers of Libations Serums (Rose Glow, Soothsayer, Royal Rose, Sandalwood, Chocolate Karat of Open Sky) toe aan je vingertoppen en masseer het gezicht en de hals. Als je huid extra dorstig aanvoelt, zal een Libations Cr\u00e8me (Sundew, Rose Glow, All Seeing, of Maverick) voldoen.<\/span><\/p>\n<p><span style=\"font-size: 90%;\">Je kunt ook een druppel of twee van een van de serums toevoegen aan een beetje van een van de cr\u00e8mes. Ze passen allemaal prachtig bij elkaar.<\/span><\/p>\n<p><span style=\"font-size: 90%;\"><strong>Directions: Using Best Skin Ever on your Body after a Bath or Shower<\/strong><\/span><\/p>\n<ol>\n<li><span style=\"font-size: 90%;\">Laat het lichaam nat na een bad of douche.<\/span><\/li>\n<li><span style=\"font-size: 90%;\">Maak een washandje nat met water. Knijp het uit.<\/span><\/li>\n<li><span style=\"font-size: 90%;\">Breng een paar spuitjes aan op het natte washandje van een van de Best Skin Evers.<\/span><\/li>\n<li><span style=\"font-size: 90%;\">Masseer het hele lichaam met het washandje, van kop tot teen. Wrijf wat krachtiger om te scrubben<\/span><\/li>\n<\/ol>\n\t\t\n<style>\n#text-4251575361 {\n  font-size: 1rem;\n  line-height: 1.75;\n}\n<\/style>\n\t<\/div>\n\t\n\n\t\t<\/div>\n\t\t\t\t\n<style>\n#col-1934045903 > .col-inner {\n  padding: 15px 15px 15px 15px;\n}\n<\/style>\n\t<\/div>\n\n\t\n\n\n<style>\n#row-1281919068 > .col > .col-inner {\n  padding: 35px 50px 48px 44px;\n}\n<\/style>\n<\/div>\n\n\t\t<\/div>\n\n\t\t\n<style>\n#section_1242764779 {\n  padding-top: 34px;\n  padding-bottom: 34px;\n  min-height: 300px;\n}\n<\/style>\n\t<\/section>\n\t\n<p><img decoding=\"async\" class=\"size-medium wp-image-68103 aligncenter\" src=\"https:\/\/dutchhealthstore.com\/wp-content\/uploads\/2018\/02\/Living-Libations-Organic-Logo-800x89.png\" alt=\"Living Libations - Organic Logo\" width=\"800\" height=\"89\" srcset=\"https:\/\/dutchhealthstore.com\/wp-content\/uploads\/2018\/02\/Living-Libations-Organic-Logo-800x89.png 800w, https:\/\/dutchhealthstore.com\/wp-content\/uploads\/2018\/02\/Living-Libations-Organic-Logo-510x57.png 510w, https:\/\/dutchhealthstore.com\/wp-content\/uploads\/2018\/02\/Living-Libations-Organic-Logo-768x85.png 768w, https:\/\/dutchhealthstore.com\/wp-content\/uploads\/2018\/02\/Living-Libations-Organic-Logo.png 1400w\" sizes=\"(max-width: 800px) 100vw, 800px\" \/><\/p>\n\t<div id=\"gap-1864824209\" class=\"gap-element clearfix\" style=\"display:block; height:auto;\">\n\t\t\n<style>\n#gap-1864824209 {\n  padding-top: 50px;\n}\n<\/style>\n\t<\/div>\n\t\n","protected":false},"excerpt":{"rendered":"<p>Living Libations <strong>Neroli Best Skin Ever<\/strong> ontketent je innerlijke prinses (of prins!) als je huid en gezicht zalft met de dauwachtige heerlijkheid van deze Best Skin Ever. Douche uw huid als een vorst met de voeding van Neroli Blossoms en haar liefhebbende huidverzorgers. Wanneer Neroli, Bloedsinaasappel en Mandarijn worden gecombineerd met Duindoorn, voelt uw huid zo fijn aan! Deze stimulerende geur is gemaakt met pure jojoba, cacaocr\u00e8me en wortelzaad voor vocht, kurkuma, duindoorn en neroli om glad te strijken, bloedsinaasappel om te verstevigen, mandarijn om de pori\u00ebn te perfectioneren en palmarosa om de huidolieproductie te kalmeren.<\/p>\n","protected":false},"featured_media":198179,"comment_status":"open","ping_status":"closed","template":"","meta":[],"product_brand":[],"product_cat":[14731,2992,6365,1029,5035,2990,5681,5682,5621,5039,5641,2989,5830,5822,1500,1208,1006,5644,5645,5640,5623,5040,5642,2991,5005,510],"product_tag":[6156,21389,9766,21390,4808],"class_list":{"0":"post-67763","1":"product","2":"type-product","3":"status-publish","4":"has-post-thumbnail","6":"product_cat-huidverzorging","7":"product_cat-best-skin-ever-nl","8":"product_cat-body-wash-nl","9":"product_cat-categorieen","10":"product_cat-cleansers-nl-9","11":"product_cat-cleansers-nl-8","12":"product_cat-cleansers-nl-2","13":"product_cat-cleansers-nl-3","14":"product_cat-dry-mature-ageing-skin-nl-4","15":"product_cat-dry-mature-ageing-skin-nl-7","16":"product_cat-dry-mature-ageing-skin-nl-3","17":"product_cat-gezicht","18":"product_cat-body-oil-nl-2","19":"product_cat-body-care-nl-3","20":"product_cat-lichaamsverzorging-living-libations","21":"product_cat-living-libations-nederland","22":"product_cat-merken","23":"product_cat-moisturizers-nl","24":"product_cat-moisturizers-nl-nl","25":"product_cat-moisturizers-nl-7","26":"product_cat-normal-or-combination-skin-nl","27":"product_cat-normal-or-combination-skin-nl-7","28":"product_cat-normal-or-combination-skin-nl-3","29":"product_cat-olien-lotions","30":"product_cat-by-skin-type","31":"product_cat-shop-winkel","32":"product_tag-face-care-nl","33":"product_tag-lichaam","34":"product_tag-moisturizer-nl","35":"product_tag-reiniging","36":"product_tag-skin-nl","37":"pa_brand-livinglibations-nl","38":"pa_gtin-7439628320307-nl-2","39":"pa_size-30-ml-nl","40":"pa_size-50-ml-nl","41":"pa_size-100-ml-nl","42":"pa_skincare-type-cleansers-nl","43":"pa_skincare-type-moisturizers-nl","44":"pa_skintype-dry-mature-ageing-skin-nl","45":"pa_skintype-normal-combination-skin-nl","47":"first","48":"instock","49":"taxable","50":"shipping-taxable","51":"purchasable","52":"product-type-variable"},"bundled_by":[],"bundle_stock_status":"instock","bundle_stock_quantity":null,"bundle_virtual":false,"bundle_layout":"","bundle_add_to_cart_form_location":"","bundle_editable_in_cart":false,"bundle_sold_individually_context":"","bundle_item_grouping":"","bundle_min_size":"","bundle_max_size":"","bundle_price":[],"bundled_items":[],"bundle_sell_ids":[230769],"atum_controlled":true,"out_stock_date":null,"out_stock_threshold":null,"inheritable":true,"stock_on_hold":0,"sold_today":0,"sales_last_days":1,"out_stock_days":0,"lost_sales":0,"update_date":"2026-04-09T08:00:48","atum_locations":[],"atum_stock_status":"instock","restock_status":false,"low_stock_amount":"","sales_update_date":"2026-04-09T08:00:48","calc_backorders":null,"group_of_quantity":0,"min_quantity":0,"max_quantity":"","exclude_order_quantity_value_rules":"no","exclude_category_quantity_rules":"no","combine_variations":"no","yoast_head":"<!-- This site is optimized with the Yoast SEO Premium plugin v26.5 (Yoast SEO v26.5) - https:\/\/yoast.com\/wordpress\/plugins\/seo\/ -->\n<title>Best Skin Ever Neroli | Living Libations<\/title>\n<meta name=\"description\" content=\"Living libations Neroli Best Skin Ever ontketent je innerlijke prinses (of prins!) als je huid en gezicht zalft met de dauwachtige heerlijkheid van deze Best Skin Ever.\" \/>\n<meta name=\"robots\" content=\"index, follow, max-snippet:-1, max-image-preview:large, max-video-preview:-1\" \/>\n<link rel=\"canonical\" href=\"https:\/\/dutchhealthstore.com\/nl\/product\/best-skin-ever-neroli\/\" \/>\n<meta property=\"og:locale\" content=\"nl_NL\" \/>\n<meta property=\"og:type\" content=\"article\" \/>\n<meta property=\"og:title\" content=\"Best Skin Ever - Neroli - Dutch Health Store\" \/>\n<meta property=\"og:description\" content=\"Living libations Neroli Best Skin Ever ontketent je innerlijke prinses (of prins!) als je huid en gezicht zalft met de dauwachtige heerlijkheid van deze Best Skin Ever.\" \/>\n<meta property=\"og:url\" content=\"https:\/\/dutchhealthstore.com\/nl\/product\/best-skin-ever-neroli\/\" \/>\n<meta property=\"og:site_name\" content=\"Dutch Health Store\" \/>\n<meta property=\"article:publisher\" content=\"https:\/\/www.instagram.com\/dutchhealthstore\/\" \/>\n<meta property=\"article:modified_time\" content=\"2025-10-28T09:09:24+00:00\" \/>\n<meta property=\"og:image\" content=\"https:\/\/dutchhealthstore.com\/wp-content\/uploads\/2018\/05\/bse-neroli-100.jpg\" \/>\n\t<meta property=\"og:image:width\" content=\"500\" \/>\n\t<meta property=\"og:image:height\" content=\"500\" \/>\n\t<meta property=\"og:image:type\" content=\"image\/jpeg\" \/>\n<meta name=\"twitter:card\" content=\"summary_large_image\" \/>\n<meta name=\"twitter:label1\" content=\"Beschikbaarheid\" \/>\n\t<meta name=\"twitter:data1\" content=\"Op voorraad\" \/>\n<script type=\"application\/ld+json\" class=\"yoast-schema-graph\">{\"@context\":\"https:\/\/schema.org\",\"@graph\":[{\"@type\":\"WebPage\",\"@id\":\"https:\/\/dutchhealthstore.com\/nl\/product\/best-skin-ever-neroli\/\",\"url\":\"https:\/\/dutchhealthstore.com\/nl\/product\/best-skin-ever-neroli\/\",\"name\":\"Best Skin Ever Neroli | Living Libations\",\"isPartOf\":{\"@id\":\"https:\/\/dutchhealthstore.com\/nl\/#website\"},\"primaryImageOfPage\":{\"@id\":\"https:\/\/dutchhealthstore.com\/nl\/product\/best-skin-ever-neroli\/#primaryimage\"},\"image\":{\"@id\":\"https:\/\/dutchhealthstore.com\/nl\/product\/best-skin-ever-neroli\/#primaryimage\"},\"thumbnailUrl\":\"https:\/\/dutchhealthstore.com\/wp-content\/uploads\/2018\/05\/bse-neroli-100.jpg\",\"datePublished\":\"2018-02-10T20:46:41+00:00\",\"dateModified\":\"2025-10-28T09:09:24+00:00\",\"description\":\"Living libations Neroli Best Skin Ever ontketent je innerlijke prinses (of prins!) als je huid en gezicht zalft met de dauwachtige heerlijkheid van deze Best Skin Ever.\",\"breadcrumb\":{\"@id\":\"https:\/\/dutchhealthstore.com\/nl\/product\/best-skin-ever-neroli\/#breadcrumb\"},\"inLanguage\":\"nl-NL\",\"potentialAction\":[{\"@type\":\"ReadAction\",\"target\":[\"https:\/\/dutchhealthstore.com\/nl\/product\/best-skin-ever-neroli\/\"]}]},{\"@type\":\"ImageObject\",\"inLanguage\":\"nl-NL\",\"@id\":\"https:\/\/dutchhealthstore.com\/nl\/product\/best-skin-ever-neroli\/#primaryimage\",\"url\":\"https:\/\/dutchhealthstore.com\/wp-content\/uploads\/2018\/05\/bse-neroli-100.jpg\",\"contentUrl\":\"https:\/\/dutchhealthstore.com\/wp-content\/uploads\/2018\/05\/bse-neroli-100.jpg\",\"width\":500,\"height\":500,\"caption\":\"bse neroli 100\"},{\"@type\":\"BreadcrumbList\",\"@id\":\"https:\/\/dutchhealthstore.com\/nl\/product\/best-skin-ever-neroli\/#breadcrumb\",\"itemListElement\":[{\"@type\":\"ListItem\",\"position\":1,\"name\":\"Home\",\"item\":\"https:\/\/dutchhealthstore.com\/nl\/\"},{\"@type\":\"ListItem\",\"position\":2,\"name\":\"Shop\",\"item\":\"https:\/\/dutchhealthstore.com\/nl\/shop\/\"},{\"@type\":\"ListItem\",\"position\":3,\"name\":\"Best Skin Ever &#8211; Neroli\"}]},{\"@type\":\"WebSite\",\"@id\":\"https:\/\/dutchhealthstore.com\/nl\/#website\",\"url\":\"https:\/\/dutchhealthstore.com\/nl\/\",\"name\":\"Dutch Health Store\",\"description\":\"Enhance Your Beauty with Organic &amp; Natural Skincare\",\"publisher\":{\"@id\":\"https:\/\/dutchhealthstore.com\/nl\/#organization\"},\"potentialAction\":[{\"@type\":\"SearchAction\",\"target\":{\"@type\":\"EntryPoint\",\"urlTemplate\":\"https:\/\/dutchhealthstore.com\/nl\/?s={search_term_string}\"},\"query-input\":{\"@type\":\"PropertyValueSpecification\",\"valueRequired\":true,\"valueName\":\"search_term_string\"}}],\"inLanguage\":\"nl-NL\"},{\"@type\":\"Organization\",\"@id\":\"https:\/\/dutchhealthstore.com\/nl\/#organization\",\"name\":\"Dutch Health Store\",\"url\":\"https:\/\/dutchhealthstore.com\/nl\/\",\"logo\":{\"@type\":\"ImageObject\",\"inLanguage\":\"nl-NL\",\"@id\":\"https:\/\/dutchhealthstore.com\/nl\/#\/schema\/logo\/image\/\",\"url\":\"https:\/\/dutchhealthstore.com\/wp-content\/uploads\/2020\/08\/logo-dutchhealthstore-jpg-e1599484957574.jpg\",\"contentUrl\":\"https:\/\/dutchhealthstore.com\/wp-content\/uploads\/2020\/08\/logo-dutchhealthstore-jpg-e1599484957574.jpg\",\"width\":400,\"height\":62,\"caption\":\"Dutch Health Store\"},\"image\":{\"@id\":\"https:\/\/dutchhealthstore.com\/nl\/#\/schema\/logo\/image\/\"},\"sameAs\":[\"https:\/\/www.instagram.com\/dutchhealthstore\/\",\"https:\/\/www.facebook.com\/dutchhealthstore\"]}]}<\/script>\n<meta property=\"product:brand\" content=\"Living Libations\" \/>\n<meta property=\"og:availability\" content=\"instock\" \/>\n<meta property=\"product:availability\" content=\"instock\" \/>\n<meta property=\"product:condition\" content=\"new\" \/>\n<!-- \/ Yoast SEO Premium plugin. -->","yoast_head_json":{"title":"Best Skin Ever Neroli | Living Libations","description":"Living libations Neroli Best Skin Ever ontketent je innerlijke prinses (of prins!) als je huid en gezicht zalft met de dauwachtige heerlijkheid van deze Best Skin Ever.","robots":{"index":"index","follow":"follow","max-snippet":"max-snippet:-1","max-image-preview":"max-image-preview:large","max-video-preview":"max-video-preview:-1"},"canonical":"https:\/\/dutchhealthstore.com\/nl\/product\/best-skin-ever-neroli\/","og_locale":"nl_NL","og_type":"article","og_title":"Best Skin Ever - Neroli - Dutch Health Store","og_description":"Living libations Neroli Best Skin Ever ontketent je innerlijke prinses (of prins!) als je huid en gezicht zalft met de dauwachtige heerlijkheid van deze Best Skin Ever.","og_url":"https:\/\/dutchhealthstore.com\/nl\/product\/best-skin-ever-neroli\/","og_site_name":"Dutch Health Store","article_publisher":"https:\/\/www.instagram.com\/dutchhealthstore\/","article_modified_time":"2025-10-28T09:09:24+00:00","og_image":[{"width":500,"height":500,"url":"https:\/\/dutchhealthstore.com\/wp-content\/uploads\/2018\/05\/bse-neroli-100.jpg","type":"image\/jpeg"}],"twitter_card":"summary_large_image","twitter_misc":{"Beschikbaarheid":"Op voorraad"},"schema":{"@context":"https:\/\/schema.org","@graph":[{"@type":"WebPage","@id":"https:\/\/dutchhealthstore.com\/nl\/product\/best-skin-ever-neroli\/","url":"https:\/\/dutchhealthstore.com\/nl\/product\/best-skin-ever-neroli\/","name":"Best Skin Ever Neroli | Living Libations","isPartOf":{"@id":"https:\/\/dutchhealthstore.com\/nl\/#website"},"primaryImageOfPage":{"@id":"https:\/\/dutchhealthstore.com\/nl\/product\/best-skin-ever-neroli\/#primaryimage"},"image":{"@id":"https:\/\/dutchhealthstore.com\/nl\/product\/best-skin-ever-neroli\/#primaryimage"},"thumbnailUrl":"https:\/\/dutchhealthstore.com\/wp-content\/uploads\/2018\/05\/bse-neroli-100.jpg","datePublished":"2018-02-10T20:46:41+00:00","dateModified":"2025-10-28T09:09:24+00:00","description":"Living libations Neroli Best Skin Ever ontketent je innerlijke prinses (of prins!) als je huid en gezicht zalft met de dauwachtige heerlijkheid van deze Best Skin Ever.","breadcrumb":{"@id":"https:\/\/dutchhealthstore.com\/nl\/product\/best-skin-ever-neroli\/#breadcrumb"},"inLanguage":"nl-NL","potentialAction":[{"@type":"ReadAction","target":["https:\/\/dutchhealthstore.com\/nl\/product\/best-skin-ever-neroli\/"]}]},{"@type":"ImageObject","inLanguage":"nl-NL","@id":"https:\/\/dutchhealthstore.com\/nl\/product\/best-skin-ever-neroli\/#primaryimage","url":"https:\/\/dutchhealthstore.com\/wp-content\/uploads\/2018\/05\/bse-neroli-100.jpg","contentUrl":"https:\/\/dutchhealthstore.com\/wp-content\/uploads\/2018\/05\/bse-neroli-100.jpg","width":500,"height":500,"caption":"bse neroli 100"},{"@type":"BreadcrumbList","@id":"https:\/\/dutchhealthstore.com\/nl\/product\/best-skin-ever-neroli\/#breadcrumb","itemListElement":[{"@type":"ListItem","position":1,"name":"Home","item":"https:\/\/dutchhealthstore.com\/nl\/"},{"@type":"ListItem","position":2,"name":"Shop","item":"https:\/\/dutchhealthstore.com\/nl\/shop\/"},{"@type":"ListItem","position":3,"name":"Best Skin Ever &#8211; Neroli"}]},{"@type":"WebSite","@id":"https:\/\/dutchhealthstore.com\/nl\/#website","url":"https:\/\/dutchhealthstore.com\/nl\/","name":"Dutch Health Store","description":"Enhance Your Beauty with Organic &amp; Natural Skincare","publisher":{"@id":"https:\/\/dutchhealthstore.com\/nl\/#organization"},"potentialAction":[{"@type":"SearchAction","target":{"@type":"EntryPoint","urlTemplate":"https:\/\/dutchhealthstore.com\/nl\/?s={search_term_string}"},"query-input":{"@type":"PropertyValueSpecification","valueRequired":true,"valueName":"search_term_string"}}],"inLanguage":"nl-NL"},{"@type":"Organization","@id":"https:\/\/dutchhealthstore.com\/nl\/#organization","name":"Dutch Health Store","url":"https:\/\/dutchhealthstore.com\/nl\/","logo":{"@type":"ImageObject","inLanguage":"nl-NL","@id":"https:\/\/dutchhealthstore.com\/nl\/#\/schema\/logo\/image\/","url":"https:\/\/dutchhealthstore.com\/wp-content\/uploads\/2020\/08\/logo-dutchhealthstore-jpg-e1599484957574.jpg","contentUrl":"https:\/\/dutchhealthstore.com\/wp-content\/uploads\/2020\/08\/logo-dutchhealthstore-jpg-e1599484957574.jpg","width":400,"height":62,"caption":"Dutch Health Store"},"image":{"@id":"https:\/\/dutchhealthstore.com\/nl\/#\/schema\/logo\/image\/"},"sameAs":["https:\/\/www.instagram.com\/dutchhealthstore\/","https:\/\/www.facebook.com\/dutchhealthstore"]}]},"product_brand":"Living Libations","og_availability":"instock","product_availability":"instock","product_condition":"new"},"_links":{"self":[{"href":"https:\/\/dutchhealthstore.com\/nl\/wp-json\/wp\/v2\/product\/67763","targetHints":{"allow":["GET"]}}],"collection":[{"href":"https:\/\/dutchhealthstore.com\/nl\/wp-json\/wp\/v2\/product"}],"about":[{"href":"https:\/\/dutchhealthstore.com\/nl\/wp-json\/wp\/v2\/types\/product"}],"replies":[{"embeddable":true,"href":"https:\/\/dutchhealthstore.com\/nl\/wp-json\/wp\/v2\/comments?post=67763"}],"wp:featuredmedia":[{"embeddable":true,"href":"https:\/\/dutchhealthstore.com\/nl\/wp-json\/wp\/v2\/media\/198179"}],"wp:attachment":[{"href":"https:\/\/dutchhealthstore.com\/nl\/wp-json\/wp\/v2\/media?parent=67763"}],"wp:term":[{"taxonomy":"product_brand","embeddable":true,"href":"https:\/\/dutchhealthstore.com\/nl\/wp-json\/wp\/v2\/product_brand?post=67763"},{"taxonomy":"product_cat","embeddable":true,"href":"https:\/\/dutchhealthstore.com\/nl\/wp-json\/wp\/v2\/product_cat?post=67763"},{"taxonomy":"product_tag","embeddable":true,"href":"https:\/\/dutchhealthstore.com\/nl\/wp-json\/wp\/v2\/product_tag?post=67763"}],"curies":[{"name":"wp","href":"https:\/\/api.w.org\/{rel}","templated":true}]}}