{"id":374581,"date":"2026-03-24T14:50:19","date_gmt":"2026-03-24T13:50:19","guid":{"rendered":"https:\/\/dutchhealthstore.com\/product\/cream-tea-all-purpose-balm-met-earl-grey\/"},"modified":"2026-03-24T14:50:19","modified_gmt":"2026-03-24T13:50:19","slug":"cream-tea-all-purpose-balm-met-earl-grey","status":"publish","type":"product","link":"https:\/\/dutchhealthstore.com\/nl\/product\/cream-tea-all-purpose-balm-met-earl-grey\/","title":{"rendered":"Cream Tea All Purpose Balm met Earl Grey"},"content":{"rendered":"<p>De geconcentreerde formule biedt een perfecte balans tussen rijkdom en lichtheid, trekt moeiteloos in om te hydrateren en bouwt aan een blijvende veerkracht van de huid.<br \/>\nHet kruidige aroma roept de troostende warmte op van melkachtige zwarte thee, handgekarnde boter en zomerse tuinen vol ontluikende bloemen en groen blijvende kruiden.<\/p>\n<p>Cream Tea is veelzijdig geformuleerd en biedt verzorging voor handen, lippen, voeten en lichaam \u2014 het omhult de huid met verzachtende hydratatie en beschermt tegen de gure winterelementen. Of je het nu gedurende de dag gebruikt of als nachtelijk ritueel, deze aanpasbare balsem herstelt zachtheid en veerkracht waar dat nodig is. Een romige, zacht aromatische metgezel voor de koudere maanden die de huid vanaf het eerste moment laat stralen.  <\/p>\n<p><strong>Philosophy of Flowers<\/strong><br \/>\nGefermenteerde Earl Grey \u00b7 Melkachtige Haver \u00b7 Echinacea \u00b7 Rozenvrucht<br \/>\nSteengemalen Thee-roos \u00b7 Single-Origin Olijfolie<\/p>\n<h3>Hoe te gebruiken<\/h3>\n<p>Masseer deze multifunctionele, voedingsrijke botanische balsem zachtjes op plekken die diepe hydratatie, verzachtende voeding of beschermend vocht nodig hebben. Onze zorgvuldig geselecteerde mix van kruiden en bloemen levert een unieke combinatie van fytonutri\u00ebnten die het herstel van de huid ondersteunen, de veerkracht versterken en de natuurlijke vitaliteit herstellen. <\/p>\n<h3>Actieve Botanische Ingredi\u00ebnten<\/h3>\n<p><strong>Earl Grey Thee Ferment<\/strong> \u2014 Een natuurlijk ferment van hele Earl Grey-bladeren dat de biologische beschikbaarheid verhoogt en tal van huidvoordelen ontsluit. Tannines, catechines en polyfenolen werken samen om ontstekingen te verzachten, de elasticiteit te verbeteren en hydratatie te stimuleren \u2014 terwijl antioxidanten beschermen tegen omgevingsstressoren voor een gezonde huid tijdens de wintermaanden.<br \/>\n<strong>Bergamot Essence<\/strong> \u2014 Een klassiek element van Earl Grey; bergamot heeft antibacteri\u00eble en kalmerende eigenschappen. Het delicate citrus-achtige bloemenkarakter verfrist de zintuigen, terwijl het hoge gehalte aan antioxidanten \u2014 waaronder vitamine C \u2014 de helderheid en algehele vitaliteit ondersteunt.<br \/>\n<strong>Wilde Thee-roos<\/strong> \u2014 Antioxidantrijke roos versterkt huidcellen en stimuleert weefselregeneratie, terwijl het de huid verstevigt, voedt en milde antibacteri\u00eble bescherming biedt.<br \/>\n<strong>Melkachtige Haver<\/strong> \u2014 Dit botanische extract ondersteunt de gezondheid van de huid met een mix van mineralen zoals magnesium en calcium. Verzachtende b\u00e8taglucaan en vitamine B verzachten irritatie, verbeteren de hydratatie en versterken de natuurlijke huidbarri\u00e8re.<br \/>\n<strong>Nova Scotia Rozenvrucht<\/strong> \u2014 Een rijke bron van vitamine C die de collageensynthese ondersteunt en zorgt voor een gladdere teint. De antioxiderende en kalmerende eigenschappen maken het een herstellende toevoeging voor de droge, door winterweer getekende huid.<br \/>\n<strong>Gotu Kola<\/strong> \u2014 Geprezen om zijn rol bij collageenondersteuning; Gotu Kola verjongt en versterkt de huid met vitaminen A, C en E, wat helpt bij het herstel en de soepelheid en balans herstelt.<br \/>\n<strong>Heirloom Heemstwortel<\/strong> \u2014 Bekend om zijn vochtvasthoudende eigenschappen; heemstwortel trekt vocht naar de huid, verzacht de textuur en verbetert de hydratatie. Het helpt ook beschermen tegen omgevingsstressoren, waardoor de huid gevoed en comfortabel aanvoelt.<br \/>\n<strong>Meadow Bijenwas<\/strong> \u2014 Deze ambachtelijke was, verrijkt met vitamine A, vormt een ademende barri\u00e8re die vocht insluit en de huid beschermt tegen uitdroging en de elementen.<br \/>\n<strong>Citroenmelisse Tinctuur<\/strong> \u2014 Natuurlijke antioxidanten \u2014 waaronder cafe\u00efnezuur en ferulazuur \u2014 helpen de huid te kalmeren en bieden verlichting en balans bij dagelijkse omgevingsstress.<\/p>\n<p><em>Alle ingredi\u00ebnten zijn biologisch, wildgeplukt en duurzaam, ethisch en regionaal ingekocht.<\/em><\/p>\n<p><strong>Inhoud: 50 ml<\/strong><\/p>\n<h2><strong>Natuurlijke \/ biologische ingredi\u00ebnten <\/strong><\/h2>\n<p>Huisgemaakte extracties van hele biologische planten en essences van Olea europaea (Single Origin koudgeperste olijfolie), Punica granatum (granaatappelolie), Cocos nucifera (kokosolie), Apis mellifera (rauwe bijenwas), Ricinus communis (zwarte castorolie), Camellia sinensis (gefermenteerde Earl Grey thee), Sambucus nigra (vlierbloesemtinctuur), Rosa spp. (rozenferment), Achillea millefolium (duizendblad), Althaea officinalis (heemstwortel), Stellaria media (vogelmuur), Symphytum officinale (smeerwortelblad), Centella asiatica (Gotu Kola), Urtica dioica (brandnetel), Echinacea purpurea (echinaceaferment), Carthamus tinctorius (saffloer), Trifolium pratense (rode klaver), Avena sativa (tinctuur van melkachtige haver), Rosa canina (rozenvrucht), Melissa officinalis (zelfgedistilleerd citroenmelissehydrosol), Lavandula angustifolia (lavendeltinctuur), Citrus bergamia (gerijpte bergamot), Lavandula x intermedia (lavandin), Canadese gletsjerklei, roze klei. <\/p>\n\n\t<section class=\"section dark\" id=\"section_1274310389\">\n\t\t<div class=\"section-bg fill\" >\n\t\t\t<img fetchpriority=\"high\" decoding=\"async\" width=\"1200\" height=\"604\" src=\"https:\/\/dutchhealthstore.com\/wp-content\/uploads\/2026\/02\/bgux.jpg\" class=\"bg attachment- size-\" alt=\"\" \/>\t\t\t\t\t\t<div class=\"section-bg-overlay absolute fill\"><\/div>\n\t\t\t\n\n\t\t<\/div>\n\n\t\t\n\n\t\t<div class=\"section-content relative\">\n\t\t\t\n\n\t<div id=\"gap-946251774\" class=\"gap-element clearfix\" style=\"display:block; height:auto;\">\n\t\t\n<style>\n#gap-946251774 {\n  padding-top: 15px;\n}\n<\/style>\n\t<\/div>\n\t\n\n<div class=\"container section-title-container\" ><h3 class=\"section-title section-title-normal\"><b><\/b><span class=\"section-title-main\" >Over Tidelands House<\/span><b><\/b><\/h3><\/div>\n\n<div class=\"row\"  id=\"row-946746373\">\n\n\n\t<div id=\"col-148674978\" class=\"col small-12 large-12\"  >\n\t\t\t\t<div class=\"col-inner\"  >\n\t\t\t\n\t\t\t\n\n<p>Tidelands House is een Canadees botanisch huidverzorgingsatelier, opgericht door herborist Dominique Del Col. Elke formule wordt met de hand gemaakt in een door de zon verlichte distilleerkamer in een gerestaureerd 19e-eeuws stenen huisje, waar kruiden aan houten balken hangen en botanische ingredi\u00ebnten worden bereid in het ritme van de seizoenen.<\/p>\n<p>In het wild geplukte planten, biodynamische teelt en mariene botanische ingredi\u00ebnten verzameld aan de oostkust van Canada vormen de kern van elke bereiding. Ingredi\u00ebnten worden geoogst op het hoogtepunt van hun vitaliteit en in micro-batches verwerkt om de kracht, versheid en energetische integriteit te behouden. <\/p>\n<p>Geen synthetische toevoegingen. Geen onnodige vulstoffen. Alleen nutri\u00ebntenrijke botanische extracten, gefermenteerde bloesemessences en pure plantaardige oli\u00ebn in op erfgoed ge\u00efnspireerd melkglas.  <\/p>\n<p>Tidelands House is langzame, bewuste huidverzorging \u2014 geworteld in het land, rituelen en respect voor zowel traditie als moderne botanische wetenschap.<\/p>\n\n\n\t\t<\/div>\n\t\t\t\t\t<\/div>\n\n\t\n\n<\/div>\n\n\t\t<\/div>\n\n\t\t\n<style>\n#section_1274310389 {\n  padding-top: 30px;\n  padding-bottom: 30px;\n  background-color: rgb(40, 40, 40);\n}\n#section_1274310389 .section-bg-overlay {\n  background-color: rgba(0, 0, 0, 0.477);\n}\n#section_1274310389 .section-bg img {\n  object-position: 51% 73%;\n}\n<\/style>\n\t<\/section>\n\t\n","protected":false},"excerpt":{"rendered":"<p>Cream Tea is een multifunctionele balsem, zorgvuldig met de hand gemaakt met bloem- en wortelessences om te voeden, herstellen en beschermen.<\/p>\n","protected":false},"featured_media":374474,"comment_status":"open","ping_status":"closed","template":"","meta":[],"product_brand":[],"product_cat":[8503,1029,5621,5641,20948,20918,6638,5643,5617,5963,14731,5822,5897,1006,20919,5644,5718,5640,5645,5646,20909,1906,5623,5642,5894,5005,20917,510,5862,22209,5717,5664],"product_tag":[],"class_list":{"0":"post-374581","1":"product","2":"type-product","3":"status-publish","4":"has-post-thumbnail","6":"product_cat-every-day-solutions-nl","7":"product_cat-categorieen","8":"product_cat-dry-mature-ageing-skin-nl-4","9":"product_cat-dry-mature-ageing-skin-nl-3","10":"product_cat-droog-nl","11":"product_cat-droog","12":"product_cat-family-nl","13":"product_cat-sensitive-skin-redness-nl-4","14":"product_cat-sensitive-skin-redness-nl","15":"product_cat-hand-cream-nl-2","16":"product_cat-huidverzorging","17":"product_cat-body-care-nl-3","18":"product_cat-lip-care-nl-2","19":"product_cat-merken","20":"product_cat-moisturizers-nl-2","21":"product_cat-moisturizers-nl","22":"product_cat-moisturizers-nl-nl-2","23":"product_cat-moisturizers-nl-7","24":"product_cat-moisturizers-nl-nl","25":"product_cat-moisturizers-nl-nl-3","26":"product_cat-new-additions-skincare-nl","27":"product_cat-nieuwe-producten","28":"product_cat-normal-or-combination-skin-nl","29":"product_cat-normal-or-combination-skin-nl-3","30":"product_cat-eye-lip-care-nl","31":"product_cat-by-skin-type","32":"product_cat-rijpe-en-ouder-wordende-huid","33":"product_cat-shop-winkel","34":"product_cat-sun-outdoor-care-nl","35":"product_cat-tidelands-house","36":"product_cat-oily-skin-clogged-pores-nl-4","37":"product_cat-oily-skin-clogged-pores-nl","38":"pa_brand-tidelands-house","39":"pa_gtin-22392","40":"pa_size-50-ml-nl","41":"pa_skincare-type-face-oil-and-serums-nl","42":"pa_skincare-type-moisturizers-nl","44":"first","45":"instock","46":"taxable","47":"shipping-taxable","48":"purchasable","49":"product-type-simple"},"bundled_by":[],"bundle_stock_status":"instock","bundle_stock_quantity":3,"bundle_virtual":false,"bundle_layout":"","bundle_add_to_cart_form_location":"","bundle_editable_in_cart":false,"bundle_sold_individually_context":"","bundle_item_grouping":"","bundle_min_size":"","bundle_max_size":"","bundle_price":[],"bundled_items":[],"bundle_sell_ids":[107424],"atum_controlled":true,"out_stock_date":null,"out_stock_threshold":null,"inheritable":false,"stock_on_hold":0,"sold_today":0,"sales_last_days":0,"out_stock_days":0,"lost_sales":0,"update_date":"2026-04-14T07:21:59","atum_locations":[],"atum_stock_status":"instock","restock_status":false,"low_stock_amount":"","sales_update_date":"2026-04-14T07:21:59","calc_backorders":null,"group_of_quantity":0,"min_quantity":0,"max_quantity":"","exclude_order_quantity_value_rules":"no","exclude_category_quantity_rules":"no","combine_variations":"no","yoast_head":"<!-- This site is optimized with the Yoast SEO Premium plugin v26.5 (Yoast SEO v26.5) - https:\/\/yoast.com\/wordpress\/plugins\/seo\/ -->\n<title>Cream Tea All Purpose Balm met Earl Grey - Tidelands House<\/title>\n<meta name=\"description\" content=\"Cream Tea is een multifunctionele balsem, zorgvuldig met de hand gemaakt met bloem- en wortelessences om te voeden, herstellen en beschermen.\" \/>\n<meta name=\"robots\" content=\"index, follow, max-snippet:-1, max-image-preview:large, max-video-preview:-1\" \/>\n<link rel=\"canonical\" href=\"https:\/\/dutchhealthstore.com\/nl\/product\/cream-tea-all-purpose-balm-met-earl-grey\/\" \/>\n<meta property=\"og:locale\" content=\"nl_NL\" \/>\n<meta property=\"og:type\" content=\"article\" \/>\n<meta property=\"og:title\" content=\"Cream Tea All Purpose Balm met Earl Grey - Dutch Health Store\" \/>\n<meta property=\"og:description\" content=\"Cream Tea is een multifunctionele balsem, zorgvuldig met de hand gemaakt met bloem- en wortelessences om te voeden, herstellen en beschermen.\" \/>\n<meta property=\"og:url\" content=\"https:\/\/dutchhealthstore.com\/nl\/product\/cream-tea-all-purpose-balm-met-earl-grey\/\" \/>\n<meta property=\"og:site_name\" content=\"Dutch Health Store\" \/>\n<meta property=\"article:publisher\" content=\"https:\/\/www.instagram.com\/dutchhealthstore\/\" \/>\n<meta property=\"og:image\" content=\"https:\/\/dutchhealthstore.com\/wp-content\/uploads\/2026\/03\/Untitled-design-2026-03-24T083125.070.jpg\" \/>\n\t<meta property=\"og:image:width\" content=\"530\" \/>\n\t<meta property=\"og:image:height\" content=\"530\" \/>\n\t<meta property=\"og:image:type\" content=\"image\/jpeg\" \/>\n<meta name=\"twitter:card\" content=\"summary_large_image\" \/>\n<meta name=\"twitter:label1\" content=\"Prijs\" \/>\n\t<meta name=\"twitter:data1\" content=\"&euro;52,50\" \/>\n\t<meta name=\"twitter:label2\" content=\"Beschikbaarheid\" \/>\n\t<meta name=\"twitter:data2\" content=\"Op voorraad\" \/>\n<script type=\"application\/ld+json\" class=\"yoast-schema-graph\">{\"@context\":\"https:\/\/schema.org\",\"@graph\":[{\"@type\":\"WebPage\",\"@id\":\"https:\/\/dutchhealthstore.com\/nl\/product\/cream-tea-all-purpose-balm-met-earl-grey\/\",\"url\":\"https:\/\/dutchhealthstore.com\/nl\/product\/cream-tea-all-purpose-balm-met-earl-grey\/\",\"name\":\"Cream Tea All Purpose Balm met Earl Grey - Tidelands House\",\"isPartOf\":{\"@id\":\"https:\/\/dutchhealthstore.com\/nl\/#website\"},\"primaryImageOfPage\":{\"@id\":\"https:\/\/dutchhealthstore.com\/nl\/product\/cream-tea-all-purpose-balm-met-earl-grey\/#primaryimage\"},\"image\":{\"@id\":\"https:\/\/dutchhealthstore.com\/nl\/product\/cream-tea-all-purpose-balm-met-earl-grey\/#primaryimage\"},\"thumbnailUrl\":\"https:\/\/dutchhealthstore.com\/wp-content\/uploads\/2026\/03\/Untitled-design-2026-03-24T083125.070.jpg\",\"datePublished\":\"2026-03-24T13:50:19+00:00\",\"description\":\"Cream Tea is een multifunctionele balsem, zorgvuldig met de hand gemaakt met bloem- en wortelessences om te voeden, herstellen en beschermen.\",\"breadcrumb\":{\"@id\":\"https:\/\/dutchhealthstore.com\/nl\/product\/cream-tea-all-purpose-balm-met-earl-grey\/#breadcrumb\"},\"inLanguage\":\"nl-NL\",\"potentialAction\":[{\"@type\":\"ReadAction\",\"target\":[\"https:\/\/dutchhealthstore.com\/nl\/product\/cream-tea-all-purpose-balm-met-earl-grey\/\"]}]},{\"@type\":\"ImageObject\",\"inLanguage\":\"nl-NL\",\"@id\":\"https:\/\/dutchhealthstore.com\/nl\/product\/cream-tea-all-purpose-balm-met-earl-grey\/#primaryimage\",\"url\":\"https:\/\/dutchhealthstore.com\/wp-content\/uploads\/2026\/03\/Untitled-design-2026-03-24T083125.070.jpg\",\"contentUrl\":\"https:\/\/dutchhealthstore.com\/wp-content\/uploads\/2026\/03\/Untitled-design-2026-03-24T083125.070.jpg\",\"width\":530,\"height\":530,\"caption\":\"tidelands-house-cream-tea\"},{\"@type\":\"BreadcrumbList\",\"@id\":\"https:\/\/dutchhealthstore.com\/nl\/product\/cream-tea-all-purpose-balm-met-earl-grey\/#breadcrumb\",\"itemListElement\":[{\"@type\":\"ListItem\",\"position\":1,\"name\":\"Home\",\"item\":\"https:\/\/dutchhealthstore.com\/nl\/\"},{\"@type\":\"ListItem\",\"position\":2,\"name\":\"Shop\",\"item\":\"https:\/\/dutchhealthstore.com\/nl\/shop\/\"},{\"@type\":\"ListItem\",\"position\":3,\"name\":\"Cream Tea All Purpose Balm met Earl Grey\"}]},{\"@type\":\"WebSite\",\"@id\":\"https:\/\/dutchhealthstore.com\/nl\/#website\",\"url\":\"https:\/\/dutchhealthstore.com\/nl\/\",\"name\":\"Dutch Health Store\",\"description\":\"Enhance Your Beauty with Organic &amp; Natural Skincare\",\"publisher\":{\"@id\":\"https:\/\/dutchhealthstore.com\/nl\/#organization\"},\"potentialAction\":[{\"@type\":\"SearchAction\",\"target\":{\"@type\":\"EntryPoint\",\"urlTemplate\":\"https:\/\/dutchhealthstore.com\/nl\/?s={search_term_string}\"},\"query-input\":{\"@type\":\"PropertyValueSpecification\",\"valueRequired\":true,\"valueName\":\"search_term_string\"}}],\"inLanguage\":\"nl-NL\"},{\"@type\":\"Organization\",\"@id\":\"https:\/\/dutchhealthstore.com\/nl\/#organization\",\"name\":\"Dutch Health Store\",\"url\":\"https:\/\/dutchhealthstore.com\/nl\/\",\"logo\":{\"@type\":\"ImageObject\",\"inLanguage\":\"nl-NL\",\"@id\":\"https:\/\/dutchhealthstore.com\/nl\/#\/schema\/logo\/image\/\",\"url\":\"https:\/\/dutchhealthstore.com\/wp-content\/uploads\/2020\/08\/logo-dutchhealthstore-jpg-e1599484957574.jpg\",\"contentUrl\":\"https:\/\/dutchhealthstore.com\/wp-content\/uploads\/2020\/08\/logo-dutchhealthstore-jpg-e1599484957574.jpg\",\"width\":400,\"height\":62,\"caption\":\"Dutch Health Store\"},\"image\":{\"@id\":\"https:\/\/dutchhealthstore.com\/nl\/#\/schema\/logo\/image\/\"},\"sameAs\":[\"https:\/\/www.instagram.com\/dutchhealthstore\/\",\"https:\/\/www.facebook.com\/dutchhealthstore\"]}]}<\/script>\n<meta property=\"product:brand\" content=\"Tidelands House\" \/>\n<meta property=\"product:price:amount\" content=\"52.50\" \/>\n<meta property=\"product:price:currency\" content=\"EUR\" \/>\n<meta property=\"og:availability\" content=\"instock\" \/>\n<meta property=\"product:availability\" content=\"instock\" \/>\n<meta property=\"product:condition\" content=\"new\" \/>\n<!-- \/ Yoast SEO Premium plugin. -->","yoast_head_json":{"title":"Cream Tea All Purpose Balm met Earl Grey - Tidelands House","description":"Cream Tea is een multifunctionele balsem, zorgvuldig met de hand gemaakt met bloem- en wortelessences om te voeden, herstellen en beschermen.","robots":{"index":"index","follow":"follow","max-snippet":"max-snippet:-1","max-image-preview":"max-image-preview:large","max-video-preview":"max-video-preview:-1"},"canonical":"https:\/\/dutchhealthstore.com\/nl\/product\/cream-tea-all-purpose-balm-met-earl-grey\/","og_locale":"nl_NL","og_type":"article","og_title":"Cream Tea All Purpose Balm met Earl Grey - Dutch Health Store","og_description":"Cream Tea is een multifunctionele balsem, zorgvuldig met de hand gemaakt met bloem- en wortelessences om te voeden, herstellen en beschermen.","og_url":"https:\/\/dutchhealthstore.com\/nl\/product\/cream-tea-all-purpose-balm-met-earl-grey\/","og_site_name":"Dutch Health Store","article_publisher":"https:\/\/www.instagram.com\/dutchhealthstore\/","og_image":[{"width":530,"height":530,"url":"https:\/\/dutchhealthstore.com\/wp-content\/uploads\/2026\/03\/Untitled-design-2026-03-24T083125.070.jpg","type":"image\/jpeg"}],"twitter_card":"summary_large_image","twitter_misc":{"Prijs":"&euro;52,50","Beschikbaarheid":"Op voorraad"},"schema":{"@context":"https:\/\/schema.org","@graph":[{"@type":"WebPage","@id":"https:\/\/dutchhealthstore.com\/nl\/product\/cream-tea-all-purpose-balm-met-earl-grey\/","url":"https:\/\/dutchhealthstore.com\/nl\/product\/cream-tea-all-purpose-balm-met-earl-grey\/","name":"Cream Tea All Purpose Balm met Earl Grey - Tidelands House","isPartOf":{"@id":"https:\/\/dutchhealthstore.com\/nl\/#website"},"primaryImageOfPage":{"@id":"https:\/\/dutchhealthstore.com\/nl\/product\/cream-tea-all-purpose-balm-met-earl-grey\/#primaryimage"},"image":{"@id":"https:\/\/dutchhealthstore.com\/nl\/product\/cream-tea-all-purpose-balm-met-earl-grey\/#primaryimage"},"thumbnailUrl":"https:\/\/dutchhealthstore.com\/wp-content\/uploads\/2026\/03\/Untitled-design-2026-03-24T083125.070.jpg","datePublished":"2026-03-24T13:50:19+00:00","description":"Cream Tea is een multifunctionele balsem, zorgvuldig met de hand gemaakt met bloem- en wortelessences om te voeden, herstellen en beschermen.","breadcrumb":{"@id":"https:\/\/dutchhealthstore.com\/nl\/product\/cream-tea-all-purpose-balm-met-earl-grey\/#breadcrumb"},"inLanguage":"nl-NL","potentialAction":[{"@type":"ReadAction","target":["https:\/\/dutchhealthstore.com\/nl\/product\/cream-tea-all-purpose-balm-met-earl-grey\/"]}]},{"@type":"ImageObject","inLanguage":"nl-NL","@id":"https:\/\/dutchhealthstore.com\/nl\/product\/cream-tea-all-purpose-balm-met-earl-grey\/#primaryimage","url":"https:\/\/dutchhealthstore.com\/wp-content\/uploads\/2026\/03\/Untitled-design-2026-03-24T083125.070.jpg","contentUrl":"https:\/\/dutchhealthstore.com\/wp-content\/uploads\/2026\/03\/Untitled-design-2026-03-24T083125.070.jpg","width":530,"height":530,"caption":"tidelands-house-cream-tea"},{"@type":"BreadcrumbList","@id":"https:\/\/dutchhealthstore.com\/nl\/product\/cream-tea-all-purpose-balm-met-earl-grey\/#breadcrumb","itemListElement":[{"@type":"ListItem","position":1,"name":"Home","item":"https:\/\/dutchhealthstore.com\/nl\/"},{"@type":"ListItem","position":2,"name":"Shop","item":"https:\/\/dutchhealthstore.com\/nl\/shop\/"},{"@type":"ListItem","position":3,"name":"Cream Tea All Purpose Balm met Earl Grey"}]},{"@type":"WebSite","@id":"https:\/\/dutchhealthstore.com\/nl\/#website","url":"https:\/\/dutchhealthstore.com\/nl\/","name":"Dutch Health Store","description":"Enhance Your Beauty with Organic &amp; Natural Skincare","publisher":{"@id":"https:\/\/dutchhealthstore.com\/nl\/#organization"},"potentialAction":[{"@type":"SearchAction","target":{"@type":"EntryPoint","urlTemplate":"https:\/\/dutchhealthstore.com\/nl\/?s={search_term_string}"},"query-input":{"@type":"PropertyValueSpecification","valueRequired":true,"valueName":"search_term_string"}}],"inLanguage":"nl-NL"},{"@type":"Organization","@id":"https:\/\/dutchhealthstore.com\/nl\/#organization","name":"Dutch Health Store","url":"https:\/\/dutchhealthstore.com\/nl\/","logo":{"@type":"ImageObject","inLanguage":"nl-NL","@id":"https:\/\/dutchhealthstore.com\/nl\/#\/schema\/logo\/image\/","url":"https:\/\/dutchhealthstore.com\/wp-content\/uploads\/2020\/08\/logo-dutchhealthstore-jpg-e1599484957574.jpg","contentUrl":"https:\/\/dutchhealthstore.com\/wp-content\/uploads\/2020\/08\/logo-dutchhealthstore-jpg-e1599484957574.jpg","width":400,"height":62,"caption":"Dutch Health Store"},"image":{"@id":"https:\/\/dutchhealthstore.com\/nl\/#\/schema\/logo\/image\/"},"sameAs":["https:\/\/www.instagram.com\/dutchhealthstore\/","https:\/\/www.facebook.com\/dutchhealthstore"]}]},"product_brand":"Tidelands House","product_price_amount":"52.50","product_price_currency":"EUR","og_availability":"instock","product_availability":"instock","product_condition":"new"},"_links":{"self":[{"href":"https:\/\/dutchhealthstore.com\/nl\/wp-json\/wp\/v2\/product\/374581","targetHints":{"allow":["GET"]}}],"collection":[{"href":"https:\/\/dutchhealthstore.com\/nl\/wp-json\/wp\/v2\/product"}],"about":[{"href":"https:\/\/dutchhealthstore.com\/nl\/wp-json\/wp\/v2\/types\/product"}],"replies":[{"embeddable":true,"href":"https:\/\/dutchhealthstore.com\/nl\/wp-json\/wp\/v2\/comments?post=374581"}],"wp:featuredmedia":[{"embeddable":true,"href":"https:\/\/dutchhealthstore.com\/nl\/wp-json\/wp\/v2\/media\/374474"}],"wp:attachment":[{"href":"https:\/\/dutchhealthstore.com\/nl\/wp-json\/wp\/v2\/media?parent=374581"}],"wp:term":[{"taxonomy":"product_brand","embeddable":true,"href":"https:\/\/dutchhealthstore.com\/nl\/wp-json\/wp\/v2\/product_brand?post=374581"},{"taxonomy":"product_cat","embeddable":true,"href":"https:\/\/dutchhealthstore.com\/nl\/wp-json\/wp\/v2\/product_cat?post=374581"},{"taxonomy":"product_tag","embeddable":true,"href":"https:\/\/dutchhealthstore.com\/nl\/wp-json\/wp\/v2\/product_tag?post=374581"}],"curies":[{"name":"wp","href":"https:\/\/api.w.org\/{rel}","templated":true}]}}