{"id":374577,"date":"2026-03-24T15:13:48","date_gmt":"2026-03-24T14:13:48","guid":{"rendered":"https:\/\/dutchhealthstore.com\/product\/la-lueur-coq10-illuminating-facial-serum\/"},"modified":"2026-03-24T15:13:48","modified_gmt":"2026-03-24T14:13:48","slug":"la-lueur-coq10-illuminating-facial-serum","status":"publish","type":"product","link":"https:\/\/dutchhealthstore.com\/nl\/product\/la-lueur-coq10-illuminating-facial-serum\/","title":{"rendered":"La Lueur CoQ10 Illuminating Facial Serum"},"content":{"rendered":"<p>La Lueur is verrijkt met natuurlijke iriserende silicaatmineralen die de huid een subtiele, lumineuze glans geven. Dit helende serum is rijk aan natuurlijk voorkomende antioxidanten, herstelt schade door vrije radicalen, stimuleert celvernieuwing en verzacht en hydrateert diep \u2014 voor een van binnenuit vernieuwde teint.<br \/>\nEen verzachtend, regenererend serum geschikt voor de normale, droge en rijpere huid. <\/p>\n<p><strong>Philosophy of Flowers<\/strong><br \/>\nSarsaparillawortel \u00b7 Rozenvrucht \u00b7 Boerenwormkruid \u00b7 Citroenmelissetinctuur \u00b7 Pure Woestijnvijgenessence<\/p>\n<h3>Hoe te gebruiken<\/h3>\n<p>Na het reinigen de huid vernevelen met een toner, bloemenwater of dauwdruppels. Klop 3\u20135 druppels serum in het gezicht, de hals en het decollet\u00e9 en masseer met aandacht in langzame, cirkelvormige bewegingen tot het volledig is opgenomen.  Gebruik &#8217;s morgens en &#8217;s avonds. Gebruik voor dieper herstel daarna een gezichtsbalsem of serumconcentraat naar keuze.<\/p>\n<h3>Actieve Elementen<\/h3>\n<p><strong>Woestijnvijgenolie<\/strong> \u2014 Een krachtige antioxidant die celveroudering vertraagt, vernieuwing stimuleert en de huid beschermt tegen schade door vrije radicalen. Verzacht littekens en kalmeert roodheid.<br \/>\nSarsaparillawortel \u2014 Rijk aan flavono\u00efden en essenti\u00eble voedingsstoffen waaronder koper, ijzer, mangaan, zink en vitaminen A en D. Een ideaal ingredi\u00ebnt voor healthy-aging, vooral voor de delicate huid rond de ogen.<br \/>\n<strong>Camelliazaadolie<\/strong> \u2014 Rijk aan oliezuur, vitaminen A, B, D en E, en voedende omega 3-, 6- en 9-vetzuren. Trekt moeiteloos in voor een vederlichte, helende hydratatie.<br \/>\nEgyptische zwarte komijnolie \u2014 Een diep voedende olie die wordt geprezen om haar verfraaiende eigenschappen \u2014 vermindert ontstekingen en roodheid terwijl het de teint verheldert en egaliseert.<br \/>\n<strong>Citroenmelisse<\/strong> \u2014 Beschermt tegen omgevingsstressoren door natuurlijk voorkomende cafe\u00efne- en ferulazuur-antioxidanten. Een rijke bron van eugenol en tannines, wat een kalmerende en verzachtende werking heeft op de huid.<br \/>\n<strong>Natuurlijk CoQ10-enzym<\/strong> \u2014 Het CoQ10-gehalte neemt natuurlijk af met de leeftijd, waardoor het vermogen van de huid om collageen en elastine aan te maken geleidelijk vermindert. Dit natuurlijk voorkomende enzym levert krachtige antioxidanten diep in de huid \u2014 een essentieel element voor soepelheid en glans dat fijne lijntjes en rimpeltjes helpt te minimaliseren.<br \/>\n<strong>Glowing Minerals<\/strong> \u2014 Fijne deeltjes iriserend goud verhelderen de huid op milde wijze en verzachten de aanblik van schaduwen en fijne lijntjes.<\/p>\n<p>Onze ingredi\u00ebnten zijn biologisch, in het wild geoogst en duurzaam, ethisch en regionaal ingekocht.<\/p>\n<p><strong>Verzorging van je Potion<\/strong><br \/>\n<em>Deze handgemaakte wild skin potion behoudt zijn hoogste potentie wanneer deze binnen 6 maanden na opening wordt gebruikt. Bewaren op kamertemperatuur, buiten direct zonlicht. <\/em><\/p>\n<p><strong>Inhoud: 30 ml<\/strong><\/p>\n<h2><strong>Natuurlijke \/ biologische ingredi\u00ebnten <\/strong><\/h2>\n<p>Huisgemaakte extracties van de hele plant en essences van woestijnvijg (<em>Opuntia ficus-indica<\/em>), Nova Scotiaanse rozenvrucht (<em>Rosa rugosa<\/em>), sarsaparillawortel (<em>Smilax spp.<\/em>), hopbloem (<em>Humulus lupulus<\/em>), lavandinbloem (<em>Lavandula x intermedia<\/em>), boerenwormkruid (<em>Tanacetum vulgare<\/em>), citroenmelisse (<em>Melissa officinalis<\/em>), oranjebloesem (<em>Citrus sinensis<\/em>), zwarte komijnolie (<em>Nigella sativa<\/em>), abrikozenpitolie (<em>Prunus armeniaca<\/em>), camelliazaadolie (<em>Camellia oleifera<\/em>), bernagieolie (<em>Borago officinalis<\/em>), tamanu-olie (<em>Calophyllum inophyllum<\/em>), natuurlijke silicaatmineralen (<em>diverse mineralen<\/em>), natuurlijk gewonnen CoQ10-extract (<em>ubiquinone<\/em>).<\/p>\n\n\t<section class=\"section dark\" id=\"section_1831894096\">\n\t\t<div class=\"section-bg fill\" >\n\t\t\t<img fetchpriority=\"high\" decoding=\"async\" width=\"1200\" height=\"604\" src=\"https:\/\/dutchhealthstore.com\/wp-content\/uploads\/2026\/02\/bgux.jpg\" class=\"bg attachment- size-\" alt=\"\" \/>\t\t\t\t\t\t<div class=\"section-bg-overlay absolute fill\"><\/div>\n\t\t\t\n\n\t\t<\/div>\n\n\t\t\n\n\t\t<div class=\"section-content relative\">\n\t\t\t\n\n\t<div id=\"gap-448055264\" class=\"gap-element clearfix\" style=\"display:block; height:auto;\">\n\t\t\n<style>\n#gap-448055264 {\n  padding-top: 15px;\n}\n<\/style>\n\t<\/div>\n\t\n\n<div class=\"container section-title-container\" ><h3 class=\"section-title section-title-normal\"><b><\/b><span class=\"section-title-main\" >Over Tidelands House<\/span><b><\/b><\/h3><\/div>\n\n<div class=\"row\"  id=\"row-20134563\">\n\n\n\t<div id=\"col-1881944201\" class=\"col small-12 large-12\"  >\n\t\t\t\t<div class=\"col-inner\"  >\n\t\t\t\n\t\t\t\n\n<p>Tidelands House is een Canadees botanisch huidverzorgingsatelier, opgericht door herborist Dominique Del Col. Elke formule wordt met de hand gemaakt in een door de zon verlichte distilleerkamer in een gerestaureerd 19e-eeuws stenen huisje, waar kruiden aan houten balken hangen en botanische ingredi\u00ebnten worden bereid in het ritme van de seizoenen.<\/p>\n<p>In het wild geplukte planten, biodynamische teelt en mariene botanische ingredi\u00ebnten verzameld aan de oostkust van Canada vormen de kern van elke bereiding. Ingredi\u00ebnten worden geoogst op het hoogtepunt van hun vitaliteit en in micro-batches verwerkt om de kracht, versheid en energetische integriteit te behouden. <\/p>\n<p>Geen synthetische toevoegingen. Geen onnodige vulstoffen. Alleen nutri\u00ebntenrijke botanische extracten, gefermenteerde bloesemessences en pure plantaardige oli\u00ebn in op erfgoed ge\u00efnspireerd melkglas.  <\/p>\n<p>Tidelands House is langzame, bewuste huidverzorging \u2014 geworteld in het land, rituelen en respect voor zowel traditie als moderne botanische wetenschap.<\/p>\n\n\n\t\t<\/div>\n\t\t\t\t\t<\/div>\n\n\t\n\n<\/div>\n\n\t\t<\/div>\n\n\t\t\n<style>\n#section_1831894096 {\n  padding-top: 30px;\n  padding-bottom: 30px;\n  background-color: rgb(40, 40, 40);\n}\n#section_1831894096 .section-bg-overlay {\n  background-color: rgba(0, 0, 0, 0.477);\n}\n#section_1831894096 .section-bg img {\n  object-position: 51% 73%;\n}\n<\/style>\n\t<\/section>\n\t\n","protected":false},"excerpt":{"rendered":"<p>Een ambachtelijk serum in beperkte oplage, vervaardigd uit pure, rauwe, in het wild geplukte botanische ingredi\u00ebnten en kruidenextracten.<\/p>\n","protected":false},"featured_media":374443,"comment_status":"open","ping_status":"closed","template":"","meta":[],"product_brand":[],"product_cat":[1029,5693,5621,20985,20948,5617,5696,14731,1006,20909,1906,5694,5623,5005,20917,5697,5698,5699,5700,5692,20984,510,22209,5695,5664],"product_tag":[],"class_list":{"0":"post-374577","1":"product","2":"type-product","3":"status-publish","4":"has-post-thumbnail","6":"product_cat-categorieen","7":"product_cat-dry-mature-ageing-skin-nl-5","8":"product_cat-dry-mature-ageing-skin-nl-4","9":"product_cat-droog-nl-3","10":"product_cat-droog-nl","11":"product_cat-sensitive-skin-redness-nl","12":"product_cat-sensitive-skin-redness-nl-5","13":"product_cat-huidverzorging","14":"product_cat-merken","15":"product_cat-new-additions-skincare-nl","16":"product_cat-nieuwe-producten","17":"product_cat-normal-or-combination-skin-nl-5","18":"product_cat-normal-or-combination-skin-nl","19":"product_cat-by-skin-type","20":"product_cat-rijpe-en-ouder-wordende-huid","21":"product_cat-serums-nl","22":"product_cat-serums-nl-2","23":"product_cat-serums-nl-3","24":"product_cat-serums-nl-4","25":"product_cat-serums-nl-9","26":"product_cat-serums-nl-5","27":"product_cat-shop-winkel","28":"product_cat-tidelands-house","29":"product_cat-oily-skin-clogged-pores-nl-6","30":"product_cat-oily-skin-clogged-pores-nl","31":"pa_brand-tidelands-house","32":"pa_gtin-22389","33":"pa_size-30-ml-nl","34":"pa_skincare-type-face-oil-and-serums-nl","36":"first","37":"instock","38":"taxable","39":"shipping-taxable","40":"purchasable","41":"product-type-simple"},"bundled_by":[],"bundle_stock_status":"instock","bundle_stock_quantity":1,"bundle_virtual":false,"bundle_layout":"","bundle_add_to_cart_form_location":"","bundle_editable_in_cart":false,"bundle_sold_individually_context":"","bundle_item_grouping":"","bundle_min_size":"","bundle_max_size":"","bundle_price":[],"bundled_items":[],"bundle_sell_ids":[372710],"atum_controlled":true,"out_stock_date":null,"out_stock_threshold":null,"inheritable":false,"stock_on_hold":0,"sold_today":0,"sales_last_days":2,"out_stock_days":0,"lost_sales":0,"update_date":"2026-04-14T07:21:59","atum_locations":[],"atum_stock_status":"instock","restock_status":false,"low_stock_amount":"","sales_update_date":"2026-04-14T07:21:59","calc_backorders":null,"group_of_quantity":0,"min_quantity":0,"max_quantity":"","exclude_order_quantity_value_rules":"no","exclude_category_quantity_rules":"no","combine_variations":"no","yoast_head":"<!-- This site is optimized with the Yoast SEO Premium plugin v26.5 (Yoast SEO v26.5) - https:\/\/yoast.com\/wordpress\/plugins\/seo\/ -->\n<title>La Lueur CoQ10 Illuminating Facial Serum - Tidelands House<\/title>\n<meta name=\"description\" content=\"Een ambachtelijk serum in beperkte oplage, vervaardigd uit pure, rauwe, in het wild geplukte botanische ingredi\u00ebnten en kruidenextracten.\" \/>\n<meta name=\"robots\" content=\"index, follow, max-snippet:-1, max-image-preview:large, max-video-preview:-1\" \/>\n<link rel=\"canonical\" href=\"https:\/\/dutchhealthstore.com\/nl\/product\/la-lueur-coq10-illuminating-facial-serum\/\" \/>\n<meta property=\"og:locale\" content=\"nl_NL\" \/>\n<meta property=\"og:type\" content=\"article\" \/>\n<meta property=\"og:title\" content=\"La Lueur CoQ10 Illuminating Facial Serum - Dutch Health Store\" \/>\n<meta property=\"og:description\" content=\"Een ambachtelijk serum in beperkte oplage, vervaardigd uit pure, rauwe, in het wild geplukte botanische ingredi\u00ebnten en kruidenextracten.\" \/>\n<meta property=\"og:url\" content=\"https:\/\/dutchhealthstore.com\/nl\/product\/la-lueur-coq10-illuminating-facial-serum\/\" \/>\n<meta property=\"og:site_name\" content=\"Dutch Health Store\" \/>\n<meta property=\"article:publisher\" content=\"https:\/\/www.instagram.com\/dutchhealthstore\/\" \/>\n<meta property=\"og:image\" content=\"https:\/\/dutchhealthstore.com\/wp-content\/uploads\/2026\/03\/Untitled-design-2026-03-23T162502.820.jpg\" \/>\n\t<meta property=\"og:image:width\" content=\"530\" \/>\n\t<meta property=\"og:image:height\" content=\"530\" \/>\n\t<meta property=\"og:image:type\" content=\"image\/jpeg\" \/>\n<meta name=\"twitter:card\" content=\"summary_large_image\" \/>\n<meta name=\"twitter:label1\" content=\"Prijs\" \/>\n\t<meta name=\"twitter:data1\" content=\"&euro;71,95\" \/>\n\t<meta name=\"twitter:label2\" content=\"Beschikbaarheid\" \/>\n\t<meta name=\"twitter:data2\" content=\"Op voorraad\" \/>\n<script type=\"application\/ld+json\" class=\"yoast-schema-graph\">{\"@context\":\"https:\/\/schema.org\",\"@graph\":[{\"@type\":\"WebPage\",\"@id\":\"https:\/\/dutchhealthstore.com\/nl\/product\/la-lueur-coq10-illuminating-facial-serum\/\",\"url\":\"https:\/\/dutchhealthstore.com\/nl\/product\/la-lueur-coq10-illuminating-facial-serum\/\",\"name\":\"La Lueur CoQ10 Illuminating Facial Serum - Tidelands House\",\"isPartOf\":{\"@id\":\"https:\/\/dutchhealthstore.com\/nl\/#website\"},\"primaryImageOfPage\":{\"@id\":\"https:\/\/dutchhealthstore.com\/nl\/product\/la-lueur-coq10-illuminating-facial-serum\/#primaryimage\"},\"image\":{\"@id\":\"https:\/\/dutchhealthstore.com\/nl\/product\/la-lueur-coq10-illuminating-facial-serum\/#primaryimage\"},\"thumbnailUrl\":\"https:\/\/dutchhealthstore.com\/wp-content\/uploads\/2026\/03\/Untitled-design-2026-03-23T162502.820.jpg\",\"datePublished\":\"2026-03-24T14:13:48+00:00\",\"description\":\"Een ambachtelijk serum in beperkte oplage, vervaardigd uit pure, rauwe, in het wild geplukte botanische ingredi\u00ebnten en kruidenextracten.\",\"breadcrumb\":{\"@id\":\"https:\/\/dutchhealthstore.com\/nl\/product\/la-lueur-coq10-illuminating-facial-serum\/#breadcrumb\"},\"inLanguage\":\"nl-NL\",\"potentialAction\":[{\"@type\":\"ReadAction\",\"target\":[\"https:\/\/dutchhealthstore.com\/nl\/product\/la-lueur-coq10-illuminating-facial-serum\/\"]}]},{\"@type\":\"ImageObject\",\"inLanguage\":\"nl-NL\",\"@id\":\"https:\/\/dutchhealthstore.com\/nl\/product\/la-lueur-coq10-illuminating-facial-serum\/#primaryimage\",\"url\":\"https:\/\/dutchhealthstore.com\/wp-content\/uploads\/2026\/03\/Untitled-design-2026-03-23T162502.820.jpg\",\"contentUrl\":\"https:\/\/dutchhealthstore.com\/wp-content\/uploads\/2026\/03\/Untitled-design-2026-03-23T162502.820.jpg\",\"width\":530,\"height\":530,\"caption\":\"tidelands-house-la-lueur\"},{\"@type\":\"BreadcrumbList\",\"@id\":\"https:\/\/dutchhealthstore.com\/nl\/product\/la-lueur-coq10-illuminating-facial-serum\/#breadcrumb\",\"itemListElement\":[{\"@type\":\"ListItem\",\"position\":1,\"name\":\"Home\",\"item\":\"https:\/\/dutchhealthstore.com\/nl\/\"},{\"@type\":\"ListItem\",\"position\":2,\"name\":\"Shop\",\"item\":\"https:\/\/dutchhealthstore.com\/nl\/shop\/\"},{\"@type\":\"ListItem\",\"position\":3,\"name\":\"La Lueur CoQ10 Illuminating Facial Serum\"}]},{\"@type\":\"WebSite\",\"@id\":\"https:\/\/dutchhealthstore.com\/nl\/#website\",\"url\":\"https:\/\/dutchhealthstore.com\/nl\/\",\"name\":\"Dutch Health Store\",\"description\":\"Enhance Your Beauty with Organic &amp; Natural Skincare\",\"publisher\":{\"@id\":\"https:\/\/dutchhealthstore.com\/nl\/#organization\"},\"potentialAction\":[{\"@type\":\"SearchAction\",\"target\":{\"@type\":\"EntryPoint\",\"urlTemplate\":\"https:\/\/dutchhealthstore.com\/nl\/?s={search_term_string}\"},\"query-input\":{\"@type\":\"PropertyValueSpecification\",\"valueRequired\":true,\"valueName\":\"search_term_string\"}}],\"inLanguage\":\"nl-NL\"},{\"@type\":\"Organization\",\"@id\":\"https:\/\/dutchhealthstore.com\/nl\/#organization\",\"name\":\"Dutch Health Store\",\"url\":\"https:\/\/dutchhealthstore.com\/nl\/\",\"logo\":{\"@type\":\"ImageObject\",\"inLanguage\":\"nl-NL\",\"@id\":\"https:\/\/dutchhealthstore.com\/nl\/#\/schema\/logo\/image\/\",\"url\":\"https:\/\/dutchhealthstore.com\/wp-content\/uploads\/2020\/08\/logo-dutchhealthstore-jpg-e1599484957574.jpg\",\"contentUrl\":\"https:\/\/dutchhealthstore.com\/wp-content\/uploads\/2020\/08\/logo-dutchhealthstore-jpg-e1599484957574.jpg\",\"width\":400,\"height\":62,\"caption\":\"Dutch Health Store\"},\"image\":{\"@id\":\"https:\/\/dutchhealthstore.com\/nl\/#\/schema\/logo\/image\/\"},\"sameAs\":[\"https:\/\/www.instagram.com\/dutchhealthstore\/\",\"https:\/\/www.facebook.com\/dutchhealthstore\"]}]}<\/script>\n<meta property=\"product:brand\" content=\"Tidelands House\" \/>\n<meta property=\"product:price:amount\" content=\"71.95\" \/>\n<meta property=\"product:price:currency\" content=\"EUR\" \/>\n<meta property=\"og:availability\" content=\"instock\" \/>\n<meta property=\"product:availability\" content=\"instock\" \/>\n<meta property=\"product:condition\" content=\"new\" \/>\n<!-- \/ Yoast SEO Premium plugin. -->","yoast_head_json":{"title":"La Lueur CoQ10 Illuminating Facial Serum - Tidelands House","description":"Een ambachtelijk serum in beperkte oplage, vervaardigd uit pure, rauwe, in het wild geplukte botanische ingredi\u00ebnten en kruidenextracten.","robots":{"index":"index","follow":"follow","max-snippet":"max-snippet:-1","max-image-preview":"max-image-preview:large","max-video-preview":"max-video-preview:-1"},"canonical":"https:\/\/dutchhealthstore.com\/nl\/product\/la-lueur-coq10-illuminating-facial-serum\/","og_locale":"nl_NL","og_type":"article","og_title":"La Lueur CoQ10 Illuminating Facial Serum - Dutch Health Store","og_description":"Een ambachtelijk serum in beperkte oplage, vervaardigd uit pure, rauwe, in het wild geplukte botanische ingredi\u00ebnten en kruidenextracten.","og_url":"https:\/\/dutchhealthstore.com\/nl\/product\/la-lueur-coq10-illuminating-facial-serum\/","og_site_name":"Dutch Health Store","article_publisher":"https:\/\/www.instagram.com\/dutchhealthstore\/","og_image":[{"width":530,"height":530,"url":"https:\/\/dutchhealthstore.com\/wp-content\/uploads\/2026\/03\/Untitled-design-2026-03-23T162502.820.jpg","type":"image\/jpeg"}],"twitter_card":"summary_large_image","twitter_misc":{"Prijs":"&euro;71,95","Beschikbaarheid":"Op voorraad"},"schema":{"@context":"https:\/\/schema.org","@graph":[{"@type":"WebPage","@id":"https:\/\/dutchhealthstore.com\/nl\/product\/la-lueur-coq10-illuminating-facial-serum\/","url":"https:\/\/dutchhealthstore.com\/nl\/product\/la-lueur-coq10-illuminating-facial-serum\/","name":"La Lueur CoQ10 Illuminating Facial Serum - Tidelands House","isPartOf":{"@id":"https:\/\/dutchhealthstore.com\/nl\/#website"},"primaryImageOfPage":{"@id":"https:\/\/dutchhealthstore.com\/nl\/product\/la-lueur-coq10-illuminating-facial-serum\/#primaryimage"},"image":{"@id":"https:\/\/dutchhealthstore.com\/nl\/product\/la-lueur-coq10-illuminating-facial-serum\/#primaryimage"},"thumbnailUrl":"https:\/\/dutchhealthstore.com\/wp-content\/uploads\/2026\/03\/Untitled-design-2026-03-23T162502.820.jpg","datePublished":"2026-03-24T14:13:48+00:00","description":"Een ambachtelijk serum in beperkte oplage, vervaardigd uit pure, rauwe, in het wild geplukte botanische ingredi\u00ebnten en kruidenextracten.","breadcrumb":{"@id":"https:\/\/dutchhealthstore.com\/nl\/product\/la-lueur-coq10-illuminating-facial-serum\/#breadcrumb"},"inLanguage":"nl-NL","potentialAction":[{"@type":"ReadAction","target":["https:\/\/dutchhealthstore.com\/nl\/product\/la-lueur-coq10-illuminating-facial-serum\/"]}]},{"@type":"ImageObject","inLanguage":"nl-NL","@id":"https:\/\/dutchhealthstore.com\/nl\/product\/la-lueur-coq10-illuminating-facial-serum\/#primaryimage","url":"https:\/\/dutchhealthstore.com\/wp-content\/uploads\/2026\/03\/Untitled-design-2026-03-23T162502.820.jpg","contentUrl":"https:\/\/dutchhealthstore.com\/wp-content\/uploads\/2026\/03\/Untitled-design-2026-03-23T162502.820.jpg","width":530,"height":530,"caption":"tidelands-house-la-lueur"},{"@type":"BreadcrumbList","@id":"https:\/\/dutchhealthstore.com\/nl\/product\/la-lueur-coq10-illuminating-facial-serum\/#breadcrumb","itemListElement":[{"@type":"ListItem","position":1,"name":"Home","item":"https:\/\/dutchhealthstore.com\/nl\/"},{"@type":"ListItem","position":2,"name":"Shop","item":"https:\/\/dutchhealthstore.com\/nl\/shop\/"},{"@type":"ListItem","position":3,"name":"La Lueur CoQ10 Illuminating Facial Serum"}]},{"@type":"WebSite","@id":"https:\/\/dutchhealthstore.com\/nl\/#website","url":"https:\/\/dutchhealthstore.com\/nl\/","name":"Dutch Health Store","description":"Enhance Your Beauty with Organic &amp; Natural Skincare","publisher":{"@id":"https:\/\/dutchhealthstore.com\/nl\/#organization"},"potentialAction":[{"@type":"SearchAction","target":{"@type":"EntryPoint","urlTemplate":"https:\/\/dutchhealthstore.com\/nl\/?s={search_term_string}"},"query-input":{"@type":"PropertyValueSpecification","valueRequired":true,"valueName":"search_term_string"}}],"inLanguage":"nl-NL"},{"@type":"Organization","@id":"https:\/\/dutchhealthstore.com\/nl\/#organization","name":"Dutch Health Store","url":"https:\/\/dutchhealthstore.com\/nl\/","logo":{"@type":"ImageObject","inLanguage":"nl-NL","@id":"https:\/\/dutchhealthstore.com\/nl\/#\/schema\/logo\/image\/","url":"https:\/\/dutchhealthstore.com\/wp-content\/uploads\/2020\/08\/logo-dutchhealthstore-jpg-e1599484957574.jpg","contentUrl":"https:\/\/dutchhealthstore.com\/wp-content\/uploads\/2020\/08\/logo-dutchhealthstore-jpg-e1599484957574.jpg","width":400,"height":62,"caption":"Dutch Health Store"},"image":{"@id":"https:\/\/dutchhealthstore.com\/nl\/#\/schema\/logo\/image\/"},"sameAs":["https:\/\/www.instagram.com\/dutchhealthstore\/","https:\/\/www.facebook.com\/dutchhealthstore"]}]},"product_brand":"Tidelands House","product_price_amount":"71.95","product_price_currency":"EUR","og_availability":"instock","product_availability":"instock","product_condition":"new"},"_links":{"self":[{"href":"https:\/\/dutchhealthstore.com\/nl\/wp-json\/wp\/v2\/product\/374577","targetHints":{"allow":["GET"]}}],"collection":[{"href":"https:\/\/dutchhealthstore.com\/nl\/wp-json\/wp\/v2\/product"}],"about":[{"href":"https:\/\/dutchhealthstore.com\/nl\/wp-json\/wp\/v2\/types\/product"}],"replies":[{"embeddable":true,"href":"https:\/\/dutchhealthstore.com\/nl\/wp-json\/wp\/v2\/comments?post=374577"}],"wp:featuredmedia":[{"embeddable":true,"href":"https:\/\/dutchhealthstore.com\/nl\/wp-json\/wp\/v2\/media\/374443"}],"wp:attachment":[{"href":"https:\/\/dutchhealthstore.com\/nl\/wp-json\/wp\/v2\/media?parent=374577"}],"wp:term":[{"taxonomy":"product_brand","embeddable":true,"href":"https:\/\/dutchhealthstore.com\/nl\/wp-json\/wp\/v2\/product_brand?post=374577"},{"taxonomy":"product_cat","embeddable":true,"href":"https:\/\/dutchhealthstore.com\/nl\/wp-json\/wp\/v2\/product_cat?post=374577"},{"taxonomy":"product_tag","embeddable":true,"href":"https:\/\/dutchhealthstore.com\/nl\/wp-json\/wp\/v2\/product_tag?post=374577"}],"curies":[{"name":"wp","href":"https:\/\/api.w.org\/{rel}","templated":true}]}}