{"id":374576,"date":"2026-03-24T15:11:06","date_gmt":"2026-03-24T14:11:06","guid":{"rendered":"https:\/\/dutchhealthstore.com\/product\/la-mer-profonde-eye-full-brows-deep-repair-serum\/"},"modified":"2026-03-24T15:11:06","modified_gmt":"2026-03-24T14:11:06","slug":"la-mer-profonde-eye-full-brows-deep-repair-serum","status":"publish","type":"product","link":"https:\/\/dutchhealthstore.com\/nl\/product\/la-mer-profonde-eye-full-brows-deep-repair-serum\/","title":{"rendered":"La Mer Profonde Eye + Full Brows Deep Repair Serum"},"content":{"rendered":"<p>Met krachtig, voedingsrijk Canadees wildgeplukt zeewier, biologische dark roast koffie, CoQ10-enzym en herstellende plantenextracten, is La Mer Profonde ontwikkeld om de kwetsbare huid rond de ogen te voeden \u2014 het verzacht fijne lijntjes, vermindert wallen en laat de huid vol, zacht en hersteld aanvoelen. Dit kostbare concentraat is licht en trekt snel in. Het is speciaal geformuleerd om wenkbrauwharen te versterken, te verzorgen en te verdikken, wat de groei stimuleert en de natuurlijke vorm van de wenkbrauwen verbetert. <\/p>\n<p><strong>Filosofie van Bloemen <\/strong><\/p>\n<p>Tidal Flowers \u00b7 Suikerkelp \u00b7 Zoethoutwortel \u00b7 Bioregionale kamillebloesem \u00b7 Dark Roast koffiebonen<\/p>\n<h3>Hoe te gebruiken<\/h3>\n<p>Rol de verkoelende applicator over de wenkbrauwen en de huid onder de ogen, met de focus op het oogkasbot, voordat je je gezichtsserum aanbrengt. Klop zachtjes met je vingertoppen tot het is opgenomen. Gebruik naar wens &#8217;s ochtends en &#8217;s avonds.<br \/>\nEen massage tegen wallen onder de ogen:<br \/>\nGebruik na het aanbrengen van La Mer Profonde je wijs- en middelvinger om in een J-vormig patroon rond de oogkassen te masseren \u2014 beginnend bij de zijkanten van de neus naar de plek net onder de buitenste ooghoeken, eindigend waar de jukbeenderen de buitenste ooghoeken raken. Herhaal dit enkele malen tot het serum volledig is opgenomen. Deze techniek ondersteunt de lymfedrainage en helpt zwellingen onder de ogen te minimaliseren.    <\/p>\n<h3>Actieve Botanische Ingredi\u00ebnten<\/h3>\n<p><strong>Suikerkelp<\/strong> \u2014 Wild zeewier behoort tot de meest voedingsrijke planten in de natuur en biedt een volledig spectrum aan prote\u00efnen, b\u00e8tacaroteen, enzymen, aminozuren, vezels, slijmachtige polysachariden, antioxidanten, vitaminen A, B, B12, C en E, en een overvloed aan sporenelementen.<br \/>\n<strong>Natuurlijk CoQ10-enzym<\/strong> \u2014 Het CoQ10-gehalte neemt natuurlijk af met de leeftijd, waardoor het vermogen van de huid om collageen en elastine aan te maken geleidelijk vermindert. Dit natuurlijk voorkomende enzym levert krachtige antioxidanten diep in de huid \u2014 een essentieel onderdeel voor soepelheid en glans dat fijne lijntjes en rimpeltjes helpt te minimaliseren.<br \/>\n<strong>Dark Roast koffie (Coffea arabica)<\/strong> \u2014 Een langzame infusie van lokaal gebrande koffiebonen in gouden plantaardige oli\u00ebn onttrekt de antioxidante en verstevigende eigenschappen aan de hele boon. De polyfenolen en fytocompounds in koffie ondersteunen de bloedsomloop en helpen wallen en vermoeidheid rond de ogen te verminderen. De gebrande infusie geeft een subtiele warmte die de huid voedt en na verloop van tijd kan zorgen voor sterkere, vollere wenkbrauwen en wimpers.<br \/>\n<strong>Brandnetelblad<\/strong> \u2014 Van nature rijk aan silica, zwavel en krachtige fytonutri\u00ebnten die zorgen voor glanzender en gezonder haar. Brandnetel helpt ook haaruitval tegen te gaan om volheid en dikte te bevorderen, terwijl het de weerstand van de huid tegen UV-schade en omgevingsstressoren verhoogt.<br \/>\n<strong>Heemstwortel<\/strong> \u2014 Een natuurlijke humectant die vocht naar de huid en het haar trekt, waardoor het hydratatieniveau verbetert. Dit extract is rijk aan flavono\u00efden met ontstekingsremmende eigenschappen en helpt schade door UV en vrije radicalen te voorkomen en te herstellen.<br \/>\n<strong>Pure macadamianootolie<\/strong> \u2014 Uitzonderlijk rijk aan heilzame vetzuren, met een hoog gehalte aan linol- en oliezuur dat de natuurlijke barri\u00e8re van de huid herstelt \u2014 dit voorkomt vochtverlies en beschermt tegen milieuschade en gifstoffen.<br \/>\n<strong>Zoethoutwortel<\/strong> \u2014 Verzacht hyperpigmentatie en een ongelijkmatige teint, terwijl het op natuurlijke wijze UV-licht blokkeert via eigen enzymen. Actieve bestanddelen verminderen ontstekingen en zwellingen, terwijl ze de huid tonifi\u00ebren en verstevigen. Een rijke bron van vitale voedingsstoffen en antioxidanten die vrije radicalen neutraliseren.  <\/p>\n<p><em><strong>Deze formule is vrij van essenti\u00eble oli\u00ebn.<\/strong><\/em><br \/>\n<em><strong>Alle ingredi\u00ebnten zijn biologisch, wildgeplukt en duurzaam, ethisch en regionaal ingekocht.<\/strong><\/em><\/p>\n<p><strong>Inhoud: 10 ml<\/strong><\/p>\n<h2><strong>Natuurlijke \/ biologische ingredi\u00ebnten <\/strong><\/h2>\n<p>Huisgemaakte extracten van de hele plant en essences van Vancouver Island suikerkelp (<em>Saccharina latissima<\/em>), kombu-kelp (<em>Laminaria japonica<\/em>), zoethoutwortel (<em>Glycyrrhiza glabra<\/em>), heemstwortel (<em>Althaea officinalis<\/em>), wild muntblad (<em>Mentha piperita<\/em>), kamillebloemen (<em>Matricaria chamomilla<\/em>), vogelmuurblad (<em>Stellaria media<\/em>), brandnetelblad geplukt bij volle maan (<em>Urtica dioica<\/em>), macadamianootolie (<em>Macadamia integrifolia<\/em>), jojoba-olie (<em>Simmondsia chinensis<\/em>), langzaam gebrande biologische lokale koffiebonen (<em>Coffea arabica<\/em>), natuurlijk gewonnen CoQ10-extract (<em>Ubiquinone<\/em>).<\/p>\n\n\t<section class=\"section dark\" id=\"section_2048812175\">\n\t\t<div class=\"section-bg fill\" >\n\t\t\t<img fetchpriority=\"high\" decoding=\"async\" width=\"1200\" height=\"604\" src=\"https:\/\/dutchhealthstore.com\/wp-content\/uploads\/2026\/02\/bgux.jpg\" class=\"bg attachment- size-\" alt=\"\" \/>\t\t\t\t\t\t<div class=\"section-bg-overlay absolute fill\"><\/div>\n\t\t\t\n\n\t\t<\/div>\n\n\t\t\n\n\t\t<div class=\"section-content relative\">\n\t\t\t\n\n\t<div id=\"gap-808538137\" class=\"gap-element clearfix\" style=\"display:block; height:auto;\">\n\t\t\n<style>\n#gap-808538137 {\n  padding-top: 15px;\n}\n<\/style>\n\t<\/div>\n\t\n\n<div class=\"container section-title-container\" ><h3 class=\"section-title section-title-normal\"><b><\/b><span class=\"section-title-main\" >Over Tidelands House<\/span><b><\/b><\/h3><\/div>\n\n<div class=\"row\"  id=\"row-1353219055\">\n\n\n\t<div id=\"col-25600668\" class=\"col small-12 large-12\"  >\n\t\t\t\t<div class=\"col-inner\"  >\n\t\t\t\n\t\t\t\n\n<p>Tidelands House is een Canadees botanisch huidverzorgingsatelier, opgericht door herborist Dominique Del Col. Elke formule wordt met de hand gemaakt in een door de zon verlichte distilleerkamer in een gerestaureerd 19e-eeuws stenen huisje, waar kruiden aan houten balken hangen en botanische ingredi\u00ebnten worden bereid in het ritme van de seizoenen.<\/p>\n<p>In het wild geplukte planten, biodynamische teelt en mariene botanische ingredi\u00ebnten verzameld aan de oostkust van Canada vormen de kern van elke bereiding. Ingredi\u00ebnten worden geoogst op het hoogtepunt van hun vitaliteit en in micro-batches verwerkt om de kracht, versheid en energetische integriteit te behouden. <\/p>\n<p>Geen synthetische toevoegingen. Geen onnodige vulstoffen. Alleen nutri\u00ebntenrijke botanische extracten, gefermenteerde bloesemessences en pure plantaardige oli\u00ebn in op erfgoed ge\u00efnspireerd melkglas.  <\/p>\n<p>Tidelands House is langzame, bewuste huidverzorging \u2014 geworteld in het land, rituelen en respect voor zowel traditie als moderne botanische wetenschap.<\/p>\n\n\n\t\t<\/div>\n\t\t\t\t\t<\/div>\n\n\t\n\n<\/div>\n\n\t\t<\/div>\n\n\t\t\n<style>\n#section_2048812175 {\n  padding-top: 30px;\n  padding-bottom: 30px;\n  background-color: rgb(40, 40, 40);\n}\n#section_2048812175 .section-bg-overlay {\n  background-color: rgba(0, 0, 0, 0.477);\n}\n#section_2048812175 .section-bg img {\n  object-position: 51% 73%;\n}\n<\/style>\n\t<\/section>\n\t\n","protected":false},"excerpt":{"rendered":"<p>La Mer Profonde is ontwikkeld om de kwetsbare huid rond de ogen te voeden \u2014 het verzacht fijne lijntjes, vermindert wallen en laat de huid vol, zacht en hersteld aanvoelen.<\/p>\n","protected":false},"featured_media":374494,"comment_status":"open","ping_status":"closed","template":"","meta":[],"product_brand":[],"product_cat":[1029,14731,1006,20909,1906,5894,5925,510,22209],"product_tag":[],"class_list":{"0":"post-374576","1":"product","2":"type-product","3":"status-publish","4":"has-post-thumbnail","6":"product_cat-categorieen","7":"product_cat-huidverzorging","8":"product_cat-merken","9":"product_cat-new-additions-skincare-nl","10":"product_cat-nieuwe-producten","11":"product_cat-eye-lip-care-nl","12":"product_cat-eye-care-nl-3","13":"product_cat-shop-winkel","14":"product_cat-tidelands-house","15":"pa_brand-tidelands-house","16":"pa_gtin-22388","17":"pa_size-10-ml-nl","18":"pa_skincare-type-lips-eye-care-nl","20":"first","21":"outofstock","22":"taxable","23":"shipping-taxable","24":"purchasable","25":"product-type-simple"},"bundled_by":[],"bundle_stock_status":"outofstock","bundle_stock_quantity":0,"bundle_virtual":false,"bundle_layout":"","bundle_add_to_cart_form_location":"","bundle_editable_in_cart":false,"bundle_sold_individually_context":"","bundle_item_grouping":"","bundle_min_size":"","bundle_max_size":"","bundle_price":[],"bundled_items":[],"bundle_sell_ids":[372479],"atum_controlled":true,"out_stock_date":"2026-03-28 14:07:57","out_stock_threshold":null,"inheritable":false,"stock_on_hold":0,"sold_today":0,"sales_last_days":3,"out_stock_days":1,"lost_sales":19,"update_date":"2026-04-14T07:21:59","atum_locations":[],"atum_stock_status":"outofstock","restock_status":false,"low_stock_amount":"","sales_update_date":"2026-04-14T07:21:59","calc_backorders":null,"group_of_quantity":0,"min_quantity":0,"max_quantity":"","exclude_order_quantity_value_rules":"no","exclude_category_quantity_rules":"no","combine_variations":"no","yoast_head":"<!-- This site is optimized with the Yoast SEO Premium plugin v26.5 (Yoast SEO v26.5) - https:\/\/yoast.com\/wordpress\/plugins\/seo\/ -->\n<title>La Mer Profonde Eye + Full Brows Deep Repair Serum - Tidelands House<\/title>\n<meta name=\"description\" content=\"La Mer Profonde is ontwikkeld om de kwetsbare huid rond de ogen te voeden \u2014 het verzacht fijne lijntjes, vermindert wallen en laat de huid vol, zacht en hersteld aanvoelen.\" \/>\n<meta name=\"robots\" content=\"index, follow, max-snippet:-1, max-image-preview:large, max-video-preview:-1\" \/>\n<link rel=\"canonical\" href=\"https:\/\/dutchhealthstore.com\/nl\/product\/la-mer-profonde-eye-full-brows-deep-repair-serum\/\" \/>\n<meta property=\"og:locale\" content=\"nl_NL\" \/>\n<meta property=\"og:type\" content=\"article\" \/>\n<meta property=\"og:title\" content=\"La Mer Profonde Eye + Full Brows Deep Repair Serum - Dutch Health Store\" \/>\n<meta property=\"og:description\" content=\"La Mer Profonde is ontwikkeld om de kwetsbare huid rond de ogen te voeden \u2014 het verzacht fijne lijntjes, vermindert wallen en laat de huid vol, zacht en hersteld aanvoelen.\" \/>\n<meta property=\"og:url\" content=\"https:\/\/dutchhealthstore.com\/nl\/product\/la-mer-profonde-eye-full-brows-deep-repair-serum\/\" \/>\n<meta property=\"og:site_name\" content=\"Dutch Health Store\" \/>\n<meta property=\"article:publisher\" content=\"https:\/\/www.instagram.com\/dutchhealthstore\/\" \/>\n<meta property=\"og:image\" content=\"https:\/\/dutchhealthstore.com\/wp-content\/uploads\/2026\/03\/Untitled-design-2026-03-24T092920.666.jpg\" \/>\n\t<meta property=\"og:image:width\" content=\"530\" \/>\n\t<meta property=\"og:image:height\" content=\"530\" \/>\n\t<meta property=\"og:image:type\" content=\"image\/jpeg\" \/>\n<meta name=\"twitter:card\" content=\"summary_large_image\" \/>\n<meta name=\"twitter:label1\" content=\"Prijs\" \/>\n\t<meta name=\"twitter:data1\" content=\"&euro;45,95\" \/>\n\t<meta name=\"twitter:label2\" content=\"Beschikbaarheid\" \/>\n\t<meta name=\"twitter:data2\" content=\"Uitverkocht\" \/>\n<script type=\"application\/ld+json\" class=\"yoast-schema-graph\">{\"@context\":\"https:\/\/schema.org\",\"@graph\":[{\"@type\":\"WebPage\",\"@id\":\"https:\/\/dutchhealthstore.com\/nl\/product\/la-mer-profonde-eye-full-brows-deep-repair-serum\/\",\"url\":\"https:\/\/dutchhealthstore.com\/nl\/product\/la-mer-profonde-eye-full-brows-deep-repair-serum\/\",\"name\":\"La Mer Profonde Eye + Full Brows Deep Repair Serum - Tidelands House\",\"isPartOf\":{\"@id\":\"https:\/\/dutchhealthstore.com\/nl\/#website\"},\"primaryImageOfPage\":{\"@id\":\"https:\/\/dutchhealthstore.com\/nl\/product\/la-mer-profonde-eye-full-brows-deep-repair-serum\/#primaryimage\"},\"image\":{\"@id\":\"https:\/\/dutchhealthstore.com\/nl\/product\/la-mer-profonde-eye-full-brows-deep-repair-serum\/#primaryimage\"},\"thumbnailUrl\":\"https:\/\/dutchhealthstore.com\/wp-content\/uploads\/2026\/03\/Untitled-design-2026-03-24T092920.666.jpg\",\"datePublished\":\"2026-03-24T14:11:06+00:00\",\"description\":\"La Mer Profonde is ontwikkeld om de kwetsbare huid rond de ogen te voeden \u2014 het verzacht fijne lijntjes, vermindert wallen en laat de huid vol, zacht en hersteld aanvoelen.\",\"breadcrumb\":{\"@id\":\"https:\/\/dutchhealthstore.com\/nl\/product\/la-mer-profonde-eye-full-brows-deep-repair-serum\/#breadcrumb\"},\"inLanguage\":\"nl-NL\",\"potentialAction\":[{\"@type\":\"ReadAction\",\"target\":[\"https:\/\/dutchhealthstore.com\/nl\/product\/la-mer-profonde-eye-full-brows-deep-repair-serum\/\"]}]},{\"@type\":\"ImageObject\",\"inLanguage\":\"nl-NL\",\"@id\":\"https:\/\/dutchhealthstore.com\/nl\/product\/la-mer-profonde-eye-full-brows-deep-repair-serum\/#primaryimage\",\"url\":\"https:\/\/dutchhealthstore.com\/wp-content\/uploads\/2026\/03\/Untitled-design-2026-03-24T092920.666.jpg\",\"contentUrl\":\"https:\/\/dutchhealthstore.com\/wp-content\/uploads\/2026\/03\/Untitled-design-2026-03-24T092920.666.jpg\",\"width\":530,\"height\":530,\"caption\":\"tidelands-house-la-mer-profonde\"},{\"@type\":\"BreadcrumbList\",\"@id\":\"https:\/\/dutchhealthstore.com\/nl\/product\/la-mer-profonde-eye-full-brows-deep-repair-serum\/#breadcrumb\",\"itemListElement\":[{\"@type\":\"ListItem\",\"position\":1,\"name\":\"Home\",\"item\":\"https:\/\/dutchhealthstore.com\/nl\/\"},{\"@type\":\"ListItem\",\"position\":2,\"name\":\"Shop\",\"item\":\"https:\/\/dutchhealthstore.com\/nl\/shop\/\"},{\"@type\":\"ListItem\",\"position\":3,\"name\":\"La Mer Profonde Eye + Full Brows Deep Repair Serum\"}]},{\"@type\":\"WebSite\",\"@id\":\"https:\/\/dutchhealthstore.com\/nl\/#website\",\"url\":\"https:\/\/dutchhealthstore.com\/nl\/\",\"name\":\"Dutch Health Store\",\"description\":\"Enhance Your Beauty with Organic &amp; Natural Skincare\",\"publisher\":{\"@id\":\"https:\/\/dutchhealthstore.com\/nl\/#organization\"},\"potentialAction\":[{\"@type\":\"SearchAction\",\"target\":{\"@type\":\"EntryPoint\",\"urlTemplate\":\"https:\/\/dutchhealthstore.com\/nl\/?s={search_term_string}\"},\"query-input\":{\"@type\":\"PropertyValueSpecification\",\"valueRequired\":true,\"valueName\":\"search_term_string\"}}],\"inLanguage\":\"nl-NL\"},{\"@type\":\"Organization\",\"@id\":\"https:\/\/dutchhealthstore.com\/nl\/#organization\",\"name\":\"Dutch Health Store\",\"url\":\"https:\/\/dutchhealthstore.com\/nl\/\",\"logo\":{\"@type\":\"ImageObject\",\"inLanguage\":\"nl-NL\",\"@id\":\"https:\/\/dutchhealthstore.com\/nl\/#\/schema\/logo\/image\/\",\"url\":\"https:\/\/dutchhealthstore.com\/wp-content\/uploads\/2020\/08\/logo-dutchhealthstore-jpg-e1599484957574.jpg\",\"contentUrl\":\"https:\/\/dutchhealthstore.com\/wp-content\/uploads\/2020\/08\/logo-dutchhealthstore-jpg-e1599484957574.jpg\",\"width\":400,\"height\":62,\"caption\":\"Dutch Health Store\"},\"image\":{\"@id\":\"https:\/\/dutchhealthstore.com\/nl\/#\/schema\/logo\/image\/\"},\"sameAs\":[\"https:\/\/www.instagram.com\/dutchhealthstore\/\",\"https:\/\/www.facebook.com\/dutchhealthstore\"]}]}<\/script>\n<meta property=\"product:brand\" content=\"Tidelands House\" \/>\n<meta property=\"product:price:amount\" content=\"45.95\" \/>\n<meta property=\"product:price:currency\" content=\"EUR\" \/>\n<meta property=\"og:availability\" content=\"out of stock\" \/>\n<meta property=\"product:availability\" content=\"out of stock\" \/>\n<meta property=\"product:condition\" content=\"new\" \/>\n<!-- \/ Yoast SEO Premium plugin. -->","yoast_head_json":{"title":"La Mer Profonde Eye + Full Brows Deep Repair Serum - Tidelands House","description":"La Mer Profonde is ontwikkeld om de kwetsbare huid rond de ogen te voeden \u2014 het verzacht fijne lijntjes, vermindert wallen en laat de huid vol, zacht en hersteld aanvoelen.","robots":{"index":"index","follow":"follow","max-snippet":"max-snippet:-1","max-image-preview":"max-image-preview:large","max-video-preview":"max-video-preview:-1"},"canonical":"https:\/\/dutchhealthstore.com\/nl\/product\/la-mer-profonde-eye-full-brows-deep-repair-serum\/","og_locale":"nl_NL","og_type":"article","og_title":"La Mer Profonde Eye + Full Brows Deep Repair Serum - Dutch Health Store","og_description":"La Mer Profonde is ontwikkeld om de kwetsbare huid rond de ogen te voeden \u2014 het verzacht fijne lijntjes, vermindert wallen en laat de huid vol, zacht en hersteld aanvoelen.","og_url":"https:\/\/dutchhealthstore.com\/nl\/product\/la-mer-profonde-eye-full-brows-deep-repair-serum\/","og_site_name":"Dutch Health Store","article_publisher":"https:\/\/www.instagram.com\/dutchhealthstore\/","og_image":[{"width":530,"height":530,"url":"https:\/\/dutchhealthstore.com\/wp-content\/uploads\/2026\/03\/Untitled-design-2026-03-24T092920.666.jpg","type":"image\/jpeg"}],"twitter_card":"summary_large_image","twitter_misc":{"Prijs":"&euro;45,95","Beschikbaarheid":"Uitverkocht"},"schema":{"@context":"https:\/\/schema.org","@graph":[{"@type":"WebPage","@id":"https:\/\/dutchhealthstore.com\/nl\/product\/la-mer-profonde-eye-full-brows-deep-repair-serum\/","url":"https:\/\/dutchhealthstore.com\/nl\/product\/la-mer-profonde-eye-full-brows-deep-repair-serum\/","name":"La Mer Profonde Eye + Full Brows Deep Repair Serum - Tidelands House","isPartOf":{"@id":"https:\/\/dutchhealthstore.com\/nl\/#website"},"primaryImageOfPage":{"@id":"https:\/\/dutchhealthstore.com\/nl\/product\/la-mer-profonde-eye-full-brows-deep-repair-serum\/#primaryimage"},"image":{"@id":"https:\/\/dutchhealthstore.com\/nl\/product\/la-mer-profonde-eye-full-brows-deep-repair-serum\/#primaryimage"},"thumbnailUrl":"https:\/\/dutchhealthstore.com\/wp-content\/uploads\/2026\/03\/Untitled-design-2026-03-24T092920.666.jpg","datePublished":"2026-03-24T14:11:06+00:00","description":"La Mer Profonde is ontwikkeld om de kwetsbare huid rond de ogen te voeden \u2014 het verzacht fijne lijntjes, vermindert wallen en laat de huid vol, zacht en hersteld aanvoelen.","breadcrumb":{"@id":"https:\/\/dutchhealthstore.com\/nl\/product\/la-mer-profonde-eye-full-brows-deep-repair-serum\/#breadcrumb"},"inLanguage":"nl-NL","potentialAction":[{"@type":"ReadAction","target":["https:\/\/dutchhealthstore.com\/nl\/product\/la-mer-profonde-eye-full-brows-deep-repair-serum\/"]}]},{"@type":"ImageObject","inLanguage":"nl-NL","@id":"https:\/\/dutchhealthstore.com\/nl\/product\/la-mer-profonde-eye-full-brows-deep-repair-serum\/#primaryimage","url":"https:\/\/dutchhealthstore.com\/wp-content\/uploads\/2026\/03\/Untitled-design-2026-03-24T092920.666.jpg","contentUrl":"https:\/\/dutchhealthstore.com\/wp-content\/uploads\/2026\/03\/Untitled-design-2026-03-24T092920.666.jpg","width":530,"height":530,"caption":"tidelands-house-la-mer-profonde"},{"@type":"BreadcrumbList","@id":"https:\/\/dutchhealthstore.com\/nl\/product\/la-mer-profonde-eye-full-brows-deep-repair-serum\/#breadcrumb","itemListElement":[{"@type":"ListItem","position":1,"name":"Home","item":"https:\/\/dutchhealthstore.com\/nl\/"},{"@type":"ListItem","position":2,"name":"Shop","item":"https:\/\/dutchhealthstore.com\/nl\/shop\/"},{"@type":"ListItem","position":3,"name":"La Mer Profonde Eye + Full Brows Deep Repair Serum"}]},{"@type":"WebSite","@id":"https:\/\/dutchhealthstore.com\/nl\/#website","url":"https:\/\/dutchhealthstore.com\/nl\/","name":"Dutch Health Store","description":"Enhance Your Beauty with Organic &amp; Natural Skincare","publisher":{"@id":"https:\/\/dutchhealthstore.com\/nl\/#organization"},"potentialAction":[{"@type":"SearchAction","target":{"@type":"EntryPoint","urlTemplate":"https:\/\/dutchhealthstore.com\/nl\/?s={search_term_string}"},"query-input":{"@type":"PropertyValueSpecification","valueRequired":true,"valueName":"search_term_string"}}],"inLanguage":"nl-NL"},{"@type":"Organization","@id":"https:\/\/dutchhealthstore.com\/nl\/#organization","name":"Dutch Health Store","url":"https:\/\/dutchhealthstore.com\/nl\/","logo":{"@type":"ImageObject","inLanguage":"nl-NL","@id":"https:\/\/dutchhealthstore.com\/nl\/#\/schema\/logo\/image\/","url":"https:\/\/dutchhealthstore.com\/wp-content\/uploads\/2020\/08\/logo-dutchhealthstore-jpg-e1599484957574.jpg","contentUrl":"https:\/\/dutchhealthstore.com\/wp-content\/uploads\/2020\/08\/logo-dutchhealthstore-jpg-e1599484957574.jpg","width":400,"height":62,"caption":"Dutch Health Store"},"image":{"@id":"https:\/\/dutchhealthstore.com\/nl\/#\/schema\/logo\/image\/"},"sameAs":["https:\/\/www.instagram.com\/dutchhealthstore\/","https:\/\/www.facebook.com\/dutchhealthstore"]}]},"product_brand":"Tidelands House","product_price_amount":"45.95","product_price_currency":"EUR","og_availability":"out of stock","product_availability":"out of stock","product_condition":"new"},"_links":{"self":[{"href":"https:\/\/dutchhealthstore.com\/nl\/wp-json\/wp\/v2\/product\/374576","targetHints":{"allow":["GET"]}}],"collection":[{"href":"https:\/\/dutchhealthstore.com\/nl\/wp-json\/wp\/v2\/product"}],"about":[{"href":"https:\/\/dutchhealthstore.com\/nl\/wp-json\/wp\/v2\/types\/product"}],"replies":[{"embeddable":true,"href":"https:\/\/dutchhealthstore.com\/nl\/wp-json\/wp\/v2\/comments?post=374576"}],"wp:featuredmedia":[{"embeddable":true,"href":"https:\/\/dutchhealthstore.com\/nl\/wp-json\/wp\/v2\/media\/374494"}],"wp:attachment":[{"href":"https:\/\/dutchhealthstore.com\/nl\/wp-json\/wp\/v2\/media?parent=374576"}],"wp:term":[{"taxonomy":"product_brand","embeddable":true,"href":"https:\/\/dutchhealthstore.com\/nl\/wp-json\/wp\/v2\/product_brand?post=374576"},{"taxonomy":"product_cat","embeddable":true,"href":"https:\/\/dutchhealthstore.com\/nl\/wp-json\/wp\/v2\/product_cat?post=374576"},{"taxonomy":"product_tag","embeddable":true,"href":"https:\/\/dutchhealthstore.com\/nl\/wp-json\/wp\/v2\/product_tag?post=374576"}],"curies":[{"name":"wp","href":"https:\/\/api.w.org\/{rel}","templated":true}]}}