{"id":374562,"date":"2026-03-24T15:20:46","date_gmt":"2026-03-24T14:20:46","guid":{"rendered":"https:\/\/dutchhealthstore.com\/product\/archival-botanical-oils\/"},"modified":"2026-03-24T15:20:46","modified_gmt":"2026-03-24T14:20:46","slug":"archival-botanical-oils","status":"publish","type":"product","link":"https:\/\/dutchhealthstore.com\/nl\/product\/archival-botanical-oils\/","title":{"rendered":"Archival Botanical Oils"},"content":{"rendered":"<p>Alle melanges zijn gebaseerd op een gedeelde basis van langzaam intrekkende, koudgeperste botanische oli\u00ebn \u2014 gekozen vanwege hun affiniteit met de huid en hun vermogen om aromatische distillaten zacht en effectief over te dragen. Bioregionale botanische ingredi\u00ebnten worden in eigen huis gedistilleerd in een traditionele koperen alambiek in ons historische atelier in Galt. Alle ingredi\u00ebnten zijn biologisch.  <\/p>\n<h3>Hoe te gebruiken<\/h3>\n<p>Voeg een paar druppels toe aan warm badwater om te verzachten en te voeden. Breng na het baden aan op de vochtige huid als een lichte lichaamsolie. Meng met Epsom-, magnesium- of Dode Zeezout voor een voedend badritueel. Of breng aan op de polsen, handen of voeten als een zalfolie voor momenten van rust en herstel.   <\/p>\n<p><strong>Lavender M\u00e9lange<\/strong><\/p>\n<p>Een gelaagde expressie van lavendel in al haar vormen. Zachte bloemige zoetheid maakt plaats voor kruidige diepte en een subtiele kamferachtige warmte \u2014 vertrouwd maar complex, kalmerend zonder slaperig te maken.<br \/>\nVelden in de schemering, linnen en verstilde lucht. <\/p>\n<p><strong>Mentha Veris<\/strong><\/p>\n<p>Helder, groen en verhelderend. Verkoelende munt voert de boventoon, gevolgd door zuivere kruidige tonen en de aardende basis van rozemarijn \u2014 fris zonder scherpte, herstellend in plaats van stimulerend.<br \/>\nKoel water, de buitenlucht en het vroege ochtendlicht. <\/p>\n<p><strong>Archival Chamomilla<\/strong><\/p>\n<p>Zacht, harsachtig en rustgevend. Wilde kamille brengt een zachte, appelachtige warmte, verankerd door de groene bitterheid van petitgrain en de balsemieke zoetheid van benzo\u00ebhars.<br \/>\nIngetogen en intiem. Een studie in rust en continu\u00efteit.  <\/p>\n<p>Onze archival oli\u00ebn zijn een exclusieve atelier-uitgave \u2014 verpakt met aandacht. Elke fles is afgewerkt met ons tinnen embleem in reli\u00ebf, een minimalistisch label en een duurzame rubberen dop. Voor details over rituelen, aromatische tonen en suggesties voor gebruik, nodigen we je uit om de afzonderlijke productpagina&#8217;s te bekijken.  <\/p>\n<p><strong>Inhoud: 100 ml<\/strong><\/p>\n<h2><strong>Natuurlijke \/ biologische ingredi\u00ebnten <\/strong><\/h2>\n<p><strong>Lavender M\u00e9lange<\/strong><\/p>\n<p>Camellia Oleifera Seed Oil, Prunus Armeniaca Kernel Oil, Cucurbita Pepo Seed Oil, Simmondsia Chinensis Seed Oil, Lavandula Angustifolia Oil, Lavandula \u00d7 Intermedia Oil, Lavandula Grosso Oil<\/p>\n<p><strong>Mentha Veris<\/strong><\/p>\n<p>Camellia Oleifera Seed Oil, Prunus Armeniaca Kernel Oil, Cucurbita Pepo Seed Oil, Simmondsia Chinensis Seed Oil, Mentha Spicata Oil, Mentha \u00d7 Piperita Oil, Rosmarinus Officinalis Leaf Oil<\/p>\n<p><strong>Archival Chamomilla<\/strong><\/p>\n<p>Camellia Oleifera Seed Oil, Prunus Armeniaca Kernel Oil, Cucurbita Pepo Seed Oil, Simmondsia Chinensis Seed Oil, Matricaria Chamomilla Flower Oil, Citrus Aurantium Amara Leaf Oil, Styrax Benzoin Resin Extract<\/p>\n<p><em><strong>Biologisch, biodynamisch en verantwoord verkregen. Regionale essences gedistilleerd in kleine batches in onze botanische distilleerderij. <\/strong><\/em><\/p>\n\n\t<section class=\"section dark\" id=\"section_15876604\">\n\t\t<div class=\"section-bg fill\" >\n\t\t\t<img fetchpriority=\"high\" decoding=\"async\" width=\"1200\" height=\"604\" src=\"https:\/\/dutchhealthstore.com\/wp-content\/uploads\/2026\/02\/bgux.jpg\" class=\"bg attachment- size-\" alt=\"\" \/>\t\t\t\t\t\t<div class=\"section-bg-overlay absolute fill\"><\/div>\n\t\t\t\n\n\t\t<\/div>\n\n\t\t\n\n\t\t<div class=\"section-content relative\">\n\t\t\t\n\n\t<div id=\"gap-1083314571\" class=\"gap-element clearfix\" style=\"display:block; height:auto;\">\n\t\t\n<style>\n#gap-1083314571 {\n  padding-top: 15px;\n}\n<\/style>\n\t<\/div>\n\t\n\n<div class=\"container section-title-container\" ><h3 class=\"section-title section-title-normal\"><b><\/b><span class=\"section-title-main\" >Over Tidelands House<\/span><b><\/b><\/h3><\/div>\n\n<div class=\"row\"  id=\"row-1547573743\">\n\n\n\t<div id=\"col-1744192818\" class=\"col small-12 large-12\"  >\n\t\t\t\t<div class=\"col-inner\"  >\n\t\t\t\n\t\t\t\n\n<p>Tidelands House is een Canadees botanisch huidverzorgingsatelier, opgericht door herborist Dominique Del Col. Elke formule wordt met de hand gemaakt in een door de zon verlichte distilleerkamer in een gerestaureerd 19e-eeuws stenen huisje, waar kruiden aan houten balken hangen en botanische ingredi\u00ebnten worden bereid in het ritme van de seizoenen.<\/p>\n<p>In het wild geplukte planten, biodynamische teelt en mariene botanische ingredi\u00ebnten verzameld aan de oostkust van Canada vormen de kern van elke bereiding. Ingredi\u00ebnten worden geoogst op het hoogtepunt van hun vitaliteit en in micro-batches verwerkt om de kracht, versheid en energetische integriteit te behouden. <\/p>\n<p>Geen synthetische toevoegingen. Geen onnodige vulstoffen. Alleen nutri\u00ebntenrijke botanische extracten, gefermenteerde bloesemessences en pure plantaardige oli\u00ebn in op erfgoed ge\u00efnspireerd melkglas.  <\/p>\n<p>Tidelands House is langzame, bewuste huidverzorging \u2014 geworteld in het land, rituelen en respect voor zowel traditie als moderne botanische wetenschap.<\/p>\n\n\n\t\t<\/div>\n\t\t\t\t\t<\/div>\n\n\t\n\n<\/div>\n\n\t\t<\/div>\n\n\t\t\n<style>\n#section_15876604 {\n  padding-top: 30px;\n  padding-bottom: 30px;\n  background-color: rgb(40, 40, 40);\n}\n#section_15876604 .section-bg-overlay {\n  background-color: rgba(0, 0, 0, 0.477);\n}\n#section_15876604 .section-bg img {\n  object-position: 51% 73%;\n}\n<\/style>\n\t<\/section>\n\t\n","protected":false},"excerpt":{"rendered":"<p>Deze archival botanische oli\u00ebn zijn geformuleerd als veelzijdige, huidvoedende rituelen \u2014 elke mix is ontworpen om naadloos te wisselen tussen bad-, lichaams- en verzorgingsrituelen.<\/p>\n","protected":false},"featured_media":374506,"comment_status":"open","ping_status":"closed","template":"","meta":[],"product_brand":[],"product_cat":[1029,6757,6743,6731,8450,6694,5830,5822,1006,20909,1906,6815,6754,510,8502,6755,6741,8950,22209],"product_tag":[],"class_list":{"0":"post-374562","1":"product","2":"type-product","3":"status-publish","4":"has-post-thumbnail","6":"product_cat-categorieen","7":"product_cat-energy-vitality-nl-2","8":"product_cat-essential-oil-blends","9":"product_cat-essential-oils-nl","10":"product_cat-balance-calm-nl-2","11":"product_cat-fragrances-nl-2","12":"product_cat-body-oil-nl-2","13":"product_cat-body-care-nl-3","14":"product_cat-merken","15":"product_cat-new-additions-skincare-nl","16":"product_cat-nieuwe-producten","17":"product_cat-perfumes-nl","18":"product_cat-remedies-nl","19":"product_cat-shop-winkel","20":"product_cat-sleep-rest-nl-2","21":"product_cat-sore-muscles-nl-2","22":"product_cat-mood-nl-2","23":"product_cat-stress-relief-nl","24":"product_cat-tidelands-house","25":"pa_brand-tidelands-house","26":"pa_fragrances-product-type-archival-chamomilla","27":"pa_fragrances-product-type-lavender-melange","28":"pa_fragrances-product-type-mentha-veris","29":"pa_gtin-22377","30":"pa_size-100-ml-nl","32":"first","33":"instock","34":"taxable","35":"shipping-taxable","36":"purchasable","37":"product-type-variable"},"bundled_by":[],"bundle_stock_status":"instock","bundle_stock_quantity":null,"bundle_virtual":false,"bundle_layout":"","bundle_add_to_cart_form_location":"","bundle_editable_in_cart":false,"bundle_sold_individually_context":"","bundle_item_grouping":"","bundle_min_size":"","bundle_max_size":"","bundle_price":[],"bundled_items":[],"bundle_sell_ids":[372506],"atum_controlled":true,"out_stock_date":null,"out_stock_threshold":null,"inheritable":true,"stock_on_hold":0,"sold_today":0,"sales_last_days":1,"out_stock_days":null,"lost_sales":0,"update_date":"2026-04-14T07:21:59","atum_locations":[],"atum_stock_status":"instock","restock_status":false,"low_stock_amount":"","sales_update_date":"2026-04-14T07:21:59","calc_backorders":null,"group_of_quantity":0,"min_quantity":0,"max_quantity":"","exclude_order_quantity_value_rules":"no","exclude_category_quantity_rules":"no","combine_variations":"no","yoast_head":"<!-- This site is optimized with the Yoast SEO Premium plugin v26.5 (Yoast SEO v26.5) - https:\/\/yoast.com\/wordpress\/plugins\/seo\/ -->\n<title>Archival Botanical Oils - Tidelands House<\/title>\n<meta name=\"description\" content=\"Deze archival botanische oli\u00ebn zijn geformuleerd als veelzijdige, huidvoedende rituelen \u2014 elke mix is ontworpen om naadloos te wisselen tussen bad-, lichaams- en verzorgingsrituelen.\" \/>\n<meta name=\"robots\" content=\"index, follow, max-snippet:-1, max-image-preview:large, max-video-preview:-1\" \/>\n<link rel=\"canonical\" href=\"https:\/\/dutchhealthstore.com\/nl\/product\/archival-botanical-oils\/\" \/>\n<meta property=\"og:locale\" content=\"nl_NL\" \/>\n<meta property=\"og:type\" content=\"article\" \/>\n<meta property=\"og:title\" content=\"Archival Botanical Oils - Dutch Health Store\" \/>\n<meta property=\"og:description\" content=\"Deze archival botanische oli\u00ebn zijn geformuleerd als veelzijdige, huidvoedende rituelen \u2014 elke mix is ontworpen om naadloos te wisselen tussen bad-, lichaams- en verzorgingsrituelen.\" \/>\n<meta property=\"og:url\" content=\"https:\/\/dutchhealthstore.com\/nl\/product\/archival-botanical-oils\/\" \/>\n<meta property=\"og:site_name\" content=\"Dutch Health Store\" \/>\n<meta property=\"article:publisher\" content=\"https:\/\/www.instagram.com\/dutchhealthstore\/\" \/>\n<meta property=\"og:image\" content=\"https:\/\/dutchhealthstore.com\/wp-content\/uploads\/2026\/03\/Untitled-design-2026-03-24T100803.732.jpg\" \/>\n\t<meta property=\"og:image:width\" content=\"530\" \/>\n\t<meta property=\"og:image:height\" content=\"530\" \/>\n\t<meta property=\"og:image:type\" content=\"image\/jpeg\" \/>\n<meta name=\"twitter:card\" content=\"summary_large_image\" \/>\n<meta name=\"twitter:label1\" content=\"Beschikbaarheid\" \/>\n\t<meta name=\"twitter:data1\" content=\"Op voorraad\" \/>\n<script type=\"application\/ld+json\" class=\"yoast-schema-graph\">{\"@context\":\"https:\/\/schema.org\",\"@graph\":[{\"@type\":\"WebPage\",\"@id\":\"https:\/\/dutchhealthstore.com\/nl\/product\/archival-botanical-oils\/\",\"url\":\"https:\/\/dutchhealthstore.com\/nl\/product\/archival-botanical-oils\/\",\"name\":\"Archival Botanical Oils - Tidelands House\",\"isPartOf\":{\"@id\":\"https:\/\/dutchhealthstore.com\/nl\/#website\"},\"primaryImageOfPage\":{\"@id\":\"https:\/\/dutchhealthstore.com\/nl\/product\/archival-botanical-oils\/#primaryimage\"},\"image\":{\"@id\":\"https:\/\/dutchhealthstore.com\/nl\/product\/archival-botanical-oils\/#primaryimage\"},\"thumbnailUrl\":\"https:\/\/dutchhealthstore.com\/wp-content\/uploads\/2026\/03\/Untitled-design-2026-03-24T100803.732.jpg\",\"datePublished\":\"2026-03-24T14:20:46+00:00\",\"description\":\"Deze archival botanische oli\u00ebn zijn geformuleerd als veelzijdige, huidvoedende rituelen \u2014 elke mix is ontworpen om naadloos te wisselen tussen bad-, lichaams- en verzorgingsrituelen.\",\"breadcrumb\":{\"@id\":\"https:\/\/dutchhealthstore.com\/nl\/product\/archival-botanical-oils\/#breadcrumb\"},\"inLanguage\":\"nl-NL\",\"potentialAction\":[{\"@type\":\"ReadAction\",\"target\":[\"https:\/\/dutchhealthstore.com\/nl\/product\/archival-botanical-oils\/\"]}]},{\"@type\":\"ImageObject\",\"inLanguage\":\"nl-NL\",\"@id\":\"https:\/\/dutchhealthstore.com\/nl\/product\/archival-botanical-oils\/#primaryimage\",\"url\":\"https:\/\/dutchhealthstore.com\/wp-content\/uploads\/2026\/03\/Untitled-design-2026-03-24T100803.732.jpg\",\"contentUrl\":\"https:\/\/dutchhealthstore.com\/wp-content\/uploads\/2026\/03\/Untitled-design-2026-03-24T100803.732.jpg\",\"width\":530,\"height\":530,\"caption\":\"tidelands-house-archival-botanische-olien\"},{\"@type\":\"BreadcrumbList\",\"@id\":\"https:\/\/dutchhealthstore.com\/nl\/product\/archival-botanical-oils\/#breadcrumb\",\"itemListElement\":[{\"@type\":\"ListItem\",\"position\":1,\"name\":\"Home\",\"item\":\"https:\/\/dutchhealthstore.com\/nl\/\"},{\"@type\":\"ListItem\",\"position\":2,\"name\":\"Shop\",\"item\":\"https:\/\/dutchhealthstore.com\/nl\/shop\/\"},{\"@type\":\"ListItem\",\"position\":3,\"name\":\"Archival Botanical Oils\"}]},{\"@type\":\"WebSite\",\"@id\":\"https:\/\/dutchhealthstore.com\/nl\/#website\",\"url\":\"https:\/\/dutchhealthstore.com\/nl\/\",\"name\":\"Dutch Health Store\",\"description\":\"Enhance Your Beauty with Organic &amp; Natural Skincare\",\"publisher\":{\"@id\":\"https:\/\/dutchhealthstore.com\/nl\/#organization\"},\"potentialAction\":[{\"@type\":\"SearchAction\",\"target\":{\"@type\":\"EntryPoint\",\"urlTemplate\":\"https:\/\/dutchhealthstore.com\/nl\/?s={search_term_string}\"},\"query-input\":{\"@type\":\"PropertyValueSpecification\",\"valueRequired\":true,\"valueName\":\"search_term_string\"}}],\"inLanguage\":\"nl-NL\"},{\"@type\":\"Organization\",\"@id\":\"https:\/\/dutchhealthstore.com\/nl\/#organization\",\"name\":\"Dutch Health Store\",\"url\":\"https:\/\/dutchhealthstore.com\/nl\/\",\"logo\":{\"@type\":\"ImageObject\",\"inLanguage\":\"nl-NL\",\"@id\":\"https:\/\/dutchhealthstore.com\/nl\/#\/schema\/logo\/image\/\",\"url\":\"https:\/\/dutchhealthstore.com\/wp-content\/uploads\/2020\/08\/logo-dutchhealthstore-jpg-e1599484957574.jpg\",\"contentUrl\":\"https:\/\/dutchhealthstore.com\/wp-content\/uploads\/2020\/08\/logo-dutchhealthstore-jpg-e1599484957574.jpg\",\"width\":400,\"height\":62,\"caption\":\"Dutch Health Store\"},\"image\":{\"@id\":\"https:\/\/dutchhealthstore.com\/nl\/#\/schema\/logo\/image\/\"},\"sameAs\":[\"https:\/\/www.instagram.com\/dutchhealthstore\/\",\"https:\/\/www.facebook.com\/dutchhealthstore\"]}]}<\/script>\n<meta property=\"product:brand\" content=\"Tidelands House\" \/>\n<meta property=\"og:availability\" content=\"instock\" \/>\n<meta property=\"product:availability\" content=\"instock\" \/>\n<meta property=\"product:condition\" content=\"new\" \/>\n<!-- \/ Yoast SEO Premium plugin. -->","yoast_head_json":{"title":"Archival Botanical Oils - Tidelands House","description":"Deze archival botanische oli\u00ebn zijn geformuleerd als veelzijdige, huidvoedende rituelen \u2014 elke mix is ontworpen om naadloos te wisselen tussen bad-, lichaams- en verzorgingsrituelen.","robots":{"index":"index","follow":"follow","max-snippet":"max-snippet:-1","max-image-preview":"max-image-preview:large","max-video-preview":"max-video-preview:-1"},"canonical":"https:\/\/dutchhealthstore.com\/nl\/product\/archival-botanical-oils\/","og_locale":"nl_NL","og_type":"article","og_title":"Archival Botanical Oils - Dutch Health Store","og_description":"Deze archival botanische oli\u00ebn zijn geformuleerd als veelzijdige, huidvoedende rituelen \u2014 elke mix is ontworpen om naadloos te wisselen tussen bad-, lichaams- en verzorgingsrituelen.","og_url":"https:\/\/dutchhealthstore.com\/nl\/product\/archival-botanical-oils\/","og_site_name":"Dutch Health Store","article_publisher":"https:\/\/www.instagram.com\/dutchhealthstore\/","og_image":[{"width":530,"height":530,"url":"https:\/\/dutchhealthstore.com\/wp-content\/uploads\/2026\/03\/Untitled-design-2026-03-24T100803.732.jpg","type":"image\/jpeg"}],"twitter_card":"summary_large_image","twitter_misc":{"Beschikbaarheid":"Op voorraad"},"schema":{"@context":"https:\/\/schema.org","@graph":[{"@type":"WebPage","@id":"https:\/\/dutchhealthstore.com\/nl\/product\/archival-botanical-oils\/","url":"https:\/\/dutchhealthstore.com\/nl\/product\/archival-botanical-oils\/","name":"Archival Botanical Oils - Tidelands House","isPartOf":{"@id":"https:\/\/dutchhealthstore.com\/nl\/#website"},"primaryImageOfPage":{"@id":"https:\/\/dutchhealthstore.com\/nl\/product\/archival-botanical-oils\/#primaryimage"},"image":{"@id":"https:\/\/dutchhealthstore.com\/nl\/product\/archival-botanical-oils\/#primaryimage"},"thumbnailUrl":"https:\/\/dutchhealthstore.com\/wp-content\/uploads\/2026\/03\/Untitled-design-2026-03-24T100803.732.jpg","datePublished":"2026-03-24T14:20:46+00:00","description":"Deze archival botanische oli\u00ebn zijn geformuleerd als veelzijdige, huidvoedende rituelen \u2014 elke mix is ontworpen om naadloos te wisselen tussen bad-, lichaams- en verzorgingsrituelen.","breadcrumb":{"@id":"https:\/\/dutchhealthstore.com\/nl\/product\/archival-botanical-oils\/#breadcrumb"},"inLanguage":"nl-NL","potentialAction":[{"@type":"ReadAction","target":["https:\/\/dutchhealthstore.com\/nl\/product\/archival-botanical-oils\/"]}]},{"@type":"ImageObject","inLanguage":"nl-NL","@id":"https:\/\/dutchhealthstore.com\/nl\/product\/archival-botanical-oils\/#primaryimage","url":"https:\/\/dutchhealthstore.com\/wp-content\/uploads\/2026\/03\/Untitled-design-2026-03-24T100803.732.jpg","contentUrl":"https:\/\/dutchhealthstore.com\/wp-content\/uploads\/2026\/03\/Untitled-design-2026-03-24T100803.732.jpg","width":530,"height":530,"caption":"tidelands-house-archival-botanische-olien"},{"@type":"BreadcrumbList","@id":"https:\/\/dutchhealthstore.com\/nl\/product\/archival-botanical-oils\/#breadcrumb","itemListElement":[{"@type":"ListItem","position":1,"name":"Home","item":"https:\/\/dutchhealthstore.com\/nl\/"},{"@type":"ListItem","position":2,"name":"Shop","item":"https:\/\/dutchhealthstore.com\/nl\/shop\/"},{"@type":"ListItem","position":3,"name":"Archival Botanical Oils"}]},{"@type":"WebSite","@id":"https:\/\/dutchhealthstore.com\/nl\/#website","url":"https:\/\/dutchhealthstore.com\/nl\/","name":"Dutch Health Store","description":"Enhance Your Beauty with Organic &amp; Natural Skincare","publisher":{"@id":"https:\/\/dutchhealthstore.com\/nl\/#organization"},"potentialAction":[{"@type":"SearchAction","target":{"@type":"EntryPoint","urlTemplate":"https:\/\/dutchhealthstore.com\/nl\/?s={search_term_string}"},"query-input":{"@type":"PropertyValueSpecification","valueRequired":true,"valueName":"search_term_string"}}],"inLanguage":"nl-NL"},{"@type":"Organization","@id":"https:\/\/dutchhealthstore.com\/nl\/#organization","name":"Dutch Health Store","url":"https:\/\/dutchhealthstore.com\/nl\/","logo":{"@type":"ImageObject","inLanguage":"nl-NL","@id":"https:\/\/dutchhealthstore.com\/nl\/#\/schema\/logo\/image\/","url":"https:\/\/dutchhealthstore.com\/wp-content\/uploads\/2020\/08\/logo-dutchhealthstore-jpg-e1599484957574.jpg","contentUrl":"https:\/\/dutchhealthstore.com\/wp-content\/uploads\/2020\/08\/logo-dutchhealthstore-jpg-e1599484957574.jpg","width":400,"height":62,"caption":"Dutch Health Store"},"image":{"@id":"https:\/\/dutchhealthstore.com\/nl\/#\/schema\/logo\/image\/"},"sameAs":["https:\/\/www.instagram.com\/dutchhealthstore\/","https:\/\/www.facebook.com\/dutchhealthstore"]}]},"product_brand":"Tidelands House","og_availability":"instock","product_availability":"instock","product_condition":"new"},"_links":{"self":[{"href":"https:\/\/dutchhealthstore.com\/nl\/wp-json\/wp\/v2\/product\/374562","targetHints":{"allow":["GET"]}}],"collection":[{"href":"https:\/\/dutchhealthstore.com\/nl\/wp-json\/wp\/v2\/product"}],"about":[{"href":"https:\/\/dutchhealthstore.com\/nl\/wp-json\/wp\/v2\/types\/product"}],"replies":[{"embeddable":true,"href":"https:\/\/dutchhealthstore.com\/nl\/wp-json\/wp\/v2\/comments?post=374562"}],"wp:featuredmedia":[{"embeddable":true,"href":"https:\/\/dutchhealthstore.com\/nl\/wp-json\/wp\/v2\/media\/374506"}],"wp:attachment":[{"href":"https:\/\/dutchhealthstore.com\/nl\/wp-json\/wp\/v2\/media?parent=374562"}],"wp:term":[{"taxonomy":"product_brand","embeddable":true,"href":"https:\/\/dutchhealthstore.com\/nl\/wp-json\/wp\/v2\/product_brand?post=374562"},{"taxonomy":"product_cat","embeddable":true,"href":"https:\/\/dutchhealthstore.com\/nl\/wp-json\/wp\/v2\/product_cat?post=374562"},{"taxonomy":"product_tag","embeddable":true,"href":"https:\/\/dutchhealthstore.com\/nl\/wp-json\/wp\/v2\/product_tag?post=374562"}],"curies":[{"name":"wp","href":"https:\/\/api.w.org\/{rel}","templated":true}]}}