{"id":373145,"date":"2026-03-03T16:21:51","date_gmt":"2026-03-03T15:21:51","guid":{"rendered":"https:\/\/dutchhealthstore.com\/product\/primal-puddy\/"},"modified":"2026-03-30T13:52:57","modified_gmt":"2026-03-30T11:52:57","slug":"primal-puddy","status":"publish","type":"product","link":"https:\/\/dutchhealthstore.com\/nl\/product\/primal-puddy\/","title":{"rendered":"Primal Puddy"},"content":{"rendered":"<p data-start=\"0\" data-end=\"28\">Primal Puddy is een krachtige remineraliserende spot-treatment, geformuleerd om essenti\u00eble mineralen direct aan het tandglazuur te leveren. Ontworpen om herstel te ondersteunen, zwakke plekken te versterken en tanden op natuurlijke wijze te beschermen. <\/p>\n<p data-start=\"251\" data-end=\"604\">Tanden zijn uniek omdat ze direct aangeraakt en behandeld kunnen worden. Primal Puddy benut dit door minerale ondersteuning precies daar te plaatsen waar het &#8217;t hardst nodig is. Deze praktische aanpak combineert glazuurondersteunende en traditioneel gewaardeerde botvoedende ingredi\u00ebnten in \u00e9\u00e9n geconcentreerde formule, waardoor je meer controle hebt over your mondverzorgingsroutine.  <\/p>\n<p data-start=\"606\" data-end=\"896\">Primal Puddy bevat biobeschikbare runder-hydroxyapatiet van grass-fed Nieuw-Zeelands vee. Het is gemengd met bamboezout, calciumcarbonaat, colostrum, parelpoeder, oesterschelp en shilajit voor een breed spectrum aan mineralen en een evenwichtig mondmilieu. <\/p>\n<p data-start=\"898\" data-end=\"1211\">De formule bevat ook oli\u00ebn rijk aan vitamine K2 en D3, die het transport van calcium en fosfor naar het glazuur ondersteunen. Lactoferrine uit colostrum en conchioline uit parel ondersteunen gezond tandvlees en celherstel. Lanoline helpt de putty aan de tanden te hechten voor langer contact en een betere afgifte van mineralen.  <\/p>\n<h3 data-start=\"1218\" data-end=\"1239\"><strong data-start=\"1222\" data-end=\"1239\">Voor wie is het?<\/strong><\/h3>\n<ul>\n<li data-start=\"1241\" data-end=\"1318\">Mensen met gaatjes, zwakke plekken, gevoeligheid of beginnende glazuurslijtage.<\/li>\n<li data-start=\"1320\" data-end=\"1381\">Wie op zoek is naar een natuurlijke, voorouderlijke aanpak van mondverzorging.<\/li>\n<li data-start=\"1383\" data-end=\"1447\">Gezinnen die liever fluoride en synthetische toevoegingen vermijden.<\/li>\n<\/ul>\n<h3 data-start=\"1454\" data-end=\"1478\"><strong data-start=\"1458\" data-end=\"1478\">Hoe werkt het?<\/strong><\/h3>\n<p data-start=\"1480\" data-end=\"1774\">Tanden zijn levende structuren die mineralen kunnen opnemen. Primal Puddy gebruikt biobeschikbare mineralen gecombineerd met vetoplosbare vitaminen K2 en D3 in een plakkerige, voedende basis. Door deze textuur blijft de formule lang genoeg op de tanden zitten om effectieve mineraalopname te ondersteunen.  <\/p>\n<h3 data-start=\"1480\" data-end=\"1774\"><strong>Hoe te gebruiken <\/strong><\/h3>\n<ol>\n<li>Neem een klein stukje puddy en rol er een balletje van.<\/li>\n<li>Druk het stevig aan en smeer het op een schone, droge tand.<\/li>\n<li>Kan onder een gebitsbeschermer of Invisalign-beugel worden gebruikt.<\/li>\n<li>Focus op de sensatie en stel je de mineraalopname en het herstel voor!<\/li>\n<li>Na het eerste gebruik kan gevoeligheid optreden.<\/li>\n<\/ol>\n<h2 data-start=\"1781\" data-end=\"1814\"><strong data-start=\"1784\" data-end=\"1814\">Belangrijkste Ingredi\u00ebnten &amp; Voordelen<\/strong><\/h2>\n<p data-start=\"1816\" data-end=\"1971\"><strong data-start=\"1816\" data-end=\"1846\">Grass-fed rundvet &amp; lanoline<\/strong><br data-start=\"1846\" data-end=\"1849\">Leveren vetoplosbare vitaminen en dienen als dragers voor mineralen. Lanoline helpt de putty op zijn plek te blijven voor langdurig contact. <\/p>\n<p data-start=\"1973\" data-end=\"2108\"><strong data-start=\"1973\" data-end=\"2023\">Hydroxyapatiet, parelpoeder en oesterschelp<\/strong><br data-start=\"2023\" data-end=\"2026\">Leveren natuurlijk voorkomend calcium en fosfor om de glazuursterkte te ondersteunen.<\/p>\n<p data-start=\"2110\" data-end=\"2236\"><strong data-start=\"2110\" data-end=\"2136\">Bamboezout &amp; shilajit<\/strong><br data-start=\"2136\" data-end=\"2139\">Leveren een breed scala aan mineralen en helpen een alkalisch milieu in de mond te behouden.<\/p>\n<p data-start=\"2238\" data-end=\"2353\"><strong data-start=\"2238\" data-end=\"2264\">Emu-olie &amp; eigeelolie<\/strong><br data-start=\"2264\" data-end=\"2267\">Natuurlijk rijk aan vitamine K2 (MK-4), wat celherstel en mineraaltransport ondersteunt.<\/p>\n<p data-start=\"2355\" data-end=\"2444\"><strong data-start=\"2355\" data-end=\"2368\">Colostrum<\/strong><br data-start=\"2368\" data-end=\"2371\">Bevat groeifactoren die het tandvlees voeden en regeneratie ondersteunen.<\/p>\n<p data-start=\"2446\" data-end=\"2549\"><strong data-start=\"2446\" data-end=\"2457\">Bijenwas<\/strong><br data-start=\"2457\" data-end=\"2460\">Vormt een zachte, beschermende laag die mineralen op hun plek houdt voor langere opname.<\/p>\n<p data-start=\"2556\" data-end=\"2581\"><strong data-start=\"2559\" data-end=\"2581\">Aanwijzingen voor gebruik<\/strong><\/p>\n<p data-start=\"2583\" data-end=\"2844\">Neem een klein stukje putty en rol er een balletje van.<br data-start=\"2635\" data-end=\"2638\">Druk het stevig aan en smeer het op een schone, droge tand.<br data-start=\"2685\" data-end=\"2688\">Het kan onder een gebitsbeschermer of Invisalign-beugel worden gedragen.<br data-start=\"2745\" data-end=\"2748\">Focus op de sensatie en laat de formule zitten om de mineraalopname te ondersteunen.<\/p>\n<p data-start=\"2846\" data-end=\"2907\">Na het eerste gebruik kan een lichte toename in gevoeligheid optreden.<\/p>\n<p data-start=\"2846\" data-end=\"2907\"><strong>Grootte: 1 oz-45 g \/ 2 oz-86 g<\/strong><\/p>\n<p data-start=\"2846\" data-end=\"2907\"><strong style=\"font-size: 23.04px; color: #333333;\">Natuurlijke \/ biologische ingredi\u00ebnten <\/strong><\/p>\n<p>*Grass-fed rundvet, calciumcarbonaat, lanoline, hydroxyapatiet van grass-fed runderbot, oesterschelp, colostrum, parel, *bijenwas, *emu-olie, eigeelolie van vrije-uitloop-eieren, bamboezout, spoorelementen, *shilajit.<\/p>\n<ul>\n<li>100% natuurlijk &amp; food-grade<\/li>\n<li>*Organisch<\/li>\n<li>Bevat: melk en eieren<\/li>\n<\/ul>\n<p>https:\/\/www.telegraaf.nl\/lifestyle\/gezondheid\/nog-achttien-weken-om-te-werken-aan-je-summerbody-dit-heeft-meer-effect-dan-sporten\/64388110.html<\/p>\n","protected":false},"excerpt":{"rendered":"<p data-start=\"2948\" data-end=\"3117\">Een mineraalrijke remineraliserende tandpasta-putty gemaakt met grass-fed hydroxyapatiet en vetoplosbare vitaminen. Ontworpen om glazuur te versterken en natuurlijke gebitsgezondheid te ondersteunen. <\/p>\n","protected":false},"featured_media":372070,"comment_status":"open","ping_status":"closed","template":"","meta":[],"product_brand":[],"product_cat":[22212,1029,1006,5982,20903,20909,1906,510],"product_tag":[],"class_list":{"0":"post-373145","1":"product","2":"type-product","3":"status-publish","4":"has-post-thumbnail","6":"product_cat-bliss-energetics","7":"product_cat-categorieen","8":"product_cat-merken","9":"product_cat-dental-care-nl-2","10":"product_cat-new-additions-healthcare-nl","11":"product_cat-new-additions-skincare-nl","12":"product_cat-nieuwe-producten","13":"product_cat-shop-winkel","14":"pa_brand-bliss-energetics","15":"pa_dental-care-product-type-tooth-serum-nl","16":"pa_dental-care-product-type-toothpaste-nl","17":"pa_size-1-oz-45-g","18":"pa_size-2-oz-86-g","20":"first","21":"instock","22":"taxable","23":"shipping-taxable","24":"purchasable","25":"product-type-variable"},"bundled_by":[],"bundle_stock_status":"instock","bundle_stock_quantity":null,"bundle_virtual":false,"bundle_layout":"","bundle_add_to_cart_form_location":"","bundle_editable_in_cart":false,"bundle_sold_individually_context":"","bundle_item_grouping":"","bundle_min_size":"","bundle_max_size":"","bundle_price":[],"bundled_items":[],"bundle_sell_ids":[372120],"atum_controlled":true,"out_stock_date":null,"out_stock_threshold":null,"inheritable":true,"stock_on_hold":2,"sold_today":1,"sales_last_days":5,"out_stock_days":0,"lost_sales":0,"update_date":"2026-04-14T07:21:59","atum_locations":[],"atum_stock_status":"instock","restock_status":false,"low_stock_amount":"","sales_update_date":"2026-04-14T07:21:59","calc_backorders":null,"group_of_quantity":0,"min_quantity":0,"max_quantity":"","exclude_order_quantity_value_rules":"no","exclude_category_quantity_rules":"no","combine_variations":"no","yoast_head":"<!-- This site is optimized with the Yoast SEO Premium plugin v26.5 (Yoast SEO v26.5) - https:\/\/yoast.com\/wordpress\/plugins\/seo\/ -->\n<title>Primal Puddy - Bliss Energetics<\/title>\n<meta name=\"description\" content=\"Primal remineraliserende tandpasta-putty met grass-fed hydroxyapatiet en mineraalrijke ingredi\u00ebnten. Ondersteunt de glazuursterkte en natuurlijke mondverzorging.\" \/>\n<meta name=\"robots\" content=\"index, follow, max-snippet:-1, max-image-preview:large, max-video-preview:-1\" \/>\n<link rel=\"canonical\" href=\"https:\/\/dutchhealthstore.com\/nl\/product\/primal-puddy\/\" \/>\n<meta property=\"og:locale\" content=\"nl_NL\" \/>\n<meta property=\"og:type\" content=\"article\" \/>\n<meta property=\"og:title\" content=\"Primal Puddy - Dutch Health Store\" \/>\n<meta property=\"og:description\" content=\"Primal remineraliserende tandpasta-putty met grass-fed hydroxyapatiet en mineraalrijke ingredi\u00ebnten. Ondersteunt de glazuursterkte en natuurlijke mondverzorging.\" \/>\n<meta property=\"og:url\" content=\"https:\/\/dutchhealthstore.com\/nl\/product\/primal-puddy\/\" \/>\n<meta property=\"og:site_name\" content=\"Dutch Health Store\" \/>\n<meta property=\"article:publisher\" content=\"https:\/\/www.instagram.com\/dutchhealthstore\/\" \/>\n<meta property=\"article:modified_time\" content=\"2026-03-30T11:52:57+00:00\" \/>\n<meta property=\"og:image\" content=\"https:\/\/dutchhealthstore.com\/wp-content\/uploads\/2026\/02\/Primal-Puddy.jpg\" \/>\n\t<meta property=\"og:image:width\" content=\"530\" \/>\n\t<meta property=\"og:image:height\" content=\"530\" \/>\n\t<meta property=\"og:image:type\" content=\"image\/jpeg\" \/>\n<meta name=\"twitter:card\" content=\"summary_large_image\" \/>\n<meta name=\"twitter:label1\" content=\"Beschikbaarheid\" \/>\n\t<meta name=\"twitter:data1\" content=\"Op voorraad\" \/>\n<script type=\"application\/ld+json\" class=\"yoast-schema-graph\">{\"@context\":\"https:\/\/schema.org\",\"@graph\":[{\"@type\":\"WebPage\",\"@id\":\"https:\/\/dutchhealthstore.com\/nl\/product\/primal-puddy\/\",\"url\":\"https:\/\/dutchhealthstore.com\/nl\/product\/primal-puddy\/\",\"name\":\"Primal Puddy - Bliss Energetics\",\"isPartOf\":{\"@id\":\"https:\/\/dutchhealthstore.com\/nl\/#website\"},\"primaryImageOfPage\":{\"@id\":\"https:\/\/dutchhealthstore.com\/nl\/product\/primal-puddy\/#primaryimage\"},\"image\":{\"@id\":\"https:\/\/dutchhealthstore.com\/nl\/product\/primal-puddy\/#primaryimage\"},\"thumbnailUrl\":\"https:\/\/dutchhealthstore.com\/wp-content\/uploads\/2026\/02\/Primal-Puddy.jpg\",\"datePublished\":\"2026-03-03T15:21:51+00:00\",\"dateModified\":\"2026-03-30T11:52:57+00:00\",\"description\":\"Primal remineraliserende tandpasta-putty met grass-fed hydroxyapatiet en mineraalrijke ingredi\u00ebnten. Ondersteunt de glazuursterkte en natuurlijke mondverzorging.\",\"breadcrumb\":{\"@id\":\"https:\/\/dutchhealthstore.com\/nl\/product\/primal-puddy\/#breadcrumb\"},\"inLanguage\":\"nl-NL\",\"potentialAction\":[{\"@type\":\"ReadAction\",\"target\":[\"https:\/\/dutchhealthstore.com\/nl\/product\/primal-puddy\/\"]}]},{\"@type\":\"ImageObject\",\"inLanguage\":\"nl-NL\",\"@id\":\"https:\/\/dutchhealthstore.com\/nl\/product\/primal-puddy\/#primaryimage\",\"url\":\"https:\/\/dutchhealthstore.com\/wp-content\/uploads\/2026\/02\/Primal-Puddy.jpg\",\"contentUrl\":\"https:\/\/dutchhealthstore.com\/wp-content\/uploads\/2026\/02\/Primal-Puddy.jpg\",\"width\":530,\"height\":530,\"caption\":\"primal-puddy\"},{\"@type\":\"BreadcrumbList\",\"@id\":\"https:\/\/dutchhealthstore.com\/nl\/product\/primal-puddy\/#breadcrumb\",\"itemListElement\":[{\"@type\":\"ListItem\",\"position\":1,\"name\":\"Home\",\"item\":\"https:\/\/dutchhealthstore.com\/nl\/\"},{\"@type\":\"ListItem\",\"position\":2,\"name\":\"Shop\",\"item\":\"https:\/\/dutchhealthstore.com\/nl\/shop\/\"},{\"@type\":\"ListItem\",\"position\":3,\"name\":\"Primal Puddy\"}]},{\"@type\":\"WebSite\",\"@id\":\"https:\/\/dutchhealthstore.com\/nl\/#website\",\"url\":\"https:\/\/dutchhealthstore.com\/nl\/\",\"name\":\"Dutch Health Store\",\"description\":\"Enhance Your Beauty with Organic &amp; Natural Skincare\",\"publisher\":{\"@id\":\"https:\/\/dutchhealthstore.com\/nl\/#organization\"},\"potentialAction\":[{\"@type\":\"SearchAction\",\"target\":{\"@type\":\"EntryPoint\",\"urlTemplate\":\"https:\/\/dutchhealthstore.com\/nl\/?s={search_term_string}\"},\"query-input\":{\"@type\":\"PropertyValueSpecification\",\"valueRequired\":true,\"valueName\":\"search_term_string\"}}],\"inLanguage\":\"nl-NL\"},{\"@type\":\"Organization\",\"@id\":\"https:\/\/dutchhealthstore.com\/nl\/#organization\",\"name\":\"Dutch Health Store\",\"url\":\"https:\/\/dutchhealthstore.com\/nl\/\",\"logo\":{\"@type\":\"ImageObject\",\"inLanguage\":\"nl-NL\",\"@id\":\"https:\/\/dutchhealthstore.com\/nl\/#\/schema\/logo\/image\/\",\"url\":\"https:\/\/dutchhealthstore.com\/wp-content\/uploads\/2020\/08\/logo-dutchhealthstore-jpg-e1599484957574.jpg\",\"contentUrl\":\"https:\/\/dutchhealthstore.com\/wp-content\/uploads\/2020\/08\/logo-dutchhealthstore-jpg-e1599484957574.jpg\",\"width\":400,\"height\":62,\"caption\":\"Dutch Health Store\"},\"image\":{\"@id\":\"https:\/\/dutchhealthstore.com\/nl\/#\/schema\/logo\/image\/\"},\"sameAs\":[\"https:\/\/www.instagram.com\/dutchhealthstore\/\",\"https:\/\/www.facebook.com\/dutchhealthstore\"]}]}<\/script>\n<meta property=\"product:brand\" content=\"Bliss Energetics\" \/>\n<meta property=\"og:availability\" content=\"instock\" \/>\n<meta property=\"product:availability\" content=\"instock\" \/>\n<meta property=\"product:condition\" content=\"new\" \/>\n<!-- \/ Yoast SEO Premium plugin. -->","yoast_head_json":{"title":"Primal Puddy - Bliss Energetics","description":"Primal remineraliserende tandpasta-putty met grass-fed hydroxyapatiet en mineraalrijke ingredi\u00ebnten. Ondersteunt de glazuursterkte en natuurlijke mondverzorging.","robots":{"index":"index","follow":"follow","max-snippet":"max-snippet:-1","max-image-preview":"max-image-preview:large","max-video-preview":"max-video-preview:-1"},"canonical":"https:\/\/dutchhealthstore.com\/nl\/product\/primal-puddy\/","og_locale":"nl_NL","og_type":"article","og_title":"Primal Puddy - Dutch Health Store","og_description":"Primal remineraliserende tandpasta-putty met grass-fed hydroxyapatiet en mineraalrijke ingredi\u00ebnten. Ondersteunt de glazuursterkte en natuurlijke mondverzorging.","og_url":"https:\/\/dutchhealthstore.com\/nl\/product\/primal-puddy\/","og_site_name":"Dutch Health Store","article_publisher":"https:\/\/www.instagram.com\/dutchhealthstore\/","article_modified_time":"2026-03-30T11:52:57+00:00","og_image":[{"width":530,"height":530,"url":"https:\/\/dutchhealthstore.com\/wp-content\/uploads\/2026\/02\/Primal-Puddy.jpg","type":"image\/jpeg"}],"twitter_card":"summary_large_image","twitter_misc":{"Beschikbaarheid":"Op voorraad"},"schema":{"@context":"https:\/\/schema.org","@graph":[{"@type":"WebPage","@id":"https:\/\/dutchhealthstore.com\/nl\/product\/primal-puddy\/","url":"https:\/\/dutchhealthstore.com\/nl\/product\/primal-puddy\/","name":"Primal Puddy - Bliss Energetics","isPartOf":{"@id":"https:\/\/dutchhealthstore.com\/nl\/#website"},"primaryImageOfPage":{"@id":"https:\/\/dutchhealthstore.com\/nl\/product\/primal-puddy\/#primaryimage"},"image":{"@id":"https:\/\/dutchhealthstore.com\/nl\/product\/primal-puddy\/#primaryimage"},"thumbnailUrl":"https:\/\/dutchhealthstore.com\/wp-content\/uploads\/2026\/02\/Primal-Puddy.jpg","datePublished":"2026-03-03T15:21:51+00:00","dateModified":"2026-03-30T11:52:57+00:00","description":"Primal remineraliserende tandpasta-putty met grass-fed hydroxyapatiet en mineraalrijke ingredi\u00ebnten. Ondersteunt de glazuursterkte en natuurlijke mondverzorging.","breadcrumb":{"@id":"https:\/\/dutchhealthstore.com\/nl\/product\/primal-puddy\/#breadcrumb"},"inLanguage":"nl-NL","potentialAction":[{"@type":"ReadAction","target":["https:\/\/dutchhealthstore.com\/nl\/product\/primal-puddy\/"]}]},{"@type":"ImageObject","inLanguage":"nl-NL","@id":"https:\/\/dutchhealthstore.com\/nl\/product\/primal-puddy\/#primaryimage","url":"https:\/\/dutchhealthstore.com\/wp-content\/uploads\/2026\/02\/Primal-Puddy.jpg","contentUrl":"https:\/\/dutchhealthstore.com\/wp-content\/uploads\/2026\/02\/Primal-Puddy.jpg","width":530,"height":530,"caption":"primal-puddy"},{"@type":"BreadcrumbList","@id":"https:\/\/dutchhealthstore.com\/nl\/product\/primal-puddy\/#breadcrumb","itemListElement":[{"@type":"ListItem","position":1,"name":"Home","item":"https:\/\/dutchhealthstore.com\/nl\/"},{"@type":"ListItem","position":2,"name":"Shop","item":"https:\/\/dutchhealthstore.com\/nl\/shop\/"},{"@type":"ListItem","position":3,"name":"Primal Puddy"}]},{"@type":"WebSite","@id":"https:\/\/dutchhealthstore.com\/nl\/#website","url":"https:\/\/dutchhealthstore.com\/nl\/","name":"Dutch Health Store","description":"Enhance Your Beauty with Organic &amp; Natural Skincare","publisher":{"@id":"https:\/\/dutchhealthstore.com\/nl\/#organization"},"potentialAction":[{"@type":"SearchAction","target":{"@type":"EntryPoint","urlTemplate":"https:\/\/dutchhealthstore.com\/nl\/?s={search_term_string}"},"query-input":{"@type":"PropertyValueSpecification","valueRequired":true,"valueName":"search_term_string"}}],"inLanguage":"nl-NL"},{"@type":"Organization","@id":"https:\/\/dutchhealthstore.com\/nl\/#organization","name":"Dutch Health Store","url":"https:\/\/dutchhealthstore.com\/nl\/","logo":{"@type":"ImageObject","inLanguage":"nl-NL","@id":"https:\/\/dutchhealthstore.com\/nl\/#\/schema\/logo\/image\/","url":"https:\/\/dutchhealthstore.com\/wp-content\/uploads\/2020\/08\/logo-dutchhealthstore-jpg-e1599484957574.jpg","contentUrl":"https:\/\/dutchhealthstore.com\/wp-content\/uploads\/2020\/08\/logo-dutchhealthstore-jpg-e1599484957574.jpg","width":400,"height":62,"caption":"Dutch Health Store"},"image":{"@id":"https:\/\/dutchhealthstore.com\/nl\/#\/schema\/logo\/image\/"},"sameAs":["https:\/\/www.instagram.com\/dutchhealthstore\/","https:\/\/www.facebook.com\/dutchhealthstore"]}]},"product_brand":"Bliss Energetics","og_availability":"instock","product_availability":"instock","product_condition":"new"},"_links":{"self":[{"href":"https:\/\/dutchhealthstore.com\/nl\/wp-json\/wp\/v2\/product\/373145","targetHints":{"allow":["GET"]}}],"collection":[{"href":"https:\/\/dutchhealthstore.com\/nl\/wp-json\/wp\/v2\/product"}],"about":[{"href":"https:\/\/dutchhealthstore.com\/nl\/wp-json\/wp\/v2\/types\/product"}],"replies":[{"embeddable":true,"href":"https:\/\/dutchhealthstore.com\/nl\/wp-json\/wp\/v2\/comments?post=373145"}],"wp:featuredmedia":[{"embeddable":true,"href":"https:\/\/dutchhealthstore.com\/nl\/wp-json\/wp\/v2\/media\/372070"}],"wp:attachment":[{"href":"https:\/\/dutchhealthstore.com\/nl\/wp-json\/wp\/v2\/media?parent=373145"}],"wp:term":[{"taxonomy":"product_brand","embeddable":true,"href":"https:\/\/dutchhealthstore.com\/nl\/wp-json\/wp\/v2\/product_brand?post=373145"},{"taxonomy":"product_cat","embeddable":true,"href":"https:\/\/dutchhealthstore.com\/nl\/wp-json\/wp\/v2\/product_cat?post=373145"},{"taxonomy":"product_tag","embeddable":true,"href":"https:\/\/dutchhealthstore.com\/nl\/wp-json\/wp\/v2\/product_tag?post=373145"}],"curies":[{"name":"wp","href":"https:\/\/api.w.org\/{rel}","templated":true}]}}