{"id":372691,"date":"2026-02-23T11:39:36","date_gmt":"2026-02-23T10:39:36","guid":{"rendered":"https:\/\/dutchhealthstore.com\/product\/english-tea-rose-huile-de-parfum-no-1\/"},"modified":"2026-03-23T14:29:48","modified_gmt":"2026-03-23T13:29:48","slug":"english-tea-rose-huile-de-parfum-no-1","status":"publish","type":"product","link":"https:\/\/dutchhealthstore.com\/nl\/product\/english-tea-rose-huile-de-parfum-no-1\/","title":{"rendered":"English Tea Rose Huile de Parfum No. 1"},"content":{"rendered":"<p>English Tea Rose &amp; Oakmoss<br \/>\nHuile de Parfum No. 1<\/p>\n<h4 data-start=\"537\" data-end=\"559\"><strong data-start=\"542\" data-end=\"559\">De geur<\/strong><\/h4>\n<p data-start=\"561\" data-end=\"692\">Een verfijnde botanische parfumolie gecentreerd rond cottage tea rose en wild gefermenteerd korstmos. Puur, elegant en ingetogen betoverend. <\/p>\n<h4 data-start=\"998\" data-end=\"1027\"><strong data-start=\"1003\" data-end=\"1027\">De geurbeleving<\/strong><\/h4>\n<p data-start=\"1029\" data-end=\"1280\">De geur roept een moment van geaarde zelfverbinding op. Fluweelzachte rozenblaadjes vermengen zich met hints van gerookte honing, vochtige bladeren en bosmos. Het resultaat is bloemig maar aards, zacht maar complex \u2014 als een wandeling door een verborgen tuin na een zomerse regenbui.  <\/p>\n<h4 data-start=\"1287\" data-end=\"1306\"><strong data-start=\"1292\" data-end=\"1306\">Hoe te gebruiken<\/strong><\/h4>\n<p data-start=\"1308\" data-end=\"1460\">Elke Huile de Parfum zit in een glazen flacon met een gladde stalen roller voor moeiteloos aanbrengen. Flesjes kunnen uitgevoerd zijn in melkglas of diep amber. <\/p>\n<p data-start=\"1462\" data-end=\"1593\">Rol zachtjes op hartslagpunten zoals polsen, hals en decollet\u00e9. Laat de olie aan de lucht drogen en natuurlijk in de huid trekken. <\/p>\n<p data-start=\"1595\" data-end=\"1673\" data-is-last-node=\"\" data-is-only-node=\"\">Bewaar op een koele, droge en donkere plaats om de delicate botanische noten te behouden.<\/p>\n<p><em><strong>Alle ingredi\u00ebnten zijn biologisch, in het wild geoogst en op duurzame, ethische en regionale wijze verkregen. <\/strong><\/em><\/p>\n<p><strong>Inhoud: 10 ml<\/strong><\/p>\n<h2><strong>Natuurlijke \/ biologische ingredi\u00ebnten <\/strong><\/h2>\n<p>In eigen huis gemaakte extracten van de hele plant en essences van Engelse theeroos, wilde cottage roos, gefermenteerd eikenmos (absolues, CO2-extracten en plantextracten), Caprylic\/Capric Triglyceride (biologische kokosolie, gefractioneerd), Simmondsia chinensis.<\/p>\n\n\t<section class=\"section dark\" id=\"section_1014384803\">\n\t\t<div class=\"section-bg fill\" >\n\t\t\t<img fetchpriority=\"high\" decoding=\"async\" width=\"1200\" height=\"604\" src=\"https:\/\/dutchhealthstore.com\/wp-content\/uploads\/2026\/02\/bgux.jpg\" class=\"bg attachment- size-\" alt=\"\" \/>\t\t\t\t\t\t<div class=\"section-bg-overlay absolute fill\"><\/div>\n\t\t\t\n\n\t\t<\/div>\n\n\t\t\n\n\t\t<div class=\"section-content relative\">\n\t\t\t\n\n\t<div id=\"gap-752250414\" class=\"gap-element clearfix\" style=\"display:block; height:auto;\">\n\t\t\n<style>\n#gap-752250414 {\n  padding-top: 15px;\n}\n<\/style>\n\t<\/div>\n\t\n\n<div class=\"container section-title-container\" ><h3 class=\"section-title section-title-normal\"><b><\/b><span class=\"section-title-main\" >Over Tidelands House<\/span><b><\/b><\/h3><\/div>\n\n<div class=\"row\"  id=\"row-717469404\">\n\n\n\t<div id=\"col-175037017\" class=\"col small-12 large-12\"  >\n\t\t\t\t<div class=\"col-inner\"  >\n\t\t\t\n\t\t\t\n\n<p>Tidelands House is een Canadees botanisch huidverzorgingsatelier, opgericht door herborist Dominique Del Col. Elke formule wordt met de hand gemaakt in een door de zon verlichte distilleerkamer in een gerestaureerd 19e-eeuws stenen huisje, waar kruiden aan houten balken hangen en botanische ingredi\u00ebnten worden bereid in het ritme van de seizoenen.<\/p>\n<p>In het wild geplukte planten, biodynamische teelt en mariene botanische ingredi\u00ebnten verzameld aan de oostkust van Canada vormen de kern van elke bereiding. Ingredi\u00ebnten worden geoogst op het hoogtepunt van hun vitaliteit en in micro-batches verwerkt om de kracht, versheid en energetische integriteit te behouden. <\/p>\n<p>Geen synthetische toevoegingen. Geen onnodige vulstoffen. Alleen nutri\u00ebntenrijke botanische extracten, gefermenteerde bloesemessences en pure plantaardige oli\u00ebn in op erfgoed ge\u00efnspireerd melkglas.  <\/p>\n<p>Tidelands House is langzame, bewuste huidverzorging \u2014 geworteld in het land, rituelen en respect voor zowel traditie als moderne botanische wetenschap.<\/p>\n\n\n\t\t<\/div>\n\t\t\t\t\t<\/div>\n\n\t\n\n<\/div>\n\n\t\t<\/div>\n\n\t\t\n<style>\n#section_1014384803 {\n  padding-top: 30px;\n  padding-bottom: 30px;\n  background-color: rgb(40, 40, 40);\n}\n#section_1014384803 .section-bg-overlay {\n  background-color: rgba(0, 0, 0, 0.477);\n}\n#section_1014384803 .section-bg img {\n  object-position: 51% 73%;\n}\n<\/style>\n\t<\/section>\n\t\n","protected":false},"excerpt":{"rendered":"<p>Een delicate botanische huile de parfum, ambachtelijk vervaardigd met Engelse theeroos en wild gefermenteerd korstmos. Deze in kleine oplage gemaakte geur ontplooit zich als een zacht, aards bloemenritueel, moeiteloos aan te brengen met een luxe rollerfles. <\/p>\n","protected":false},"featured_media":371800,"comment_status":"open","ping_status":"closed","template":"","meta":[],"product_brand":[],"product_cat":[1029,6694,1006,20909,1906,6815,510,22209],"product_tag":[],"class_list":{"0":"post-372691","1":"product","2":"type-product","3":"status-publish","4":"has-post-thumbnail","6":"product_cat-categorieen","7":"product_cat-fragrances-nl-2","8":"product_cat-merken","9":"product_cat-new-additions-skincare-nl","10":"product_cat-nieuwe-producten","11":"product_cat-perfumes-nl","12":"product_cat-shop-winkel","13":"product_cat-tidelands-house","14":"pa_brand-tidelands-house","15":"pa_fragrances-product-type-perfumes-nl","16":"pa_gtin-22288","17":"pa_size-10-ml-nl","19":"first","20":"instock","21":"taxable","22":"shipping-taxable","23":"purchasable","24":"product-type-simple"},"bundled_by":[],"bundle_stock_status":"instock","bundle_stock_quantity":3,"bundle_virtual":false,"bundle_layout":"","bundle_add_to_cart_form_location":"","bundle_editable_in_cart":false,"bundle_sold_individually_context":"","bundle_item_grouping":"","bundle_min_size":"","bundle_max_size":"","bundle_price":[],"bundled_items":[],"bundle_sell_ids":[372694],"atum_controlled":true,"out_stock_date":null,"out_stock_threshold":null,"inheritable":false,"stock_on_hold":1,"sold_today":0,"sales_last_days":3,"out_stock_days":0,"lost_sales":0,"update_date":"2026-04-24T13:03:42","atum_locations":[],"atum_stock_status":"instock","restock_status":false,"low_stock_amount":"","sales_update_date":"2026-04-24T13:03:42","calc_backorders":null,"group_of_quantity":0,"min_quantity":0,"max_quantity":"","exclude_order_quantity_value_rules":"no","exclude_category_quantity_rules":"no","combine_variations":"no","yoast_head":"<!-- This site is optimized with the Yoast SEO Premium plugin v26.5 (Yoast SEO v26.5) - https:\/\/yoast.com\/wordpress\/plugins\/seo\/ -->\n<title>English Tea Rose Huile de Parfum No. 1 - Tidelands House<\/title>\n<meta name=\"description\" content=\"Botanische tea rose huile de parfum met wild gefermenteerd korstmos. Een in kleine oplage gemaakte bloemige geur in een luxe rollerfles voor zachte, aardse elegantie.\" \/>\n<meta name=\"robots\" content=\"index, follow, max-snippet:-1, max-image-preview:large, max-video-preview:-1\" \/>\n<link rel=\"canonical\" href=\"https:\/\/dutchhealthstore.com\/nl\/product\/english-tea-rose-huile-de-parfum-no-1\/\" \/>\n<meta property=\"og:locale\" content=\"nl_NL\" \/>\n<meta property=\"og:type\" content=\"article\" \/>\n<meta property=\"og:title\" content=\"English Tea Rose Huile de Parfum No. 1 - Dutch Health Store\" \/>\n<meta property=\"og:description\" content=\"Botanische tea rose huile de parfum met wild gefermenteerd korstmos. Een in kleine oplage gemaakte bloemige geur in een luxe rollerfles voor zachte, aardse elegantie.\" \/>\n<meta property=\"og:url\" content=\"https:\/\/dutchhealthstore.com\/nl\/product\/english-tea-rose-huile-de-parfum-no-1\/\" \/>\n<meta property=\"og:site_name\" content=\"Dutch Health Store\" \/>\n<meta property=\"article:publisher\" content=\"https:\/\/www.instagram.com\/dutchhealthstore\/\" \/>\n<meta property=\"article:modified_time\" content=\"2026-03-23T13:29:48+00:00\" \/>\n<meta property=\"og:image\" content=\"https:\/\/dutchhealthstore.com\/wp-content\/uploads\/2026\/02\/English-Tea-Rose-Huile-de-Parfum-No.-1.jpg\" \/>\n\t<meta property=\"og:image:width\" content=\"530\" \/>\n\t<meta property=\"og:image:height\" content=\"530\" \/>\n\t<meta property=\"og:image:type\" content=\"image\/jpeg\" \/>\n<meta name=\"twitter:card\" content=\"summary_large_image\" \/>\n<meta name=\"twitter:label1\" content=\"Prijs\" \/>\n\t<meta name=\"twitter:data1\" content=\"&euro;49,00\" \/>\n\t<meta name=\"twitter:label2\" content=\"Beschikbaarheid\" \/>\n\t<meta name=\"twitter:data2\" content=\"Op voorraad\" \/>\n<script type=\"application\/ld+json\" class=\"yoast-schema-graph\">{\"@context\":\"https:\/\/schema.org\",\"@graph\":[{\"@type\":\"WebPage\",\"@id\":\"https:\/\/dutchhealthstore.com\/nl\/product\/english-tea-rose-huile-de-parfum-no-1\/\",\"url\":\"https:\/\/dutchhealthstore.com\/nl\/product\/english-tea-rose-huile-de-parfum-no-1\/\",\"name\":\"English Tea Rose Huile de Parfum No. 1 - Tidelands House\",\"isPartOf\":{\"@id\":\"https:\/\/dutchhealthstore.com\/nl\/#website\"},\"primaryImageOfPage\":{\"@id\":\"https:\/\/dutchhealthstore.com\/nl\/product\/english-tea-rose-huile-de-parfum-no-1\/#primaryimage\"},\"image\":{\"@id\":\"https:\/\/dutchhealthstore.com\/nl\/product\/english-tea-rose-huile-de-parfum-no-1\/#primaryimage\"},\"thumbnailUrl\":\"https:\/\/dutchhealthstore.com\/wp-content\/uploads\/2026\/02\/English-Tea-Rose-Huile-de-Parfum-No.-1.jpg\",\"datePublished\":\"2026-02-23T10:39:36+00:00\",\"dateModified\":\"2026-03-23T13:29:48+00:00\",\"description\":\"Botanische tea rose huile de parfum met wild gefermenteerd korstmos. Een in kleine oplage gemaakte bloemige geur in een luxe rollerfles voor zachte, aardse elegantie.\",\"breadcrumb\":{\"@id\":\"https:\/\/dutchhealthstore.com\/nl\/product\/english-tea-rose-huile-de-parfum-no-1\/#breadcrumb\"},\"inLanguage\":\"nl-NL\",\"potentialAction\":[{\"@type\":\"ReadAction\",\"target\":[\"https:\/\/dutchhealthstore.com\/nl\/product\/english-tea-rose-huile-de-parfum-no-1\/\"]}]},{\"@type\":\"ImageObject\",\"inLanguage\":\"nl-NL\",\"@id\":\"https:\/\/dutchhealthstore.com\/nl\/product\/english-tea-rose-huile-de-parfum-no-1\/#primaryimage\",\"url\":\"https:\/\/dutchhealthstore.com\/wp-content\/uploads\/2026\/02\/English-Tea-Rose-Huile-de-Parfum-No.-1.jpg\",\"contentUrl\":\"https:\/\/dutchhealthstore.com\/wp-content\/uploads\/2026\/02\/English-Tea-Rose-Huile-de-Parfum-No.-1.jpg\",\"width\":530,\"height\":530,\"caption\":\"English Tea Rose Huile de Parfum No.-1\"},{\"@type\":\"BreadcrumbList\",\"@id\":\"https:\/\/dutchhealthstore.com\/nl\/product\/english-tea-rose-huile-de-parfum-no-1\/#breadcrumb\",\"itemListElement\":[{\"@type\":\"ListItem\",\"position\":1,\"name\":\"Home\",\"item\":\"https:\/\/dutchhealthstore.com\/nl\/\"},{\"@type\":\"ListItem\",\"position\":2,\"name\":\"Shop\",\"item\":\"https:\/\/dutchhealthstore.com\/nl\/shop\/\"},{\"@type\":\"ListItem\",\"position\":3,\"name\":\"English Tea Rose Huile de Parfum No. 1\"}]},{\"@type\":\"WebSite\",\"@id\":\"https:\/\/dutchhealthstore.com\/nl\/#website\",\"url\":\"https:\/\/dutchhealthstore.com\/nl\/\",\"name\":\"Dutch Health Store\",\"description\":\"Enhance Your Beauty with Organic &amp; Natural Skincare\",\"publisher\":{\"@id\":\"https:\/\/dutchhealthstore.com\/nl\/#organization\"},\"potentialAction\":[{\"@type\":\"SearchAction\",\"target\":{\"@type\":\"EntryPoint\",\"urlTemplate\":\"https:\/\/dutchhealthstore.com\/nl\/?s={search_term_string}\"},\"query-input\":{\"@type\":\"PropertyValueSpecification\",\"valueRequired\":true,\"valueName\":\"search_term_string\"}}],\"inLanguage\":\"nl-NL\"},{\"@type\":\"Organization\",\"@id\":\"https:\/\/dutchhealthstore.com\/nl\/#organization\",\"name\":\"Dutch Health Store\",\"url\":\"https:\/\/dutchhealthstore.com\/nl\/\",\"logo\":{\"@type\":\"ImageObject\",\"inLanguage\":\"nl-NL\",\"@id\":\"https:\/\/dutchhealthstore.com\/nl\/#\/schema\/logo\/image\/\",\"url\":\"https:\/\/dutchhealthstore.com\/wp-content\/uploads\/2020\/08\/logo-dutchhealthstore-jpg-e1599484957574.jpg\",\"contentUrl\":\"https:\/\/dutchhealthstore.com\/wp-content\/uploads\/2020\/08\/logo-dutchhealthstore-jpg-e1599484957574.jpg\",\"width\":400,\"height\":62,\"caption\":\"Dutch Health Store\"},\"image\":{\"@id\":\"https:\/\/dutchhealthstore.com\/nl\/#\/schema\/logo\/image\/\"},\"sameAs\":[\"https:\/\/www.instagram.com\/dutchhealthstore\/\",\"https:\/\/www.facebook.com\/dutchhealthstore\"]}]}<\/script>\n<meta property=\"product:brand\" content=\"Tidelands House\" \/>\n<meta property=\"product:price:amount\" content=\"49.00\" \/>\n<meta property=\"product:price:currency\" content=\"EUR\" \/>\n<meta property=\"og:availability\" content=\"instock\" \/>\n<meta property=\"product:availability\" content=\"instock\" \/>\n<meta property=\"product:condition\" content=\"new\" \/>\n<!-- \/ Yoast SEO Premium plugin. -->","yoast_head_json":{"title":"English Tea Rose Huile de Parfum No. 1 - Tidelands House","description":"Botanische tea rose huile de parfum met wild gefermenteerd korstmos. Een in kleine oplage gemaakte bloemige geur in een luxe rollerfles voor zachte, aardse elegantie.","robots":{"index":"index","follow":"follow","max-snippet":"max-snippet:-1","max-image-preview":"max-image-preview:large","max-video-preview":"max-video-preview:-1"},"canonical":"https:\/\/dutchhealthstore.com\/nl\/product\/english-tea-rose-huile-de-parfum-no-1\/","og_locale":"nl_NL","og_type":"article","og_title":"English Tea Rose Huile de Parfum No. 1 - Dutch Health Store","og_description":"Botanische tea rose huile de parfum met wild gefermenteerd korstmos. Een in kleine oplage gemaakte bloemige geur in een luxe rollerfles voor zachte, aardse elegantie.","og_url":"https:\/\/dutchhealthstore.com\/nl\/product\/english-tea-rose-huile-de-parfum-no-1\/","og_site_name":"Dutch Health Store","article_publisher":"https:\/\/www.instagram.com\/dutchhealthstore\/","article_modified_time":"2026-03-23T13:29:48+00:00","og_image":[{"width":530,"height":530,"url":"https:\/\/dutchhealthstore.com\/wp-content\/uploads\/2026\/02\/English-Tea-Rose-Huile-de-Parfum-No.-1.jpg","type":"image\/jpeg"}],"twitter_card":"summary_large_image","twitter_misc":{"Prijs":"&euro;49,00","Beschikbaarheid":"Op voorraad"},"schema":{"@context":"https:\/\/schema.org","@graph":[{"@type":"WebPage","@id":"https:\/\/dutchhealthstore.com\/nl\/product\/english-tea-rose-huile-de-parfum-no-1\/","url":"https:\/\/dutchhealthstore.com\/nl\/product\/english-tea-rose-huile-de-parfum-no-1\/","name":"English Tea Rose Huile de Parfum No. 1 - Tidelands House","isPartOf":{"@id":"https:\/\/dutchhealthstore.com\/nl\/#website"},"primaryImageOfPage":{"@id":"https:\/\/dutchhealthstore.com\/nl\/product\/english-tea-rose-huile-de-parfum-no-1\/#primaryimage"},"image":{"@id":"https:\/\/dutchhealthstore.com\/nl\/product\/english-tea-rose-huile-de-parfum-no-1\/#primaryimage"},"thumbnailUrl":"https:\/\/dutchhealthstore.com\/wp-content\/uploads\/2026\/02\/English-Tea-Rose-Huile-de-Parfum-No.-1.jpg","datePublished":"2026-02-23T10:39:36+00:00","dateModified":"2026-03-23T13:29:48+00:00","description":"Botanische tea rose huile de parfum met wild gefermenteerd korstmos. Een in kleine oplage gemaakte bloemige geur in een luxe rollerfles voor zachte, aardse elegantie.","breadcrumb":{"@id":"https:\/\/dutchhealthstore.com\/nl\/product\/english-tea-rose-huile-de-parfum-no-1\/#breadcrumb"},"inLanguage":"nl-NL","potentialAction":[{"@type":"ReadAction","target":["https:\/\/dutchhealthstore.com\/nl\/product\/english-tea-rose-huile-de-parfum-no-1\/"]}]},{"@type":"ImageObject","inLanguage":"nl-NL","@id":"https:\/\/dutchhealthstore.com\/nl\/product\/english-tea-rose-huile-de-parfum-no-1\/#primaryimage","url":"https:\/\/dutchhealthstore.com\/wp-content\/uploads\/2026\/02\/English-Tea-Rose-Huile-de-Parfum-No.-1.jpg","contentUrl":"https:\/\/dutchhealthstore.com\/wp-content\/uploads\/2026\/02\/English-Tea-Rose-Huile-de-Parfum-No.-1.jpg","width":530,"height":530,"caption":"English Tea Rose Huile de Parfum No.-1"},{"@type":"BreadcrumbList","@id":"https:\/\/dutchhealthstore.com\/nl\/product\/english-tea-rose-huile-de-parfum-no-1\/#breadcrumb","itemListElement":[{"@type":"ListItem","position":1,"name":"Home","item":"https:\/\/dutchhealthstore.com\/nl\/"},{"@type":"ListItem","position":2,"name":"Shop","item":"https:\/\/dutchhealthstore.com\/nl\/shop\/"},{"@type":"ListItem","position":3,"name":"English Tea Rose Huile de Parfum No. 1"}]},{"@type":"WebSite","@id":"https:\/\/dutchhealthstore.com\/nl\/#website","url":"https:\/\/dutchhealthstore.com\/nl\/","name":"Dutch Health Store","description":"Enhance Your Beauty with Organic &amp; Natural Skincare","publisher":{"@id":"https:\/\/dutchhealthstore.com\/nl\/#organization"},"potentialAction":[{"@type":"SearchAction","target":{"@type":"EntryPoint","urlTemplate":"https:\/\/dutchhealthstore.com\/nl\/?s={search_term_string}"},"query-input":{"@type":"PropertyValueSpecification","valueRequired":true,"valueName":"search_term_string"}}],"inLanguage":"nl-NL"},{"@type":"Organization","@id":"https:\/\/dutchhealthstore.com\/nl\/#organization","name":"Dutch Health Store","url":"https:\/\/dutchhealthstore.com\/nl\/","logo":{"@type":"ImageObject","inLanguage":"nl-NL","@id":"https:\/\/dutchhealthstore.com\/nl\/#\/schema\/logo\/image\/","url":"https:\/\/dutchhealthstore.com\/wp-content\/uploads\/2020\/08\/logo-dutchhealthstore-jpg-e1599484957574.jpg","contentUrl":"https:\/\/dutchhealthstore.com\/wp-content\/uploads\/2020\/08\/logo-dutchhealthstore-jpg-e1599484957574.jpg","width":400,"height":62,"caption":"Dutch Health Store"},"image":{"@id":"https:\/\/dutchhealthstore.com\/nl\/#\/schema\/logo\/image\/"},"sameAs":["https:\/\/www.instagram.com\/dutchhealthstore\/","https:\/\/www.facebook.com\/dutchhealthstore"]}]},"product_brand":"Tidelands House","product_price_amount":"49.00","product_price_currency":"EUR","og_availability":"instock","product_availability":"instock","product_condition":"new"},"_links":{"self":[{"href":"https:\/\/dutchhealthstore.com\/nl\/wp-json\/wp\/v2\/product\/372691","targetHints":{"allow":["GET"]}}],"collection":[{"href":"https:\/\/dutchhealthstore.com\/nl\/wp-json\/wp\/v2\/product"}],"about":[{"href":"https:\/\/dutchhealthstore.com\/nl\/wp-json\/wp\/v2\/types\/product"}],"replies":[{"embeddable":true,"href":"https:\/\/dutchhealthstore.com\/nl\/wp-json\/wp\/v2\/comments?post=372691"}],"wp:featuredmedia":[{"embeddable":true,"href":"https:\/\/dutchhealthstore.com\/nl\/wp-json\/wp\/v2\/media\/371800"}],"wp:attachment":[{"href":"https:\/\/dutchhealthstore.com\/nl\/wp-json\/wp\/v2\/media?parent=372691"}],"wp:term":[{"taxonomy":"product_brand","embeddable":true,"href":"https:\/\/dutchhealthstore.com\/nl\/wp-json\/wp\/v2\/product_brand?post=372691"},{"taxonomy":"product_cat","embeddable":true,"href":"https:\/\/dutchhealthstore.com\/nl\/wp-json\/wp\/v2\/product_cat?post=372691"},{"taxonomy":"product_tag","embeddable":true,"href":"https:\/\/dutchhealthstore.com\/nl\/wp-json\/wp\/v2\/product_tag?post=372691"}],"curies":[{"name":"wp","href":"https:\/\/api.w.org\/{rel}","templated":true}]}}