{"id":372687,"date":"2026-02-23T11:41:57","date_gmt":"2026-02-23T10:41:57","guid":{"rendered":"https:\/\/dutchhealthstore.com\/product\/reishi-boreale-forest-mineral-renewal-facial-serum\/"},"modified":"2026-02-23T11:41:57","modified_gmt":"2026-02-23T10:41:57","slug":"reishi-boreale-forest-mineral-renewal-facial-serum","status":"publish","type":"product","link":"https:\/\/dutchhealthstore.com\/nl\/product\/reishi-boreale-forest-mineral-renewal-facial-serum\/","title":{"rendered":"Reishi Bor\u00e9ale Forest Mineral Renewal Facial Serum"},"content":{"rendered":"<h4 data-start=\"585\" data-end=\"605\"><strong data-start=\"590\" data-end=\"605\">De Formule<\/strong><\/h4>\n<p data-start=\"606\" data-end=\"847\">Dit levendige, voedingsrijke gezichtsserum wordt aangedreven door krachtige botanische extracten vol vitaminen en fytonutri\u00ebnten. Het helpt de huid te beschermen tegen UV-stress en ondersteunt herstel en aanvulling voor en na het zonnen. <\/p>\n<p data-start=\"849\" data-end=\"1067\">De lichte textuur trekt snel in, herstelt de hydratatie, bevordert de helderheid en helpt verkleuringen te verminderen. Het resultaat is een gladdere, egalere teint met een gezonde glans. <\/p>\n<p data-start=\"1069\" data-end=\"1159\">Geschikt voor alle huidtypes; dit serum ondersteunt veerkracht, zachtheid en zichtbaar herstel.<\/p>\n<h3>Filosofie van Bloemen<\/h3>\n<p>Heemstwortel, duindoornbes, gerijpte zoethoutwortel, brandnetel, lokale kamillebloesem en astragaluswortel.<\/p>\n<h3>Actieve Botanische Ingredi\u00ebnten<\/h3>\n<p data-start=\"1773\" data-end=\"1995\"><strong data-start=\"1773\" data-end=\"1792\">Reishi-paddenstoel<\/strong><br data-start=\"1792\" data-end=\"1795\">Met de hand geoogst in boreale bossen; reishi bevat herstellende polysachariden en b\u00e8taglucanen. Het helpt de huid te kalmeren, ondersteunt de lymfestroom en vermindert wallen en dofheid. <\/p>\n<p data-start=\"1997\" data-end=\"2211\"><strong data-start=\"1997\" data-end=\"2016\">Astragaluswortel<\/strong><br data-start=\"2016\" data-end=\"2019\">Een krachtig ontstekingsremmend extract dat bindweefsel versterkt en de collageenintegriteit ondersteunt. Het helpt de huid te beschermen tegen schade door UV-straling. <\/p>\n<p data-start=\"2213\" data-end=\"2337\"><strong data-start=\"2213\" data-end=\"2226\">Gotu Kola<\/strong><br data-start=\"2226\" data-end=\"2229\">Stimuleert de collageenproductie en voedt kwetsbaar bindweefsel, wat zorgt voor stevigheid en elasticiteit.<\/p>\n<p data-start=\"2339\" data-end=\"2497\"><strong data-start=\"2339\" data-end=\"2354\">Brandnetelblad<\/strong><br data-start=\"2354\" data-end=\"2357\">Rijk aan silica, zwavel en fytonutri\u00ebnten die de huid versterken en de weerstand tegen omgevingsstress en UV-schade verbeteren.<\/p>\n<p data-start=\"2499\" data-end=\"2660\"><strong data-start=\"2499\" data-end=\"2521\">Kombu Kelp-zeewier<\/strong><br data-start=\"2521\" data-end=\"2524\">Ethisch geoogst en mineraalrijk; dit zeebotanisch extract voorziet de huid van essenti\u00eble vitaminen en voedingsstoffen voor een gezonde glow.<\/p>\n<p data-start=\"2662\" data-end=\"2802\"><strong data-start=\"2662\" data-end=\"2682\">Heemstwortel<\/strong><br data-start=\"2682\" data-end=\"2685\">Een natuurlijke vochtbinder die de hydratatie verbetert en tegelijkertijd kalmerende en antioxiderende voordelen biedt.<\/p>\n<p data-start=\"2804\" data-end=\"2959\"><strong data-start=\"2804\" data-end=\"2821\">Zoethoutwortel<\/strong><br data-start=\"2821\" data-end=\"2824\">Helps hyperpigmentatie en een ongelijkmatige teint te verzachten. Natuurlijk kalmerend en rijk aan antioxidanten die de helderheid van de huid ondersteunen. <\/p>\n<p data-start=\"2961\" data-end=\"3102\"><strong data-start=\"2961\" data-end=\"2977\">Smeerwortelblad<\/strong><br data-start=\"2977\" data-end=\"2980\">Bevat allanto\u00efne om de huid te verzachten en vernieuwing te ondersteunen. De antioxidanten helpen beschermen tegen omgevingsstress. <\/p>\n<p data-start=\"3104\" data-end=\"3280\"><strong data-start=\"3104\" data-end=\"3132\">Wildgeplukte calendulabloem<\/strong><br data-start=\"3132\" data-end=\"3135\">Ondersteunt hydratatie en stevigheid, en kalmeert de rode of onzuivere huid. Natuurlijk rijk aan antioxidanten met milde beschermende eigenschappen. <\/p>\n<p data-start=\"3282\" data-end=\"3456\"><strong data-start=\"3282\" data-end=\"3308\">Frambozenzaadolie<\/strong><br data-start=\"3308\" data-end=\"3311\">Koudgeperst en voedingsrijk; bevat essenti\u00eble vetzuren, caroteno\u00efden en flavono\u00efden die de weerstand van de huid in de zon verbeteren.<\/p>\n<p data-start=\"3458\" data-end=\"3680\"><strong data-start=\"3458\" data-end=\"3481\">Duindoornbes<\/strong><br data-start=\"3481\" data-end=\"3484\">Een levendige superfruit-olie rijk aan essenti\u00eble vetzuren en caroteno\u00efden. Het voedt, versterkt bindweefsel en verbetert de natuurlijke glans en het aanpassingsvermogen van de huid tijdens seizoenswisselingen. <\/p>\n<p data-start=\"3682\" data-end=\"3838\"><strong data-start=\"3682\" data-end=\"3708\">Wilde kamillebloesem<\/strong><br data-start=\"3708\" data-end=\"3711\">Bekend om de kalmerende en verzachtende eigenschappen. Hydrateert mild en ondersteunt de gevoelige huid met een zacht, troostend aroma. <\/p>\n<p><em><strong>Alle ingredi\u00ebnten zijn biologisch, in het wild geoogst en op duurzame, ethische en regionale wijze verkregen. <\/strong><\/em><\/p>\n<p><strong>Inhoud: 30 ml<\/strong><\/p>\n<h3 data-start=\"3845\" data-end=\"3872\"><strong data-start=\"3849\" data-end=\"3872\">Zonverzorgingsfilosofie<\/strong><\/h3>\n<p data-start=\"3874\" data-end=\"4162\" data-is-last-node=\"\" data-is-only-node=\"\">Dit serum is ontworpen als aanvulling op bewuste zonverzorging. Geniet met mate van de zon en combineer het met een minerale zonnebrandcr\u00e8me op basis van zink voor extra bescherming. De keuze voor fysieke zonbescherming boven chemische formules ondersteunt zowel de gezondheid van je huid als het milieu.  <\/p>\n<h2><strong>Natuurlijke \/ biologische ingredi\u00ebnten <\/strong><\/h2>\n<p>In eigen huis gemaakte extracten en essences van wilde boreale reishi-paddenstoel (<em>Ganoderma lucidum<\/em>), zoethoutwortel (<em>Glycyrrhiza glabra<\/em>), calendulabloem (<em>Calendula officinalis<\/em>), gotu kola (<em>Centella asiatica<\/em>), heemstwortel (<em>Althaea officinalis<\/em>), rozenbottels uit Nova Scotia (<em>Rosa canina<\/em>), rode klaverbloesem (<em>Trifolium pratense<\/em>), brandnetelblad (<em>Urtica dioica<\/em>), vlierbloesem (<em>Sambucus nigra<\/em>), astragaluswortel (<em>Astragalus membranaceus<\/em>), heermoesblad (<em>Equisetum arvense<\/em>), smeerwortelblad (<em>Symphytum officinale<\/em>), venkelzaad (<em>Foeniculum vulgare<\/em>), kombu kelp van Vancouver Island (<em>Laminaria digitata<\/em>), kamillebloem (<em>Matricaria chamomilla<\/em>), frambozenzaadolie (<em>Rubus idaeus<\/em>), cranberryzaadolie (<em>Vaccinium macrocarpon<\/em>), duindoornolie (<em>Hippophae rhamnoides<\/em>), jojoba-olie (<em>Simmondsia chinensis<\/em>), tamanu-olie (<em>Calophyllum inophyllum<\/em>), pompoenpitolie (<em>Cucurbita pepo<\/em>), wortelzaadolie (<em>Daucus carota<\/em>).<\/p>\n\n\t<section class=\"section dark\" id=\"section_1979180966\">\n\t\t<div class=\"section-bg fill\" >\n\t\t\t<img fetchpriority=\"high\" decoding=\"async\" width=\"1200\" height=\"604\" src=\"https:\/\/dutchhealthstore.com\/wp-content\/uploads\/2026\/02\/bgux.jpg\" class=\"bg attachment- size-\" alt=\"\" \/>\t\t\t\t\t\t<div class=\"section-bg-overlay absolute fill\"><\/div>\n\t\t\t\n\n\t\t<\/div>\n\n\t\t\n\n\t\t<div class=\"section-content relative\">\n\t\t\t\n\n\t<div id=\"gap-1407089243\" class=\"gap-element clearfix\" style=\"display:block; height:auto;\">\n\t\t\n<style>\n#gap-1407089243 {\n  padding-top: 15px;\n}\n<\/style>\n\t<\/div>\n\t\n\n<div class=\"container section-title-container\" ><h3 class=\"section-title section-title-normal\"><b><\/b><span class=\"section-title-main\" >Over Tidelands House<\/span><b><\/b><\/h3><\/div>\n\n<div class=\"row\"  id=\"row-1976675764\">\n\n\n\t<div id=\"col-1057300987\" class=\"col small-12 large-12\"  >\n\t\t\t\t<div class=\"col-inner\"  >\n\t\t\t\n\t\t\t\n\n<p>Tidelands House is een Canadees botanisch huidverzorgingsatelier, opgericht door herborist Dominique Del Col. Elke formule wordt met de hand gemaakt in een door de zon verlichte distilleerkamer in een gerestaureerd 19e-eeuws stenen huisje, waar kruiden aan houten balken hangen en botanische ingredi\u00ebnten worden bereid in het ritme van de seizoenen.<\/p>\n<p>In het wild geplukte planten, biodynamische teelt en mariene botanische ingredi\u00ebnten verzameld aan de oostkust van Canada vormen de kern van elke bereiding. Ingredi\u00ebnten worden geoogst op het hoogtepunt van hun vitaliteit en in micro-batches verwerkt om de kracht, versheid en energetische integriteit te behouden. <\/p>\n<p>Geen synthetische toevoegingen. Geen onnodige vulstoffen. Alleen nutri\u00ebntenrijke botanische extracten, gefermenteerde bloesemessences en pure plantaardige oli\u00ebn in op erfgoed ge\u00efnspireerd melkglas.  <\/p>\n<p>Tidelands House is langzame, bewuste huidverzorging \u2014 geworteld in het land, rituelen en respect voor zowel traditie als moderne botanische wetenschap.<\/p>\n\n\n\t\t<\/div>\n\t\t\t\t\t<\/div>\n\n\t\n\n<\/div>\n\n\t\t<\/div>\n\n\t\t\n<style>\n#section_1979180966 {\n  padding-top: 30px;\n  padding-bottom: 30px;\n  background-color: rgb(40, 40, 40);\n}\n#section_1979180966 .section-bg-overlay {\n  background-color: rgba(0, 0, 0, 0.477);\n}\n#section_1979180966 .section-bg img {\n  object-position: 51% 73%;\n}\n<\/style>\n\t<\/section>\n\t\n","protected":false},"excerpt":{"rendered":"<p>Een geconcentreerd botanisch gezichtsserum ontworpen om de huid te beschermen, herstellen en verhelderen voor en na blootstelling aan de zon. Deze balancerende formule is rijk aan fytonutri\u00ebnten en essenti\u00eble vitaminen en ondersteunt hydratatie, veerkracht en een gladde, stralende teint voor alle huidtypes. <\/p>\n","protected":false},"featured_media":371832,"comment_status":"open","ping_status":"closed","template":"","meta":[],"product_brand":[],"product_cat":[8503,1029,5693,5621,20985,20948,6638,5696,5617,14731,1006,20909,1906,5694,5623,5001,5005,20917,20984,5700,5692,5697,5698,5699,510,5862,22209,5664,5695],"product_tag":[],"class_list":{"0":"post-372687","1":"product","2":"type-product","3":"status-publish","4":"has-post-thumbnail","6":"product_cat-every-day-solutions-nl","7":"product_cat-categorieen","8":"product_cat-dry-mature-ageing-skin-nl-5","9":"product_cat-dry-mature-ageing-skin-nl-4","10":"product_cat-droog-nl-3","11":"product_cat-droog-nl","12":"product_cat-family-nl","13":"product_cat-sensitive-skin-redness-nl-5","14":"product_cat-sensitive-skin-redness-nl","15":"product_cat-huidverzorging","16":"product_cat-merken","17":"product_cat-new-additions-skincare-nl","18":"product_cat-nieuwe-producten","19":"product_cat-normal-or-combination-skin-nl-5","20":"product_cat-normal-or-combination-skin-nl","21":"product_cat-by-collections-nl-2","22":"product_cat-by-skin-type","23":"product_cat-rijpe-en-ouder-wordende-huid","24":"product_cat-serums-nl-5","25":"product_cat-serums-nl-4","26":"product_cat-serums-nl-9","27":"product_cat-serums-nl","28":"product_cat-serums-nl-2","29":"product_cat-serums-nl-3","30":"product_cat-shop-winkel","31":"product_cat-sun-outdoor-care-nl","32":"product_cat-tidelands-house","33":"product_cat-oily-skin-clogged-pores-nl","34":"product_cat-oily-skin-clogged-pores-nl-6","35":"pa_brand-tidelands-house","36":"pa_gtin-22285","37":"pa_size-30-ml-nl","38":"pa_skincare-type-face-oil-and-serums-nl","40":"first","41":"outofstock","42":"taxable","43":"shipping-taxable","44":"purchasable","45":"product-type-simple"},"bundled_by":[],"bundle_stock_status":"outofstock","bundle_stock_quantity":0,"bundle_virtual":false,"bundle_layout":"","bundle_add_to_cart_form_location":"","bundle_editable_in_cart":false,"bundle_sold_individually_context":"","bundle_item_grouping":"","bundle_min_size":"","bundle_max_size":"","bundle_price":[],"bundled_items":[],"bundle_sell_ids":[372716],"atum_controlled":true,"out_stock_date":"2026-03-06 23:58:18","out_stock_threshold":null,"inheritable":false,"stock_on_hold":1,"sold_today":0,"sales_last_days":3,"out_stock_days":2,"lost_sales":51,"update_date":"2026-04-30T11:54:18","atum_locations":[],"atum_stock_status":"outofstock","restock_status":false,"low_stock_amount":"","sales_update_date":"2026-04-30T11:54:18","calc_backorders":null,"group_of_quantity":0,"min_quantity":0,"max_quantity":"","exclude_order_quantity_value_rules":"no","exclude_category_quantity_rules":"no","combine_variations":"no","yoast_head":"<!-- This site is optimized with the Yoast SEO Premium plugin v26.5 (Yoast SEO v26.5) - https:\/\/yoast.com\/wordpress\/plugins\/seo\/ -->\n<title>Reishi Bor\u00e9ale Forest Mineral Renewal Facial Serum - Tidelands House<\/title>\n<meta name=\"description\" content=\"Botanisch sun repair gezichtsserum met fytonutri\u00ebntrijke plantenextracten. Hydrateert, verheldert en ondersteunt de huid voor en na blootstelling aan de zon.\" \/>\n<meta name=\"robots\" content=\"index, follow, max-snippet:-1, max-image-preview:large, max-video-preview:-1\" \/>\n<link rel=\"canonical\" href=\"https:\/\/dutchhealthstore.com\/nl\/product\/reishi-boreale-forest-mineral-renewal-facial-serum\/\" \/>\n<meta property=\"og:locale\" content=\"nl_NL\" \/>\n<meta property=\"og:type\" content=\"article\" \/>\n<meta property=\"og:title\" content=\"Reishi Bor\u00e9ale Forest Mineral Renewal Facial Serum - Dutch Health Store\" \/>\n<meta property=\"og:description\" content=\"Botanisch sun repair gezichtsserum met fytonutri\u00ebntrijke plantenextracten. Hydrateert, verheldert en ondersteunt de huid voor en na blootstelling aan de zon.\" \/>\n<meta property=\"og:url\" content=\"https:\/\/dutchhealthstore.com\/nl\/product\/reishi-boreale-forest-mineral-renewal-facial-serum\/\" \/>\n<meta property=\"og:site_name\" content=\"Dutch Health Store\" \/>\n<meta property=\"article:publisher\" content=\"https:\/\/www.instagram.com\/dutchhealthstore\/\" \/>\n<meta property=\"og:image\" content=\"https:\/\/dutchhealthstore.com\/wp-content\/uploads\/2026\/02\/Reishi-Boreale-Forest-Mineral-Renewal-Facial-Serum.jpg\" \/>\n\t<meta property=\"og:image:width\" content=\"530\" \/>\n\t<meta property=\"og:image:height\" content=\"530\" \/>\n\t<meta property=\"og:image:type\" content=\"image\/jpeg\" \/>\n<meta name=\"twitter:card\" content=\"summary_large_image\" \/>\n<meta name=\"twitter:label1\" content=\"Prijs\" \/>\n\t<meta name=\"twitter:data1\" content=\"&euro;60,00\" \/>\n\t<meta name=\"twitter:label2\" content=\"Beschikbaarheid\" \/>\n\t<meta name=\"twitter:data2\" content=\"Uitverkocht\" \/>\n<script type=\"application\/ld+json\" class=\"yoast-schema-graph\">{\"@context\":\"https:\/\/schema.org\",\"@graph\":[{\"@type\":\"WebPage\",\"@id\":\"https:\/\/dutchhealthstore.com\/nl\/product\/reishi-boreale-forest-mineral-renewal-facial-serum\/\",\"url\":\"https:\/\/dutchhealthstore.com\/nl\/product\/reishi-boreale-forest-mineral-renewal-facial-serum\/\",\"name\":\"Reishi Bor\u00e9ale Forest Mineral Renewal Facial Serum - Tidelands House\",\"isPartOf\":{\"@id\":\"https:\/\/dutchhealthstore.com\/nl\/#website\"},\"primaryImageOfPage\":{\"@id\":\"https:\/\/dutchhealthstore.com\/nl\/product\/reishi-boreale-forest-mineral-renewal-facial-serum\/#primaryimage\"},\"image\":{\"@id\":\"https:\/\/dutchhealthstore.com\/nl\/product\/reishi-boreale-forest-mineral-renewal-facial-serum\/#primaryimage\"},\"thumbnailUrl\":\"https:\/\/dutchhealthstore.com\/wp-content\/uploads\/2026\/02\/Reishi-Boreale-Forest-Mineral-Renewal-Facial-Serum.jpg\",\"datePublished\":\"2026-02-23T10:41:57+00:00\",\"description\":\"Botanisch sun repair gezichtsserum met fytonutri\u00ebntrijke plantenextracten. Hydrateert, verheldert en ondersteunt de huid voor en na blootstelling aan de zon.\",\"breadcrumb\":{\"@id\":\"https:\/\/dutchhealthstore.com\/nl\/product\/reishi-boreale-forest-mineral-renewal-facial-serum\/#breadcrumb\"},\"inLanguage\":\"nl-NL\",\"potentialAction\":[{\"@type\":\"ReadAction\",\"target\":[\"https:\/\/dutchhealthstore.com\/nl\/product\/reishi-boreale-forest-mineral-renewal-facial-serum\/\"]}]},{\"@type\":\"ImageObject\",\"inLanguage\":\"nl-NL\",\"@id\":\"https:\/\/dutchhealthstore.com\/nl\/product\/reishi-boreale-forest-mineral-renewal-facial-serum\/#primaryimage\",\"url\":\"https:\/\/dutchhealthstore.com\/wp-content\/uploads\/2026\/02\/Reishi-Boreale-Forest-Mineral-Renewal-Facial-Serum.jpg\",\"contentUrl\":\"https:\/\/dutchhealthstore.com\/wp-content\/uploads\/2026\/02\/Reishi-Boreale-Forest-Mineral-Renewal-Facial-Serum.jpg\",\"width\":530,\"height\":530,\"caption\":\"reishi-boreale-forest-mineral-renewal-facial-serum\"},{\"@type\":\"BreadcrumbList\",\"@id\":\"https:\/\/dutchhealthstore.com\/nl\/product\/reishi-boreale-forest-mineral-renewal-facial-serum\/#breadcrumb\",\"itemListElement\":[{\"@type\":\"ListItem\",\"position\":1,\"name\":\"Home\",\"item\":\"https:\/\/dutchhealthstore.com\/nl\/\"},{\"@type\":\"ListItem\",\"position\":2,\"name\":\"Shop\",\"item\":\"https:\/\/dutchhealthstore.com\/nl\/shop\/\"},{\"@type\":\"ListItem\",\"position\":3,\"name\":\"Reishi Bor\u00e9ale Forest Mineral Renewal Facial Serum\"}]},{\"@type\":\"WebSite\",\"@id\":\"https:\/\/dutchhealthstore.com\/nl\/#website\",\"url\":\"https:\/\/dutchhealthstore.com\/nl\/\",\"name\":\"Dutch Health Store\",\"description\":\"Enhance Your Beauty with Organic &amp; Natural Skincare\",\"publisher\":{\"@id\":\"https:\/\/dutchhealthstore.com\/nl\/#organization\"},\"potentialAction\":[{\"@type\":\"SearchAction\",\"target\":{\"@type\":\"EntryPoint\",\"urlTemplate\":\"https:\/\/dutchhealthstore.com\/nl\/?s={search_term_string}\"},\"query-input\":{\"@type\":\"PropertyValueSpecification\",\"valueRequired\":true,\"valueName\":\"search_term_string\"}}],\"inLanguage\":\"nl-NL\"},{\"@type\":\"Organization\",\"@id\":\"https:\/\/dutchhealthstore.com\/nl\/#organization\",\"name\":\"Dutch Health Store\",\"url\":\"https:\/\/dutchhealthstore.com\/nl\/\",\"logo\":{\"@type\":\"ImageObject\",\"inLanguage\":\"nl-NL\",\"@id\":\"https:\/\/dutchhealthstore.com\/nl\/#\/schema\/logo\/image\/\",\"url\":\"https:\/\/dutchhealthstore.com\/wp-content\/uploads\/2020\/08\/logo-dutchhealthstore-jpg-e1599484957574.jpg\",\"contentUrl\":\"https:\/\/dutchhealthstore.com\/wp-content\/uploads\/2020\/08\/logo-dutchhealthstore-jpg-e1599484957574.jpg\",\"width\":400,\"height\":62,\"caption\":\"Dutch Health Store\"},\"image\":{\"@id\":\"https:\/\/dutchhealthstore.com\/nl\/#\/schema\/logo\/image\/\"},\"sameAs\":[\"https:\/\/www.instagram.com\/dutchhealthstore\/\",\"https:\/\/www.facebook.com\/dutchhealthstore\"]}]}<\/script>\n<meta property=\"product:brand\" content=\"Tidelands House\" \/>\n<meta property=\"product:price:amount\" content=\"60.00\" \/>\n<meta property=\"product:price:currency\" content=\"EUR\" \/>\n<meta property=\"og:availability\" content=\"out of stock\" \/>\n<meta property=\"product:availability\" content=\"out of stock\" \/>\n<meta property=\"product:condition\" content=\"new\" \/>\n<!-- \/ Yoast SEO Premium plugin. -->","yoast_head_json":{"title":"Reishi Bor\u00e9ale Forest Mineral Renewal Facial Serum - Tidelands House","description":"Botanisch sun repair gezichtsserum met fytonutri\u00ebntrijke plantenextracten. Hydrateert, verheldert en ondersteunt de huid voor en na blootstelling aan de zon.","robots":{"index":"index","follow":"follow","max-snippet":"max-snippet:-1","max-image-preview":"max-image-preview:large","max-video-preview":"max-video-preview:-1"},"canonical":"https:\/\/dutchhealthstore.com\/nl\/product\/reishi-boreale-forest-mineral-renewal-facial-serum\/","og_locale":"nl_NL","og_type":"article","og_title":"Reishi Bor\u00e9ale Forest Mineral Renewal Facial Serum - Dutch Health Store","og_description":"Botanisch sun repair gezichtsserum met fytonutri\u00ebntrijke plantenextracten. Hydrateert, verheldert en ondersteunt de huid voor en na blootstelling aan de zon.","og_url":"https:\/\/dutchhealthstore.com\/nl\/product\/reishi-boreale-forest-mineral-renewal-facial-serum\/","og_site_name":"Dutch Health Store","article_publisher":"https:\/\/www.instagram.com\/dutchhealthstore\/","og_image":[{"width":530,"height":530,"url":"https:\/\/dutchhealthstore.com\/wp-content\/uploads\/2026\/02\/Reishi-Boreale-Forest-Mineral-Renewal-Facial-Serum.jpg","type":"image\/jpeg"}],"twitter_card":"summary_large_image","twitter_misc":{"Prijs":"&euro;60,00","Beschikbaarheid":"Uitverkocht"},"schema":{"@context":"https:\/\/schema.org","@graph":[{"@type":"WebPage","@id":"https:\/\/dutchhealthstore.com\/nl\/product\/reishi-boreale-forest-mineral-renewal-facial-serum\/","url":"https:\/\/dutchhealthstore.com\/nl\/product\/reishi-boreale-forest-mineral-renewal-facial-serum\/","name":"Reishi Bor\u00e9ale Forest Mineral Renewal Facial Serum - Tidelands House","isPartOf":{"@id":"https:\/\/dutchhealthstore.com\/nl\/#website"},"primaryImageOfPage":{"@id":"https:\/\/dutchhealthstore.com\/nl\/product\/reishi-boreale-forest-mineral-renewal-facial-serum\/#primaryimage"},"image":{"@id":"https:\/\/dutchhealthstore.com\/nl\/product\/reishi-boreale-forest-mineral-renewal-facial-serum\/#primaryimage"},"thumbnailUrl":"https:\/\/dutchhealthstore.com\/wp-content\/uploads\/2026\/02\/Reishi-Boreale-Forest-Mineral-Renewal-Facial-Serum.jpg","datePublished":"2026-02-23T10:41:57+00:00","description":"Botanisch sun repair gezichtsserum met fytonutri\u00ebntrijke plantenextracten. Hydrateert, verheldert en ondersteunt de huid voor en na blootstelling aan de zon.","breadcrumb":{"@id":"https:\/\/dutchhealthstore.com\/nl\/product\/reishi-boreale-forest-mineral-renewal-facial-serum\/#breadcrumb"},"inLanguage":"nl-NL","potentialAction":[{"@type":"ReadAction","target":["https:\/\/dutchhealthstore.com\/nl\/product\/reishi-boreale-forest-mineral-renewal-facial-serum\/"]}]},{"@type":"ImageObject","inLanguage":"nl-NL","@id":"https:\/\/dutchhealthstore.com\/nl\/product\/reishi-boreale-forest-mineral-renewal-facial-serum\/#primaryimage","url":"https:\/\/dutchhealthstore.com\/wp-content\/uploads\/2026\/02\/Reishi-Boreale-Forest-Mineral-Renewal-Facial-Serum.jpg","contentUrl":"https:\/\/dutchhealthstore.com\/wp-content\/uploads\/2026\/02\/Reishi-Boreale-Forest-Mineral-Renewal-Facial-Serum.jpg","width":530,"height":530,"caption":"reishi-boreale-forest-mineral-renewal-facial-serum"},{"@type":"BreadcrumbList","@id":"https:\/\/dutchhealthstore.com\/nl\/product\/reishi-boreale-forest-mineral-renewal-facial-serum\/#breadcrumb","itemListElement":[{"@type":"ListItem","position":1,"name":"Home","item":"https:\/\/dutchhealthstore.com\/nl\/"},{"@type":"ListItem","position":2,"name":"Shop","item":"https:\/\/dutchhealthstore.com\/nl\/shop\/"},{"@type":"ListItem","position":3,"name":"Reishi Bor\u00e9ale Forest Mineral Renewal Facial Serum"}]},{"@type":"WebSite","@id":"https:\/\/dutchhealthstore.com\/nl\/#website","url":"https:\/\/dutchhealthstore.com\/nl\/","name":"Dutch Health Store","description":"Enhance Your Beauty with Organic &amp; Natural Skincare","publisher":{"@id":"https:\/\/dutchhealthstore.com\/nl\/#organization"},"potentialAction":[{"@type":"SearchAction","target":{"@type":"EntryPoint","urlTemplate":"https:\/\/dutchhealthstore.com\/nl\/?s={search_term_string}"},"query-input":{"@type":"PropertyValueSpecification","valueRequired":true,"valueName":"search_term_string"}}],"inLanguage":"nl-NL"},{"@type":"Organization","@id":"https:\/\/dutchhealthstore.com\/nl\/#organization","name":"Dutch Health Store","url":"https:\/\/dutchhealthstore.com\/nl\/","logo":{"@type":"ImageObject","inLanguage":"nl-NL","@id":"https:\/\/dutchhealthstore.com\/nl\/#\/schema\/logo\/image\/","url":"https:\/\/dutchhealthstore.com\/wp-content\/uploads\/2020\/08\/logo-dutchhealthstore-jpg-e1599484957574.jpg","contentUrl":"https:\/\/dutchhealthstore.com\/wp-content\/uploads\/2020\/08\/logo-dutchhealthstore-jpg-e1599484957574.jpg","width":400,"height":62,"caption":"Dutch Health Store"},"image":{"@id":"https:\/\/dutchhealthstore.com\/nl\/#\/schema\/logo\/image\/"},"sameAs":["https:\/\/www.instagram.com\/dutchhealthstore\/","https:\/\/www.facebook.com\/dutchhealthstore"]}]},"product_brand":"Tidelands House","product_price_amount":"60.00","product_price_currency":"EUR","og_availability":"out of stock","product_availability":"out of stock","product_condition":"new"},"_links":{"self":[{"href":"https:\/\/dutchhealthstore.com\/nl\/wp-json\/wp\/v2\/product\/372687","targetHints":{"allow":["GET"]}}],"collection":[{"href":"https:\/\/dutchhealthstore.com\/nl\/wp-json\/wp\/v2\/product"}],"about":[{"href":"https:\/\/dutchhealthstore.com\/nl\/wp-json\/wp\/v2\/types\/product"}],"replies":[{"embeddable":true,"href":"https:\/\/dutchhealthstore.com\/nl\/wp-json\/wp\/v2\/comments?post=372687"}],"wp:featuredmedia":[{"embeddable":true,"href":"https:\/\/dutchhealthstore.com\/nl\/wp-json\/wp\/v2\/media\/371832"}],"wp:attachment":[{"href":"https:\/\/dutchhealthstore.com\/nl\/wp-json\/wp\/v2\/media?parent=372687"}],"wp:term":[{"taxonomy":"product_brand","embeddable":true,"href":"https:\/\/dutchhealthstore.com\/nl\/wp-json\/wp\/v2\/product_brand?post=372687"},{"taxonomy":"product_cat","embeddable":true,"href":"https:\/\/dutchhealthstore.com\/nl\/wp-json\/wp\/v2\/product_cat?post=372687"},{"taxonomy":"product_tag","embeddable":true,"href":"https:\/\/dutchhealthstore.com\/nl\/wp-json\/wp\/v2\/product_tag?post=372687"}],"curies":[{"name":"wp","href":"https:\/\/api.w.org\/{rel}","templated":true}]}}