{"id":372623,"date":"2026-02-23T11:45:03","date_gmt":"2026-02-23T10:45:03","guid":{"rendered":"https:\/\/dutchhealthstore.com\/product\/lumiere-florale-garden-glycolic\/"},"modified":"2026-02-23T11:45:03","modified_gmt":"2026-02-23T10:45:03","slug":"lumiere-florale-garden-glycolic","status":"publish","type":"product","link":"https:\/\/dutchhealthstore.com\/nl\/product\/lumiere-florale-garden-glycolic\/","title":{"rendered":"Lumiere Florale Garden Glycolic"},"content":{"rendered":"<h4 data-start=\"585\" data-end=\"605\"><strong data-start=\"590\" data-end=\"605\">De Formule<\/strong><\/h4>\n<p data-start=\"581\" data-end=\"880\">Lumi\u00e8re Florale is een tweewekelijkse vernieuwende behandeling, ontworpen om de huid met zorg en precisie te herstellen. Het combineert de verhelderende werking van fruitzuren met de aardende voeding van hele bloemen en wortels. Het resultaat is een gladdere textuur, een verbeterde teint en een natuurlijke, stralende gloed.  <\/p>\n<p data-start=\"882\" data-end=\"1281\">De kern bestaat uit een zorgvuldig gedoseerd glycolzuur uit suikerriet en onrijpe druiven. Vanwege de kleine moleculaire omvang werkt het net onder het huidoppervlak om milde vernieuwing te stimuleren. Het verzacht fijne lijntjes, verfijnt een ongelijkmatige textuur, verheldert verkleuringen en ondersteunt de aanmaak van collageen en glycosaminoglycanen \u2014 de vochtbindende elementen die de huid vol en soepel houden.  <\/p>\n<p data-start=\"1283\" data-end=\"1524\">In deze microgedoseerde formule werkt glycolzuur als een signaal in plaats van een stressfactor. Het bevordert een gezonde celvernieuwing zonder de vochtbarri\u00e8re of het microbioom te verstoren. Dit maakt het ideaal voor gevoelige, herstellende of op onderhoud gerichte huidcycli.  <\/p>\n<p data-start=\"1526\" data-end=\"1826\">Wat Lumi\u00e8re Florale uniek maakt, is het botanische buffersysteem. Een seizoensgebonden infusie van gefermenteerde rozenvrucht, calendulabloesem, heirloom cacao, steengemalen heemstwortel en passiebloem omringt het glycolzuur met kalmerende plantenstoffen, minerale voeding en hydraterende polysachariden. <\/p>\n<p data-start=\"1828\" data-end=\"2105\">Heemst en passiebloem zorgen voor verzachtende hydratatie. Gefermenteerde rozenbottels en hibiscus versterken de helderheid met natuurlijke fruitzuren. Zoethoutwortel helpt een ongelijkmatige teint te verminderen, terwijl vlierbloesem en brandnetel de huid versterken en beschermen met mineraalrijke ondersteuning.  <\/p>\n<p data-start=\"2107\" data-end=\"2257\">Dit is geen agressieve peeling, maar een botanische sluier van vernieuwing \u2014 een ritueel dat de huid bij consistent gebruik helderder, zachter en stralender maakt.<\/p>\n<h3>Filosofie van Bloemen<\/h3>\n<p data-start=\"2295\" data-end=\"2423\">Passiebloemtinctuur, steengemalen heemstwortel, heirloom cacaovrucht, gefermenteerde rozenvrucht en heritage calendulabloesem.<\/p>\n<h4 data-start=\"2430\" data-end=\"2448\"><strong data-start=\"2434\" data-end=\"2448\">Het ritueel<\/strong><\/h4>\n<p data-start=\"2450\" data-end=\"2593\">Gebruik \u00e9\u00e9n of twee keer per week &#8217;s avonds. Breng 1\u20132 pompjes aan op een schone, droge huid. Een lichte tinteling is normaal en duidt op actieve vernieuwing.  <\/p>\n<p data-start=\"2595\" data-end=\"2657\">Wacht \u00e9\u00e9n minuut en vervolg met een hydraterende essence en serum.<\/p>\n<p data-start=\"2659\" data-end=\"2758\">Breng bij een gevoelige huid aan als een masker van twee minuten en spoel grondig af voordat je verdergaat met je routine.<\/p>\n<h3>Actieve Botanische Ingredi\u00ebnten<\/h3>\n<p data-start=\"2791\" data-end=\"2953\"><strong data-start=\"2791\" data-end=\"2831\">Passiebloem (Passiflora incarnata)<\/strong><br data-start=\"2831\" data-end=\"2834\">Rijk aan kalmerende flavono\u00efden. Helpt zichtbare roodheid te verminderen en verzacht reactiviteit tijdens het exfoli\u00ebren. <\/p>\n<p data-start=\"2955\" data-end=\"3166\"><strong data-start=\"2955\" data-end=\"2997\">Heemstwortel (Althaea officinalis)<\/strong><br data-start=\"2997\" data-end=\"3000\">Steengemalen om het slijmgehalte te behouden; deze botanische stof bindt vocht aan de huid en vormt een ademende beschermlaag die hydratatie en rust ondersteunt.<\/p>\n<p data-start=\"3168\" data-end=\"3367\"><strong data-start=\"3168\" data-end=\"3210\">Gefermenteerde rozenvrucht (Rosa spp.)<\/strong><br data-start=\"3210\" data-end=\"3213\">Natuurlijk rijk aan milde fruitzuren en vitaminen. Ondersteunt celvernieuwing en verheldert, met verbeterde opname door fermentatie. <\/p>\n<p data-start=\"3369\" data-end=\"3552\"><strong data-start=\"3369\" data-end=\"3411\">Heirloom cacaovrucht (Theobroma cacao)<\/strong><br data-start=\"3411\" data-end=\"3414\">Boordevol antioxidanten en sporenelementen zoals magnesium en kalium. Ondersteunt de stevigheid en helpt beschermen tegen oxidatieve stress. <\/p>\n<p data-start=\"3554\" data-end=\"3737\"><strong data-start=\"3554\" data-end=\"3599\">Calendulabloesem (Calendula officinalis)<\/strong><br data-start=\"3599\" data-end=\"3602\">Kalmeert en herstelt de huid die is aangetast door omgevingsstress. Rijk aan caroteen en flavono\u00efden die irritatie verzachten. <\/p>\n<p data-start=\"3739\" data-end=\"3914\"><strong data-start=\"3739\" data-end=\"3777\">Darjeeling thee (Camellia sinensis)<\/strong><br data-start=\"3777\" data-end=\"3780\">Een verfijnde infusie van antioxidanten. Helpt vrije radicalen te neutraliseren en vermindert zichtbare ontstekingen. <\/p>\n<p data-start=\"3916\" data-end=\"4033\"><strong data-start=\"3916\" data-end=\"3954\">Zoethoutwortel (Glycyrrhiza glabra)<\/strong><br data-start=\"3954\" data-end=\"3957\">Helpt verkleuringen te vervagen en een ongelijkmatige teint in balans te brengen terwijl het ontstekingen kalmeert.<\/p>\n<p data-start=\"4035\" data-end=\"4191\"><strong data-start=\"4035\" data-end=\"4076\">Hibiscusbloem (Hibiscus sabdariffa)<\/strong><br data-start=\"4076\" data-end=\"4079\">Bevat natuurlijke exfoli\u00ebrende zuren en antioxidatieve anthocyanen. Ondersteunt elasticiteit en gladheid. <\/p>\n<p data-start=\"4193\" data-end=\"4369\"><strong data-start=\"4193\" data-end=\"4250\">Vlierbloesem &amp; brandnetel (Sambucus nigra &amp; Urtica dioica)<\/strong><br data-start=\"4250\" data-end=\"4253\">Mineraalrijke botanicals die silica, ijzer en beschermende flavono\u00efden leveren om de teint te versterken en te zuiveren.<\/p>\n<h4 data-start=\"4376\" data-end=\"4392\"><strong data-start=\"4380\" data-end=\"4392\">Meest geschikt voor<\/strong><\/h4>\n<ul data-start=\"4394\" data-end=\"4750\" data-is-last-node=\"\" data-is-only-node=\"\">\n<li data-start=\"4394\" data-end=\"4424\">\n<p data-start=\"4396\" data-end=\"4424\">Normale tot gecombineerde huid<\/p>\n<\/li>\n<li data-start=\"4425\" data-end=\"4473\">\n<p data-start=\"4427\" data-end=\"4473\">Droge of doffe huid die behoefte heeft aan gladheid en glans<\/p>\n<\/li>\n<li data-start=\"4474\" data-end=\"4535\">\n<p data-start=\"4476\" data-end=\"4535\">Gevoelige huid die moeite heeft met traditionele exfolianten<\/p>\n<\/li>\n<li data-start=\"4536\" data-end=\"4578\">\n<p data-start=\"4538\" data-end=\"4578\">Huid met een beschadigde barri\u00e8re of herstellende huid<\/p>\n<\/li>\n<li data-start=\"4579\" data-end=\"4626\">\n<p data-start=\"4581\" data-end=\"4626\">Rijpe huid met fijne lijntjes of verlies van stevigheid<\/p>\n<\/li>\n<li data-start=\"4627\" data-end=\"4690\">\n<p data-start=\"4629\" data-end=\"4690\">Acnegevoelige maar droge of gevoelige huid (geen open wondjes)<\/p>\n<\/li>\n<li data-start=\"4691\" data-end=\"4750\" data-is-last-node=\"\">\n<p data-start=\"4693\" data-end=\"4750\" data-is-last-node=\"\">Huid die gevoelig is voor ongelijkmatige teint, zonblootstelling of verkleuring<\/p>\n<\/li>\n<\/ul>\n<p><em><strong>Alle ingredi\u00ebnten zijn biologisch, in het wild geoogst en op duurzame, ethische en regionale wijze verkregen. <\/strong><\/em><\/p>\n<p><strong>Inhoud: 30 ml<\/strong><\/p>\n<p><strong data-start=\"0\" data-end=\"17\" data-is-only-node=\"\">Productverzorging:<\/strong><br data-start=\"17\" data-end=\"20\">Binnen zes maanden na opening gebruiken. Bewaren op een koele, droge en donkere plaats om versheid en kracht te behouden. <\/p>\n<h2><strong>Natuurlijke \/ biologische ingredi\u00ebnten <\/strong><\/h2>\n<p>Heemstwortel (Althaea officinalis), passiebloem (Passiflora incarnata), gefermenteerde rozenvrucht (Rosa spp.), heirloom calendulabloesem (Calendula officinalis), zoethoutwortel (Glycyrrhiza glabra), theeroosblaadjes (Rosa \u00d7 odorata), hibiscusbloem (Hibiscus sabdariffa), brandnetel (Urtica dioica), vlierbloesem (Sambucus nigra), darjeeling thee (Camellia sinensis), heirloom cacaovrucht (Theobroma cacao), koper-ge\u00ebxtraheerde lavendelessence (Lavandula angustifolia), steengemalen arrowroot (Maranta arundinacea), xanthaangom, biodynamische vlasglycerine (Linum usitatissimum), glycolextract (suikerriet en druif), gefermenteerde radijswortel (Raphanus sativus).<\/p>\n\n\t<section class=\"section dark\" id=\"section_773648666\">\n\t\t<div class=\"section-bg fill\" >\n\t\t\t<img fetchpriority=\"high\" decoding=\"async\" width=\"1200\" height=\"604\" src=\"https:\/\/dutchhealthstore.com\/wp-content\/uploads\/2026\/02\/bgux.jpg\" class=\"bg attachment- size-\" alt=\"\" \/>\t\t\t\t\t\t<div class=\"section-bg-overlay absolute fill\"><\/div>\n\t\t\t\n\n\t\t<\/div>\n\n\t\t\n\n\t\t<div class=\"section-content relative\">\n\t\t\t\n\n\t<div id=\"gap-848784993\" class=\"gap-element clearfix\" style=\"display:block; height:auto;\">\n\t\t\n<style>\n#gap-848784993 {\n  padding-top: 15px;\n}\n<\/style>\n\t<\/div>\n\t\n\n<div class=\"container section-title-container\" ><h3 class=\"section-title section-title-normal\"><b><\/b><span class=\"section-title-main\" >Over Tidelands House<\/span><b><\/b><\/h3><\/div>\n\n<div class=\"row\"  id=\"row-847386862\">\n\n\n\t<div id=\"col-611959857\" class=\"col small-12 large-12\"  >\n\t\t\t\t<div class=\"col-inner\"  >\n\t\t\t\n\t\t\t\n\n<p>Tidelands House is een Canadees botanisch huidverzorgingsatelier, opgericht door herborist Dominique Del Col. Elke formule wordt met de hand gemaakt in een door de zon verlichte distilleerkamer in een gerestaureerd 19e-eeuws stenen huisje, waar kruiden aan houten balken hangen en botanische ingredi\u00ebnten worden bereid in het ritme van de seizoenen.<\/p>\n<p>In het wild geplukte planten, biodynamische teelt en mariene botanische ingredi\u00ebnten verzameld aan de oostkust van Canada vormen de kern van elke bereiding. Ingredi\u00ebnten worden geoogst op het hoogtepunt van hun vitaliteit en in micro-batches verwerkt om de kracht, versheid en energetische integriteit te behouden. <\/p>\n<p>Geen synthetische toevoegingen. Geen onnodige vulstoffen. Alleen nutri\u00ebntenrijke botanische extracten, gefermenteerde bloesemessences en pure plantaardige oli\u00ebn in op erfgoed ge\u00efnspireerd melkglas.  <\/p>\n<p>Tidelands House is langzame, bewuste huidverzorging \u2014 geworteld in het land, rituelen en respect voor zowel traditie als moderne botanische wetenschap.<\/p>\n\n\n\t\t<\/div>\n\t\t\t\t\t<\/div>\n\n\t\n\n<\/div>\n\n\t\t<\/div>\n\n\t\t\n<style>\n#section_773648666 {\n  padding-top: 30px;\n  padding-bottom: 30px;\n  background-color: rgb(40, 40, 40);\n}\n#section_773648666 .section-bg-overlay {\n  background-color: rgba(0, 0, 0, 0.477);\n}\n#section_773648666 .section-bg img {\n  object-position: 51% 73%;\n}\n<\/style>\n\t<\/section>\n\t\n","protected":false},"excerpt":{"rendered":"<p>Een zachte, vernieuwende nectar op basis van microgedoseerd natuurlijk glycolzuur en extracten van hele bloemen. Verfijnt de textuur, verheldert de teint en herstelt de glans \u2014 dit alles terwijl de huidbarri\u00e8re wordt ondersteund en de huid rustig en gehydrateerd blijft. <\/p>\n","protected":false},"featured_media":371848,"comment_status":"open","ping_status":"closed","template":"","meta":[],"product_brand":[],"product_cat":[1029,5618,5693,5621,20948,20985,5696,5620,5617,14731,5677,5624,5625,5616,5622,1006,20909,1906,5623,5619,5694,5005,20917,21007,5692,510,22209,5676,5695,5664],"product_tag":[],"class_list":{"0":"post-372623","1":"product","2":"type-product","3":"status-publish","4":"has-post-thumbnail","6":"product_cat-categorieen","7":"product_cat-dry-mature-ageing-skin-nl-2","8":"product_cat-dry-mature-ageing-skin-nl-5","9":"product_cat-dry-mature-ageing-skin-nl-4","10":"product_cat-droog-nl","11":"product_cat-droog-nl-3","12":"product_cat-sensitive-skin-redness-nl-5","13":"product_cat-sensitive-skin-redness-nl-2","14":"product_cat-sensitive-skin-redness-nl","15":"product_cat-huidverzorging","16":"product_cat-masks-scrubs-exfoliators-nl-2","17":"product_cat-masks-scrubs-exfoliators-nl-3","18":"product_cat-masks-scrubs-exfoliators-nl-5","19":"product_cat-masks-scrubs-exfoliators-nl-6","20":"product_cat-masks-scrubs-exfoliators-nl","21":"product_cat-merken","22":"product_cat-new-additions-skincare-nl","23":"product_cat-nieuwe-producten","24":"product_cat-normal-or-combination-skin-nl","25":"product_cat-normal-or-combination-skin-nl-2","26":"product_cat-normal-or-combination-skin-nl-5","27":"product_cat-by-skin-type","28":"product_cat-rijpe-en-ouder-wordende-huid","29":"product_cat-scrubs-en-scrubs","30":"product_cat-serums-nl-9","31":"product_cat-shop-winkel","32":"product_cat-tidelands-house","33":"product_cat-oily-skin-clogged-pores-nl-2","34":"product_cat-oily-skin-clogged-pores-nl-6","35":"product_cat-oily-skin-clogged-pores-nl","36":"pa_brand-tidelands-house","37":"pa_gtin-22279","38":"pa_size-30-ml-nl","39":"pa_skincare-type-face-oil-and-serums-nl","41":"first","42":"instock","43":"taxable","44":"shipping-taxable","45":"purchasable","46":"product-type-simple"},"bundled_by":[],"bundle_stock_status":"instock","bundle_stock_quantity":2,"bundle_virtual":false,"bundle_layout":"","bundle_add_to_cart_form_location":"","bundle_editable_in_cart":false,"bundle_sold_individually_context":"","bundle_item_grouping":"","bundle_min_size":"","bundle_max_size":"","bundle_price":[],"bundled_items":[],"bundle_sell_ids":[372682],"atum_controlled":true,"out_stock_date":null,"out_stock_threshold":null,"inheritable":false,"stock_on_hold":0,"sold_today":0,"sales_last_days":0,"out_stock_days":0,"lost_sales":0,"update_date":"2026-04-24T13:03:42","atum_locations":[],"atum_stock_status":"instock","restock_status":false,"low_stock_amount":"","sales_update_date":"2026-04-24T13:03:42","calc_backorders":null,"group_of_quantity":0,"min_quantity":0,"max_quantity":"","exclude_order_quantity_value_rules":"no","exclude_category_quantity_rules":"no","combine_variations":"no","yoast_head":"<!-- This site is optimized with the Yoast SEO Premium plugin v26.5 (Yoast SEO v26.5) - https:\/\/yoast.com\/wordpress\/plugins\/seo\/ -->\n<title>Lumiere Florale Garden Glycolic - Tidelands House<\/title>\n<meta name=\"description\" content=\"Zacht botanisch glycolzuur-serum met fruitzuren en extracten van hele bloemen. Verfijnt de textuur, verheldert de teint en ondersteunt de gevoelige huid.\" \/>\n<meta name=\"robots\" content=\"index, follow, max-snippet:-1, max-image-preview:large, max-video-preview:-1\" \/>\n<link rel=\"canonical\" href=\"https:\/\/dutchhealthstore.com\/nl\/product\/lumiere-florale-garden-glycolic\/\" \/>\n<meta property=\"og:locale\" content=\"nl_NL\" \/>\n<meta property=\"og:type\" content=\"article\" \/>\n<meta property=\"og:title\" content=\"Lumiere Florale Garden Glycolic - Dutch Health Store\" \/>\n<meta property=\"og:description\" content=\"Zacht botanisch glycolzuur-serum met fruitzuren en extracten van hele bloemen. Verfijnt de textuur, verheldert de teint en ondersteunt de gevoelige huid.\" \/>\n<meta property=\"og:url\" content=\"https:\/\/dutchhealthstore.com\/nl\/product\/lumiere-florale-garden-glycolic\/\" \/>\n<meta property=\"og:site_name\" content=\"Dutch Health Store\" \/>\n<meta property=\"article:publisher\" content=\"https:\/\/www.instagram.com\/dutchhealthstore\/\" \/>\n<meta property=\"og:image\" content=\"https:\/\/dutchhealthstore.com\/wp-content\/uploads\/2026\/02\/Lumiere-Florale-Garden-Glycolic.jpg\" \/>\n\t<meta property=\"og:image:width\" content=\"530\" \/>\n\t<meta property=\"og:image:height\" content=\"530\" \/>\n\t<meta property=\"og:image:type\" content=\"image\/jpeg\" \/>\n<meta name=\"twitter:card\" content=\"summary_large_image\" \/>\n<meta name=\"twitter:label1\" content=\"Prijs\" \/>\n\t<meta name=\"twitter:data1\" content=\"&euro;60,00\" \/>\n\t<meta name=\"twitter:label2\" content=\"Beschikbaarheid\" \/>\n\t<meta name=\"twitter:data2\" content=\"Op voorraad\" \/>\n<script type=\"application\/ld+json\" class=\"yoast-schema-graph\">{\"@context\":\"https:\/\/schema.org\",\"@graph\":[{\"@type\":\"WebPage\",\"@id\":\"https:\/\/dutchhealthstore.com\/nl\/product\/lumiere-florale-garden-glycolic\/\",\"url\":\"https:\/\/dutchhealthstore.com\/nl\/product\/lumiere-florale-garden-glycolic\/\",\"name\":\"Lumiere Florale Garden Glycolic - Tidelands House\",\"isPartOf\":{\"@id\":\"https:\/\/dutchhealthstore.com\/nl\/#website\"},\"primaryImageOfPage\":{\"@id\":\"https:\/\/dutchhealthstore.com\/nl\/product\/lumiere-florale-garden-glycolic\/#primaryimage\"},\"image\":{\"@id\":\"https:\/\/dutchhealthstore.com\/nl\/product\/lumiere-florale-garden-glycolic\/#primaryimage\"},\"thumbnailUrl\":\"https:\/\/dutchhealthstore.com\/wp-content\/uploads\/2026\/02\/Lumiere-Florale-Garden-Glycolic.jpg\",\"datePublished\":\"2026-02-23T10:45:03+00:00\",\"description\":\"Zacht botanisch glycolzuur-serum met fruitzuren en extracten van hele bloemen. Verfijnt de textuur, verheldert de teint en ondersteunt de gevoelige huid.\",\"breadcrumb\":{\"@id\":\"https:\/\/dutchhealthstore.com\/nl\/product\/lumiere-florale-garden-glycolic\/#breadcrumb\"},\"inLanguage\":\"nl-NL\",\"potentialAction\":[{\"@type\":\"ReadAction\",\"target\":[\"https:\/\/dutchhealthstore.com\/nl\/product\/lumiere-florale-garden-glycolic\/\"]}]},{\"@type\":\"ImageObject\",\"inLanguage\":\"nl-NL\",\"@id\":\"https:\/\/dutchhealthstore.com\/nl\/product\/lumiere-florale-garden-glycolic\/#primaryimage\",\"url\":\"https:\/\/dutchhealthstore.com\/wp-content\/uploads\/2026\/02\/Lumiere-Florale-Garden-Glycolic.jpg\",\"contentUrl\":\"https:\/\/dutchhealthstore.com\/wp-content\/uploads\/2026\/02\/Lumiere-Florale-Garden-Glycolic.jpg\",\"width\":530,\"height\":530,\"caption\":\"lumiere-florale-garden-glycolic\"},{\"@type\":\"BreadcrumbList\",\"@id\":\"https:\/\/dutchhealthstore.com\/nl\/product\/lumiere-florale-garden-glycolic\/#breadcrumb\",\"itemListElement\":[{\"@type\":\"ListItem\",\"position\":1,\"name\":\"Home\",\"item\":\"https:\/\/dutchhealthstore.com\/nl\/\"},{\"@type\":\"ListItem\",\"position\":2,\"name\":\"Shop\",\"item\":\"https:\/\/dutchhealthstore.com\/nl\/shop\/\"},{\"@type\":\"ListItem\",\"position\":3,\"name\":\"Lumiere Florale Garden Glycolic\"}]},{\"@type\":\"WebSite\",\"@id\":\"https:\/\/dutchhealthstore.com\/nl\/#website\",\"url\":\"https:\/\/dutchhealthstore.com\/nl\/\",\"name\":\"Dutch Health Store\",\"description\":\"Enhance Your Beauty with Organic &amp; Natural Skincare\",\"publisher\":{\"@id\":\"https:\/\/dutchhealthstore.com\/nl\/#organization\"},\"potentialAction\":[{\"@type\":\"SearchAction\",\"target\":{\"@type\":\"EntryPoint\",\"urlTemplate\":\"https:\/\/dutchhealthstore.com\/nl\/?s={search_term_string}\"},\"query-input\":{\"@type\":\"PropertyValueSpecification\",\"valueRequired\":true,\"valueName\":\"search_term_string\"}}],\"inLanguage\":\"nl-NL\"},{\"@type\":\"Organization\",\"@id\":\"https:\/\/dutchhealthstore.com\/nl\/#organization\",\"name\":\"Dutch Health Store\",\"url\":\"https:\/\/dutchhealthstore.com\/nl\/\",\"logo\":{\"@type\":\"ImageObject\",\"inLanguage\":\"nl-NL\",\"@id\":\"https:\/\/dutchhealthstore.com\/nl\/#\/schema\/logo\/image\/\",\"url\":\"https:\/\/dutchhealthstore.com\/wp-content\/uploads\/2020\/08\/logo-dutchhealthstore-jpg-e1599484957574.jpg\",\"contentUrl\":\"https:\/\/dutchhealthstore.com\/wp-content\/uploads\/2020\/08\/logo-dutchhealthstore-jpg-e1599484957574.jpg\",\"width\":400,\"height\":62,\"caption\":\"Dutch Health Store\"},\"image\":{\"@id\":\"https:\/\/dutchhealthstore.com\/nl\/#\/schema\/logo\/image\/\"},\"sameAs\":[\"https:\/\/www.instagram.com\/dutchhealthstore\/\",\"https:\/\/www.facebook.com\/dutchhealthstore\"]}]}<\/script>\n<meta property=\"product:brand\" content=\"Tidelands House\" \/>\n<meta property=\"product:price:amount\" content=\"60.00\" \/>\n<meta property=\"product:price:currency\" content=\"EUR\" \/>\n<meta property=\"og:availability\" content=\"instock\" \/>\n<meta property=\"product:availability\" content=\"instock\" \/>\n<meta property=\"product:condition\" content=\"new\" \/>\n<!-- \/ Yoast SEO Premium plugin. -->","yoast_head_json":{"title":"Lumiere Florale Garden Glycolic - Tidelands House","description":"Zacht botanisch glycolzuur-serum met fruitzuren en extracten van hele bloemen. Verfijnt de textuur, verheldert de teint en ondersteunt de gevoelige huid.","robots":{"index":"index","follow":"follow","max-snippet":"max-snippet:-1","max-image-preview":"max-image-preview:large","max-video-preview":"max-video-preview:-1"},"canonical":"https:\/\/dutchhealthstore.com\/nl\/product\/lumiere-florale-garden-glycolic\/","og_locale":"nl_NL","og_type":"article","og_title":"Lumiere Florale Garden Glycolic - Dutch Health Store","og_description":"Zacht botanisch glycolzuur-serum met fruitzuren en extracten van hele bloemen. Verfijnt de textuur, verheldert de teint en ondersteunt de gevoelige huid.","og_url":"https:\/\/dutchhealthstore.com\/nl\/product\/lumiere-florale-garden-glycolic\/","og_site_name":"Dutch Health Store","article_publisher":"https:\/\/www.instagram.com\/dutchhealthstore\/","og_image":[{"width":530,"height":530,"url":"https:\/\/dutchhealthstore.com\/wp-content\/uploads\/2026\/02\/Lumiere-Florale-Garden-Glycolic.jpg","type":"image\/jpeg"}],"twitter_card":"summary_large_image","twitter_misc":{"Prijs":"&euro;60,00","Beschikbaarheid":"Op voorraad"},"schema":{"@context":"https:\/\/schema.org","@graph":[{"@type":"WebPage","@id":"https:\/\/dutchhealthstore.com\/nl\/product\/lumiere-florale-garden-glycolic\/","url":"https:\/\/dutchhealthstore.com\/nl\/product\/lumiere-florale-garden-glycolic\/","name":"Lumiere Florale Garden Glycolic - Tidelands House","isPartOf":{"@id":"https:\/\/dutchhealthstore.com\/nl\/#website"},"primaryImageOfPage":{"@id":"https:\/\/dutchhealthstore.com\/nl\/product\/lumiere-florale-garden-glycolic\/#primaryimage"},"image":{"@id":"https:\/\/dutchhealthstore.com\/nl\/product\/lumiere-florale-garden-glycolic\/#primaryimage"},"thumbnailUrl":"https:\/\/dutchhealthstore.com\/wp-content\/uploads\/2026\/02\/Lumiere-Florale-Garden-Glycolic.jpg","datePublished":"2026-02-23T10:45:03+00:00","description":"Zacht botanisch glycolzuur-serum met fruitzuren en extracten van hele bloemen. Verfijnt de textuur, verheldert de teint en ondersteunt de gevoelige huid.","breadcrumb":{"@id":"https:\/\/dutchhealthstore.com\/nl\/product\/lumiere-florale-garden-glycolic\/#breadcrumb"},"inLanguage":"nl-NL","potentialAction":[{"@type":"ReadAction","target":["https:\/\/dutchhealthstore.com\/nl\/product\/lumiere-florale-garden-glycolic\/"]}]},{"@type":"ImageObject","inLanguage":"nl-NL","@id":"https:\/\/dutchhealthstore.com\/nl\/product\/lumiere-florale-garden-glycolic\/#primaryimage","url":"https:\/\/dutchhealthstore.com\/wp-content\/uploads\/2026\/02\/Lumiere-Florale-Garden-Glycolic.jpg","contentUrl":"https:\/\/dutchhealthstore.com\/wp-content\/uploads\/2026\/02\/Lumiere-Florale-Garden-Glycolic.jpg","width":530,"height":530,"caption":"lumiere-florale-garden-glycolic"},{"@type":"BreadcrumbList","@id":"https:\/\/dutchhealthstore.com\/nl\/product\/lumiere-florale-garden-glycolic\/#breadcrumb","itemListElement":[{"@type":"ListItem","position":1,"name":"Home","item":"https:\/\/dutchhealthstore.com\/nl\/"},{"@type":"ListItem","position":2,"name":"Shop","item":"https:\/\/dutchhealthstore.com\/nl\/shop\/"},{"@type":"ListItem","position":3,"name":"Lumiere Florale Garden Glycolic"}]},{"@type":"WebSite","@id":"https:\/\/dutchhealthstore.com\/nl\/#website","url":"https:\/\/dutchhealthstore.com\/nl\/","name":"Dutch Health Store","description":"Enhance Your Beauty with Organic &amp; Natural Skincare","publisher":{"@id":"https:\/\/dutchhealthstore.com\/nl\/#organization"},"potentialAction":[{"@type":"SearchAction","target":{"@type":"EntryPoint","urlTemplate":"https:\/\/dutchhealthstore.com\/nl\/?s={search_term_string}"},"query-input":{"@type":"PropertyValueSpecification","valueRequired":true,"valueName":"search_term_string"}}],"inLanguage":"nl-NL"},{"@type":"Organization","@id":"https:\/\/dutchhealthstore.com\/nl\/#organization","name":"Dutch Health Store","url":"https:\/\/dutchhealthstore.com\/nl\/","logo":{"@type":"ImageObject","inLanguage":"nl-NL","@id":"https:\/\/dutchhealthstore.com\/nl\/#\/schema\/logo\/image\/","url":"https:\/\/dutchhealthstore.com\/wp-content\/uploads\/2020\/08\/logo-dutchhealthstore-jpg-e1599484957574.jpg","contentUrl":"https:\/\/dutchhealthstore.com\/wp-content\/uploads\/2020\/08\/logo-dutchhealthstore-jpg-e1599484957574.jpg","width":400,"height":62,"caption":"Dutch Health Store"},"image":{"@id":"https:\/\/dutchhealthstore.com\/nl\/#\/schema\/logo\/image\/"},"sameAs":["https:\/\/www.instagram.com\/dutchhealthstore\/","https:\/\/www.facebook.com\/dutchhealthstore"]}]},"product_brand":"Tidelands House","product_price_amount":"60.00","product_price_currency":"EUR","og_availability":"instock","product_availability":"instock","product_condition":"new"},"_links":{"self":[{"href":"https:\/\/dutchhealthstore.com\/nl\/wp-json\/wp\/v2\/product\/372623","targetHints":{"allow":["GET"]}}],"collection":[{"href":"https:\/\/dutchhealthstore.com\/nl\/wp-json\/wp\/v2\/product"}],"about":[{"href":"https:\/\/dutchhealthstore.com\/nl\/wp-json\/wp\/v2\/types\/product"}],"replies":[{"embeddable":true,"href":"https:\/\/dutchhealthstore.com\/nl\/wp-json\/wp\/v2\/comments?post=372623"}],"wp:featuredmedia":[{"embeddable":true,"href":"https:\/\/dutchhealthstore.com\/nl\/wp-json\/wp\/v2\/media\/371848"}],"wp:attachment":[{"href":"https:\/\/dutchhealthstore.com\/nl\/wp-json\/wp\/v2\/media?parent=372623"}],"wp:term":[{"taxonomy":"product_brand","embeddable":true,"href":"https:\/\/dutchhealthstore.com\/nl\/wp-json\/wp\/v2\/product_brand?post=372623"},{"taxonomy":"product_cat","embeddable":true,"href":"https:\/\/dutchhealthstore.com\/nl\/wp-json\/wp\/v2\/product_cat?post=372623"},{"taxonomy":"product_tag","embeddable":true,"href":"https:\/\/dutchhealthstore.com\/nl\/wp-json\/wp\/v2\/product_tag?post=372623"}],"curies":[{"name":"wp","href":"https:\/\/api.w.org\/{rel}","templated":true}]}}