{"id":372605,"date":"2026-02-23T11:48:00","date_gmt":"2026-02-23T10:48:00","guid":{"rendered":"https:\/\/dutchhealthstore.com\/product\/perle-ancienne-luminescence-glow-balm\/"},"modified":"2026-02-23T11:48:00","modified_gmt":"2026-02-23T10:48:00","slug":"perle-ancienne-luminescence-glow-balm","status":"publish","type":"product","link":"https:\/\/dutchhealthstore.com\/nl\/product\/perle-ancienne-luminescence-glow-balm\/","title":{"rendered":"Perle Ancienne Luminescence Glow Balm"},"content":{"rendered":"<h4 data-start=\"600\" data-end=\"620\"><strong data-start=\"605\" data-end=\"620\">De Formule<\/strong><\/h4>\n<p data-start=\"622\" data-end=\"836\">Deze stralende multifunctionele balsem laat een zachte gouden glans achter die elke huidskleur flatteert. Botanische bloem- en wortelextracten verzorgen de huid, terwijl natuurlijke mineralen een subtiele, lichtreflecterende glow cre\u00ebren. <\/p>\n<p data-start=\"838\" data-end=\"987\">De geur is warm en kruidig met een romige zoetheid, die doet denken aan verse botercr\u00e8me en zonovergoten tuinen vol groene bladeren en bloeiende bloemen.<\/p>\n<h3>Filosofie van Bloemen<\/h3>\n<p>Sarsaparillawortel, citroenmelisse, wild laurierblad, snowbell absolute, heemstwortel en licht geroosterde gotu kola.<\/p>\n<p data-start=\"0\" data-end=\"17\"><strong data-start=\"0\" data-end=\"15\">Het Ritueel:<\/strong><\/p>\n<p data-start=\"19\" data-end=\"287\">Voor een zachte, zonovergoten glow en extra hydratatie verwarm je een kleine hoeveelheid balsem tussen je vingertoppen en druk je deze op de hoge punten van het gezicht. Breng aan op de jukbeenderen, wenkbrauwbotten en het decollet\u00e9, of verdeel over schouders, armen en benen voor een algehele glans. <\/p>\n<p data-start=\"289\" data-end=\"391\" data-is-last-node=\"\" data-is-only-node=\"\">Draag op zichzelf voor een natuurlijke glans of breng aan over je dagelijkse huidverzorgingsroutine voor extra helderheid.<\/p>\n<h3>Actieve Botanische Ingredi\u00ebnten<\/h3>\n<p data-start=\"1539\" data-end=\"1737\"><strong data-start=\"1539\" data-end=\"1552\">Gotu Kola<\/strong><br data-start=\"1552\" data-end=\"1555\">Bekend om de krachtige ondersteuning van collageenproductie; gotu kola versterkt en voedt delicaat bindweefsel. Het speelt een essenti\u00eble rol bij het behouden van een stevige, veerkrachtige huid. <\/p>\n<p data-start=\"1739\" data-end=\"1931\"><strong data-start=\"1739\" data-end=\"1759\">Heemstwortel<\/strong><br data-start=\"1759\" data-end=\"1762\">Een natuurlijke bevochtiger die helpt vocht aan te trekken en vast te houden. Rijk aan verzachtende plantenstoffen, ondersteunt het de hydratatie en helpt het de huid te beschermen tegen omgevingsstress. <\/p>\n<p data-start=\"1933\" data-end=\"2183\"><strong data-start=\"1933\" data-end=\"1951\">Weidebijenwas<\/strong><br data-start=\"1951\" data-end=\"1954\">Deze ruwe, biologische bijenwas is verantwoord verkregen uit bijenstallen in de weide en helpt vocht in te sluiten en de huid tegen droogheid te beschermen. Zorgvuldig gefilterd voor zuiverheid, cre\u00ebert het een ademende barri\u00e8re die de huid zacht en beschermd houdt. <\/p>\n<p data-start=\"2185\" data-end=\"2366\"><strong data-start=\"2185\" data-end=\"2208\">Citroenmelisse-tinctuur<\/strong><br data-start=\"2208\" data-end=\"2211\">Natuurlijk rijk aan antioxidanten zoals cafe\u00efne- en ferulazuur. Het helpt beschermen tegen omgevingsstress en biedt kalmerende voordelen voor de huid. <\/p>\n<p data-start=\"2368\" data-end=\"2551\"><strong data-start=\"2368\" data-end=\"2404\">Ethisch gewonnen glanzende mineralen<\/strong><br data-start=\"2404\" data-end=\"2407\">Fijne, lichtvangen minerale deeltjes verhelderen de teint en verzachten de aanblik van schaduwen en fijne lijntjes, voor een gladde en gezonde glow.<\/p>\n<p data-start=\"2553\" data-end=\"2765\" data-is-last-node=\"\" data-is-only-node=\"\"><strong data-start=\"2553\" data-end=\"2585\">Camelliazaad- en bloemolie<\/strong><br data-start=\"2585\" data-end=\"2588\">Rijk aan oliezuur, vitaminen A, B, D en E, en voedende omega-vetzuren. Deze lichtgewicht olie trekt gemakkelijk in en biedt diepe, herstellende hydratatie zonder zwaar aan te voelen. <\/p>\n<p><em><strong>Alle ingredi\u00ebnten zijn biologisch, in het wild geoogst en op duurzame, ethische en regionale wijze verkregen. <\/strong><\/em><\/p>\n<p><strong>Inhoud: 30 ml<\/strong><\/p>\n<h2><strong>Natuurlijke \/ biologische ingredi\u00ebnten <\/strong><\/h2>\n<p>Huisgemaakte extracten van de hele plant en essences van sarsaparillawortel (<em>Smilax ornata<\/em>), citroenmelisse-tinctuur (<em>Melissa officinalis<\/em>), laurierblad-essence (<em>Laurus nobilis<\/em>), snowbell-hars (<em>Styrax officinalis<\/em>), gotu kola-blad (<em>Centella asiatica<\/em>), heemstwortel (<em>Althaea officinalis<\/em>), saffloerolie (<em>Carthamus tinctorius<\/em>), ruwe en ongefilterde bioregionale weidebijenwas (<em>Cera alba<\/em>), ruwe vierge kokosolie (<em>Cocos nucifera<\/em>), lavendelbloesem-essence (<em>Lavandula angustifolia<\/em>), wilde kruizemuntblad (<em>Mentha spicata<\/em>), zonnebloempit (<em>Helianthus annuus<\/em>), ethisch gewonnen natuurlijke silicaatmineralen (<em>Montmorillonite<\/em>), camelliazaad- en bloemolie (<em>Camellia oleifera<\/em>).<\/p>\n\n\t<section class=\"section dark\" id=\"section_1914161423\">\n\t\t<div class=\"section-bg fill\" >\n\t\t\t<img fetchpriority=\"high\" decoding=\"async\" width=\"1200\" height=\"604\" src=\"https:\/\/dutchhealthstore.com\/wp-content\/uploads\/2026\/02\/bgux.jpg\" class=\"bg attachment- size-\" alt=\"\" \/>\t\t\t\t\t\t<div class=\"section-bg-overlay absolute fill\"><\/div>\n\t\t\t\n\n\t\t<\/div>\n\n\t\t\n\n\t\t<div class=\"section-content relative\">\n\t\t\t\n\n\t<div id=\"gap-1237306615\" class=\"gap-element clearfix\" style=\"display:block; height:auto;\">\n\t\t\n<style>\n#gap-1237306615 {\n  padding-top: 15px;\n}\n<\/style>\n\t<\/div>\n\t\n\n<div class=\"container section-title-container\" ><h3 class=\"section-title section-title-normal\"><b><\/b><span class=\"section-title-main\" >Over Tidelands House<\/span><b><\/b><\/h3><\/div>\n\n<div class=\"row\"  id=\"row-1204349812\">\n\n\n\t<div id=\"col-1423969982\" class=\"col small-12 large-12\"  >\n\t\t\t\t<div class=\"col-inner\"  >\n\t\t\t\n\t\t\t\n\n<p>Tidelands House is een Canadees botanisch huidverzorgingsatelier, opgericht door herborist Dominique Del Col. Elke formule wordt met de hand gemaakt in een door de zon verlichte distilleerkamer in een gerestaureerd 19e-eeuws stenen huisje, waar kruiden aan houten balken hangen en botanische ingredi\u00ebnten worden bereid in het ritme van de seizoenen.<\/p>\n<p>In het wild geplukte planten, biodynamische teelt en mariene botanische ingredi\u00ebnten verzameld aan de oostkust van Canada vormen de kern van elke bereiding. Ingredi\u00ebnten worden geoogst op het hoogtepunt van hun vitaliteit en in micro-batches verwerkt om de kracht, versheid en energetische integriteit te behouden. <\/p>\n<p>Geen synthetische toevoegingen. Geen onnodige vulstoffen. Alleen nutri\u00ebntenrijke botanische extracten, gefermenteerde bloesemessences en pure plantaardige oli\u00ebn in op erfgoed ge\u00efnspireerd melkglas.  <\/p>\n<p>Tidelands House is langzame, bewuste huidverzorging \u2014 geworteld in het land, rituelen en respect voor zowel traditie als moderne botanische wetenschap.<\/p>\n\n\n\t\t<\/div>\n\t\t\t\t\t<\/div>\n\n\t\n\n<\/div>\n\n\t\t<\/div>\n\n\t\t\n<style>\n#section_1914161423 {\n  padding-top: 30px;\n  padding-bottom: 30px;\n  background-color: rgb(40, 40, 40);\n}\n#section_1914161423 .section-bg-overlay {\n  background-color: rgba(0, 0, 0, 0.477);\n}\n#section_1914161423 .section-bg img {\n  object-position: 51% 73%;\n}\n<\/style>\n\t<\/section>\n\t\n","protected":false},"excerpt":{"rendered":"<p>Een stralende, multifunctionele dauwachtige balsem die een subtiele gouden glow geeft aan gezicht en lichaam. Deze zijdezachte formule versmelt met de huid en voegt een zachte glans toe, terwijl het voedt met botanische extracten, bijenwas en minerale highlights voor een gladde, zonovergoten finish. <\/p>\n","protected":false},"featured_media":371762,"comment_status":"open","ping_status":"closed","template":"","meta":[],"product_brand":[],"product_cat":[1029,5641,5621,20948,20918,5617,5643,14731,1006,5640,5645,5646,5644,20919,5718,20909,1906,5642,5623,5005,20917,510,13170,22209,5664,5717],"product_tag":[],"class_list":{"0":"post-372605","1":"product","2":"type-product","3":"status-publish","4":"has-post-thumbnail","6":"product_cat-categorieen","7":"product_cat-dry-mature-ageing-skin-nl-3","8":"product_cat-dry-mature-ageing-skin-nl-4","9":"product_cat-droog-nl","10":"product_cat-droog","11":"product_cat-sensitive-skin-redness-nl","12":"product_cat-sensitive-skin-redness-nl-4","13":"product_cat-huidverzorging","14":"product_cat-merken","15":"product_cat-moisturizers-nl-7","16":"product_cat-moisturizers-nl-nl","17":"product_cat-moisturizers-nl-nl-3","18":"product_cat-moisturizers-nl","19":"product_cat-moisturizers-nl-2","20":"product_cat-moisturizers-nl-nl-2","21":"product_cat-new-additions-skincare-nl","22":"product_cat-nieuwe-producten","23":"product_cat-normal-or-combination-skin-nl-3","24":"product_cat-normal-or-combination-skin-nl","25":"product_cat-by-skin-type","26":"product_cat-rijpe-en-ouder-wordende-huid","27":"product_cat-shop-winkel","28":"product_cat-skincare-nl-2","29":"product_cat-tidelands-house","30":"product_cat-oily-skin-clogged-pores-nl","31":"product_cat-oily-skin-clogged-pores-nl-4","32":"pa_brand-tidelands-house","33":"pa_gtin-22276","34":"pa_size-30-ml-nl","35":"pa_skincare-type-moisturizers-nl","37":"first","38":"instock","39":"taxable","40":"shipping-taxable","41":"purchasable","42":"product-type-simple"},"bundled_by":[],"bundle_stock_status":"instock","bundle_stock_quantity":1,"bundle_virtual":false,"bundle_layout":"","bundle_add_to_cart_form_location":"","bundle_editable_in_cart":false,"bundle_sold_individually_context":"","bundle_item_grouping":"","bundle_min_size":"","bundle_max_size":"","bundle_price":[],"bundled_items":[],"bundle_sell_ids":[372713],"atum_controlled":true,"out_stock_date":null,"out_stock_threshold":null,"inheritable":false,"stock_on_hold":0,"sold_today":0,"sales_last_days":0,"out_stock_days":0,"lost_sales":0,"update_date":"2026-04-24T13:03:42","atum_locations":[],"atum_stock_status":"instock","restock_status":false,"low_stock_amount":"","sales_update_date":"2026-04-24T13:03:42","calc_backorders":null,"group_of_quantity":0,"min_quantity":0,"max_quantity":"","exclude_order_quantity_value_rules":"no","exclude_category_quantity_rules":"no","combine_variations":"no","yoast_head":"<!-- This site is optimized with the Yoast SEO Premium plugin v26.5 (Yoast SEO v26.5) - https:\/\/yoast.com\/wordpress\/plugins\/seo\/ -->\n<title>Perle Ancienne Luminescence Glow Balm - Tidelands House<\/title>\n<meta name=\"description\" content=\"Gouden, dauwachtige balsem voor gezicht en lichaam met botanische extracten en glanzende mineralen. Geeft een subtiele glans terwijl het de huid diep voedt en hydrateert.\" \/>\n<meta name=\"robots\" content=\"index, follow, max-snippet:-1, max-image-preview:large, max-video-preview:-1\" \/>\n<link rel=\"canonical\" href=\"https:\/\/dutchhealthstore.com\/nl\/product\/perle-ancienne-luminescence-glow-balm\/\" \/>\n<meta property=\"og:locale\" content=\"nl_NL\" \/>\n<meta property=\"og:type\" content=\"article\" \/>\n<meta property=\"og:title\" content=\"Perle Ancienne Luminescence Glow Balm - Dutch Health Store\" \/>\n<meta property=\"og:description\" content=\"Gouden, dauwachtige balsem voor gezicht en lichaam met botanische extracten en glanzende mineralen. Geeft een subtiele glans terwijl het de huid diep voedt en hydrateert.\" \/>\n<meta property=\"og:url\" content=\"https:\/\/dutchhealthstore.com\/nl\/product\/perle-ancienne-luminescence-glow-balm\/\" \/>\n<meta property=\"og:site_name\" content=\"Dutch Health Store\" \/>\n<meta property=\"article:publisher\" content=\"https:\/\/www.instagram.com\/dutchhealthstore\/\" \/>\n<meta property=\"og:image\" content=\"https:\/\/dutchhealthstore.com\/wp-content\/uploads\/2026\/02\/Perle-Ancienne-Luminescense-Glow-Balm.jpg\" \/>\n\t<meta property=\"og:image:width\" content=\"530\" \/>\n\t<meta property=\"og:image:height\" content=\"530\" \/>\n\t<meta property=\"og:image:type\" content=\"image\/jpeg\" \/>\n<meta name=\"twitter:card\" content=\"summary_large_image\" \/>\n<meta name=\"twitter:label1\" content=\"Prijs\" \/>\n\t<meta name=\"twitter:data1\" content=\"&euro;46,00\" \/>\n\t<meta name=\"twitter:label2\" content=\"Beschikbaarheid\" \/>\n\t<meta name=\"twitter:data2\" content=\"Op voorraad\" \/>\n<script type=\"application\/ld+json\" class=\"yoast-schema-graph\">{\"@context\":\"https:\/\/schema.org\",\"@graph\":[{\"@type\":\"WebPage\",\"@id\":\"https:\/\/dutchhealthstore.com\/nl\/product\/perle-ancienne-luminescence-glow-balm\/\",\"url\":\"https:\/\/dutchhealthstore.com\/nl\/product\/perle-ancienne-luminescence-glow-balm\/\",\"name\":\"Perle Ancienne Luminescence Glow Balm - Tidelands House\",\"isPartOf\":{\"@id\":\"https:\/\/dutchhealthstore.com\/nl\/#website\"},\"primaryImageOfPage\":{\"@id\":\"https:\/\/dutchhealthstore.com\/nl\/product\/perle-ancienne-luminescence-glow-balm\/#primaryimage\"},\"image\":{\"@id\":\"https:\/\/dutchhealthstore.com\/nl\/product\/perle-ancienne-luminescence-glow-balm\/#primaryimage\"},\"thumbnailUrl\":\"https:\/\/dutchhealthstore.com\/wp-content\/uploads\/2026\/02\/Perle-Ancienne-Luminescense-Glow-Balm.jpg\",\"datePublished\":\"2026-02-23T10:48:00+00:00\",\"description\":\"Gouden, dauwachtige balsem voor gezicht en lichaam met botanische extracten en glanzende mineralen. Geeft een subtiele glans terwijl het de huid diep voedt en hydrateert.\",\"breadcrumb\":{\"@id\":\"https:\/\/dutchhealthstore.com\/nl\/product\/perle-ancienne-luminescence-glow-balm\/#breadcrumb\"},\"inLanguage\":\"nl-NL\",\"potentialAction\":[{\"@type\":\"ReadAction\",\"target\":[\"https:\/\/dutchhealthstore.com\/nl\/product\/perle-ancienne-luminescence-glow-balm\/\"]}]},{\"@type\":\"ImageObject\",\"inLanguage\":\"nl-NL\",\"@id\":\"https:\/\/dutchhealthstore.com\/nl\/product\/perle-ancienne-luminescence-glow-balm\/#primaryimage\",\"url\":\"https:\/\/dutchhealthstore.com\/wp-content\/uploads\/2026\/02\/Perle-Ancienne-Luminescense-Glow-Balm.jpg\",\"contentUrl\":\"https:\/\/dutchhealthstore.com\/wp-content\/uploads\/2026\/02\/Perle-Ancienne-Luminescense-Glow-Balm.jpg\",\"width\":530,\"height\":530,\"caption\":\"perle-ancienne-luminescense-glow-balm\"},{\"@type\":\"BreadcrumbList\",\"@id\":\"https:\/\/dutchhealthstore.com\/nl\/product\/perle-ancienne-luminescence-glow-balm\/#breadcrumb\",\"itemListElement\":[{\"@type\":\"ListItem\",\"position\":1,\"name\":\"Home\",\"item\":\"https:\/\/dutchhealthstore.com\/nl\/\"},{\"@type\":\"ListItem\",\"position\":2,\"name\":\"Shop\",\"item\":\"https:\/\/dutchhealthstore.com\/nl\/shop\/\"},{\"@type\":\"ListItem\",\"position\":3,\"name\":\"Perle Ancienne Luminescence Glow Balm\"}]},{\"@type\":\"WebSite\",\"@id\":\"https:\/\/dutchhealthstore.com\/nl\/#website\",\"url\":\"https:\/\/dutchhealthstore.com\/nl\/\",\"name\":\"Dutch Health Store\",\"description\":\"Enhance Your Beauty with Organic &amp; Natural Skincare\",\"publisher\":{\"@id\":\"https:\/\/dutchhealthstore.com\/nl\/#organization\"},\"potentialAction\":[{\"@type\":\"SearchAction\",\"target\":{\"@type\":\"EntryPoint\",\"urlTemplate\":\"https:\/\/dutchhealthstore.com\/nl\/?s={search_term_string}\"},\"query-input\":{\"@type\":\"PropertyValueSpecification\",\"valueRequired\":true,\"valueName\":\"search_term_string\"}}],\"inLanguage\":\"nl-NL\"},{\"@type\":\"Organization\",\"@id\":\"https:\/\/dutchhealthstore.com\/nl\/#organization\",\"name\":\"Dutch Health Store\",\"url\":\"https:\/\/dutchhealthstore.com\/nl\/\",\"logo\":{\"@type\":\"ImageObject\",\"inLanguage\":\"nl-NL\",\"@id\":\"https:\/\/dutchhealthstore.com\/nl\/#\/schema\/logo\/image\/\",\"url\":\"https:\/\/dutchhealthstore.com\/wp-content\/uploads\/2020\/08\/logo-dutchhealthstore-jpg-e1599484957574.jpg\",\"contentUrl\":\"https:\/\/dutchhealthstore.com\/wp-content\/uploads\/2020\/08\/logo-dutchhealthstore-jpg-e1599484957574.jpg\",\"width\":400,\"height\":62,\"caption\":\"Dutch Health Store\"},\"image\":{\"@id\":\"https:\/\/dutchhealthstore.com\/nl\/#\/schema\/logo\/image\/\"},\"sameAs\":[\"https:\/\/www.instagram.com\/dutchhealthstore\/\",\"https:\/\/www.facebook.com\/dutchhealthstore\"]}]}<\/script>\n<meta property=\"product:brand\" content=\"Tidelands House\" \/>\n<meta property=\"product:price:amount\" content=\"46.00\" \/>\n<meta property=\"product:price:currency\" content=\"EUR\" \/>\n<meta property=\"og:availability\" content=\"instock\" \/>\n<meta property=\"product:availability\" content=\"instock\" \/>\n<meta property=\"product:condition\" content=\"new\" \/>\n<!-- \/ Yoast SEO Premium plugin. -->","yoast_head_json":{"title":"Perle Ancienne Luminescence Glow Balm - Tidelands House","description":"Gouden, dauwachtige balsem voor gezicht en lichaam met botanische extracten en glanzende mineralen. Geeft een subtiele glans terwijl het de huid diep voedt en hydrateert.","robots":{"index":"index","follow":"follow","max-snippet":"max-snippet:-1","max-image-preview":"max-image-preview:large","max-video-preview":"max-video-preview:-1"},"canonical":"https:\/\/dutchhealthstore.com\/nl\/product\/perle-ancienne-luminescence-glow-balm\/","og_locale":"nl_NL","og_type":"article","og_title":"Perle Ancienne Luminescence Glow Balm - Dutch Health Store","og_description":"Gouden, dauwachtige balsem voor gezicht en lichaam met botanische extracten en glanzende mineralen. Geeft een subtiele glans terwijl het de huid diep voedt en hydrateert.","og_url":"https:\/\/dutchhealthstore.com\/nl\/product\/perle-ancienne-luminescence-glow-balm\/","og_site_name":"Dutch Health Store","article_publisher":"https:\/\/www.instagram.com\/dutchhealthstore\/","og_image":[{"width":530,"height":530,"url":"https:\/\/dutchhealthstore.com\/wp-content\/uploads\/2026\/02\/Perle-Ancienne-Luminescense-Glow-Balm.jpg","type":"image\/jpeg"}],"twitter_card":"summary_large_image","twitter_misc":{"Prijs":"&euro;46,00","Beschikbaarheid":"Op voorraad"},"schema":{"@context":"https:\/\/schema.org","@graph":[{"@type":"WebPage","@id":"https:\/\/dutchhealthstore.com\/nl\/product\/perle-ancienne-luminescence-glow-balm\/","url":"https:\/\/dutchhealthstore.com\/nl\/product\/perle-ancienne-luminescence-glow-balm\/","name":"Perle Ancienne Luminescence Glow Balm - Tidelands House","isPartOf":{"@id":"https:\/\/dutchhealthstore.com\/nl\/#website"},"primaryImageOfPage":{"@id":"https:\/\/dutchhealthstore.com\/nl\/product\/perle-ancienne-luminescence-glow-balm\/#primaryimage"},"image":{"@id":"https:\/\/dutchhealthstore.com\/nl\/product\/perle-ancienne-luminescence-glow-balm\/#primaryimage"},"thumbnailUrl":"https:\/\/dutchhealthstore.com\/wp-content\/uploads\/2026\/02\/Perle-Ancienne-Luminescense-Glow-Balm.jpg","datePublished":"2026-02-23T10:48:00+00:00","description":"Gouden, dauwachtige balsem voor gezicht en lichaam met botanische extracten en glanzende mineralen. Geeft een subtiele glans terwijl het de huid diep voedt en hydrateert.","breadcrumb":{"@id":"https:\/\/dutchhealthstore.com\/nl\/product\/perle-ancienne-luminescence-glow-balm\/#breadcrumb"},"inLanguage":"nl-NL","potentialAction":[{"@type":"ReadAction","target":["https:\/\/dutchhealthstore.com\/nl\/product\/perle-ancienne-luminescence-glow-balm\/"]}]},{"@type":"ImageObject","inLanguage":"nl-NL","@id":"https:\/\/dutchhealthstore.com\/nl\/product\/perle-ancienne-luminescence-glow-balm\/#primaryimage","url":"https:\/\/dutchhealthstore.com\/wp-content\/uploads\/2026\/02\/Perle-Ancienne-Luminescense-Glow-Balm.jpg","contentUrl":"https:\/\/dutchhealthstore.com\/wp-content\/uploads\/2026\/02\/Perle-Ancienne-Luminescense-Glow-Balm.jpg","width":530,"height":530,"caption":"perle-ancienne-luminescense-glow-balm"},{"@type":"BreadcrumbList","@id":"https:\/\/dutchhealthstore.com\/nl\/product\/perle-ancienne-luminescence-glow-balm\/#breadcrumb","itemListElement":[{"@type":"ListItem","position":1,"name":"Home","item":"https:\/\/dutchhealthstore.com\/nl\/"},{"@type":"ListItem","position":2,"name":"Shop","item":"https:\/\/dutchhealthstore.com\/nl\/shop\/"},{"@type":"ListItem","position":3,"name":"Perle Ancienne Luminescence Glow Balm"}]},{"@type":"WebSite","@id":"https:\/\/dutchhealthstore.com\/nl\/#website","url":"https:\/\/dutchhealthstore.com\/nl\/","name":"Dutch Health Store","description":"Enhance Your Beauty with Organic &amp; Natural Skincare","publisher":{"@id":"https:\/\/dutchhealthstore.com\/nl\/#organization"},"potentialAction":[{"@type":"SearchAction","target":{"@type":"EntryPoint","urlTemplate":"https:\/\/dutchhealthstore.com\/nl\/?s={search_term_string}"},"query-input":{"@type":"PropertyValueSpecification","valueRequired":true,"valueName":"search_term_string"}}],"inLanguage":"nl-NL"},{"@type":"Organization","@id":"https:\/\/dutchhealthstore.com\/nl\/#organization","name":"Dutch Health Store","url":"https:\/\/dutchhealthstore.com\/nl\/","logo":{"@type":"ImageObject","inLanguage":"nl-NL","@id":"https:\/\/dutchhealthstore.com\/nl\/#\/schema\/logo\/image\/","url":"https:\/\/dutchhealthstore.com\/wp-content\/uploads\/2020\/08\/logo-dutchhealthstore-jpg-e1599484957574.jpg","contentUrl":"https:\/\/dutchhealthstore.com\/wp-content\/uploads\/2020\/08\/logo-dutchhealthstore-jpg-e1599484957574.jpg","width":400,"height":62,"caption":"Dutch Health Store"},"image":{"@id":"https:\/\/dutchhealthstore.com\/nl\/#\/schema\/logo\/image\/"},"sameAs":["https:\/\/www.instagram.com\/dutchhealthstore\/","https:\/\/www.facebook.com\/dutchhealthstore"]}]},"product_brand":"Tidelands House","product_price_amount":"46.00","product_price_currency":"EUR","og_availability":"instock","product_availability":"instock","product_condition":"new"},"_links":{"self":[{"href":"https:\/\/dutchhealthstore.com\/nl\/wp-json\/wp\/v2\/product\/372605","targetHints":{"allow":["GET"]}}],"collection":[{"href":"https:\/\/dutchhealthstore.com\/nl\/wp-json\/wp\/v2\/product"}],"about":[{"href":"https:\/\/dutchhealthstore.com\/nl\/wp-json\/wp\/v2\/types\/product"}],"replies":[{"embeddable":true,"href":"https:\/\/dutchhealthstore.com\/nl\/wp-json\/wp\/v2\/comments?post=372605"}],"wp:featuredmedia":[{"embeddable":true,"href":"https:\/\/dutchhealthstore.com\/nl\/wp-json\/wp\/v2\/media\/371762"}],"wp:attachment":[{"href":"https:\/\/dutchhealthstore.com\/nl\/wp-json\/wp\/v2\/media?parent=372605"}],"wp:term":[{"taxonomy":"product_brand","embeddable":true,"href":"https:\/\/dutchhealthstore.com\/nl\/wp-json\/wp\/v2\/product_brand?post=372605"},{"taxonomy":"product_cat","embeddable":true,"href":"https:\/\/dutchhealthstore.com\/nl\/wp-json\/wp\/v2\/product_cat?post=372605"},{"taxonomy":"product_tag","embeddable":true,"href":"https:\/\/dutchhealthstore.com\/nl\/wp-json\/wp\/v2\/product_tag?post=372605"}],"curies":[{"name":"wp","href":"https:\/\/api.w.org\/{rel}","templated":true}]}}