{"id":372509,"date":"2026-02-23T11:50:14","date_gmt":"2026-02-23T10:50:14","guid":{"rendered":"https:\/\/dutchhealthstore.com\/product\/garden-spell-tinted-lip-cheek-creme\/"},"modified":"2026-03-23T14:29:46","modified_gmt":"2026-03-23T13:29:46","slug":"garden-spell-tinted-lip-cheek-creme","status":"publish","type":"product","link":"https:\/\/dutchhealthstore.com\/nl\/product\/garden-spell-tinted-lip-cheek-creme\/","title":{"rendered":"Garden Spell Tinted Lip &amp; Cheek Cr\u00e8me"},"content":{"rendered":"<p data-start=\"0\" data-end=\"16\"><strong data-start=\"0\" data-end=\"14\">De kleur:<\/strong><\/p>\n<p data-start=\"18\" data-end=\"93\">Een zachte, roze pioentint met subtiel verweerde bloemblaadjes en een natuurlijke blos.<\/p>\n<h3>Filosofie van Bloemen<\/h3>\n<p>Immortelle-bloesem, verfrissende watermunt, gefermenteerde heemstwortel en verzachtend weegbreeblad.<\/p>\n<h3>Actieve Botanische Ingredi\u00ebnten<\/h3>\n<p data-start=\"247\" data-end=\"602\">De kern van deze unieke kleur is een flatterende balans tussen warmte en zachtheid die bij elke huidskleur past. Het geeft de lippen een frisse, moderne blos en versterkt en verdiept op subtiele wijze your natuurlijke tint. Op de wangen zorgt een delicate oudroze glans voor een stralend effect met een dewy finish die de teint zachtjes accentueert.  <\/p>\n<p data-start=\"604\" data-end=\"917\">De textuur is romig, zijdezacht en gemakkelijk te vervagen. De formule is moeiteloos op te bouwen van een subtiele kleurwaas tot een intensere tint, terwijl het licht en comfortabel aanvoelt op de huid. Verrijkt met bloemextracten verzorgt de formule kwetsbare zones, met een stralende glans en levendige kleur uit pure aardmineralen als resultaat.  <\/p>\n<p data-start=\"919\" data-end=\"982\">Deze veelzijdige tint wordt gegarandeerd een dagelijkse favoriet.<\/p>\n<p><em><strong>Alle ingredi\u00ebnten zijn biologisch, in het wild geoogst en op duurzame, ethische en regionale wijze verkregen. <\/strong><\/em><\/p>\n<p><strong>Inhoud: 15 ml<\/strong><\/p>\n<p data-start=\"989\" data-end=\"1008\"><strong data-start=\"989\" data-end=\"1006\">Hoe te gebruiken:<\/strong><\/p>\n<p data-start=\"1010\" data-end=\"1131\" data-is-last-node=\"\" data-is-only-node=\"\">Klop voorzichtig op de lippen en wangen met your vingertoppen. Breng meerdere laagjes aan voor meer intensiteit en werk gedurende de dag bij naar wens. <\/p>\n<h2><strong>Natuurlijke \/ biologische ingredi\u00ebnten <\/strong><\/h2>\n<p>Heemstwortel (<em>Althaea officinalis<\/em>), citroenmelisse (<em>Melissa officinalis<\/em>), vlierbloesem (<em>Sambucus nigra<\/em>), kamille-tinctuur (<em>Matricaria chamomilla<\/em>), bioregionale zonnebloem (<em>Helianthus annuus<\/em>), rauwe amandel (<em>Prunus dulcis<\/em>), zwarte wonderolie-zaad (<em>Ricinus communis<\/em>), jojoba-olie (<em>Simmondsia chinensis<\/em>), rauwe ongeraffineerde lokale weidebijenwas (<em>Cera alba<\/em>), rauwe sheaboter (<em>Vitellaria paradoxa<\/em>), lavendelbloem (<em>Lavandula angustifolia<\/em>), goudsbloem (<em>Calendula officinalis<\/em>), immortelle-bloem (<em>Helichrysum italicum<\/em>), watermunt-tinctuur (<em>Mentha aquatica<\/em>), authentieke rode biet (<em>Beta vulgaris<\/em>), weegbree (<em>Plantago major<\/em>), natuurlijke silicaatmineralen (<em>Montmorillonite<\/em>).<\/p>\n\n\t<section class=\"section dark\" id=\"section_1178992446\">\n\t\t<div class=\"section-bg fill\" >\n\t\t\t<img fetchpriority=\"high\" decoding=\"async\" width=\"1200\" height=\"604\" src=\"https:\/\/dutchhealthstore.com\/wp-content\/uploads\/2026\/02\/bgux.jpg\" class=\"bg attachment- size-\" alt=\"\" \/>\t\t\t\t\t\t<div class=\"section-bg-overlay absolute fill\"><\/div>\n\t\t\t\n\n\t\t<\/div>\n\n\t\t\n\n\t\t<div class=\"section-content relative\">\n\t\t\t\n\n\t<div id=\"gap-778648939\" class=\"gap-element clearfix\" style=\"display:block; height:auto;\">\n\t\t\n<style>\n#gap-778648939 {\n  padding-top: 15px;\n}\n<\/style>\n\t<\/div>\n\t\n\n<div class=\"container section-title-container\" ><h3 class=\"section-title section-title-normal\"><b><\/b><span class=\"section-title-main\" >Over Tidelands House<\/span><b><\/b><\/h3><\/div>\n\n<div class=\"row\"  id=\"row-1494464179\">\n\n\n\t<div id=\"col-1177830685\" class=\"col small-12 large-12\"  >\n\t\t\t\t<div class=\"col-inner\"  >\n\t\t\t\n\t\t\t\n\n<p>Tidelands House is een Canadees botanisch huidverzorgingsatelier, opgericht door herborist Dominique Del Col. Elke formule wordt met de hand gemaakt in een door de zon verlichte distilleerkamer in een gerestaureerd 19e-eeuws stenen huisje, waar kruiden aan houten balken hangen en botanische ingredi\u00ebnten worden bereid in het ritme van de seizoenen.<\/p>\n<p>In het wild geplukte planten, biodynamische teelt en mariene botanische ingredi\u00ebnten verzameld aan de oostkust van Canada vormen de kern van elke bereiding. Ingredi\u00ebnten worden geoogst op het hoogtepunt van hun vitaliteit en in micro-batches verwerkt om de kracht, versheid en energetische integriteit te behouden. <\/p>\n<p>Geen synthetische toevoegingen. Geen onnodige vulstoffen. Alleen nutri\u00ebntenrijke botanische extracten, gefermenteerde bloesemessences en pure plantaardige oli\u00ebn in op erfgoed ge\u00efnspireerd melkglas.  <\/p>\n<p>Tidelands House is langzame, bewuste huidverzorging \u2014 geworteld in het land, rituelen en respect voor zowel traditie als moderne botanische wetenschap.<\/p>\n\n\n\t\t<\/div>\n\t\t\t\t\t<\/div>\n\n\t\n\n<\/div>\n\n\t\t<\/div>\n\n\t\t\n<style>\n#section_1178992446 {\n  padding-top: 30px;\n  padding-bottom: 30px;\n  background-color: rgb(40, 40, 40);\n}\n#section_1178992446 .section-bg-overlay {\n  background-color: rgba(0, 0, 0, 0.477);\n}\n#section_1178992446 .section-bg img {\n  object-position: 51% 73%;\n}\n<\/style>\n\t<\/section>\n\t\n","protected":false},"excerpt":{"rendered":"<p>Een zachte pioenrooskleurige tint, ontworpen om your natuurlijke glans te versterken. Deze romige, opbouwbare formule versmelt moeiteloos met de lippen en wangen en geeft een frisse blos met een subtiele dewy finish. Verrijkt met bloemextracten en minerale pigmenten voedt het de kwetsbare huid en zorgt het voor een gezonde, stralende gloed.  <\/p>\n","protected":false},"featured_media":371738,"comment_status":"open","ping_status":"closed","template":"","meta":[],"product_brand":[],"product_cat":[1029,5977,5897,5976,1006,20909,1906,5894,510,22209,6139],"product_tag":[],"class_list":{"0":"post-372509","1":"product","2":"type-product","3":"status-publish","4":"has-post-thumbnail","6":"product_cat-categorieen","7":"product_cat-lips-nl-3","8":"product_cat-lip-care-nl-2","9":"product_cat-make-up-nl","10":"product_cat-merken","11":"product_cat-new-additions-skincare-nl","12":"product_cat-nieuwe-producten","13":"product_cat-eye-lip-care-nl","14":"product_cat-shop-winkel","15":"product_cat-tidelands-house","16":"product_cat-cheeks-nl-2","17":"pa_brand-tidelands-house","18":"pa_gtin-22272","19":"pa_size-15-ml-nl","20":"pa_skincare-type-lips-eye-care-nl","22":"first","23":"instock","24":"taxable","25":"shipping-taxable","26":"purchasable","27":"product-type-simple"},"bundled_by":[],"bundle_stock_status":"instock","bundle_stock_quantity":6,"bundle_virtual":false,"bundle_layout":"","bundle_add_to_cart_form_location":"","bundle_editable_in_cart":false,"bundle_sold_individually_context":"","bundle_item_grouping":"","bundle_min_size":"","bundle_max_size":"","bundle_price":[],"bundled_items":[],"bundle_sell_ids":[372501],"atum_controlled":true,"out_stock_date":null,"out_stock_threshold":null,"inheritable":false,"stock_on_hold":0,"sold_today":0,"sales_last_days":0,"out_stock_days":0,"lost_sales":0,"update_date":"2026-04-24T13:03:42","atum_locations":[],"atum_stock_status":"instock","restock_status":false,"low_stock_amount":"","sales_update_date":"2026-04-24T13:03:42","calc_backorders":null,"group_of_quantity":0,"min_quantity":0,"max_quantity":"","exclude_order_quantity_value_rules":"no","exclude_category_quantity_rules":"no","combine_variations":"no","yoast_head":"<!-- This site is optimized with the Yoast SEO Premium plugin v26.5 (Yoast SEO v26.5) - https:\/\/yoast.com\/wordpress\/plugins\/seo\/ -->\n<title>Garden Spell Tinted Lip &amp; Cheek Cr\u00e8me - Tidelands House<\/title>\n<meta name=\"description\" content=\"Zachte pioenrooskleurige lip- en wangtint met een romige, opbouwbare formule. Geeft een natuurlijke blos en een gezonde glans, terwijl de huid wordt gevoed met bloemextracten.\" \/>\n<meta name=\"robots\" content=\"index, follow, max-snippet:-1, max-image-preview:large, max-video-preview:-1\" \/>\n<link rel=\"canonical\" href=\"https:\/\/dutchhealthstore.com\/nl\/product\/garden-spell-tinted-lip-cheek-creme\/\" \/>\n<meta property=\"og:locale\" content=\"nl_NL\" \/>\n<meta property=\"og:type\" content=\"article\" \/>\n<meta property=\"og:title\" content=\"Garden Spell Tinted Lip &amp; Cheek Cr\u00e8me - Dutch Health Store\" \/>\n<meta property=\"og:description\" content=\"Zachte pioenrooskleurige lip- en wangtint met een romige, opbouwbare formule. Geeft een natuurlijke blos en een gezonde glans, terwijl de huid wordt gevoed met bloemextracten.\" \/>\n<meta property=\"og:url\" content=\"https:\/\/dutchhealthstore.com\/nl\/product\/garden-spell-tinted-lip-cheek-creme\/\" \/>\n<meta property=\"og:site_name\" content=\"Dutch Health Store\" \/>\n<meta property=\"article:publisher\" content=\"https:\/\/www.instagram.com\/dutchhealthstore\/\" \/>\n<meta property=\"article:modified_time\" content=\"2026-03-23T13:29:46+00:00\" \/>\n<meta property=\"og:image\" content=\"https:\/\/dutchhealthstore.com\/wp-content\/uploads\/2026\/02\/Untitled-design.jpg\" \/>\n\t<meta property=\"og:image:width\" content=\"530\" \/>\n\t<meta property=\"og:image:height\" content=\"530\" \/>\n\t<meta property=\"og:image:type\" content=\"image\/jpeg\" \/>\n<meta name=\"twitter:card\" content=\"summary_large_image\" \/>\n<meta name=\"twitter:label1\" content=\"Prijs\" \/>\n\t<meta name=\"twitter:data1\" content=\"&euro;22,00\" \/>\n\t<meta name=\"twitter:label2\" content=\"Beschikbaarheid\" \/>\n\t<meta name=\"twitter:data2\" content=\"Op voorraad\" \/>\n<script type=\"application\/ld+json\" class=\"yoast-schema-graph\">{\"@context\":\"https:\/\/schema.org\",\"@graph\":[{\"@type\":\"WebPage\",\"@id\":\"https:\/\/dutchhealthstore.com\/nl\/product\/garden-spell-tinted-lip-cheek-creme\/\",\"url\":\"https:\/\/dutchhealthstore.com\/nl\/product\/garden-spell-tinted-lip-cheek-creme\/\",\"name\":\"Garden Spell Tinted Lip &amp; Cheek Cr\u00e8me - Tidelands House\",\"isPartOf\":{\"@id\":\"https:\/\/dutchhealthstore.com\/nl\/#website\"},\"primaryImageOfPage\":{\"@id\":\"https:\/\/dutchhealthstore.com\/nl\/product\/garden-spell-tinted-lip-cheek-creme\/#primaryimage\"},\"image\":{\"@id\":\"https:\/\/dutchhealthstore.com\/nl\/product\/garden-spell-tinted-lip-cheek-creme\/#primaryimage\"},\"thumbnailUrl\":\"https:\/\/dutchhealthstore.com\/wp-content\/uploads\/2026\/02\/Untitled-design.jpg\",\"datePublished\":\"2026-02-23T10:50:14+00:00\",\"dateModified\":\"2026-03-23T13:29:46+00:00\",\"description\":\"Zachte pioenrooskleurige lip- en wangtint met een romige, opbouwbare formule. Geeft een natuurlijke blos en een gezonde glans, terwijl de huid wordt gevoed met bloemextracten.\",\"breadcrumb\":{\"@id\":\"https:\/\/dutchhealthstore.com\/nl\/product\/garden-spell-tinted-lip-cheek-creme\/#breadcrumb\"},\"inLanguage\":\"nl-NL\",\"potentialAction\":[{\"@type\":\"ReadAction\",\"target\":[\"https:\/\/dutchhealthstore.com\/nl\/product\/garden-spell-tinted-lip-cheek-creme\/\"]}]},{\"@type\":\"ImageObject\",\"inLanguage\":\"nl-NL\",\"@id\":\"https:\/\/dutchhealthstore.com\/nl\/product\/garden-spell-tinted-lip-cheek-creme\/#primaryimage\",\"url\":\"https:\/\/dutchhealthstore.com\/wp-content\/uploads\/2026\/02\/Untitled-design.jpg\",\"contentUrl\":\"https:\/\/dutchhealthstore.com\/wp-content\/uploads\/2026\/02\/Untitled-design.jpg\",\"width\":530,\"height\":530,\"caption\":\"tidelands-house-garden-spell-tined-lip-and-cheek-creme\"},{\"@type\":\"BreadcrumbList\",\"@id\":\"https:\/\/dutchhealthstore.com\/nl\/product\/garden-spell-tinted-lip-cheek-creme\/#breadcrumb\",\"itemListElement\":[{\"@type\":\"ListItem\",\"position\":1,\"name\":\"Home\",\"item\":\"https:\/\/dutchhealthstore.com\/nl\/\"},{\"@type\":\"ListItem\",\"position\":2,\"name\":\"Shop\",\"item\":\"https:\/\/dutchhealthstore.com\/nl\/shop\/\"},{\"@type\":\"ListItem\",\"position\":3,\"name\":\"Garden Spell Tinted Lip &amp; Cheek Cr\u00e8me\"}]},{\"@type\":\"WebSite\",\"@id\":\"https:\/\/dutchhealthstore.com\/nl\/#website\",\"url\":\"https:\/\/dutchhealthstore.com\/nl\/\",\"name\":\"Dutch Health Store\",\"description\":\"Enhance Your Beauty with Organic &amp; Natural Skincare\",\"publisher\":{\"@id\":\"https:\/\/dutchhealthstore.com\/nl\/#organization\"},\"potentialAction\":[{\"@type\":\"SearchAction\",\"target\":{\"@type\":\"EntryPoint\",\"urlTemplate\":\"https:\/\/dutchhealthstore.com\/nl\/?s={search_term_string}\"},\"query-input\":{\"@type\":\"PropertyValueSpecification\",\"valueRequired\":true,\"valueName\":\"search_term_string\"}}],\"inLanguage\":\"nl-NL\"},{\"@type\":\"Organization\",\"@id\":\"https:\/\/dutchhealthstore.com\/nl\/#organization\",\"name\":\"Dutch Health Store\",\"url\":\"https:\/\/dutchhealthstore.com\/nl\/\",\"logo\":{\"@type\":\"ImageObject\",\"inLanguage\":\"nl-NL\",\"@id\":\"https:\/\/dutchhealthstore.com\/nl\/#\/schema\/logo\/image\/\",\"url\":\"https:\/\/dutchhealthstore.com\/wp-content\/uploads\/2020\/08\/logo-dutchhealthstore-jpg-e1599484957574.jpg\",\"contentUrl\":\"https:\/\/dutchhealthstore.com\/wp-content\/uploads\/2020\/08\/logo-dutchhealthstore-jpg-e1599484957574.jpg\",\"width\":400,\"height\":62,\"caption\":\"Dutch Health Store\"},\"image\":{\"@id\":\"https:\/\/dutchhealthstore.com\/nl\/#\/schema\/logo\/image\/\"},\"sameAs\":[\"https:\/\/www.instagram.com\/dutchhealthstore\/\",\"https:\/\/www.facebook.com\/dutchhealthstore\"]}]}<\/script>\n<meta property=\"product:brand\" content=\"Tidelands House\" \/>\n<meta property=\"product:price:amount\" content=\"22.00\" \/>\n<meta property=\"product:price:currency\" content=\"EUR\" \/>\n<meta property=\"og:availability\" content=\"instock\" \/>\n<meta property=\"product:availability\" content=\"instock\" \/>\n<meta property=\"product:condition\" content=\"new\" \/>\n<!-- \/ Yoast SEO Premium plugin. -->","yoast_head_json":{"title":"Garden Spell Tinted Lip &amp; Cheek Cr\u00e8me - Tidelands House","description":"Zachte pioenrooskleurige lip- en wangtint met een romige, opbouwbare formule. Geeft een natuurlijke blos en een gezonde glans, terwijl de huid wordt gevoed met bloemextracten.","robots":{"index":"index","follow":"follow","max-snippet":"max-snippet:-1","max-image-preview":"max-image-preview:large","max-video-preview":"max-video-preview:-1"},"canonical":"https:\/\/dutchhealthstore.com\/nl\/product\/garden-spell-tinted-lip-cheek-creme\/","og_locale":"nl_NL","og_type":"article","og_title":"Garden Spell Tinted Lip &amp; Cheek Cr\u00e8me - Dutch Health Store","og_description":"Zachte pioenrooskleurige lip- en wangtint met een romige, opbouwbare formule. Geeft een natuurlijke blos en een gezonde glans, terwijl de huid wordt gevoed met bloemextracten.","og_url":"https:\/\/dutchhealthstore.com\/nl\/product\/garden-spell-tinted-lip-cheek-creme\/","og_site_name":"Dutch Health Store","article_publisher":"https:\/\/www.instagram.com\/dutchhealthstore\/","article_modified_time":"2026-03-23T13:29:46+00:00","og_image":[{"width":530,"height":530,"url":"https:\/\/dutchhealthstore.com\/wp-content\/uploads\/2026\/02\/Untitled-design.jpg","type":"image\/jpeg"}],"twitter_card":"summary_large_image","twitter_misc":{"Prijs":"&euro;22,00","Beschikbaarheid":"Op voorraad"},"schema":{"@context":"https:\/\/schema.org","@graph":[{"@type":"WebPage","@id":"https:\/\/dutchhealthstore.com\/nl\/product\/garden-spell-tinted-lip-cheek-creme\/","url":"https:\/\/dutchhealthstore.com\/nl\/product\/garden-spell-tinted-lip-cheek-creme\/","name":"Garden Spell Tinted Lip &amp; Cheek Cr\u00e8me - Tidelands House","isPartOf":{"@id":"https:\/\/dutchhealthstore.com\/nl\/#website"},"primaryImageOfPage":{"@id":"https:\/\/dutchhealthstore.com\/nl\/product\/garden-spell-tinted-lip-cheek-creme\/#primaryimage"},"image":{"@id":"https:\/\/dutchhealthstore.com\/nl\/product\/garden-spell-tinted-lip-cheek-creme\/#primaryimage"},"thumbnailUrl":"https:\/\/dutchhealthstore.com\/wp-content\/uploads\/2026\/02\/Untitled-design.jpg","datePublished":"2026-02-23T10:50:14+00:00","dateModified":"2026-03-23T13:29:46+00:00","description":"Zachte pioenrooskleurige lip- en wangtint met een romige, opbouwbare formule. Geeft een natuurlijke blos en een gezonde glans, terwijl de huid wordt gevoed met bloemextracten.","breadcrumb":{"@id":"https:\/\/dutchhealthstore.com\/nl\/product\/garden-spell-tinted-lip-cheek-creme\/#breadcrumb"},"inLanguage":"nl-NL","potentialAction":[{"@type":"ReadAction","target":["https:\/\/dutchhealthstore.com\/nl\/product\/garden-spell-tinted-lip-cheek-creme\/"]}]},{"@type":"ImageObject","inLanguage":"nl-NL","@id":"https:\/\/dutchhealthstore.com\/nl\/product\/garden-spell-tinted-lip-cheek-creme\/#primaryimage","url":"https:\/\/dutchhealthstore.com\/wp-content\/uploads\/2026\/02\/Untitled-design.jpg","contentUrl":"https:\/\/dutchhealthstore.com\/wp-content\/uploads\/2026\/02\/Untitled-design.jpg","width":530,"height":530,"caption":"tidelands-house-garden-spell-tined-lip-and-cheek-creme"},{"@type":"BreadcrumbList","@id":"https:\/\/dutchhealthstore.com\/nl\/product\/garden-spell-tinted-lip-cheek-creme\/#breadcrumb","itemListElement":[{"@type":"ListItem","position":1,"name":"Home","item":"https:\/\/dutchhealthstore.com\/nl\/"},{"@type":"ListItem","position":2,"name":"Shop","item":"https:\/\/dutchhealthstore.com\/nl\/shop\/"},{"@type":"ListItem","position":3,"name":"Garden Spell Tinted Lip &amp; Cheek Cr\u00e8me"}]},{"@type":"WebSite","@id":"https:\/\/dutchhealthstore.com\/nl\/#website","url":"https:\/\/dutchhealthstore.com\/nl\/","name":"Dutch Health Store","description":"Enhance Your Beauty with Organic &amp; Natural Skincare","publisher":{"@id":"https:\/\/dutchhealthstore.com\/nl\/#organization"},"potentialAction":[{"@type":"SearchAction","target":{"@type":"EntryPoint","urlTemplate":"https:\/\/dutchhealthstore.com\/nl\/?s={search_term_string}"},"query-input":{"@type":"PropertyValueSpecification","valueRequired":true,"valueName":"search_term_string"}}],"inLanguage":"nl-NL"},{"@type":"Organization","@id":"https:\/\/dutchhealthstore.com\/nl\/#organization","name":"Dutch Health Store","url":"https:\/\/dutchhealthstore.com\/nl\/","logo":{"@type":"ImageObject","inLanguage":"nl-NL","@id":"https:\/\/dutchhealthstore.com\/nl\/#\/schema\/logo\/image\/","url":"https:\/\/dutchhealthstore.com\/wp-content\/uploads\/2020\/08\/logo-dutchhealthstore-jpg-e1599484957574.jpg","contentUrl":"https:\/\/dutchhealthstore.com\/wp-content\/uploads\/2020\/08\/logo-dutchhealthstore-jpg-e1599484957574.jpg","width":400,"height":62,"caption":"Dutch Health Store"},"image":{"@id":"https:\/\/dutchhealthstore.com\/nl\/#\/schema\/logo\/image\/"},"sameAs":["https:\/\/www.instagram.com\/dutchhealthstore\/","https:\/\/www.facebook.com\/dutchhealthstore"]}]},"product_brand":"Tidelands House","product_price_amount":"22.00","product_price_currency":"EUR","og_availability":"instock","product_availability":"instock","product_condition":"new"},"_links":{"self":[{"href":"https:\/\/dutchhealthstore.com\/nl\/wp-json\/wp\/v2\/product\/372509","targetHints":{"allow":["GET"]}}],"collection":[{"href":"https:\/\/dutchhealthstore.com\/nl\/wp-json\/wp\/v2\/product"}],"about":[{"href":"https:\/\/dutchhealthstore.com\/nl\/wp-json\/wp\/v2\/types\/product"}],"replies":[{"embeddable":true,"href":"https:\/\/dutchhealthstore.com\/nl\/wp-json\/wp\/v2\/comments?post=372509"}],"wp:featuredmedia":[{"embeddable":true,"href":"https:\/\/dutchhealthstore.com\/nl\/wp-json\/wp\/v2\/media\/371738"}],"wp:attachment":[{"href":"https:\/\/dutchhealthstore.com\/nl\/wp-json\/wp\/v2\/media?parent=372509"}],"wp:term":[{"taxonomy":"product_brand","embeddable":true,"href":"https:\/\/dutchhealthstore.com\/nl\/wp-json\/wp\/v2\/product_brand?post=372509"},{"taxonomy":"product_cat","embeddable":true,"href":"https:\/\/dutchhealthstore.com\/nl\/wp-json\/wp\/v2\/product_cat?post=372509"},{"taxonomy":"product_tag","embeddable":true,"href":"https:\/\/dutchhealthstore.com\/nl\/wp-json\/wp\/v2\/product_tag?post=372509"}],"curies":[{"name":"wp","href":"https:\/\/api.w.org\/{rel}","templated":true}]}}