{"id":372506,"date":"2026-02-23T11:51:51","date_gmt":"2026-02-23T10:51:51","guid":{"rendered":"https:\/\/dutchhealthstore.com\/product\/the-last-garden-fine-body-serum\/"},"modified":"2026-02-23T11:51:51","modified_gmt":"2026-02-23T10:51:51","slug":"the-last-garden-fine-body-serum","status":"publish","type":"product","link":"https:\/\/dutchhealthstore.com\/nl\/product\/the-last-garden-fine-body-serum\/","title":{"rendered":"The Last Garden Fine Body Serum"},"content":{"rendered":"<h4 data-start=\"585\" data-end=\"605\"><strong data-start=\"590\" data-end=\"605\">De Formule<\/strong><\/h4>\n<p data-start=\"607\" data-end=\"857\">Dit luxueuze lichaamseleksir is gemaakt van zeldzame bloemeninfusies, in het wild geplukte korstmossen en zacht gefermenteerde rijpe zaaddozen. Het resultaat is een voedingsrijke, diep herstellende olie die zijdezacht aanvoelt en een subtiele, natuurlijke geur verspreidt. <\/p>\n<p data-start=\"859\" data-end=\"1087\">De geur bestaat volledig uit plantaardige extracten. Warme honingnoten versmelten met de frisheid van bemoste bossen en de delicate bloemige lucht van een vintage glazen serre die opent om verborgen botanische schatten te onthullen. <\/p>\n<h3>Filosofie van Bloemen<\/h3>\n<p>Gefermenteerde &#8216;heirloom&#8217; botanicals, wild eikenmos, tonkaboon, lievevrouwebedstro en hortensiabloesem.<\/p>\n<p data-start=\"0\" data-end=\"17\"><strong data-start=\"0\" data-end=\"15\">Het Ritueel:<\/strong><\/p>\n<p data-start=\"19\" data-end=\"121\">Breng na het baden aan op een licht vochtige huid om hydratatie vast te houden en te beschermen tegen uitdroging.<\/p>\n<p data-start=\"123\" data-end=\"243\">Voeg voor ontspanning een kleine hoeveelheid toe aan een warm kompres en druk of masseer dit zachtjes op plekken met spanning.<\/p>\n<p data-start=\"245\" data-end=\"370\" data-is-last-node=\"\" data-is-only-node=\"\">Masseer na een voetenbad royaal in op de voeten en trek &#8217;s nachts katoenen sokken aan voor een diepe, herstellende hydratatie.<\/p>\n<h3>Actieve Botanische Ingredi\u00ebnten<\/h3>\n<p data-start=\"1594\" data-end=\"1892\"><strong data-start=\"1594\" data-end=\"1616\">Tonkaboon-ferment<\/strong><br data-start=\"1616\" data-end=\"1619\">Rijk aan polyfenolen, tonkaboon helpt de natuurlijke glans van de huid te verbeteren en biedt krachtige antioxidantondersteuning. Het stimuleert de collageenproductie, wat de stevigheid en textuur verbetert. Het natuurlijke aroma is warm, zachtzoet en doet denken aan vanille en bosgrond.  <\/p>\n<p data-start=\"1894\" data-end=\"2138\"><strong data-start=\"1894\" data-end=\"1922\">Hortensiabloesem-essence<\/strong><br data-start=\"1922\" data-end=\"1925\">Een botanisch ingredi\u00ebnt met een eeuwenoude oorsprong; hortensia staat bekend om haar antioxiderende en verzachtende eigenschappen. Het ondersteunt de collageenproductie en helpt zichtbare ontstekingen te kalmeren, terwijl het een evenwichtige, gezonde teint bevordert. <\/p>\n<p data-start=\"2140\" data-end=\"2330\"><strong data-start=\"2140\" data-end=\"2160\">Heemstwortel<\/strong><br data-start=\"2160\" data-end=\"2163\">Een natuurlijk vochtbindend extract dat helpt hydratatie in de huid te trekken. Het gehalte aan flavono\u00efden biedt verzachtende en beschermende voordelen tegen omgevingsstress. <\/p>\n<p data-start=\"2332\" data-end=\"2569\"><strong data-start=\"2332\" data-end=\"2357\">Gefermenteerde vlierbloesem<\/strong><br data-start=\"2357\" data-end=\"2360\">Vlierbloesem is van nature rijk aan vitaminen A, B, C en E. Het ondersteunt een gezonde bloedsomloop en helpt beschermen tegen vrije radicalen. Zachte fermentatie versterkt de geur en voegt heilzame probiotische eigenschappen toe. <\/p>\n<p data-start=\"2571\" data-end=\"2767\"><strong data-start=\"2571\" data-end=\"2587\">Smeerwortelblad<\/strong><br data-start=\"2587\" data-end=\"2590\">Bevat allanto\u00efne, bekend om zijn huidverzachtende en herstellende eigenschappen. Tannines helpen zuiveren en beschermen, terwijl roosmarijnzuur antioxiderende ondersteuning biedt tegen UV-stress. <\/p>\n<p data-start=\"2769\" data-end=\"2964\"><strong data-start=\"2769\" data-end=\"2789\">Echinaceabloem<\/strong><br data-start=\"2789\" data-end=\"2792\">Een krachtig antioxiderend botanisch ingredi\u00ebnt dat de huid helpt beschermen tegen omgevingsschade. Het ondersteunt de hydratatie en versterkt de huidbarri\u00e8re terwijl het verzachtende voordelen biedt. <\/p>\n<p data-start=\"2966\" data-end=\"3177\" data-is-last-node=\"\" data-is-only-node=\"\"><strong data-start=\"2966\" data-end=\"2991\">Romige rauwe amandelolie<\/strong><br data-start=\"2991\" data-end=\"2994\">Een ideale olie voor de droge huid, rijk aan vitaminen E en K. Het ondersteunt de elasticiteit, celvernieuwing en langdurige zachtheid, terwijl het milde bescherming biedt tegen omgevingsfactoren.<\/p>\n<p><em><strong>Alle ingredi\u00ebnten zijn biologisch, in het wild geoogst en op duurzame, ethische en regionale wijze verkregen. <\/strong><\/em><\/p>\n<p><strong>Inhoud: 15 ml<\/strong><\/p>\n<h2><strong>Natuurlijke \/ biologische ingredi\u00ebnten <\/strong><\/h2>\n<p>In eigen huis gemaakte extracten van de hele plant en essences van eikenmosferment ( <em>Evernia prunastri<\/em>), tonkaboonferment ( <em>Dipteryx odorata<\/em>), lievevrouwebedstro-enfleurage ( <em>Galium odoratum<\/em>), tinctuur van geroosterde groene kardemom ( <em>Elettaria cardamomum<\/em>), heemstwortel ( <em>Althaea officinalis<\/em>), wild smeerwortelblad ( <em>Symphytum officinale<\/em>), lavendelbloesem ( <em>Lavandula angustifolia<\/em>), honeybush-theetinctuur ( <em>Cyclopia intermedia<\/em>), kittelbloem ( <em>Clitoria ternatea<\/em>), vlierbloesemessence ( <em>Sambucus nigra<\/em>), hortensiabloem ( <em>Hydrangea macrophylla<\/em>), toorts-wortel en bloem ( <em>Verbascum thapsus<\/em>), echinaceawortel ( <em>Echinacea purpurea<\/em>), cichoreiwortel (<em>Cichorium intybus<\/em>), citroenmelisse-essence (<em>Melissa officinalis<\/em>), rauwe amandel (<em>Prunus dulcis<\/em>), jojoba-olie (<em>Simmondsia chinensis<\/em>), bioregionale zonnebloemolie (<em>Helianthus annuus<\/em>).<\/p>\n\n\t<section class=\"section dark\" id=\"section_930859151\">\n\t\t<div class=\"section-bg fill\" >\n\t\t\t<img fetchpriority=\"high\" decoding=\"async\" width=\"1200\" height=\"604\" src=\"https:\/\/dutchhealthstore.com\/wp-content\/uploads\/2026\/02\/bgux.jpg\" class=\"bg attachment- size-\" alt=\"\" \/>\t\t\t\t\t\t<div class=\"section-bg-overlay absolute fill\"><\/div>\n\t\t\t\n\n\t\t<\/div>\n\n\t\t\n\n\t\t<div class=\"section-content relative\">\n\t\t\t\n\n\t<div id=\"gap-366620955\" class=\"gap-element clearfix\" style=\"display:block; height:auto;\">\n\t\t\n<style>\n#gap-366620955 {\n  padding-top: 15px;\n}\n<\/style>\n\t<\/div>\n\t\n\n<div class=\"container section-title-container\" ><h3 class=\"section-title section-title-normal\"><b><\/b><span class=\"section-title-main\" >Over Tidelands House<\/span><b><\/b><\/h3><\/div>\n\n<div class=\"row\"  id=\"row-25683264\">\n\n\n\t<div id=\"col-1532939519\" class=\"col small-12 large-12\"  >\n\t\t\t\t<div class=\"col-inner\"  >\n\t\t\t\n\t\t\t\n\n<p>Tidelands House is een Canadees botanisch huidverzorgingsatelier, opgericht door herborist Dominique Del Col. Elke formule wordt met de hand gemaakt in een door de zon verlichte distilleerkamer in een gerestaureerd 19e-eeuws stenen huisje, waar kruiden aan houten balken hangen en botanische ingredi\u00ebnten worden bereid in het ritme van de seizoenen.<\/p>\n<p>In het wild geplukte planten, biodynamische teelt en mariene botanische ingredi\u00ebnten verzameld aan de oostkust van Canada vormen de kern van elke bereiding. Ingredi\u00ebnten worden geoogst op het hoogtepunt van hun vitaliteit en in micro-batches verwerkt om de kracht, versheid en energetische integriteit te behouden. <\/p>\n<p>Geen synthetische toevoegingen. Geen onnodige vulstoffen. Alleen nutri\u00ebntenrijke botanische extracten, gefermenteerde bloesemessences en pure plantaardige oli\u00ebn in op erfgoed ge\u00efnspireerd melkglas.  <\/p>\n<p>Tidelands House is langzame, bewuste huidverzorging \u2014 geworteld in het land, rituelen en respect voor zowel traditie als moderne botanische wetenschap.<\/p>\n\n\n\t\t<\/div>\n\t\t\t\t\t<\/div>\n\n\t\n\n<\/div>\n\n\t\t<\/div>\n\n\t\t\n<style>\n#section_930859151 {\n  padding-top: 30px;\n  padding-bottom: 30px;\n  background-color: rgb(40, 40, 40);\n}\n#section_930859151 .section-bg-overlay {\n  background-color: rgba(0, 0, 0, 0.477);\n}\n#section_930859151 .section-bg img {\n  object-position: 51% 73%;\n}\n<\/style>\n\t<\/section>\n\t\n","protected":false},"excerpt":{"rendered":"<p>Een diep voedend botanisch lichaamseleksir, vervaardigd uit zeldzame bloemenessences, gefermenteerde botanicals en ge\u00efnfuseerde zaaddozen. Deze zijdezachte olie versmelt met de vochtige huid, houdt hydratatie vast en laat een zachte, warme bosgeur en een stralende, gezonde gloed achter. <\/p>\n","protected":false},"featured_media":371787,"comment_status":"open","ping_status":"closed","template":"","meta":[],"product_brand":[],"product_cat":[5823,1029,5830,5822,1006,20909,1906,510,22209],"product_tag":[],"class_list":{"0":"post-372506","1":"product","2":"type-product","3":"status-publish","4":"has-post-thumbnail","6":"product_cat-body-lotion-nl","7":"product_cat-categorieen","8":"product_cat-body-oil-nl-2","9":"product_cat-body-care-nl-3","10":"product_cat-merken","11":"product_cat-new-additions-skincare-nl","12":"product_cat-nieuwe-producten","13":"product_cat-shop-winkel","14":"product_cat-tidelands-house","15":"pa_brand-tidelands-house","16":"pa_gtin-22269","17":"pa_size-100-ml-nl","19":"first","20":"outofstock","21":"taxable","22":"shipping-taxable","23":"purchasable","24":"product-type-simple"},"bundled_by":[],"bundle_stock_status":"outofstock","bundle_stock_quantity":0,"bundle_virtual":false,"bundle_layout":"","bundle_add_to_cart_form_location":"","bundle_editable_in_cart":false,"bundle_sold_individually_context":"","bundle_item_grouping":"","bundle_min_size":"","bundle_max_size":"","bundle_price":[],"bundled_items":[],"bundle_sell_ids":[231309],"atum_controlled":true,"out_stock_date":"2026-03-28 16:21:25","out_stock_threshold":null,"inheritable":false,"stock_on_hold":1,"sold_today":0,"sales_last_days":1,"out_stock_days":1,"lost_sales":9,"update_date":"2026-05-01T13:15:12","atum_locations":[],"atum_stock_status":"outofstock","restock_status":false,"low_stock_amount":"","sales_update_date":"2026-05-01T13:15:12","calc_backorders":null,"group_of_quantity":0,"min_quantity":0,"max_quantity":"","exclude_order_quantity_value_rules":"no","exclude_category_quantity_rules":"no","combine_variations":"no","yoast_head":"<!-- This site is optimized with the Yoast SEO Premium plugin v26.5 (Yoast SEO v26.5) - https:\/\/yoast.com\/wordpress\/plugins\/seo\/ -->\n<title>The Last Garden Fine Body Serum - Tidelands House<\/title>\n<meta name=\"description\" content=\"Botanisch gefermenteerd lichaamseleksir met zeldzame bloemenessences en voedingsrijke plantenextracten. Voedt de huid, houdt vocht vast en geeft een zachte, stralende gloed.\" \/>\n<meta name=\"robots\" content=\"index, follow, max-snippet:-1, max-image-preview:large, max-video-preview:-1\" \/>\n<link rel=\"canonical\" href=\"https:\/\/dutchhealthstore.com\/nl\/product\/the-last-garden-fine-body-serum\/\" \/>\n<meta property=\"og:locale\" content=\"nl_NL\" \/>\n<meta property=\"og:type\" content=\"article\" \/>\n<meta property=\"og:title\" content=\"The Last Garden Fine Body Serum - Dutch Health Store\" \/>\n<meta property=\"og:description\" content=\"Botanisch gefermenteerd lichaamseleksir met zeldzame bloemenessences en voedingsrijke plantenextracten. Voedt de huid, houdt vocht vast en geeft een zachte, stralende gloed.\" \/>\n<meta property=\"og:url\" content=\"https:\/\/dutchhealthstore.com\/nl\/product\/the-last-garden-fine-body-serum\/\" \/>\n<meta property=\"og:site_name\" content=\"Dutch Health Store\" \/>\n<meta property=\"article:publisher\" content=\"https:\/\/www.instagram.com\/dutchhealthstore\/\" \/>\n<meta property=\"og:image\" content=\"https:\/\/dutchhealthstore.com\/wp-content\/uploads\/2026\/02\/The-Last-Garden-Fine-Body-Serum.jpg\" \/>\n\t<meta property=\"og:image:width\" content=\"530\" \/>\n\t<meta property=\"og:image:height\" content=\"530\" \/>\n\t<meta property=\"og:image:type\" content=\"image\/jpeg\" \/>\n<meta name=\"twitter:card\" content=\"summary_large_image\" \/>\n<meta name=\"twitter:label1\" content=\"Prijs\" \/>\n\t<meta name=\"twitter:data1\" content=\"&euro;68,00\" \/>\n\t<meta name=\"twitter:label2\" content=\"Beschikbaarheid\" \/>\n\t<meta name=\"twitter:data2\" content=\"Uitverkocht\" \/>\n<script type=\"application\/ld+json\" class=\"yoast-schema-graph\">{\"@context\":\"https:\/\/schema.org\",\"@graph\":[{\"@type\":\"WebPage\",\"@id\":\"https:\/\/dutchhealthstore.com\/nl\/product\/the-last-garden-fine-body-serum\/\",\"url\":\"https:\/\/dutchhealthstore.com\/nl\/product\/the-last-garden-fine-body-serum\/\",\"name\":\"The Last Garden Fine Body Serum - Tidelands House\",\"isPartOf\":{\"@id\":\"https:\/\/dutchhealthstore.com\/nl\/#website\"},\"primaryImageOfPage\":{\"@id\":\"https:\/\/dutchhealthstore.com\/nl\/product\/the-last-garden-fine-body-serum\/#primaryimage\"},\"image\":{\"@id\":\"https:\/\/dutchhealthstore.com\/nl\/product\/the-last-garden-fine-body-serum\/#primaryimage\"},\"thumbnailUrl\":\"https:\/\/dutchhealthstore.com\/wp-content\/uploads\/2026\/02\/The-Last-Garden-Fine-Body-Serum.jpg\",\"datePublished\":\"2026-02-23T10:51:51+00:00\",\"description\":\"Botanisch gefermenteerd lichaamseleksir met zeldzame bloemenessences en voedingsrijke plantenextracten. Voedt de huid, houdt vocht vast en geeft een zachte, stralende gloed.\",\"breadcrumb\":{\"@id\":\"https:\/\/dutchhealthstore.com\/nl\/product\/the-last-garden-fine-body-serum\/#breadcrumb\"},\"inLanguage\":\"nl-NL\",\"potentialAction\":[{\"@type\":\"ReadAction\",\"target\":[\"https:\/\/dutchhealthstore.com\/nl\/product\/the-last-garden-fine-body-serum\/\"]}]},{\"@type\":\"ImageObject\",\"inLanguage\":\"nl-NL\",\"@id\":\"https:\/\/dutchhealthstore.com\/nl\/product\/the-last-garden-fine-body-serum\/#primaryimage\",\"url\":\"https:\/\/dutchhealthstore.com\/wp-content\/uploads\/2026\/02\/The-Last-Garden-Fine-Body-Serum.jpg\",\"contentUrl\":\"https:\/\/dutchhealthstore.com\/wp-content\/uploads\/2026\/02\/The-Last-Garden-Fine-Body-Serum.jpg\",\"width\":530,\"height\":530,\"caption\":\"the-last-garden-fine-body-serum\"},{\"@type\":\"BreadcrumbList\",\"@id\":\"https:\/\/dutchhealthstore.com\/nl\/product\/the-last-garden-fine-body-serum\/#breadcrumb\",\"itemListElement\":[{\"@type\":\"ListItem\",\"position\":1,\"name\":\"Home\",\"item\":\"https:\/\/dutchhealthstore.com\/nl\/\"},{\"@type\":\"ListItem\",\"position\":2,\"name\":\"Shop\",\"item\":\"https:\/\/dutchhealthstore.com\/nl\/shop\/\"},{\"@type\":\"ListItem\",\"position\":3,\"name\":\"The Last Garden Fine Body Serum\"}]},{\"@type\":\"WebSite\",\"@id\":\"https:\/\/dutchhealthstore.com\/nl\/#website\",\"url\":\"https:\/\/dutchhealthstore.com\/nl\/\",\"name\":\"Dutch Health Store\",\"description\":\"Enhance Your Beauty with Organic &amp; Natural Skincare\",\"publisher\":{\"@id\":\"https:\/\/dutchhealthstore.com\/nl\/#organization\"},\"potentialAction\":[{\"@type\":\"SearchAction\",\"target\":{\"@type\":\"EntryPoint\",\"urlTemplate\":\"https:\/\/dutchhealthstore.com\/nl\/?s={search_term_string}\"},\"query-input\":{\"@type\":\"PropertyValueSpecification\",\"valueRequired\":true,\"valueName\":\"search_term_string\"}}],\"inLanguage\":\"nl-NL\"},{\"@type\":\"Organization\",\"@id\":\"https:\/\/dutchhealthstore.com\/nl\/#organization\",\"name\":\"Dutch Health Store\",\"url\":\"https:\/\/dutchhealthstore.com\/nl\/\",\"logo\":{\"@type\":\"ImageObject\",\"inLanguage\":\"nl-NL\",\"@id\":\"https:\/\/dutchhealthstore.com\/nl\/#\/schema\/logo\/image\/\",\"url\":\"https:\/\/dutchhealthstore.com\/wp-content\/uploads\/2020\/08\/logo-dutchhealthstore-jpg-e1599484957574.jpg\",\"contentUrl\":\"https:\/\/dutchhealthstore.com\/wp-content\/uploads\/2020\/08\/logo-dutchhealthstore-jpg-e1599484957574.jpg\",\"width\":400,\"height\":62,\"caption\":\"Dutch Health Store\"},\"image\":{\"@id\":\"https:\/\/dutchhealthstore.com\/nl\/#\/schema\/logo\/image\/\"},\"sameAs\":[\"https:\/\/www.instagram.com\/dutchhealthstore\/\",\"https:\/\/www.facebook.com\/dutchhealthstore\"]}]}<\/script>\n<meta property=\"product:brand\" content=\"Tidelands House\" \/>\n<meta property=\"product:price:amount\" content=\"68.00\" \/>\n<meta property=\"product:price:currency\" content=\"EUR\" \/>\n<meta property=\"og:availability\" content=\"out of stock\" \/>\n<meta property=\"product:availability\" content=\"out of stock\" \/>\n<meta property=\"product:condition\" content=\"new\" \/>\n<!-- \/ Yoast SEO Premium plugin. -->","yoast_head_json":{"title":"The Last Garden Fine Body Serum - Tidelands House","description":"Botanisch gefermenteerd lichaamseleksir met zeldzame bloemenessences en voedingsrijke plantenextracten. Voedt de huid, houdt vocht vast en geeft een zachte, stralende gloed.","robots":{"index":"index","follow":"follow","max-snippet":"max-snippet:-1","max-image-preview":"max-image-preview:large","max-video-preview":"max-video-preview:-1"},"canonical":"https:\/\/dutchhealthstore.com\/nl\/product\/the-last-garden-fine-body-serum\/","og_locale":"nl_NL","og_type":"article","og_title":"The Last Garden Fine Body Serum - Dutch Health Store","og_description":"Botanisch gefermenteerd lichaamseleksir met zeldzame bloemenessences en voedingsrijke plantenextracten. Voedt de huid, houdt vocht vast en geeft een zachte, stralende gloed.","og_url":"https:\/\/dutchhealthstore.com\/nl\/product\/the-last-garden-fine-body-serum\/","og_site_name":"Dutch Health Store","article_publisher":"https:\/\/www.instagram.com\/dutchhealthstore\/","og_image":[{"width":530,"height":530,"url":"https:\/\/dutchhealthstore.com\/wp-content\/uploads\/2026\/02\/The-Last-Garden-Fine-Body-Serum.jpg","type":"image\/jpeg"}],"twitter_card":"summary_large_image","twitter_misc":{"Prijs":"&euro;68,00","Beschikbaarheid":"Uitverkocht"},"schema":{"@context":"https:\/\/schema.org","@graph":[{"@type":"WebPage","@id":"https:\/\/dutchhealthstore.com\/nl\/product\/the-last-garden-fine-body-serum\/","url":"https:\/\/dutchhealthstore.com\/nl\/product\/the-last-garden-fine-body-serum\/","name":"The Last Garden Fine Body Serum - Tidelands House","isPartOf":{"@id":"https:\/\/dutchhealthstore.com\/nl\/#website"},"primaryImageOfPage":{"@id":"https:\/\/dutchhealthstore.com\/nl\/product\/the-last-garden-fine-body-serum\/#primaryimage"},"image":{"@id":"https:\/\/dutchhealthstore.com\/nl\/product\/the-last-garden-fine-body-serum\/#primaryimage"},"thumbnailUrl":"https:\/\/dutchhealthstore.com\/wp-content\/uploads\/2026\/02\/The-Last-Garden-Fine-Body-Serum.jpg","datePublished":"2026-02-23T10:51:51+00:00","description":"Botanisch gefermenteerd lichaamseleksir met zeldzame bloemenessences en voedingsrijke plantenextracten. Voedt de huid, houdt vocht vast en geeft een zachte, stralende gloed.","breadcrumb":{"@id":"https:\/\/dutchhealthstore.com\/nl\/product\/the-last-garden-fine-body-serum\/#breadcrumb"},"inLanguage":"nl-NL","potentialAction":[{"@type":"ReadAction","target":["https:\/\/dutchhealthstore.com\/nl\/product\/the-last-garden-fine-body-serum\/"]}]},{"@type":"ImageObject","inLanguage":"nl-NL","@id":"https:\/\/dutchhealthstore.com\/nl\/product\/the-last-garden-fine-body-serum\/#primaryimage","url":"https:\/\/dutchhealthstore.com\/wp-content\/uploads\/2026\/02\/The-Last-Garden-Fine-Body-Serum.jpg","contentUrl":"https:\/\/dutchhealthstore.com\/wp-content\/uploads\/2026\/02\/The-Last-Garden-Fine-Body-Serum.jpg","width":530,"height":530,"caption":"the-last-garden-fine-body-serum"},{"@type":"BreadcrumbList","@id":"https:\/\/dutchhealthstore.com\/nl\/product\/the-last-garden-fine-body-serum\/#breadcrumb","itemListElement":[{"@type":"ListItem","position":1,"name":"Home","item":"https:\/\/dutchhealthstore.com\/nl\/"},{"@type":"ListItem","position":2,"name":"Shop","item":"https:\/\/dutchhealthstore.com\/nl\/shop\/"},{"@type":"ListItem","position":3,"name":"The Last Garden Fine Body Serum"}]},{"@type":"WebSite","@id":"https:\/\/dutchhealthstore.com\/nl\/#website","url":"https:\/\/dutchhealthstore.com\/nl\/","name":"Dutch Health Store","description":"Enhance Your Beauty with Organic &amp; Natural Skincare","publisher":{"@id":"https:\/\/dutchhealthstore.com\/nl\/#organization"},"potentialAction":[{"@type":"SearchAction","target":{"@type":"EntryPoint","urlTemplate":"https:\/\/dutchhealthstore.com\/nl\/?s={search_term_string}"},"query-input":{"@type":"PropertyValueSpecification","valueRequired":true,"valueName":"search_term_string"}}],"inLanguage":"nl-NL"},{"@type":"Organization","@id":"https:\/\/dutchhealthstore.com\/nl\/#organization","name":"Dutch Health Store","url":"https:\/\/dutchhealthstore.com\/nl\/","logo":{"@type":"ImageObject","inLanguage":"nl-NL","@id":"https:\/\/dutchhealthstore.com\/nl\/#\/schema\/logo\/image\/","url":"https:\/\/dutchhealthstore.com\/wp-content\/uploads\/2020\/08\/logo-dutchhealthstore-jpg-e1599484957574.jpg","contentUrl":"https:\/\/dutchhealthstore.com\/wp-content\/uploads\/2020\/08\/logo-dutchhealthstore-jpg-e1599484957574.jpg","width":400,"height":62,"caption":"Dutch Health Store"},"image":{"@id":"https:\/\/dutchhealthstore.com\/nl\/#\/schema\/logo\/image\/"},"sameAs":["https:\/\/www.instagram.com\/dutchhealthstore\/","https:\/\/www.facebook.com\/dutchhealthstore"]}]},"product_brand":"Tidelands House","product_price_amount":"68.00","product_price_currency":"EUR","og_availability":"out of stock","product_availability":"out of stock","product_condition":"new"},"_links":{"self":[{"href":"https:\/\/dutchhealthstore.com\/nl\/wp-json\/wp\/v2\/product\/372506","targetHints":{"allow":["GET"]}}],"collection":[{"href":"https:\/\/dutchhealthstore.com\/nl\/wp-json\/wp\/v2\/product"}],"about":[{"href":"https:\/\/dutchhealthstore.com\/nl\/wp-json\/wp\/v2\/types\/product"}],"replies":[{"embeddable":true,"href":"https:\/\/dutchhealthstore.com\/nl\/wp-json\/wp\/v2\/comments?post=372506"}],"wp:featuredmedia":[{"embeddable":true,"href":"https:\/\/dutchhealthstore.com\/nl\/wp-json\/wp\/v2\/media\/371787"}],"wp:attachment":[{"href":"https:\/\/dutchhealthstore.com\/nl\/wp-json\/wp\/v2\/media?parent=372506"}],"wp:term":[{"taxonomy":"product_brand","embeddable":true,"href":"https:\/\/dutchhealthstore.com\/nl\/wp-json\/wp\/v2\/product_brand?post=372506"},{"taxonomy":"product_cat","embeddable":true,"href":"https:\/\/dutchhealthstore.com\/nl\/wp-json\/wp\/v2\/product_cat?post=372506"},{"taxonomy":"product_tag","embeddable":true,"href":"https:\/\/dutchhealthstore.com\/nl\/wp-json\/wp\/v2\/product_tag?post=372506"}],"curies":[{"name":"wp","href":"https:\/\/api.w.org\/{rel}","templated":true}]}}