{"id":372501,"date":"2026-02-23T11:53:30","date_gmt":"2026-02-23T10:53:30","guid":{"rendered":"https:\/\/dutchhealthstore.com\/product\/rose-de-sang-lip-cheek-creme\/"},"modified":"2026-03-23T14:29:43","modified_gmt":"2026-03-23T13:29:43","slug":"rose-de-sang-lip-cheek-creme","status":"publish","type":"product","link":"https:\/\/dutchhealthstore.com\/nl\/product\/rose-de-sang-lip-cheek-creme\/","title":{"rendered":"Rose de Sang Lip &amp; Cheek Cr\u00e8me"},"content":{"rendered":"<p><strong>De Kleur:<\/strong><\/p>\n<p><em>Een echte blozende bloedroos, aangeraakt door het laatste avondlicht. <\/em><\/p>\n<h3>Filosofie van Bloemen<\/h3>\n<p>Geraniumferment, Sevilla-sinaasappel en enfleurage van geroosterde kardemom vormen het aromatische hart van deze botanische tint.<\/p>\n<h3>De Formule<\/h3>\n<p>Rose de Sang, wat \u201cBloedroos\u201d betekent, vangt de natuurlijke blos die op de huid verschijnt bij warmte, koude lucht of een zachte aanraking. Het weerspiegelt de zachte karmozijnrode tint van door de winter gekuste wangen en licht gebeten lippen \u2014 een kleur ge\u00efnspireerd op het tijdloze ritueel van het knijpen in de huid om een stralende gloed op te wekken. <\/p>\n<p>Deze aardse rode tint is ontworpen voor alle huidtinten. Het biedt subtiele diepte en warmte, versterkt de natuurlijke lipkleur en geeft een frisse, moeiteloze blos. Op de wangen zorgt de zachte roze-parelmoer finish voor een delicate glans met een vleugje dauwachtige helderheid.  <\/p>\n<p>De textuur is romig, glad en lichtgewicht. De dekking is opbouwbaar, zodat je een zachte tint of een intensere blos kunt cre\u00ebren. Verrijkt met voedende bloemessences ondersteunt de formule de kwetsbare huid en zorgt voor een stralende finish. De natuurlijke minerale pigmenten geven een gezonde kleur die zowel tijdloos als modern aanvoelt.   <\/p>\n<p>Deze veelzijdige tint is ontworpen om een dagelijkse favoriet te worden.<\/p>\n<h3>Het ritueel<\/h3>\n<p>Breng naar wens met je vingertoppen aan op lippen en wangen. Breng gedurende de dag opnieuw aan om de glans op te frissen. <\/p>\n<p><em><strong>Alle ingredi\u00ebnten zijn biologisch, in het wild geoogst en op duurzame, ethische en regionale wijze verkregen. <\/strong><\/em><\/p>\n<p><strong>Inhoud: 15 ml<\/strong><\/p>\n<h2><strong>Natuurlijke \/ biologische ingredi\u00ebnten <\/strong><\/h2>\n<p>Heemstwortel ( <em>Althaea officinalis<\/em>), Citroenmelisse ( <em>Melissa officinalis<\/em>), Vlierbloesem ( <em>Sambucus nigra<\/em>), Kamille-tinctuur ( <em>Matricaria chamomilla<\/em>), Bioregionale Zonnebloem ( <em>Helianthus annuus<\/em>), Abrikoos ( <em>Prunus armeniaca<\/em>), Zwarte Castorolie ( <em>Ricinus communis<\/em>), Jojoba-olie ( <em>Simmondsia chinensis<\/em>), Rauwe Ongezuiverde Lokale Weidebijenwas ( <em>Cera alba<\/em>), Rauwe Karit\u00e9boter ( <em>Vitellaria paradoxa<\/em>), Lavendelbloem ( <em>Lavandula angustifolia<\/em>), Calendulabloesem ( <em>Calendula officinalis<\/em>), Geraniumferment (<em>Pelargonium spp.<\/em>), Sevilla-sinaasappeltinctuur (<em>Citrus aurantium<\/em>), Kardemom-extractie (<em>Elettaria cardamomum<\/em>), Gerijpte Wierook (<em>Boswellia sacra<\/em>), Fairtrade Mineralen (<em>Montmorillonite<\/em>).<\/p>\n\n\t<section class=\"section dark\" id=\"section_1238179588\">\n\t\t<div class=\"section-bg fill\" >\n\t\t\t<img fetchpriority=\"high\" decoding=\"async\" width=\"1200\" height=\"604\" src=\"https:\/\/dutchhealthstore.com\/wp-content\/uploads\/2026\/02\/bgux.jpg\" class=\"bg attachment- size-\" alt=\"\" \/>\t\t\t\t\t\t<div class=\"section-bg-overlay absolute fill\"><\/div>\n\t\t\t\n\n\t\t<\/div>\n\n\t\t\n\n\t\t<div class=\"section-content relative\">\n\t\t\t\n\n\t<div id=\"gap-244537152\" class=\"gap-element clearfix\" style=\"display:block; height:auto;\">\n\t\t\n<style>\n#gap-244537152 {\n  padding-top: 15px;\n}\n<\/style>\n\t<\/div>\n\t\n\n<div class=\"container section-title-container\" ><h3 class=\"section-title section-title-normal\"><b><\/b><span class=\"section-title-main\" >Over Tidelands House<\/span><b><\/b><\/h3><\/div>\n\n<div class=\"row\"  id=\"row-1556382922\">\n\n\n\t<div id=\"col-548433907\" class=\"col small-12 large-12\"  >\n\t\t\t\t<div class=\"col-inner\"  >\n\t\t\t\n\t\t\t\n\n<p>Tidelands House is een Canadees botanisch huidverzorgingsatelier, opgericht door herborist Dominique Del Col. Elke formule wordt met de hand gemaakt in een door de zon verlichte distilleerkamer in een gerestaureerd 19e-eeuws stenen huisje, waar kruiden aan houten balken hangen en botanische ingredi\u00ebnten worden bereid in het ritme van de seizoenen.<\/p>\n<p>In het wild geplukte planten, biodynamische teelt en mariene botanische ingredi\u00ebnten verzameld aan de oostkust van Canada vormen de kern van elke bereiding. Ingredi\u00ebnten worden geoogst op het hoogtepunt van hun vitaliteit en in micro-batches verwerkt om de kracht, versheid en energetische integriteit te behouden. <\/p>\n<p>Geen synthetische toevoegingen. Geen onnodige vulstoffen. Alleen nutri\u00ebntenrijke botanische extracten, gefermenteerde bloesemessences en pure plantaardige oli\u00ebn in op erfgoed ge\u00efnspireerd melkglas.  <\/p>\n<p>Tidelands House is langzame, bewuste huidverzorging \u2014 geworteld in het land, rituelen en respect voor zowel traditie als moderne botanische wetenschap.<\/p>\n\n\n\t\t<\/div>\n\t\t\t\t\t<\/div>\n\n\t\n\n<\/div>\n\n\t\t<\/div>\n\n\t\t\n<style>\n#section_1238179588 {\n  padding-top: 30px;\n  padding-bottom: 30px;\n  background-color: rgb(40, 40, 40);\n}\n#section_1238179588 .section-bg-overlay {\n  background-color: rgba(0, 0, 0, 0.477);\n}\n#section_1238179588 .section-bg img {\n  object-position: 51% 73%;\n}\n<\/style>\n\t<\/section>\n\t\n","protected":false},"excerpt":{"rendered":"<p>Rose de Sang, wat \u201cBloedroos\u201d betekent, vangt de natuurlijke blos die op de huid verschijnt bij warmte, koude lucht of een zachte aanraking.<\/p>\n","protected":false},"featured_media":371723,"comment_status":"open","ping_status":"closed","template":"","meta":[],"product_brand":[],"product_cat":[1029,5977,5897,5976,1006,20909,1906,6138,5894,5925,510,22209,6139],"product_tag":[],"class_list":{"0":"post-372501","1":"product","2":"type-product","3":"status-publish","4":"has-post-thumbnail","6":"product_cat-categorieen","7":"product_cat-lips-nl-3","8":"product_cat-lip-care-nl-2","9":"product_cat-make-up-nl","10":"product_cat-merken","11":"product_cat-new-additions-skincare-nl","12":"product_cat-nieuwe-producten","13":"product_cat-eyes-nl-3","14":"product_cat-eye-lip-care-nl","15":"product_cat-eye-care-nl-3","16":"product_cat-shop-winkel","17":"product_cat-tidelands-house","18":"product_cat-cheeks-nl-2","19":"pa_brand-tidelands-house","20":"pa_gtin-22266","21":"pa_make-up-productype-lips-nl","22":"pa_make-up-productype-cheeks-nl","23":"pa_size-15-ml-nl","24":"pa_skincare-type-lips-eye-care-nl","26":"first","27":"instock","28":"taxable","29":"shipping-taxable","30":"purchasable","31":"product-type-simple"},"bundled_by":[],"bundle_stock_status":"instock","bundle_stock_quantity":3,"bundle_virtual":false,"bundle_layout":"","bundle_add_to_cart_form_location":"","bundle_editable_in_cart":false,"bundle_sold_individually_context":"","bundle_item_grouping":"","bundle_min_size":"","bundle_max_size":"","bundle_price":[],"bundled_items":[],"bundle_sell_ids":[372509],"atum_controlled":true,"out_stock_date":null,"out_stock_threshold":null,"inheritable":false,"stock_on_hold":0,"sold_today":1,"sales_last_days":2,"out_stock_days":0,"lost_sales":0,"update_date":"2026-04-07T06:56:24","atum_locations":[],"atum_stock_status":"instock","restock_status":true,"low_stock_amount":"","sales_update_date":"2026-04-07T06:56:24","calc_backorders":null,"group_of_quantity":0,"min_quantity":0,"max_quantity":"","exclude_order_quantity_value_rules":"no","exclude_category_quantity_rules":"no","combine_variations":"no","yoast_head":"<!-- This site is optimized with the Yoast SEO Premium plugin v26.5 (Yoast SEO v26.5) - https:\/\/yoast.com\/wordpress\/plugins\/seo\/ -->\n<title>Rose de Sang Lip &amp; Cheek Cr\u00e8me - Tidelands House<\/title>\n<meta name=\"description\" content=\"Rose de Sang, wat \u201cBloedroos\u201d betekent, vangt de natuurlijke blos die op de huid verschijnt bij warmte, koude lucht of een zachte aanraking.\" \/>\n<meta name=\"robots\" content=\"index, follow, max-snippet:-1, max-image-preview:large, max-video-preview:-1\" \/>\n<link rel=\"canonical\" href=\"https:\/\/dutchhealthstore.com\/nl\/product\/rose-de-sang-lip-cheek-creme\/\" \/>\n<meta property=\"og:locale\" content=\"nl_NL\" \/>\n<meta property=\"og:type\" content=\"article\" \/>\n<meta property=\"og:title\" content=\"Rose de Sang Lip &amp; Cheek Cr\u00e8me - Dutch Health Store\" \/>\n<meta property=\"og:description\" content=\"Rose de Sang, wat \u201cBloedroos\u201d betekent, vangt de natuurlijke blos die op de huid verschijnt bij warmte, koude lucht of een zachte aanraking.\" \/>\n<meta property=\"og:url\" content=\"https:\/\/dutchhealthstore.com\/nl\/product\/rose-de-sang-lip-cheek-creme\/\" \/>\n<meta property=\"og:site_name\" content=\"Dutch Health Store\" \/>\n<meta property=\"article:publisher\" content=\"https:\/\/www.instagram.com\/dutchhealthstore\/\" \/>\n<meta property=\"article:modified_time\" content=\"2026-03-23T13:29:43+00:00\" \/>\n<meta property=\"og:image\" content=\"https:\/\/dutchhealthstore.com\/wp-content\/uploads\/2026\/02\/Untitled-design-2026-02-17T100316.188.jpg\" \/>\n\t<meta property=\"og:image:width\" content=\"530\" \/>\n\t<meta property=\"og:image:height\" content=\"530\" \/>\n\t<meta property=\"og:image:type\" content=\"image\/jpeg\" \/>\n<meta name=\"twitter:card\" content=\"summary_large_image\" \/>\n<meta name=\"twitter:label1\" content=\"Prijs\" \/>\n\t<meta name=\"twitter:data1\" content=\"&euro;22,00\" \/>\n\t<meta name=\"twitter:label2\" content=\"Beschikbaarheid\" \/>\n\t<meta name=\"twitter:data2\" content=\"Op voorraad\" \/>\n<script type=\"application\/ld+json\" class=\"yoast-schema-graph\">{\"@context\":\"https:\/\/schema.org\",\"@graph\":[{\"@type\":\"WebPage\",\"@id\":\"https:\/\/dutchhealthstore.com\/nl\/product\/rose-de-sang-lip-cheek-creme\/\",\"url\":\"https:\/\/dutchhealthstore.com\/nl\/product\/rose-de-sang-lip-cheek-creme\/\",\"name\":\"Rose de Sang Lip &amp; Cheek Cr\u00e8me - Tidelands House\",\"isPartOf\":{\"@id\":\"https:\/\/dutchhealthstore.com\/nl\/#website\"},\"primaryImageOfPage\":{\"@id\":\"https:\/\/dutchhealthstore.com\/nl\/product\/rose-de-sang-lip-cheek-creme\/#primaryimage\"},\"image\":{\"@id\":\"https:\/\/dutchhealthstore.com\/nl\/product\/rose-de-sang-lip-cheek-creme\/#primaryimage\"},\"thumbnailUrl\":\"https:\/\/dutchhealthstore.com\/wp-content\/uploads\/2026\/02\/Untitled-design-2026-02-17T100316.188.jpg\",\"datePublished\":\"2026-02-23T10:53:30+00:00\",\"dateModified\":\"2026-03-23T13:29:43+00:00\",\"description\":\"Rose de Sang, wat \u201cBloedroos\u201d betekent, vangt de natuurlijke blos die op de huid verschijnt bij warmte, koude lucht of een zachte aanraking.\",\"breadcrumb\":{\"@id\":\"https:\/\/dutchhealthstore.com\/nl\/product\/rose-de-sang-lip-cheek-creme\/#breadcrumb\"},\"inLanguage\":\"nl-NL\",\"potentialAction\":[{\"@type\":\"ReadAction\",\"target\":[\"https:\/\/dutchhealthstore.com\/nl\/product\/rose-de-sang-lip-cheek-creme\/\"]}]},{\"@type\":\"ImageObject\",\"inLanguage\":\"nl-NL\",\"@id\":\"https:\/\/dutchhealthstore.com\/nl\/product\/rose-de-sang-lip-cheek-creme\/#primaryimage\",\"url\":\"https:\/\/dutchhealthstore.com\/wp-content\/uploads\/2026\/02\/Untitled-design-2026-02-17T100316.188.jpg\",\"contentUrl\":\"https:\/\/dutchhealthstore.com\/wp-content\/uploads\/2026\/02\/Untitled-design-2026-02-17T100316.188.jpg\",\"width\":530,\"height\":530,\"caption\":\"tidelands-house-rose-de-sang-lip-creme\"},{\"@type\":\"BreadcrumbList\",\"@id\":\"https:\/\/dutchhealthstore.com\/nl\/product\/rose-de-sang-lip-cheek-creme\/#breadcrumb\",\"itemListElement\":[{\"@type\":\"ListItem\",\"position\":1,\"name\":\"Home\",\"item\":\"https:\/\/dutchhealthstore.com\/nl\/\"},{\"@type\":\"ListItem\",\"position\":2,\"name\":\"Shop\",\"item\":\"https:\/\/dutchhealthstore.com\/nl\/shop\/\"},{\"@type\":\"ListItem\",\"position\":3,\"name\":\"Rose de Sang Lip &amp; Cheek Cr\u00e8me\"}]},{\"@type\":\"WebSite\",\"@id\":\"https:\/\/dutchhealthstore.com\/nl\/#website\",\"url\":\"https:\/\/dutchhealthstore.com\/nl\/\",\"name\":\"Dutch Health Store\",\"description\":\"Enhance Your Beauty with Organic &amp; Natural Skincare\",\"publisher\":{\"@id\":\"https:\/\/dutchhealthstore.com\/nl\/#organization\"},\"potentialAction\":[{\"@type\":\"SearchAction\",\"target\":{\"@type\":\"EntryPoint\",\"urlTemplate\":\"https:\/\/dutchhealthstore.com\/nl\/?s={search_term_string}\"},\"query-input\":{\"@type\":\"PropertyValueSpecification\",\"valueRequired\":true,\"valueName\":\"search_term_string\"}}],\"inLanguage\":\"nl-NL\"},{\"@type\":\"Organization\",\"@id\":\"https:\/\/dutchhealthstore.com\/nl\/#organization\",\"name\":\"Dutch Health Store\",\"url\":\"https:\/\/dutchhealthstore.com\/nl\/\",\"logo\":{\"@type\":\"ImageObject\",\"inLanguage\":\"nl-NL\",\"@id\":\"https:\/\/dutchhealthstore.com\/nl\/#\/schema\/logo\/image\/\",\"url\":\"https:\/\/dutchhealthstore.com\/wp-content\/uploads\/2020\/08\/logo-dutchhealthstore-jpg-e1599484957574.jpg\",\"contentUrl\":\"https:\/\/dutchhealthstore.com\/wp-content\/uploads\/2020\/08\/logo-dutchhealthstore-jpg-e1599484957574.jpg\",\"width\":400,\"height\":62,\"caption\":\"Dutch Health Store\"},\"image\":{\"@id\":\"https:\/\/dutchhealthstore.com\/nl\/#\/schema\/logo\/image\/\"},\"sameAs\":[\"https:\/\/www.instagram.com\/dutchhealthstore\/\",\"https:\/\/www.facebook.com\/dutchhealthstore\"]}]}<\/script>\n<meta property=\"product:brand\" content=\"Tidelands House\" \/>\n<meta property=\"product:price:amount\" content=\"22.00\" \/>\n<meta property=\"product:price:currency\" content=\"EUR\" \/>\n<meta property=\"og:availability\" content=\"instock\" \/>\n<meta property=\"product:availability\" content=\"instock\" \/>\n<meta property=\"product:condition\" content=\"new\" \/>\n<!-- \/ Yoast SEO Premium plugin. -->","yoast_head_json":{"title":"Rose de Sang Lip &amp; Cheek Cr\u00e8me - Tidelands House","description":"Rose de Sang, wat \u201cBloedroos\u201d betekent, vangt de natuurlijke blos die op de huid verschijnt bij warmte, koude lucht of een zachte aanraking.","robots":{"index":"index","follow":"follow","max-snippet":"max-snippet:-1","max-image-preview":"max-image-preview:large","max-video-preview":"max-video-preview:-1"},"canonical":"https:\/\/dutchhealthstore.com\/nl\/product\/rose-de-sang-lip-cheek-creme\/","og_locale":"nl_NL","og_type":"article","og_title":"Rose de Sang Lip &amp; Cheek Cr\u00e8me - Dutch Health Store","og_description":"Rose de Sang, wat \u201cBloedroos\u201d betekent, vangt de natuurlijke blos die op de huid verschijnt bij warmte, koude lucht of een zachte aanraking.","og_url":"https:\/\/dutchhealthstore.com\/nl\/product\/rose-de-sang-lip-cheek-creme\/","og_site_name":"Dutch Health Store","article_publisher":"https:\/\/www.instagram.com\/dutchhealthstore\/","article_modified_time":"2026-03-23T13:29:43+00:00","og_image":[{"width":530,"height":530,"url":"https:\/\/dutchhealthstore.com\/wp-content\/uploads\/2026\/02\/Untitled-design-2026-02-17T100316.188.jpg","type":"image\/jpeg"}],"twitter_card":"summary_large_image","twitter_misc":{"Prijs":"&euro;22,00","Beschikbaarheid":"Op voorraad"},"schema":{"@context":"https:\/\/schema.org","@graph":[{"@type":"WebPage","@id":"https:\/\/dutchhealthstore.com\/nl\/product\/rose-de-sang-lip-cheek-creme\/","url":"https:\/\/dutchhealthstore.com\/nl\/product\/rose-de-sang-lip-cheek-creme\/","name":"Rose de Sang Lip &amp; Cheek Cr\u00e8me - Tidelands House","isPartOf":{"@id":"https:\/\/dutchhealthstore.com\/nl\/#website"},"primaryImageOfPage":{"@id":"https:\/\/dutchhealthstore.com\/nl\/product\/rose-de-sang-lip-cheek-creme\/#primaryimage"},"image":{"@id":"https:\/\/dutchhealthstore.com\/nl\/product\/rose-de-sang-lip-cheek-creme\/#primaryimage"},"thumbnailUrl":"https:\/\/dutchhealthstore.com\/wp-content\/uploads\/2026\/02\/Untitled-design-2026-02-17T100316.188.jpg","datePublished":"2026-02-23T10:53:30+00:00","dateModified":"2026-03-23T13:29:43+00:00","description":"Rose de Sang, wat \u201cBloedroos\u201d betekent, vangt de natuurlijke blos die op de huid verschijnt bij warmte, koude lucht of een zachte aanraking.","breadcrumb":{"@id":"https:\/\/dutchhealthstore.com\/nl\/product\/rose-de-sang-lip-cheek-creme\/#breadcrumb"},"inLanguage":"nl-NL","potentialAction":[{"@type":"ReadAction","target":["https:\/\/dutchhealthstore.com\/nl\/product\/rose-de-sang-lip-cheek-creme\/"]}]},{"@type":"ImageObject","inLanguage":"nl-NL","@id":"https:\/\/dutchhealthstore.com\/nl\/product\/rose-de-sang-lip-cheek-creme\/#primaryimage","url":"https:\/\/dutchhealthstore.com\/wp-content\/uploads\/2026\/02\/Untitled-design-2026-02-17T100316.188.jpg","contentUrl":"https:\/\/dutchhealthstore.com\/wp-content\/uploads\/2026\/02\/Untitled-design-2026-02-17T100316.188.jpg","width":530,"height":530,"caption":"tidelands-house-rose-de-sang-lip-creme"},{"@type":"BreadcrumbList","@id":"https:\/\/dutchhealthstore.com\/nl\/product\/rose-de-sang-lip-cheek-creme\/#breadcrumb","itemListElement":[{"@type":"ListItem","position":1,"name":"Home","item":"https:\/\/dutchhealthstore.com\/nl\/"},{"@type":"ListItem","position":2,"name":"Shop","item":"https:\/\/dutchhealthstore.com\/nl\/shop\/"},{"@type":"ListItem","position":3,"name":"Rose de Sang Lip &amp; Cheek Cr\u00e8me"}]},{"@type":"WebSite","@id":"https:\/\/dutchhealthstore.com\/nl\/#website","url":"https:\/\/dutchhealthstore.com\/nl\/","name":"Dutch Health Store","description":"Enhance Your Beauty with Organic &amp; Natural Skincare","publisher":{"@id":"https:\/\/dutchhealthstore.com\/nl\/#organization"},"potentialAction":[{"@type":"SearchAction","target":{"@type":"EntryPoint","urlTemplate":"https:\/\/dutchhealthstore.com\/nl\/?s={search_term_string}"},"query-input":{"@type":"PropertyValueSpecification","valueRequired":true,"valueName":"search_term_string"}}],"inLanguage":"nl-NL"},{"@type":"Organization","@id":"https:\/\/dutchhealthstore.com\/nl\/#organization","name":"Dutch Health Store","url":"https:\/\/dutchhealthstore.com\/nl\/","logo":{"@type":"ImageObject","inLanguage":"nl-NL","@id":"https:\/\/dutchhealthstore.com\/nl\/#\/schema\/logo\/image\/","url":"https:\/\/dutchhealthstore.com\/wp-content\/uploads\/2020\/08\/logo-dutchhealthstore-jpg-e1599484957574.jpg","contentUrl":"https:\/\/dutchhealthstore.com\/wp-content\/uploads\/2020\/08\/logo-dutchhealthstore-jpg-e1599484957574.jpg","width":400,"height":62,"caption":"Dutch Health Store"},"image":{"@id":"https:\/\/dutchhealthstore.com\/nl\/#\/schema\/logo\/image\/"},"sameAs":["https:\/\/www.instagram.com\/dutchhealthstore\/","https:\/\/www.facebook.com\/dutchhealthstore"]}]},"product_brand":"Tidelands House","product_price_amount":"22.00","product_price_currency":"EUR","og_availability":"instock","product_availability":"instock","product_condition":"new"},"_links":{"self":[{"href":"https:\/\/dutchhealthstore.com\/nl\/wp-json\/wp\/v2\/product\/372501","targetHints":{"allow":["GET"]}}],"collection":[{"href":"https:\/\/dutchhealthstore.com\/nl\/wp-json\/wp\/v2\/product"}],"about":[{"href":"https:\/\/dutchhealthstore.com\/nl\/wp-json\/wp\/v2\/types\/product"}],"replies":[{"embeddable":true,"href":"https:\/\/dutchhealthstore.com\/nl\/wp-json\/wp\/v2\/comments?post=372501"}],"wp:featuredmedia":[{"embeddable":true,"href":"https:\/\/dutchhealthstore.com\/nl\/wp-json\/wp\/v2\/media\/371723"}],"wp:attachment":[{"href":"https:\/\/dutchhealthstore.com\/nl\/wp-json\/wp\/v2\/media?parent=372501"}],"wp:term":[{"taxonomy":"product_brand","embeddable":true,"href":"https:\/\/dutchhealthstore.com\/nl\/wp-json\/wp\/v2\/product_brand?post=372501"},{"taxonomy":"product_cat","embeddable":true,"href":"https:\/\/dutchhealthstore.com\/nl\/wp-json\/wp\/v2\/product_cat?post=372501"},{"taxonomy":"product_tag","embeddable":true,"href":"https:\/\/dutchhealthstore.com\/nl\/wp-json\/wp\/v2\/product_tag?post=372501"}],"curies":[{"name":"wp","href":"https:\/\/api.w.org\/{rel}","templated":true}]}}