{"id":372490,"date":"2026-02-23T12:19:20","date_gmt":"2026-02-23T11:19:20","guid":{"rendered":"https:\/\/dutchhealthstore.com\/product\/honey-balm-wild-violet-essence\/"},"modified":"2026-03-23T14:29:33","modified_gmt":"2026-03-23T13:29:33","slug":"honey-balm-wild-violet-essence","status":"publish","type":"product","link":"https:\/\/dutchhealthstore.com\/nl\/product\/honey-balm-wild-violet-essence\/","title":{"rendered":"Honey Balm &amp; Wild Violet Essence"},"content":{"rendered":"<p>Met behulp van traditionele stoomdestillatie in een zuiver koperen distilleerkolf vangt dit biodynamische extract de volledige seizoensgebonden vitaliteit van het land in elke druppel.<\/p>\n<p>Nu gepresenteerd met een volledig archieflabel; deze gelimiteerde reserve uit 2025 is met zorg verzameld en in kleine hoeveelheden gebotteld. Deze specifieke uitgave is exclusief verkrijgbaar in ons atelier. <\/p>\n<p>Wilde citroenmelisse (Melissa officinalis L.), traditioneel bekend als Honey Balm, wordt al lang gewaardeerd om zijn kalmerende en verhelderende eigenschappen. De naam komt van de natuurlijk zoete, citroenachtige geur en het historische gebruik om zowel bijen als mensen te kalmeren. Onze melisse is geoogst tijdens de piekbloei vanuit de hagen van onze stenen koetshuis-tuin.  <\/p>\n<p>De destillatie van dit jaar bevat ook gefermenteerde lenteviooltjes, verzameld uit onze biologische moestuin. Samen vormen deze botanische ingredi\u00ebnten een zachte, kruidige tonic die verkoelend, licht bloemig en zacht opbeurend aanvoelt. <\/p>\n<p>Dit hydrosol kan worden gebruikt als voedende gezichtstonic of als aromatische body mist. Vernevel naar wens royaal over het gezicht, de huid of het linnengoed. <\/p>\n<p>Slechts \u00e9\u00e9n keer per jaar bereid; dit in kleine batches gemaakte hydrosol is verkrijgbaar in zeer beperkte hoeveelheden.<\/p>\n<h3>Belangrijkste voordelen<\/h3>\n<p><em><strong>Rijk aan antioxidanten<\/strong><\/em><\/p>\n<p><em>Honey Balm<\/em><br \/>\nRijk aan beschermende plantenstoffen; Honey Balm helpt de huid te verstevigen en te versterken, terwijl het de weerstand tegen oxidatieve stress ondersteunt. Het resultaat is een helderdere en veerkrachtigere teint. <\/p>\n<p><em>Wilde viooltjes<\/em><br \/>\nViooltjes zijn van nature rijk aan flavono\u00efden en milde antioxidanten. Ze helpen de huid te beschermen tegen omgevingsstress en ondersteunen een gezonde, stralende veroudering.<\/p>\n<p><em><strong>Ontstekingsremmende ondersteuning<\/strong><\/em><\/p>\n<p>Honey Balm<br \/>\nBevat rozemarijnzuur en kalmerende polyfenolen die irritatie helpen verzachten, zichtbare roodheid verminderen en de reactieve huid kalmeren.<\/p>\n<p>Wilde viooltjes<br \/>\nDe bloemblaadjes van het viooltje zijn van nature ontstekingsremmend en helpen onzuiverheden te kalmeren, gevoeligheid te verlichten en de balans te ondersteunen bij een eczeemgevoelige of reactieve huid.<\/p>\n<p><em><strong>Diepe hydratatie<\/strong><\/em><\/p>\n<p>Honey Balm<br \/>\nBiedt milde vochtvasthoudende eigenschappen die de huid helpen vocht vast te houden, waardoor de zachtheid en soepelheid bij elk gebruik verbeteren.<\/p>\n<p>Wilde viooltjes<br \/>\nRijk aan natuurlijke plantenslijmen; viooltjes zorgen voor een dauwachtige glans en langdurige hydratatie voor de droge of uitgeputte huid.<\/p>\n<p><em><strong>Heilzaam &amp; kalmerend<\/strong><\/em><\/p>\n<p>Honey Balm<br \/>\nTraditioneel bekend als een voedend zenuwmiddel; het ondersteunt zowel emotionele rust als een zichtbare huidbalans. Het kan helpen bij het verlichten van stressgerelateerde opflakkerigen en het herstellen van het evenwicht. <\/p>\n<p>Wilde viooltjes<br \/>\nMet natuurlijke antimicrobi\u00eble en verzachtende eigenschappen ondersteunen viooltjes op milde wijze het herstel van lichte irritatie, blootstelling aan de zon en ontstekingen.<\/p>\n<p><em><strong>Lymfatische ondersteuning<\/strong><\/em><\/p>\n<p>Honey Balm<br \/>\nTraditioneel wordt aangenomen dat het de lymfestroom stimuleert, wat helpt wallen te verminderen en een helderdere huidteint te bevorderen.<\/p>\n<p>Wilde viooltjes<br \/>\nOndersteunen een gezonde bloedsomloop en helpen stagnatie te verminderen, wat bijdraagt aan een frissere, meer gerevitaliseerde uitstraling.<\/p>\n<p><em><strong>Somatische rust<\/strong><\/em><\/p>\n<p>Honey Balm<br \/>\nAl lang gewaardeerd om zijn kalmerende effect op het zenuwstelsel; het helpt ontspanning en een geaard gevoel van welzijn te bevorderen.<\/p>\n<p>Wilde viooltjes<br \/>\nTraditioneel geassocieerd met emotionele troost; viooltjes bieden zachte ondersteuning in tijden van stress, verdriet of overweldiging.<\/p>\n<h3>Hoe te gebruiken<\/h3>\n<p>Goed schudden voor gebruik. Vernevel in je handpalm en meng met een paar druppels van je gekozen gezichtsserum. Druk zachtjes in het gezicht, de hals en het decollet\u00e9. <\/p>\n<p>Het kan ook worden gebruikt als een verfrissende body mist of direct worden ingeademd voor momenten van rust gedurende de dag.<\/p>\n<p><em>Binnen 8 maanden na opening gebruiken.<\/em><\/p>\n<p><em>Alle ingredi\u00ebnten zijn biologisch, in het wild geoogst en op duurzame, ethische en regionale wijze verkregen.<\/em><\/p>\n<p><strong>Inhoud: 30 ml<\/strong><\/p>\n<h2><strong>Natuurlijke \/ biologische ingredi\u00ebnten <\/strong><\/h2>\n<p>Single Origin ambachtelijk gedistilleerde biologische Melissa officinalis en Viola papilionacea<\/p>\n\n\t<section class=\"section dark\" id=\"section_1841750739\">\n\t\t<div class=\"section-bg fill\" >\n\t\t\t<img fetchpriority=\"high\" decoding=\"async\" width=\"1200\" height=\"604\" src=\"https:\/\/dutchhealthstore.com\/wp-content\/uploads\/2026\/02\/bgux.jpg\" class=\"bg attachment- size-\" alt=\"\" \/>\t\t\t\t\t\t<div class=\"section-bg-overlay absolute fill\"><\/div>\n\t\t\t\n\n\t\t<\/div>\n\n\t\t\n\n\t\t<div class=\"section-content relative\">\n\t\t\t\n\n\t<div id=\"gap-1896776314\" class=\"gap-element clearfix\" style=\"display:block; height:auto;\">\n\t\t\n<style>\n#gap-1896776314 {\n  padding-top: 15px;\n}\n<\/style>\n\t<\/div>\n\t\n\n<div class=\"container section-title-container\" ><h3 class=\"section-title section-title-normal\"><b><\/b><span class=\"section-title-main\" >Over Tidelands House<\/span><b><\/b><\/h3><\/div>\n\n<div class=\"row\"  id=\"row-1685511960\">\n\n\n\t<div id=\"col-1424875546\" class=\"col small-12 large-12\"  >\n\t\t\t\t<div class=\"col-inner\"  >\n\t\t\t\n\t\t\t\n\n<p>Tidelands House is een Canadees botanisch huidverzorgingsatelier, opgericht door herborist Dominique Del Col. Elke formule wordt met de hand gemaakt in een door de zon verlichte distilleerkamer in een gerestaureerd 19e-eeuws stenen huisje, waar kruiden aan houten balken hangen en botanische ingredi\u00ebnten worden bereid in het ritme van de seizoenen.<\/p>\n<p>In het wild geplukte planten, biodynamische teelt en mariene botanische ingredi\u00ebnten verzameld aan de oostkust van Canada vormen de kern van elke bereiding. Ingredi\u00ebnten worden geoogst op het hoogtepunt van hun vitaliteit en in micro-batches verwerkt om de kracht, versheid en energetische integriteit te behouden. <\/p>\n<p>Geen synthetische toevoegingen. Geen onnodige vulstoffen. Alleen nutri\u00ebntenrijke botanische extracten, gefermenteerde bloesemessences en pure plantaardige oli\u00ebn in op erfgoed ge\u00efnspireerd melkglas.  <\/p>\n<p>Tidelands House is langzame, bewuste huidverzorging \u2014 geworteld in het land, rituelen en respect voor zowel traditie als moderne botanische wetenschap.<\/p>\n\n\n\t\t<\/div>\n\t\t\t\t\t<\/div>\n\n\t\n\n<\/div>\n\n\t\t<\/div>\n\n\t\t\n<style>\n#section_1841750739 {\n  padding-top: 30px;\n  padding-bottom: 30px;\n  background-color: rgb(40, 40, 40);\n}\n#section_1841750739 .section-bg-overlay {\n  background-color: rgba(0, 0, 0, 0.477);\n}\n#section_1841750739 .section-bg img {\n  object-position: 51% 73%;\n}\n<\/style>\n\t<\/section>\n\t\n","protected":false},"excerpt":{"rendered":"<p>Honey Balm &amp; Wild Violet Essence is een single-origin, bioregionaal hydrosol, zorgvuldig met de hand gedistilleerd in ons historische atelier.<\/p>\n","protected":false},"featured_media":371633,"comment_status":"open","ping_status":"closed","template":"","meta":[],"product_brand":[],"product_cat":[20948,20950,14731,20917,20949,5823,1029,5621,5029,5617,5030,5822,1006,20909,1906,5028,5623,5005,510,22209,5662,5663,5665,5661,5666,5027,5664],"product_tag":[],"class_list":{"0":"post-372490","1":"product","2":"type-product","3":"status-publish","4":"has-post-thumbnail","6":"product_cat-droog-nl","7":"product_cat-droog-nl-2","8":"product_cat-huidverzorging","9":"product_cat-rijpe-en-ouder-wordende-huid","10":"product_cat-toners-nl","11":"product_cat-body-lotion-nl","12":"product_cat-categorieen","13":"product_cat-dry-mature-ageing-skin-nl-4","14":"product_cat-dry-mature-ageing-skin-nl-6","15":"product_cat-sensitive-skin-redness-nl","16":"product_cat-sensitive-skin-redness-nl-6","17":"product_cat-body-care-nl-3","18":"product_cat-merken","19":"product_cat-new-additions-skincare-nl","20":"product_cat-nieuwe-producten","21":"product_cat-normal-or-combination-skin-nl-6","22":"product_cat-normal-or-combination-skin-nl","23":"product_cat-by-skin-type","24":"product_cat-shop-winkel","25":"product_cat-tidelands-house","26":"product_cat-toners-nl-5","27":"product_cat-toners-nl-6","28":"product_cat-toners-nl-7","29":"product_cat-toners-nl-4","30":"product_cat-toners-nl-2","31":"product_cat-oily-skin-clogged-pores-nl-5","32":"product_cat-oily-skin-clogged-pores-nl","33":"pa_brand-tidelands-house","34":"pa_fragrances-product-type-for-her-nl-2","35":"pa_gtin-22257","36":"pa_size-30-ml-nl","37":"pa_skincare-type-moisturizers-nl","39":"first","40":"instock","41":"taxable","42":"shipping-taxable","43":"purchasable","44":"product-type-simple"},"bundled_by":[],"bundle_stock_status":"instock","bundle_stock_quantity":3,"bundle_virtual":false,"bundle_layout":"","bundle_add_to_cart_form_location":"","bundle_editable_in_cart":false,"bundle_sold_individually_context":"","bundle_item_grouping":"","bundle_min_size":"","bundle_max_size":"","bundle_price":[],"bundled_items":[],"bundle_sell_ids":[372479],"atum_controlled":true,"out_stock_date":null,"out_stock_threshold":null,"inheritable":false,"stock_on_hold":1,"sold_today":0,"sales_last_days":2,"out_stock_days":0,"lost_sales":0,"update_date":"2026-04-07T06:56:24","atum_locations":[],"atum_stock_status":"instock","restock_status":true,"low_stock_amount":"","sales_update_date":"2026-04-07T06:56:24","calc_backorders":null,"group_of_quantity":0,"min_quantity":0,"max_quantity":"","exclude_order_quantity_value_rules":"no","exclude_category_quantity_rules":"no","combine_variations":"no","yoast_head":"<!-- This site is optimized with the Yoast SEO Premium plugin v26.5 (Yoast SEO v26.5) - https:\/\/yoast.com\/wordpress\/plugins\/seo\/ -->\n<title>Honey Balm &amp; Wild Violet Essence - Tidelands House<\/title>\n<meta name=\"description\" content=\"Honey Balm &amp; Wild Violet Essence is een single-origin, bioregionaal hydrosol, zorgvuldig met de hand gedistilleerd in ons historische atelier.\" \/>\n<meta name=\"robots\" content=\"index, follow, max-snippet:-1, max-image-preview:large, max-video-preview:-1\" \/>\n<link rel=\"canonical\" href=\"https:\/\/dutchhealthstore.com\/nl\/product\/honey-balm-wild-violet-essence\/\" \/>\n<meta property=\"og:locale\" content=\"nl_NL\" \/>\n<meta property=\"og:type\" content=\"article\" \/>\n<meta property=\"og:title\" content=\"Honey Balm &amp; Wild Violet Essence - Dutch Health Store\" \/>\n<meta property=\"og:description\" content=\"Honey Balm &amp; Wild Violet Essence is een single-origin, bioregionaal hydrosol, zorgvuldig met de hand gedistilleerd in ons historische atelier.\" \/>\n<meta property=\"og:url\" content=\"https:\/\/dutchhealthstore.com\/nl\/product\/honey-balm-wild-violet-essence\/\" \/>\n<meta property=\"og:site_name\" content=\"Dutch Health Store\" \/>\n<meta property=\"article:publisher\" content=\"https:\/\/www.instagram.com\/dutchhealthstore\/\" \/>\n<meta property=\"article:modified_time\" content=\"2026-03-23T13:29:33+00:00\" \/>\n<meta property=\"og:image\" content=\"https:\/\/dutchhealthstore.com\/wp-content\/uploads\/2026\/02\/Untitled-design-2026-02-16T160203.425.jpg\" \/>\n\t<meta property=\"og:image:width\" content=\"530\" \/>\n\t<meta property=\"og:image:height\" content=\"530\" \/>\n\t<meta property=\"og:image:type\" content=\"image\/jpeg\" \/>\n<meta name=\"twitter:card\" content=\"summary_large_image\" \/>\n<meta name=\"twitter:label1\" content=\"Prijs\" \/>\n\t<meta name=\"twitter:data1\" content=\"&euro;35,00\" \/>\n\t<meta name=\"twitter:label2\" content=\"Beschikbaarheid\" \/>\n\t<meta name=\"twitter:data2\" content=\"Op voorraad\" \/>\n<script type=\"application\/ld+json\" class=\"yoast-schema-graph\">{\"@context\":\"https:\/\/schema.org\",\"@graph\":[{\"@type\":\"WebPage\",\"@id\":\"https:\/\/dutchhealthstore.com\/nl\/product\/honey-balm-wild-violet-essence\/\",\"url\":\"https:\/\/dutchhealthstore.com\/nl\/product\/honey-balm-wild-violet-essence\/\",\"name\":\"Honey Balm &amp; Wild Violet Essence - Tidelands House\",\"isPartOf\":{\"@id\":\"https:\/\/dutchhealthstore.com\/nl\/#website\"},\"primaryImageOfPage\":{\"@id\":\"https:\/\/dutchhealthstore.com\/nl\/product\/honey-balm-wild-violet-essence\/#primaryimage\"},\"image\":{\"@id\":\"https:\/\/dutchhealthstore.com\/nl\/product\/honey-balm-wild-violet-essence\/#primaryimage\"},\"thumbnailUrl\":\"https:\/\/dutchhealthstore.com\/wp-content\/uploads\/2026\/02\/Untitled-design-2026-02-16T160203.425.jpg\",\"datePublished\":\"2026-02-23T11:19:20+00:00\",\"dateModified\":\"2026-03-23T13:29:33+00:00\",\"description\":\"Honey Balm & Wild Violet Essence is een single-origin, bioregionaal hydrosol, zorgvuldig met de hand gedistilleerd in ons historische atelier.\",\"breadcrumb\":{\"@id\":\"https:\/\/dutchhealthstore.com\/nl\/product\/honey-balm-wild-violet-essence\/#breadcrumb\"},\"inLanguage\":\"nl-NL\",\"potentialAction\":[{\"@type\":\"ReadAction\",\"target\":[\"https:\/\/dutchhealthstore.com\/nl\/product\/honey-balm-wild-violet-essence\/\"]}]},{\"@type\":\"ImageObject\",\"inLanguage\":\"nl-NL\",\"@id\":\"https:\/\/dutchhealthstore.com\/nl\/product\/honey-balm-wild-violet-essence\/#primaryimage\",\"url\":\"https:\/\/dutchhealthstore.com\/wp-content\/uploads\/2026\/02\/Untitled-design-2026-02-16T160203.425.jpg\",\"contentUrl\":\"https:\/\/dutchhealthstore.com\/wp-content\/uploads\/2026\/02\/Untitled-design-2026-02-16T160203.425.jpg\",\"width\":530,\"height\":530,\"caption\":\"tidelands-house-honey-balm-essence\"},{\"@type\":\"BreadcrumbList\",\"@id\":\"https:\/\/dutchhealthstore.com\/nl\/product\/honey-balm-wild-violet-essence\/#breadcrumb\",\"itemListElement\":[{\"@type\":\"ListItem\",\"position\":1,\"name\":\"Home\",\"item\":\"https:\/\/dutchhealthstore.com\/nl\/\"},{\"@type\":\"ListItem\",\"position\":2,\"name\":\"Shop\",\"item\":\"https:\/\/dutchhealthstore.com\/nl\/shop\/\"},{\"@type\":\"ListItem\",\"position\":3,\"name\":\"Honey Balm &amp; Wild Violet Essence\"}]},{\"@type\":\"WebSite\",\"@id\":\"https:\/\/dutchhealthstore.com\/nl\/#website\",\"url\":\"https:\/\/dutchhealthstore.com\/nl\/\",\"name\":\"Dutch Health Store\",\"description\":\"Enhance Your Beauty with Organic &amp; Natural Skincare\",\"publisher\":{\"@id\":\"https:\/\/dutchhealthstore.com\/nl\/#organization\"},\"potentialAction\":[{\"@type\":\"SearchAction\",\"target\":{\"@type\":\"EntryPoint\",\"urlTemplate\":\"https:\/\/dutchhealthstore.com\/nl\/?s={search_term_string}\"},\"query-input\":{\"@type\":\"PropertyValueSpecification\",\"valueRequired\":true,\"valueName\":\"search_term_string\"}}],\"inLanguage\":\"nl-NL\"},{\"@type\":\"Organization\",\"@id\":\"https:\/\/dutchhealthstore.com\/nl\/#organization\",\"name\":\"Dutch Health Store\",\"url\":\"https:\/\/dutchhealthstore.com\/nl\/\",\"logo\":{\"@type\":\"ImageObject\",\"inLanguage\":\"nl-NL\",\"@id\":\"https:\/\/dutchhealthstore.com\/nl\/#\/schema\/logo\/image\/\",\"url\":\"https:\/\/dutchhealthstore.com\/wp-content\/uploads\/2020\/08\/logo-dutchhealthstore-jpg-e1599484957574.jpg\",\"contentUrl\":\"https:\/\/dutchhealthstore.com\/wp-content\/uploads\/2020\/08\/logo-dutchhealthstore-jpg-e1599484957574.jpg\",\"width\":400,\"height\":62,\"caption\":\"Dutch Health Store\"},\"image\":{\"@id\":\"https:\/\/dutchhealthstore.com\/nl\/#\/schema\/logo\/image\/\"},\"sameAs\":[\"https:\/\/www.instagram.com\/dutchhealthstore\/\",\"https:\/\/www.facebook.com\/dutchhealthstore\"]}]}<\/script>\n<meta property=\"product:brand\" content=\"Tidelands House\" \/>\n<meta property=\"product:price:amount\" content=\"35.00\" \/>\n<meta property=\"product:price:currency\" content=\"EUR\" \/>\n<meta property=\"og:availability\" content=\"instock\" \/>\n<meta property=\"product:availability\" content=\"instock\" \/>\n<meta property=\"product:condition\" content=\"new\" \/>\n<!-- \/ Yoast SEO Premium plugin. -->","yoast_head_json":{"title":"Honey Balm &amp; Wild Violet Essence - Tidelands House","description":"Honey Balm & Wild Violet Essence is een single-origin, bioregionaal hydrosol, zorgvuldig met de hand gedistilleerd in ons historische atelier.","robots":{"index":"index","follow":"follow","max-snippet":"max-snippet:-1","max-image-preview":"max-image-preview:large","max-video-preview":"max-video-preview:-1"},"canonical":"https:\/\/dutchhealthstore.com\/nl\/product\/honey-balm-wild-violet-essence\/","og_locale":"nl_NL","og_type":"article","og_title":"Honey Balm &amp; Wild Violet Essence - Dutch Health Store","og_description":"Honey Balm & Wild Violet Essence is een single-origin, bioregionaal hydrosol, zorgvuldig met de hand gedistilleerd in ons historische atelier.","og_url":"https:\/\/dutchhealthstore.com\/nl\/product\/honey-balm-wild-violet-essence\/","og_site_name":"Dutch Health Store","article_publisher":"https:\/\/www.instagram.com\/dutchhealthstore\/","article_modified_time":"2026-03-23T13:29:33+00:00","og_image":[{"width":530,"height":530,"url":"https:\/\/dutchhealthstore.com\/wp-content\/uploads\/2026\/02\/Untitled-design-2026-02-16T160203.425.jpg","type":"image\/jpeg"}],"twitter_card":"summary_large_image","twitter_misc":{"Prijs":"&euro;35,00","Beschikbaarheid":"Op voorraad"},"schema":{"@context":"https:\/\/schema.org","@graph":[{"@type":"WebPage","@id":"https:\/\/dutchhealthstore.com\/nl\/product\/honey-balm-wild-violet-essence\/","url":"https:\/\/dutchhealthstore.com\/nl\/product\/honey-balm-wild-violet-essence\/","name":"Honey Balm &amp; Wild Violet Essence - Tidelands House","isPartOf":{"@id":"https:\/\/dutchhealthstore.com\/nl\/#website"},"primaryImageOfPage":{"@id":"https:\/\/dutchhealthstore.com\/nl\/product\/honey-balm-wild-violet-essence\/#primaryimage"},"image":{"@id":"https:\/\/dutchhealthstore.com\/nl\/product\/honey-balm-wild-violet-essence\/#primaryimage"},"thumbnailUrl":"https:\/\/dutchhealthstore.com\/wp-content\/uploads\/2026\/02\/Untitled-design-2026-02-16T160203.425.jpg","datePublished":"2026-02-23T11:19:20+00:00","dateModified":"2026-03-23T13:29:33+00:00","description":"Honey Balm & Wild Violet Essence is een single-origin, bioregionaal hydrosol, zorgvuldig met de hand gedistilleerd in ons historische atelier.","breadcrumb":{"@id":"https:\/\/dutchhealthstore.com\/nl\/product\/honey-balm-wild-violet-essence\/#breadcrumb"},"inLanguage":"nl-NL","potentialAction":[{"@type":"ReadAction","target":["https:\/\/dutchhealthstore.com\/nl\/product\/honey-balm-wild-violet-essence\/"]}]},{"@type":"ImageObject","inLanguage":"nl-NL","@id":"https:\/\/dutchhealthstore.com\/nl\/product\/honey-balm-wild-violet-essence\/#primaryimage","url":"https:\/\/dutchhealthstore.com\/wp-content\/uploads\/2026\/02\/Untitled-design-2026-02-16T160203.425.jpg","contentUrl":"https:\/\/dutchhealthstore.com\/wp-content\/uploads\/2026\/02\/Untitled-design-2026-02-16T160203.425.jpg","width":530,"height":530,"caption":"tidelands-house-honey-balm-essence"},{"@type":"BreadcrumbList","@id":"https:\/\/dutchhealthstore.com\/nl\/product\/honey-balm-wild-violet-essence\/#breadcrumb","itemListElement":[{"@type":"ListItem","position":1,"name":"Home","item":"https:\/\/dutchhealthstore.com\/nl\/"},{"@type":"ListItem","position":2,"name":"Shop","item":"https:\/\/dutchhealthstore.com\/nl\/shop\/"},{"@type":"ListItem","position":3,"name":"Honey Balm &amp; Wild Violet Essence"}]},{"@type":"WebSite","@id":"https:\/\/dutchhealthstore.com\/nl\/#website","url":"https:\/\/dutchhealthstore.com\/nl\/","name":"Dutch Health Store","description":"Enhance Your Beauty with Organic &amp; Natural Skincare","publisher":{"@id":"https:\/\/dutchhealthstore.com\/nl\/#organization"},"potentialAction":[{"@type":"SearchAction","target":{"@type":"EntryPoint","urlTemplate":"https:\/\/dutchhealthstore.com\/nl\/?s={search_term_string}"},"query-input":{"@type":"PropertyValueSpecification","valueRequired":true,"valueName":"search_term_string"}}],"inLanguage":"nl-NL"},{"@type":"Organization","@id":"https:\/\/dutchhealthstore.com\/nl\/#organization","name":"Dutch Health Store","url":"https:\/\/dutchhealthstore.com\/nl\/","logo":{"@type":"ImageObject","inLanguage":"nl-NL","@id":"https:\/\/dutchhealthstore.com\/nl\/#\/schema\/logo\/image\/","url":"https:\/\/dutchhealthstore.com\/wp-content\/uploads\/2020\/08\/logo-dutchhealthstore-jpg-e1599484957574.jpg","contentUrl":"https:\/\/dutchhealthstore.com\/wp-content\/uploads\/2020\/08\/logo-dutchhealthstore-jpg-e1599484957574.jpg","width":400,"height":62,"caption":"Dutch Health Store"},"image":{"@id":"https:\/\/dutchhealthstore.com\/nl\/#\/schema\/logo\/image\/"},"sameAs":["https:\/\/www.instagram.com\/dutchhealthstore\/","https:\/\/www.facebook.com\/dutchhealthstore"]}]},"product_brand":"Tidelands House","product_price_amount":"35.00","product_price_currency":"EUR","og_availability":"instock","product_availability":"instock","product_condition":"new"},"_links":{"self":[{"href":"https:\/\/dutchhealthstore.com\/nl\/wp-json\/wp\/v2\/product\/372490","targetHints":{"allow":["GET"]}}],"collection":[{"href":"https:\/\/dutchhealthstore.com\/nl\/wp-json\/wp\/v2\/product"}],"about":[{"href":"https:\/\/dutchhealthstore.com\/nl\/wp-json\/wp\/v2\/types\/product"}],"replies":[{"embeddable":true,"href":"https:\/\/dutchhealthstore.com\/nl\/wp-json\/wp\/v2\/comments?post=372490"}],"wp:featuredmedia":[{"embeddable":true,"href":"https:\/\/dutchhealthstore.com\/nl\/wp-json\/wp\/v2\/media\/371633"}],"wp:attachment":[{"href":"https:\/\/dutchhealthstore.com\/nl\/wp-json\/wp\/v2\/media?parent=372490"}],"wp:term":[{"taxonomy":"product_brand","embeddable":true,"href":"https:\/\/dutchhealthstore.com\/nl\/wp-json\/wp\/v2\/product_brand?post=372490"},{"taxonomy":"product_cat","embeddable":true,"href":"https:\/\/dutchhealthstore.com\/nl\/wp-json\/wp\/v2\/product_cat?post=372490"},{"taxonomy":"product_tag","embeddable":true,"href":"https:\/\/dutchhealthstore.com\/nl\/wp-json\/wp\/v2\/product_tag?post=372490"}],"curies":[{"name":"wp","href":"https:\/\/api.w.org\/{rel}","templated":true}]}}