{"id":372486,"date":"2026-02-23T12:21:27","date_gmt":"2026-02-23T11:21:27","guid":{"rendered":"https:\/\/dutchhealthstore.com\/product\/fleurs-de-mer-sea-plant-vitamin-essence\/"},"modified":"2026-02-23T12:21:27","modified_gmt":"2026-02-23T11:21:27","slug":"fleurs-de-mer-sea-plant-vitamin-essence","status":"publish","type":"product","link":"https:\/\/dutchhealthstore.com\/nl\/product\/fleurs-de-mer-sea-plant-vitamin-essence\/","title":{"rendered":"Fleurs De Mer Sea Plant Vitamin Essence"},"content":{"rendered":"<p>Dit verfrissende tonicum is geschikt voor alle huidtypes en is gemaakt met wilde botanische extracten uit de zee, waaronder verse bull kelp en Ierse dulse.<\/p>\n<p>Deze mineraalrijke zeeplanten worden gedurende twee volledige maancycli langzaam getrokken met essence van melkachtige haverstro, duizendblad, zomerlavendel, blauwe ijzerhard, wilde rozenbottel, heemstwortel, goudsbloem, citroenmelisse en watermunt-extract.<\/p>\n<p>Deze essence is van nature rijk aan jodium, magnesium, vitamine B6 en andere sporenelementen. Het helpt de huid te kalmeren, hydrateren, voeden en herstellen. Het dient als dagelijkse voeding voor de teint en laat deze rustig, gebalanceerd en vitaal achter. <\/p>\n<p>Het aroma is fris en subtiel, met tonen van licht gezilt zeegroen, wilde kruiden en zachte lentebloemen. De formule is volledig vrij van essenti\u00eble oli\u00ebn. <\/p>\n<p><strong>Filosofie van Bloemen<\/strong><\/p>\n<p>Verse bull kelp, Ierse dulse, watermunt, goudsbloem en melkachtig haverstro vormen de botanische basis van deze mineraalrijke essence.<\/p>\n<h3>Het ritueel<\/h3>\n<p>Goed schudden voor gebruik om de biodynamische plantenextracten gelijkmatig te verdelen.<\/p>\n<p>Spray royaal over je pas gereinigde gezicht, hals en decollet\u00e9. Gebruik daarna je favoriete gezichtsserum. Voor diepere hydratatie en bescherming maak je je routine af met een gezichtsbalsem.  <\/p>\n<h3>Actieve Botanische Ingredi\u00ebnten<\/h3>\n<p><em>Dulse &amp; Bull Kelp zeewier<\/em><\/p>\n<p>Handgeplukt zeewier rijk aan fytonutri\u00ebnten, vitaminen en essenti\u00eble mineralen. Deze superfoods uit de zee voeden de huid en ondersteunen een stralende, gezond uitziende teint. <\/p>\n<p><em>Melkachtig haverstro<\/em><\/p>\n<p>Afkomstig van de onrijpe Avena sativa-plant; melkachtig haverstro staat bekend om zijn kalmerende eigenschappen, vooral voor de gevoelige huid. Het is rijk aan calcium, kalium, ijzer, vitaminen A en C, en antioxidanten die de huidbarri\u00e8re helpen verzachten en versterken. <\/p>\n<p><em>Geoogste Calendula-bloem<\/em><\/p>\n<p>Goudsbloem ondersteunt de stevigheid en hydratatie van de huid en helpt beschermen tegen dagelijkse omgevingsstress. Van nature rijk aan antioxidanten en kalmerende stoffen, wat bijzonder gunstig is voor de huid die gevoelig is voor acne en roodheid. <\/p>\n<p><em>Marshmallow Wortel<\/em><\/p>\n<p>Een natuurlijke humectant die vocht in de huid trekt en het hydratatieniveau verbetert. De flavono\u00efden bieden milde ontstekingsremmende ondersteuning en helpen beschermen tegen schade door UV en vrije radicalen. <\/p>\n<p><em>Nova Scotiaanse rozenvrucht<\/em><\/p>\n<p>Boordevol vitamine C; rozenbottel biedt een milde enzymatische peeling terwijl het essenti\u00eble voedingsstoffen levert. Het ondersteunt de collageenproductie, kalmeert ontstekingen en bevordert een helderdere, meer vitale teint. <\/p>\n<p><em><strong>Alle ingredi\u00ebnten zijn biologisch, in het wild geoogst en op duurzame, ethische en regionale wijze verkregen.<\/strong><\/em><\/p>\n<p><strong>Inhoud: 50 ml<\/strong><\/p>\n<h2><strong>Natuurlijke \/ biologische ingredi\u00ebnten <\/strong><\/h2>\n<p>In eigen huis gemaakte extracten van de hele plant en essences van Prince Edward Island Ierse dulse (<em>Palmaria palmata<\/em>), melkachtig haverstro (<em>Avena sativa<\/em>), bull kelp (<em>Nereocystis luetkeana<\/em>), blauwe ijzerhard (<em>Verbena hastata<\/em>), duizendbladbloesem (<em>Achillea millefolium<\/em>), citroenmelisse (<em>Melissa officinalis<\/em>), goudsbloem (<em>Calendula officinalis<\/em>), wilde pepermunt (<em>Mentha piperita<\/em>), heemstwortel (<em>Althaea officinalis<\/em>), lavendelbloesem (<em>Lavandula angustifolia<\/em>), toverhazelaarwortel (<em>Hamamelis virginiana<\/em>), koperdistillaten van lavendel en duizendbladbloesem (<em>Lavandula angustifolia<\/em> en <em>Achillea millefolium<\/em>), Nova Scotia rozenbottels (<em>Rosa canina<\/em>), gefermenteerd radijswortelconcentraat (<em>Raphanus sativus<\/em>).<\/p>\n\n\t<section class=\"section dark\" id=\"section_1025615775\">\n\t\t<div class=\"section-bg fill\" >\n\t\t\t<img fetchpriority=\"high\" decoding=\"async\" width=\"1200\" height=\"604\" src=\"https:\/\/dutchhealthstore.com\/wp-content\/uploads\/2026\/02\/bgux.jpg\" class=\"bg attachment- size-\" alt=\"\" \/>\t\t\t\t\t\t<div class=\"section-bg-overlay absolute fill\"><\/div>\n\t\t\t\n\n\t\t<\/div>\n\n\t\t\n\n\t\t<div class=\"section-content relative\">\n\t\t\t\n\n\t<div id=\"gap-595201467\" class=\"gap-element clearfix\" style=\"display:block; height:auto;\">\n\t\t\n<style>\n#gap-595201467 {\n  padding-top: 15px;\n}\n<\/style>\n\t<\/div>\n\t\n\n<div class=\"container section-title-container\" ><h3 class=\"section-title section-title-normal\"><b><\/b><span class=\"section-title-main\" >Over Tidelands House<\/span><b><\/b><\/h3><\/div>\n\n<div class=\"row\"  id=\"row-318978729\">\n\n\n\t<div id=\"col-1835383157\" class=\"col small-12 large-12\"  >\n\t\t\t\t<div class=\"col-inner\"  >\n\t\t\t\n\t\t\t\n\n<p>Tidelands House is een Canadees botanisch huidverzorgingsatelier, opgericht door herborist Dominique Del Col. Elke formule wordt met de hand gemaakt in een door de zon verlichte distilleerkamer in een gerestaureerd 19e-eeuws stenen huisje, waar kruiden aan houten balken hangen en botanische ingredi\u00ebnten worden bereid in het ritme van de seizoenen.<\/p>\n<p>In het wild geplukte planten, biodynamische teelt en mariene botanische ingredi\u00ebnten verzameld aan de oostkust van Canada vormen de kern van elke bereiding. Ingredi\u00ebnten worden geoogst op het hoogtepunt van hun vitaliteit en in micro-batches verwerkt om de kracht, versheid en energetische integriteit te behouden. <\/p>\n<p>Geen synthetische toevoegingen. Geen onnodige vulstoffen. Alleen nutri\u00ebntenrijke botanische extracten, gefermenteerde bloesemessences en pure plantaardige oli\u00ebn in op erfgoed ge\u00efnspireerd melkglas.  <\/p>\n<p>Tidelands House is langzame, bewuste huidverzorging \u2014 geworteld in het land, rituelen en respect voor zowel traditie als moderne botanische wetenschap.<\/p>\n\n\n\t\t<\/div>\n\t\t\t\t\t<\/div>\n\n\t\n\n<\/div>\n\n\t\t<\/div>\n\n\t\t\n<style>\n#section_1025615775 {\n  padding-top: 30px;\n  padding-bottom: 30px;\n  background-color: rgb(40, 40, 40);\n}\n#section_1025615775 .section-bg-overlay {\n  background-color: rgba(0, 0, 0, 0.477);\n}\n#section_1025615775 .section-bg img {\n  object-position: 51% 73%;\n}\n<\/style>\n\t<\/section>\n\t\n","protected":false},"excerpt":{"rendered":"<p>Fleurs De Mer is een levendige facial essence, ontworpen om essenti\u00eble vitaminen, mineralen en fytonutri\u00ebnten diep in de huid te brengen.<\/p>\n","protected":false},"featured_media":371616,"comment_status":"open","ping_status":"closed","template":"","meta":[],"product_brand":[],"product_cat":[1029,5029,5621,20950,20948,5030,5617,14731,1006,20909,1906,5623,5028,5005,20917,510,22209,5665,5661,5666,5662,5663,20949,5027,5664],"product_tag":[],"class_list":{"0":"post-372486","1":"product","2":"type-product","3":"status-publish","4":"has-post-thumbnail","6":"product_cat-categorieen","7":"product_cat-dry-mature-ageing-skin-nl-6","8":"product_cat-dry-mature-ageing-skin-nl-4","9":"product_cat-droog-nl-2","10":"product_cat-droog-nl","11":"product_cat-sensitive-skin-redness-nl-6","12":"product_cat-sensitive-skin-redness-nl","13":"product_cat-huidverzorging","14":"product_cat-merken","15":"product_cat-new-additions-skincare-nl","16":"product_cat-nieuwe-producten","17":"product_cat-normal-or-combination-skin-nl","18":"product_cat-normal-or-combination-skin-nl-6","19":"product_cat-by-skin-type","20":"product_cat-rijpe-en-ouder-wordende-huid","21":"product_cat-shop-winkel","22":"product_cat-tidelands-house","23":"product_cat-toners-nl-7","24":"product_cat-toners-nl-4","25":"product_cat-toners-nl-2","26":"product_cat-toners-nl-5","27":"product_cat-toners-nl-6","28":"product_cat-toners-nl","29":"product_cat-oily-skin-clogged-pores-nl-5","30":"product_cat-oily-skin-clogged-pores-nl","31":"pa_brand-tidelands-house","32":"pa_gtin-22254","33":"pa_size-50-ml-nl","34":"pa_skincare-type-face-oil-and-serums-nl","35":"pa_skincare-type-moisturizers-nl","37":"first","38":"outofstock","39":"taxable","40":"shipping-taxable","41":"purchasable","42":"product-type-simple"},"bundled_by":[],"bundle_stock_status":"outofstock","bundle_stock_quantity":0,"bundle_virtual":false,"bundle_layout":"","bundle_add_to_cart_form_location":"","bundle_editable_in_cart":false,"bundle_sold_individually_context":"","bundle_item_grouping":"","bundle_min_size":"","bundle_max_size":"","bundle_price":[],"bundled_items":[],"bundle_sell_ids":[372716],"atum_controlled":true,"out_stock_date":"2026-03-07 17:17:13","out_stock_threshold":null,"inheritable":false,"stock_on_hold":0,"sold_today":0,"sales_last_days":3,"out_stock_days":1,"lost_sales":18,"update_date":"2026-04-24T13:03:42","atum_locations":[],"atum_stock_status":"outofstock","restock_status":false,"low_stock_amount":"","sales_update_date":"2026-04-24T13:03:42","calc_backorders":null,"group_of_quantity":0,"min_quantity":0,"max_quantity":"","exclude_order_quantity_value_rules":"no","exclude_category_quantity_rules":"no","combine_variations":"no","yoast_head":"<!-- This site is optimized with the Yoast SEO Premium plugin v26.5 (Yoast SEO v26.5) - https:\/\/yoast.com\/wordpress\/plugins\/seo\/ -->\n<title>Fleurs De Mer Sea Plant Vitamin Essence - Tidelands House<\/title>\n<meta name=\"description\" content=\"Fleurs De Mer is een levendige facial essence, ontworpen om essenti\u00eble vitaminen, mineralen en fytonutri\u00ebnten diep in de huid te brengen.\" \/>\n<meta name=\"robots\" content=\"index, follow, max-snippet:-1, max-image-preview:large, max-video-preview:-1\" \/>\n<link rel=\"canonical\" href=\"https:\/\/dutchhealthstore.com\/nl\/product\/fleurs-de-mer-sea-plant-vitamin-essence\/\" \/>\n<meta property=\"og:locale\" content=\"nl_NL\" \/>\n<meta property=\"og:type\" content=\"article\" \/>\n<meta property=\"og:title\" content=\"Fleurs De Mer Sea Plant Vitamin Essence - Dutch Health Store\" \/>\n<meta property=\"og:description\" content=\"Fleurs De Mer is een levendige facial essence, ontworpen om essenti\u00eble vitaminen, mineralen en fytonutri\u00ebnten diep in de huid te brengen.\" \/>\n<meta property=\"og:url\" content=\"https:\/\/dutchhealthstore.com\/nl\/product\/fleurs-de-mer-sea-plant-vitamin-essence\/\" \/>\n<meta property=\"og:site_name\" content=\"Dutch Health Store\" \/>\n<meta property=\"article:publisher\" content=\"https:\/\/www.instagram.com\/dutchhealthstore\/\" \/>\n<meta property=\"og:image\" content=\"https:\/\/dutchhealthstore.com\/wp-content\/uploads\/2026\/02\/Untitled-design-2026-02-16T154222.939.jpg\" \/>\n\t<meta property=\"og:image:width\" content=\"530\" \/>\n\t<meta property=\"og:image:height\" content=\"530\" \/>\n\t<meta property=\"og:image:type\" content=\"image\/jpeg\" \/>\n<meta name=\"twitter:card\" content=\"summary_large_image\" \/>\n<meta name=\"twitter:label1\" content=\"Prijs\" \/>\n\t<meta name=\"twitter:data1\" content=\"&euro;44,00\" \/>\n\t<meta name=\"twitter:label2\" content=\"Beschikbaarheid\" \/>\n\t<meta name=\"twitter:data2\" content=\"Uitverkocht\" \/>\n<script type=\"application\/ld+json\" class=\"yoast-schema-graph\">{\"@context\":\"https:\/\/schema.org\",\"@graph\":[{\"@type\":\"WebPage\",\"@id\":\"https:\/\/dutchhealthstore.com\/nl\/product\/fleurs-de-mer-sea-plant-vitamin-essence\/\",\"url\":\"https:\/\/dutchhealthstore.com\/nl\/product\/fleurs-de-mer-sea-plant-vitamin-essence\/\",\"name\":\"Fleurs De Mer Sea Plant Vitamin Essence - Tidelands House\",\"isPartOf\":{\"@id\":\"https:\/\/dutchhealthstore.com\/nl\/#website\"},\"primaryImageOfPage\":{\"@id\":\"https:\/\/dutchhealthstore.com\/nl\/product\/fleurs-de-mer-sea-plant-vitamin-essence\/#primaryimage\"},\"image\":{\"@id\":\"https:\/\/dutchhealthstore.com\/nl\/product\/fleurs-de-mer-sea-plant-vitamin-essence\/#primaryimage\"},\"thumbnailUrl\":\"https:\/\/dutchhealthstore.com\/wp-content\/uploads\/2026\/02\/Untitled-design-2026-02-16T154222.939.jpg\",\"datePublished\":\"2026-02-23T11:21:27+00:00\",\"description\":\"Fleurs De Mer is een levendige facial essence, ontworpen om essenti\u00eble vitaminen, mineralen en fytonutri\u00ebnten diep in de huid te brengen.\",\"breadcrumb\":{\"@id\":\"https:\/\/dutchhealthstore.com\/nl\/product\/fleurs-de-mer-sea-plant-vitamin-essence\/#breadcrumb\"},\"inLanguage\":\"nl-NL\",\"potentialAction\":[{\"@type\":\"ReadAction\",\"target\":[\"https:\/\/dutchhealthstore.com\/nl\/product\/fleurs-de-mer-sea-plant-vitamin-essence\/\"]}]},{\"@type\":\"ImageObject\",\"inLanguage\":\"nl-NL\",\"@id\":\"https:\/\/dutchhealthstore.com\/nl\/product\/fleurs-de-mer-sea-plant-vitamin-essence\/#primaryimage\",\"url\":\"https:\/\/dutchhealthstore.com\/wp-content\/uploads\/2026\/02\/Untitled-design-2026-02-16T154222.939.jpg\",\"contentUrl\":\"https:\/\/dutchhealthstore.com\/wp-content\/uploads\/2026\/02\/Untitled-design-2026-02-16T154222.939.jpg\",\"width\":530,\"height\":530,\"caption\":\"tidelands-house-fleurs-de-mer\"},{\"@type\":\"BreadcrumbList\",\"@id\":\"https:\/\/dutchhealthstore.com\/nl\/product\/fleurs-de-mer-sea-plant-vitamin-essence\/#breadcrumb\",\"itemListElement\":[{\"@type\":\"ListItem\",\"position\":1,\"name\":\"Home\",\"item\":\"https:\/\/dutchhealthstore.com\/nl\/\"},{\"@type\":\"ListItem\",\"position\":2,\"name\":\"Shop\",\"item\":\"https:\/\/dutchhealthstore.com\/nl\/shop\/\"},{\"@type\":\"ListItem\",\"position\":3,\"name\":\"Fleurs De Mer Sea Plant Vitamin Essence\"}]},{\"@type\":\"WebSite\",\"@id\":\"https:\/\/dutchhealthstore.com\/nl\/#website\",\"url\":\"https:\/\/dutchhealthstore.com\/nl\/\",\"name\":\"Dutch Health Store\",\"description\":\"Enhance Your Beauty with Organic &amp; Natural Skincare\",\"publisher\":{\"@id\":\"https:\/\/dutchhealthstore.com\/nl\/#organization\"},\"potentialAction\":[{\"@type\":\"SearchAction\",\"target\":{\"@type\":\"EntryPoint\",\"urlTemplate\":\"https:\/\/dutchhealthstore.com\/nl\/?s={search_term_string}\"},\"query-input\":{\"@type\":\"PropertyValueSpecification\",\"valueRequired\":true,\"valueName\":\"search_term_string\"}}],\"inLanguage\":\"nl-NL\"},{\"@type\":\"Organization\",\"@id\":\"https:\/\/dutchhealthstore.com\/nl\/#organization\",\"name\":\"Dutch Health Store\",\"url\":\"https:\/\/dutchhealthstore.com\/nl\/\",\"logo\":{\"@type\":\"ImageObject\",\"inLanguage\":\"nl-NL\",\"@id\":\"https:\/\/dutchhealthstore.com\/nl\/#\/schema\/logo\/image\/\",\"url\":\"https:\/\/dutchhealthstore.com\/wp-content\/uploads\/2020\/08\/logo-dutchhealthstore-jpg-e1599484957574.jpg\",\"contentUrl\":\"https:\/\/dutchhealthstore.com\/wp-content\/uploads\/2020\/08\/logo-dutchhealthstore-jpg-e1599484957574.jpg\",\"width\":400,\"height\":62,\"caption\":\"Dutch Health Store\"},\"image\":{\"@id\":\"https:\/\/dutchhealthstore.com\/nl\/#\/schema\/logo\/image\/\"},\"sameAs\":[\"https:\/\/www.instagram.com\/dutchhealthstore\/\",\"https:\/\/www.facebook.com\/dutchhealthstore\"]}]}<\/script>\n<meta property=\"product:brand\" content=\"Tidelands House\" \/>\n<meta property=\"product:price:amount\" content=\"44.00\" \/>\n<meta property=\"product:price:currency\" content=\"EUR\" \/>\n<meta property=\"og:availability\" content=\"out of stock\" \/>\n<meta property=\"product:availability\" content=\"out of stock\" \/>\n<meta property=\"product:condition\" content=\"new\" \/>\n<!-- \/ Yoast SEO Premium plugin. -->","yoast_head_json":{"title":"Fleurs De Mer Sea Plant Vitamin Essence - Tidelands House","description":"Fleurs De Mer is een levendige facial essence, ontworpen om essenti\u00eble vitaminen, mineralen en fytonutri\u00ebnten diep in de huid te brengen.","robots":{"index":"index","follow":"follow","max-snippet":"max-snippet:-1","max-image-preview":"max-image-preview:large","max-video-preview":"max-video-preview:-1"},"canonical":"https:\/\/dutchhealthstore.com\/nl\/product\/fleurs-de-mer-sea-plant-vitamin-essence\/","og_locale":"nl_NL","og_type":"article","og_title":"Fleurs De Mer Sea Plant Vitamin Essence - Dutch Health Store","og_description":"Fleurs De Mer is een levendige facial essence, ontworpen om essenti\u00eble vitaminen, mineralen en fytonutri\u00ebnten diep in de huid te brengen.","og_url":"https:\/\/dutchhealthstore.com\/nl\/product\/fleurs-de-mer-sea-plant-vitamin-essence\/","og_site_name":"Dutch Health Store","article_publisher":"https:\/\/www.instagram.com\/dutchhealthstore\/","og_image":[{"width":530,"height":530,"url":"https:\/\/dutchhealthstore.com\/wp-content\/uploads\/2026\/02\/Untitled-design-2026-02-16T154222.939.jpg","type":"image\/jpeg"}],"twitter_card":"summary_large_image","twitter_misc":{"Prijs":"&euro;44,00","Beschikbaarheid":"Uitverkocht"},"schema":{"@context":"https:\/\/schema.org","@graph":[{"@type":"WebPage","@id":"https:\/\/dutchhealthstore.com\/nl\/product\/fleurs-de-mer-sea-plant-vitamin-essence\/","url":"https:\/\/dutchhealthstore.com\/nl\/product\/fleurs-de-mer-sea-plant-vitamin-essence\/","name":"Fleurs De Mer Sea Plant Vitamin Essence - Tidelands House","isPartOf":{"@id":"https:\/\/dutchhealthstore.com\/nl\/#website"},"primaryImageOfPage":{"@id":"https:\/\/dutchhealthstore.com\/nl\/product\/fleurs-de-mer-sea-plant-vitamin-essence\/#primaryimage"},"image":{"@id":"https:\/\/dutchhealthstore.com\/nl\/product\/fleurs-de-mer-sea-plant-vitamin-essence\/#primaryimage"},"thumbnailUrl":"https:\/\/dutchhealthstore.com\/wp-content\/uploads\/2026\/02\/Untitled-design-2026-02-16T154222.939.jpg","datePublished":"2026-02-23T11:21:27+00:00","description":"Fleurs De Mer is een levendige facial essence, ontworpen om essenti\u00eble vitaminen, mineralen en fytonutri\u00ebnten diep in de huid te brengen.","breadcrumb":{"@id":"https:\/\/dutchhealthstore.com\/nl\/product\/fleurs-de-mer-sea-plant-vitamin-essence\/#breadcrumb"},"inLanguage":"nl-NL","potentialAction":[{"@type":"ReadAction","target":["https:\/\/dutchhealthstore.com\/nl\/product\/fleurs-de-mer-sea-plant-vitamin-essence\/"]}]},{"@type":"ImageObject","inLanguage":"nl-NL","@id":"https:\/\/dutchhealthstore.com\/nl\/product\/fleurs-de-mer-sea-plant-vitamin-essence\/#primaryimage","url":"https:\/\/dutchhealthstore.com\/wp-content\/uploads\/2026\/02\/Untitled-design-2026-02-16T154222.939.jpg","contentUrl":"https:\/\/dutchhealthstore.com\/wp-content\/uploads\/2026\/02\/Untitled-design-2026-02-16T154222.939.jpg","width":530,"height":530,"caption":"tidelands-house-fleurs-de-mer"},{"@type":"BreadcrumbList","@id":"https:\/\/dutchhealthstore.com\/nl\/product\/fleurs-de-mer-sea-plant-vitamin-essence\/#breadcrumb","itemListElement":[{"@type":"ListItem","position":1,"name":"Home","item":"https:\/\/dutchhealthstore.com\/nl\/"},{"@type":"ListItem","position":2,"name":"Shop","item":"https:\/\/dutchhealthstore.com\/nl\/shop\/"},{"@type":"ListItem","position":3,"name":"Fleurs De Mer Sea Plant Vitamin Essence"}]},{"@type":"WebSite","@id":"https:\/\/dutchhealthstore.com\/nl\/#website","url":"https:\/\/dutchhealthstore.com\/nl\/","name":"Dutch Health Store","description":"Enhance Your Beauty with Organic &amp; Natural Skincare","publisher":{"@id":"https:\/\/dutchhealthstore.com\/nl\/#organization"},"potentialAction":[{"@type":"SearchAction","target":{"@type":"EntryPoint","urlTemplate":"https:\/\/dutchhealthstore.com\/nl\/?s={search_term_string}"},"query-input":{"@type":"PropertyValueSpecification","valueRequired":true,"valueName":"search_term_string"}}],"inLanguage":"nl-NL"},{"@type":"Organization","@id":"https:\/\/dutchhealthstore.com\/nl\/#organization","name":"Dutch Health Store","url":"https:\/\/dutchhealthstore.com\/nl\/","logo":{"@type":"ImageObject","inLanguage":"nl-NL","@id":"https:\/\/dutchhealthstore.com\/nl\/#\/schema\/logo\/image\/","url":"https:\/\/dutchhealthstore.com\/wp-content\/uploads\/2020\/08\/logo-dutchhealthstore-jpg-e1599484957574.jpg","contentUrl":"https:\/\/dutchhealthstore.com\/wp-content\/uploads\/2020\/08\/logo-dutchhealthstore-jpg-e1599484957574.jpg","width":400,"height":62,"caption":"Dutch Health Store"},"image":{"@id":"https:\/\/dutchhealthstore.com\/nl\/#\/schema\/logo\/image\/"},"sameAs":["https:\/\/www.instagram.com\/dutchhealthstore\/","https:\/\/www.facebook.com\/dutchhealthstore"]}]},"product_brand":"Tidelands House","product_price_amount":"44.00","product_price_currency":"EUR","og_availability":"out of stock","product_availability":"out of stock","product_condition":"new"},"_links":{"self":[{"href":"https:\/\/dutchhealthstore.com\/nl\/wp-json\/wp\/v2\/product\/372486","targetHints":{"allow":["GET"]}}],"collection":[{"href":"https:\/\/dutchhealthstore.com\/nl\/wp-json\/wp\/v2\/product"}],"about":[{"href":"https:\/\/dutchhealthstore.com\/nl\/wp-json\/wp\/v2\/types\/product"}],"replies":[{"embeddable":true,"href":"https:\/\/dutchhealthstore.com\/nl\/wp-json\/wp\/v2\/comments?post=372486"}],"wp:featuredmedia":[{"embeddable":true,"href":"https:\/\/dutchhealthstore.com\/nl\/wp-json\/wp\/v2\/media\/371616"}],"wp:attachment":[{"href":"https:\/\/dutchhealthstore.com\/nl\/wp-json\/wp\/v2\/media?parent=372486"}],"wp:term":[{"taxonomy":"product_brand","embeddable":true,"href":"https:\/\/dutchhealthstore.com\/nl\/wp-json\/wp\/v2\/product_brand?post=372486"},{"taxonomy":"product_cat","embeddable":true,"href":"https:\/\/dutchhealthstore.com\/nl\/wp-json\/wp\/v2\/product_cat?post=372486"},{"taxonomy":"product_tag","embeddable":true,"href":"https:\/\/dutchhealthstore.com\/nl\/wp-json\/wp\/v2\/product_tag?post=372486"}],"curies":[{"name":"wp","href":"https:\/\/api.w.org\/{rel}","templated":true}]}}