{"id":352681,"date":"2025-08-14T09:01:38","date_gmt":"2025-08-14T07:01:38","guid":{"rendered":"https:\/\/dutchhealthstore.com\/product\/soul-soap-cleansing-bar\/"},"modified":"2026-02-06T17:12:23","modified_gmt":"2026-02-06T16:12:23","slug":"soul-soap-cleansing-bar","status":"publish","type":"product","link":"https:\/\/dutchhealthstore.com\/nl\/product\/soul-soap-cleansing-bar\/","title":{"rendered":"Soul Soap Cleansing Bar"},"content":{"rendered":"<p>Gemengd met voedende plantenoli\u00ebn en kalmerende plantaardige ingredi\u00ebnten, reinigt het zonder uit te drogen &#8211; een zintuiglijk ritueel dat je weer in contact brengt met aanraking, geur en jezelf.<\/p>\n<h3>Belangrijkste voordelen<\/h3>\n<ul>\n<li>Verwijdert effectief vuil, olie en dagelijkse aanslag<\/li>\n<li>Reinigt en hydrateert en voedt de huid<\/li>\n<li>Maakt de huid zacht, in balans en nooit ontklit<\/li>\n<li>Zacht genoeg voor gezicht en lichaam<\/li>\n<li>Natuurlijk geparfumeerd met pure essenti\u00eble oli\u00ebn en plantaardige ingredi\u00ebnten<\/li>\n<\/ul>\n<p><strong>Maat: 100g bar (gaat ongeveer 1 maand mee, afhankelijk van gebruik) <\/strong><strong>Samengesteld zonder:<\/strong> Synthetische stoffen, dierproeven of koolstofvoetafdruk<\/p>\n<h3>Hoe te gebruiken<\/h3>\n<p>Laten schuimen in de handen of rechtstreeks op de huid. Gebruik dagelijks als onderdeel van je reinigingsritueel. Deze zeep respecteert de natuurlijke oli\u00ebn van je huid en geeft je een fris, geaard en diep gevoed gevoel.  <\/p>\n<div style=\"width: 464px;\" class=\"wp-video\"><!--[if lt IE 9]><script>document.createElement('video');<\/script><![endif]-->\n<video class=\"wp-video-shortcode\" id=\"video-352681-1\" width=\"464\" height=\"880\" preload=\"metadata\" controls=\"controls\"><source type=\"video\/mp4\" src=\"https:\/\/dutchhealthstore.com\/wp-content\/uploads\/2025\/07\/1db568c2db8948b3a7a459a8305788cd.HD-1080p-7.2Mbps-18747175.mp4?_=1\" \/><a href=\"https:\/\/dutchhealthstore.com\/wp-content\/uploads\/2025\/07\/1db568c2db8948b3a7a459a8305788cd.HD-1080p-7.2Mbps-18747175.mp4\">https:\/\/dutchhealthstore.com\/wp-content\/uploads\/2025\/07\/1db568c2db8948b3a7a459a8305788cd.HD-1080p-7.2Mbps-18747175.mp4<\/a><\/video><\/div>\n<p><strong>Ideaal voor<\/strong><br \/>\nWie op zoek is naar een mindful reinigingservaring van top tot teen. Ideaal voor droge, gevoelige of snel ge\u00efrriteerde huidtypes. <\/p>\n<p><em>100% Natuurlijk | Veganistisch | Wreedheidvrij | Koolstofneutraal<\/em><\/p>\n<p><strong>Botanische mengsels  <\/strong><\/p>\n<p><strong>Finger Lime (Vingerlimoen) + Eucalyptus<\/strong> &#8211; Fris en botanisch. Finger Lime ondersteunt huidvernieuwing, terwijl Eucalyptus Radiata een zuiverende, verfrissende reiniging biedt. <\/p>\n<p><strong>Kakadu Plum + Kunzea<\/strong> &#8211; Opbeurend en kalmerend. Kakadu Plum is rijk aan vitamine C en verheldert de huid, terwijl Kunzea zowel de huid als de zintuigen kalmeert. <\/p>\n<p><strong>Activated Charcoal + Lemon Myrtle<\/strong> &#8211; Ontgiftend en energiegevend. Geactiveerde houtskool verwijdert onzuiverheden en citroenmirte verkwikt met zijn frisse, citrusachtige aroma. <\/p>\n<h2><strong>Natuurlijke \/ biologische ingredi\u00ebnten <\/strong><\/h2>\n<p>Samengesteld met een voedende basis van verzeepte kokosolie voor milde reiniging, olijfolie voor hydratatie, plantaardige glycerine om hydratatie te behouden en koudgeperste hennepzaadolie, rijk aan omega vetzuren om de barri\u00e8refunctie en zachtheid te ondersteunen.<\/p>\n<p>Finger Lime + Eucalyptus: Finger Lime Extract, Eucalyptus Globulus Olie, Groene Klei, Matcha, Spirulina.<\/p>\n<p>Kakadu Plum + Kunzea: Kakadu Plum-extract, Kunzea-bladolie, rozemarijn, lavendel, rode klei<\/p>\n<p>Activated Charcoal + Lemon Myrtle: Geactiveerde Houtskool, Mirte citroenolie.<\/p>\n<p>Ingredi\u00ebnten: Verzeepte kokosolie, olijfolie, plantaardige glycerine, hennepzaadolie.<\/p>\n\n\t<section class=\"section\" id=\"section_1737357774\">\n\t\t<div class=\"section-bg fill\" >\n\t\t\t\t\t\t\t\t\t\n\t\t\t\n\n\t\t<\/div>\n\n\t\t\n\n\t\t<div class=\"section-content relative\">\n\t\t\t\n\n<div class=\"row\"  id=\"row-1570296596\">\n\n\n\t<div id=\"col-102234467\" class=\"col small-12 large-12\"  >\n\t\t\t\t<div class=\"col-inner\"  >\n\t\t\t\n\t\t\t\n\n<h3>Over INBLUEM Skincare<\/h3>\n<hr>\n\n<div class=\"row\"  id=\"row-543409819\">\n\n\n\t<div id=\"col-2101564317\" class=\"col medium-9 small-12 large-9\"  >\n\t\t\t\t<div class=\"col-inner\"  >\n\t\t\t\n\t\t\t\n\n<p data-start=\"277\" data-end=\"732\">INBLUEM is een bewust samengesteld huidverzorgingsmerk, ontstaan in <strong data-start=\"333\" data-end=\"357\">Byron Bay, Australi\u00eb<\/strong>, op <strong data-start=\"362\" data-end=\"381\">Bundjalung land<\/strong>. Opgericht door milieuingenieur en activist <g id=\"gid_2\">Montana Lower<\/g>, werd het merk gecre\u00eberd vanuit de wens om huidverzorging aan te bieden die echt in harmonie is met de natuur - veilig, ethisch en diep voedend. Ge\u00efnspireerd tijdens haar zwangerschap, besloot Montana formules te cre\u00ebren die zacht genoeg zijn voor baby's, maar krachtig genoeg om de huid van alle leeftijden te ondersteunen.  <\/p>\n<p data-start=\"734\" data-end=\"1122\">Elk INBLUEM product wordt gemaakt met <strong data-start=\"769\" data-end=\"829\">biologische, in het wild geoogste en lokaal verkregen ingredi\u00ebnten<\/strong> - altijd vrij van gifstoffen, synthetische toevoegingen en agressieve chemicali\u00ebn. Het merk volgt de principes van <g id=\"gid_1\">biomimicry<\/g>, waarbij huidverzorging wordt ontworpen die in harmonie werkt met je lichaam en de aarde. Van de boerderijen waarmee ze samenwerken tot de verpakkingen die ze gebruiken, duurzaamheid is verweven in elke stap.  <\/p>\n<p data-start=\"1124\" data-end=\"1499\">INBLUEM is met trots <strong data-start=\"1143\" data-end=\"1152\">veganistisch<\/strong>, <strong data-start=\"1154\" data-end=\"1197\">dierproefvrij gecertificeerd door Leaping Bunny<\/strong>, en toegewijd aan <strong data-start=\"1216\" data-end=\"1230\">eerlijke handel<\/strong> praktijken. Het merk ondersteunt <strong data-start=\"1261\" data-end=\"1286\">First Nations boeren<\/strong> en erkent de Traditionele Beheerders van het land waarop ze werken. Elk product is een weerspiegeling van hun missie om de schoonheidsindustrie te verwilderen - door huidverzorging aan te bieden die schoon, bewust en geworteld is in liefde.  <\/p>\n<p data-start=\"1501\" data-end=\"1636\">Dit is meer dan huidverzorging. Dit is een terugkeer naar wat het belangrijkst is - <strong data-start=\"1569\" data-end=\"1636\">je welzijn, je waarden en je verbinding met de aarde.<\/strong> <\/p>\n\n\t\t<\/div>\n\t\t\t\t\t<\/div>\n\n\t\n\n\t<div id=\"col-448994089\" class=\"col medium-3 small-12 large-3\"  >\n\t\t\t\t<div class=\"col-inner\"  >\n\t\t\t\n\t\t\t\n\n\t<div class=\"img has-hover x md-x lg-x y md-y lg-y\" id=\"image_1664076227\">\n\t\t\t\t\t\t\t\t<div class=\"img-inner dark\" >\n\t\t\t<img fetchpriority=\"high\" decoding=\"async\" width=\"640\" height=\"800\" src=\"https:\/\/dutchhealthstore.com\/wp-content\/uploads\/2025\/07\/inbluem-foto-small.jpg\" class=\"attachment-large size-large\" alt=\"\" srcset=\"https:\/\/dutchhealthstore.com\/wp-content\/uploads\/2025\/07\/inbluem-foto-small.jpg 640w, https:\/\/dutchhealthstore.com\/wp-content\/uploads\/2025\/07\/inbluem-foto-small-320x400.jpg 320w, https:\/\/dutchhealthstore.com\/wp-content\/uploads\/2025\/07\/inbluem-foto-small-40x50.jpg 40w, https:\/\/dutchhealthstore.com\/wp-content\/uploads\/2025\/07\/inbluem-foto-small-530x663.jpg 530w, https:\/\/dutchhealthstore.com\/wp-content\/uploads\/2025\/07\/inbluem-foto-small-64x80.jpg 64w\" sizes=\"(max-width: 640px) 100vw, 640px\" \/>\t\t\t\t\t\t\n\t\t\t\t\t<\/div>\n\t\t\t\t\t\t\t\t\n<style>\n#image_1664076227 {\n  width: 100%;\n}\n<\/style>\n\t<\/div>\n\t\n\n\n\t\t<\/div>\n\t\t\t\t\t<\/div>\n\n\t\n\n<\/div>\n\n\t\t<\/div>\n\t\t\t\t\t<\/div>\n\n\t\n\n<\/div>\n\n\t\t<\/div>\n\n\t\t\n<style>\n#section_1737357774 {\n  padding-top: 30px;\n  padding-bottom: 30px;\n}\n<\/style>\n\t<\/section>\n\t\n","protected":false},"excerpt":{"rendered":"<p>Cleanse, Renew, Refresh<\/p>\n<p>Een zachte, koudverwerkte reinigingszeep voor het gezicht en perfect voor het hele lichaam.<\/p>\n","protected":false},"featured_media":349756,"comment_status":"open","ping_status":"closed","template":"","meta":[],"product_brand":[],"product_cat":[8503,1029,5682,1424,5683,5684,5681,5035,5621,5039,6638,5041,5617,14731,21376,1006,5623,5040,5005,20917,510,13170,5036,5664],"product_tag":[6156,21389,21390,9799],"class_list":{"0":"post-352681","1":"product","2":"type-product","3":"status-publish","4":"has-post-thumbnail","6":"product_cat-every-day-solutions-nl","7":"product_cat-categorieen","8":"product_cat-cleansers-nl-3","9":"product_cat-cleansers-nl","10":"product_cat-cleansers-nl-4","11":"product_cat-cleansers-nl-5","12":"product_cat-cleansers-nl-2","13":"product_cat-cleansers-nl-9","14":"product_cat-dry-mature-ageing-skin-nl-4","15":"product_cat-dry-mature-ageing-skin-nl-7","16":"product_cat-family-nl","17":"product_cat-sensitive-skin-redness-nl-7","18":"product_cat-sensitive-skin-redness-nl","19":"product_cat-huidverzorging","20":"product_cat-inbluem-nl","21":"product_cat-merken","22":"product_cat-normal-or-combination-skin-nl","23":"product_cat-normal-or-combination-skin-nl-7","24":"product_cat-by-skin-type","25":"product_cat-rijpe-en-ouder-wordende-huid","26":"product_cat-shop-winkel","27":"product_cat-skincare-nl-2","28":"product_cat-oily-skin-clogged-pores-nl-7","29":"product_cat-oily-skin-clogged-pores-nl","30":"product_tag-face-care-nl","31":"product_tag-lichaam","32":"product_tag-reiniging","33":"product_tag-soap-nl","34":"pa_brand-inbluem-nl","35":"pa_colo-activated-charcoal-lemon-myrtle-nl","36":"pa_colo-finger-lime-eucalyptus-nl","37":"pa_colo-kakadu-plum-kunzea-nl","39":"first","40":"instock","41":"taxable","42":"shipping-taxable","43":"purchasable","44":"product-type-variable"},"bundled_by":[],"bundle_stock_status":"instock","bundle_stock_quantity":null,"bundle_virtual":false,"bundle_layout":"","bundle_add_to_cart_form_location":"","bundle_editable_in_cart":false,"bundle_sold_individually_context":"","bundle_item_grouping":"","bundle_min_size":"","bundle_max_size":"","bundle_price":[],"bundled_items":[],"bundle_sell_ids":[107424],"atum_controlled":true,"out_stock_date":null,"out_stock_threshold":null,"inheritable":true,"stock_on_hold":2,"sold_today":0,"sales_last_days":2,"out_stock_days":0,"lost_sales":0,"update_date":"2026-05-04T09:49:24","atum_locations":[],"atum_stock_status":"instock","restock_status":false,"low_stock_amount":"","sales_update_date":"2026-05-02T00:14:35","calc_backorders":null,"group_of_quantity":0,"min_quantity":0,"max_quantity":"","exclude_order_quantity_value_rules":"no","exclude_category_quantity_rules":"no","combine_variations":"no","yoast_head":"<!-- This site is optimized with the Yoast SEO Premium plugin v26.5 (Yoast SEO v26.5) - https:\/\/yoast.com\/wordpress\/plugins\/seo\/ -->\n<title>- Inbluem<\/title>\n<meta name=\"description\" content=\"Een zachte, koudverwerkte reinigingszeep voor het gezicht, perfect voor het hele lichaam.\" \/>\n<meta name=\"robots\" content=\"index, follow, max-snippet:-1, max-image-preview:large, max-video-preview:-1\" \/>\n<link rel=\"canonical\" href=\"https:\/\/dutchhealthstore.com\/nl\/product\/soul-soap-cleansing-bar\/\" \/>\n<meta property=\"og:locale\" content=\"nl_NL\" \/>\n<meta property=\"og:type\" content=\"article\" \/>\n<meta property=\"og:title\" content=\"Soul Soap Cleansing Bar - Dutch Health Store\" \/>\n<meta property=\"og:description\" content=\"Een zachte, koudverwerkte reinigingszeep voor het gezicht, perfect voor het hele lichaam.\" \/>\n<meta property=\"og:url\" content=\"https:\/\/dutchhealthstore.com\/nl\/product\/soul-soap-cleansing-bar\/\" \/>\n<meta property=\"og:site_name\" content=\"Dutch Health Store\" \/>\n<meta property=\"article:publisher\" content=\"https:\/\/www.instagram.com\/dutchhealthstore\/\" \/>\n<meta property=\"article:modified_time\" content=\"2026-02-06T16:12:23+00:00\" \/>\n<meta property=\"og:image\" content=\"https:\/\/dutchhealthstore.com\/wp-content\/uploads\/2025\/07\/inbluem-3-soaps.jpg\" \/>\n\t<meta property=\"og:image:width\" content=\"530\" \/>\n\t<meta property=\"og:image:height\" content=\"530\" \/>\n\t<meta property=\"og:image:type\" content=\"image\/jpeg\" \/>\n<meta name=\"twitter:card\" content=\"summary_large_image\" \/>\n<meta name=\"twitter:label1\" content=\"Beschikbaarheid\" \/>\n\t<meta name=\"twitter:data1\" content=\"Op voorraad\" \/>\n<script type=\"application\/ld+json\" class=\"yoast-schema-graph\">{\"@context\":\"https:\/\/schema.org\",\"@graph\":[{\"@type\":\"WebPage\",\"@id\":\"https:\/\/dutchhealthstore.com\/nl\/product\/soul-soap-cleansing-bar\/\",\"url\":\"https:\/\/dutchhealthstore.com\/nl\/product\/soul-soap-cleansing-bar\/\",\"name\":\"- Inbluem\",\"isPartOf\":{\"@id\":\"https:\/\/dutchhealthstore.com\/nl\/#website\"},\"primaryImageOfPage\":{\"@id\":\"https:\/\/dutchhealthstore.com\/nl\/product\/soul-soap-cleansing-bar\/#primaryimage\"},\"image\":{\"@id\":\"https:\/\/dutchhealthstore.com\/nl\/product\/soul-soap-cleansing-bar\/#primaryimage\"},\"thumbnailUrl\":\"https:\/\/dutchhealthstore.com\/wp-content\/uploads\/2025\/07\/inbluem-3-soaps.jpg\",\"datePublished\":\"2025-08-14T07:01:38+00:00\",\"dateModified\":\"2026-02-06T16:12:23+00:00\",\"description\":\"Een zachte, koudverwerkte reinigingszeep voor het gezicht, perfect voor het hele lichaam.\",\"breadcrumb\":{\"@id\":\"https:\/\/dutchhealthstore.com\/nl\/product\/soul-soap-cleansing-bar\/#breadcrumb\"},\"inLanguage\":\"nl-NL\",\"potentialAction\":[{\"@type\":\"ReadAction\",\"target\":[\"https:\/\/dutchhealthstore.com\/nl\/product\/soul-soap-cleansing-bar\/\"]}]},{\"@type\":\"ImageObject\",\"inLanguage\":\"nl-NL\",\"@id\":\"https:\/\/dutchhealthstore.com\/nl\/product\/soul-soap-cleansing-bar\/#primaryimage\",\"url\":\"https:\/\/dutchhealthstore.com\/wp-content\/uploads\/2025\/07\/inbluem-3-soaps.jpg\",\"contentUrl\":\"https:\/\/dutchhealthstore.com\/wp-content\/uploads\/2025\/07\/inbluem-3-soaps.jpg\",\"width\":530,\"height\":530,\"caption\":\"inbluem-3-soaps\"},{\"@type\":\"BreadcrumbList\",\"@id\":\"https:\/\/dutchhealthstore.com\/nl\/product\/soul-soap-cleansing-bar\/#breadcrumb\",\"itemListElement\":[{\"@type\":\"ListItem\",\"position\":1,\"name\":\"Home\",\"item\":\"https:\/\/dutchhealthstore.com\/nl\/\"},{\"@type\":\"ListItem\",\"position\":2,\"name\":\"Shop\",\"item\":\"https:\/\/dutchhealthstore.com\/nl\/shop\/\"},{\"@type\":\"ListItem\",\"position\":3,\"name\":\"Soul Soap Cleansing Bar\"}]},{\"@type\":\"WebSite\",\"@id\":\"https:\/\/dutchhealthstore.com\/nl\/#website\",\"url\":\"https:\/\/dutchhealthstore.com\/nl\/\",\"name\":\"Dutch Health Store\",\"description\":\"Enhance Your Beauty with Organic &amp; Natural Skincare\",\"publisher\":{\"@id\":\"https:\/\/dutchhealthstore.com\/nl\/#organization\"},\"potentialAction\":[{\"@type\":\"SearchAction\",\"target\":{\"@type\":\"EntryPoint\",\"urlTemplate\":\"https:\/\/dutchhealthstore.com\/nl\/?s={search_term_string}\"},\"query-input\":{\"@type\":\"PropertyValueSpecification\",\"valueRequired\":true,\"valueName\":\"search_term_string\"}}],\"inLanguage\":\"nl-NL\"},{\"@type\":\"Organization\",\"@id\":\"https:\/\/dutchhealthstore.com\/nl\/#organization\",\"name\":\"Dutch Health Store\",\"url\":\"https:\/\/dutchhealthstore.com\/nl\/\",\"logo\":{\"@type\":\"ImageObject\",\"inLanguage\":\"nl-NL\",\"@id\":\"https:\/\/dutchhealthstore.com\/nl\/#\/schema\/logo\/image\/\",\"url\":\"https:\/\/dutchhealthstore.com\/wp-content\/uploads\/2020\/08\/logo-dutchhealthstore-jpg-e1599484957574.jpg\",\"contentUrl\":\"https:\/\/dutchhealthstore.com\/wp-content\/uploads\/2020\/08\/logo-dutchhealthstore-jpg-e1599484957574.jpg\",\"width\":400,\"height\":62,\"caption\":\"Dutch Health Store\"},\"image\":{\"@id\":\"https:\/\/dutchhealthstore.com\/nl\/#\/schema\/logo\/image\/\"},\"sameAs\":[\"https:\/\/www.instagram.com\/dutchhealthstore\/\",\"https:\/\/www.facebook.com\/dutchhealthstore\"]}]}<\/script>\n<meta property=\"product:brand\" content=\"INBLUEM\" \/>\n<meta property=\"og:availability\" content=\"instock\" \/>\n<meta property=\"product:availability\" content=\"instock\" \/>\n<meta property=\"product:condition\" content=\"new\" \/>\n<!-- \/ Yoast SEO Premium plugin. -->","yoast_head_json":{"title":"- Inbluem","description":"Een zachte, koudverwerkte reinigingszeep voor het gezicht, perfect voor het hele lichaam.","robots":{"index":"index","follow":"follow","max-snippet":"max-snippet:-1","max-image-preview":"max-image-preview:large","max-video-preview":"max-video-preview:-1"},"canonical":"https:\/\/dutchhealthstore.com\/nl\/product\/soul-soap-cleansing-bar\/","og_locale":"nl_NL","og_type":"article","og_title":"Soul Soap Cleansing Bar - Dutch Health Store","og_description":"Een zachte, koudverwerkte reinigingszeep voor het gezicht, perfect voor het hele lichaam.","og_url":"https:\/\/dutchhealthstore.com\/nl\/product\/soul-soap-cleansing-bar\/","og_site_name":"Dutch Health Store","article_publisher":"https:\/\/www.instagram.com\/dutchhealthstore\/","article_modified_time":"2026-02-06T16:12:23+00:00","og_image":[{"width":530,"height":530,"url":"https:\/\/dutchhealthstore.com\/wp-content\/uploads\/2025\/07\/inbluem-3-soaps.jpg","type":"image\/jpeg"}],"twitter_card":"summary_large_image","twitter_misc":{"Beschikbaarheid":"Op voorraad"},"schema":{"@context":"https:\/\/schema.org","@graph":[{"@type":"WebPage","@id":"https:\/\/dutchhealthstore.com\/nl\/product\/soul-soap-cleansing-bar\/","url":"https:\/\/dutchhealthstore.com\/nl\/product\/soul-soap-cleansing-bar\/","name":"- Inbluem","isPartOf":{"@id":"https:\/\/dutchhealthstore.com\/nl\/#website"},"primaryImageOfPage":{"@id":"https:\/\/dutchhealthstore.com\/nl\/product\/soul-soap-cleansing-bar\/#primaryimage"},"image":{"@id":"https:\/\/dutchhealthstore.com\/nl\/product\/soul-soap-cleansing-bar\/#primaryimage"},"thumbnailUrl":"https:\/\/dutchhealthstore.com\/wp-content\/uploads\/2025\/07\/inbluem-3-soaps.jpg","datePublished":"2025-08-14T07:01:38+00:00","dateModified":"2026-02-06T16:12:23+00:00","description":"Een zachte, koudverwerkte reinigingszeep voor het gezicht, perfect voor het hele lichaam.","breadcrumb":{"@id":"https:\/\/dutchhealthstore.com\/nl\/product\/soul-soap-cleansing-bar\/#breadcrumb"},"inLanguage":"nl-NL","potentialAction":[{"@type":"ReadAction","target":["https:\/\/dutchhealthstore.com\/nl\/product\/soul-soap-cleansing-bar\/"]}]},{"@type":"ImageObject","inLanguage":"nl-NL","@id":"https:\/\/dutchhealthstore.com\/nl\/product\/soul-soap-cleansing-bar\/#primaryimage","url":"https:\/\/dutchhealthstore.com\/wp-content\/uploads\/2025\/07\/inbluem-3-soaps.jpg","contentUrl":"https:\/\/dutchhealthstore.com\/wp-content\/uploads\/2025\/07\/inbluem-3-soaps.jpg","width":530,"height":530,"caption":"inbluem-3-soaps"},{"@type":"BreadcrumbList","@id":"https:\/\/dutchhealthstore.com\/nl\/product\/soul-soap-cleansing-bar\/#breadcrumb","itemListElement":[{"@type":"ListItem","position":1,"name":"Home","item":"https:\/\/dutchhealthstore.com\/nl\/"},{"@type":"ListItem","position":2,"name":"Shop","item":"https:\/\/dutchhealthstore.com\/nl\/shop\/"},{"@type":"ListItem","position":3,"name":"Soul Soap Cleansing Bar"}]},{"@type":"WebSite","@id":"https:\/\/dutchhealthstore.com\/nl\/#website","url":"https:\/\/dutchhealthstore.com\/nl\/","name":"Dutch Health Store","description":"Enhance Your Beauty with Organic &amp; Natural Skincare","publisher":{"@id":"https:\/\/dutchhealthstore.com\/nl\/#organization"},"potentialAction":[{"@type":"SearchAction","target":{"@type":"EntryPoint","urlTemplate":"https:\/\/dutchhealthstore.com\/nl\/?s={search_term_string}"},"query-input":{"@type":"PropertyValueSpecification","valueRequired":true,"valueName":"search_term_string"}}],"inLanguage":"nl-NL"},{"@type":"Organization","@id":"https:\/\/dutchhealthstore.com\/nl\/#organization","name":"Dutch Health Store","url":"https:\/\/dutchhealthstore.com\/nl\/","logo":{"@type":"ImageObject","inLanguage":"nl-NL","@id":"https:\/\/dutchhealthstore.com\/nl\/#\/schema\/logo\/image\/","url":"https:\/\/dutchhealthstore.com\/wp-content\/uploads\/2020\/08\/logo-dutchhealthstore-jpg-e1599484957574.jpg","contentUrl":"https:\/\/dutchhealthstore.com\/wp-content\/uploads\/2020\/08\/logo-dutchhealthstore-jpg-e1599484957574.jpg","width":400,"height":62,"caption":"Dutch Health Store"},"image":{"@id":"https:\/\/dutchhealthstore.com\/nl\/#\/schema\/logo\/image\/"},"sameAs":["https:\/\/www.instagram.com\/dutchhealthstore\/","https:\/\/www.facebook.com\/dutchhealthstore"]}]},"product_brand":"INBLUEM","og_availability":"instock","product_availability":"instock","product_condition":"new"},"_links":{"self":[{"href":"https:\/\/dutchhealthstore.com\/nl\/wp-json\/wp\/v2\/product\/352681","targetHints":{"allow":["GET"]}}],"collection":[{"href":"https:\/\/dutchhealthstore.com\/nl\/wp-json\/wp\/v2\/product"}],"about":[{"href":"https:\/\/dutchhealthstore.com\/nl\/wp-json\/wp\/v2\/types\/product"}],"replies":[{"embeddable":true,"href":"https:\/\/dutchhealthstore.com\/nl\/wp-json\/wp\/v2\/comments?post=352681"}],"wp:featuredmedia":[{"embeddable":true,"href":"https:\/\/dutchhealthstore.com\/nl\/wp-json\/wp\/v2\/media\/349756"}],"wp:attachment":[{"href":"https:\/\/dutchhealthstore.com\/nl\/wp-json\/wp\/v2\/media?parent=352681"}],"wp:term":[{"taxonomy":"product_brand","embeddable":true,"href":"https:\/\/dutchhealthstore.com\/nl\/wp-json\/wp\/v2\/product_brand?post=352681"},{"taxonomy":"product_cat","embeddable":true,"href":"https:\/\/dutchhealthstore.com\/nl\/wp-json\/wp\/v2\/product_cat?post=352681"},{"taxonomy":"product_tag","embeddable":true,"href":"https:\/\/dutchhealthstore.com\/nl\/wp-json\/wp\/v2\/product_tag?post=352681"}],"curies":[{"name":"wp","href":"https:\/\/api.w.org\/{rel}","templated":true}]}}