{"id":296614,"date":"2024-07-16T14:34:04","date_gmt":"2024-07-16T12:34:04","guid":{"rendered":"https:\/\/dutchhealthstore.com\/product\/sun-gold-daisy-essential-oil\/"},"modified":"2025-09-18T09:15:15","modified_gmt":"2025-09-18T07:15:15","slug":"sun-gold-daisy-essential-oil","status":"publish","type":"product","link":"https:\/\/dutchhealthstore.com\/nl\/product\/sun-gold-daisy-essential-oil\/","title":{"rendered":"Sun Gold Daisy Essential Oil"},"content":{"rendered":"<div id=\"product.info.description\" class=\"data item content\" role=\"tabpanel\" data-role=\"content\" aria-labelledby=\"tab-label-product.info.description\" aria-hidden=\"false\">\n<div class=\"product attribute description\">\n<div class=\"value\">\n<h3><strong><img decoding=\"async\" class=\"alignright size-full wp-image-37041\" src=\"https:\/\/dutchhealthstore.com\/wp-content\/uploads\/2018\/04\/Living_Libations-1.png\" alt=\"Organic &amp; Natural Beautyproducts - Living Libations\" width=\"175\" height=\"82\"><\/strong><\/h3>\n<p><strong>Botanische naam:<\/strong> Chrysant morifolium<br \/>\n<strong>Botanische familie:<\/strong> Asteraceae<br \/>\n<strong>Extractiemethode:<\/strong> CO2-extractie<br \/>\n<strong>Deel van de plant Gedistilleerd:<\/strong> Bloemblaadjes en stengels<br \/>\n<strong>Land van herkomst:<\/strong> Bulgarije<br \/>\n<strong>Teeltmethode:<\/strong> Organisch<br \/>\n<strong>Samenstelling:<\/strong> 100% Chrysant morifolium etherische olie<br \/>\n<strong>Consistentie<\/strong>: Medium viscositeit met een lichtgele kleur<strong>.<\/strong><\/p>\n<\/div>\n<p><strong>Inhoud: 5 ml<\/strong><\/p>\n<div class=\"value\">\n<h3>Geur Beschrijving<\/h3>\n<p>Etherisch aards en licht bloemig met zuivere, complexe topnoten en hints van honingachtig hooi.<\/p>\n<h3>Mengt goed met<\/h3>\n<p>Roos, Geranium, Scharlei, Ceder, Citroen, Bergamot, Grapefruit, Citroen, Cilantro, Kardemom, Sandelhout, Nardus, Jasmijn, Tuberoos, Viooltje, Patchouli, Groenlands Mos en Mitti Attar.<\/p>\n<a href=\"https:\/\/dutchhealthstore.com\/wp-content\/uploads\/2024\/07\/EO-Sun-Gold-Daisy_CoA.pdf\" class=\"button primary is-primary is-small\"  >\n\t\t<span>ANALYSE VAN ETHERISCHE OLI\u00cbN &gt;<\/span>\n\t<\/a>\n\n<h3>Gebruikt<\/h3>\n<p>Een op zichzelf staand parfum of eau de cologne. Perfect op pulspunten. Glaceer het haar met een druppel op een borstel of houten kam of voeg toe aan een diffuser of onder de neus voor helderheid en concentratie.<\/p>\n<h3>Organische Ingredi\u00ebnten<\/h3>\n<p>100% essenti\u00eble olie van goudmadeliefje (chrysanthemum morifolium).<\/p>\n<p style=\"text-align: center;\">Chrysant, een vaste plant die van de zon houdt, heeft kalmerende eigenschappen in de Traditionele Chinese Geneeskunde en Ayurveda. De laatbloeiende gele bloemen, geoogst in de vroege herfst, worden superkritisch ge\u00ebxtraheerd om heilzame wassen, oli\u00ebn en flavono\u00efden vrij te maken.<\/p>\n<p style=\"text-align: center;\"><em>&#8220;&#8230;ze nodigden me uit, die chrysanten, om al mijn verdriet weg te doen&#8230;&#8221;<\/em> <strong>Marcel Proust, In de schaduw van jonge meisjes in bloemen <\/strong> <\/p>\n<p style=\"text-align: center;\"><em>&#8220;Ik hoor thuis in chrysantenuren, keurig op een rij in bloempotten &#8230;&#8221;<\/em> <strong>Fernando Pessoa<\/strong><\/p>\n<\/div>\n<\/div>\n<p><img fetchpriority=\"high\" decoding=\"async\" class=\"size-full wp-image-31577 aligncenter\" src=\"https:\/\/dutchhealthstore.com\/wp-content\/uploads\/2018\/03\/organic_big.png\" alt=\"Organic and Natural - Living Libations\" width=\"623\" height=\"103\" srcset=\"https:\/\/dutchhealthstore.com\/wp-content\/uploads\/2018\/03\/organic_big.png 623w, https:\/\/dutchhealthstore.com\/wp-content\/uploads\/2018\/03\/organic_big-510x84.png 510w, https:\/\/dutchhealthstore.com\/wp-content\/uploads\/2018\/03\/organic_big-600x99.png 600w, https:\/\/dutchhealthstore.com\/wp-content\/uploads\/2018\/03\/organic_big-350x58.png 350w\" sizes=\"(max-width: 623px) 100vw, 623px\" \/><\/p>\n<div class=\"product attribute description\">\n<div class=\"value\"><\/div>\n<\/div>\n<\/div>\n","protected":false},"excerpt":{"rendered":"<p>Sun Gold Daisy essenti\u00eble olie: Een betoverende vangst van zonovergoten bloemen! Deze warme, bloemige geur met aardse fluisteringen verkwikt parfums en colognes, voegt een vleugje kruidachtige frisheid toe en bevordert een kalme focus.<\/p>\n","protected":false},"featured_media":296155,"comment_status":"open","ping_status":"closed","template":"","meta":[],"product_brand":[],"product_cat":[1029,1506,2465,6731,1208,1006,510,6730],"product_tag":[4496],"class_list":{"0":"post-296614","1":"product","2":"type-product","3":"status-publish","4":"has-post-thumbnail","6":"product_cat-categorieen","7":"product_cat-essentiele-olien-living-libations","8":"product_cat-etherische-olien","9":"product_cat-essential-oils-nl","10":"product_cat-living-libations-nederland","11":"product_cat-merken","12":"product_cat-shop-winkel","13":"product_cat-wellness-nl","14":"product_tag-essential-oil-nl","15":"pa_brand-livinglibations-nl","16":"pa_essential-oils-product-type-essential-oils-nl","17":"pa_size-5-ml-nl","19":"first","20":"instock","21":"taxable","22":"shipping-taxable","23":"purchasable","24":"product-type-simple"},"bundled_by":[],"bundle_stock_status":"instock","bundle_stock_quantity":3,"bundle_virtual":false,"bundle_layout":"","bundle_add_to_cart_form_location":"","bundle_editable_in_cart":false,"bundle_sold_individually_context":"","bundle_item_grouping":"","bundle_min_size":"","bundle_max_size":"","bundle_price":[],"bundled_items":[],"bundle_sell_ids":[],"atum_controlled":true,"out_stock_date":null,"out_stock_threshold":null,"inheritable":false,"stock_on_hold":0,"sold_today":0,"sales_last_days":0,"out_stock_days":0,"lost_sales":0,"update_date":"2026-04-02T09:40:11","atum_locations":[],"atum_stock_status":"instock","restock_status":false,"low_stock_amount":"","sales_update_date":"2026-04-02T09:40:11","calc_backorders":null,"group_of_quantity":0,"min_quantity":0,"max_quantity":"","exclude_order_quantity_value_rules":"no","exclude_category_quantity_rules":"no","combine_variations":"no","yoast_head":"<!-- This site is optimized with the Yoast SEO Premium plugin v26.5 (Yoast SEO v26.5) - https:\/\/yoast.com\/wordpress\/plugins\/seo\/ -->\n<title>Sun Gold Daisy Essential Oil | Living Libations<\/title>\n<meta name=\"description\" content=\"Sun Gold Daisy essenti\u00eble olie: Gebottelde zonneschijn - een warme, bloemige geur met aardse noten die parfums, colognes en je geest verkwikt met een kalme focus.\" \/>\n<meta name=\"robots\" content=\"index, follow, max-snippet:-1, max-image-preview:large, max-video-preview:-1\" \/>\n<link rel=\"canonical\" href=\"https:\/\/dutchhealthstore.com\/nl\/product\/sun-gold-daisy-essential-oil\/\" \/>\n<meta property=\"og:locale\" content=\"nl_NL\" \/>\n<meta property=\"og:type\" content=\"article\" \/>\n<meta property=\"og:title\" content=\"Sun Gold Daisy Essential Oil - Dutch Health Store\" \/>\n<meta property=\"og:description\" content=\"Sun Gold Daisy essenti\u00eble olie: Gebottelde zonneschijn - een warme, bloemige geur met aardse noten die parfums, colognes en je geest verkwikt met een kalme focus.\" \/>\n<meta property=\"og:url\" content=\"https:\/\/dutchhealthstore.com\/nl\/product\/sun-gold-daisy-essential-oil\/\" \/>\n<meta property=\"og:site_name\" content=\"Dutch Health Store\" \/>\n<meta property=\"article:publisher\" content=\"https:\/\/www.instagram.com\/dutchhealthstore\/\" \/>\n<meta property=\"article:modified_time\" content=\"2025-09-18T07:15:15+00:00\" \/>\n<meta property=\"og:image\" content=\"https:\/\/dutchhealthstore.com\/wp-content\/uploads\/2024\/07\/oil12.jpg\" \/>\n\t<meta property=\"og:image:width\" content=\"530\" \/>\n\t<meta property=\"og:image:height\" content=\"530\" \/>\n\t<meta property=\"og:image:type\" content=\"image\/jpeg\" \/>\n<meta name=\"twitter:card\" content=\"summary_large_image\" \/>\n<meta name=\"twitter:label1\" content=\"Prijs\" \/>\n\t<meta name=\"twitter:data1\" content=\"&euro;44,00\" \/>\n\t<meta name=\"twitter:label2\" content=\"Beschikbaarheid\" \/>\n\t<meta name=\"twitter:data2\" content=\"Op voorraad\" \/>\n<script type=\"application\/ld+json\" class=\"yoast-schema-graph\">{\"@context\":\"https:\/\/schema.org\",\"@graph\":[{\"@type\":\"WebPage\",\"@id\":\"https:\/\/dutchhealthstore.com\/nl\/product\/sun-gold-daisy-essential-oil\/\",\"url\":\"https:\/\/dutchhealthstore.com\/nl\/product\/sun-gold-daisy-essential-oil\/\",\"name\":\"Sun Gold Daisy Essential Oil | Living Libations\",\"isPartOf\":{\"@id\":\"https:\/\/dutchhealthstore.com\/nl\/#website\"},\"primaryImageOfPage\":{\"@id\":\"https:\/\/dutchhealthstore.com\/nl\/product\/sun-gold-daisy-essential-oil\/#primaryimage\"},\"image\":{\"@id\":\"https:\/\/dutchhealthstore.com\/nl\/product\/sun-gold-daisy-essential-oil\/#primaryimage\"},\"thumbnailUrl\":\"https:\/\/dutchhealthstore.com\/wp-content\/uploads\/2024\/07\/oil12.jpg\",\"datePublished\":\"2024-07-16T12:34:04+00:00\",\"dateModified\":\"2025-09-18T07:15:15+00:00\",\"description\":\"Sun Gold Daisy essenti\u00eble olie: Gebottelde zonneschijn - een warme, bloemige geur met aardse noten die parfums, colognes en je geest verkwikt met een kalme focus.\",\"breadcrumb\":{\"@id\":\"https:\/\/dutchhealthstore.com\/nl\/product\/sun-gold-daisy-essential-oil\/#breadcrumb\"},\"inLanguage\":\"nl-NL\",\"potentialAction\":[{\"@type\":\"ReadAction\",\"target\":[\"https:\/\/dutchhealthstore.com\/nl\/product\/sun-gold-daisy-essential-oil\/\"]}]},{\"@type\":\"ImageObject\",\"inLanguage\":\"nl-NL\",\"@id\":\"https:\/\/dutchhealthstore.com\/nl\/product\/sun-gold-daisy-essential-oil\/#primaryimage\",\"url\":\"https:\/\/dutchhealthstore.com\/wp-content\/uploads\/2024\/07\/oil12.jpg\",\"contentUrl\":\"https:\/\/dutchhealthstore.com\/wp-content\/uploads\/2024\/07\/oil12.jpg\",\"width\":530,\"height\":530,\"caption\":\"living-libations-Sun-Gold-Daisy-Essential-Oil\"},{\"@type\":\"BreadcrumbList\",\"@id\":\"https:\/\/dutchhealthstore.com\/nl\/product\/sun-gold-daisy-essential-oil\/#breadcrumb\",\"itemListElement\":[{\"@type\":\"ListItem\",\"position\":1,\"name\":\"Home\",\"item\":\"https:\/\/dutchhealthstore.com\/nl\/\"},{\"@type\":\"ListItem\",\"position\":2,\"name\":\"Shop\",\"item\":\"https:\/\/dutchhealthstore.com\/nl\/shop\/\"},{\"@type\":\"ListItem\",\"position\":3,\"name\":\"Sun Gold Daisy Essential Oil\"}]},{\"@type\":\"WebSite\",\"@id\":\"https:\/\/dutchhealthstore.com\/nl\/#website\",\"url\":\"https:\/\/dutchhealthstore.com\/nl\/\",\"name\":\"Dutch Health Store\",\"description\":\"Enhance Your Beauty with Organic &amp; Natural Skincare\",\"publisher\":{\"@id\":\"https:\/\/dutchhealthstore.com\/nl\/#organization\"},\"potentialAction\":[{\"@type\":\"SearchAction\",\"target\":{\"@type\":\"EntryPoint\",\"urlTemplate\":\"https:\/\/dutchhealthstore.com\/nl\/?s={search_term_string}\"},\"query-input\":{\"@type\":\"PropertyValueSpecification\",\"valueRequired\":true,\"valueName\":\"search_term_string\"}}],\"inLanguage\":\"nl-NL\"},{\"@type\":\"Organization\",\"@id\":\"https:\/\/dutchhealthstore.com\/nl\/#organization\",\"name\":\"Dutch Health Store\",\"url\":\"https:\/\/dutchhealthstore.com\/nl\/\",\"logo\":{\"@type\":\"ImageObject\",\"inLanguage\":\"nl-NL\",\"@id\":\"https:\/\/dutchhealthstore.com\/nl\/#\/schema\/logo\/image\/\",\"url\":\"https:\/\/dutchhealthstore.com\/wp-content\/uploads\/2020\/08\/logo-dutchhealthstore-jpg-e1599484957574.jpg\",\"contentUrl\":\"https:\/\/dutchhealthstore.com\/wp-content\/uploads\/2020\/08\/logo-dutchhealthstore-jpg-e1599484957574.jpg\",\"width\":400,\"height\":62,\"caption\":\"Dutch Health Store\"},\"image\":{\"@id\":\"https:\/\/dutchhealthstore.com\/nl\/#\/schema\/logo\/image\/\"},\"sameAs\":[\"https:\/\/www.instagram.com\/dutchhealthstore\/\",\"https:\/\/www.facebook.com\/dutchhealthstore\"]}]}<\/script>\n<meta property=\"product:brand\" content=\"Living Libations\" \/>\n<meta property=\"product:price:amount\" content=\"44.00\" \/>\n<meta property=\"product:price:currency\" content=\"EUR\" \/>\n<meta property=\"og:availability\" content=\"instock\" \/>\n<meta property=\"product:availability\" content=\"instock\" \/>\n<meta property=\"product:condition\" content=\"new\" \/>\n<!-- \/ Yoast SEO Premium plugin. -->","yoast_head_json":{"title":"Sun Gold Daisy Essential Oil | Living Libations","description":"Sun Gold Daisy essenti\u00eble olie: Gebottelde zonneschijn - een warme, bloemige geur met aardse noten die parfums, colognes en je geest verkwikt met een kalme focus.","robots":{"index":"index","follow":"follow","max-snippet":"max-snippet:-1","max-image-preview":"max-image-preview:large","max-video-preview":"max-video-preview:-1"},"canonical":"https:\/\/dutchhealthstore.com\/nl\/product\/sun-gold-daisy-essential-oil\/","og_locale":"nl_NL","og_type":"article","og_title":"Sun Gold Daisy Essential Oil - Dutch Health Store","og_description":"Sun Gold Daisy essenti\u00eble olie: Gebottelde zonneschijn - een warme, bloemige geur met aardse noten die parfums, colognes en je geest verkwikt met een kalme focus.","og_url":"https:\/\/dutchhealthstore.com\/nl\/product\/sun-gold-daisy-essential-oil\/","og_site_name":"Dutch Health Store","article_publisher":"https:\/\/www.instagram.com\/dutchhealthstore\/","article_modified_time":"2025-09-18T07:15:15+00:00","og_image":[{"width":530,"height":530,"url":"https:\/\/dutchhealthstore.com\/wp-content\/uploads\/2024\/07\/oil12.jpg","type":"image\/jpeg"}],"twitter_card":"summary_large_image","twitter_misc":{"Prijs":"&euro;44,00","Beschikbaarheid":"Op voorraad"},"schema":{"@context":"https:\/\/schema.org","@graph":[{"@type":"WebPage","@id":"https:\/\/dutchhealthstore.com\/nl\/product\/sun-gold-daisy-essential-oil\/","url":"https:\/\/dutchhealthstore.com\/nl\/product\/sun-gold-daisy-essential-oil\/","name":"Sun Gold Daisy Essential Oil | Living Libations","isPartOf":{"@id":"https:\/\/dutchhealthstore.com\/nl\/#website"},"primaryImageOfPage":{"@id":"https:\/\/dutchhealthstore.com\/nl\/product\/sun-gold-daisy-essential-oil\/#primaryimage"},"image":{"@id":"https:\/\/dutchhealthstore.com\/nl\/product\/sun-gold-daisy-essential-oil\/#primaryimage"},"thumbnailUrl":"https:\/\/dutchhealthstore.com\/wp-content\/uploads\/2024\/07\/oil12.jpg","datePublished":"2024-07-16T12:34:04+00:00","dateModified":"2025-09-18T07:15:15+00:00","description":"Sun Gold Daisy essenti\u00eble olie: Gebottelde zonneschijn - een warme, bloemige geur met aardse noten die parfums, colognes en je geest verkwikt met een kalme focus.","breadcrumb":{"@id":"https:\/\/dutchhealthstore.com\/nl\/product\/sun-gold-daisy-essential-oil\/#breadcrumb"},"inLanguage":"nl-NL","potentialAction":[{"@type":"ReadAction","target":["https:\/\/dutchhealthstore.com\/nl\/product\/sun-gold-daisy-essential-oil\/"]}]},{"@type":"ImageObject","inLanguage":"nl-NL","@id":"https:\/\/dutchhealthstore.com\/nl\/product\/sun-gold-daisy-essential-oil\/#primaryimage","url":"https:\/\/dutchhealthstore.com\/wp-content\/uploads\/2024\/07\/oil12.jpg","contentUrl":"https:\/\/dutchhealthstore.com\/wp-content\/uploads\/2024\/07\/oil12.jpg","width":530,"height":530,"caption":"living-libations-Sun-Gold-Daisy-Essential-Oil"},{"@type":"BreadcrumbList","@id":"https:\/\/dutchhealthstore.com\/nl\/product\/sun-gold-daisy-essential-oil\/#breadcrumb","itemListElement":[{"@type":"ListItem","position":1,"name":"Home","item":"https:\/\/dutchhealthstore.com\/nl\/"},{"@type":"ListItem","position":2,"name":"Shop","item":"https:\/\/dutchhealthstore.com\/nl\/shop\/"},{"@type":"ListItem","position":3,"name":"Sun Gold Daisy Essential Oil"}]},{"@type":"WebSite","@id":"https:\/\/dutchhealthstore.com\/nl\/#website","url":"https:\/\/dutchhealthstore.com\/nl\/","name":"Dutch Health Store","description":"Enhance Your Beauty with Organic &amp; Natural Skincare","publisher":{"@id":"https:\/\/dutchhealthstore.com\/nl\/#organization"},"potentialAction":[{"@type":"SearchAction","target":{"@type":"EntryPoint","urlTemplate":"https:\/\/dutchhealthstore.com\/nl\/?s={search_term_string}"},"query-input":{"@type":"PropertyValueSpecification","valueRequired":true,"valueName":"search_term_string"}}],"inLanguage":"nl-NL"},{"@type":"Organization","@id":"https:\/\/dutchhealthstore.com\/nl\/#organization","name":"Dutch Health Store","url":"https:\/\/dutchhealthstore.com\/nl\/","logo":{"@type":"ImageObject","inLanguage":"nl-NL","@id":"https:\/\/dutchhealthstore.com\/nl\/#\/schema\/logo\/image\/","url":"https:\/\/dutchhealthstore.com\/wp-content\/uploads\/2020\/08\/logo-dutchhealthstore-jpg-e1599484957574.jpg","contentUrl":"https:\/\/dutchhealthstore.com\/wp-content\/uploads\/2020\/08\/logo-dutchhealthstore-jpg-e1599484957574.jpg","width":400,"height":62,"caption":"Dutch Health Store"},"image":{"@id":"https:\/\/dutchhealthstore.com\/nl\/#\/schema\/logo\/image\/"},"sameAs":["https:\/\/www.instagram.com\/dutchhealthstore\/","https:\/\/www.facebook.com\/dutchhealthstore"]}]},"product_brand":"Living Libations","product_price_amount":"44.00","product_price_currency":"EUR","og_availability":"instock","product_availability":"instock","product_condition":"new"},"_links":{"self":[{"href":"https:\/\/dutchhealthstore.com\/nl\/wp-json\/wp\/v2\/product\/296614","targetHints":{"allow":["GET"]}}],"collection":[{"href":"https:\/\/dutchhealthstore.com\/nl\/wp-json\/wp\/v2\/product"}],"about":[{"href":"https:\/\/dutchhealthstore.com\/nl\/wp-json\/wp\/v2\/types\/product"}],"replies":[{"embeddable":true,"href":"https:\/\/dutchhealthstore.com\/nl\/wp-json\/wp\/v2\/comments?post=296614"}],"wp:featuredmedia":[{"embeddable":true,"href":"https:\/\/dutchhealthstore.com\/nl\/wp-json\/wp\/v2\/media\/296155"}],"wp:attachment":[{"href":"https:\/\/dutchhealthstore.com\/nl\/wp-json\/wp\/v2\/media?parent=296614"}],"wp:term":[{"taxonomy":"product_brand","embeddable":true,"href":"https:\/\/dutchhealthstore.com\/nl\/wp-json\/wp\/v2\/product_brand?post=296614"},{"taxonomy":"product_cat","embeddable":true,"href":"https:\/\/dutchhealthstore.com\/nl\/wp-json\/wp\/v2\/product_cat?post=296614"},{"taxonomy":"product_tag","embeddable":true,"href":"https:\/\/dutchhealthstore.com\/nl\/wp-json\/wp\/v2\/product_tag?post=296614"}],"curies":[{"name":"wp","href":"https:\/\/api.w.org\/{rel}","templated":true}]}}