{"id":283874,"date":"2024-04-26T07:52:29","date_gmt":"2024-04-26T07:52:29","guid":{"rendered":"https:\/\/dutchhealthstore.com\/product\/frankincense-poetic-pits\/"},"modified":"2025-12-23T09:51:41","modified_gmt":"2025-12-23T08:51:41","slug":"frankincense-poetic-pits","status":"publish","type":"product","link":"https:\/\/dutchhealthstore.com\/nl\/product\/frankincense-poetic-pits\/","title":{"rendered":"Frankincense Poetic Pits"},"content":{"rendered":"<p>De aardse, aardende geur van wit cipressenhout, de zonnige citrusgeur van limetta en de zoete, kalmerende aroma&#8217;s van kamille mengen harmonieus met de complexe, buitenaardse geur van wierook. Voor een harmonieuze finish harmoniseert sensueel en romig sandelhout met de natuurlijke feromonen van je lichaam. Breng deze volledig natuurlijke deodorant aan op je klieren om een aanhoudende, langdurige geur te ervaren.<\/p>\n<p>Met zijn plantaardige formule die aluminium en parabenen overbodig maakt, zal deze krachtige natuurlijke deodorant je doen snuffelen rond je eigen geurige oksels.<\/p>\n<h3><strong>Hoe te gebruiken <\/strong><\/h3>\n<p>Veeg \u00e9\u00e9n keer over elke oksel om ze te charmeren. Combineer deze Poetic Pit met geuren zoals Lavish Abundance Petal Perfumes, Fawn Lily, Fire Lily, Lilac Lady, Sunrise, Eaglewood Ether, Ever Moss en Radiant Earth Forest Colognes.<\/p>\n<p><strong>Inhoud: 5 ml<\/strong><\/p>\n<p><strong>Let op: <\/strong>Poetic Pits zijn 100% geconcentreerde essenti\u00eble oli\u00ebn, dus het is het beste om een beschadigde, ontstoken en allergische huid te vermijden. De ingredi\u00ebnten zijn geselecteerd uit essenti\u00eble oli\u00ebn die erkend zijn als veilig voor de huid. Omdat iedereen een huid heeft die uniek reageert, adviseren wij gebruikers om v\u00f3\u00f3r gebruik een patchtest te doen in de elleboog. Buiten bereik van kinderen bewaren. Voor gebruik op een extra gevoelige huid, verdunnen met jojoba-olie of probeer onze Cr\u00e8me Underarm Charms.<\/p>\n<h2><strong>Natuurlijke \/ biologische Ingredi\u00ebnten <\/strong><\/h2>\n<p><strong><span class=\"ll-product-ingredient-first\">Frankincense <\/span>&#8211; <\/strong><em>(<span class=\"ll-product-ingredient-second\">Boswellia carterii) <\/span><\/em> <span class=\"ll-product-ingredient-second\">&#8211; Dit is de ultieme essenti\u00eble olie voor het cultiveren van eerbied. Wierook wordt gedestilleerd uit het harsachtige sap van de boom en straalt kracht uit, versterkt huid en geest met de voeding van eeuwen. Deze eeuwenoude olie wordt al duizenden jaren gebruikt om de gevoelige huid te zuiveren en te kalmeren. Het heeft ook een rijk, muskus-lemonieachtig aroma.<\/span><\/p>\n<p><strong><span class=\"ll-product-ingredient-first\">Frankincense <\/span>&#8211; <\/strong><em>(<span class=\"ll-product-ingredient-second\">Boswellia sacra) &#8211; <\/span><\/em> <span class=\"ll-product-ingredient-second\">Balsamico Boswellia Sacra startte geursporen en heeft de menselijke geschiedenis meer dan vijf geurende millennia geboeid. Sacra heeft een hoger alfa-pineengehalte dan Carterii, wat bijdraagt aan een karaktercompositie die warm en houtachtig is, alsof je een zoet boreaal naaldbos ruikt met een vleugje citroen. Het straalt balans en schoonheid uit met een kalmerend en versterkend effect. <\/span><\/p>\n<p><strong><span class=\"ll-product-ingredient-first\">Witte Cypreshout <\/span>&#8211; <\/strong><em>(<span class=\"ll-product-ingredient-second\">Callitris glaucophylla) <\/span><\/em><span class=\"ll-product-ingredient-second\">&#8211; Stoomgedistilleerd uit het begeerde kernhout van de Australische Witte Cypres, biedt deze houtachtige en wonderbaarlijke olie een luchtig-aardse, kalmerende en aardende geur. <\/span> <\/p>\n<p><strong><span class=\"ll-product-ingredient-first\">Limetta <\/span>&#8211;<\/strong><em> (<span class=\"ll-product-ingredient-second\">Citrus limetta) <\/span><\/em><span class=\"ll-product-ingredient-second\">&#8211; De prachtige groene schillen worden stoomgedistilleerd om kleine hoeveelheden van deze tintelende margarita-limoen essence te produceren. <\/span> <\/p>\n<p>Kaapse Kamille &#8211; (Eriocephalus punctulatus) <span class=\"ll-product-ingredient-second\">&#8211; Koel-blauwe Kaapse Kamille is heerlijk sereen en zorgt op aromatische wijze voor een fris gevoel. Deze heerlijke, bessenachtige bloem is een zeldzame en kostbare kamille die de diepgaande eigenschappen van zowel Romeinse als Duitse kamille combineert. Deze stralende olie heeft een azuurblauwe tint die wijst op een hoog gehalte aan voedende chamazuleenverbindingen. Het geeft een koele rust die troost biedt na het scheren.<\/span><\/p>\n<p><strong><span class=\"ll-product-ingredient-first\">Sandelhout <\/span>&#8211; <\/strong><em>(<span class=\"ll-product-ingredient-second\">Santalum album) <\/span><\/em> <span class=\"ll-product-ingredient-second\"> &#8211; Sandelhout is rijk en romig, met een dromerige geur die harmonieert met je eigen lichaamsgeur terwijl het de talgproductie in balans brengt. Dankzij drogere oksels en een perfect vochtgehalte bent u zeker van uw charme onder de oksels. Onze ethisch geoogste, hemels geurende sandelhoutessence wordt gedestilleerd uit het kernhout van de aromatische boom. Het bruist van de prachtige vochtigheid en botanische biotische krachten. Deze warme, rijke, sensuele olie is niet weg te denken uit onze Poetic Pits.<\/span><\/p>\n\n\t<section class=\"section\" id=\"section_1993715650\">\n\t\t<div class=\"section-bg fill\" >\n\t\t\t\t\t\t\t\t\t\n\t\t\t\n\t<div class=\"is-border\"\n\t\tstyle=\"border-color:rgb(235, 235, 235);border-width:0px 0px 0px 0px;\">\n\t<\/div>\n\n\t\t<\/div>\n\n\t\t\n\n\t\t<div class=\"section-content relative\">\n\t\t\t\n\n<div class=\"row row-small align-center\"  id=\"row-1870364910\">\n\n\n\t<div id=\"col-877804769\" class=\"col medium-7 small-12 large-7\"  >\n\t\t\t\t<div class=\"col-inner text-center\"  >\n\t\t\t\n\t\t\t\n\n\t<div class=\"img has-hover x md-x lg-x y md-y lg-y\" id=\"image_1812192740\">\n\t\t\t\t\t\t\t\t<div class=\"img-inner dark\" >\n\t\t\t<img fetchpriority=\"high\" decoding=\"async\" width=\"442\" height=\"131\" src=\"https:\/\/dutchhealthstore.com\/wp-content\/uploads\/2020\/09\/logo_2_442x.png\" class=\"attachment-original size-original\" alt=\"\" \/>\t\t\t\t\t\t\n\t\t\t\t\t<\/div>\n\t\t\t\t\t\t\t\t\n<style>\n#image_1812192740 {\n  width: 58%;\n}\n<\/style>\n\t<\/div>\n\t\n\n\t<div id=\"gap-2011334013\" class=\"gap-element clearfix\" style=\"display:block; height:auto;\">\n\t\t\n<style>\n#gap-2011334013 {\n  padding-top: 50px;\n}\n<\/style>\n\t<\/div>\n\t\n\n<h2 style=\"text-align: center;\">How to Use Our Best Skin Evers<\/h2>\n<p style=\"text-align: center;\">Our Best Skin Evers renew the face and bedew the body and with grace. These all-in-one botanical blends cleanse, moisturize, and nourish the skin. Best Skin Evers are crafted to bring into balance all skin types.<\/p>\n<p style=\"text-align: center;\">Washing the face with pure pressed plant oils is an ancient Ayurvedic and gracious gypsy method to cleanse and gently exfoliate the skin. Nadine designed the Best Skin Evers to be your finest bathing and beauty aide. These oils plus water and a cloth are the simple essentials to cleanse, exfoliate, moisten and bedew.<\/p>\n<h2 style=\"text-align: center;\">Colder Temperature &amp; The Best Skin Evers<\/h2>\n<p>We get almost daily questions about the <a href=\"\/?product_cat=best-skin-ever-2\">Best Skin Evers<\/a>\u00a0and \"bits\" floating in it. I have discussed this before but am more than happy to do it again. The bits you see are pieces of coconut oil. <a href=\"\/?product_cat=best-skin-ever-2\">The Best Skin Evers<\/a> contain coconut oil and this oil (like many others, for that matter) becomes firmer\/harder as the temperature drops. For example; I have a jar of coconut oil in the kitchen drawer at home that is spreadable but definitely not liquid!<\/p>\n<p>We get these bottles delivered this way and it makes sense because on the way on the plane, in the cargo hold, it's cold, in our warehouse it's very cool and dark, so the coconut oil never gets to a point where it can melt.<br \/>And maybe you've experienced it yourself when you've put a bottle, for preservation, in the fridge. Then you can see almost the entire bottle \"solidify\" in a short time.<\/p>\n<p>Fortunately, there is a very simple, effective solution to this; put the bottle in (hand) warm water and the coconut oil (but Tamanu can also cause this problem) will melt. Shake well and it's ready to use!<\/p>\n<p>Pay attention to the pump as well, because you may have tried to use the product and there is also solidified coconut oil in the pump. You can reopen this by putting it in warm water for a while, drying it well and it is ready to use again.<br \/>A bit of work, but yes, it is thanks to the absence of preservatives! And that's a very nice thought then \ud83d\ude09<\/p>\n\t<div id=\"gap-1182360265\" class=\"gap-element clearfix hide-for-small\" style=\"display:block; height:auto;\">\n\t\t\n<style>\n#gap-1182360265 {\n  padding-top: 50px;\n}\n<\/style>\n\t<\/div>\n\t\n\n\n\t\t<\/div>\n\t\t\t\t\t<\/div>\n\n\t\n\n\t<div id=\"col-2005481276\" class=\"col medium-5 small-12 large-5\"  >\n\t\t\t\t<div class=\"col-inner box-shadow-2 box-shadow-5-hover\" style=\"background-color:rgb(255, 255, 255);\" >\n\t\t\t\n\t\t\t\n\n\t<div id=\"text-3802772756\" class=\"text\">\n\t\t\n\n<p><span style=\"font-size: 90%;\"><strong>Directions: Washing\/Cleansing your Face with Best Skin Ever<\/strong><\/span><\/p>\n<ol>\n<li><span style=\"font-size: 90%;\">Maak een klein deel van een doek nat met water.<\/span><\/li>\n<li><span style=\"font-size: 90%;\">Breng een tot twee druppels van een van de Best Skin Evers aan op het vochtige gedeelte van het gezichtsdoekje.<\/span><\/li>\n<li><span style=\"font-size: 90%;\">Gently massage the face, neck and back of the neck with the moistened cloth. Wash gently or wash vigorously for a deeper exfoliating effect. Het gezicht spoelen is optioneel.<\/span><\/li>\n<\/ol>\n<p><span style=\"font-size: 90%;\">Als je meer vocht nodig hebt, voeg dan nog een of twee spuitjes van een van onze Best Skin Evers of Libations Serums (Rose Glow, Soothsayer, Royal Rose, Sandalwood, Chocolate Karat of Open Sky) toe aan je vingertoppen en masseer het gezicht en de hals. Als je huid extra dorstig aanvoelt, zal een Libations Cr\u00e8me (Sundew, Rose Glow, All Seeing, of Maverick) voldoen.<\/span><\/p>\n<p><span style=\"font-size: 90%;\">Je kunt ook een druppel of twee van een van de serums toevoegen aan een beetje van een van de cr\u00e8mes. Ze passen allemaal prachtig bij elkaar.<\/span><\/p>\n<p><span style=\"font-size: 90%;\"><strong>Directions: Using Best Skin Ever on your Body after a Bath or Shower<\/strong><\/span><\/p>\n<ol>\n<li><span style=\"font-size: 90%;\">Laat het lichaam nat na een bad of douche.<\/span><\/li>\n<li><span style=\"font-size: 90%;\">Maak een washandje nat met water. Knijp het uit.<\/span><\/li>\n<li><span style=\"font-size: 90%;\">Breng een paar spuitjes aan op het natte washandje van een van de Best Skin Evers.<\/span><\/li>\n<li><span style=\"font-size: 90%;\">Masseer het hele lichaam met het washandje, van kop tot teen. Wrijf wat krachtiger om te scrubben<\/span><\/li>\n<\/ol>\n\t\t\n<style>\n#text-3802772756 {\n  font-size: 1rem;\n  line-height: 1.75;\n}\n<\/style>\n\t<\/div>\n\t\n\n\t\t<\/div>\n\t\t\t\t\n<style>\n#col-2005481276 > .col-inner {\n  padding: 15px 15px 15px 15px;\n}\n<\/style>\n\t<\/div>\n\n\t\n\n\n<style>\n#row-1870364910 > .col > .col-inner {\n  padding: 35px 50px 48px 44px;\n}\n<\/style>\n<\/div>\n\n\t\t<\/div>\n\n\t\t\n<style>\n#section_1993715650 {\n  padding-top: 34px;\n  padding-bottom: 34px;\n  min-height: 300px;\n}\n<\/style>\n\t<\/section>\n\t\n<p><img decoding=\"async\" class=\"size-medium wp-image-68103 aligncenter\" src=\"https:\/\/dutchhealthstore.com\/wp-content\/uploads\/2018\/02\/Living-Libations-Organic-Logo-800x89.png\" alt=\"Living Libations - Organic Logo\" width=\"800\" height=\"89\" srcset=\"https:\/\/dutchhealthstore.com\/wp-content\/uploads\/2018\/02\/Living-Libations-Organic-Logo-800x89.png 800w, https:\/\/dutchhealthstore.com\/wp-content\/uploads\/2018\/02\/Living-Libations-Organic-Logo-510x57.png 510w, https:\/\/dutchhealthstore.com\/wp-content\/uploads\/2018\/02\/Living-Libations-Organic-Logo-768x85.png 768w, https:\/\/dutchhealthstore.com\/wp-content\/uploads\/2018\/02\/Living-Libations-Organic-Logo.png 1400w\" sizes=\"(max-width: 800px) 100vw, 800px\" \/><\/p>\n\t<div id=\"gap-1028124131\" class=\"gap-element clearfix\" style=\"display:block; height:auto;\">\n\t\t\n<style>\n#gap-1028124131 {\n  padding-top: 50px;\n}\n<\/style>\n\t<\/div>\n\t\n","protected":false},"excerpt":{"rendered":"<p>Met Living Libations Frankincense Poetic Pits voel je je op je best! Dit zoete zweet van de goden herinnert aan de dageraad van nieuw leven, oude geurige beschavingen en heilige geurende ceremonies.<\/p>\n","protected":false},"featured_media":282073,"comment_status":"open","ping_status":"closed","template":"","meta":[],"product_brand":[],"product_cat":[1029,3538,1500,1208,1006,510],"product_tag":[21666,6640,21389,4207],"class_list":{"0":"post-283874","1":"product","2":"type-product","3":"status-publish","4":"has-post-thumbnail","6":"product_cat-categorieen","7":"product_cat-deodorant-living-libations","8":"product_cat-lichaamsverzorging-living-libations","9":"product_cat-living-libations-nederland","10":"product_cat-merken","11":"product_cat-shop-winkel","12":"product_tag-aroma-nl","13":"product_tag-deodorant-nl","14":"product_tag-lichaam","15":"product_tag-organic-nl","16":"pa_brand-livinglibations-nl","17":"pa_gtin-6096414534501-nl","18":"pa_size-5-ml-nl","20":"first","21":"instock","22":"taxable","23":"shipping-taxable","24":"purchasable","25":"product-type-simple"},"bundled_by":[],"bundle_stock_status":"instock","bundle_stock_quantity":2,"bundle_virtual":false,"bundle_layout":"","bundle_add_to_cart_form_location":"","bundle_editable_in_cart":false,"bundle_sold_individually_context":"","bundle_item_grouping":"","bundle_min_size":"","bundle_max_size":"","bundle_price":[],"bundled_items":[],"bundle_sell_ids":[283754],"atum_controlled":true,"out_stock_date":null,"out_stock_threshold":null,"inheritable":false,"stock_on_hold":0,"sold_today":0,"sales_last_days":0,"out_stock_days":0,"lost_sales":0,"update_date":"2026-04-25T13:10:15","atum_locations":[],"atum_stock_status":"instock","restock_status":false,"low_stock_amount":"","sales_update_date":"2026-04-25T13:10:15","calc_backorders":null,"group_of_quantity":0,"min_quantity":0,"max_quantity":"","exclude_order_quantity_value_rules":"no","exclude_category_quantity_rules":"no","combine_variations":"no","yoast_head":"<!-- This site is optimized with the Yoast SEO Premium plugin v26.5 (Yoast SEO v26.5) - https:\/\/yoast.com\/wordpress\/plugins\/seo\/ -->\n<title>Frankincense Poetic Pits - Living Libations<\/title>\n<meta name=\"description\" content=\"Met Living Libations Frankincense Poetic Pits voel je je op je best! Dit zoete zweet van de goden herinnert aan de dageraad van nieuw leven, oude geurige beschavingen en heilige geurende ceremonies.\" \/>\n<meta name=\"robots\" content=\"index, follow, max-snippet:-1, max-image-preview:large, max-video-preview:-1\" \/>\n<link rel=\"canonical\" href=\"https:\/\/dutchhealthstore.com\/nl\/product\/frankincense-poetic-pits\/\" \/>\n<meta property=\"og:locale\" content=\"nl_NL\" \/>\n<meta property=\"og:type\" content=\"article\" \/>\n<meta property=\"og:title\" content=\"Frankincense Poetic Pits - Dutch Health Store\" \/>\n<meta property=\"og:description\" content=\"Met Living Libations Frankincense Poetic Pits voel je je op je best! Dit zoete zweet van de goden herinnert aan de dageraad van nieuw leven, oude geurige beschavingen en heilige geurende ceremonies.\" \/>\n<meta property=\"og:url\" content=\"https:\/\/dutchhealthstore.com\/nl\/product\/frankincense-poetic-pits\/\" \/>\n<meta property=\"og:site_name\" content=\"Dutch Health Store\" \/>\n<meta property=\"article:publisher\" content=\"https:\/\/www.instagram.com\/dutchhealthstore\/\" \/>\n<meta property=\"article:modified_time\" content=\"2025-12-23T08:51:41+00:00\" \/>\n<meta property=\"og:image\" content=\"https:\/\/dutchhealthstore.com\/wp-content\/uploads\/2024\/04\/living-libations-frankincense-poetic-pits.jpg\" \/>\n\t<meta property=\"og:image:width\" content=\"526\" \/>\n\t<meta property=\"og:image:height\" content=\"526\" \/>\n\t<meta property=\"og:image:type\" content=\"image\/jpeg\" \/>\n<meta name=\"twitter:card\" content=\"summary_large_image\" \/>\n<meta name=\"twitter:label1\" content=\"Prijs\" \/>\n\t<meta name=\"twitter:data1\" content=\"&euro;40,00\" \/>\n\t<meta name=\"twitter:label2\" content=\"Beschikbaarheid\" \/>\n\t<meta name=\"twitter:data2\" content=\"Op voorraad\" \/>\n<script type=\"application\/ld+json\" class=\"yoast-schema-graph\">{\"@context\":\"https:\/\/schema.org\",\"@graph\":[{\"@type\":\"WebPage\",\"@id\":\"https:\/\/dutchhealthstore.com\/nl\/product\/frankincense-poetic-pits\/\",\"url\":\"https:\/\/dutchhealthstore.com\/nl\/product\/frankincense-poetic-pits\/\",\"name\":\"Frankincense Poetic Pits - Living Libations\",\"isPartOf\":{\"@id\":\"https:\/\/dutchhealthstore.com\/nl\/#website\"},\"primaryImageOfPage\":{\"@id\":\"https:\/\/dutchhealthstore.com\/nl\/product\/frankincense-poetic-pits\/#primaryimage\"},\"image\":{\"@id\":\"https:\/\/dutchhealthstore.com\/nl\/product\/frankincense-poetic-pits\/#primaryimage\"},\"thumbnailUrl\":\"https:\/\/dutchhealthstore.com\/wp-content\/uploads\/2024\/04\/living-libations-frankincense-poetic-pits.jpg\",\"datePublished\":\"2024-04-26T07:52:29+00:00\",\"dateModified\":\"2025-12-23T08:51:41+00:00\",\"description\":\"Met Living Libations Frankincense Poetic Pits voel je je op je best! Dit zoete zweet van de goden herinnert aan de dageraad van nieuw leven, oude geurige beschavingen en heilige geurende ceremonies.\",\"breadcrumb\":{\"@id\":\"https:\/\/dutchhealthstore.com\/nl\/product\/frankincense-poetic-pits\/#breadcrumb\"},\"inLanguage\":\"nl-NL\",\"potentialAction\":[{\"@type\":\"ReadAction\",\"target\":[\"https:\/\/dutchhealthstore.com\/nl\/product\/frankincense-poetic-pits\/\"]}]},{\"@type\":\"ImageObject\",\"inLanguage\":\"nl-NL\",\"@id\":\"https:\/\/dutchhealthstore.com\/nl\/product\/frankincense-poetic-pits\/#primaryimage\",\"url\":\"https:\/\/dutchhealthstore.com\/wp-content\/uploads\/2024\/04\/living-libations-frankincense-poetic-pits.jpg\",\"contentUrl\":\"https:\/\/dutchhealthstore.com\/wp-content\/uploads\/2024\/04\/living-libations-frankincense-poetic-pits.jpg\",\"width\":526,\"height\":526,\"caption\":\"living-libations-frankincense-poetic-pits\"},{\"@type\":\"BreadcrumbList\",\"@id\":\"https:\/\/dutchhealthstore.com\/nl\/product\/frankincense-poetic-pits\/#breadcrumb\",\"itemListElement\":[{\"@type\":\"ListItem\",\"position\":1,\"name\":\"Home\",\"item\":\"https:\/\/dutchhealthstore.com\/nl\/\"},{\"@type\":\"ListItem\",\"position\":2,\"name\":\"Shop\",\"item\":\"https:\/\/dutchhealthstore.com\/nl\/shop\/\"},{\"@type\":\"ListItem\",\"position\":3,\"name\":\"Frankincense Poetic Pits\"}]},{\"@type\":\"WebSite\",\"@id\":\"https:\/\/dutchhealthstore.com\/nl\/#website\",\"url\":\"https:\/\/dutchhealthstore.com\/nl\/\",\"name\":\"Dutch Health Store\",\"description\":\"Enhance Your Beauty with Organic &amp; Natural Skincare\",\"publisher\":{\"@id\":\"https:\/\/dutchhealthstore.com\/nl\/#organization\"},\"potentialAction\":[{\"@type\":\"SearchAction\",\"target\":{\"@type\":\"EntryPoint\",\"urlTemplate\":\"https:\/\/dutchhealthstore.com\/nl\/?s={search_term_string}\"},\"query-input\":{\"@type\":\"PropertyValueSpecification\",\"valueRequired\":true,\"valueName\":\"search_term_string\"}}],\"inLanguage\":\"nl-NL\"},{\"@type\":\"Organization\",\"@id\":\"https:\/\/dutchhealthstore.com\/nl\/#organization\",\"name\":\"Dutch Health Store\",\"url\":\"https:\/\/dutchhealthstore.com\/nl\/\",\"logo\":{\"@type\":\"ImageObject\",\"inLanguage\":\"nl-NL\",\"@id\":\"https:\/\/dutchhealthstore.com\/nl\/#\/schema\/logo\/image\/\",\"url\":\"https:\/\/dutchhealthstore.com\/wp-content\/uploads\/2020\/08\/logo-dutchhealthstore-jpg-e1599484957574.jpg\",\"contentUrl\":\"https:\/\/dutchhealthstore.com\/wp-content\/uploads\/2020\/08\/logo-dutchhealthstore-jpg-e1599484957574.jpg\",\"width\":400,\"height\":62,\"caption\":\"Dutch Health Store\"},\"image\":{\"@id\":\"https:\/\/dutchhealthstore.com\/nl\/#\/schema\/logo\/image\/\"},\"sameAs\":[\"https:\/\/www.instagram.com\/dutchhealthstore\/\",\"https:\/\/www.facebook.com\/dutchhealthstore\"]}]}<\/script>\n<meta property=\"product:brand\" content=\"Living Libations\" \/>\n<meta property=\"product:price:amount\" content=\"40.00\" \/>\n<meta property=\"product:price:currency\" content=\"EUR\" \/>\n<meta property=\"og:availability\" content=\"instock\" \/>\n<meta property=\"product:availability\" content=\"instock\" \/>\n<meta property=\"product:condition\" content=\"new\" \/>\n<!-- \/ Yoast SEO Premium plugin. -->","yoast_head_json":{"title":"Frankincense Poetic Pits - Living Libations","description":"Met Living Libations Frankincense Poetic Pits voel je je op je best! Dit zoete zweet van de goden herinnert aan de dageraad van nieuw leven, oude geurige beschavingen en heilige geurende ceremonies.","robots":{"index":"index","follow":"follow","max-snippet":"max-snippet:-1","max-image-preview":"max-image-preview:large","max-video-preview":"max-video-preview:-1"},"canonical":"https:\/\/dutchhealthstore.com\/nl\/product\/frankincense-poetic-pits\/","og_locale":"nl_NL","og_type":"article","og_title":"Frankincense Poetic Pits - Dutch Health Store","og_description":"Met Living Libations Frankincense Poetic Pits voel je je op je best! Dit zoete zweet van de goden herinnert aan de dageraad van nieuw leven, oude geurige beschavingen en heilige geurende ceremonies.","og_url":"https:\/\/dutchhealthstore.com\/nl\/product\/frankincense-poetic-pits\/","og_site_name":"Dutch Health Store","article_publisher":"https:\/\/www.instagram.com\/dutchhealthstore\/","article_modified_time":"2025-12-23T08:51:41+00:00","og_image":[{"width":526,"height":526,"url":"https:\/\/dutchhealthstore.com\/wp-content\/uploads\/2024\/04\/living-libations-frankincense-poetic-pits.jpg","type":"image\/jpeg"}],"twitter_card":"summary_large_image","twitter_misc":{"Prijs":"&euro;40,00","Beschikbaarheid":"Op voorraad"},"schema":{"@context":"https:\/\/schema.org","@graph":[{"@type":"WebPage","@id":"https:\/\/dutchhealthstore.com\/nl\/product\/frankincense-poetic-pits\/","url":"https:\/\/dutchhealthstore.com\/nl\/product\/frankincense-poetic-pits\/","name":"Frankincense Poetic Pits - Living Libations","isPartOf":{"@id":"https:\/\/dutchhealthstore.com\/nl\/#website"},"primaryImageOfPage":{"@id":"https:\/\/dutchhealthstore.com\/nl\/product\/frankincense-poetic-pits\/#primaryimage"},"image":{"@id":"https:\/\/dutchhealthstore.com\/nl\/product\/frankincense-poetic-pits\/#primaryimage"},"thumbnailUrl":"https:\/\/dutchhealthstore.com\/wp-content\/uploads\/2024\/04\/living-libations-frankincense-poetic-pits.jpg","datePublished":"2024-04-26T07:52:29+00:00","dateModified":"2025-12-23T08:51:41+00:00","description":"Met Living Libations Frankincense Poetic Pits voel je je op je best! Dit zoete zweet van de goden herinnert aan de dageraad van nieuw leven, oude geurige beschavingen en heilige geurende ceremonies.","breadcrumb":{"@id":"https:\/\/dutchhealthstore.com\/nl\/product\/frankincense-poetic-pits\/#breadcrumb"},"inLanguage":"nl-NL","potentialAction":[{"@type":"ReadAction","target":["https:\/\/dutchhealthstore.com\/nl\/product\/frankincense-poetic-pits\/"]}]},{"@type":"ImageObject","inLanguage":"nl-NL","@id":"https:\/\/dutchhealthstore.com\/nl\/product\/frankincense-poetic-pits\/#primaryimage","url":"https:\/\/dutchhealthstore.com\/wp-content\/uploads\/2024\/04\/living-libations-frankincense-poetic-pits.jpg","contentUrl":"https:\/\/dutchhealthstore.com\/wp-content\/uploads\/2024\/04\/living-libations-frankincense-poetic-pits.jpg","width":526,"height":526,"caption":"living-libations-frankincense-poetic-pits"},{"@type":"BreadcrumbList","@id":"https:\/\/dutchhealthstore.com\/nl\/product\/frankincense-poetic-pits\/#breadcrumb","itemListElement":[{"@type":"ListItem","position":1,"name":"Home","item":"https:\/\/dutchhealthstore.com\/nl\/"},{"@type":"ListItem","position":2,"name":"Shop","item":"https:\/\/dutchhealthstore.com\/nl\/shop\/"},{"@type":"ListItem","position":3,"name":"Frankincense Poetic Pits"}]},{"@type":"WebSite","@id":"https:\/\/dutchhealthstore.com\/nl\/#website","url":"https:\/\/dutchhealthstore.com\/nl\/","name":"Dutch Health Store","description":"Enhance Your Beauty with Organic &amp; Natural Skincare","publisher":{"@id":"https:\/\/dutchhealthstore.com\/nl\/#organization"},"potentialAction":[{"@type":"SearchAction","target":{"@type":"EntryPoint","urlTemplate":"https:\/\/dutchhealthstore.com\/nl\/?s={search_term_string}"},"query-input":{"@type":"PropertyValueSpecification","valueRequired":true,"valueName":"search_term_string"}}],"inLanguage":"nl-NL"},{"@type":"Organization","@id":"https:\/\/dutchhealthstore.com\/nl\/#organization","name":"Dutch Health Store","url":"https:\/\/dutchhealthstore.com\/nl\/","logo":{"@type":"ImageObject","inLanguage":"nl-NL","@id":"https:\/\/dutchhealthstore.com\/nl\/#\/schema\/logo\/image\/","url":"https:\/\/dutchhealthstore.com\/wp-content\/uploads\/2020\/08\/logo-dutchhealthstore-jpg-e1599484957574.jpg","contentUrl":"https:\/\/dutchhealthstore.com\/wp-content\/uploads\/2020\/08\/logo-dutchhealthstore-jpg-e1599484957574.jpg","width":400,"height":62,"caption":"Dutch Health Store"},"image":{"@id":"https:\/\/dutchhealthstore.com\/nl\/#\/schema\/logo\/image\/"},"sameAs":["https:\/\/www.instagram.com\/dutchhealthstore\/","https:\/\/www.facebook.com\/dutchhealthstore"]}]},"product_brand":"Living Libations","product_price_amount":"40.00","product_price_currency":"EUR","og_availability":"instock","product_availability":"instock","product_condition":"new"},"_links":{"self":[{"href":"https:\/\/dutchhealthstore.com\/nl\/wp-json\/wp\/v2\/product\/283874","targetHints":{"allow":["GET"]}}],"collection":[{"href":"https:\/\/dutchhealthstore.com\/nl\/wp-json\/wp\/v2\/product"}],"about":[{"href":"https:\/\/dutchhealthstore.com\/nl\/wp-json\/wp\/v2\/types\/product"}],"replies":[{"embeddable":true,"href":"https:\/\/dutchhealthstore.com\/nl\/wp-json\/wp\/v2\/comments?post=283874"}],"wp:featuredmedia":[{"embeddable":true,"href":"https:\/\/dutchhealthstore.com\/nl\/wp-json\/wp\/v2\/media\/282073"}],"wp:attachment":[{"href":"https:\/\/dutchhealthstore.com\/nl\/wp-json\/wp\/v2\/media?parent=283874"}],"wp:term":[{"taxonomy":"product_brand","embeddable":true,"href":"https:\/\/dutchhealthstore.com\/nl\/wp-json\/wp\/v2\/product_brand?post=283874"},{"taxonomy":"product_cat","embeddable":true,"href":"https:\/\/dutchhealthstore.com\/nl\/wp-json\/wp\/v2\/product_cat?post=283874"},{"taxonomy":"product_tag","embeddable":true,"href":"https:\/\/dutchhealthstore.com\/nl\/wp-json\/wp\/v2\/product_tag?post=283874"}],"curies":[{"name":"wp","href":"https:\/\/api.w.org\/{rel}","templated":true}]}}