{"id":256388,"date":"2023-09-05T13:15:24","date_gmt":"2023-09-05T13:15:24","guid":{"rendered":"https:\/\/dutchhealthstore.com\/product\/biocidin-liquid-broad-spectrum-liquid-formula\/"},"modified":"2026-03-06T18:31:31","modified_gmt":"2026-03-06T17:31:31","slug":"biocidin-liquid-broad-spectrum-liquid-formula","status":"publish","type":"product","link":"https:\/\/dutchhealthstore.com\/nl\/product\/biocidin-liquid-broad-spectrum-liquid-formula\/","title":{"rendered":"Biocidin\u00ae Liquid Broad-Spectrum Formula (Remove)"},"content":{"rendered":"<p>Voordelen van Biocidin\u00ae Vloeibaar<\/p>\n<ul>\n<li>Bevordert een gezonde spijsvertering door ongewenste micro-organismen aan te pakken*<\/li>\n<li>Breekt biofilms af*<\/li>\n<li>Bevordert de groei van gunstige organismen*<\/li>\n<li>Reguleert immuunreacties*<\/li>\n<li>Verbetert mogelijk de regelmatigheid van de spijsvertering en minimaliseert een opgeblazen gevoel en winderigheid*<\/li>\n<li>Verhoogt het energieniveau en de mentale focus*<\/li>\n<li>Stimuleert comfortabel bewegen en fysiek welzijn*<\/li>\n<\/ul>\n<p>Kenmerken van Biocidin\u00ae Vloeibaar<\/p>\n<ul>\n<li>Bestaat voor 99% uit organische bestanddelen<\/li>\n<li>Ondersteund door laboratoriumtests en klinische onderzoeken<\/li>\n<li>Al meer dan drie decennia de voorkeursformule onder professionals in de integratieve en functionele geneeskunde<\/li>\n<li>Smakelijk genoeg voor zowel kinderen als volwassenen<\/li>\n<\/ul>\n<p>Gesteund door onderzoek dat de cruciale rol van Microbes Matter Most\u00ae bevestigt.<\/p>\n<p>Biocidin\u00ae vereenvoudigt de complexiteit van gastro-intestinale en systemische onevenwichtigheden. Terwijl het irriterende stoffen, ongewenste micro-organismen en biofilms verwijdert, versterkt het selectief nuttige soorten.<\/p>\n<p>Biocidin\u00ae, onze gepatenteerde formule, bevat 18 plantenextracten en essenti\u00eble oli\u00ebn. Het eindproduct is een sterk, breedspectrummedicijn dat zich richt op het hele GI-kanaal en het delicate microbi\u00eble evenwicht ondersteunt. Ondersteuning voor het verwijderen van biofilm, immunomodulatie, gezonde spijsvertering en uitscheiding, en ontgifting zijn enkele van de uitgebreide effecten.<\/p>\n<p>Omdat onderzoek aantoont dat Microbes <sup>Matter\u00ae<\/sup><\/p>\n<h3><strong>Inhoud: 30 ml<\/strong><\/h3>\n<h3>Hoe te gebruiken<\/h3>\n<p>Begin met 1 druppel en verhoog dit geleidelijk tot 5 druppels, 3 keer per dag of zoals geadviseerd door je zorgverlener. Kinderen mogen 1 druppel per 10 kg gebruiken. van het lichaamsgewicht per dag, verdeeld over 2 doses.  <strong>Op een koele, droge plaats bewaren.<\/strong><\/p>\n<p><strong>Waarschuwing:<\/strong> Niet aanbevolen voor gebruik tijdens de zwangerschap. Raadpleeg je arts voordat je een supplement gebruikt, vooral als je borstvoeding geeft, een medische aandoening hebt of medicijnen gebruikt. Stop het gebruik als bijwerkingen optreden. Buiten bereik van kinderen bewaren.<\/p>\n<h3>Natuurlijke \/ biologische ingredi\u00ebnten<\/h3>\n<p><b>Gepatenteerd kruidenmengsel:<br \/>\n<\/b>Plantaardige glycerine\u2021, blauwe bosbesextract, druivenpitextract, shiitake-extract\u2021, Canadese geelwortel\u2021, noni-extract\u2021, knoflook\u2021, witte wilgenbast, mariadistelzaad\u2021, Echinacea purpurea-extract, Echinacea angustifolia-wortel\u2021, framboos\u2021, zwarte walnootschil, zwarte walnootblad, lavendelolie\u2021, oregano-olie\u2021, galbanumolie, tea tree-olie\u2021, duivenkervelextract, gele gentiaanwortel\u2021<\/p>\n<p><b>Andere Ingredi\u00ebnten:<\/b> ethanol (afkomstig van suikerriet)<\/p>\n<p>\u2021Organisch<\/p>\n<div class=\"is-divider divider clearfix\" style=\"max-width:100%;background-color:rgb(0, 129, 199);\"><\/div>\n\n\n\t<section class=\"section\" id=\"section_1710554317\">\n\t\t<div class=\"section-bg fill\" >\n\t\t\t\t\t\t\t\t\t\n\t\t\t\n\n\t\t<\/div>\n\n\t\t\n\n\t\t<div class=\"section-content relative\">\n\t\t\t\n\n<h3>Meer over <strong>Biocidin Botanicals<\/strong><\/h3>\n<hr>\n<p><img decoding=\"async\" class=\"alignright wp-image-256272\" src=\"https:\/\/dutchhealthstore.com\/wp-content\/uploads\/2023\/09\/biocidin-botanicals-logo.png\" alt=\"\" width=\"196\" height=\"68\" srcset=\"https:\/\/dutchhealthstore.com\/wp-content\/uploads\/2023\/09\/biocidin-botanicals-logo.png 496w, https:\/\/dutchhealthstore.com\/wp-content\/uploads\/2023\/09\/biocidin-botanicals-logo-140x50.png 140w, https:\/\/dutchhealthstore.com\/wp-content\/uploads\/2023\/09\/biocidin-botanicals-logo-64x22.png 64w\" sizes=\"(max-width: 196px) 100vw, 196px\" \/>Geworteld in de nalatenschap van Rachel Fresco, een visionair die haar grondige kennis van de traditionele Chinese geneeskunde verweefde met de openbaringen van de moderne wetenschap, staat Biocidin Botanicals als een testament voor holistische genezing. Met meer dan dertig jaar baanbrekend onderzoek en botanisch meesterschap zijn we niet zomaar een merk; we zijn een beweging, toegewijd aan het herdefini\u00ebren van gezondheid door de kracht van planten.<\/p>\n<p><strong>Waarom zijn microben zo belangrijk?<\/strong>  Ons lichaam is een enorm universum dat krioelt van de microben. Om je een idee te geven: het aantal microben in ons stelsel is groter dan het aantal sterren in de Melkweg. Ze komen vaker voor dan onze eigen cellen. En deze microscopische wezens zijn niet slechts passieve bewoners; ze zijn actieve deelnemers aan de ingewikkelde dans van ons bestaan.<\/p>\n<p><strong>Het microbioom ontcijferen:<\/strong> Hoewel de term \"microbioom\" pas twee decennia geleden in zwang raakte, is het een hoeksteen geworden van moderne discussies over gezondheid. Het microbioom omvat alle micro-organismen die in harmonie in ons leven - of het nu bacteri\u00ebn, virussen of schimmels zijn. De diepte en breedte van hun invloed op onze gezondheid zijn pas onlangs erkend en onderzocht.<\/p>\n<p><strong>De rol van microben in de gezondheid:<\/strong> Deze minuscule entiteiten zijn geen krakers; ze dragen actief bij aan onze gezondheid. Meer dan 100.000 wetenschappelijke studies bewijzen de vitale rol die microben spelen:<\/p>\n<ol>\n<li>\n<p><img fetchpriority=\"high\" decoding=\"async\" class=\"wp-image-256290 alignright\" src=\"https:\/\/dutchhealthstore.com\/wp-content\/uploads\/2023\/09\/Biocidin-Botanicals-Brand-Icons.webp\" alt=\"\" width=\"493\" height=\"123\" srcset=\"https:\/\/dutchhealthstore.com\/wp-content\/uploads\/2023\/09\/Biocidin-Botanicals-Brand-Icons.webp 693w, https:\/\/dutchhealthstore.com\/wp-content\/uploads\/2023\/09\/Biocidin-Botanicals-Brand-Icons-510x127.webp 510w, https:\/\/dutchhealthstore.com\/wp-content\/uploads\/2023\/09\/Biocidin-Botanicals-Brand-Icons-64x16.webp 64w\" sizes=\"(max-width: 493px) 100vw, 493px\" \/><strong>Immuniteitsversterkers:<\/strong> Ze helpen bij het ontwikkelen van de kracht en tolerantie van ons immuunsysteem.<\/li>\n<li><strong>Voedingsstoffenfabrieken:<\/strong> Deze kleine werkers helpen bij de synthese van voedingsstoffen.<\/li>\n<li><strong>Beschermers van de gezondheid:<\/strong> Ze bieden bescherming tegen potenti\u00eble indringers.<\/li>\n<li><strong>Genezers:<\/strong> Ze spelen een centrale rol in weefselherstel en genezing.<\/li>\n<li><strong>En meer:<\/strong> Van hydratatie tot talloze andere gezondheidsaspecten, ze zijn onmisbaar.<\/li>\n<\/ol>\n\n\n\t\t<\/div>\n\n\t\t\n<style>\n#section_1710554317 {\n  padding-top: 30px;\n  padding-bottom: 30px;\n}\n<\/style>\n\t<\/section>\n\t\n","protected":false},"excerpt":{"rendered":"<p>Ondersteunt microbi\u00eble balans &amp; verstoort biofilms<\/p>\n","protected":false},"featured_media":256096,"comment_status":"open","ping_status":"closed","template":"","meta":[],"product_brand":[],"product_cat":[18202,1029,8462,6757,8461,6742,10162,8979,1006,8460,8978,6754,510,8988,6741,8783,6730],"product_tag":[9633,21520,21519,21797],"class_list":{"0":"post-256388","1":"product","2":"type-product","3":"status-publish","4":"has-post-thumbnail","6":"product_cat-biocidin-botanicals-nl","7":"product_cat-categorieen","8":"product_cat-detox-cleanse-nl","9":"product_cat-energy-vitality-nl-2","10":"product_cat-health-nl-2","11":"product_cat-clarity-focus-nl-2","12":"product_cat-brain-mind-nl","13":"product_cat-herbal-blends-nl-2","14":"product_cat-merken","15":"product_cat-nutrition-nl","16":"product_cat-optimum-health-nl-2","17":"product_cat-remedies-nl","18":"product_cat-shop-winkel","19":"product_cat-digestion-gut-health-nl-2","20":"product_cat-mood-nl-2","21":"product_cat-superfoods-herbals-nl-2","22":"product_cat-wellness-nl","23":"product_tag-detox-nl","24":"product_tag-digestion-nl","25":"product_tag-optimale-gezondheid","26":"product_tag-tonic-nl","27":"pa_brand-biocidin-botanicals-nl","28":"pa_gtin-899870002012-nl","29":"pa_health-productype-brain-mind-nl","30":"pa_health-productype-detox-cleanse-nl","31":"pa_health-productype-optimum-health-nl","32":"pa_health-productype-digestion-gut-health-nl","33":"pa_size-1-oz-30-ml-2-nl","35":"first","36":"instock","37":"taxable","38":"shipping-taxable","39":"purchasable","40":"product-type-simple"},"bundled_by":[],"bundle_stock_status":"instock","bundle_stock_quantity":2,"bundle_virtual":false,"bundle_layout":"","bundle_add_to_cart_form_location":"","bundle_editable_in_cart":false,"bundle_sold_individually_context":"","bundle_item_grouping":"","bundle_min_size":"","bundle_max_size":"","bundle_price":[],"bundled_items":[],"bundle_sell_ids":[],"atum_controlled":true,"out_stock_date":null,"out_stock_threshold":null,"inheritable":false,"stock_on_hold":0,"sold_today":0,"sales_last_days":0,"out_stock_days":0,"lost_sales":0,"update_date":"2026-04-13T07:21:18","atum_locations":[],"atum_stock_status":"instock","restock_status":false,"low_stock_amount":"","sales_update_date":"2026-04-13T07:21:18","calc_backorders":null,"group_of_quantity":0,"min_quantity":0,"max_quantity":"","exclude_order_quantity_value_rules":"no","exclude_category_quantity_rules":"no","combine_variations":"no","yoast_head":"<!-- This site is optimized with the Yoast SEO Premium plugin v26.5 (Yoast SEO v26.5) - https:\/\/yoast.com\/wordpress\/plugins\/seo\/ -->\n<title>Biocidin\u00ae Liquid Broad-Spectrum Formula (Remove) - Biocidin<\/title>\n<meta name=\"description\" content=\"Ondersteunt microbi\u00eble balans &amp; verstoort biofilms\" \/>\n<meta name=\"robots\" content=\"index, follow, max-snippet:-1, max-image-preview:large, max-video-preview:-1\" \/>\n<link rel=\"canonical\" href=\"https:\/\/dutchhealthstore.com\/nl\/product\/biocidin-liquid-broad-spectrum-liquid-formula\/\" \/>\n<meta property=\"og:locale\" content=\"nl_NL\" \/>\n<meta property=\"og:type\" content=\"article\" \/>\n<meta property=\"og:title\" content=\"Biocidin\u00ae Liquid Broad-Spectrum Formula (Remove) - Dutch Health Store\" \/>\n<meta property=\"og:description\" content=\"Ondersteunt microbi\u00eble balans &amp; verstoort biofilms\" \/>\n<meta property=\"og:url\" content=\"https:\/\/dutchhealthstore.com\/nl\/product\/biocidin-liquid-broad-spectrum-liquid-formula\/\" \/>\n<meta property=\"og:site_name\" content=\"Dutch Health Store\" \/>\n<meta property=\"article:publisher\" content=\"https:\/\/www.instagram.com\/dutchhealthstore\/\" \/>\n<meta property=\"article:modified_time\" content=\"2026-03-06T17:31:31+00:00\" \/>\n<meta property=\"og:image\" content=\"https:\/\/dutchhealthstore.com\/wp-content\/uploads\/2023\/09\/biocidinliquidremove.jpg\" \/>\n\t<meta property=\"og:image:width\" content=\"510\" \/>\n\t<meta property=\"og:image:height\" content=\"510\" \/>\n\t<meta property=\"og:image:type\" content=\"image\/jpeg\" \/>\n<meta name=\"twitter:card\" content=\"summary_large_image\" \/>\n<meta name=\"twitter:label1\" content=\"Prijs\" \/>\n\t<meta name=\"twitter:data1\" content=\"&euro;64,95\" \/>\n\t<meta name=\"twitter:label2\" content=\"Beschikbaarheid\" \/>\n\t<meta name=\"twitter:data2\" content=\"Op voorraad\" \/>\n<script type=\"application\/ld+json\" class=\"yoast-schema-graph\">{\"@context\":\"https:\/\/schema.org\",\"@graph\":[{\"@type\":\"WebPage\",\"@id\":\"https:\/\/dutchhealthstore.com\/nl\/product\/biocidin-liquid-broad-spectrum-liquid-formula\/\",\"url\":\"https:\/\/dutchhealthstore.com\/nl\/product\/biocidin-liquid-broad-spectrum-liquid-formula\/\",\"name\":\"Biocidin\u00ae Liquid Broad-Spectrum Formula (Remove) - Biocidin\",\"isPartOf\":{\"@id\":\"https:\/\/dutchhealthstore.com\/nl\/#website\"},\"primaryImageOfPage\":{\"@id\":\"https:\/\/dutchhealthstore.com\/nl\/product\/biocidin-liquid-broad-spectrum-liquid-formula\/#primaryimage\"},\"image\":{\"@id\":\"https:\/\/dutchhealthstore.com\/nl\/product\/biocidin-liquid-broad-spectrum-liquid-formula\/#primaryimage\"},\"thumbnailUrl\":\"https:\/\/dutchhealthstore.com\/wp-content\/uploads\/2023\/09\/biocidinliquidremove.jpg\",\"datePublished\":\"2023-09-05T13:15:24+00:00\",\"dateModified\":\"2026-03-06T17:31:31+00:00\",\"description\":\"Ondersteunt microbi\u00eble balans & verstoort biofilms\",\"breadcrumb\":{\"@id\":\"https:\/\/dutchhealthstore.com\/nl\/product\/biocidin-liquid-broad-spectrum-liquid-formula\/#breadcrumb\"},\"inLanguage\":\"nl-NL\",\"potentialAction\":[{\"@type\":\"ReadAction\",\"target\":[\"https:\/\/dutchhealthstore.com\/nl\/product\/biocidin-liquid-broad-spectrum-liquid-formula\/\"]}]},{\"@type\":\"ImageObject\",\"inLanguage\":\"nl-NL\",\"@id\":\"https:\/\/dutchhealthstore.com\/nl\/product\/biocidin-liquid-broad-spectrum-liquid-formula\/#primaryimage\",\"url\":\"https:\/\/dutchhealthstore.com\/wp-content\/uploads\/2023\/09\/biocidinliquidremove.jpg\",\"contentUrl\":\"https:\/\/dutchhealthstore.com\/wp-content\/uploads\/2023\/09\/biocidinliquidremove.jpg\",\"width\":510,\"height\":510,\"caption\":\"biocidinliquidremove\"},{\"@type\":\"BreadcrumbList\",\"@id\":\"https:\/\/dutchhealthstore.com\/nl\/product\/biocidin-liquid-broad-spectrum-liquid-formula\/#breadcrumb\",\"itemListElement\":[{\"@type\":\"ListItem\",\"position\":1,\"name\":\"Home\",\"item\":\"https:\/\/dutchhealthstore.com\/nl\/\"},{\"@type\":\"ListItem\",\"position\":2,\"name\":\"Shop\",\"item\":\"https:\/\/dutchhealthstore.com\/nl\/shop\/\"},{\"@type\":\"ListItem\",\"position\":3,\"name\":\"Biocidin\u00ae Liquid Broad-Spectrum Formula (Remove)\"}]},{\"@type\":\"WebSite\",\"@id\":\"https:\/\/dutchhealthstore.com\/nl\/#website\",\"url\":\"https:\/\/dutchhealthstore.com\/nl\/\",\"name\":\"Dutch Health Store\",\"description\":\"Enhance Your Beauty with Organic &amp; Natural Skincare\",\"publisher\":{\"@id\":\"https:\/\/dutchhealthstore.com\/nl\/#organization\"},\"potentialAction\":[{\"@type\":\"SearchAction\",\"target\":{\"@type\":\"EntryPoint\",\"urlTemplate\":\"https:\/\/dutchhealthstore.com\/nl\/?s={search_term_string}\"},\"query-input\":{\"@type\":\"PropertyValueSpecification\",\"valueRequired\":true,\"valueName\":\"search_term_string\"}}],\"inLanguage\":\"nl-NL\"},{\"@type\":\"Organization\",\"@id\":\"https:\/\/dutchhealthstore.com\/nl\/#organization\",\"name\":\"Dutch Health Store\",\"url\":\"https:\/\/dutchhealthstore.com\/nl\/\",\"logo\":{\"@type\":\"ImageObject\",\"inLanguage\":\"nl-NL\",\"@id\":\"https:\/\/dutchhealthstore.com\/nl\/#\/schema\/logo\/image\/\",\"url\":\"https:\/\/dutchhealthstore.com\/wp-content\/uploads\/2020\/08\/logo-dutchhealthstore-jpg-e1599484957574.jpg\",\"contentUrl\":\"https:\/\/dutchhealthstore.com\/wp-content\/uploads\/2020\/08\/logo-dutchhealthstore-jpg-e1599484957574.jpg\",\"width\":400,\"height\":62,\"caption\":\"Dutch Health Store\"},\"image\":{\"@id\":\"https:\/\/dutchhealthstore.com\/nl\/#\/schema\/logo\/image\/\"},\"sameAs\":[\"https:\/\/www.instagram.com\/dutchhealthstore\/\",\"https:\/\/www.facebook.com\/dutchhealthstore\"]}]}<\/script>\n<meta property=\"product:brand\" content=\"Biocidin Botanicals\" \/>\n<meta property=\"product:price:amount\" content=\"64.95\" \/>\n<meta property=\"product:price:currency\" content=\"EUR\" \/>\n<meta property=\"og:availability\" content=\"instock\" \/>\n<meta property=\"product:availability\" content=\"instock\" \/>\n<meta property=\"product:condition\" content=\"new\" \/>\n<!-- \/ Yoast SEO Premium plugin. -->","yoast_head_json":{"title":"Biocidin\u00ae Liquid Broad-Spectrum Formula (Remove) - Biocidin","description":"Ondersteunt microbi\u00eble balans & verstoort biofilms","robots":{"index":"index","follow":"follow","max-snippet":"max-snippet:-1","max-image-preview":"max-image-preview:large","max-video-preview":"max-video-preview:-1"},"canonical":"https:\/\/dutchhealthstore.com\/nl\/product\/biocidin-liquid-broad-spectrum-liquid-formula\/","og_locale":"nl_NL","og_type":"article","og_title":"Biocidin\u00ae Liquid Broad-Spectrum Formula (Remove) - Dutch Health Store","og_description":"Ondersteunt microbi\u00eble balans & verstoort biofilms","og_url":"https:\/\/dutchhealthstore.com\/nl\/product\/biocidin-liquid-broad-spectrum-liquid-formula\/","og_site_name":"Dutch Health Store","article_publisher":"https:\/\/www.instagram.com\/dutchhealthstore\/","article_modified_time":"2026-03-06T17:31:31+00:00","og_image":[{"width":510,"height":510,"url":"https:\/\/dutchhealthstore.com\/wp-content\/uploads\/2023\/09\/biocidinliquidremove.jpg","type":"image\/jpeg"}],"twitter_card":"summary_large_image","twitter_misc":{"Prijs":"&euro;64,95","Beschikbaarheid":"Op voorraad"},"schema":{"@context":"https:\/\/schema.org","@graph":[{"@type":"WebPage","@id":"https:\/\/dutchhealthstore.com\/nl\/product\/biocidin-liquid-broad-spectrum-liquid-formula\/","url":"https:\/\/dutchhealthstore.com\/nl\/product\/biocidin-liquid-broad-spectrum-liquid-formula\/","name":"Biocidin\u00ae Liquid Broad-Spectrum Formula (Remove) - Biocidin","isPartOf":{"@id":"https:\/\/dutchhealthstore.com\/nl\/#website"},"primaryImageOfPage":{"@id":"https:\/\/dutchhealthstore.com\/nl\/product\/biocidin-liquid-broad-spectrum-liquid-formula\/#primaryimage"},"image":{"@id":"https:\/\/dutchhealthstore.com\/nl\/product\/biocidin-liquid-broad-spectrum-liquid-formula\/#primaryimage"},"thumbnailUrl":"https:\/\/dutchhealthstore.com\/wp-content\/uploads\/2023\/09\/biocidinliquidremove.jpg","datePublished":"2023-09-05T13:15:24+00:00","dateModified":"2026-03-06T17:31:31+00:00","description":"Ondersteunt microbi\u00eble balans & verstoort biofilms","breadcrumb":{"@id":"https:\/\/dutchhealthstore.com\/nl\/product\/biocidin-liquid-broad-spectrum-liquid-formula\/#breadcrumb"},"inLanguage":"nl-NL","potentialAction":[{"@type":"ReadAction","target":["https:\/\/dutchhealthstore.com\/nl\/product\/biocidin-liquid-broad-spectrum-liquid-formula\/"]}]},{"@type":"ImageObject","inLanguage":"nl-NL","@id":"https:\/\/dutchhealthstore.com\/nl\/product\/biocidin-liquid-broad-spectrum-liquid-formula\/#primaryimage","url":"https:\/\/dutchhealthstore.com\/wp-content\/uploads\/2023\/09\/biocidinliquidremove.jpg","contentUrl":"https:\/\/dutchhealthstore.com\/wp-content\/uploads\/2023\/09\/biocidinliquidremove.jpg","width":510,"height":510,"caption":"biocidinliquidremove"},{"@type":"BreadcrumbList","@id":"https:\/\/dutchhealthstore.com\/nl\/product\/biocidin-liquid-broad-spectrum-liquid-formula\/#breadcrumb","itemListElement":[{"@type":"ListItem","position":1,"name":"Home","item":"https:\/\/dutchhealthstore.com\/nl\/"},{"@type":"ListItem","position":2,"name":"Shop","item":"https:\/\/dutchhealthstore.com\/nl\/shop\/"},{"@type":"ListItem","position":3,"name":"Biocidin\u00ae Liquid Broad-Spectrum Formula (Remove)"}]},{"@type":"WebSite","@id":"https:\/\/dutchhealthstore.com\/nl\/#website","url":"https:\/\/dutchhealthstore.com\/nl\/","name":"Dutch Health Store","description":"Enhance Your Beauty with Organic &amp; Natural Skincare","publisher":{"@id":"https:\/\/dutchhealthstore.com\/nl\/#organization"},"potentialAction":[{"@type":"SearchAction","target":{"@type":"EntryPoint","urlTemplate":"https:\/\/dutchhealthstore.com\/nl\/?s={search_term_string}"},"query-input":{"@type":"PropertyValueSpecification","valueRequired":true,"valueName":"search_term_string"}}],"inLanguage":"nl-NL"},{"@type":"Organization","@id":"https:\/\/dutchhealthstore.com\/nl\/#organization","name":"Dutch Health Store","url":"https:\/\/dutchhealthstore.com\/nl\/","logo":{"@type":"ImageObject","inLanguage":"nl-NL","@id":"https:\/\/dutchhealthstore.com\/nl\/#\/schema\/logo\/image\/","url":"https:\/\/dutchhealthstore.com\/wp-content\/uploads\/2020\/08\/logo-dutchhealthstore-jpg-e1599484957574.jpg","contentUrl":"https:\/\/dutchhealthstore.com\/wp-content\/uploads\/2020\/08\/logo-dutchhealthstore-jpg-e1599484957574.jpg","width":400,"height":62,"caption":"Dutch Health Store"},"image":{"@id":"https:\/\/dutchhealthstore.com\/nl\/#\/schema\/logo\/image\/"},"sameAs":["https:\/\/www.instagram.com\/dutchhealthstore\/","https:\/\/www.facebook.com\/dutchhealthstore"]}]},"product_brand":"Biocidin Botanicals","product_price_amount":"64.95","product_price_currency":"EUR","og_availability":"instock","product_availability":"instock","product_condition":"new"},"_links":{"self":[{"href":"https:\/\/dutchhealthstore.com\/nl\/wp-json\/wp\/v2\/product\/256388","targetHints":{"allow":["GET"]}}],"collection":[{"href":"https:\/\/dutchhealthstore.com\/nl\/wp-json\/wp\/v2\/product"}],"about":[{"href":"https:\/\/dutchhealthstore.com\/nl\/wp-json\/wp\/v2\/types\/product"}],"replies":[{"embeddable":true,"href":"https:\/\/dutchhealthstore.com\/nl\/wp-json\/wp\/v2\/comments?post=256388"}],"wp:featuredmedia":[{"embeddable":true,"href":"https:\/\/dutchhealthstore.com\/nl\/wp-json\/wp\/v2\/media\/256096"}],"wp:attachment":[{"href":"https:\/\/dutchhealthstore.com\/nl\/wp-json\/wp\/v2\/media?parent=256388"}],"wp:term":[{"taxonomy":"product_brand","embeddable":true,"href":"https:\/\/dutchhealthstore.com\/nl\/wp-json\/wp\/v2\/product_brand?post=256388"},{"taxonomy":"product_cat","embeddable":true,"href":"https:\/\/dutchhealthstore.com\/nl\/wp-json\/wp\/v2\/product_cat?post=256388"},{"taxonomy":"product_tag","embeddable":true,"href":"https:\/\/dutchhealthstore.com\/nl\/wp-json\/wp\/v2\/product_tag?post=256388"}],"curies":[{"name":"wp","href":"https:\/\/api.w.org\/{rel}","templated":true}]}}