{"id":256385,"date":"2023-09-05T13:38:41","date_gmt":"2023-09-05T11:38:41","guid":{"rendered":"https:\/\/dutchhealthstore.com\/product\/biocidin-capsules-broad-spectrum-liquid-capsules\/"},"modified":"2026-03-25T15:02:23","modified_gmt":"2026-03-25T14:02:23","slug":"biocidin-capsules-broad-spectrum-liquid-capsules","status":"publish","type":"product","link":"https:\/\/dutchhealthstore.com\/nl\/product\/biocidin-capsules-broad-spectrum-liquid-capsules\/","title":{"rendered":"Biocidin\u00ae Broad-Spectrum Liquid Capsules (Remove)"},"content":{"rendered":"<h3>Voordelen van Biocidin\u00ae Capsules<\/h3>\n<ul>\n<li>Helpt bij het behouden van het welzijn van het maag-darmkanaal door ongewenste micro-organismen aan te pakken*<\/li>\n<li>Breekt biofilmstructuren af*<\/li>\n<li>Bevordert de groei van nuttige microben*<\/li>\n<li>Reguleert de reacties van het immuunsysteem*<\/li>\n<li>Verlicht mogelijk onregelmatigheden en vermindert gas en een opgeblazen gevoel*<\/li>\n<li>Verbetert energieniveaus en mentale focus*<\/li>\n<li>Bevordert lichamelijk welzijn en comfort*<\/li>\n<\/ul>\n<h3>Kenmerken van Biocidin\u00ae Capsules<\/h3>\n<ul>\n<li>Bevat een unieke mix van plantaardige stoffen bekend als Biocidin<\/li>\n<li>Samengesteld uit hoogwaardige onderdelen van professionele kwaliteit<\/li>\n<li>Ondersteund door laboratoriumtests en klinische onderzoeken<\/li>\n<li>Al meer dan drie decennia vertrouwd door professionals in de integratieve en functionele geneeskunde<\/li>\n<li>Heeft een smaak die zowel voor kinderen als volwassenen aangenaam is<\/li>\n<\/ul>\n<p>Omdat onderzoek aantoont dat microben het belangrijkst zijn\u00ae<\/p>\n<p>Ons vlaggenschip, de breedwerkende formule, nu in een handige capsulevorm, is ideaal voor een drukke levensstijl. Met een verbeterde sterkte per capsule heb je minder pillen nodig en krijg je meer waar voor je geld. Twee capsules per dag zijn voldoende!<\/p>\n<p>De Biocidin\u00ae-capsules zijn gevuld met onze gespecialiseerde Biocidin\u00ae Botanical Blend, gemaakt van 99% biologische ingredi\u00ebnten. Dit mengsel bevat 18 plantenextracten en essenti\u00eble oli\u00ebn die speciaal zijn ontwikkeld om het hele maagdarmstelsel te be\u00efnvloeden en te helpen bij het behoud van het microbi\u00eble evenwicht.* De uitgebreide voordelen strekken zich uit tot verstoring van de biofilm, regulering van het immuunsysteem, welzijn van de spijsvertering, afvalverwijdering en ontgifting.*<\/p>\n<h3>Hoe te gebruiken<\/h3>\n<p>Neem \u00e9\u00e9n capsule per dag en verhoog dit geleidelijk naar twee keer per dag \u00e9\u00e9n capsule of volg de aanwijzingen van uw arts op. Kan naar wens op een lege maag of met een kleine maaltijd worden ingenomen.<\/p>\n<p><strong>Waarschuwing:<\/strong> Niet aanbevolen voor gebruik tijdens de zwangerschap. Raadpleeg je arts voordat je een supplement gebruikt, vooral als je borstvoeding geeft, een medische aandoening hebt of medicijnen gebruikt. Stop het gebruik als bijwerkingen optreden. Buiten bereik van kinderen bewaren.<\/p>\n<p><strong>Op een koele, droge plaats bewaren.<\/strong><\/p>\n<h3>Natuurlijke \/ biologische ingredi\u00ebnten<\/h3>\n<p><strong>Eigen kruidenmengsel:<br \/>\n<\/strong>Plantaardige glycerine\u2021, <sup>Biocidin\u00ae<\/sup>  Botanisch mengsel (plantaardige glycerine\u2021, bosbessenextract, druivenpitextract, shiitake-paddenstoelenextract\u2021, guldenwortel\u2021, nonivruchtenextract\u2021, knoflookbol\u2021, schietwilg, mariadistelzaad\u2021, Echinacea purpurea kruidenextract, Echinacea angustifolia wortel\u2021, Frambozenvrucht\u2021, Zwarte walnootschil, Zwarte walnootblad, Lavendelolie\u2021, Oregano-olie\u2021, Galbanumolie, Tea Tree olie\u2021, Duimkruid uit de lucht, Gentiaan lutea wortel\u2021)<\/p>\n<p><strong>Andere Ingredi\u00ebnten:<\/strong> plantaardige capsule (plantaardige cellulose), ethanol (afkomstig van suikerriet)<br \/>\n\u2021Organisch<\/p>\n<p><strong>Bevat walnootschil en -blad.<\/strong> Dit product is gemaakt zonder zuivel, gluten, soja, ma\u00efs, dierlijke producten, kunstmatige kleur- of smaakstoffen.<\/p>\n<div class=\"is-divider divider clearfix\" style=\"max-width:100%;background-color:rgb(0, 129, 199);\"><\/div>\n\n\n\t<section class=\"section\" id=\"section_1035907742\">\n\t\t<div class=\"section-bg fill\" >\n\t\t\t\t\t\t\t\t\t\n\t\t\t\n\n\t\t<\/div>\n\n\t\t\n\n\t\t<div class=\"section-content relative\">\n\t\t\t\n\n<h3>Meer over <strong>Biocidin Botanicals<\/strong><\/h3>\n<hr>\n<p><img decoding=\"async\" class=\"alignright wp-image-256272\" src=\"https:\/\/dutchhealthstore.com\/wp-content\/uploads\/2023\/09\/biocidin-botanicals-logo.png\" alt=\"\" width=\"196\" height=\"68\" srcset=\"https:\/\/dutchhealthstore.com\/wp-content\/uploads\/2023\/09\/biocidin-botanicals-logo.png 496w, https:\/\/dutchhealthstore.com\/wp-content\/uploads\/2023\/09\/biocidin-botanicals-logo-140x50.png 140w, https:\/\/dutchhealthstore.com\/wp-content\/uploads\/2023\/09\/biocidin-botanicals-logo-64x22.png 64w\" sizes=\"(max-width: 196px) 100vw, 196px\" \/>Geworteld in de nalatenschap van Rachel Fresco, een visionair die haar grondige kennis van de traditionele Chinese geneeskunde verweefde met de openbaringen van de moderne wetenschap, staat Biocidin Botanicals als een testament voor holistische genezing. Met meer dan dertig jaar baanbrekend onderzoek en botanisch meesterschap zijn we niet zomaar een merk; we zijn een beweging, toegewijd aan het herdefini\u00ebren van gezondheid door de kracht van planten.<\/p>\n<p><strong>Waarom zijn microben zo belangrijk?<\/strong>  Ons lichaam is een enorm universum dat krioelt van de microben. Om je een idee te geven: het aantal microben in ons stelsel is groter dan het aantal sterren in de Melkweg. Ze komen vaker voor dan onze eigen cellen. En deze microscopische wezens zijn niet slechts passieve bewoners; ze zijn actieve deelnemers aan de ingewikkelde dans van ons bestaan.<\/p>\n<p><strong>Het microbioom ontcijferen:<\/strong> Hoewel de term \"microbioom\" pas twee decennia geleden in zwang raakte, is het een hoeksteen geworden van moderne discussies over gezondheid. Het microbioom omvat alle micro-organismen die in harmonie in ons leven - of het nu bacteri\u00ebn, virussen of schimmels zijn. De diepte en breedte van hun invloed op onze gezondheid zijn pas onlangs erkend en onderzocht.<\/p>\n<p><strong>De rol van microben in de gezondheid:<\/strong> Deze minuscule entiteiten zijn geen krakers; ze dragen actief bij aan onze gezondheid. Meer dan 100.000 wetenschappelijke studies bewijzen de vitale rol die microben spelen:<\/p>\n<ol>\n<li>\n<p><img fetchpriority=\"high\" decoding=\"async\" class=\"wp-image-256290 alignright\" src=\"https:\/\/dutchhealthstore.com\/wp-content\/uploads\/2023\/09\/Biocidin-Botanicals-Brand-Icons.webp\" alt=\"\" width=\"493\" height=\"123\" srcset=\"https:\/\/dutchhealthstore.com\/wp-content\/uploads\/2023\/09\/Biocidin-Botanicals-Brand-Icons.webp 693w, https:\/\/dutchhealthstore.com\/wp-content\/uploads\/2023\/09\/Biocidin-Botanicals-Brand-Icons-510x127.webp 510w, https:\/\/dutchhealthstore.com\/wp-content\/uploads\/2023\/09\/Biocidin-Botanicals-Brand-Icons-64x16.webp 64w\" sizes=\"(max-width: 493px) 100vw, 493px\" \/><strong>Immuniteitsversterkers:<\/strong> Ze helpen bij het ontwikkelen van de kracht en tolerantie van ons immuunsysteem.<\/li>\n<li><strong>Voedingsstoffenfabrieken:<\/strong> Deze kleine werkers helpen bij de synthese van voedingsstoffen.<\/li>\n<li><strong>Beschermers van de gezondheid:<\/strong> Ze bieden bescherming tegen potenti\u00eble indringers.<\/li>\n<li><strong>Genezers:<\/strong> Ze spelen een centrale rol in weefselherstel en genezing.<\/li>\n<li><strong>En meer:<\/strong> Van hydratatie tot talloze andere gezondheidsaspecten, ze zijn onmisbaar.<\/li>\n<\/ol>\n\n\n\t\t<\/div>\n\n\t\t\n<style>\n#section_1035907742 {\n  padding-top: 30px;\n  padding-bottom: 30px;\n}\n<\/style>\n\t<\/section>\n\t\n","protected":false},"excerpt":{"rendered":"<p>Ondersteunt microbi\u00eble balans \/ verstoort biofilms<\/p>\n","protected":false},"featured_media":256111,"comment_status":"open","ping_status":"closed","template":"","meta":[],"product_brand":[],"product_cat":[18202,1029,8462,6757,8450,8461,6742,10162,8979,1006,8460,8978,6754,510,8988,6741,8783,6730],"product_tag":[9633,21520,21790,21519,21539],"class_list":{"0":"post-256385","1":"product","2":"type-product","3":"status-publish","4":"has-post-thumbnail","6":"product_cat-biocidin-botanicals-nl","7":"product_cat-categorieen","8":"product_cat-detox-cleanse-nl","9":"product_cat-energy-vitality-nl-2","10":"product_cat-balance-calm-nl-2","11":"product_cat-health-nl-2","12":"product_cat-clarity-focus-nl-2","13":"product_cat-brain-mind-nl","14":"product_cat-herbal-blends-nl-2","15":"product_cat-merken","16":"product_cat-nutrition-nl","17":"product_cat-optimum-health-nl-2","18":"product_cat-remedies-nl","19":"product_cat-shop-winkel","20":"product_cat-digestion-gut-health-nl-2","21":"product_cat-mood-nl-2","22":"product_cat-superfoods-herbals-nl-2","23":"product_cat-wellness-nl","24":"product_tag-detox-nl","25":"product_tag-digestion-nl","26":"product_tag-immuunsysteem-ondersteuning","27":"product_tag-optimale-gezondheid","28":"product_tag-supplement-nl","29":"pa_brand-biocidin-botanicals-nl","30":"pa_gtin-89970002036-nl","31":"pa_health-productype-brain-mind-nl","32":"pa_health-productype-detox-cleanse-nl","33":"pa_health-productype-optimum-health-nl","34":"pa_health-productype-digestion-gut-health-nl","35":"pa_health-productype-supplements-nl","36":"pa_size-90-capsules-nl","38":"first","39":"instock","40":"taxable","41":"shipping-taxable","42":"purchasable","43":"product-type-simple"},"bundled_by":[],"bundle_stock_status":"instock","bundle_stock_quantity":5,"bundle_virtual":false,"bundle_layout":"","bundle_add_to_cart_form_location":"","bundle_editable_in_cart":false,"bundle_sold_individually_context":"","bundle_item_grouping":"","bundle_min_size":"","bundle_max_size":"","bundle_price":[],"bundled_items":[],"bundle_sell_ids":[],"atum_controlled":true,"out_stock_date":null,"out_stock_threshold":null,"inheritable":false,"stock_on_hold":1,"sold_today":0,"sales_last_days":0,"out_stock_days":0,"lost_sales":0,"update_date":"2026-04-09T11:42:59","atum_locations":[],"atum_stock_status":"instock","restock_status":false,"low_stock_amount":"","sales_update_date":"2026-04-09T11:42:59","calc_backorders":null,"group_of_quantity":0,"min_quantity":0,"max_quantity":"","exclude_order_quantity_value_rules":"no","exclude_category_quantity_rules":"no","combine_variations":"no","yoast_head":"<!-- This site is optimized with the Yoast SEO Premium plugin v26.5 (Yoast SEO v26.5) - https:\/\/yoast.com\/wordpress\/plugins\/seo\/ -->\n<title>Biocidin\u00ae Broad-Spectrum Liquid Capsules (Remove) - Biocidin<\/title>\n<meta name=\"description\" content=\"Ondersteunt microbi\u00eble balans \/ verstoort biofilms\" \/>\n<meta name=\"robots\" content=\"index, follow, max-snippet:-1, max-image-preview:large, max-video-preview:-1\" \/>\n<link rel=\"canonical\" href=\"https:\/\/dutchhealthstore.com\/nl\/product\/biocidin-capsules-broad-spectrum-liquid-capsules\/\" \/>\n<meta property=\"og:locale\" content=\"nl_NL\" \/>\n<meta property=\"og:type\" content=\"article\" \/>\n<meta property=\"og:title\" content=\"Biocidin\u00ae Broad-Spectrum Liquid Capsules (Remove) - Dutch Health Store\" \/>\n<meta property=\"og:description\" content=\"Ondersteunt microbi\u00eble balans \/ verstoort biofilms\" \/>\n<meta property=\"og:url\" content=\"https:\/\/dutchhealthstore.com\/nl\/product\/biocidin-capsules-broad-spectrum-liquid-capsules\/\" \/>\n<meta property=\"og:site_name\" content=\"Dutch Health Store\" \/>\n<meta property=\"article:publisher\" content=\"https:\/\/www.instagram.com\/dutchhealthstore\/\" \/>\n<meta property=\"article:modified_time\" content=\"2026-03-25T14:02:23+00:00\" \/>\n<meta property=\"og:image\" content=\"https:\/\/dutchhealthstore.com\/wp-content\/uploads\/2023\/09\/biocidincapsules.jpg\" \/>\n\t<meta property=\"og:image:width\" content=\"510\" \/>\n\t<meta property=\"og:image:height\" content=\"510\" \/>\n\t<meta property=\"og:image:type\" content=\"image\/jpeg\" \/>\n<meta name=\"twitter:card\" content=\"summary_large_image\" \/>\n<meta name=\"twitter:label1\" content=\"Prijs\" \/>\n\t<meta name=\"twitter:data1\" content=\"&euro;64,95\" \/>\n\t<meta name=\"twitter:label2\" content=\"Beschikbaarheid\" \/>\n\t<meta name=\"twitter:data2\" content=\"Op voorraad\" \/>\n<script type=\"application\/ld+json\" class=\"yoast-schema-graph\">{\"@context\":\"https:\/\/schema.org\",\"@graph\":[{\"@type\":\"WebPage\",\"@id\":\"https:\/\/dutchhealthstore.com\/nl\/product\/biocidin-capsules-broad-spectrum-liquid-capsules\/\",\"url\":\"https:\/\/dutchhealthstore.com\/nl\/product\/biocidin-capsules-broad-spectrum-liquid-capsules\/\",\"name\":\"Biocidin\u00ae Broad-Spectrum Liquid Capsules (Remove) - Biocidin\",\"isPartOf\":{\"@id\":\"https:\/\/dutchhealthstore.com\/nl\/#website\"},\"primaryImageOfPage\":{\"@id\":\"https:\/\/dutchhealthstore.com\/nl\/product\/biocidin-capsules-broad-spectrum-liquid-capsules\/#primaryimage\"},\"image\":{\"@id\":\"https:\/\/dutchhealthstore.com\/nl\/product\/biocidin-capsules-broad-spectrum-liquid-capsules\/#primaryimage\"},\"thumbnailUrl\":\"https:\/\/dutchhealthstore.com\/wp-content\/uploads\/2023\/09\/biocidincapsules.jpg\",\"datePublished\":\"2023-09-05T11:38:41+00:00\",\"dateModified\":\"2026-03-25T14:02:23+00:00\",\"description\":\"Ondersteunt microbi\u00eble balans \/ verstoort biofilms\",\"breadcrumb\":{\"@id\":\"https:\/\/dutchhealthstore.com\/nl\/product\/biocidin-capsules-broad-spectrum-liquid-capsules\/#breadcrumb\"},\"inLanguage\":\"nl-NL\",\"potentialAction\":[{\"@type\":\"ReadAction\",\"target\":[\"https:\/\/dutchhealthstore.com\/nl\/product\/biocidin-capsules-broad-spectrum-liquid-capsules\/\"]}]},{\"@type\":\"ImageObject\",\"inLanguage\":\"nl-NL\",\"@id\":\"https:\/\/dutchhealthstore.com\/nl\/product\/biocidin-capsules-broad-spectrum-liquid-capsules\/#primaryimage\",\"url\":\"https:\/\/dutchhealthstore.com\/wp-content\/uploads\/2023\/09\/biocidincapsules.jpg\",\"contentUrl\":\"https:\/\/dutchhealthstore.com\/wp-content\/uploads\/2023\/09\/biocidincapsules.jpg\",\"width\":510,\"height\":510,\"caption\":\"biocidincapsules\"},{\"@type\":\"BreadcrumbList\",\"@id\":\"https:\/\/dutchhealthstore.com\/nl\/product\/biocidin-capsules-broad-spectrum-liquid-capsules\/#breadcrumb\",\"itemListElement\":[{\"@type\":\"ListItem\",\"position\":1,\"name\":\"Home\",\"item\":\"https:\/\/dutchhealthstore.com\/nl\/\"},{\"@type\":\"ListItem\",\"position\":2,\"name\":\"Shop\",\"item\":\"https:\/\/dutchhealthstore.com\/nl\/shop\/\"},{\"@type\":\"ListItem\",\"position\":3,\"name\":\"Biocidin\u00ae Broad-Spectrum Liquid Capsules (Remove)\"}]},{\"@type\":\"WebSite\",\"@id\":\"https:\/\/dutchhealthstore.com\/nl\/#website\",\"url\":\"https:\/\/dutchhealthstore.com\/nl\/\",\"name\":\"Dutch Health Store\",\"description\":\"Enhance Your Beauty with Organic &amp; Natural Skincare\",\"publisher\":{\"@id\":\"https:\/\/dutchhealthstore.com\/nl\/#organization\"},\"potentialAction\":[{\"@type\":\"SearchAction\",\"target\":{\"@type\":\"EntryPoint\",\"urlTemplate\":\"https:\/\/dutchhealthstore.com\/nl\/?s={search_term_string}\"},\"query-input\":{\"@type\":\"PropertyValueSpecification\",\"valueRequired\":true,\"valueName\":\"search_term_string\"}}],\"inLanguage\":\"nl-NL\"},{\"@type\":\"Organization\",\"@id\":\"https:\/\/dutchhealthstore.com\/nl\/#organization\",\"name\":\"Dutch Health Store\",\"url\":\"https:\/\/dutchhealthstore.com\/nl\/\",\"logo\":{\"@type\":\"ImageObject\",\"inLanguage\":\"nl-NL\",\"@id\":\"https:\/\/dutchhealthstore.com\/nl\/#\/schema\/logo\/image\/\",\"url\":\"https:\/\/dutchhealthstore.com\/wp-content\/uploads\/2020\/08\/logo-dutchhealthstore-jpg-e1599484957574.jpg\",\"contentUrl\":\"https:\/\/dutchhealthstore.com\/wp-content\/uploads\/2020\/08\/logo-dutchhealthstore-jpg-e1599484957574.jpg\",\"width\":400,\"height\":62,\"caption\":\"Dutch Health Store\"},\"image\":{\"@id\":\"https:\/\/dutchhealthstore.com\/nl\/#\/schema\/logo\/image\/\"},\"sameAs\":[\"https:\/\/www.instagram.com\/dutchhealthstore\/\",\"https:\/\/www.facebook.com\/dutchhealthstore\"]}]}<\/script>\n<meta property=\"product:brand\" content=\"Biocidin Botanicals\" \/>\n<meta property=\"product:price:amount\" content=\"64.95\" \/>\n<meta property=\"product:price:currency\" content=\"EUR\" \/>\n<meta property=\"og:availability\" content=\"instock\" \/>\n<meta property=\"product:availability\" content=\"instock\" \/>\n<meta property=\"product:condition\" content=\"new\" \/>\n<!-- \/ Yoast SEO Premium plugin. -->","yoast_head_json":{"title":"Biocidin\u00ae Broad-Spectrum Liquid Capsules (Remove) - Biocidin","description":"Ondersteunt microbi\u00eble balans \/ verstoort biofilms","robots":{"index":"index","follow":"follow","max-snippet":"max-snippet:-1","max-image-preview":"max-image-preview:large","max-video-preview":"max-video-preview:-1"},"canonical":"https:\/\/dutchhealthstore.com\/nl\/product\/biocidin-capsules-broad-spectrum-liquid-capsules\/","og_locale":"nl_NL","og_type":"article","og_title":"Biocidin\u00ae Broad-Spectrum Liquid Capsules (Remove) - Dutch Health Store","og_description":"Ondersteunt microbi\u00eble balans \/ verstoort biofilms","og_url":"https:\/\/dutchhealthstore.com\/nl\/product\/biocidin-capsules-broad-spectrum-liquid-capsules\/","og_site_name":"Dutch Health Store","article_publisher":"https:\/\/www.instagram.com\/dutchhealthstore\/","article_modified_time":"2026-03-25T14:02:23+00:00","og_image":[{"width":510,"height":510,"url":"https:\/\/dutchhealthstore.com\/wp-content\/uploads\/2023\/09\/biocidincapsules.jpg","type":"image\/jpeg"}],"twitter_card":"summary_large_image","twitter_misc":{"Prijs":"&euro;64,95","Beschikbaarheid":"Op voorraad"},"schema":{"@context":"https:\/\/schema.org","@graph":[{"@type":"WebPage","@id":"https:\/\/dutchhealthstore.com\/nl\/product\/biocidin-capsules-broad-spectrum-liquid-capsules\/","url":"https:\/\/dutchhealthstore.com\/nl\/product\/biocidin-capsules-broad-spectrum-liquid-capsules\/","name":"Biocidin\u00ae Broad-Spectrum Liquid Capsules (Remove) - Biocidin","isPartOf":{"@id":"https:\/\/dutchhealthstore.com\/nl\/#website"},"primaryImageOfPage":{"@id":"https:\/\/dutchhealthstore.com\/nl\/product\/biocidin-capsules-broad-spectrum-liquid-capsules\/#primaryimage"},"image":{"@id":"https:\/\/dutchhealthstore.com\/nl\/product\/biocidin-capsules-broad-spectrum-liquid-capsules\/#primaryimage"},"thumbnailUrl":"https:\/\/dutchhealthstore.com\/wp-content\/uploads\/2023\/09\/biocidincapsules.jpg","datePublished":"2023-09-05T11:38:41+00:00","dateModified":"2026-03-25T14:02:23+00:00","description":"Ondersteunt microbi\u00eble balans \/ verstoort biofilms","breadcrumb":{"@id":"https:\/\/dutchhealthstore.com\/nl\/product\/biocidin-capsules-broad-spectrum-liquid-capsules\/#breadcrumb"},"inLanguage":"nl-NL","potentialAction":[{"@type":"ReadAction","target":["https:\/\/dutchhealthstore.com\/nl\/product\/biocidin-capsules-broad-spectrum-liquid-capsules\/"]}]},{"@type":"ImageObject","inLanguage":"nl-NL","@id":"https:\/\/dutchhealthstore.com\/nl\/product\/biocidin-capsules-broad-spectrum-liquid-capsules\/#primaryimage","url":"https:\/\/dutchhealthstore.com\/wp-content\/uploads\/2023\/09\/biocidincapsules.jpg","contentUrl":"https:\/\/dutchhealthstore.com\/wp-content\/uploads\/2023\/09\/biocidincapsules.jpg","width":510,"height":510,"caption":"biocidincapsules"},{"@type":"BreadcrumbList","@id":"https:\/\/dutchhealthstore.com\/nl\/product\/biocidin-capsules-broad-spectrum-liquid-capsules\/#breadcrumb","itemListElement":[{"@type":"ListItem","position":1,"name":"Home","item":"https:\/\/dutchhealthstore.com\/nl\/"},{"@type":"ListItem","position":2,"name":"Shop","item":"https:\/\/dutchhealthstore.com\/nl\/shop\/"},{"@type":"ListItem","position":3,"name":"Biocidin\u00ae Broad-Spectrum Liquid Capsules (Remove)"}]},{"@type":"WebSite","@id":"https:\/\/dutchhealthstore.com\/nl\/#website","url":"https:\/\/dutchhealthstore.com\/nl\/","name":"Dutch Health Store","description":"Enhance Your Beauty with Organic &amp; Natural Skincare","publisher":{"@id":"https:\/\/dutchhealthstore.com\/nl\/#organization"},"potentialAction":[{"@type":"SearchAction","target":{"@type":"EntryPoint","urlTemplate":"https:\/\/dutchhealthstore.com\/nl\/?s={search_term_string}"},"query-input":{"@type":"PropertyValueSpecification","valueRequired":true,"valueName":"search_term_string"}}],"inLanguage":"nl-NL"},{"@type":"Organization","@id":"https:\/\/dutchhealthstore.com\/nl\/#organization","name":"Dutch Health Store","url":"https:\/\/dutchhealthstore.com\/nl\/","logo":{"@type":"ImageObject","inLanguage":"nl-NL","@id":"https:\/\/dutchhealthstore.com\/nl\/#\/schema\/logo\/image\/","url":"https:\/\/dutchhealthstore.com\/wp-content\/uploads\/2020\/08\/logo-dutchhealthstore-jpg-e1599484957574.jpg","contentUrl":"https:\/\/dutchhealthstore.com\/wp-content\/uploads\/2020\/08\/logo-dutchhealthstore-jpg-e1599484957574.jpg","width":400,"height":62,"caption":"Dutch Health Store"},"image":{"@id":"https:\/\/dutchhealthstore.com\/nl\/#\/schema\/logo\/image\/"},"sameAs":["https:\/\/www.instagram.com\/dutchhealthstore\/","https:\/\/www.facebook.com\/dutchhealthstore"]}]},"product_brand":"Biocidin Botanicals","product_price_amount":"64.95","product_price_currency":"EUR","og_availability":"instock","product_availability":"instock","product_condition":"new"},"_links":{"self":[{"href":"https:\/\/dutchhealthstore.com\/nl\/wp-json\/wp\/v2\/product\/256385","targetHints":{"allow":["GET"]}}],"collection":[{"href":"https:\/\/dutchhealthstore.com\/nl\/wp-json\/wp\/v2\/product"}],"about":[{"href":"https:\/\/dutchhealthstore.com\/nl\/wp-json\/wp\/v2\/types\/product"}],"replies":[{"embeddable":true,"href":"https:\/\/dutchhealthstore.com\/nl\/wp-json\/wp\/v2\/comments?post=256385"}],"wp:featuredmedia":[{"embeddable":true,"href":"https:\/\/dutchhealthstore.com\/nl\/wp-json\/wp\/v2\/media\/256111"}],"wp:attachment":[{"href":"https:\/\/dutchhealthstore.com\/nl\/wp-json\/wp\/v2\/media?parent=256385"}],"wp:term":[{"taxonomy":"product_brand","embeddable":true,"href":"https:\/\/dutchhealthstore.com\/nl\/wp-json\/wp\/v2\/product_brand?post=256385"},{"taxonomy":"product_cat","embeddable":true,"href":"https:\/\/dutchhealthstore.com\/nl\/wp-json\/wp\/v2\/product_cat?post=256385"},{"taxonomy":"product_tag","embeddable":true,"href":"https:\/\/dutchhealthstore.com\/nl\/wp-json\/wp\/v2\/product_tag?post=256385"}],"curies":[{"name":"wp","href":"https:\/\/api.w.org\/{rel}","templated":true}]}}