{"id":217057,"date":"2022-08-04T09:30:27","date_gmt":"2022-08-04T07:30:27","guid":{"rendered":"https:\/\/dutchhealthstore.com\/product\/wierook-occulta-essentiele-olie\/"},"modified":"2023-12-28T10:01:04","modified_gmt":"2023-12-28T10:01:04","slug":"frankincense-occulta-essential-oil","status":"publish","type":"product","link":"https:\/\/dutchhealthstore.com\/nl\/product\/frankincense-occulta-essential-oil\/","title":{"rendered":"Frankincense, Occulta Essential Oil"},"content":{"rendered":"<p>Dit harsachtige, waterige, buitenaardse en atmosferische aroma wervelt met raadselachtige esters die een fytochemisch fenomeen zijn in de Boswellia- en botanische wereld. De natuurlijk zoete, frisse luchtgeur van deze methylesters komt tot uiting in de frisse geur van Occulta &#8211; een onverwachte essentie die misschien het best kan worden omschreven als parfum van petrichor. Nieuw ontdekt, ontcijferd en gedistilleerd, is deze wierook uit de diepten van oude zaden en kalksteen aarde gekomen om onze introspectie te sieren en de teint te wijden met wat zeker een wierook cult klassieker zal worden.<\/p>\n<p><em>&#8220;En bovenal, kijk met glinsterende ogen naar de hele wereld om je heen, want de grootste geheimen zijn altijd verborgen op de meest onwaarschijnlijke plaatsen<\/em>.&#8221; ~ Roald Dahl<\/p>\n<p><strong>Botanische naam:<\/strong> <em>Boswellia occulta<\/em><br \/>\n<strong>Botanische familie:<\/strong> <em>Burseraceae<\/em><br \/>\n<strong>Extractiemethode:<\/strong> Stoomdestillatie<br \/>\n<strong>Gedistilleerd deel van de plant:<\/strong> Hars<br \/>\n<strong>Land van herkomst: <\/strong>El Afweyn, Somaliland<br \/>\n<strong>Teeltmethode:<\/strong> Wild geoogst<br \/>\n<strong>Samenstelling:<\/strong> 100% <em>Boswellia occulta<\/em><br \/>\n<strong>Consistentie:<\/strong> Doorschijnende gele mobiele vloeistof<br \/>\n<strong>Geurbeschrijving:<\/strong> Ontcijferbaar Frankincense harsachtig aroma met buitenaardse luchtige-ozon noten die mooi petrichor zijn. Licht zoet, licht knapperig, licht verwarmend vleugje balsamico basenoot.<\/p>\n<p><strong>Mengt goed met: <\/strong><a title=\"Grapefruit Essential Oil\" href=\"https:\/\/int.livinglibations.com\/products\/grapefruit-essential-oil\" target=\"_blank\" rel=\"noopener\" aria-describedby=\"a11y-new-window-message\">Grapefruit<\/a>,  <a title=\"Opopanax Essential Oil\" href=\"https:\/\/int.livinglibations.com\/products\/opopanax-essential-oil\" target=\"_blank\" rel=\"noopener\" aria-describedby=\"a11y-new-window-message\">Opopanax<\/a>, <a title=\"Frankincense Essential Oils\" href=\"https:\/\/int.livinglibations.com\/collections\/frankincense-essential-oils\" target=\"_blank\" rel=\"noopener\" aria-describedby=\"a11y-new-window-message\">Frankincenses<\/a>, <a title=\"Fir Essential Oils\" href=\"https:\/\/int.livinglibations.com\/collections\/fir-essential-oils\" target=\"_blank\" rel=\"noopener noreferrer\" aria-describedby=\"a11y-new-window-message\">Firs<\/a>, <a title=\"Spruce Essential Oils\" href=\"https:\/\/int.livinglibations.com\/collections\/spruce-essential-oils\" target=\"_blank\" rel=\"noopener noreferrer\" aria-describedby=\"a11y-new-window-message\">Spruces<\/a>, <a title=\"Hyssop Essential Oil\" href=\"https:\/\/int.livinglibations.com\/products\/hyssop-essential-oil\" target=\"_blank\" rel=\"noopener\" aria-describedby=\"a11y-new-window-message\">Hyssop<\/a>, <a title=\"Marjoram Essential Oil\" href=\"https:\/\/int.livinglibations.com\/products\/marjoram-essential-oil\" target=\"_blank\" rel=\"noopener\" aria-describedby=\"a11y-new-window-message\">Marjoram<\/a>, <a title=\"Inula Essential Oil\" href=\"https:\/\/int.livinglibations.com\/products\/inula-essential-oil\" target=\"_blank\" rel=\"noopener\" aria-describedby=\"a11y-new-window-message\">Inula<\/a>, <a title=\"Rose Otto Essential Oil\" href=\"https:\/\/int.livinglibations.com\/products\/rose-otto-essential-oil\" target=\"_blank\" rel=\"noopener\" aria-describedby=\"a11y-new-window-message\">Rose Otto<\/a>, <a title=\"Fragonia Essential Oil\" href=\"https:\/\/int.livinglibations.com\/products\/fragonia-essential-oil\" target=\"_blank\" rel=\"noopener\" aria-describedby=\"a11y-new-window-message\">Fragonia<\/a>, <a title=\"Myrrh Essential Oil\" href=\"https:\/\/int.livinglibations.com\/products\/myrrh-essential-oil\" target=\"_blank\" rel=\"noopener\" aria-describedby=\"a11y-new-window-message\">Myrrh<\/a>, <a title=\"Seabuckthorn Berry Essential Oil\" href=\"https:\/\/int.livinglibations.com\/products\/seabuckthorn-berry-essential-oil\" target=\"_blank\" rel=\"noopener\" aria-describedby=\"a11y-new-window-message\">Seabuckthorn<\/a>, <a title=\"Immortelle Essential Oil\" href=\"https:\/\/int.livinglibations.com\/products\/immortelle-essential-oil\" target=\"_blank\" rel=\"noopener\" aria-describedby=\"a11y-new-window-message\"> Immortelle<\/a>, <a title=\"Ylang Essential Oil\" href=\"https:\/\/int.livinglibations.com\/products\/ylang-essential-oil\" target=\"_blank\" rel=\"noopener\" aria-describedby=\"a11y-new-window-message\">Ylang<\/a>, <a title=\"Sandalwood Essential Oil\" href=\"https:\/\/int.livinglibations.com\/products\/sandalwood-essential-oil\" target=\"_blank\" rel=\"noopener\" aria-describedby=\"a11y-new-window-message\">Sandalwood<\/a>, <a title=\"Palo Santo Essential Oil\" href=\"https:\/\/int.livinglibations.com\/products\/palo-santo-essential-oil\" target=\"_blank\" rel=\"noopener\" aria-describedby=\"a11y-new-window-message\">Palo Santo<\/a>, <a title=\"Yarrow Essential Oil\" href=\"https:\/\/int.livinglibations.com\/products\/yarrow-essential-oil\" target=\"_blank\" rel=\"noopener\" aria-describedby=\"a11y-new-window-message\">Yarrow<\/a>, <a title=\"Vetiver Essential Oil\" href=\"https:\/\/int.livinglibations.com\/products\/vetiver-essential-oil\" target=\"_blank\" rel=\"noopener\" aria-describedby=\"a11y-new-window-message\">Vetiver,<\/a> <a title=\"Myrtle Essential Oil\" href=\"https:\/\/int.livinglibations.com\/products\/myrtle-essential-oil\" target=\"_blank\" rel=\"noopener\" aria-describedby=\"a11y-new-window-message\">Myrtle<\/a>, <a title=\"Bergamot Essential Oil\" href=\"https:\/\/int.livinglibations.com\/products\/bergamot-essential-oil\" target=\"_blank\" rel=\"noopener\" aria-describedby=\"a11y-new-window-message\">Bergamot<\/a>, en <a title=\"Chamomile Essential Oils\" href=\"https:\/\/int.livinglibations.com\/collections\/chamomile-essential-oils\" target=\"_blank\" rel=\"noopener noreferrer\" aria-describedby=\"a11y-new-window-message\">Chamomiles<\/a>.<\/p>\n<p><strong>Gebruik:<\/strong> Deze fijngesponnen wierook kalmeert ongerustheid, doet spanning smelten, terwijl het aroma je meeneemt naar een andere dimensie. Een superheld in huidverzorging. Deppen op fijne lijntjes, littekens, oneffenheden en tekenen van huidonevenwichtigheid. Geweldig voor mondverzorging. Goddelijk te verspreiden wekt de muze. Een klassieke bad schoonheid. Bevredigend in zoutpijpen. Mindful in bemiddeling. Manna voor spieren en massages&#8230; en de rest moet nog worden vastgesteld met onze nieuw gevonden Frankincense vriend.<\/p>\n<p><strong>Constituenten: <\/strong>Fascinerend unieke methylesters (methoxyalkanen en methoxydecanen), serratol, \u03b1-pineen, \u03b1-thuceen, limoneen, sabineen, myrceen, \u03b2-caryofylleen, en p-cymeen. De chemische samenstelling van gehydrolyseerd<em> Boswellia occulta<\/em> oleogum-hars bestaat hoofdzakelijk uit deze zeldzame, nooit botanisch bekende, methylethers (34,5-62%-62.6%), 1-methoxydecaan (26,6-47%-47.9%) en 1-methoxyoctaan (3,6-8%-8.6%). Andere belangrijke componenten zijn de diterpene alcohol serratol (2,7%-31,8%) en de sesquiterpene alcohol 4,10-di-<em>epi<\/em>-guaiol (tot15.1%). <em>Occulta<\/em> bevat een vleugje monoterpeenkoolwaterstoffen en zuurstofhoudende monoterpeno\u00efden (respectievelijk 0,3%-11,6% en 0,1%-1,0%). De huidminnende sesquiterpeno\u00efden zijn iets hoger in concentraties van 1,2% tot 23,0% sesquiterpeenkoolwaterstoffen en 1,9% tot 28,6% zuurstofhoudende sesquiterpeno\u00efden.<\/p>\n<p>Deze pas ontdekte wierooksoort heeft zich in het volle zicht verborgen. Deze wierook, die terecht Occulta Frankincense wordt genoemd, is even oud als alle andere <em>Boswellia<\/em>&#8216;s, maar bleef tot voor kort verborgen voor botanici. Deze fabelachtige nieuwe vondst heeft de Somali Sacra, Carterii en Frereana wierookstokers tientallen jaren lang voor een raadsel gesteld, omdat zeldzame verbindingen die voorheen onbekend waren in de plantenwereld op onverklaarbare wijze opdoken als bestanddeel van hun essenti\u00eble oli\u00ebn. Onbewust hadden zij hars verzameld van niet-ge\u00efdentificeerde Occulta-bomen die een fenomenale fyto-chemie bezitten.<\/p>\n<p>Occulta Frankincense onderscheidt zich morfologisch van alle andere <em>Boswellia-soorten <\/em>, door de aanwezigheid van zeldzame methoxyalkanen en methoxydecanen (methylesters), die normaal worden aangetroffen in de insectenwereld bij spinnenslangen en miljoenpoten. Deze esters fungeren als een chemische regenmantel om insecten te beschermen tegen verzadiging met water, en dezelfde esters zijn wellicht ge\u00ebvolueerd in Occulta wierook om deze te beschermen tegen uitdroging door de woestijn, door het water binnen het plantmateriaal op te sluiten. De van nature zoete, frisse luchtgeur van deze methylesters komt tot uiting in het harsachtige aroma van Occulta &#8211; een onverwachte atmosferische en waterige essentie die wellicht het best kan worden omschreven als parfum van petrichor.<\/p>\n<p>Deze formidabele wierookboom groeit op de hellingen van de dorre, naar het westen gerichte kalkrotsen in het gebied El Afweyn in Noordwest-Somaliland. Zijn botanische uniciteit onder <em>de Boswellia-soorten<\/em> strekt zich ook uit tot zijn fenotypische kenmerken; verschillend van andere<em> Boswellia-soorten <\/em>heeft Frankincense Occulta golvende, geveerde bladeren met een eindstandig blaadje en witte buisvormige bloemen die uitgroeien tot kleinere vruchten.<\/p>\n<p>Occulta Frankincense is een versterkende tonic, een plantaardige farmacopeia, en een nieuwe oude wassing om het lichaam te verfraaien. Geniet van de geur en de kalmerende, ontroerende effecten met bevredigende zoutpijpinhalaties, verspreid om de creatieve krachten te vermaken. Dep het netjes op oneffenheden en druppels in serums om de hydratatie van de huid aan te boren met het extra verzachtende middel en de bijzonder mooie methylesters van deze nieuwe vriend van de wierook. Wat een zegen om verse strengen van deze oude telegrammen te vinden!<\/p>\n<p><strong>Grootte: 5 ml<\/strong><\/p>\n<p style=\"text-align: center;\"><em>&#8220;Ik wil bij hen zijn die geheime dingen weten of anders alleen<\/em>.&#8221; ~ Rainer Maria Rilke<\/p>\n","protected":false},"excerpt":{"rendered":"<p>Alles wat verborgen is zal worden onthuld, en de fascinerende, geurige Occulta Frankincense Essential Oil is eindelijk aan het licht gebracht.<\/p>\n","protected":false},"featured_media":214038,"comment_status":"open","ping_status":"closed","template":"","meta":[],"product_brand":[],"product_cat":[1029,2465,1506,6731,1208,1006,510,6730],"product_tag":[4496],"class_list":{"0":"post-217057","1":"product","2":"type-product","3":"status-publish","4":"has-post-thumbnail","6":"product_cat-categorieen","7":"product_cat-etherische-olien","8":"product_cat-essentiele-olien-living-libations","9":"product_cat-essential-oils-nl","10":"product_cat-living-libations-nederland","11":"product_cat-merken","12":"product_cat-shop-winkel","13":"product_cat-wellness-nl","14":"product_tag-essential-oil-nl","15":"pa_brand-livinglibations-nl","16":"pa_essential-oils-product-type-essential-oils-nl","17":"pa_size-15-ml-nl","18":"pa_size-5-ml-nl","20":"first","21":"instock","22":"taxable","23":"shipping-taxable","24":"purchasable","25":"product-type-variable"},"bundled_by":[],"bundle_stock_status":"instock","bundle_stock_quantity":3,"bundle_virtual":false,"bundle_layout":"","bundle_add_to_cart_form_location":"","bundle_editable_in_cart":false,"bundle_sold_individually_context":"","bundle_item_grouping":"","bundle_min_size":"","bundle_max_size":"","bundle_price":[],"bundled_items":[],"bundle_sell_ids":[],"atum_controlled":true,"out_stock_date":null,"out_stock_threshold":null,"inheritable":true,"stock_on_hold":1,"sold_today":0,"sales_last_days":1,"out_stock_days":0,"lost_sales":0,"update_date":"2026-05-01T06:56:19","atum_locations":[],"atum_stock_status":"instock","restock_status":false,"low_stock_amount":"","sales_update_date":"2026-04-30T00:13:57","calc_backorders":null,"group_of_quantity":0,"min_quantity":0,"max_quantity":"","exclude_order_quantity_value_rules":"no","exclude_category_quantity_rules":"no","combine_variations":"no","yoast_head":"<!-- This site is optimized with the Yoast SEO Premium plugin v26.5 (Yoast SEO v26.5) - https:\/\/yoast.com\/wordpress\/plugins\/seo\/ -->\n<title>Looking for Frankincense, Occulta Essential Oil ? - Living Libations<\/title>\n<meta name=\"description\" content=\"Alles wat verborgen is zal worden onthuld, en de fascinerende, geurige Occulta Frankincense Essential Oil is eindelijk aan het licht gebracht.\" \/>\n<meta name=\"robots\" content=\"index, follow, max-snippet:-1, max-image-preview:large, max-video-preview:-1\" \/>\n<link rel=\"canonical\" href=\"https:\/\/dutchhealthstore.com\/nl\/product\/frankincense-occulta-essential-oil\/\" \/>\n<meta property=\"og:locale\" content=\"nl_NL\" \/>\n<meta property=\"og:type\" content=\"article\" \/>\n<meta property=\"og:title\" content=\"Frankincense, Occulta Essential Oil - Dutch Health Store\" \/>\n<meta property=\"og:description\" content=\"Alles wat verborgen is zal worden onthuld, en de fascinerende, geurige Occulta Frankincense Essential Oil is eindelijk aan het licht gebracht.\" \/>\n<meta property=\"og:url\" content=\"https:\/\/dutchhealthstore.com\/nl\/product\/frankincense-occulta-essential-oil\/\" \/>\n<meta property=\"og:site_name\" content=\"Dutch Health Store\" \/>\n<meta property=\"article:publisher\" content=\"https:\/\/www.instagram.com\/dutchhealthstore\/\" \/>\n<meta property=\"article:modified_time\" content=\"2023-12-28T10:01:04+00:00\" \/>\n<meta property=\"og:image\" content=\"https:\/\/dutchhealthstore.com\/wp-content\/uploads\/2022\/07\/frankincenseocculta.jpg\" \/>\n\t<meta property=\"og:image:width\" content=\"500\" \/>\n\t<meta property=\"og:image:height\" content=\"500\" \/>\n\t<meta property=\"og:image:type\" content=\"image\/jpeg\" \/>\n<meta name=\"twitter:card\" content=\"summary_large_image\" \/>\n<meta name=\"twitter:label1\" content=\"Beschikbaarheid\" \/>\n\t<meta name=\"twitter:data1\" content=\"Op voorraad\" \/>\n<script type=\"application\/ld+json\" class=\"yoast-schema-graph\">{\"@context\":\"https:\/\/schema.org\",\"@graph\":[{\"@type\":\"WebPage\",\"@id\":\"https:\/\/dutchhealthstore.com\/nl\/product\/frankincense-occulta-essential-oil\/\",\"url\":\"https:\/\/dutchhealthstore.com\/nl\/product\/frankincense-occulta-essential-oil\/\",\"name\":\"Looking for Frankincense, Occulta Essential Oil ? - Living Libations\",\"isPartOf\":{\"@id\":\"https:\/\/dutchhealthstore.com\/nl\/#website\"},\"primaryImageOfPage\":{\"@id\":\"https:\/\/dutchhealthstore.com\/nl\/product\/frankincense-occulta-essential-oil\/#primaryimage\"},\"image\":{\"@id\":\"https:\/\/dutchhealthstore.com\/nl\/product\/frankincense-occulta-essential-oil\/#primaryimage\"},\"thumbnailUrl\":\"https:\/\/dutchhealthstore.com\/wp-content\/uploads\/2022\/07\/frankincenseocculta.jpg\",\"datePublished\":\"2022-08-04T07:30:27+00:00\",\"dateModified\":\"2023-12-28T10:01:04+00:00\",\"description\":\"Alles wat verborgen is zal worden onthuld, en de fascinerende, geurige Occulta Frankincense Essential Oil is eindelijk aan het licht gebracht.\",\"breadcrumb\":{\"@id\":\"https:\/\/dutchhealthstore.com\/nl\/product\/frankincense-occulta-essential-oil\/#breadcrumb\"},\"inLanguage\":\"nl-NL\",\"potentialAction\":[{\"@type\":\"ReadAction\",\"target\":[\"https:\/\/dutchhealthstore.com\/nl\/product\/frankincense-occulta-essential-oil\/\"]}]},{\"@type\":\"ImageObject\",\"inLanguage\":\"nl-NL\",\"@id\":\"https:\/\/dutchhealthstore.com\/nl\/product\/frankincense-occulta-essential-oil\/#primaryimage\",\"url\":\"https:\/\/dutchhealthstore.com\/wp-content\/uploads\/2022\/07\/frankincenseocculta.jpg\",\"contentUrl\":\"https:\/\/dutchhealthstore.com\/wp-content\/uploads\/2022\/07\/frankincenseocculta.jpg\",\"width\":500,\"height\":500,\"caption\":\"frankincenseocculta\"},{\"@type\":\"BreadcrumbList\",\"@id\":\"https:\/\/dutchhealthstore.com\/nl\/product\/frankincense-occulta-essential-oil\/#breadcrumb\",\"itemListElement\":[{\"@type\":\"ListItem\",\"position\":1,\"name\":\"Home\",\"item\":\"https:\/\/dutchhealthstore.com\/nl\/\"},{\"@type\":\"ListItem\",\"position\":2,\"name\":\"Shop\",\"item\":\"https:\/\/dutchhealthstore.com\/nl\/shop\/\"},{\"@type\":\"ListItem\",\"position\":3,\"name\":\"Frankincense, Occulta Essential Oil\"}]},{\"@type\":\"WebSite\",\"@id\":\"https:\/\/dutchhealthstore.com\/nl\/#website\",\"url\":\"https:\/\/dutchhealthstore.com\/nl\/\",\"name\":\"Dutch Health Store\",\"description\":\"Enhance Your Beauty with Organic &amp; Natural Skincare\",\"publisher\":{\"@id\":\"https:\/\/dutchhealthstore.com\/nl\/#organization\"},\"potentialAction\":[{\"@type\":\"SearchAction\",\"target\":{\"@type\":\"EntryPoint\",\"urlTemplate\":\"https:\/\/dutchhealthstore.com\/nl\/?s={search_term_string}\"},\"query-input\":{\"@type\":\"PropertyValueSpecification\",\"valueRequired\":true,\"valueName\":\"search_term_string\"}}],\"inLanguage\":\"nl-NL\"},{\"@type\":\"Organization\",\"@id\":\"https:\/\/dutchhealthstore.com\/nl\/#organization\",\"name\":\"Dutch Health Store\",\"url\":\"https:\/\/dutchhealthstore.com\/nl\/\",\"logo\":{\"@type\":\"ImageObject\",\"inLanguage\":\"nl-NL\",\"@id\":\"https:\/\/dutchhealthstore.com\/nl\/#\/schema\/logo\/image\/\",\"url\":\"https:\/\/dutchhealthstore.com\/wp-content\/uploads\/2020\/08\/logo-dutchhealthstore-jpg-e1599484957574.jpg\",\"contentUrl\":\"https:\/\/dutchhealthstore.com\/wp-content\/uploads\/2020\/08\/logo-dutchhealthstore-jpg-e1599484957574.jpg\",\"width\":400,\"height\":62,\"caption\":\"Dutch Health Store\"},\"image\":{\"@id\":\"https:\/\/dutchhealthstore.com\/nl\/#\/schema\/logo\/image\/\"},\"sameAs\":[\"https:\/\/www.instagram.com\/dutchhealthstore\/\",\"https:\/\/www.facebook.com\/dutchhealthstore\"]}]}<\/script>\n<meta property=\"product:brand\" content=\"Living Libations\" \/>\n<meta property=\"og:availability\" content=\"instock\" \/>\n<meta property=\"product:availability\" content=\"instock\" \/>\n<meta property=\"product:condition\" content=\"new\" \/>\n<!-- \/ Yoast SEO Premium plugin. -->","yoast_head_json":{"title":"Looking for Frankincense, Occulta Essential Oil ? - Living Libations","description":"Alles wat verborgen is zal worden onthuld, en de fascinerende, geurige Occulta Frankincense Essential Oil is eindelijk aan het licht gebracht.","robots":{"index":"index","follow":"follow","max-snippet":"max-snippet:-1","max-image-preview":"max-image-preview:large","max-video-preview":"max-video-preview:-1"},"canonical":"https:\/\/dutchhealthstore.com\/nl\/product\/frankincense-occulta-essential-oil\/","og_locale":"nl_NL","og_type":"article","og_title":"Frankincense, Occulta Essential Oil - Dutch Health Store","og_description":"Alles wat verborgen is zal worden onthuld, en de fascinerende, geurige Occulta Frankincense Essential Oil is eindelijk aan het licht gebracht.","og_url":"https:\/\/dutchhealthstore.com\/nl\/product\/frankincense-occulta-essential-oil\/","og_site_name":"Dutch Health Store","article_publisher":"https:\/\/www.instagram.com\/dutchhealthstore\/","article_modified_time":"2023-12-28T10:01:04+00:00","og_image":[{"width":500,"height":500,"url":"https:\/\/dutchhealthstore.com\/wp-content\/uploads\/2022\/07\/frankincenseocculta.jpg","type":"image\/jpeg"}],"twitter_card":"summary_large_image","twitter_misc":{"Beschikbaarheid":"Op voorraad"},"schema":{"@context":"https:\/\/schema.org","@graph":[{"@type":"WebPage","@id":"https:\/\/dutchhealthstore.com\/nl\/product\/frankincense-occulta-essential-oil\/","url":"https:\/\/dutchhealthstore.com\/nl\/product\/frankincense-occulta-essential-oil\/","name":"Looking for Frankincense, Occulta Essential Oil ? - Living Libations","isPartOf":{"@id":"https:\/\/dutchhealthstore.com\/nl\/#website"},"primaryImageOfPage":{"@id":"https:\/\/dutchhealthstore.com\/nl\/product\/frankincense-occulta-essential-oil\/#primaryimage"},"image":{"@id":"https:\/\/dutchhealthstore.com\/nl\/product\/frankincense-occulta-essential-oil\/#primaryimage"},"thumbnailUrl":"https:\/\/dutchhealthstore.com\/wp-content\/uploads\/2022\/07\/frankincenseocculta.jpg","datePublished":"2022-08-04T07:30:27+00:00","dateModified":"2023-12-28T10:01:04+00:00","description":"Alles wat verborgen is zal worden onthuld, en de fascinerende, geurige Occulta Frankincense Essential Oil is eindelijk aan het licht gebracht.","breadcrumb":{"@id":"https:\/\/dutchhealthstore.com\/nl\/product\/frankincense-occulta-essential-oil\/#breadcrumb"},"inLanguage":"nl-NL","potentialAction":[{"@type":"ReadAction","target":["https:\/\/dutchhealthstore.com\/nl\/product\/frankincense-occulta-essential-oil\/"]}]},{"@type":"ImageObject","inLanguage":"nl-NL","@id":"https:\/\/dutchhealthstore.com\/nl\/product\/frankincense-occulta-essential-oil\/#primaryimage","url":"https:\/\/dutchhealthstore.com\/wp-content\/uploads\/2022\/07\/frankincenseocculta.jpg","contentUrl":"https:\/\/dutchhealthstore.com\/wp-content\/uploads\/2022\/07\/frankincenseocculta.jpg","width":500,"height":500,"caption":"frankincenseocculta"},{"@type":"BreadcrumbList","@id":"https:\/\/dutchhealthstore.com\/nl\/product\/frankincense-occulta-essential-oil\/#breadcrumb","itemListElement":[{"@type":"ListItem","position":1,"name":"Home","item":"https:\/\/dutchhealthstore.com\/nl\/"},{"@type":"ListItem","position":2,"name":"Shop","item":"https:\/\/dutchhealthstore.com\/nl\/shop\/"},{"@type":"ListItem","position":3,"name":"Frankincense, Occulta Essential Oil"}]},{"@type":"WebSite","@id":"https:\/\/dutchhealthstore.com\/nl\/#website","url":"https:\/\/dutchhealthstore.com\/nl\/","name":"Dutch Health Store","description":"Enhance Your Beauty with Organic &amp; Natural Skincare","publisher":{"@id":"https:\/\/dutchhealthstore.com\/nl\/#organization"},"potentialAction":[{"@type":"SearchAction","target":{"@type":"EntryPoint","urlTemplate":"https:\/\/dutchhealthstore.com\/nl\/?s={search_term_string}"},"query-input":{"@type":"PropertyValueSpecification","valueRequired":true,"valueName":"search_term_string"}}],"inLanguage":"nl-NL"},{"@type":"Organization","@id":"https:\/\/dutchhealthstore.com\/nl\/#organization","name":"Dutch Health Store","url":"https:\/\/dutchhealthstore.com\/nl\/","logo":{"@type":"ImageObject","inLanguage":"nl-NL","@id":"https:\/\/dutchhealthstore.com\/nl\/#\/schema\/logo\/image\/","url":"https:\/\/dutchhealthstore.com\/wp-content\/uploads\/2020\/08\/logo-dutchhealthstore-jpg-e1599484957574.jpg","contentUrl":"https:\/\/dutchhealthstore.com\/wp-content\/uploads\/2020\/08\/logo-dutchhealthstore-jpg-e1599484957574.jpg","width":400,"height":62,"caption":"Dutch Health Store"},"image":{"@id":"https:\/\/dutchhealthstore.com\/nl\/#\/schema\/logo\/image\/"},"sameAs":["https:\/\/www.instagram.com\/dutchhealthstore\/","https:\/\/www.facebook.com\/dutchhealthstore"]}]},"product_brand":"Living Libations","og_availability":"instock","product_availability":"instock","product_condition":"new"},"_links":{"self":[{"href":"https:\/\/dutchhealthstore.com\/nl\/wp-json\/wp\/v2\/product\/217057","targetHints":{"allow":["GET"]}}],"collection":[{"href":"https:\/\/dutchhealthstore.com\/nl\/wp-json\/wp\/v2\/product"}],"about":[{"href":"https:\/\/dutchhealthstore.com\/nl\/wp-json\/wp\/v2\/types\/product"}],"replies":[{"embeddable":true,"href":"https:\/\/dutchhealthstore.com\/nl\/wp-json\/wp\/v2\/comments?post=217057"}],"wp:featuredmedia":[{"embeddable":true,"href":"https:\/\/dutchhealthstore.com\/nl\/wp-json\/wp\/v2\/media\/214038"}],"wp:attachment":[{"href":"https:\/\/dutchhealthstore.com\/nl\/wp-json\/wp\/v2\/media?parent=217057"}],"wp:term":[{"taxonomy":"product_brand","embeddable":true,"href":"https:\/\/dutchhealthstore.com\/nl\/wp-json\/wp\/v2\/product_brand?post=217057"},{"taxonomy":"product_cat","embeddable":true,"href":"https:\/\/dutchhealthstore.com\/nl\/wp-json\/wp\/v2\/product_cat?post=217057"},{"taxonomy":"product_tag","embeddable":true,"href":"https:\/\/dutchhealthstore.com\/nl\/wp-json\/wp\/v2\/product_tag?post=217057"}],"curies":[{"name":"wp","href":"https:\/\/api.w.org\/{rel}","templated":true}]}}