{"id":180213,"date":"2021-11-19T09:01:56","date_gmt":"2021-11-19T08:01:56","guid":{"rendered":"https:\/\/dutchhealthstore.com\/product\/eucalyptus-radiata-essential-oil\/"},"modified":"2025-11-23T12:53:34","modified_gmt":"2025-11-23T11:53:34","slug":"eucalyptus-radiata-essential-oil","status":"publish","type":"product","link":"https:\/\/dutchhealthstore.com\/nl\/product\/eucalyptus-radiata-essential-oil\/","title":{"rendered":"Eucalyptus Radiata Essential Oil"},"content":{"rendered":"<p><img decoding=\"async\" class=\"alignright\" src=\"https:\/\/dutchhealthstore.com\/wp-content\/uploads\/2019\/08\/NEW-Living-Libations-Logo.jpg\" alt=\"NEW - Living Libations - Logo\"><\/p>\n<p>Radiata is de fluwelenste van de krachtige Eucalyptusfamilie en de luchtwegen zijn altijd blij met zijn zachte, frisse geur. Het verkwikkende aroma is een klassiek bestanddeel van dampende borstwrijvingen.<\/p>\n<p><strong>Botanische naam: <\/strong><em>Eucalyptus radiata<\/em><strong> <\/strong><br \/>\n<strong>Botanische familie:<\/strong> <em>Myrtaceae<\/em><br \/>\n<strong>Extractiemethode:<\/strong> Gestoomdistilleerd<br \/>\n<strong>Gedistilleerd deel van de plant:<\/strong> Bladeren<br \/>\n<strong>Land van herkomst:<\/strong> Australi\u00eb<br \/>\n<strong>Teeltmethode:<\/strong> Organisch<br \/>\n<strong>Samenstelling:<\/strong> 100% <em>Eucalyptus radiata<\/em><strong> <\/strong><br \/>\n<strong>Consistentie:<\/strong> Dun<br \/>\n<strong>Geurbeschrijving:<\/strong> Kamferig knapperig met een vleugje fruitigheid. De fluwelen groenheid van deze elegante eucalyptus is de meest mirte-achtige van de eucalyptussen.<br \/>\n<strong>Mengt goed met:<\/strong> Citroen, Sandelhout, Rozemarijn, Sinaasappel, Cipres, Jeneverbes, Ravensara, Zwarte spar, Douglas spar, Witte spar, Salie, Blue Mountain Sage, Kaapse kamille, en Grapefruit.<br \/>\n<strong>Bestanddelen: <\/strong>Terpeenalcoholen met cineool, 3-4% aldehyden (neral en geraniol).<\/p>\n<h3>Gebruik<\/h3>\n<p>Kalmeert en ontzwelt de huid. Vermindert seizoensgebonden benauwdheid. Perfect voor verdampers, diffusors, ontvochtigers en het stomen van sinussen. Stimulerende borstbalsem. Heerlijk in wintersiropen. Voeg toe aan een zoutpijp en aroma diffuser. Robuust in wrijfolie voor massage en droog borstelen. Een klassiek kamferachtig aroma voor sauna&#8217;s. Reiniging in bad. Uitstekend in mondverzorging. Beluchting voor vliegreizen.<\/p>\n<p><em>&#8220;Dit is de aangenaamste geur van alle eucalyptusoli\u00ebn; hij is fris met zachte citrusboventonen.&#8221;<\/em> ~ Schnaubelt, <em>The Intelligence of Essential Oils<\/em><\/p>\n<p>De trouwe vriend en eerste promotor van alle Eucalyptussoorten, Joseph Bosisto, koos als apotheker-chemicus in 1854 in Australi\u00eb voor het gebruik van Eucalyptus Radiata essenti\u00eble olie.<\/p>\n<p><em>Eucalyptus radiata<\/em> is een grote boom die voorkomt in de nattere bossen van New South Wales, Australi\u00eb. De bomen worden vaak gekapt, en de aromatische zilvergroene smalle bladeren worden geoogst voor stoomdistillatie. Eucalyptusbomen groeien snel, en deze bomen groeien snel weer aan om een duurzame oogst te produceren. De pluizige, witte pomponbloemen verschijnen uniek uit de bladoksels en rijpen uit tot zaad gevulde capsules.<\/p>\n<p>Deze Eucalyptussoort, ook bekend als smalbladige of zwarte pepermunt, wordt in de aromatherapie gewaardeerd &#8220;vaak in plaats van andere cineoolrijke oli\u00ebn, omdat ze door haar bescheiden gehalte aan 1,8-cineool (tot ~50%) minder contra-indicaties lijkt op te leveren, terwijl ze toch de voordelen ervan in zich draagt. Ze is zeer geschikt voor verstuiving. Voor mentale vermoeidheid mengt het zeer goed met coniferenolie, rozemarijn, kardemom, citroen, grapefruit en limoen, en voor congestie van de luchtwegen wellicht met kunzea en mirte.&#8221; (Peace Rhind, 2020)<\/p>\n<p>Ruikt als zijn kamferachtige compagnon <em>Eucalyptus globulus<\/em> Essential Oil, maar is fruitiger en zachter, het is een geweldige go-to essentie voor alles wat met luchtwegen te maken heeft. Snuif het, verstuif het, zoutpijp het, sauna het, dep het netjes onder je neus, of masseer het in en elke ademhaling zal easy-breezy zijn.<\/p>\n<p><strong>Grootte: 5 ml, 15 ml en 30 ml<\/strong><\/p>\n<h3>Organische Ingredi\u00ebnten<\/h3>\n<p>100% eucalyptus radiata (Eucalyptus radiata) etherische olie.<\/p>\n<p style=\"text-align: center;\"><em>&#8220;De samenstelling van deze olie is zodanig dat ze kan worden beschouwd als de &#8220;designerolie&#8221; van een aromatherapeut.&#8221; Samen met zijn aantrekkelijke geur en lage prijs is dit de nummer \u00e9\u00e9n eucalyptusolie voor alle doeleinden. De combinatie van terpeenalcoholen en cineool is zeer effectief&#8230; Ze bevat ook 3 tot 4 procent aldehyden (waaronder neral en geraniol), die deze olie een bijzonder breed werkingsspectrum geven, evenals haar uitzonderlijke aroma.&#8221;<\/em> Schnaubelt, <strong><em>Advanced Aromatherapy<\/em><\/strong><\/p>\n<p style=\"text-align: center;\"><em>&#8220;Commerci\u00eble Eucalyptusolie ruikt en voelt aan als&#8230; Eucalyptusolie. De herdistillatie (\u00e9\u00e9n fase distillatie van een essenti\u00eble olie bedoeld om de gewenste ingredi\u00ebnten te scheiden van ongewenste componenten) van Eucalyptus oli\u00ebn om de commerci\u00eble met cineole verrijkte vorm te produceren reduceert dan tot het moleculaire vlak. De geur van een authentiek monster van Eucalyptus radiata weerspiegelt echter het hele organisme en is dramatisch anders en complexer. De vergelijking van commerci\u00eble Eucalyptus met authentieke Eucalyptus radiata plaatst de eendimensionale angel van een ge\u00efsoleerde component (1,8 cineole) tegenover de ongekunstelde geur van een specifieke plantensoort.&#8221;<\/em> ~ Schnaubelt, <strong><em>The Intelligence of Essential Oils<\/em><\/strong><\/p>\n","protected":false},"excerpt":{"rendered":"<p>Gemakkelijk ademende <strong>Eucalyptus Radiata<\/strong> Essential Oil straalt koelte en helderheid uit.<\/p>\n","protected":false},"featured_media":175895,"comment_status":"open","ping_status":"closed","template":"","meta":[],"product_brand":[],"product_cat":[1029,6731,1506,2465,1208,1006,510,6730],"product_tag":[4496],"class_list":{"0":"post-180213","1":"product","2":"type-product","3":"status-publish","4":"has-post-thumbnail","6":"product_cat-categorieen","7":"product_cat-essential-oils-nl","8":"product_cat-essentiele-olien-living-libations","9":"product_cat-etherische-olien","10":"product_cat-living-libations-nederland","11":"product_cat-merken","12":"product_cat-shop-winkel","13":"product_cat-wellness-nl","14":"product_tag-essential-oil-nl","15":"pa_brand-livinglibations-nl","16":"pa_essential-oils-product-type-essential-oils-nl","17":"pa_size-15-ml-nl","18":"pa_size-30-ml-nl","19":"pa_size-5-ml-nl","21":"first","22":"instock","23":"taxable","24":"shipping-taxable","25":"purchasable","26":"product-type-variable"},"bundled_by":[],"bundle_stock_status":"instock","bundle_stock_quantity":null,"bundle_virtual":false,"bundle_layout":"","bundle_add_to_cart_form_location":"","bundle_editable_in_cart":false,"bundle_sold_individually_context":"","bundle_item_grouping":"","bundle_min_size":"","bundle_max_size":"","bundle_price":[],"bundled_items":[],"bundle_sell_ids":[],"atum_controlled":true,"out_stock_date":null,"out_stock_threshold":null,"inheritable":true,"stock_on_hold":0,"sold_today":0,"sales_last_days":0,"out_stock_days":0,"lost_sales":0,"update_date":"2026-04-25T00:12:42","atum_locations":[],"atum_stock_status":"instock","restock_status":false,"low_stock_amount":"","sales_update_date":"2026-04-25T00:12:42","calc_backorders":null,"group_of_quantity":0,"min_quantity":0,"max_quantity":"","exclude_order_quantity_value_rules":"no","exclude_category_quantity_rules":"no","combine_variations":"no","yoast_head":"<!-- This site is optimized with the Yoast SEO Premium plugin v26.5 (Yoast SEO v26.5) - https:\/\/yoast.com\/wordpress\/plugins\/seo\/ -->\n<title>Eucalyptus Radiata Essential Oil - Living Libations<\/title>\n<meta name=\"description\" content=\"Gemakkelijke ademende Eucalyptus Radiata Essential Oil straalt koelte en helderheid uit.\" \/>\n<meta name=\"robots\" content=\"index, follow, max-snippet:-1, max-image-preview:large, max-video-preview:-1\" \/>\n<link rel=\"canonical\" href=\"https:\/\/dutchhealthstore.com\/nl\/product\/eucalyptus-radiata-essential-oil\/\" \/>\n<meta property=\"og:locale\" content=\"nl_NL\" \/>\n<meta property=\"og:type\" content=\"article\" \/>\n<meta property=\"og:title\" content=\"Eucalyptus Radiata Essential Oil - Dutch Health Store\" \/>\n<meta property=\"og:description\" content=\"Gemakkelijke ademende Eucalyptus Radiata Essential Oil straalt koelte en helderheid uit.\" \/>\n<meta property=\"og:url\" content=\"https:\/\/dutchhealthstore.com\/nl\/product\/eucalyptus-radiata-essential-oil\/\" \/>\n<meta property=\"og:site_name\" content=\"Dutch Health Store\" \/>\n<meta property=\"article:publisher\" content=\"https:\/\/www.instagram.com\/dutchhealthstore\/\" \/>\n<meta property=\"article:modified_time\" content=\"2025-11-23T11:53:34+00:00\" \/>\n<meta property=\"og:image\" content=\"https:\/\/dutchhealthstore.com\/wp-content\/uploads\/2021\/11\/eucalyptusradiata.jpg\" \/>\n\t<meta property=\"og:image:width\" content=\"500\" \/>\n\t<meta property=\"og:image:height\" content=\"500\" \/>\n\t<meta property=\"og:image:type\" content=\"image\/jpeg\" \/>\n<meta name=\"twitter:card\" content=\"summary_large_image\" \/>\n<meta name=\"twitter:label1\" content=\"Beschikbaarheid\" \/>\n\t<meta name=\"twitter:data1\" content=\"Op voorraad\" \/>\n<script type=\"application\/ld+json\" class=\"yoast-schema-graph\">{\"@context\":\"https:\/\/schema.org\",\"@graph\":[{\"@type\":\"WebPage\",\"@id\":\"https:\/\/dutchhealthstore.com\/nl\/product\/eucalyptus-radiata-essential-oil\/\",\"url\":\"https:\/\/dutchhealthstore.com\/nl\/product\/eucalyptus-radiata-essential-oil\/\",\"name\":\"Eucalyptus Radiata Essential Oil - Living Libations\",\"isPartOf\":{\"@id\":\"https:\/\/dutchhealthstore.com\/nl\/#website\"},\"primaryImageOfPage\":{\"@id\":\"https:\/\/dutchhealthstore.com\/nl\/product\/eucalyptus-radiata-essential-oil\/#primaryimage\"},\"image\":{\"@id\":\"https:\/\/dutchhealthstore.com\/nl\/product\/eucalyptus-radiata-essential-oil\/#primaryimage\"},\"thumbnailUrl\":\"https:\/\/dutchhealthstore.com\/wp-content\/uploads\/2021\/11\/eucalyptusradiata.jpg\",\"datePublished\":\"2021-11-19T08:01:56+00:00\",\"dateModified\":\"2025-11-23T11:53:34+00:00\",\"description\":\"Gemakkelijke ademende Eucalyptus Radiata Essential Oil straalt koelte en helderheid uit.\",\"breadcrumb\":{\"@id\":\"https:\/\/dutchhealthstore.com\/nl\/product\/eucalyptus-radiata-essential-oil\/#breadcrumb\"},\"inLanguage\":\"nl-NL\",\"potentialAction\":[{\"@type\":\"ReadAction\",\"target\":[\"https:\/\/dutchhealthstore.com\/nl\/product\/eucalyptus-radiata-essential-oil\/\"]}]},{\"@type\":\"ImageObject\",\"inLanguage\":\"nl-NL\",\"@id\":\"https:\/\/dutchhealthstore.com\/nl\/product\/eucalyptus-radiata-essential-oil\/#primaryimage\",\"url\":\"https:\/\/dutchhealthstore.com\/wp-content\/uploads\/2021\/11\/eucalyptusradiata.jpg\",\"contentUrl\":\"https:\/\/dutchhealthstore.com\/wp-content\/uploads\/2021\/11\/eucalyptusradiata.jpg\",\"width\":500,\"height\":500,\"caption\":\"eucalyptusradiata\"},{\"@type\":\"BreadcrumbList\",\"@id\":\"https:\/\/dutchhealthstore.com\/nl\/product\/eucalyptus-radiata-essential-oil\/#breadcrumb\",\"itemListElement\":[{\"@type\":\"ListItem\",\"position\":1,\"name\":\"Home\",\"item\":\"https:\/\/dutchhealthstore.com\/nl\/\"},{\"@type\":\"ListItem\",\"position\":2,\"name\":\"Shop\",\"item\":\"https:\/\/dutchhealthstore.com\/nl\/shop\/\"},{\"@type\":\"ListItem\",\"position\":3,\"name\":\"Eucalyptus Radiata Essential Oil\"}]},{\"@type\":\"WebSite\",\"@id\":\"https:\/\/dutchhealthstore.com\/nl\/#website\",\"url\":\"https:\/\/dutchhealthstore.com\/nl\/\",\"name\":\"Dutch Health Store\",\"description\":\"Enhance Your Beauty with Organic &amp; Natural Skincare\",\"publisher\":{\"@id\":\"https:\/\/dutchhealthstore.com\/nl\/#organization\"},\"potentialAction\":[{\"@type\":\"SearchAction\",\"target\":{\"@type\":\"EntryPoint\",\"urlTemplate\":\"https:\/\/dutchhealthstore.com\/nl\/?s={search_term_string}\"},\"query-input\":{\"@type\":\"PropertyValueSpecification\",\"valueRequired\":true,\"valueName\":\"search_term_string\"}}],\"inLanguage\":\"nl-NL\"},{\"@type\":\"Organization\",\"@id\":\"https:\/\/dutchhealthstore.com\/nl\/#organization\",\"name\":\"Dutch Health Store\",\"url\":\"https:\/\/dutchhealthstore.com\/nl\/\",\"logo\":{\"@type\":\"ImageObject\",\"inLanguage\":\"nl-NL\",\"@id\":\"https:\/\/dutchhealthstore.com\/nl\/#\/schema\/logo\/image\/\",\"url\":\"https:\/\/dutchhealthstore.com\/wp-content\/uploads\/2020\/08\/logo-dutchhealthstore-jpg-e1599484957574.jpg\",\"contentUrl\":\"https:\/\/dutchhealthstore.com\/wp-content\/uploads\/2020\/08\/logo-dutchhealthstore-jpg-e1599484957574.jpg\",\"width\":400,\"height\":62,\"caption\":\"Dutch Health Store\"},\"image\":{\"@id\":\"https:\/\/dutchhealthstore.com\/nl\/#\/schema\/logo\/image\/\"},\"sameAs\":[\"https:\/\/www.instagram.com\/dutchhealthstore\/\",\"https:\/\/www.facebook.com\/dutchhealthstore\"]}]}<\/script>\n<meta property=\"product:brand\" content=\"Living Libations\" \/>\n<meta property=\"og:availability\" content=\"instock\" \/>\n<meta property=\"product:availability\" content=\"instock\" \/>\n<meta property=\"product:condition\" content=\"new\" \/>\n<!-- \/ Yoast SEO Premium plugin. -->","yoast_head_json":{"title":"Eucalyptus Radiata Essential Oil - Living Libations","description":"Gemakkelijke ademende Eucalyptus Radiata Essential Oil straalt koelte en helderheid uit.","robots":{"index":"index","follow":"follow","max-snippet":"max-snippet:-1","max-image-preview":"max-image-preview:large","max-video-preview":"max-video-preview:-1"},"canonical":"https:\/\/dutchhealthstore.com\/nl\/product\/eucalyptus-radiata-essential-oil\/","og_locale":"nl_NL","og_type":"article","og_title":"Eucalyptus Radiata Essential Oil - Dutch Health Store","og_description":"Gemakkelijke ademende Eucalyptus Radiata Essential Oil straalt koelte en helderheid uit.","og_url":"https:\/\/dutchhealthstore.com\/nl\/product\/eucalyptus-radiata-essential-oil\/","og_site_name":"Dutch Health Store","article_publisher":"https:\/\/www.instagram.com\/dutchhealthstore\/","article_modified_time":"2025-11-23T11:53:34+00:00","og_image":[{"width":500,"height":500,"url":"https:\/\/dutchhealthstore.com\/wp-content\/uploads\/2021\/11\/eucalyptusradiata.jpg","type":"image\/jpeg"}],"twitter_card":"summary_large_image","twitter_misc":{"Beschikbaarheid":"Op voorraad"},"schema":{"@context":"https:\/\/schema.org","@graph":[{"@type":"WebPage","@id":"https:\/\/dutchhealthstore.com\/nl\/product\/eucalyptus-radiata-essential-oil\/","url":"https:\/\/dutchhealthstore.com\/nl\/product\/eucalyptus-radiata-essential-oil\/","name":"Eucalyptus Radiata Essential Oil - Living Libations","isPartOf":{"@id":"https:\/\/dutchhealthstore.com\/nl\/#website"},"primaryImageOfPage":{"@id":"https:\/\/dutchhealthstore.com\/nl\/product\/eucalyptus-radiata-essential-oil\/#primaryimage"},"image":{"@id":"https:\/\/dutchhealthstore.com\/nl\/product\/eucalyptus-radiata-essential-oil\/#primaryimage"},"thumbnailUrl":"https:\/\/dutchhealthstore.com\/wp-content\/uploads\/2021\/11\/eucalyptusradiata.jpg","datePublished":"2021-11-19T08:01:56+00:00","dateModified":"2025-11-23T11:53:34+00:00","description":"Gemakkelijke ademende Eucalyptus Radiata Essential Oil straalt koelte en helderheid uit.","breadcrumb":{"@id":"https:\/\/dutchhealthstore.com\/nl\/product\/eucalyptus-radiata-essential-oil\/#breadcrumb"},"inLanguage":"nl-NL","potentialAction":[{"@type":"ReadAction","target":["https:\/\/dutchhealthstore.com\/nl\/product\/eucalyptus-radiata-essential-oil\/"]}]},{"@type":"ImageObject","inLanguage":"nl-NL","@id":"https:\/\/dutchhealthstore.com\/nl\/product\/eucalyptus-radiata-essential-oil\/#primaryimage","url":"https:\/\/dutchhealthstore.com\/wp-content\/uploads\/2021\/11\/eucalyptusradiata.jpg","contentUrl":"https:\/\/dutchhealthstore.com\/wp-content\/uploads\/2021\/11\/eucalyptusradiata.jpg","width":500,"height":500,"caption":"eucalyptusradiata"},{"@type":"BreadcrumbList","@id":"https:\/\/dutchhealthstore.com\/nl\/product\/eucalyptus-radiata-essential-oil\/#breadcrumb","itemListElement":[{"@type":"ListItem","position":1,"name":"Home","item":"https:\/\/dutchhealthstore.com\/nl\/"},{"@type":"ListItem","position":2,"name":"Shop","item":"https:\/\/dutchhealthstore.com\/nl\/shop\/"},{"@type":"ListItem","position":3,"name":"Eucalyptus Radiata Essential Oil"}]},{"@type":"WebSite","@id":"https:\/\/dutchhealthstore.com\/nl\/#website","url":"https:\/\/dutchhealthstore.com\/nl\/","name":"Dutch Health Store","description":"Enhance Your Beauty with Organic &amp; Natural Skincare","publisher":{"@id":"https:\/\/dutchhealthstore.com\/nl\/#organization"},"potentialAction":[{"@type":"SearchAction","target":{"@type":"EntryPoint","urlTemplate":"https:\/\/dutchhealthstore.com\/nl\/?s={search_term_string}"},"query-input":{"@type":"PropertyValueSpecification","valueRequired":true,"valueName":"search_term_string"}}],"inLanguage":"nl-NL"},{"@type":"Organization","@id":"https:\/\/dutchhealthstore.com\/nl\/#organization","name":"Dutch Health Store","url":"https:\/\/dutchhealthstore.com\/nl\/","logo":{"@type":"ImageObject","inLanguage":"nl-NL","@id":"https:\/\/dutchhealthstore.com\/nl\/#\/schema\/logo\/image\/","url":"https:\/\/dutchhealthstore.com\/wp-content\/uploads\/2020\/08\/logo-dutchhealthstore-jpg-e1599484957574.jpg","contentUrl":"https:\/\/dutchhealthstore.com\/wp-content\/uploads\/2020\/08\/logo-dutchhealthstore-jpg-e1599484957574.jpg","width":400,"height":62,"caption":"Dutch Health Store"},"image":{"@id":"https:\/\/dutchhealthstore.com\/nl\/#\/schema\/logo\/image\/"},"sameAs":["https:\/\/www.instagram.com\/dutchhealthstore\/","https:\/\/www.facebook.com\/dutchhealthstore"]}]},"product_brand":"Living Libations","og_availability":"instock","product_availability":"instock","product_condition":"new"},"_links":{"self":[{"href":"https:\/\/dutchhealthstore.com\/nl\/wp-json\/wp\/v2\/product\/180213","targetHints":{"allow":["GET"]}}],"collection":[{"href":"https:\/\/dutchhealthstore.com\/nl\/wp-json\/wp\/v2\/product"}],"about":[{"href":"https:\/\/dutchhealthstore.com\/nl\/wp-json\/wp\/v2\/types\/product"}],"replies":[{"embeddable":true,"href":"https:\/\/dutchhealthstore.com\/nl\/wp-json\/wp\/v2\/comments?post=180213"}],"wp:featuredmedia":[{"embeddable":true,"href":"https:\/\/dutchhealthstore.com\/nl\/wp-json\/wp\/v2\/media\/175895"}],"wp:attachment":[{"href":"https:\/\/dutchhealthstore.com\/nl\/wp-json\/wp\/v2\/media?parent=180213"}],"wp:term":[{"taxonomy":"product_brand","embeddable":true,"href":"https:\/\/dutchhealthstore.com\/nl\/wp-json\/wp\/v2\/product_brand?post=180213"},{"taxonomy":"product_cat","embeddable":true,"href":"https:\/\/dutchhealthstore.com\/nl\/wp-json\/wp\/v2\/product_cat?post=180213"},{"taxonomy":"product_tag","embeddable":true,"href":"https:\/\/dutchhealthstore.com\/nl\/wp-json\/wp\/v2\/product_tag?post=180213"}],"curies":[{"name":"wp","href":"https:\/\/api.w.org\/{rel}","templated":true}]}}