{"id":180204,"date":"2021-12-24T12:26:05","date_gmt":"2021-12-24T11:26:05","guid":{"rendered":"https:\/\/dutchhealthstore.com\/product\/thyme-moroccan-essential-oil\/"},"modified":"2025-08-12T10:49:09","modified_gmt":"2025-08-12T08:49:09","slug":"thyme-moroccan-essential-oil","status":"publish","type":"product","link":"https:\/\/dutchhealthstore.com\/nl\/product\/thyme-moroccan-essential-oil\/","title":{"rendered":"Thyme, Moroccan Essential Oil"},"content":{"rendered":"<p><img decoding=\"async\" class=\"alignright\" src=\"https:\/\/dutchhealthstore.com\/wp-content\/uploads\/2019\/08\/NEW-Living-Libations-Logo.jpg\" alt=\"NEW - Living Libations - Logo\"><\/p>\n<p>Deze kostbare tijm wordt in kleine hoeveelheden gedistilleerd en groeit in een vallei in Zuid-Marokko waar het Atlasgebergte grenst aan het zand van de Sahara-woestijn. Het verleidelijke aroma van Moroccan Thyme Essential Oil verleidt de smaakpapillen en brengt je terug naar kruidige seizoensstoofpotjes bij het vuur, waar stress wordt verzacht en vitaliteit wordt hersteld. Het is een nette traktatie wanneer kracht nodig is en helderheid gevraagd wordt.<\/p>\n<p><em>&#8220;Wind-tijm die ruikt als het parfum van de dageraad in het paradijs.&#8221;<\/em> Rudyard Kipling<\/p>\n<p><strong>Botanische naam:<\/strong> <em>Thymus satureioides<\/em><br \/>\n<strong>Botanische familie:<\/strong> <em>Lamiaceae<\/em><br \/>\n<strong>Extractiemethode:<\/strong> Gestoomdistilleerd<br \/>\n<strong>Gedistilleerd deel van de plant:<\/strong> Bladeren<br \/>\n<strong>Land van herkomst:<\/strong> Marokko<br \/>\n<strong>Teeltmethode:<\/strong> Organisch<br \/>\n<strong>Samenstelling:<\/strong> 100% <em>Thymus satureiodes<\/em><br \/>\n<strong>Consistentie:<\/strong> Dun<br \/>\n<strong>Geurbeschrijving:<\/strong> Hartig, kruidig aroma dat de borst verwarmt en doet denken aan smakelijke herfstrefecties.<br \/>\n<strong>Mengt goed met:<\/strong> Lavendel, citrus, zoete tijm, tijm, oregano, hysop, nardus, kardemom, Inula, scharlei, marjolein, salie en kruidnagel.<br \/>\n<strong>Bestanddelen:<\/strong> Opvallend hoog gehalte aan borneol. Carvacrol, alfa-terpineol, beta-caryofylleen, camfeen, linalool en thymol. <em>&#8220;De twee hoofdbestanddelen van de olie zijn carvacrol en borneol. Oli\u00ebn als oregano kunnen moeilijk te bewerken zijn met [as in always dilute]&#8230; Niet zo met Marokkaanse Tijm. De concentratie carvacrol (een fenol) is laag genoeg om de olie beter te verdragen. Maar de werkelijk uitstekende kwaliteit van deze Tijm is zijn unieke hoge borneolgehalte (een waardevolle terpeenalcohol die in geen enkele andere olie in even hoge concentraties voorkomt).&#8221;<\/em> ~Schnaubelt<\/p>\n<h3>Gebruik<\/h3>\n<p>Verstuiven bij koud weer voor heldere luchtwegen en schonere ruimtes. Betere ademhalingsbalsem. Een druppel in hartige sauzen en gerechten voor een warm kruidig aroma. Voegt langdurige kruidenwarmte toe aan parfums. De unieke en hoog gehalte borneol bestanddelen van Moroccan Thyme Essential Oil kunnen bij koelere temperatuur stollen. Breng de olie op lichaamstemperatuur door hem in een warme hand te houden of het flesje in warm water te laten zitten.<\/p>\n<p><strong>Contra-indicatie:<\/strong> Verdunnen tot 1% voor plaatselijk gebruik.<\/p>\n<p>De botanische <em>Thymus-familie<\/em> omvat meer dan 300 soorten winterharde kruidachtige planten die zeer bekend zijn in de kruidengeneeskunde en de culinaire sector. Marokkaanse tijm is een populaire en mooie aromatische tuinheester en culinair kruid uit het Middellandse Zeegebied. Het kruid zit boordevol 139 bioactieve stoffen zoals terpeno\u00efden, fenolzuren en flavono\u00efden die vrijkomen wanneer ze worden blootgesteld aan stoom en worden opgevangen om deze tijdloze essenti\u00eble olie te cre\u00ebren.<\/p>\n<p>Moroccan Thyme Essential Oil is puur plantaardig, en een klein beetje is voldoende. In topische preparaten moet het worden verdund tot niet meer dan 1% in een organische draagolie. Voor culinair gebruik: slechts \u00e9\u00e9n druppel vlak voor het opdienen geeft een bevredigend-savoriaal aroma aan elk gerecht.<\/p>\n<p>Een vleugje van dit warme, stimulerende aroma versterkt gespannen zenuwen, verhoogt de vitaliteit en verlicht de last. Als aanvulling op een balsem aangebracht op een zware borst of verzadigde sinussen, brengt het een betere ademhaling tot stand. Deze tijm staat aan jouw kant!<\/p>\n<p><strong>Grootte: 5 ml en 15 ml<\/strong><\/p>\n<h3>Organische Ingredi\u00ebnten<\/h3>\n<p>100% Marokkaanse tijm (Thymus satureioides) essentiele olie.<\/p>\n","protected":false},"excerpt":{"rendered":"<p>Rijkelijke borneol maakt dit een legende in zijn eigen tijm!<\/p>\n","protected":false},"featured_media":175960,"comment_status":"open","ping_status":"closed","template":"","meta":[],"product_brand":[],"product_cat":[1029,2465,1506,6731,1208,1006,510,6730],"product_tag":[4496],"class_list":{"0":"post-180204","1":"product","2":"type-product","3":"status-publish","4":"has-post-thumbnail","6":"product_cat-categorieen","7":"product_cat-etherische-olien","8":"product_cat-essentiele-olien-living-libations","9":"product_cat-essential-oils-nl","10":"product_cat-living-libations-nederland","11":"product_cat-merken","12":"product_cat-shop-winkel","13":"product_cat-wellness-nl","14":"product_tag-essential-oil-nl","15":"pa_brand-livinglibations-nl","16":"pa_essential-oils-product-type-essential-oils-nl","17":"pa_size-15-ml-nl","18":"pa_size-5-ml-nl","20":"first","21":"instock","22":"taxable","23":"shipping-taxable","24":"purchasable","25":"product-type-variable"},"bundled_by":[],"bundle_stock_status":"instock","bundle_stock_quantity":null,"bundle_virtual":false,"bundle_layout":"","bundle_add_to_cart_form_location":"","bundle_editable_in_cart":false,"bundle_sold_individually_context":"","bundle_item_grouping":"","bundle_min_size":"","bundle_max_size":"","bundle_price":[],"bundled_items":[],"bundle_sell_ids":[],"atum_controlled":true,"out_stock_date":null,"out_stock_threshold":null,"inheritable":true,"stock_on_hold":0,"sold_today":0,"sales_last_days":0,"out_stock_days":0,"lost_sales":0,"update_date":"2026-04-18T00:05:54","atum_locations":[],"atum_stock_status":"instock","restock_status":false,"low_stock_amount":"","sales_update_date":"2026-04-18T00:05:54","calc_backorders":null,"group_of_quantity":0,"min_quantity":0,"max_quantity":"","exclude_order_quantity_value_rules":"no","exclude_category_quantity_rules":"no","combine_variations":"no","yoast_head":"<!-- This site is optimized with the Yoast SEO Premium plugin v26.5 (Yoast SEO v26.5) - https:\/\/yoast.com\/wordpress\/plugins\/seo\/ -->\n<title>Thyme, Moroccan Essential Oil - Living Libations<\/title>\n<meta name=\"description\" content=\"Rijkelijke borneol maakt dit een legende in zijn eigen tijm!\" \/>\n<meta name=\"robots\" content=\"index, follow, max-snippet:-1, max-image-preview:large, max-video-preview:-1\" \/>\n<link rel=\"canonical\" href=\"https:\/\/dutchhealthstore.com\/nl\/product\/thyme-moroccan-essential-oil\/\" \/>\n<meta property=\"og:locale\" content=\"nl_NL\" \/>\n<meta property=\"og:type\" content=\"article\" \/>\n<meta property=\"og:title\" content=\"Thyme, Moroccan Essential Oil - Dutch Health Store\" \/>\n<meta property=\"og:description\" content=\"Rijkelijke borneol maakt dit een legende in zijn eigen tijm!\" \/>\n<meta property=\"og:url\" content=\"https:\/\/dutchhealthstore.com\/nl\/product\/thyme-moroccan-essential-oil\/\" \/>\n<meta property=\"og:site_name\" content=\"Dutch Health Store\" \/>\n<meta property=\"article:publisher\" content=\"https:\/\/www.instagram.com\/dutchhealthstore\/\" \/>\n<meta property=\"article:modified_time\" content=\"2025-08-12T08:49:09+00:00\" \/>\n<meta property=\"og:image\" content=\"https:\/\/dutchhealthstore.com\/wp-content\/uploads\/2021\/11\/thyme-moroccan-essential-oil.jpg\" \/>\n\t<meta property=\"og:image:width\" content=\"500\" \/>\n\t<meta property=\"og:image:height\" content=\"500\" \/>\n\t<meta property=\"og:image:type\" content=\"image\/jpeg\" \/>\n<meta name=\"twitter:card\" content=\"summary_large_image\" \/>\n<meta name=\"twitter:label1\" content=\"Beschikbaarheid\" \/>\n\t<meta name=\"twitter:data1\" content=\"Op voorraad\" \/>\n<script type=\"application\/ld+json\" class=\"yoast-schema-graph\">{\"@context\":\"https:\/\/schema.org\",\"@graph\":[{\"@type\":\"WebPage\",\"@id\":\"https:\/\/dutchhealthstore.com\/nl\/product\/thyme-moroccan-essential-oil\/\",\"url\":\"https:\/\/dutchhealthstore.com\/nl\/product\/thyme-moroccan-essential-oil\/\",\"name\":\"Thyme, Moroccan Essential Oil - Living Libations\",\"isPartOf\":{\"@id\":\"https:\/\/dutchhealthstore.com\/nl\/#website\"},\"primaryImageOfPage\":{\"@id\":\"https:\/\/dutchhealthstore.com\/nl\/product\/thyme-moroccan-essential-oil\/#primaryimage\"},\"image\":{\"@id\":\"https:\/\/dutchhealthstore.com\/nl\/product\/thyme-moroccan-essential-oil\/#primaryimage\"},\"thumbnailUrl\":\"https:\/\/dutchhealthstore.com\/wp-content\/uploads\/2021\/11\/thyme-moroccan-essential-oil.jpg\",\"datePublished\":\"2021-12-24T11:26:05+00:00\",\"dateModified\":\"2025-08-12T08:49:09+00:00\",\"description\":\"Rijkelijke borneol maakt dit een legende in zijn eigen tijm!\",\"breadcrumb\":{\"@id\":\"https:\/\/dutchhealthstore.com\/nl\/product\/thyme-moroccan-essential-oil\/#breadcrumb\"},\"inLanguage\":\"nl-NL\",\"potentialAction\":[{\"@type\":\"ReadAction\",\"target\":[\"https:\/\/dutchhealthstore.com\/nl\/product\/thyme-moroccan-essential-oil\/\"]}]},{\"@type\":\"ImageObject\",\"inLanguage\":\"nl-NL\",\"@id\":\"https:\/\/dutchhealthstore.com\/nl\/product\/thyme-moroccan-essential-oil\/#primaryimage\",\"url\":\"https:\/\/dutchhealthstore.com\/wp-content\/uploads\/2021\/11\/thyme-moroccan-essential-oil.jpg\",\"contentUrl\":\"https:\/\/dutchhealthstore.com\/wp-content\/uploads\/2021\/11\/thyme-moroccan-essential-oil.jpg\",\"width\":500,\"height\":500,\"caption\":\"thyme moroccan essential oil\"},{\"@type\":\"BreadcrumbList\",\"@id\":\"https:\/\/dutchhealthstore.com\/nl\/product\/thyme-moroccan-essential-oil\/#breadcrumb\",\"itemListElement\":[{\"@type\":\"ListItem\",\"position\":1,\"name\":\"Home\",\"item\":\"https:\/\/dutchhealthstore.com\/nl\/\"},{\"@type\":\"ListItem\",\"position\":2,\"name\":\"Shop\",\"item\":\"https:\/\/dutchhealthstore.com\/nl\/shop\/\"},{\"@type\":\"ListItem\",\"position\":3,\"name\":\"Thyme, Moroccan Essential Oil\"}]},{\"@type\":\"WebSite\",\"@id\":\"https:\/\/dutchhealthstore.com\/nl\/#website\",\"url\":\"https:\/\/dutchhealthstore.com\/nl\/\",\"name\":\"Dutch Health Store\",\"description\":\"Enhance Your Beauty with Organic &amp; Natural Skincare\",\"publisher\":{\"@id\":\"https:\/\/dutchhealthstore.com\/nl\/#organization\"},\"potentialAction\":[{\"@type\":\"SearchAction\",\"target\":{\"@type\":\"EntryPoint\",\"urlTemplate\":\"https:\/\/dutchhealthstore.com\/nl\/?s={search_term_string}\"},\"query-input\":{\"@type\":\"PropertyValueSpecification\",\"valueRequired\":true,\"valueName\":\"search_term_string\"}}],\"inLanguage\":\"nl-NL\"},{\"@type\":\"Organization\",\"@id\":\"https:\/\/dutchhealthstore.com\/nl\/#organization\",\"name\":\"Dutch Health Store\",\"url\":\"https:\/\/dutchhealthstore.com\/nl\/\",\"logo\":{\"@type\":\"ImageObject\",\"inLanguage\":\"nl-NL\",\"@id\":\"https:\/\/dutchhealthstore.com\/nl\/#\/schema\/logo\/image\/\",\"url\":\"https:\/\/dutchhealthstore.com\/wp-content\/uploads\/2020\/08\/logo-dutchhealthstore-jpg-e1599484957574.jpg\",\"contentUrl\":\"https:\/\/dutchhealthstore.com\/wp-content\/uploads\/2020\/08\/logo-dutchhealthstore-jpg-e1599484957574.jpg\",\"width\":400,\"height\":62,\"caption\":\"Dutch Health Store\"},\"image\":{\"@id\":\"https:\/\/dutchhealthstore.com\/nl\/#\/schema\/logo\/image\/\"},\"sameAs\":[\"https:\/\/www.instagram.com\/dutchhealthstore\/\",\"https:\/\/www.facebook.com\/dutchhealthstore\"]}]}<\/script>\n<meta property=\"product:brand\" content=\"Living Libations\" \/>\n<meta property=\"og:availability\" content=\"instock\" \/>\n<meta property=\"product:availability\" content=\"instock\" \/>\n<meta property=\"product:condition\" content=\"new\" \/>\n<!-- \/ Yoast SEO Premium plugin. -->","yoast_head_json":{"title":"Thyme, Moroccan Essential Oil - Living Libations","description":"Rijkelijke borneol maakt dit een legende in zijn eigen tijm!","robots":{"index":"index","follow":"follow","max-snippet":"max-snippet:-1","max-image-preview":"max-image-preview:large","max-video-preview":"max-video-preview:-1"},"canonical":"https:\/\/dutchhealthstore.com\/nl\/product\/thyme-moroccan-essential-oil\/","og_locale":"nl_NL","og_type":"article","og_title":"Thyme, Moroccan Essential Oil - Dutch Health Store","og_description":"Rijkelijke borneol maakt dit een legende in zijn eigen tijm!","og_url":"https:\/\/dutchhealthstore.com\/nl\/product\/thyme-moroccan-essential-oil\/","og_site_name":"Dutch Health Store","article_publisher":"https:\/\/www.instagram.com\/dutchhealthstore\/","article_modified_time":"2025-08-12T08:49:09+00:00","og_image":[{"width":500,"height":500,"url":"https:\/\/dutchhealthstore.com\/wp-content\/uploads\/2021\/11\/thyme-moroccan-essential-oil.jpg","type":"image\/jpeg"}],"twitter_card":"summary_large_image","twitter_misc":{"Beschikbaarheid":"Op voorraad"},"schema":{"@context":"https:\/\/schema.org","@graph":[{"@type":"WebPage","@id":"https:\/\/dutchhealthstore.com\/nl\/product\/thyme-moroccan-essential-oil\/","url":"https:\/\/dutchhealthstore.com\/nl\/product\/thyme-moroccan-essential-oil\/","name":"Thyme, Moroccan Essential Oil - Living Libations","isPartOf":{"@id":"https:\/\/dutchhealthstore.com\/nl\/#website"},"primaryImageOfPage":{"@id":"https:\/\/dutchhealthstore.com\/nl\/product\/thyme-moroccan-essential-oil\/#primaryimage"},"image":{"@id":"https:\/\/dutchhealthstore.com\/nl\/product\/thyme-moroccan-essential-oil\/#primaryimage"},"thumbnailUrl":"https:\/\/dutchhealthstore.com\/wp-content\/uploads\/2021\/11\/thyme-moroccan-essential-oil.jpg","datePublished":"2021-12-24T11:26:05+00:00","dateModified":"2025-08-12T08:49:09+00:00","description":"Rijkelijke borneol maakt dit een legende in zijn eigen tijm!","breadcrumb":{"@id":"https:\/\/dutchhealthstore.com\/nl\/product\/thyme-moroccan-essential-oil\/#breadcrumb"},"inLanguage":"nl-NL","potentialAction":[{"@type":"ReadAction","target":["https:\/\/dutchhealthstore.com\/nl\/product\/thyme-moroccan-essential-oil\/"]}]},{"@type":"ImageObject","inLanguage":"nl-NL","@id":"https:\/\/dutchhealthstore.com\/nl\/product\/thyme-moroccan-essential-oil\/#primaryimage","url":"https:\/\/dutchhealthstore.com\/wp-content\/uploads\/2021\/11\/thyme-moroccan-essential-oil.jpg","contentUrl":"https:\/\/dutchhealthstore.com\/wp-content\/uploads\/2021\/11\/thyme-moroccan-essential-oil.jpg","width":500,"height":500,"caption":"thyme moroccan essential oil"},{"@type":"BreadcrumbList","@id":"https:\/\/dutchhealthstore.com\/nl\/product\/thyme-moroccan-essential-oil\/#breadcrumb","itemListElement":[{"@type":"ListItem","position":1,"name":"Home","item":"https:\/\/dutchhealthstore.com\/nl\/"},{"@type":"ListItem","position":2,"name":"Shop","item":"https:\/\/dutchhealthstore.com\/nl\/shop\/"},{"@type":"ListItem","position":3,"name":"Thyme, Moroccan Essential Oil"}]},{"@type":"WebSite","@id":"https:\/\/dutchhealthstore.com\/nl\/#website","url":"https:\/\/dutchhealthstore.com\/nl\/","name":"Dutch Health Store","description":"Enhance Your Beauty with Organic &amp; Natural Skincare","publisher":{"@id":"https:\/\/dutchhealthstore.com\/nl\/#organization"},"potentialAction":[{"@type":"SearchAction","target":{"@type":"EntryPoint","urlTemplate":"https:\/\/dutchhealthstore.com\/nl\/?s={search_term_string}"},"query-input":{"@type":"PropertyValueSpecification","valueRequired":true,"valueName":"search_term_string"}}],"inLanguage":"nl-NL"},{"@type":"Organization","@id":"https:\/\/dutchhealthstore.com\/nl\/#organization","name":"Dutch Health Store","url":"https:\/\/dutchhealthstore.com\/nl\/","logo":{"@type":"ImageObject","inLanguage":"nl-NL","@id":"https:\/\/dutchhealthstore.com\/nl\/#\/schema\/logo\/image\/","url":"https:\/\/dutchhealthstore.com\/wp-content\/uploads\/2020\/08\/logo-dutchhealthstore-jpg-e1599484957574.jpg","contentUrl":"https:\/\/dutchhealthstore.com\/wp-content\/uploads\/2020\/08\/logo-dutchhealthstore-jpg-e1599484957574.jpg","width":400,"height":62,"caption":"Dutch Health Store"},"image":{"@id":"https:\/\/dutchhealthstore.com\/nl\/#\/schema\/logo\/image\/"},"sameAs":["https:\/\/www.instagram.com\/dutchhealthstore\/","https:\/\/www.facebook.com\/dutchhealthstore"]}]},"product_brand":"Living Libations","og_availability":"instock","product_availability":"instock","product_condition":"new"},"_links":{"self":[{"href":"https:\/\/dutchhealthstore.com\/nl\/wp-json\/wp\/v2\/product\/180204","targetHints":{"allow":["GET"]}}],"collection":[{"href":"https:\/\/dutchhealthstore.com\/nl\/wp-json\/wp\/v2\/product"}],"about":[{"href":"https:\/\/dutchhealthstore.com\/nl\/wp-json\/wp\/v2\/types\/product"}],"replies":[{"embeddable":true,"href":"https:\/\/dutchhealthstore.com\/nl\/wp-json\/wp\/v2\/comments?post=180204"}],"wp:featuredmedia":[{"embeddable":true,"href":"https:\/\/dutchhealthstore.com\/nl\/wp-json\/wp\/v2\/media\/175960"}],"wp:attachment":[{"href":"https:\/\/dutchhealthstore.com\/nl\/wp-json\/wp\/v2\/media?parent=180204"}],"wp:term":[{"taxonomy":"product_brand","embeddable":true,"href":"https:\/\/dutchhealthstore.com\/nl\/wp-json\/wp\/v2\/product_brand?post=180204"},{"taxonomy":"product_cat","embeddable":true,"href":"https:\/\/dutchhealthstore.com\/nl\/wp-json\/wp\/v2\/product_cat?post=180204"},{"taxonomy":"product_tag","embeddable":true,"href":"https:\/\/dutchhealthstore.com\/nl\/wp-json\/wp\/v2\/product_tag?post=180204"}],"curies":[{"name":"wp","href":"https:\/\/api.w.org\/{rel}","templated":true}]}}