{"id":161893,"date":"2021-08-10T09:20:39","date_gmt":"2021-08-10T07:20:39","guid":{"rendered":"https:\/\/dutchhealthstore.com\/product\/sublimely-soothing-solution\/"},"modified":"2026-03-24T17:24:45","modified_gmt":"2026-03-24T16:24:45","slug":"best-skin-ever-immortelle","status":"publish","type":"product","link":"https:\/\/dutchhealthstore.com\/nl\/product\/best-skin-ever-immortelle\/","title":{"rendered":"Best Skin Ever &#8211; Immortelle"},"content":{"rendered":"<p><img decoding=\"async\" class=\"alignright\" src=\"https:\/\/dutchhealthstore.com\/wp-content\/uploads\/2019\/08\/NEW-Living-Libations-Logo.jpg\" alt=\"NEW - Living Libations - Logo\"><\/p>\n<p>Immortelle Best Skin Ever is een superfijne formule van elegante essences die klaar is voor elke huidgevoeligheid, puistjes, puistjesfestiviteiten of acneactiviteiten, en littekens worden gekalmeerd, gladgestreken, gekalmeerd en in balans gebracht voor een gepolijste teint.<\/p>\n<p>Deze Benevolent Beauty brengt de huid in balans en laat haar stralen! Breng deze subliem verzachtende oplossing &#8217;s morgens en &#8217;s avonds aan om uw gezicht en lichaam te reinigen en te hydrateren.<\/p>\n<p>Immortelle, de stralende ster van dit super huidserum, is een van de best presterende oli\u00ebn in het pantheon van botanische middelen voor huidverzorgingsperfectie. Deze zeldzame edelsteen heeft krachtige herstellende eigenschappen die het uiterlijk van huidimperfecties aanzienlijk verbeteren. Versterkende Tigray Frankincense en regenererende Geranium worden gecombineerd met de huidkalmerende sesquiterpenolen van Palmarosa, Lavendel en Ylang om de cellen te laten zingen. Deze actieve essences rijden in de huid gewikkeld in de weelderige verzachtende en fosfolipiden van frambozenzaadolie en verzadigd in de ceramiden van jojoba. Deze alles-in-\u00e9\u00e9n formule voor gezicht en lichaam is gemaakt om vlekken, littekens en oneffenheden te vervagen en de huidskleur te verfraaien.<\/p>\n<h3>Hoe te gebruiken<\/h3>\n<p>Reinigen, scrubben en hydrateren met \u00e9\u00e9n spuitje. Het verwijdert netjes make-up, en is perfect om mee te reinigen van neus tot tenen. Combineer met andere serums, elixers en essenti\u00eble oli\u00ebn om uw eigen unieke mengsel te cre\u00ebren. Zacht genoeg voor kinderen. Het is perfect voor alle huidtypes, ook als reiniger voor de acnehuid en de huid die wat TLC nodig heeft.<\/p>\n<p>Wanneer u een nieuwe fles start, moet u de pomp een paar keer stevig indrukken om de vloeistof te laten stromen.<\/p>\n<h3>Hoe Immortelle gebruiken Beste huid ooit<\/h3>\n<p>Onze Best Skin Evers vernieuwt het gezicht en bedauwt het lichaam en met gratie Deze alles-in-\u00e9\u00e9n botanische mengsels reinigen, hydrateren en voeden de huid. Best Skin Evers zijn gemaakt om alle huidtypes in balans te brengen. In de schoonheidsrituelen van onze voorouders was het wassen van het gezicht met zuivere geperste plantenoli\u00ebn de favoriete methode om de huid te reinigen en een gracieuze methode om de huid te reinigen en zachtjes te scrubben. Het wassen met olie ontstond in de droge landen van de oudheid, waar de huid speciale zorg nodig had en huidminnende lipiden gewaardeerd werden. Het wassen met olie werd vervolgens in Midden- en Zuid-Europa ge\u00efntroduceerd door nomadische Roma-vrouwen die in de 14e of 15e eeuw uit Noord-India emigreerden. Nadine heeft de Best Skin Evers samengesteld als uw beste bad- en schoonheidsmiddel. Deze oli\u00ebn plus water en een doek zijn de eenvoudige benodigdheden om te reinigen, exfoli\u00ebren, bevochtigen en bedauwen.<\/p>\n<p>Je gezicht wassen met Immortelle Best Skin Ever<\/p>\n<p>1. Maak een klein deel van een doek nat met water.<br \/>\n2. Breng \u00e9\u00e9n tot twee spuitjes Immortelle Best Skin Ever aan op het vochtige gedeelte van het gezichtsdoekje.<br \/>\n3. Masseer zachtjes het gezicht, de nek en de achterkant van de hals met de bevochtigde doek. Wash gently or wash vigorously for a deeper exfoliating effect. Het gezicht spoelen is optioneel.<\/p>\n<p>Als er meer vocht nodig is, voeg dan nog een of twee spuitjes van een van onze Best Skin Evers of Libations Serums (Rose Glow, Soothsayer, Royal Rose, Sandalwood, of Open Sky) toe aan je vingertoppen en masseer het gezicht en de hals. Als je huid extra dorstig aanvoelt, zal een Libations Cr\u00e8me (Sundew, Rose Glow, All Seeing, of Maverick) voldoen.<\/p>\n<p>U kunt ook een paar druppels van een van de serums toevoegen aan een beetje van een van de cr\u00e8mes. Ze passen allemaal prachtig bij elkaar.<\/p>\n<p>Dit is onze favoriete methode van wassen met oli\u00ebn. U kunt het ook gewoon met de vingers inmasseren en afspoelen. Je kunt een katoenen rondje gebruiken om make-up te verwijderen.<\/p>\n<p>Immortelle Best Skin Ever gebruiken op je lichaam na een bad of douche<br \/>\n1. Laat het lichaam nat na een bad of douche.<br \/>\n2. Maak een washandje nat met water. Knijp het uit.<br \/>\n3. Breng een paar spuitjes aan op het natte washandje van een van de Best Skin Evers.<br \/>\n4. Masseer het hele lichaam met de doek, van top tot teen. Rub more vigorously to exfoliate.<\/p>\n<h3 class=\"yikes-custom-woo-tab-title yikes-custom-woo-tab-title-natural-organic-ingredients\">Natuurlijke\/biologische Ingredi\u00ebnten<\/h3>\n<p><strong>Jojoba &#8211; Simmondsia chinensis: <\/strong>De glorieuze gouden jojoba, met 96% ceramiden, is de belangrijkste leverancier van weelderige ceramiden aan bevolkingsgroepen met een uitgedroogde huid. Ceramiden vormen een belangrijk onderdeel van de extra cellulaire matrix van onze huid die onze huid beschermt en voller maakt. De grote hoeveelheid ceramiden in jojoba-olie lijkt sterk op die in de huid, en zorgt voor een evenwichtige talgbalans en het behoud van vocht. Ceramiden werken als een magnetisch vocht dat bindt, beschermt en opvult om het vocht in de lipidenbarri\u00e8re echt vast te zetten. Het heeft een onge\u00ebvenaard vermogen om de huid te hydrateren, de olieproductie in balans te brengen, de pori\u00ebn diep te reinigen en langdurige conditionerende effecten te cre\u00ebren die de huid verzachten tot perfecte zijde. Het zit boordevol peptiden en lipiden en bevat de hoogste niveaus van fenolische verbindingen die in de natuur voorkomen, samen met antioxidanten en alle oplosbare vormen van vitamine E.<\/p>\n<p><strong>Frambozenzaad &#8211; Rubus idaeus: <\/strong>Dit elegante verzachtende middel overlaadt de huid met de weelderige, superzachte olie uit de sappige zaden van rode frambozen. Anders dan de koudgeperste zaadolie is onze speciale versie met superkritisch extract dat alles en meer! Dit distillatieproces levert tweemaal zoveel regeneratieve sterolen en veel grotere hoeveelheden natuurlijk voorkomende antioxidanten, zoals ellaginezuur. Dit extract is rijker aan fosfolipiden, waardoor het stabiel is, en het heeft ook een uitzonderlijk hoog gehalte aan alfa- en gamma-tocoferolen (vitamine E) in actieve vrije vorm, pro-vitamine A-gehalte, coteries caroteno\u00efden, en een voedende dosis omega 3. Het zwakke fruitige aroma en de uiterst zijdeachtige viscositeit hechten zowel de huid als de zintuigen, en dit geconcentreerde chrisma is bijzonder bedreven in het bevredigen van elke huid.<\/p>\n<p><strong>Immortelle &#8211; Helichrysum italicum: <\/strong>Eeuwige Immortelle is stellair en schittert goddelijk voor alle soorten huidverzorging. Deze geurige bloemenolie wordt in het wild gemaakt op het eiland Corsica, waar de bloemen bloeien door de zeewind en de zon. De bloemen groeien op een hoogte van 4.000 feet op de rotsachtige kliffen van het platteland. Immortelle helpt bij het verminderen van littekens, vlekken, melasma, roodheid en fijne lijntjes. Dit veelzijdige juweeltje van een olie is ook emotioneel verheffend.<\/p>\n<p><strong>Tigray Frankincense &#8211; Boswellia papyrifera: <\/strong>Dit is een transcendente versterkende Frankincense. Zoals alle Frankincense essenti\u00eble oli\u00ebn is het super voor de huid en de geest. De stevige geuren van karamel en amber in combinatie met de honingzoete warmte van Immortelle maken dat dit serum voortreffelijk ruikt.<\/p>\n<p><strong>Geranium &#8211; Pelargonium graveolens: <\/strong>Deze zachte reus van de huidverzorging verstevigt en vermindert littekens en striae, en verheldert en voorkomt acne.<\/p>\n<p><strong>Ylang &#8211; Cananga odorata: <\/strong>Een vrolijke, bloemige geur die de wangen kust en de stralende huid uitnodigt om te komen spelen. Deze weldadige schoonheid verstrakt, verstevigt en verzacht het gezicht met haar moleculaire gratie.<\/p>\n<p><strong>Palmarosa &#8211; Cymbopogon martinii: <\/strong>Aangename Palmarosa is een formidabele huidverjonger, rijk aan machtige monoterpenolen, verzachtende esters, liefdevolle linalool en gulle geraniolen die de pori\u00ebn en de huidskleur verbeteren. Palmarosa maakt de huid glad en heeft de reputatie dat het de onzuivere en droge huid in balans brengt.<\/p>\n<p><strong>Lavendel &#8211; Lavandula angustifolia: <\/strong>Lavendel is een kalmerend, charmant huidtonicum dat zoet en sterk, zacht en krachtig is. Het ontspant roodheid en koelt warmte af en wordt gebruikt om het uiterlijk van littekens te verbeteren, de huidtint te egaliseren, de naar acne neigende huid te reinigen en het talggehalte van de huid in evenwicht te brengen.<\/p>\n<p><strong>Kurkuma &#8211; Curcuma longa: <\/strong>Schattenkurkuma is een tonicum van gouden goedheid voor de huid. Door superkritische extractie worden alle lipofiele (van olie houdende) bestanddelen van kurkuma uit de wortels van de plant gehaald. Dit speciale extractieproces vangt veel meer van de aromatische vluchtige oli\u00ebn, lipiden en pigmenten dan een typisch poederkruid.<\/p>\n","protected":false},"excerpt":{"rendered":"<p>Deze Benevolent Beauty brengt de huid in balans en laat haar stralen!<\/p>\n","protected":false},"featured_media":200087,"comment_status":"open","ping_status":"closed","template":"","meta":[],"product_brand":[],"product_cat":[14731,2992,1029,2990,5683,5035,5684,5681,5682,5641,5621,5039,5041,5617,5643,2989,5830,5822,1500,1208,1006,5640,5645,5646,5718,5644,5642,5623,5040,2991,5005,4030,510,5036,5664,5717],"product_tag":[6156,21389,9766,21390,4808],"class_list":{"0":"post-161893","1":"product","2":"type-product","3":"status-publish","4":"has-post-thumbnail","6":"product_cat-huidverzorging","7":"product_cat-best-skin-ever-nl","8":"product_cat-categorieen","9":"product_cat-cleansers-nl-8","10":"product_cat-cleansers-nl-4","11":"product_cat-cleansers-nl-9","12":"product_cat-cleansers-nl-5","13":"product_cat-cleansers-nl-2","14":"product_cat-cleansers-nl-3","15":"product_cat-dry-mature-ageing-skin-nl-3","16":"product_cat-dry-mature-ageing-skin-nl-4","17":"product_cat-dry-mature-ageing-skin-nl-7","18":"product_cat-sensitive-skin-redness-nl-7","19":"product_cat-sensitive-skin-redness-nl","20":"product_cat-sensitive-skin-redness-nl-4","21":"product_cat-gezicht","22":"product_cat-body-oil-nl-2","23":"product_cat-body-care-nl-3","24":"product_cat-lichaamsverzorging-living-libations","25":"product_cat-living-libations-nederland","26":"product_cat-merken","27":"product_cat-moisturizers-nl-7","28":"product_cat-moisturizers-nl-nl","29":"product_cat-moisturizers-nl-nl-3","30":"product_cat-moisturizers-nl-nl-2","31":"product_cat-moisturizers-nl","32":"product_cat-normal-or-combination-skin-nl-3","33":"product_cat-normal-or-combination-skin-nl","34":"product_cat-normal-or-combination-skin-nl-7","35":"product_cat-olien-lotions","36":"product_cat-by-skin-type","37":"product_cat-serums-moisturizers-nl","38":"product_cat-shop-winkel","39":"product_cat-oily-skin-clogged-pores-nl-7","40":"product_cat-oily-skin-clogged-pores-nl","41":"product_cat-oily-skin-clogged-pores-nl-4","42":"product_tag-face-care-nl","43":"product_tag-lichaam","44":"product_tag-moisturizer-nl","45":"product_tag-reiniging","46":"product_tag-skin-nl","47":"pa_brand-livinglibations-nl","48":"pa_gtin-7424927699629-nl","49":"pa_size-30-ml-nl","50":"pa_size-50-ml-nl","51":"pa_size-100-ml-nl","52":"pa_size-120-ml-refill-nl","53":"pa_size-240-ml-refill-nl","54":"pa_skincare-type-cleansers-nl","55":"pa_skincare-type-face-oil-and-serums-nl","56":"pa_skincare-type-moisturizers-nl","57":"pa_skintype-dry-mature-ageing-skin-nl","58":"pa_skintype-normal-combination-skin-nl","59":"pa_skintype-oily-skin-nl","60":"pa_skintype-sensitive-skin-redness-nl","62":"first","63":"instock","64":"taxable","65":"shipping-taxable","66":"purchasable","67":"product-type-variable"},"bundled_by":[],"bundle_stock_status":"instock","bundle_stock_quantity":null,"bundle_virtual":false,"bundle_layout":"","bundle_add_to_cart_form_location":"","bundle_editable_in_cart":false,"bundle_sold_individually_context":"","bundle_item_grouping":"","bundle_min_size":"","bundle_max_size":"","bundle_price":[],"bundled_items":[],"bundle_sell_ids":[107424],"atum_controlled":true,"out_stock_date":null,"out_stock_threshold":null,"inheritable":true,"stock_on_hold":2,"sold_today":0,"sales_last_days":1,"out_stock_days":0,"lost_sales":0,"update_date":"2026-04-09T08:00:48","atum_locations":[],"atum_stock_status":"instock","restock_status":false,"low_stock_amount":"","sales_update_date":"2026-04-09T08:00:48","calc_backorders":null,"group_of_quantity":0,"min_quantity":0,"max_quantity":"","exclude_order_quantity_value_rules":"no","exclude_category_quantity_rules":"no","combine_variations":"no","yoast_head":"<!-- This site is optimized with the Yoast SEO Premium plugin v26.5 (Yoast SEO v26.5) - https:\/\/yoast.com\/wordpress\/plugins\/seo\/ -->\n<title>Best Skin Ever - Immortelle - Living Libations<\/title>\n<meta name=\"description\" content=\"Deze Benevolent Beauty brengt de huid in balans en laat haar stralen!\" \/>\n<meta name=\"robots\" content=\"index, follow, max-snippet:-1, max-image-preview:large, max-video-preview:-1\" \/>\n<link rel=\"canonical\" href=\"https:\/\/dutchhealthstore.com\/nl\/product\/best-skin-ever-immortelle\/\" \/>\n<meta property=\"og:locale\" content=\"nl_NL\" \/>\n<meta property=\"og:type\" content=\"article\" \/>\n<meta property=\"og:title\" content=\"Best Skin Ever - Immortelle - Dutch Health Store\" \/>\n<meta property=\"og:description\" content=\"Deze Benevolent Beauty brengt de huid in balans en laat haar stralen!\" \/>\n<meta property=\"og:url\" content=\"https:\/\/dutchhealthstore.com\/nl\/product\/best-skin-ever-immortelle\/\" \/>\n<meta property=\"og:site_name\" content=\"Dutch Health Store\" \/>\n<meta property=\"article:publisher\" content=\"https:\/\/www.instagram.com\/dutchhealthstore\/\" \/>\n<meta property=\"article:modified_time\" content=\"2026-03-24T16:24:45+00:00\" \/>\n<meta property=\"og:image\" content=\"https:\/\/dutchhealthstore.com\/wp-content\/uploads\/2021\/07\/bse-immortelle-100.jpg\" \/>\n\t<meta property=\"og:image:width\" content=\"500\" \/>\n\t<meta property=\"og:image:height\" content=\"500\" \/>\n\t<meta property=\"og:image:type\" content=\"image\/jpeg\" \/>\n<meta name=\"twitter:card\" content=\"summary_large_image\" \/>\n<meta name=\"twitter:label1\" content=\"Beschikbaarheid\" \/>\n\t<meta name=\"twitter:data1\" content=\"Op voorraad\" \/>\n<script type=\"application\/ld+json\" class=\"yoast-schema-graph\">{\"@context\":\"https:\/\/schema.org\",\"@graph\":[{\"@type\":\"WebPage\",\"@id\":\"https:\/\/dutchhealthstore.com\/nl\/product\/best-skin-ever-immortelle\/\",\"url\":\"https:\/\/dutchhealthstore.com\/nl\/product\/best-skin-ever-immortelle\/\",\"name\":\"Best Skin Ever - Immortelle - Living Libations\",\"isPartOf\":{\"@id\":\"https:\/\/dutchhealthstore.com\/nl\/#website\"},\"primaryImageOfPage\":{\"@id\":\"https:\/\/dutchhealthstore.com\/nl\/product\/best-skin-ever-immortelle\/#primaryimage\"},\"image\":{\"@id\":\"https:\/\/dutchhealthstore.com\/nl\/product\/best-skin-ever-immortelle\/#primaryimage\"},\"thumbnailUrl\":\"https:\/\/dutchhealthstore.com\/wp-content\/uploads\/2021\/07\/bse-immortelle-100.jpg\",\"datePublished\":\"2021-08-10T07:20:39+00:00\",\"dateModified\":\"2026-03-24T16:24:45+00:00\",\"description\":\"Deze Benevolent Beauty brengt de huid in balans en laat haar stralen!\",\"breadcrumb\":{\"@id\":\"https:\/\/dutchhealthstore.com\/nl\/product\/best-skin-ever-immortelle\/#breadcrumb\"},\"inLanguage\":\"nl-NL\",\"potentialAction\":[{\"@type\":\"ReadAction\",\"target\":[\"https:\/\/dutchhealthstore.com\/nl\/product\/best-skin-ever-immortelle\/\"]}]},{\"@type\":\"ImageObject\",\"inLanguage\":\"nl-NL\",\"@id\":\"https:\/\/dutchhealthstore.com\/nl\/product\/best-skin-ever-immortelle\/#primaryimage\",\"url\":\"https:\/\/dutchhealthstore.com\/wp-content\/uploads\/2021\/07\/bse-immortelle-100.jpg\",\"contentUrl\":\"https:\/\/dutchhealthstore.com\/wp-content\/uploads\/2021\/07\/bse-immortelle-100.jpg\",\"width\":500,\"height\":500,\"caption\":\"bse immortelle 100\"},{\"@type\":\"BreadcrumbList\",\"@id\":\"https:\/\/dutchhealthstore.com\/nl\/product\/best-skin-ever-immortelle\/#breadcrumb\",\"itemListElement\":[{\"@type\":\"ListItem\",\"position\":1,\"name\":\"Home\",\"item\":\"https:\/\/dutchhealthstore.com\/nl\/\"},{\"@type\":\"ListItem\",\"position\":2,\"name\":\"Shop\",\"item\":\"https:\/\/dutchhealthstore.com\/nl\/shop\/\"},{\"@type\":\"ListItem\",\"position\":3,\"name\":\"Best Skin Ever &#8211; Immortelle\"}]},{\"@type\":\"WebSite\",\"@id\":\"https:\/\/dutchhealthstore.com\/nl\/#website\",\"url\":\"https:\/\/dutchhealthstore.com\/nl\/\",\"name\":\"Dutch Health Store\",\"description\":\"Enhance Your Beauty with Organic &amp; Natural Skincare\",\"publisher\":{\"@id\":\"https:\/\/dutchhealthstore.com\/nl\/#organization\"},\"potentialAction\":[{\"@type\":\"SearchAction\",\"target\":{\"@type\":\"EntryPoint\",\"urlTemplate\":\"https:\/\/dutchhealthstore.com\/nl\/?s={search_term_string}\"},\"query-input\":{\"@type\":\"PropertyValueSpecification\",\"valueRequired\":true,\"valueName\":\"search_term_string\"}}],\"inLanguage\":\"nl-NL\"},{\"@type\":\"Organization\",\"@id\":\"https:\/\/dutchhealthstore.com\/nl\/#organization\",\"name\":\"Dutch Health Store\",\"url\":\"https:\/\/dutchhealthstore.com\/nl\/\",\"logo\":{\"@type\":\"ImageObject\",\"inLanguage\":\"nl-NL\",\"@id\":\"https:\/\/dutchhealthstore.com\/nl\/#\/schema\/logo\/image\/\",\"url\":\"https:\/\/dutchhealthstore.com\/wp-content\/uploads\/2020\/08\/logo-dutchhealthstore-jpg-e1599484957574.jpg\",\"contentUrl\":\"https:\/\/dutchhealthstore.com\/wp-content\/uploads\/2020\/08\/logo-dutchhealthstore-jpg-e1599484957574.jpg\",\"width\":400,\"height\":62,\"caption\":\"Dutch Health Store\"},\"image\":{\"@id\":\"https:\/\/dutchhealthstore.com\/nl\/#\/schema\/logo\/image\/\"},\"sameAs\":[\"https:\/\/www.instagram.com\/dutchhealthstore\/\",\"https:\/\/www.facebook.com\/dutchhealthstore\"]}]}<\/script>\n<meta property=\"product:brand\" content=\"Living Libations\" \/>\n<meta property=\"og:availability\" content=\"instock\" \/>\n<meta property=\"product:availability\" content=\"instock\" \/>\n<meta property=\"product:condition\" content=\"new\" \/>\n<!-- \/ Yoast SEO Premium plugin. -->","yoast_head_json":{"title":"Best Skin Ever - Immortelle - Living Libations","description":"Deze Benevolent Beauty brengt de huid in balans en laat haar stralen!","robots":{"index":"index","follow":"follow","max-snippet":"max-snippet:-1","max-image-preview":"max-image-preview:large","max-video-preview":"max-video-preview:-1"},"canonical":"https:\/\/dutchhealthstore.com\/nl\/product\/best-skin-ever-immortelle\/","og_locale":"nl_NL","og_type":"article","og_title":"Best Skin Ever - Immortelle - Dutch Health Store","og_description":"Deze Benevolent Beauty brengt de huid in balans en laat haar stralen!","og_url":"https:\/\/dutchhealthstore.com\/nl\/product\/best-skin-ever-immortelle\/","og_site_name":"Dutch Health Store","article_publisher":"https:\/\/www.instagram.com\/dutchhealthstore\/","article_modified_time":"2026-03-24T16:24:45+00:00","og_image":[{"width":500,"height":500,"url":"https:\/\/dutchhealthstore.com\/wp-content\/uploads\/2021\/07\/bse-immortelle-100.jpg","type":"image\/jpeg"}],"twitter_card":"summary_large_image","twitter_misc":{"Beschikbaarheid":"Op voorraad"},"schema":{"@context":"https:\/\/schema.org","@graph":[{"@type":"WebPage","@id":"https:\/\/dutchhealthstore.com\/nl\/product\/best-skin-ever-immortelle\/","url":"https:\/\/dutchhealthstore.com\/nl\/product\/best-skin-ever-immortelle\/","name":"Best Skin Ever - Immortelle - Living Libations","isPartOf":{"@id":"https:\/\/dutchhealthstore.com\/nl\/#website"},"primaryImageOfPage":{"@id":"https:\/\/dutchhealthstore.com\/nl\/product\/best-skin-ever-immortelle\/#primaryimage"},"image":{"@id":"https:\/\/dutchhealthstore.com\/nl\/product\/best-skin-ever-immortelle\/#primaryimage"},"thumbnailUrl":"https:\/\/dutchhealthstore.com\/wp-content\/uploads\/2021\/07\/bse-immortelle-100.jpg","datePublished":"2021-08-10T07:20:39+00:00","dateModified":"2026-03-24T16:24:45+00:00","description":"Deze Benevolent Beauty brengt de huid in balans en laat haar stralen!","breadcrumb":{"@id":"https:\/\/dutchhealthstore.com\/nl\/product\/best-skin-ever-immortelle\/#breadcrumb"},"inLanguage":"nl-NL","potentialAction":[{"@type":"ReadAction","target":["https:\/\/dutchhealthstore.com\/nl\/product\/best-skin-ever-immortelle\/"]}]},{"@type":"ImageObject","inLanguage":"nl-NL","@id":"https:\/\/dutchhealthstore.com\/nl\/product\/best-skin-ever-immortelle\/#primaryimage","url":"https:\/\/dutchhealthstore.com\/wp-content\/uploads\/2021\/07\/bse-immortelle-100.jpg","contentUrl":"https:\/\/dutchhealthstore.com\/wp-content\/uploads\/2021\/07\/bse-immortelle-100.jpg","width":500,"height":500,"caption":"bse immortelle 100"},{"@type":"BreadcrumbList","@id":"https:\/\/dutchhealthstore.com\/nl\/product\/best-skin-ever-immortelle\/#breadcrumb","itemListElement":[{"@type":"ListItem","position":1,"name":"Home","item":"https:\/\/dutchhealthstore.com\/nl\/"},{"@type":"ListItem","position":2,"name":"Shop","item":"https:\/\/dutchhealthstore.com\/nl\/shop\/"},{"@type":"ListItem","position":3,"name":"Best Skin Ever &#8211; Immortelle"}]},{"@type":"WebSite","@id":"https:\/\/dutchhealthstore.com\/nl\/#website","url":"https:\/\/dutchhealthstore.com\/nl\/","name":"Dutch Health Store","description":"Enhance Your Beauty with Organic &amp; Natural Skincare","publisher":{"@id":"https:\/\/dutchhealthstore.com\/nl\/#organization"},"potentialAction":[{"@type":"SearchAction","target":{"@type":"EntryPoint","urlTemplate":"https:\/\/dutchhealthstore.com\/nl\/?s={search_term_string}"},"query-input":{"@type":"PropertyValueSpecification","valueRequired":true,"valueName":"search_term_string"}}],"inLanguage":"nl-NL"},{"@type":"Organization","@id":"https:\/\/dutchhealthstore.com\/nl\/#organization","name":"Dutch Health Store","url":"https:\/\/dutchhealthstore.com\/nl\/","logo":{"@type":"ImageObject","inLanguage":"nl-NL","@id":"https:\/\/dutchhealthstore.com\/nl\/#\/schema\/logo\/image\/","url":"https:\/\/dutchhealthstore.com\/wp-content\/uploads\/2020\/08\/logo-dutchhealthstore-jpg-e1599484957574.jpg","contentUrl":"https:\/\/dutchhealthstore.com\/wp-content\/uploads\/2020\/08\/logo-dutchhealthstore-jpg-e1599484957574.jpg","width":400,"height":62,"caption":"Dutch Health Store"},"image":{"@id":"https:\/\/dutchhealthstore.com\/nl\/#\/schema\/logo\/image\/"},"sameAs":["https:\/\/www.instagram.com\/dutchhealthstore\/","https:\/\/www.facebook.com\/dutchhealthstore"]}]},"product_brand":"Living Libations","og_availability":"instock","product_availability":"instock","product_condition":"new"},"_links":{"self":[{"href":"https:\/\/dutchhealthstore.com\/nl\/wp-json\/wp\/v2\/product\/161893","targetHints":{"allow":["GET"]}}],"collection":[{"href":"https:\/\/dutchhealthstore.com\/nl\/wp-json\/wp\/v2\/product"}],"about":[{"href":"https:\/\/dutchhealthstore.com\/nl\/wp-json\/wp\/v2\/types\/product"}],"replies":[{"embeddable":true,"href":"https:\/\/dutchhealthstore.com\/nl\/wp-json\/wp\/v2\/comments?post=161893"}],"wp:featuredmedia":[{"embeddable":true,"href":"https:\/\/dutchhealthstore.com\/nl\/wp-json\/wp\/v2\/media\/200087"}],"wp:attachment":[{"href":"https:\/\/dutchhealthstore.com\/nl\/wp-json\/wp\/v2\/media?parent=161893"}],"wp:term":[{"taxonomy":"product_brand","embeddable":true,"href":"https:\/\/dutchhealthstore.com\/nl\/wp-json\/wp\/v2\/product_brand?post=161893"},{"taxonomy":"product_cat","embeddable":true,"href":"https:\/\/dutchhealthstore.com\/nl\/wp-json\/wp\/v2\/product_cat?post=161893"},{"taxonomy":"product_tag","embeddable":true,"href":"https:\/\/dutchhealthstore.com\/nl\/wp-json\/wp\/v2\/product_tag?post=161893"}],"curies":[{"name":"wp","href":"https:\/\/api.w.org\/{rel}","templated":true}]}}