{"id":161530,"date":"2021-08-06T07:42:03","date_gmt":"2021-08-06T05:42:03","guid":{"rendered":"https:\/\/dutchhealthstore.com\/product\/essential-balm-cleanse\/"},"modified":"2025-05-19T20:01:33","modified_gmt":"2025-05-19T18:01:33","slug":"essential-balm-cleanse","status":"publish","type":"product","link":"https:\/\/dutchhealthstore.com\/nl\/product\/essential-balm-cleanse\/","title":{"rendered":"Essential Balm Cleanse"},"content":{"rendered":"<p><img decoding=\"async\" class=\"alignright size-full wp-image-96828\" src=\"https:\/\/dutchhealthstore.com\/wp-content\/uploads\/2020\/03\/Josh-Rosebrook-Logo-4.jpg\" alt=\"\" width=\"200\" height=\"53\"><\/p>\n<p class=\"p1\">Essential Balm Cleanse is een luxe en zachte pH-gebalanceerde balsemreiniger die over de huid smelt als een zijdeachtig, oliepasta-concentraat en emulgeert tot een melkachtige cr\u00e8me wanneer water wordt toegevoegd. Essential Balm Cleanse verwijdert effectief make-up, vuil, vervuiling en onevenwichtige olie en zorgt voor een zachte, mooie en gehydrateerde huid. Plantaardige oli\u00ebn met een hoge voedingswaarde, blauwgroene algen, chlorella en krachtige, zelfgemaakte kruidenextracten voeden, kalmeren en verzachten de huid, terwijl de delicate zuurmantelbarri\u00e8re van de huid behouden blijft.<\/p>\n<p>Geen essenti\u00eble oli\u00ebn. De natuurlijke ingredi\u00ebnten verspreiden een lichte kardemomgeur. Voor alle huidtypes &#8211; vet, gemengd, normaal en droog. Geschikt voor vochtarme, gevoelige, acne, rosacea en eczeem condities.<\/p>\n<h3>Hoe te gebruiken<\/h3>\n<p>Masseer met schone handen zachtjes een royale hoeveelheid op een droog gezicht met ronddraaiende bewegingen. Spray vervolgens de Hydrating Accelerator of voeg water toe om te emulgeren en spoel vervolgens af met warm water.<\/p>\n<p><strong>Inhoud: 100 ml\/3.3 oz<\/strong><\/p>\n<h3 class=\"yikes-custom-woo-tab-title yikes-custom-woo-tab-title-natural-organic-ingredients\">Natuurlijke\/biologische Ingredi\u00ebnten<\/h3>\n<p>*Meadowfoam Seed Oil, *Vegetable Glycerin, *Sunflower Seed Oil, *Tamanu Oil, Polyglyceryl-10 Laurate, *Helichrysum Flowers, *Chlorella Powder, *Green Tea Leaf , *Chamomile Flowers, *Cardamom Pods, Lactobacillus Ferment Lysate Filtrate, *Indian Soapberry Fruit Extract, Water, *Vitamin E, Blue-Green Algae Extract, Leuconostoc\/Radish Root Ferment Filtrate, Aspen Tree Bark Extract, Phenethyl Alcohol, Ethylhexylglycerin, Citric Acid, Potassium Sorbate, Sodium Benzoate.<\/p>\n<p>*GECERTIFICEERD ORGANISCH<\/p>\n<p>Geen dierproeven<\/p>\n","protected":false},"excerpt":{"rendered":"<p>Essential Balm Cleanse is een luxe en zachte, pH-gebalanceerde balsemreiniger<\/p>\n","protected":false},"featured_media":312949,"comment_status":"open","ping_status":"closed","template":"","meta":[],"product_brand":[],"product_cat":[14731,1029,5684,5681,5682,5683,5035,5039,5621,5617,5041,5626,5601,1006,5040,5623,5005,510,5664,5036],"product_tag":[6168,6156,9602,21390,4808],"class_list":{"0":"post-161530","1":"product","2":"type-product","3":"status-publish","4":"has-post-thumbnail","6":"product_cat-huidverzorging","7":"product_cat-categorieen","8":"product_cat-cleansers-nl-5","9":"product_cat-cleansers-nl-2","10":"product_cat-cleansers-nl-3","11":"product_cat-cleansers-nl-4","12":"product_cat-cleansers-nl-9","13":"product_cat-dry-mature-ageing-skin-nl-7","14":"product_cat-dry-mature-ageing-skin-nl-4","15":"product_cat-sensitive-skin-redness-nl","16":"product_cat-sensitive-skin-redness-nl-7","17":"product_cat-skin-care-nl","18":"product_cat-josh-rosebrook-nl","19":"product_cat-merken","20":"product_cat-normal-or-combination-skin-nl-7","21":"product_cat-normal-or-combination-skin-nl","22":"product_cat-by-skin-type","23":"product_cat-shop-winkel","24":"product_cat-oily-skin-clogged-pores-nl","25":"product_cat-oily-skin-clogged-pores-nl-7","26":"product_tag-balm-nl","27":"product_tag-face-care-nl","28":"product_tag-hydrating-nl","29":"product_tag-reiniging","30":"product_tag-skin-nl","31":"pa_brand-josh-rosebrook-nl","32":"pa_gtin-7424924456447-nl","33":"pa_size-100-ml-3-3-oz-nl","34":"pa_skincare-type-cleansers-nl","35":"pa_skintype-dry-mature-ageing-skin-nl","36":"pa_skintype-normal-combination-skin-nl","37":"pa_skintype-oily-skin-nl","38":"pa_skintype-sensitive-skin-redness-nl","40":"first","41":"instock","42":"taxable","43":"shipping-taxable","44":"purchasable","45":"product-type-simple"},"bundled_by":[],"bundle_stock_status":"instock","bundle_stock_quantity":2,"bundle_virtual":false,"bundle_layout":"","bundle_add_to_cart_form_location":"","bundle_editable_in_cart":false,"bundle_sold_individually_context":"","bundle_item_grouping":"","bundle_min_size":"","bundle_max_size":"","bundle_price":[],"bundled_items":[],"bundle_sell_ids":[107424],"atum_controlled":true,"out_stock_date":null,"out_stock_threshold":null,"inheritable":false,"stock_on_hold":0,"sold_today":0,"sales_last_days":0,"out_stock_days":0,"lost_sales":0,"update_date":"2026-04-07T01:47:35","atum_locations":[],"atum_stock_status":"instock","restock_status":false,"low_stock_amount":"","sales_update_date":"2026-04-07T01:47:35","calc_backorders":null,"group_of_quantity":0,"min_quantity":0,"max_quantity":"","exclude_order_quantity_value_rules":"no","exclude_category_quantity_rules":"no","combine_variations":"no","yoast_head":"<!-- This site is optimized with the Yoast SEO Premium plugin v26.5 (Yoast SEO v26.5) - https:\/\/yoast.com\/wordpress\/plugins\/seo\/ -->\n<title>Essential Balm Cleanse - Josh Rosebrook<\/title>\n<meta name=\"description\" content=\"Essential Balm Cleanse is een luxe en zachte, pH-gebalanceerde balsemreiniger\" \/>\n<meta name=\"robots\" content=\"index, follow, max-snippet:-1, max-image-preview:large, max-video-preview:-1\" \/>\n<link rel=\"canonical\" href=\"https:\/\/dutchhealthstore.com\/nl\/product\/essential-balm-cleanse\/\" \/>\n<meta property=\"og:locale\" content=\"nl_NL\" \/>\n<meta property=\"og:type\" content=\"article\" \/>\n<meta property=\"og:title\" content=\"Essential Balm Cleanse - Dutch Health Store\" \/>\n<meta property=\"og:description\" content=\"Essential Balm Cleanse is een luxe en zachte, pH-gebalanceerde balsemreiniger\" \/>\n<meta property=\"og:url\" content=\"https:\/\/dutchhealthstore.com\/nl\/product\/essential-balm-cleanse\/\" \/>\n<meta property=\"og:site_name\" content=\"Dutch Health Store\" \/>\n<meta property=\"article:publisher\" content=\"https:\/\/www.instagram.com\/dutchhealthstore\/\" \/>\n<meta property=\"article:modified_time\" content=\"2025-05-19T18:01:33+00:00\" \/>\n<meta property=\"og:image\" content=\"https:\/\/dutchhealthstore.com\/wp-content\/uploads\/2021\/10\/jressentialbalmoke.jpg\" \/>\n\t<meta property=\"og:image:width\" content=\"500\" \/>\n\t<meta property=\"og:image:height\" content=\"500\" \/>\n\t<meta property=\"og:image:type\" content=\"image\/jpeg\" \/>\n<meta name=\"twitter:card\" content=\"summary_large_image\" \/>\n<meta name=\"twitter:label1\" content=\"Prijs\" \/>\n\t<meta name=\"twitter:data1\" content=\"&euro;55,00\" \/>\n\t<meta name=\"twitter:label2\" content=\"Beschikbaarheid\" \/>\n\t<meta name=\"twitter:data2\" content=\"Op voorraad\" \/>\n<script type=\"application\/ld+json\" class=\"yoast-schema-graph\">{\"@context\":\"https:\/\/schema.org\",\"@graph\":[{\"@type\":\"WebPage\",\"@id\":\"https:\/\/dutchhealthstore.com\/nl\/product\/essential-balm-cleanse\/\",\"url\":\"https:\/\/dutchhealthstore.com\/nl\/product\/essential-balm-cleanse\/\",\"name\":\"Essential Balm Cleanse - Josh Rosebrook\",\"isPartOf\":{\"@id\":\"https:\/\/dutchhealthstore.com\/nl\/#website\"},\"primaryImageOfPage\":{\"@id\":\"https:\/\/dutchhealthstore.com\/nl\/product\/essential-balm-cleanse\/#primaryimage\"},\"image\":{\"@id\":\"https:\/\/dutchhealthstore.com\/nl\/product\/essential-balm-cleanse\/#primaryimage\"},\"thumbnailUrl\":\"https:\/\/dutchhealthstore.com\/wp-content\/uploads\/2021\/08\/josh2_0000s_0004_ess-balm-clean.jpg\",\"datePublished\":\"2021-08-06T05:42:03+00:00\",\"dateModified\":\"2025-05-19T18:01:33+00:00\",\"description\":\"Essential Balm Cleanse is een luxe en zachte, pH-gebalanceerde balsemreiniger\",\"breadcrumb\":{\"@id\":\"https:\/\/dutchhealthstore.com\/nl\/product\/essential-balm-cleanse\/#breadcrumb\"},\"inLanguage\":\"nl-NL\",\"potentialAction\":[{\"@type\":\"ReadAction\",\"target\":[\"https:\/\/dutchhealthstore.com\/nl\/product\/essential-balm-cleanse\/\"]}]},{\"@type\":\"ImageObject\",\"inLanguage\":\"nl-NL\",\"@id\":\"https:\/\/dutchhealthstore.com\/nl\/product\/essential-balm-cleanse\/#primaryimage\",\"url\":\"https:\/\/dutchhealthstore.com\/wp-content\/uploads\/2021\/08\/josh2_0000s_0004_ess-balm-clean.jpg\",\"contentUrl\":\"https:\/\/dutchhealthstore.com\/wp-content\/uploads\/2021\/08\/josh2_0000s_0004_ess-balm-clean.jpg\",\"width\":530,\"height\":530},{\"@type\":\"BreadcrumbList\",\"@id\":\"https:\/\/dutchhealthstore.com\/nl\/product\/essential-balm-cleanse\/#breadcrumb\",\"itemListElement\":[{\"@type\":\"ListItem\",\"position\":1,\"name\":\"Home\",\"item\":\"https:\/\/dutchhealthstore.com\/nl\/\"},{\"@type\":\"ListItem\",\"position\":2,\"name\":\"Shop\",\"item\":\"https:\/\/dutchhealthstore.com\/nl\/shop\/\"},{\"@type\":\"ListItem\",\"position\":3,\"name\":\"Essential Balm Cleanse\"}]},{\"@type\":\"WebSite\",\"@id\":\"https:\/\/dutchhealthstore.com\/nl\/#website\",\"url\":\"https:\/\/dutchhealthstore.com\/nl\/\",\"name\":\"Dutch Health Store\",\"description\":\"Enhance Your Beauty with Organic &amp; Natural Skincare\",\"publisher\":{\"@id\":\"https:\/\/dutchhealthstore.com\/nl\/#organization\"},\"potentialAction\":[{\"@type\":\"SearchAction\",\"target\":{\"@type\":\"EntryPoint\",\"urlTemplate\":\"https:\/\/dutchhealthstore.com\/nl\/?s={search_term_string}\"},\"query-input\":{\"@type\":\"PropertyValueSpecification\",\"valueRequired\":true,\"valueName\":\"search_term_string\"}}],\"inLanguage\":\"nl-NL\"},{\"@type\":\"Organization\",\"@id\":\"https:\/\/dutchhealthstore.com\/nl\/#organization\",\"name\":\"Dutch Health Store\",\"url\":\"https:\/\/dutchhealthstore.com\/nl\/\",\"logo\":{\"@type\":\"ImageObject\",\"inLanguage\":\"nl-NL\",\"@id\":\"https:\/\/dutchhealthstore.com\/nl\/#\/schema\/logo\/image\/\",\"url\":\"https:\/\/dutchhealthstore.com\/wp-content\/uploads\/2020\/08\/logo-dutchhealthstore-jpg-e1599484957574.jpg\",\"contentUrl\":\"https:\/\/dutchhealthstore.com\/wp-content\/uploads\/2020\/08\/logo-dutchhealthstore-jpg-e1599484957574.jpg\",\"width\":400,\"height\":62,\"caption\":\"Dutch Health Store\"},\"image\":{\"@id\":\"https:\/\/dutchhealthstore.com\/nl\/#\/schema\/logo\/image\/\"},\"sameAs\":[\"https:\/\/www.instagram.com\/dutchhealthstore\/\",\"https:\/\/www.facebook.com\/dutchhealthstore\"]}]}<\/script>\n<meta property=\"product:brand\" content=\"Josh Rosebrook\" \/>\n<meta property=\"product:price:amount\" content=\"55.00\" \/>\n<meta property=\"product:price:currency\" content=\"EUR\" \/>\n<meta property=\"og:availability\" content=\"instock\" \/>\n<meta property=\"product:availability\" content=\"instock\" \/>\n<meta property=\"product:condition\" content=\"new\" \/>\n<!-- \/ Yoast SEO Premium plugin. -->","yoast_head_json":{"title":"Essential Balm Cleanse - Josh Rosebrook","description":"Essential Balm Cleanse is een luxe en zachte, pH-gebalanceerde balsemreiniger","robots":{"index":"index","follow":"follow","max-snippet":"max-snippet:-1","max-image-preview":"max-image-preview:large","max-video-preview":"max-video-preview:-1"},"canonical":"https:\/\/dutchhealthstore.com\/nl\/product\/essential-balm-cleanse\/","og_locale":"nl_NL","og_type":"article","og_title":"Essential Balm Cleanse - Dutch Health Store","og_description":"Essential Balm Cleanse is een luxe en zachte, pH-gebalanceerde balsemreiniger","og_url":"https:\/\/dutchhealthstore.com\/nl\/product\/essential-balm-cleanse\/","og_site_name":"Dutch Health Store","article_publisher":"https:\/\/www.instagram.com\/dutchhealthstore\/","article_modified_time":"2025-05-19T18:01:33+00:00","og_image":[{"width":500,"height":500,"url":"https:\/\/dutchhealthstore.com\/wp-content\/uploads\/2021\/10\/jressentialbalmoke.jpg","type":"image\/jpeg"}],"twitter_card":"summary_large_image","twitter_misc":{"Prijs":"&euro;55,00","Beschikbaarheid":"Op voorraad"},"schema":{"@context":"https:\/\/schema.org","@graph":[{"@type":"WebPage","@id":"https:\/\/dutchhealthstore.com\/nl\/product\/essential-balm-cleanse\/","url":"https:\/\/dutchhealthstore.com\/nl\/product\/essential-balm-cleanse\/","name":"Essential Balm Cleanse - Josh Rosebrook","isPartOf":{"@id":"https:\/\/dutchhealthstore.com\/nl\/#website"},"primaryImageOfPage":{"@id":"https:\/\/dutchhealthstore.com\/nl\/product\/essential-balm-cleanse\/#primaryimage"},"image":{"@id":"https:\/\/dutchhealthstore.com\/nl\/product\/essential-balm-cleanse\/#primaryimage"},"thumbnailUrl":"https:\/\/dutchhealthstore.com\/wp-content\/uploads\/2021\/08\/josh2_0000s_0004_ess-balm-clean.jpg","datePublished":"2021-08-06T05:42:03+00:00","dateModified":"2025-05-19T18:01:33+00:00","description":"Essential Balm Cleanse is een luxe en zachte, pH-gebalanceerde balsemreiniger","breadcrumb":{"@id":"https:\/\/dutchhealthstore.com\/nl\/product\/essential-balm-cleanse\/#breadcrumb"},"inLanguage":"nl-NL","potentialAction":[{"@type":"ReadAction","target":["https:\/\/dutchhealthstore.com\/nl\/product\/essential-balm-cleanse\/"]}]},{"@type":"ImageObject","inLanguage":"nl-NL","@id":"https:\/\/dutchhealthstore.com\/nl\/product\/essential-balm-cleanse\/#primaryimage","url":"https:\/\/dutchhealthstore.com\/wp-content\/uploads\/2021\/08\/josh2_0000s_0004_ess-balm-clean.jpg","contentUrl":"https:\/\/dutchhealthstore.com\/wp-content\/uploads\/2021\/08\/josh2_0000s_0004_ess-balm-clean.jpg","width":530,"height":530},{"@type":"BreadcrumbList","@id":"https:\/\/dutchhealthstore.com\/nl\/product\/essential-balm-cleanse\/#breadcrumb","itemListElement":[{"@type":"ListItem","position":1,"name":"Home","item":"https:\/\/dutchhealthstore.com\/nl\/"},{"@type":"ListItem","position":2,"name":"Shop","item":"https:\/\/dutchhealthstore.com\/nl\/shop\/"},{"@type":"ListItem","position":3,"name":"Essential Balm Cleanse"}]},{"@type":"WebSite","@id":"https:\/\/dutchhealthstore.com\/nl\/#website","url":"https:\/\/dutchhealthstore.com\/nl\/","name":"Dutch Health Store","description":"Enhance Your Beauty with Organic &amp; Natural Skincare","publisher":{"@id":"https:\/\/dutchhealthstore.com\/nl\/#organization"},"potentialAction":[{"@type":"SearchAction","target":{"@type":"EntryPoint","urlTemplate":"https:\/\/dutchhealthstore.com\/nl\/?s={search_term_string}"},"query-input":{"@type":"PropertyValueSpecification","valueRequired":true,"valueName":"search_term_string"}}],"inLanguage":"nl-NL"},{"@type":"Organization","@id":"https:\/\/dutchhealthstore.com\/nl\/#organization","name":"Dutch Health Store","url":"https:\/\/dutchhealthstore.com\/nl\/","logo":{"@type":"ImageObject","inLanguage":"nl-NL","@id":"https:\/\/dutchhealthstore.com\/nl\/#\/schema\/logo\/image\/","url":"https:\/\/dutchhealthstore.com\/wp-content\/uploads\/2020\/08\/logo-dutchhealthstore-jpg-e1599484957574.jpg","contentUrl":"https:\/\/dutchhealthstore.com\/wp-content\/uploads\/2020\/08\/logo-dutchhealthstore-jpg-e1599484957574.jpg","width":400,"height":62,"caption":"Dutch Health Store"},"image":{"@id":"https:\/\/dutchhealthstore.com\/nl\/#\/schema\/logo\/image\/"},"sameAs":["https:\/\/www.instagram.com\/dutchhealthstore\/","https:\/\/www.facebook.com\/dutchhealthstore"]}]},"product_brand":"Josh Rosebrook","product_price_amount":"55.00","product_price_currency":"EUR","og_availability":"instock","product_availability":"instock","product_condition":"new"},"_links":{"self":[{"href":"https:\/\/dutchhealthstore.com\/nl\/wp-json\/wp\/v2\/product\/161530","targetHints":{"allow":["GET"]}}],"collection":[{"href":"https:\/\/dutchhealthstore.com\/nl\/wp-json\/wp\/v2\/product"}],"about":[{"href":"https:\/\/dutchhealthstore.com\/nl\/wp-json\/wp\/v2\/types\/product"}],"replies":[{"embeddable":true,"href":"https:\/\/dutchhealthstore.com\/nl\/wp-json\/wp\/v2\/comments?post=161530"}],"wp:featuredmedia":[{"embeddable":true,"href":"https:\/\/dutchhealthstore.com\/nl\/wp-json\/wp\/v2\/media\/312949"}],"wp:attachment":[{"href":"https:\/\/dutchhealthstore.com\/nl\/wp-json\/wp\/v2\/media?parent=161530"}],"wp:term":[{"taxonomy":"product_brand","embeddable":true,"href":"https:\/\/dutchhealthstore.com\/nl\/wp-json\/wp\/v2\/product_brand?post=161530"},{"taxonomy":"product_cat","embeddable":true,"href":"https:\/\/dutchhealthstore.com\/nl\/wp-json\/wp\/v2\/product_cat?post=161530"},{"taxonomy":"product_tag","embeddable":true,"href":"https:\/\/dutchhealthstore.com\/nl\/wp-json\/wp\/v2\/product_tag?post=161530"}],"curies":[{"name":"wp","href":"https:\/\/api.w.org\/{rel}","templated":true}]}}