{"id":159844,"date":"2021-07-16T12:49:51","date_gmt":"2021-07-16T10:49:51","guid":{"rendered":"https:\/\/dutchhealthstore.com\/product\/elastic-love-firming-face-neck-oil-zero-essential-oils\/"},"modified":"2026-04-26T19:58:30","modified_gmt":"2026-04-26T17:58:30","slug":"elastic-love-firming-face-neck-oil-zero-essential-oils","status":"publish","type":"product","link":"https:\/\/dutchhealthstore.com\/nl\/product\/elastic-love-firming-face-neck-oil-zero-essential-oils\/","title":{"rendered":"ELASTIC LOVE \/ Firming Face + Neck Oil \/ Zero Essential Oils"},"content":{"rendered":"<p><strong>Magische momenten van samenzijn.<\/strong><\/p>\n<p>Sappige spanning en aanhoudende bevestiging kloppen met dit sprankelende serum dat snel aanspant, de trekkracht echt opvoert en mijn rijpende, 49 jaar oude huid voorziet van elastische liefde en drijvende veerkracht &#8211; vooral de huid in mijn hals en onder mijn kin die me nooit eerder is opgevallen.<\/p>\n<p>Deze compositie herinnert mijzelf aan de tedere kracht en oneindige rekbaarheid van de liefde tussen mensen dichtbij en veraf. Ook een herinnering aan de veerkracht en schoonheid van de liefde tegenover scheiding, verlies en tijd. En het is ook een uitnodiging om met mij door tijd en ruimte te reizen: van onze tuin in Kangaroo Valley waar de Kangaroo Paw Flower, Artisjok, Rode Klaver en Kweepeer groeit, naar de Europese zomertuinen van mijn jeugd waar ik zwarte bessen en bramen plukte, en verder naar plaatsen waar ik naar toe verlang, zoals Afrika, Zuid-Amerika, China&#8230; Tijd is elastisch.<\/p>\n<p>ELASTIC LOVE symboliseert de onzichtbare banden die voor altijd de harten en zielen van geliefden, familie en vrienden verbinden, de magische lijm die ons voor altijd bij elkaar houdt.<\/p>\n<p><strong>VOORDELEN<\/strong><br \/>\nExtracten van kangoeroepootbloem, kweepeer, rode klaver, bamboe, heermoes en artisjok worden gecombineerd met koudgeperste, ongeraffineerde zaadoli\u00ebn van &#8216;Cassis&#8217; zwarte bes, kalahari meloen, teunisbloem, cactusvijg en pequivrucht om de huid strakker en elastischer te maken, linolzuur aan te vullen en het bindweefsel van de huid te versterken, de huiddikte te verbeteren en de stofwisselingscyclus van de huid in evenwicht te brengen, de collageenproductie te verhogen en zelfs de hormonen in balans te brengen.<\/p>\n<p><strong>NUL ESSENTI\u00cbLE OLI\u00cbN<br \/>\n<\/strong>Om de aroma&#8217;s en geuren van mijn extracten en oli\u00ebn zich op natuurlijke wijze te laten ontwikkelen, heb ik ervoor gekozen om nul essenti\u00eble oli\u00ebn toe te voegen aan al onze KAIROS MOMENT-composities. Dit betekent dat hun energetische etherische lading veel subtieler is en afkomstig is van de natuurlijk voorkomende, niet-ge\u00efsoleerde essenti\u00eble oli\u00ebn in het plantenmateriaal, zoals zaden, vruchten, bloemen, bladeren, schors, enz. Ik extraheer in biodynamische olijfolie. Het aroma van deze zeer complexe composities is oscillerend, specifiek, gedenkwaardig &#8211; Kairologisch.<\/p>\n<p><b>Huidtype<\/b><\/p>\n<p>Voor vrouwen en mannen van elk huidtype. Vooral goed voor de rijpere, verslapte, vermoeide, collageenarme huid.<\/p>\n<h3>Ritueel<\/h3>\n<p><span class=\"s1\">Kan elk moment van de dag gebruikt worden &#8211; Ik hou van de ochtend, Christo houdt van de ochtend en de nacht.<\/span><\/p>\n<p><span class=\"s1\">Heerlijk om dagelijks te gebruiken of af te wisselen met een andere samenstelling uit de KAIROS collectie.<\/span><\/p>\n<p><span class=\"s1\">Masseer elke ochtend een kleine hoeveelheid op de nog vochtige, schone huid van gezicht en hals, met uw ringvingers vanaf de ogen. Je ringvingers hebben de lichtste aanraking van al je vingers en trekken niet aan je huid.<\/span><\/p>\n<p><span class=\"s1\">Indien gewenst onder PRECIOUS FACE ELIXIR en\/of ELEMENTAL DAY SILK aanbrengen. Wij raden u aan onze samenstelling een paar weken te gebruiken om de kracht ervan te benutten en uw huid zachtjes over te brengen naar haar nieuwe, natuurlijke en gezonde staat.<\/span><\/p>\n<p><strong>Inhoud: 15 ml<\/strong><\/p>\n<h3 class=\"yikes-custom-woo-tab-title yikes-custom-woo-tab-title-natural-organic-ingredients\">Natuurlijke\/biologische Ingredi\u00ebnten<\/h3>\n<p><b>EVENING PRIMROSE SEED OIL*<br \/>\n<\/b>Helpt de textuur en de elasticiteit van de huid te verbeteren.<br \/>\nHydrateert diep, helpt lijntjes glad te strijken en verzacht een ruwe huid.<br \/>\nHelpt oxidatieve schade te voorkomen.<\/p>\n<p class=\"font_7\"><strong>KALAHARI MELOENZAADOLIE*<\/strong><br \/>\nHelpt de elasticiteit van de rijpere, gestreste en verslapte huid te herstellen.<br \/>\nHelpt talg in evenwicht te brengen en vermindert puistjes en acne.<br \/>\nTrekt snel in en verzacht ontstekingen.<\/p>\n<p><strong>ZWARTE BESSENZAADOLIE*<\/strong><br \/>\nHelpt aanspannen en verhoogt de elasticiteit.<br \/>\nVerjongt de rijpe, doffe, verslapte huid.<br \/>\nVerbetert de hydratatie van de huid en kalmeert de ge\u00efrriteerde huid.<\/p>\n<p><strong>PEQUI FRUITOLIE^<br \/>\n<\/strong>Herstelt de elasticiteit en bevordert de stevigheid.<br \/>\nHelpt de huidskleur te egaliseren en ouderdomsvlekken te verminderen.<br \/>\nZorgt voor een diepe hydratatie van de droge, broze, rijpere huid.<\/p>\n<p><b>KWEEPEER VRUCHT + ZAAD EXTRACT**^<\/b><br \/>\nHelpt de structurele integriteit van de huid te versterken.<br \/>\nStimuleert het metabolisme en de bloedcirculatie van de huid.<br \/>\nOptimaliseert de PH balans en heeft een zachte exfoli\u00ebrende werking.<\/p>\n<p><strong>KANGOEROEPOOT BLOEM EXTRACT^<\/strong><br \/>\nHelpt om snel strakker en elastischer te worden.<br \/>\nHelpt linolzuur aan te vullen en het vochtgehalte op peil te houden.<br \/>\nVersterkt de barri\u00e8refunctie en stimuleert het metabolisme van de huid.<\/p>\n<p><strong>RODE KLAVER BLOEM EXTRACT^<br \/>\n<\/strong>Helpt het collageengehalte te verhogen en op peil te houden.<br \/>\nHelpt de huid haar hydratatie, dikte en elasticiteit te verbeteren.<br \/>\nKalmeert inflammatoire huidaandoeningen en stimuleert de lymfestroom.<\/p>\n<p><strong>PICKLY PEAR ZAADOLIE*<br \/>\n<\/strong>Dringt diep door om de elasticiteit te helpen herstellen.<br \/>\nHydrateert diep, verfijnt het huidoppervlak en vernauwt de pori\u00ebn.<br \/>\nVerheldert schaduwen en helpt de huidskleur te egaliseren.<\/p>\n<p><span class=\"s1\"><strong>EXTRACT VAN BAMBOEBLAD*<br \/>\n<\/strong><\/span>Helpt de stevigheid en elasticiteit van de huid te verbeteren.<br \/>\nHelpt huidontsteking en oxidatieve stress te voorkomen.<br \/>\nHelpt bij de productie van collageen.<\/p>\n<p><strong>RIJSTKERNEL\/BRAN EXTRACT*<br \/>\n<\/strong>Helpt de collageenproductie te verhogen.<br \/>\nHelpt de huidskleur te egaliseren.<br \/>\nVerbetert de hydratatie en biedt bescherming tegen vrije radicalen.<\/p>\n<p><strong>HORSETAIL BLAD + STEM EXTRACT^<br \/>\n<\/strong>Helpt bij de productie en instandhouding van collageen.<br \/>\nHelpt de huidtextuur te verbeteren en de hydratatie te behouden.<br \/>\nMinimaliseert grote pori\u00ebn en bevordert de verstrakking van de huid.<\/p>\n<p><strong>ARTISCHOKBLOEM + BLADEXTRACT^<br \/>\n<\/strong>Helpt de elasticiteit van de huid te verbeteren.<br \/>\nVerzacht fijne lijntjes en vernauwt de pori\u00ebn.<br \/>\nHelpt fotoveroudering te voorkomen.<\/p>\n<p><strong>OLIJFOLIE**<br \/>\n<\/strong>Stimuleert nieuwe celgroei.<br \/>\nBeschermt tegen schade door vrije radicalen.<br \/>\nOnderhoudt de vochtbalans en elasticiteit.<\/p>\n<p><strong>VANILLE EXTRACT*<\/strong><br \/>\nNeutraliseert vrije radicalen.<br \/>\nStimuleert de celregeneratie<br \/>\nBeschermt tegen milieustressoren<\/p>\n<p class=\"font_7\"><strong><span class=\"s1\">SAFFRAAN STIGMA-EXTRACT*<br \/>\n<\/span><\/strong>Helpt de zuurstofstroom te verhogen.<br \/>\nNeurobeschermende eigenschappen.<br \/>\nSterke anti-oxidatieve eigenschappen.<\/p>\n<p><strong>MIRRE HARS EXTRACT^<br \/>\n<\/strong>Verjongt de huid.<br \/>\nVervaagt pigmentatie.<br \/>\nBevordert een snelle wondgenezing.<\/p>\n<p><strong>FRANKINCENSE SACRA HARS EXTRACT*<br \/>\n<\/strong>Troost de ziel, verlicht angsten.<br \/>\nAstringenten versterken en verstevigen.<br \/>\nStimuleert celherstel en brengt pigmentatie in balans.<\/p>\n<p><span class=\"s1\"><strong>24 KARAT GOUD&#8221;<\/strong><br \/>\nOntvangt zonne-energie en gronden intenties<br \/>\nVerbetert de circulatie.<br \/>\nVersterkt de integriteit van het collageen.<\/span><\/p>\n<p><span class=\"s1\"><span class=\"s2\">*CERTIFIED ORGANIC **CERTIFIED DEMETER<span class=\"Apple-converted-space\"> <\/span>BIODYNAMIC ^WILDCRAFTED<\/span><span class=\"s3\">&#8220;NON-NANO.<\/span><\/span><\/p>\n<p>&nbsp;<\/p>\n","protected":false},"excerpt":{"rendered":"<p>Sprankelend serum dat snel aanspant.<\/p>\n<p><strong>Inhoud: 15 ml<\/strong><\/p>\n","protected":false},"featured_media":314464,"comment_status":"open","ping_status":"closed","template":"","meta":[],"product_brand":[],"product_cat":[1029,5693,5621,5617,5696,14731,8697,1006,5694,5623,5005,5697,5692,5698,5700,510],"product_tag":[6156,9602,4079,4808],"class_list":{"0":"post-159844","1":"product","2":"type-product","3":"status-publish","4":"has-post-thumbnail","6":"product_cat-categorieen","7":"product_cat-dry-mature-ageing-skin-nl-5","8":"product_cat-dry-mature-ageing-skin-nl-4","9":"product_cat-sensitive-skin-redness-nl","10":"product_cat-sensitive-skin-redness-nl-5","11":"product_cat-huidverzorging","12":"product_cat-lepaar-nl","13":"product_cat-merken","14":"product_cat-normal-or-combination-skin-nl-5","15":"product_cat-normal-or-combination-skin-nl","16":"product_cat-by-skin-type","17":"product_cat-serums-nl","18":"product_cat-serums-nl-9","19":"product_cat-serums-nl-2","20":"product_cat-serums-nl-4","21":"product_cat-shop-winkel","22":"product_tag-face-care-nl","23":"product_tag-hydrating-nl","24":"product_tag-olie","25":"product_tag-skin-nl","26":"pa_brand-lepaar-nl","27":"pa_gtin-7424928739799-nl","28":"pa_skincare-type-face-oil-and-serums-nl","29":"pa_skintype-dry-mature-ageing-skin-nl","30":"pa_skintype-normal-combination-skin-nl","31":"pa_skintype-sensitive-skin-redness-nl","33":"first","34":"instock","35":"taxable","36":"shipping-taxable","37":"purchasable","38":"product-type-simple"},"bundled_by":[],"bundle_stock_status":"instock","bundle_stock_quantity":4,"bundle_virtual":false,"bundle_layout":"","bundle_add_to_cart_form_location":"","bundle_editable_in_cart":false,"bundle_sold_individually_context":"","bundle_item_grouping":"","bundle_min_size":"","bundle_max_size":"","bundle_price":[],"bundled_items":[],"bundle_sell_ids":[159837],"atum_controlled":true,"out_stock_date":null,"out_stock_threshold":null,"inheritable":false,"stock_on_hold":1,"sold_today":0,"sales_last_days":0,"out_stock_days":0,"lost_sales":0,"update_date":"2026-04-30T12:01:43","atum_locations":[],"atum_stock_status":"instock","restock_status":false,"low_stock_amount":"","sales_update_date":"2026-04-30T12:01:43","calc_backorders":null,"group_of_quantity":0,"min_quantity":0,"max_quantity":"","exclude_order_quantity_value_rules":"no","exclude_category_quantity_rules":"no","combine_variations":"no","yoast_head":"<!-- This site is optimized with the Yoast SEO Premium plugin v26.5 (Yoast SEO v26.5) - https:\/\/yoast.com\/wordpress\/plugins\/seo\/ -->\n<title>ELASTIC LOVE \/ Firming Face + Neck Oil \/ Zero Essential Oils%sep%% Lepaar<\/title>\n<meta name=\"description\" content=\"Sprankelend serum dat snel aanspant.\" \/>\n<meta name=\"robots\" content=\"index, follow, max-snippet:-1, max-image-preview:large, max-video-preview:-1\" \/>\n<link rel=\"canonical\" href=\"https:\/\/dutchhealthstore.com\/nl\/product\/elastic-love-firming-face-neck-oil-zero-essential-oils\/\" \/>\n<meta property=\"og:locale\" content=\"nl_NL\" \/>\n<meta property=\"og:type\" content=\"article\" \/>\n<meta property=\"og:title\" content=\"ELASTIC LOVE \/ Firming Face + Neck Oil \/ Zero Essential Oils - Dutch Health Store\" \/>\n<meta property=\"og:description\" content=\"Sprankelend serum dat snel aanspant.\" \/>\n<meta property=\"og:url\" content=\"https:\/\/dutchhealthstore.com\/nl\/product\/elastic-love-firming-face-neck-oil-zero-essential-oils\/\" \/>\n<meta property=\"og:site_name\" content=\"Dutch Health Store\" \/>\n<meta property=\"article:publisher\" content=\"https:\/\/www.instagram.com\/dutchhealthstore\/\" \/>\n<meta property=\"article:modified_time\" content=\"2026-04-26T17:58:30+00:00\" \/>\n<meta property=\"og:image\" content=\"https:\/\/dutchhealthstore.com\/wp-content\/uploads\/2021\/10\/lepelasticoke.jpg\" \/>\n\t<meta property=\"og:image:width\" content=\"500\" \/>\n\t<meta property=\"og:image:height\" content=\"500\" \/>\n\t<meta property=\"og:image:type\" content=\"image\/jpeg\" \/>\n<meta name=\"twitter:card\" content=\"summary_large_image\" \/>\n<meta name=\"twitter:label1\" content=\"Prijs\" \/>\n\t<meta name=\"twitter:data1\" content=\"&euro;55,00\" \/>\n\t<meta name=\"twitter:label2\" content=\"Beschikbaarheid\" \/>\n\t<meta name=\"twitter:data2\" content=\"Op voorraad\" \/>\n<script type=\"application\/ld+json\" class=\"yoast-schema-graph\">{\"@context\":\"https:\/\/schema.org\",\"@graph\":[{\"@type\":\"WebPage\",\"@id\":\"https:\/\/dutchhealthstore.com\/nl\/product\/elastic-love-firming-face-neck-oil-zero-essential-oils\/\",\"url\":\"https:\/\/dutchhealthstore.com\/nl\/product\/elastic-love-firming-face-neck-oil-zero-essential-oils\/\",\"name\":\"ELASTIC LOVE \/ Firming Face + Neck Oil \/ Zero Essential Oils%sep%% Lepaar\",\"isPartOf\":{\"@id\":\"https:\/\/dutchhealthstore.com\/nl\/#website\"},\"primaryImageOfPage\":{\"@id\":\"https:\/\/dutchhealthstore.com\/nl\/product\/elastic-love-firming-face-neck-oil-zero-essential-oils\/#primaryimage\"},\"image\":{\"@id\":\"https:\/\/dutchhealthstore.com\/nl\/product\/elastic-love-firming-face-neck-oil-zero-essential-oils\/#primaryimage\"},\"thumbnailUrl\":\"https:\/\/dutchhealthstore.com\/wp-content\/uploads\/2020\/07\/lepaar_0000s_0004_elastic-love.jpg\",\"datePublished\":\"2021-07-16T10:49:51+00:00\",\"dateModified\":\"2026-04-26T17:58:30+00:00\",\"description\":\"Sprankelend serum dat snel aanspant.\",\"breadcrumb\":{\"@id\":\"https:\/\/dutchhealthstore.com\/nl\/product\/elastic-love-firming-face-neck-oil-zero-essential-oils\/#breadcrumb\"},\"inLanguage\":\"nl-NL\",\"potentialAction\":[{\"@type\":\"ReadAction\",\"target\":[\"https:\/\/dutchhealthstore.com\/nl\/product\/elastic-love-firming-face-neck-oil-zero-essential-oils\/\"]}]},{\"@type\":\"ImageObject\",\"inLanguage\":\"nl-NL\",\"@id\":\"https:\/\/dutchhealthstore.com\/nl\/product\/elastic-love-firming-face-neck-oil-zero-essential-oils\/#primaryimage\",\"url\":\"https:\/\/dutchhealthstore.com\/wp-content\/uploads\/2020\/07\/lepaar_0000s_0004_elastic-love.jpg\",\"contentUrl\":\"https:\/\/dutchhealthstore.com\/wp-content\/uploads\/2020\/07\/lepaar_0000s_0004_elastic-love.jpg\",\"width\":530,\"height\":530},{\"@type\":\"BreadcrumbList\",\"@id\":\"https:\/\/dutchhealthstore.com\/nl\/product\/elastic-love-firming-face-neck-oil-zero-essential-oils\/#breadcrumb\",\"itemListElement\":[{\"@type\":\"ListItem\",\"position\":1,\"name\":\"Home\",\"item\":\"https:\/\/dutchhealthstore.com\/nl\/\"},{\"@type\":\"ListItem\",\"position\":2,\"name\":\"Shop\",\"item\":\"https:\/\/dutchhealthstore.com\/nl\/shop\/\"},{\"@type\":\"ListItem\",\"position\":3,\"name\":\"ELASTIC LOVE \/ Firming Face + Neck Oil \/ Zero Essential Oils\"}]},{\"@type\":\"WebSite\",\"@id\":\"https:\/\/dutchhealthstore.com\/nl\/#website\",\"url\":\"https:\/\/dutchhealthstore.com\/nl\/\",\"name\":\"Dutch Health Store\",\"description\":\"Enhance Your Beauty with Organic &amp; Natural Skincare\",\"publisher\":{\"@id\":\"https:\/\/dutchhealthstore.com\/nl\/#organization\"},\"potentialAction\":[{\"@type\":\"SearchAction\",\"target\":{\"@type\":\"EntryPoint\",\"urlTemplate\":\"https:\/\/dutchhealthstore.com\/nl\/?s={search_term_string}\"},\"query-input\":{\"@type\":\"PropertyValueSpecification\",\"valueRequired\":true,\"valueName\":\"search_term_string\"}}],\"inLanguage\":\"nl-NL\"},{\"@type\":\"Organization\",\"@id\":\"https:\/\/dutchhealthstore.com\/nl\/#organization\",\"name\":\"Dutch Health Store\",\"url\":\"https:\/\/dutchhealthstore.com\/nl\/\",\"logo\":{\"@type\":\"ImageObject\",\"inLanguage\":\"nl-NL\",\"@id\":\"https:\/\/dutchhealthstore.com\/nl\/#\/schema\/logo\/image\/\",\"url\":\"https:\/\/dutchhealthstore.com\/wp-content\/uploads\/2020\/08\/logo-dutchhealthstore-jpg-e1599484957574.jpg\",\"contentUrl\":\"https:\/\/dutchhealthstore.com\/wp-content\/uploads\/2020\/08\/logo-dutchhealthstore-jpg-e1599484957574.jpg\",\"width\":400,\"height\":62,\"caption\":\"Dutch Health Store\"},\"image\":{\"@id\":\"https:\/\/dutchhealthstore.com\/nl\/#\/schema\/logo\/image\/\"},\"sameAs\":[\"https:\/\/www.instagram.com\/dutchhealthstore\/\",\"https:\/\/www.facebook.com\/dutchhealthstore\"]}]}<\/script>\n<meta property=\"product:brand\" content=\"LEPAAR\" \/>\n<meta property=\"product:price:amount\" content=\"55.00\" \/>\n<meta property=\"product:price:currency\" content=\"EUR\" \/>\n<meta property=\"og:availability\" content=\"instock\" \/>\n<meta property=\"product:availability\" content=\"instock\" \/>\n<meta property=\"product:condition\" content=\"new\" \/>\n<!-- \/ Yoast SEO Premium plugin. -->","yoast_head_json":{"title":"ELASTIC LOVE \/ Firming Face + Neck Oil \/ Zero Essential Oils%sep%% Lepaar","description":"Sprankelend serum dat snel aanspant.","robots":{"index":"index","follow":"follow","max-snippet":"max-snippet:-1","max-image-preview":"max-image-preview:large","max-video-preview":"max-video-preview:-1"},"canonical":"https:\/\/dutchhealthstore.com\/nl\/product\/elastic-love-firming-face-neck-oil-zero-essential-oils\/","og_locale":"nl_NL","og_type":"article","og_title":"ELASTIC LOVE \/ Firming Face + Neck Oil \/ Zero Essential Oils - Dutch Health Store","og_description":"Sprankelend serum dat snel aanspant.","og_url":"https:\/\/dutchhealthstore.com\/nl\/product\/elastic-love-firming-face-neck-oil-zero-essential-oils\/","og_site_name":"Dutch Health Store","article_publisher":"https:\/\/www.instagram.com\/dutchhealthstore\/","article_modified_time":"2026-04-26T17:58:30+00:00","og_image":[{"width":500,"height":500,"url":"https:\/\/dutchhealthstore.com\/wp-content\/uploads\/2021\/10\/lepelasticoke.jpg","type":"image\/jpeg"}],"twitter_card":"summary_large_image","twitter_misc":{"Prijs":"&euro;55,00","Beschikbaarheid":"Op voorraad"},"schema":{"@context":"https:\/\/schema.org","@graph":[{"@type":"WebPage","@id":"https:\/\/dutchhealthstore.com\/nl\/product\/elastic-love-firming-face-neck-oil-zero-essential-oils\/","url":"https:\/\/dutchhealthstore.com\/nl\/product\/elastic-love-firming-face-neck-oil-zero-essential-oils\/","name":"ELASTIC LOVE \/ Firming Face + Neck Oil \/ Zero Essential Oils%sep%% Lepaar","isPartOf":{"@id":"https:\/\/dutchhealthstore.com\/nl\/#website"},"primaryImageOfPage":{"@id":"https:\/\/dutchhealthstore.com\/nl\/product\/elastic-love-firming-face-neck-oil-zero-essential-oils\/#primaryimage"},"image":{"@id":"https:\/\/dutchhealthstore.com\/nl\/product\/elastic-love-firming-face-neck-oil-zero-essential-oils\/#primaryimage"},"thumbnailUrl":"https:\/\/dutchhealthstore.com\/wp-content\/uploads\/2020\/07\/lepaar_0000s_0004_elastic-love.jpg","datePublished":"2021-07-16T10:49:51+00:00","dateModified":"2026-04-26T17:58:30+00:00","description":"Sprankelend serum dat snel aanspant.","breadcrumb":{"@id":"https:\/\/dutchhealthstore.com\/nl\/product\/elastic-love-firming-face-neck-oil-zero-essential-oils\/#breadcrumb"},"inLanguage":"nl-NL","potentialAction":[{"@type":"ReadAction","target":["https:\/\/dutchhealthstore.com\/nl\/product\/elastic-love-firming-face-neck-oil-zero-essential-oils\/"]}]},{"@type":"ImageObject","inLanguage":"nl-NL","@id":"https:\/\/dutchhealthstore.com\/nl\/product\/elastic-love-firming-face-neck-oil-zero-essential-oils\/#primaryimage","url":"https:\/\/dutchhealthstore.com\/wp-content\/uploads\/2020\/07\/lepaar_0000s_0004_elastic-love.jpg","contentUrl":"https:\/\/dutchhealthstore.com\/wp-content\/uploads\/2020\/07\/lepaar_0000s_0004_elastic-love.jpg","width":530,"height":530},{"@type":"BreadcrumbList","@id":"https:\/\/dutchhealthstore.com\/nl\/product\/elastic-love-firming-face-neck-oil-zero-essential-oils\/#breadcrumb","itemListElement":[{"@type":"ListItem","position":1,"name":"Home","item":"https:\/\/dutchhealthstore.com\/nl\/"},{"@type":"ListItem","position":2,"name":"Shop","item":"https:\/\/dutchhealthstore.com\/nl\/shop\/"},{"@type":"ListItem","position":3,"name":"ELASTIC LOVE \/ Firming Face + Neck Oil \/ Zero Essential Oils"}]},{"@type":"WebSite","@id":"https:\/\/dutchhealthstore.com\/nl\/#website","url":"https:\/\/dutchhealthstore.com\/nl\/","name":"Dutch Health Store","description":"Enhance Your Beauty with Organic &amp; Natural Skincare","publisher":{"@id":"https:\/\/dutchhealthstore.com\/nl\/#organization"},"potentialAction":[{"@type":"SearchAction","target":{"@type":"EntryPoint","urlTemplate":"https:\/\/dutchhealthstore.com\/nl\/?s={search_term_string}"},"query-input":{"@type":"PropertyValueSpecification","valueRequired":true,"valueName":"search_term_string"}}],"inLanguage":"nl-NL"},{"@type":"Organization","@id":"https:\/\/dutchhealthstore.com\/nl\/#organization","name":"Dutch Health Store","url":"https:\/\/dutchhealthstore.com\/nl\/","logo":{"@type":"ImageObject","inLanguage":"nl-NL","@id":"https:\/\/dutchhealthstore.com\/nl\/#\/schema\/logo\/image\/","url":"https:\/\/dutchhealthstore.com\/wp-content\/uploads\/2020\/08\/logo-dutchhealthstore-jpg-e1599484957574.jpg","contentUrl":"https:\/\/dutchhealthstore.com\/wp-content\/uploads\/2020\/08\/logo-dutchhealthstore-jpg-e1599484957574.jpg","width":400,"height":62,"caption":"Dutch Health Store"},"image":{"@id":"https:\/\/dutchhealthstore.com\/nl\/#\/schema\/logo\/image\/"},"sameAs":["https:\/\/www.instagram.com\/dutchhealthstore\/","https:\/\/www.facebook.com\/dutchhealthstore"]}]},"product_brand":"LEPAAR","product_price_amount":"55.00","product_price_currency":"EUR","og_availability":"instock","product_availability":"instock","product_condition":"new"},"_links":{"self":[{"href":"https:\/\/dutchhealthstore.com\/nl\/wp-json\/wp\/v2\/product\/159844","targetHints":{"allow":["GET"]}}],"collection":[{"href":"https:\/\/dutchhealthstore.com\/nl\/wp-json\/wp\/v2\/product"}],"about":[{"href":"https:\/\/dutchhealthstore.com\/nl\/wp-json\/wp\/v2\/types\/product"}],"replies":[{"embeddable":true,"href":"https:\/\/dutchhealthstore.com\/nl\/wp-json\/wp\/v2\/comments?post=159844"}],"wp:featuredmedia":[{"embeddable":true,"href":"https:\/\/dutchhealthstore.com\/nl\/wp-json\/wp\/v2\/media\/314464"}],"wp:attachment":[{"href":"https:\/\/dutchhealthstore.com\/nl\/wp-json\/wp\/v2\/media?parent=159844"}],"wp:term":[{"taxonomy":"product_brand","embeddable":true,"href":"https:\/\/dutchhealthstore.com\/nl\/wp-json\/wp\/v2\/product_brand?post=159844"},{"taxonomy":"product_cat","embeddable":true,"href":"https:\/\/dutchhealthstore.com\/nl\/wp-json\/wp\/v2\/product_cat?post=159844"},{"taxonomy":"product_tag","embeddable":true,"href":"https:\/\/dutchhealthstore.com\/nl\/wp-json\/wp\/v2\/product_tag?post=159844"}],"curies":[{"name":"wp","href":"https:\/\/api.w.org\/{rel}","templated":true}]}}