{"id":159840,"date":"2021-07-16T12:26:46","date_gmt":"2021-07-16T12:26:46","guid":{"rendered":"https:\/\/dutchhealthstore.com\/product\/sumantioxidant-cocktailmer-wine-even-tone-antioxidant-shield\/"},"modified":"2026-04-03T10:24:26","modified_gmt":"2026-04-03T08:24:26","slug":"sumantioxidant-cocktailmer-wine-even-tone-antioxidant-shield","status":"publish","type":"product","link":"https:\/\/dutchhealthstore.com\/nl\/product\/sumantioxidant-cocktailmer-wine-even-tone-antioxidant-shield\/","title":{"rendered":"SUMMER WINE \/ Even Tone Antioxidant Shield"},"content":{"rendered":"<div class=\"product-single__description rte\">\n<div id=\"tabs\" class=\"description ui-tabs ui-widget ui-widget-content ui-corner-all\">\n<div id=\"tabs-1\" class=\"ui-tabs-panel ui-widget-content ui-corner-bottom\" role=\"tabpanel\" aria-labelledby=\"ui-id-1\" aria-expanded=\"true\" aria-hidden=\"false\">\n<p><strong>Verenigde momenten van geluk.<\/strong><\/p>\n<p>Uren tuinieren onder de zon, middagen op het strand, &#8217;s avonds laat genieten van natuurlijke wijn onder de sterren &#8211; deze antioxidantencocktail voorziet mijn huid van alles wat ze nodig heeft om zich te beschermen en te herstellen. Een tweede huid en een onzichtbaar pantser om allerlei omstandigheden waarmee we in de loop van onze dag te maken krijgen te doorstaan. Dit serum kan heerlijk zitten onder een zonnebrandcr\u00e8me, en is prachtig als een after sun damage control.<\/p>\n<p>In 2020 maakte Christo natuurlijke wijn met <strong><a title=\"CARTO WIJNEN\" href=\"https:\/\/www.cartowine.com\/\">Brendon Carto, van Carto Wines<\/a>,<\/strong> ambachtelijk wild bier met onze vriend Tim met behulp van ons Kangaroo Valley bronwater, en macereerde moonshine flessen met Gentian\/Mulberry bitters. Ik heb al hun plantenresten in de zon verwerkt tot biodynamische olijfolie, totdat de extracten zongen van lachende, warme, zuipende zomerdagen met vrienden die vorig jaar allemaal hun leven moesten veranderen.<\/p>\n<p>SUMMER WINE is een verzameling van de goede 2020-momenten die we grepen, de mooie dingen die we deden in de vreemdste jaren, toen alles op zijn kop stond en iedereen brutaal van het rechte pad raakte. De tijd stond stil, en momenten van zeldzaam nietsdoen openden een wereld van schoonheid.<\/p>\n<p><strong>VOORDELEN<\/strong><br \/>\nZongerijpte extracten van Primitivo-druiven, gefermenteerde Chardonnay-druiven + zaden en Shiraz-bladeren, moerbeibladeren, gentiaanwortel, hopbloemen, drakenbloedhars, ginkgobladeren en aardbeigom worden gecombineerd met aardbeizaadolie, braambessenzaadolie en buriti-zaadolie, waardoor een beschermende tweede huid ontstaat die vrije radicalen bestrijdt, vervuiling tegengaat, pigmentvlekken vervaagt, de celvernieuwing versnelt, ontstekingen kalmeert, zwellingen vermindert, een ongelijkmatige teint corrigeert en de huidskleur verbetert.<\/p>\n<p><strong>NUL ESSENTI\u00cbLE OLI\u00cbN<br \/>\n<\/strong> Om de aroma&#8217;s en geuren van mijn extracten en oli\u00ebn zich op natuurlijke wijze te laten ontwikkelen, heb ik ervoor gekozen om <span style=\"text-decoration: underline;\">nul essenti\u00eble oli\u00ebn<\/span> toe te voegen aan al onze KAIROS MOMENT-composities. Dit betekent dat hun energetische etherische lading veel subtieler is en afkomstig is van de natuurlijk voorkomende, niet-ge\u00efsoleerde essenti\u00eble oli\u00ebn in het plantenmateriaal, zoals zaden, vruchten, bloemen, bladeren, schors, enz. Ik extraheer in biodynamische olijfolie. Het aroma van deze zeer complexe composities is oscillerend, specifiek, gedenkwaardig &#8211; Kairologisch.<\/p>\n<p><span style=\"text-align: left;\" data-block=\"\"><strong>KAIROS MOMENT CAPSULE COLLECTIE<br \/>\n<\/strong>GEDENKWAARDIG. LUCID. PLEZIER.<\/span><span style=\"text-align: left;\" data-block=\"\"><\/p>\n<p>&#8220;Een wereld zien in een zandkorrel<br \/>\nEn een hemel in een wilde bloem,<br \/>\nDe oneindigheid vasthouden in de palm van je hand<br \/>\nEn de eeuwigheid in een uur.&#8221; ~William Blake<\/span><\/p>\n<p><span style=\"text-align: left;\" data-block=\"\">Kairos-tijd &#8211; in tegenstelling tot Chronos-tijd, is niet-lineair. Kairos tijd wordt niet gemeten, loopt niet volgens schema&#8217;s. Het is de cyclische tijd van de ziel, goddelijke vonken van nieuwe richtingen, aha-momenten van diepe inzichten, transformerende beslissingen, ge\u00efnspireerde creaties, en vooral van zwevende ledigheid. Kairos-momenten ontstaan in stilte en verschijnen in het oog van stormen. Wanneer ons aan Chronos-tijd gebonden ego wankelt, wanneer we ons zelf overgeven aan de Natuur, vindt zij onze gewonde openingen en giet zij licht in al onze barsten. Kairos-momenten zijn transcendentaal, magisch.<br \/>\n<\/span><span style=\"text-align: left;\" data-block=\"\"><br \/>\n<\/span><span style=\"text-align: left;\" data-block=\"\">Ik cre\u00eberde onze levendige nieuwe composities tijdens ons eigen Kairos-moment in 2020, toen de tijd voor ons allemaal stilstond. En in die elastische pauze tussen inademen en uitademen mochten we spelen, ontdekken en wat huidverzorgingsmagie maken.<\/span><\/p>\n<p><span style=\"text-align: left;\" data-block=\"\">Een ode aan het nu.<br \/>\n<\/span><span style=\"text-align: left;\" data-block=\"\">Johanna + Christo xx<\/span><\/p>\n<p><strong>Inhoud: 15 ml<\/strong><\/p>\n<\/div>\n<\/div>\n<\/div>\n<div class=\"collapsibles-wrapper collapsibles-wrapper--border-bottom\">\n<h3 class=\"yikes-custom-woo-tab-title yikes-custom-woo-tab-title-natural-organic-ingredients\">Natuurlijke\/biologische Ingredi\u00ebnten<\/h3>\n<p class=\"p1\"><span class=\"s1\"><b>STIMULERENDE BASIS<\/b><\/span><\/p>\n<p class=\"p1\"><span class=\"s1\">VITIS VINIFERA &#8220;PRIMITIVO&#8221; (DRUIF) ZAAD + FRUITEXTRACT*<\/span><span class=\"s1\"> <\/span><span class=\"s1\">Orange, Australi\u00eb.<\/span> Biologisch. Handgeplukte, hele bossen geperste, in de zon gedroogde vruchten + zaden, minimaal 4 maanden in de zon ge\u00efnfuseerd in biodynamische olijfolie.<\/p>\n<p class=\"p1\"><span class=\"s1\">VITIS VINIFERA &#8220;CHARDONNAY&#8221; (DRUIF)<span class=\"Apple-converted-space\">  <\/span>EXTRACT) ZAD + FRUIT EXTRACT* Sinaasappel, Australi\u00eb. Biologisch. Handgeplukte, hele bossen geperste, in de zon gedroogde vruchten + zaden, minimaal 4 maanden in de zon ge\u00efnfuseerd in biodynamische olijfolie.<\/span><\/p>\n<p class=\"p1\"><span class=\"s1\">VINIFERA &#8220;SHIRAZ&#8221; (DRUIVEN) LEAF EXTRACT* <\/span>Kangaroo Valley, Australi\u00eb. Wildcrafted. Handgeplukte, luchtgedroogde bladeren, minimaal 4 maanden in de zon in biodynamische olijfolie.<\/p>\n<p class=\"p1\"><span class=\"s1\"><b>EVENWICHTSCENTRUM<\/b><\/span><\/p>\n<p class=\"p1\"><span class=\"s1\">FRAGARIA VESCA ZADEL* <\/span> Egypte. <span class=\"s2\">Gecertificeerd biologisch. Koudgeperste zaden, ongeraffineerd.<\/span><\/p>\n<p class=\"p1\"><span class=\"s1\">MORUS NIGRA\/ALBA (MOERBEI)<\/span><span class=\"s2\">) LEAF EXTRACT*<\/span><span class=\"s1\"> Kangaroo Valley, Australi\u00eb. Wildcrafted. <\/span>Handgeplukte, luchtgedroogde bladeren, minimaal 4 maanden in de zon in biodynamische olijfolie.<\/p>\n<p class=\"p1\"><span class=\"s1\">RUBUS FRUTICOSUS (BLACKBERRY) ZAADOLIE* Frankrijk. <span class=\"s2\">Gecertificeerd biologisch. Koudgeperste zaden, ongeraffineerd.<\/span><\/span><\/p>\n<p class=\"p1\"><span class=\"s1\">VITIS VINIFERA (DRUIVEN) ZAADOLIE*<\/span><span class=\"s2\"> Spanje\/Frankrijk. Gecertificeerd biologisch. Koudgeperste zaden, ongeraffineerd.<\/span><\/p>\n<p class=\"p1\"><span class=\"s1\">GENTIANA LUTEA (GENTIAAN) WORTEL EXTRACT*<\/span><span class=\"s2\"> Frankrijk. Gecertificeerd biologisch. <\/span>Minimaal 4 maanden in de zon in biodynamische olijfolie.<\/p>\n<p class=\"p1\"><span class=\"s1\">HUMULUS LUPULUS (HOP) BLOEMEXTRACT* <\/span>Australi\u00eb. Gecertificeerd biologisch. Minimaal 4 maanden in de zon in biodynamische olijfolie.<\/p>\n<p class=\"p1\"><span class=\"s1\">CROTON LECHLERI (&#8216;MIDDELEEUWS&#8217; DRAKENBLOED) HARS EXTRACT^ EILAND SOCOTRA, JEMEN. Wildcrafted. Ethisch geoogst, duurzaam verhandeld. Handgemalen hars, minimaal 4 maanden in de zon in biodynamische olijfolie.<\/span><\/p>\n<p class=\"p1\"><span class=\"s1\">GINKGO BILOBA (GINGKO) BLADEXTRACT* China. Gecertificeerd biologisch. Minimaal 4 maanden in de zon in biodynamische olijfolie.<\/span><\/p>\n<p class=\"p1\"><span class=\"s1\">MAURITIA FLEXUOSA (BURITI) ZAADOLIE* Amazonegebied, Brazili\u00eb. Wildcrafted. Koudgeperste zaden, ongeraffineerd.<\/span><\/p>\n<p class=\"p1\"><span class=\"s1\">EUCALYPTUS OLIDA (STRAWBERRY GUM) EXTRACT* Australi\u00eb. Wildcrafted. H<\/span><span class=\"s1\">andgeplukte, luchtgedroogde bladeren, zon-infusie voor een minimum van 4 maanden in biodynamische olijfolie.<\/span><\/p>\n<p class=\"p1\"><span class=\"s1\">VANILLE PLANIFOLIA (VANILLE) FRUITEXTRACT*. <\/span>Daintree Rainforest, Australi\u00eb. Gecertificeerd biologisch. Handgeplukte, zongerijpte hele bonen, minimaal 4 maanden ge\u00efnfuseerd in biodynamische olijfolie.<\/p>\n<p class=\"p1\"><span class=\"s1\">OLEA EUROPAEA (OLIJF)OLIE**. <\/span>Victoria, Australi\u00eb. Gecertificeerd Demeter biodynamisch, kleine partij koudgeperst, ongeraffineerd, extra vierge.<\/p>\n<p class=\"p1\"><span class=\"s1\"><b>HARMONISERENDE LADING &#8220;HEILIGE DRIE-EENHEID MIX<\/b><\/span><\/p>\n<p class=\"p1\"><span class=\"s1\">BOSWELLIA FREREANA (FRANKINCENSE &#8220;MAYDI&#8221;, KONING VAN FRANKINCENSE) RESIN EXTRACT, <\/span>Somali\u00eb. Gecertificeerd biologisch. \/ <span class=\"s1\">BOSWELLIA SACRA (KONINKLIJKE HORAJI WITTE &#8220;HEILIGE&#8221; WIEROOK) HARS EXTRACT^. <\/span>Oman. Gecertificeerd biologisch. Fair-trade hars, duurzaam geoogst door een gemeenschapsco\u00f6peratie&#8230; Minimaal 4 maanden zon-infusie in biodynamische olijfolie.<\/p>\n<p class=\"p1\"><span class=\"s1\">COMMIPHORA MYRRHA (MYRRH) RESIN EXTRACT* <\/span>Somali\u00eb. Gecertificeerd biologisch. Jemen. Wildcrafted. \/ <span class=\"s1\">COMMIPHORA WILDII (&#8216;OMUMBIRI&#8217; NAMIBIAN MYRRH) RESIN EXTRACT <\/span>Namibi\u00eb. Wildcrafted. Fairtrade hars, duurzaam geoogst door een gemeenschapsco\u00f6peratie. Minimaal 4 maanden in de zon in biodynamische olijfolie.<\/p>\n<p class=\"p1\"><span class=\"s1\">24 KARAAT GOUD&#8221;, <\/span>Duitsland. Niet-Nano. Certificaat van cosmetische\/voedingskwaliteit. Minimaal 4 maanden in de zon in biodynamische olijfolie.<\/p>\n<p class=\"p1\">ALLE EXTRACTEN ZIJN DOOR ONS IN DE ZON VERWERKT IN GECERTIFICEERDE BIODYNAMISCHE OLIJFOLIE.<\/p>\n<p class=\"p1\"><i>*Organisch <span style=\"font-size: 14.4px;\">**Demeter<\/span> biodynamisch ^wildcrafted\/non-gmo\/chemical free &#8220;non-nano.<\/i><\/p>\n<p class=\"p1\"><b>WAARSCHUWING &#8211; De veiligheid van dit product is niet vastgesteld.<\/b><\/p>\n<\/div>\n","protected":false},"excerpt":{"rendered":"<p>Antioxidant cocktail voorziet de huid van alles wat ze nodig heeft om zich te beschermen en te herstellen.<\/p>\n<p>Inhoud: 15 ml <\/p>\n<p>&nbsp;<\/p>\n","protected":false},"featured_media":321302,"comment_status":"open","ping_status":"closed","template":"","meta":[],"product_brand":[],"product_cat":[1029,5693,5621,5617,5696,14731,8697,1006,5694,5623,5005,5697,5692,5698,5700,510],"product_tag":[21655,6156,6265,3799,4808],"class_list":{"0":"post-159840","1":"product","2":"type-product","3":"status-publish","4":"has-post-thumbnail","6":"product_cat-categorieen","7":"product_cat-dry-mature-ageing-skin-nl-5","8":"product_cat-dry-mature-ageing-skin-nl-4","9":"product_cat-sensitive-skin-redness-nl","10":"product_cat-sensitive-skin-redness-nl-5","11":"product_cat-huidverzorging","12":"product_cat-lepaar-nl","13":"product_cat-merken","14":"product_cat-normal-or-combination-skin-nl-5","15":"product_cat-normal-or-combination-skin-nl","16":"product_cat-by-skin-type","17":"product_cat-serums-nl","18":"product_cat-serums-nl-9","19":"product_cat-serums-nl-2","20":"product_cat-serums-nl-4","21":"product_cat-shop-winkel","22":"product_tag-antioxidanen","23":"product_tag-face-care-nl","24":"product_tag-glow-nl","25":"product_tag-serum-nl","26":"product_tag-skin-nl","27":"pa_brand-lepaar-nl","28":"pa_gtin-7424923990911-nl","29":"pa_size-0-5-oz-15-ml-nl","30":"pa_skincare-type-face-oil-and-serums-nl","31":"pa_skintype-dry-mature-ageing-skin-nl","32":"pa_skintype-normal-combination-skin-nl","33":"pa_skintype-sensitive-skin-redness-nl","35":"first","36":"instock","37":"taxable","38":"shipping-taxable","39":"purchasable","40":"product-type-simple"},"bundled_by":[],"bundle_stock_status":"instock","bundle_stock_quantity":3,"bundle_virtual":false,"bundle_layout":"","bundle_add_to_cart_form_location":"","bundle_editable_in_cart":false,"bundle_sold_individually_context":"","bundle_item_grouping":"","bundle_min_size":"","bundle_max_size":"","bundle_price":[],"bundled_items":[],"bundle_sell_ids":[230769],"atum_controlled":true,"out_stock_date":null,"out_stock_threshold":null,"inheritable":false,"stock_on_hold":1,"sold_today":0,"sales_last_days":0,"out_stock_days":0,"lost_sales":0,"update_date":"2026-04-16T09:31:55","atum_locations":[],"atum_stock_status":"instock","restock_status":false,"low_stock_amount":"","sales_update_date":"2026-04-16T09:31:55","calc_backorders":null,"group_of_quantity":0,"min_quantity":0,"max_quantity":"","exclude_order_quantity_value_rules":"no","exclude_category_quantity_rules":"no","combine_variations":"no","yoast_head":"<!-- This site is optimized with the Yoast SEO Premium plugin v26.5 (Yoast SEO v26.5) - https:\/\/yoast.com\/wordpress\/plugins\/seo\/ -->\n<title>SUMMER WINE \/ Even Tone Antioxidant Shield%sep%% Lepaar<\/title>\n<meta name=\"description\" content=\"Een cocktail van antioxidanten voorziet de huid van alles wat ze nodig heeft om zich te beschermen en te herstellen.\" \/>\n<meta name=\"robots\" content=\"index, follow, max-snippet:-1, max-image-preview:large, max-video-preview:-1\" \/>\n<link rel=\"canonical\" href=\"https:\/\/dutchhealthstore.com\/nl\/product\/sumantioxidant-cocktailmer-wine-even-tone-antioxidant-shield\/\" \/>\n<meta property=\"og:locale\" content=\"nl_NL\" \/>\n<meta property=\"og:type\" content=\"article\" \/>\n<meta property=\"og:title\" content=\"SUMMER WINE \/ Even Tone Antioxidant Shield - Dutch Health Store\" \/>\n<meta property=\"og:description\" content=\"Een cocktail van antioxidanten voorziet de huid van alles wat ze nodig heeft om zich te beschermen en te herstellen.\" \/>\n<meta property=\"og:url\" content=\"https:\/\/dutchhealthstore.com\/nl\/product\/sumantioxidant-cocktailmer-wine-even-tone-antioxidant-shield\/\" \/>\n<meta property=\"og:site_name\" content=\"Dutch Health Store\" \/>\n<meta property=\"article:publisher\" content=\"https:\/\/www.instagram.com\/dutchhealthstore\/\" \/>\n<meta property=\"article:modified_time\" content=\"2026-04-03T08:24:26+00:00\" \/>\n<meta property=\"og:image\" content=\"https:\/\/dutchhealthstore.com\/wp-content\/uploads\/2021\/07\/summerwine02.jpg\" \/>\n\t<meta property=\"og:image:width\" content=\"530\" \/>\n\t<meta property=\"og:image:height\" content=\"530\" \/>\n\t<meta property=\"og:image:type\" content=\"image\/jpeg\" \/>\n<meta name=\"twitter:card\" content=\"summary_large_image\" \/>\n<meta name=\"twitter:label1\" content=\"Prijs\" \/>\n\t<meta name=\"twitter:data1\" content=\"&euro;55,00\" \/>\n\t<meta name=\"twitter:label2\" content=\"Beschikbaarheid\" \/>\n\t<meta name=\"twitter:data2\" content=\"Op voorraad\" \/>\n<script type=\"application\/ld+json\" class=\"yoast-schema-graph\">{\"@context\":\"https:\/\/schema.org\",\"@graph\":[{\"@type\":\"WebPage\",\"@id\":\"https:\/\/dutchhealthstore.com\/nl\/product\/sumantioxidant-cocktailmer-wine-even-tone-antioxidant-shield\/\",\"url\":\"https:\/\/dutchhealthstore.com\/nl\/product\/sumantioxidant-cocktailmer-wine-even-tone-antioxidant-shield\/\",\"name\":\"SUMMER WINE \/ Even Tone Antioxidant Shield%sep%% Lepaar\",\"isPartOf\":{\"@id\":\"https:\/\/dutchhealthstore.com\/nl\/#website\"},\"primaryImageOfPage\":{\"@id\":\"https:\/\/dutchhealthstore.com\/nl\/product\/sumantioxidant-cocktailmer-wine-even-tone-antioxidant-shield\/#primaryimage\"},\"image\":{\"@id\":\"https:\/\/dutchhealthstore.com\/nl\/product\/sumantioxidant-cocktailmer-wine-even-tone-antioxidant-shield\/#primaryimage\"},\"thumbnailUrl\":\"https:\/\/dutchhealthstore.com\/wp-content\/uploads\/2021\/07\/summerwine02.jpg\",\"datePublished\":\"2021-07-16T12:26:46+00:00\",\"dateModified\":\"2026-04-03T08:24:26+00:00\",\"description\":\"Een cocktail van antioxidanten voorziet de huid van alles wat ze nodig heeft om zich te beschermen en te herstellen.\",\"breadcrumb\":{\"@id\":\"https:\/\/dutchhealthstore.com\/nl\/product\/sumantioxidant-cocktailmer-wine-even-tone-antioxidant-shield\/#breadcrumb\"},\"inLanguage\":\"nl-NL\",\"potentialAction\":[{\"@type\":\"ReadAction\",\"target\":[\"https:\/\/dutchhealthstore.com\/nl\/product\/sumantioxidant-cocktailmer-wine-even-tone-antioxidant-shield\/\"]}]},{\"@type\":\"ImageObject\",\"inLanguage\":\"nl-NL\",\"@id\":\"https:\/\/dutchhealthstore.com\/nl\/product\/sumantioxidant-cocktailmer-wine-even-tone-antioxidant-shield\/#primaryimage\",\"url\":\"https:\/\/dutchhealthstore.com\/wp-content\/uploads\/2021\/07\/summerwine02.jpg\",\"contentUrl\":\"https:\/\/dutchhealthstore.com\/wp-content\/uploads\/2021\/07\/summerwine02.jpg\",\"width\":530,\"height\":530},{\"@type\":\"BreadcrumbList\",\"@id\":\"https:\/\/dutchhealthstore.com\/nl\/product\/sumantioxidant-cocktailmer-wine-even-tone-antioxidant-shield\/#breadcrumb\",\"itemListElement\":[{\"@type\":\"ListItem\",\"position\":1,\"name\":\"Home\",\"item\":\"https:\/\/dutchhealthstore.com\/nl\/\"},{\"@type\":\"ListItem\",\"position\":2,\"name\":\"Shop\",\"item\":\"https:\/\/dutchhealthstore.com\/nl\/shop\/\"},{\"@type\":\"ListItem\",\"position\":3,\"name\":\"SUMMER WINE \/ Even Tone Antioxidant Shield\"}]},{\"@type\":\"WebSite\",\"@id\":\"https:\/\/dutchhealthstore.com\/nl\/#website\",\"url\":\"https:\/\/dutchhealthstore.com\/nl\/\",\"name\":\"Dutch Health Store\",\"description\":\"Enhance Your Beauty with Organic &amp; Natural Skincare\",\"publisher\":{\"@id\":\"https:\/\/dutchhealthstore.com\/nl\/#organization\"},\"potentialAction\":[{\"@type\":\"SearchAction\",\"target\":{\"@type\":\"EntryPoint\",\"urlTemplate\":\"https:\/\/dutchhealthstore.com\/nl\/?s={search_term_string}\"},\"query-input\":{\"@type\":\"PropertyValueSpecification\",\"valueRequired\":true,\"valueName\":\"search_term_string\"}}],\"inLanguage\":\"nl-NL\"},{\"@type\":\"Organization\",\"@id\":\"https:\/\/dutchhealthstore.com\/nl\/#organization\",\"name\":\"Dutch Health Store\",\"url\":\"https:\/\/dutchhealthstore.com\/nl\/\",\"logo\":{\"@type\":\"ImageObject\",\"inLanguage\":\"nl-NL\",\"@id\":\"https:\/\/dutchhealthstore.com\/nl\/#\/schema\/logo\/image\/\",\"url\":\"https:\/\/dutchhealthstore.com\/wp-content\/uploads\/2020\/08\/logo-dutchhealthstore-jpg-e1599484957574.jpg\",\"contentUrl\":\"https:\/\/dutchhealthstore.com\/wp-content\/uploads\/2020\/08\/logo-dutchhealthstore-jpg-e1599484957574.jpg\",\"width\":400,\"height\":62,\"caption\":\"Dutch Health Store\"},\"image\":{\"@id\":\"https:\/\/dutchhealthstore.com\/nl\/#\/schema\/logo\/image\/\"},\"sameAs\":[\"https:\/\/www.instagram.com\/dutchhealthstore\/\",\"https:\/\/www.facebook.com\/dutchhealthstore\"]}]}<\/script>\n<meta property=\"product:brand\" content=\"LEPAAR\" \/>\n<meta property=\"product:price:amount\" content=\"55.00\" \/>\n<meta property=\"product:price:currency\" content=\"EUR\" \/>\n<meta property=\"og:availability\" content=\"instock\" \/>\n<meta property=\"product:availability\" content=\"instock\" \/>\n<meta property=\"product:condition\" content=\"new\" \/>\n<!-- \/ Yoast SEO Premium plugin. -->","yoast_head_json":{"title":"SUMMER WINE \/ Even Tone Antioxidant Shield%sep%% Lepaar","description":"Een cocktail van antioxidanten voorziet de huid van alles wat ze nodig heeft om zich te beschermen en te herstellen.","robots":{"index":"index","follow":"follow","max-snippet":"max-snippet:-1","max-image-preview":"max-image-preview:large","max-video-preview":"max-video-preview:-1"},"canonical":"https:\/\/dutchhealthstore.com\/nl\/product\/sumantioxidant-cocktailmer-wine-even-tone-antioxidant-shield\/","og_locale":"nl_NL","og_type":"article","og_title":"SUMMER WINE \/ Even Tone Antioxidant Shield - Dutch Health Store","og_description":"Een cocktail van antioxidanten voorziet de huid van alles wat ze nodig heeft om zich te beschermen en te herstellen.","og_url":"https:\/\/dutchhealthstore.com\/nl\/product\/sumantioxidant-cocktailmer-wine-even-tone-antioxidant-shield\/","og_site_name":"Dutch Health Store","article_publisher":"https:\/\/www.instagram.com\/dutchhealthstore\/","article_modified_time":"2026-04-03T08:24:26+00:00","og_image":[{"width":530,"height":530,"url":"https:\/\/dutchhealthstore.com\/wp-content\/uploads\/2021\/07\/summerwine02.jpg","type":"image\/jpeg"}],"twitter_card":"summary_large_image","twitter_misc":{"Prijs":"&euro;55,00","Beschikbaarheid":"Op voorraad"},"schema":{"@context":"https:\/\/schema.org","@graph":[{"@type":"WebPage","@id":"https:\/\/dutchhealthstore.com\/nl\/product\/sumantioxidant-cocktailmer-wine-even-tone-antioxidant-shield\/","url":"https:\/\/dutchhealthstore.com\/nl\/product\/sumantioxidant-cocktailmer-wine-even-tone-antioxidant-shield\/","name":"SUMMER WINE \/ Even Tone Antioxidant Shield%sep%% Lepaar","isPartOf":{"@id":"https:\/\/dutchhealthstore.com\/nl\/#website"},"primaryImageOfPage":{"@id":"https:\/\/dutchhealthstore.com\/nl\/product\/sumantioxidant-cocktailmer-wine-even-tone-antioxidant-shield\/#primaryimage"},"image":{"@id":"https:\/\/dutchhealthstore.com\/nl\/product\/sumantioxidant-cocktailmer-wine-even-tone-antioxidant-shield\/#primaryimage"},"thumbnailUrl":"https:\/\/dutchhealthstore.com\/wp-content\/uploads\/2021\/07\/summerwine02.jpg","datePublished":"2021-07-16T12:26:46+00:00","dateModified":"2026-04-03T08:24:26+00:00","description":"Een cocktail van antioxidanten voorziet de huid van alles wat ze nodig heeft om zich te beschermen en te herstellen.","breadcrumb":{"@id":"https:\/\/dutchhealthstore.com\/nl\/product\/sumantioxidant-cocktailmer-wine-even-tone-antioxidant-shield\/#breadcrumb"},"inLanguage":"nl-NL","potentialAction":[{"@type":"ReadAction","target":["https:\/\/dutchhealthstore.com\/nl\/product\/sumantioxidant-cocktailmer-wine-even-tone-antioxidant-shield\/"]}]},{"@type":"ImageObject","inLanguage":"nl-NL","@id":"https:\/\/dutchhealthstore.com\/nl\/product\/sumantioxidant-cocktailmer-wine-even-tone-antioxidant-shield\/#primaryimage","url":"https:\/\/dutchhealthstore.com\/wp-content\/uploads\/2021\/07\/summerwine02.jpg","contentUrl":"https:\/\/dutchhealthstore.com\/wp-content\/uploads\/2021\/07\/summerwine02.jpg","width":530,"height":530},{"@type":"BreadcrumbList","@id":"https:\/\/dutchhealthstore.com\/nl\/product\/sumantioxidant-cocktailmer-wine-even-tone-antioxidant-shield\/#breadcrumb","itemListElement":[{"@type":"ListItem","position":1,"name":"Home","item":"https:\/\/dutchhealthstore.com\/nl\/"},{"@type":"ListItem","position":2,"name":"Shop","item":"https:\/\/dutchhealthstore.com\/nl\/shop\/"},{"@type":"ListItem","position":3,"name":"SUMMER WINE \/ Even Tone Antioxidant Shield"}]},{"@type":"WebSite","@id":"https:\/\/dutchhealthstore.com\/nl\/#website","url":"https:\/\/dutchhealthstore.com\/nl\/","name":"Dutch Health Store","description":"Enhance Your Beauty with Organic &amp; Natural Skincare","publisher":{"@id":"https:\/\/dutchhealthstore.com\/nl\/#organization"},"potentialAction":[{"@type":"SearchAction","target":{"@type":"EntryPoint","urlTemplate":"https:\/\/dutchhealthstore.com\/nl\/?s={search_term_string}"},"query-input":{"@type":"PropertyValueSpecification","valueRequired":true,"valueName":"search_term_string"}}],"inLanguage":"nl-NL"},{"@type":"Organization","@id":"https:\/\/dutchhealthstore.com\/nl\/#organization","name":"Dutch Health Store","url":"https:\/\/dutchhealthstore.com\/nl\/","logo":{"@type":"ImageObject","inLanguage":"nl-NL","@id":"https:\/\/dutchhealthstore.com\/nl\/#\/schema\/logo\/image\/","url":"https:\/\/dutchhealthstore.com\/wp-content\/uploads\/2020\/08\/logo-dutchhealthstore-jpg-e1599484957574.jpg","contentUrl":"https:\/\/dutchhealthstore.com\/wp-content\/uploads\/2020\/08\/logo-dutchhealthstore-jpg-e1599484957574.jpg","width":400,"height":62,"caption":"Dutch Health Store"},"image":{"@id":"https:\/\/dutchhealthstore.com\/nl\/#\/schema\/logo\/image\/"},"sameAs":["https:\/\/www.instagram.com\/dutchhealthstore\/","https:\/\/www.facebook.com\/dutchhealthstore"]}]},"product_brand":"LEPAAR","product_price_amount":"55.00","product_price_currency":"EUR","og_availability":"instock","product_availability":"instock","product_condition":"new"},"_links":{"self":[{"href":"https:\/\/dutchhealthstore.com\/nl\/wp-json\/wp\/v2\/product\/159840","targetHints":{"allow":["GET"]}}],"collection":[{"href":"https:\/\/dutchhealthstore.com\/nl\/wp-json\/wp\/v2\/product"}],"about":[{"href":"https:\/\/dutchhealthstore.com\/nl\/wp-json\/wp\/v2\/types\/product"}],"replies":[{"embeddable":true,"href":"https:\/\/dutchhealthstore.com\/nl\/wp-json\/wp\/v2\/comments?post=159840"}],"wp:featuredmedia":[{"embeddable":true,"href":"https:\/\/dutchhealthstore.com\/nl\/wp-json\/wp\/v2\/media\/321302"}],"wp:attachment":[{"href":"https:\/\/dutchhealthstore.com\/nl\/wp-json\/wp\/v2\/media?parent=159840"}],"wp:term":[{"taxonomy":"product_brand","embeddable":true,"href":"https:\/\/dutchhealthstore.com\/nl\/wp-json\/wp\/v2\/product_brand?post=159840"},{"taxonomy":"product_cat","embeddable":true,"href":"https:\/\/dutchhealthstore.com\/nl\/wp-json\/wp\/v2\/product_cat?post=159840"},{"taxonomy":"product_tag","embeddable":true,"href":"https:\/\/dutchhealthstore.com\/nl\/wp-json\/wp\/v2\/product_tag?post=159840"}],"curies":[{"name":"wp","href":"https:\/\/api.w.org\/{rel}","templated":true}]}}