{"id":159837,"date":"2021-07-16T12:43:15","date_gmt":"2021-07-16T10:43:15","guid":{"rendered":"https:\/\/dutchhealthstore.com\/product\/smooth-operator-unfolding-face-balsam\/"},"modified":"2025-10-06T12:12:44","modified_gmt":"2025-10-06T10:12:44","slug":"smooth-operator-unfolding-face-balsam","status":"publish","type":"product","link":"https:\/\/dutchhealthstore.com\/nl\/product\/smooth-operator-unfolding-face-balsam\/","title":{"rendered":"SMOOTH OPERATOR \/ Unfolding Face Balsam"},"content":{"rendered":"<p><strong>Rituele momenten van het verzachten van randen.<\/strong><\/p>\n<p>De tijd vertraagt met deze zwoele zalf die alles gladstrijkt en verzacht: plooien, lijnen, randen, scheuren, spanning, stemming, humeur&#8230;<\/p>\n<p>Ik heb deze compositie gemaakt als een Ode aan ambachtelijke koffie en zijn ongelooflijke bijdragen aan een gezonde, gladde, sterke, ontvouwen huid. Het is ook een eerbetoon aan onze vriend Paul Geshos van Mecca Coffee en zijn prachtige werk met kleine ethische koffieboeren en -collectieven over de hele wereld. De kennis en toewijding van iedereen aan het hele proces, de kwaliteit en het ritueel is verbluffend.<\/p>\n<p>Zowel de &#8216;silver skin&#8217; koffieschil als de gedroogde &#8216;Cascara&#8217; koffiekers zijn bijproducten van Pauls ambachtelijke koffiecreatie, en ik ben zo dankbaar dat ik ze als SMOOTH OPERATOR mag fotograferen.<\/p>\n<p>Extracten van &#8216;Cascara&#8217;-koffiekers en &#8216;Silver skin&#8217;-koffieschil worden gecombineerd met ongeraffineerde groene koffiezaadolie en olie van gebrande koffiebonen om het hele spectrum van deze magische vrucht te leveren die de meesten van ons dagelijks consumeren &#8211; een gewoonte moment voor sommigen, een diep ritueel moment voor anderen. Voor Christo en mij is elke ochtend samen koffie drinken een moment waarop de tijd stilstaat, oppervlakken glad worden, randen verzachten en oneindige mogelijkheden zich ontvouwen.<\/p>\n<p><strong>VOORDELEN<br \/>\n<\/strong>Ongeraffineerde Maracuja-zaadolie, Cranberry-zaadolie, Chia-zaadolie, Passiebloem-extract, Marshmallow-extract, Vanille-extract, Bacuriboter en Bijenwas helpen de huid te hydrateren, voller te maken, hyaluronzuren te behouden, collageen te stabiliseren en alle huidverzachtende eigenschappen van Koffie te versterken.<\/p>\n<p><strong>NUL ESSENTI\u00cbLE OLI\u00cbN<br \/>\n<\/strong>Om de aroma&#8217;s en geuren van mijn extracten en oli\u00ebn zich op natuurlijke wijze te laten ontwikkelen, heb ik ervoor gekozen om nul essenti\u00eble oli\u00ebn toe te voegen aan al onze KAIROS MOMENT-composities. Dit betekent dat hun energetische etherische lading veel subtieler is en afkomstig is van de natuurlijk voorkomende, niet-ge\u00efsoleerde essenti\u00eble oli\u00ebn in het plantenmateriaal, zoals zaden, vruchten, bloemen, bladeren, schors, enz. Ik extraheer in biodynamische olijfolie. Het aroma van deze zeer complexe composities is oscillerend, specifiek, gedenkwaardig &#8211; Kairologisch.<\/p>\n<p><span data-block=\"\"><strong>EEN KAIROS MOMENT CAPSULE COLLECTIE<br \/>\n<\/strong> GEWELDIG. LUCID. PLEZIER.<\/span><span data-block=\"\"><br \/>\n\u201cTo see a World in a Grain of<\/span><span data-block=\"\"><span style=\"font-size: 14.4px;\">Sand And<\/span> a Heaven in a Wild Flower<\/span><span data-block=\"\">Hold Infinity in the palm of your hand <\/span><span data-block=\"\">And Eternity in an hour.&#8221; <\/span><span data-block=\"\">~William Blake<\/span><span data-block=\"\"> <\/span><span data-block=\"\">Kairos-tijd &#8211; in tegenstelling tot Chronos-tijd, is niet-lineair. Kairos tijd wordt niet gemeten, loopt niet volgens schema&#8217;s. Het is de cyclische tijd van de ziel, goddelijke vonken van nieuwe richtingen, aha-momenten van diepe inzichten, transformerende beslissingen, ge\u00efnspireerde creaties, en vooral van zwevende ledigheid. Kairos-momenten ontstaan in stilte en verschijnen in het oog van stormen. Wanneer ons aan Chronos-tijd gebonden ego wankelt, wanneer we ons zelf overgeven aan de Natuur, vindt zij onze gewonde openingen en giet zij licht in al onze barsten. Kairos-momenten zijn transcendentaal, magisch,<br \/>\n<\/span><span data-block=\"\"><br \/>\n<\/span><span data-block=\"\">Ik cre\u00eberde onze levendige nieuwe composities tijdens ons eigen Kairos-moment in 2020, toen de tijd voor ons allemaal stilstond. En in die elastische pauze tussen inademen en uitademen mochten we spelen, ontdekken en wat huidverzorgingsmagie maken.<\/span><\/p>\n<p><span data-block=\"\">Een ode aan het nu.<br \/>\n<\/span><span data-block=\"\">Johanna + Christo xx<\/span><\/p>\n<h3>Ritueel<\/h3>\n<p><span class=\"s1\">Gebruik het &#8217;s ochtends om wakker te worden en de schaduwen van de nacht van je gezicht te halen.<\/span><\/p>\n<p><span class=\"s1\">Heerlijk om dagelijks te gebruiken of af te wisselen met een andere samenstelling uit de KAIROS collectie. Of mix en match als je er zin in hebt &#8211; dit is jouw moment!<\/span><\/p>\n<p><span class=\"s1\">Masseer elke ochtend een paar druppels in de nog vochtige, schone huid met uw ringvingers, beginnend bij de ogen. Je ringvingers hebben de lichtste aanraking van al je vingers en trekken niet aan je huid.<\/span><\/p>\n<p><span class=\"s1\">Indien gewenst onder PRECIOUS FACE ELIXIR en\/of ELEMENTAL DAY SILK aanbrengen. Wij raden u aan onze samenstelling een paar weken te gebruiken om de kracht ervan te benutten en uw huid zachtjes over te brengen naar haar nieuwe, natuurlijke en gezonde staat.<\/span><\/p>\n<p><strong>Inhoud: 15 ml<\/strong><\/p>\n<h3 class=\"yikes-custom-woo-tab-title yikes-custom-woo-tab-title-natural-organic-ingredients\">Natuurlijke\/biologische Ingredi\u00ebnten<\/h3>\n<p class=\"p1\"><span class=\"s1\"><b>STIMULERENDE BASIS<\/b><\/span><\/p>\n<p class=\"p1\"><span class=\"s1\">COFFEA ARABICA (GROENE <\/span><span class=\"s2\">KOFFIE) ZADEL* <\/span><span class=\"s1\">Brazili\u00eb<\/span>. Gecertificeerd biologisch. Koudgeperste zaden, ongeraffineerd.<\/p>\n<p class=\"p1\"><span class=\"s1\">COFFEA ARABICA (ROASTED <\/span><span class=\"s2\">COFFEE) BONENOLIE* <\/span><span class=\"s1\">Brazili\u00eb<\/span>. Gecertificeerd biologisch. Koudgeperste zaden, ongeraffineerd.<\/p>\n<p class=\"p1\"><span class=\"s1\">SILVER SKIN&#8221; COFFEA ARABICA (GEBRANDE KOFFIESCHIL) EXTRACT^<\/span><span class=\"s1\">. &#8220;Mamut, Huila&#8221;, Colombia\/ &#8220;Finca Santa Elisa&#8221;, Guatemala. Wildcrafted<\/span>. Handgeplukte, drooggeroosterde bolster van hele koffiebonen, minimaal 4 maanden in de zon gelegd in biodynamische olijfolie.<\/p>\n<p class=\"p1\"><span class=\"s1\">CASCARA CHERRY&#8221; COFFEA ARABICA (KOFFIEVRUCHTEN) EXTRACT^ <\/span>District Gakenke, Rwanda. <span class=\"s1\">Wildcrafted<\/span>. Handgeplukte, in de zon gedroogde hele kersen, minimaal 4 maanden in biodynamische olijfolie.<\/p>\n<p class=\"p1\"><span class=\"s1\">VANILLE PLANIFOLIA (VANILLE) FRUITEXTRACT*. <\/span>Daintree Rainforest, Australi\u00eb. Gecertificeerd biologisch. Handgeplukte, zongerijpte hele bonen, minimaal 4 maanden ge\u00efnfuseerd in biodynamische olijfolie.<\/p>\n<p class=\"p1\"><span class=\"s1\">IN OLIJFOLIE**. <\/span>Victoria, Australi\u00eb. Gecertificeerd Demeter biodynamisch, kleine partij koudgeperst, ongeraffineerd, extra vierge.<\/p>\n<p class=\"p1\"><span class=\"s1\"><b>EVENWICHTSCENTRUM<\/b><\/span><\/p>\n<p class=\"p1\"><span class=\"s1\">SALVIA HISPANICA (CHIA) SEED OIL*<\/span><span class=\"s1\"> Amazone.<\/span> Gecertificeerd biologisch. Koudgeperste zaden, ongeraffineerd.<\/p>\n<p class=\"p1\"><span class=\"s1\">PASSIFLORA EDULIS <\/span><span class=\"s2\">(MARACUJA) Zaadolie* <\/span>Ecuador\/<span class=\"s1\">Peru.<\/span> Gecertificeerd biologisch en ambachtelijk. Koudgeperste zaden, ongeraffineerd.<\/p>\n<p class=\"p1\"><span class=\"s1\">VACCINIUM MACROCARPON (CRANBERRY) ZAADOLIE* <\/span><span class=\"s1\"> USA<\/span>. Gecertificeerd biologisch. Koudgeperste zaden, ongeraffineerd.<\/p>\n<p class=\"p1\"><span class=\"s1\">PASSIFLORA INCARNATA <\/span><span class=\"s2\">(PASSIEBLOEM) BLOEMEXTRACT^<\/span><span class=\"s2\"> <\/span><span class=\"s1\">Kangaroo Valley, Australi\u00eb. <\/span>Wildcrafted. Handgeplukte, in de zon gedroogde bloemen, minimaal 4 maanden in biodynamische olijfolie.<\/p>\n<p class=\"p1\"><span class=\"s1\">ALTHAEA OFFICINALIS (MARSHMALLOW) WORTEL EXTRACT* Tasmani\u00eb, Australi\u00eb. <\/span>Gecertificeerd biologisch. Handgeplukte, in de zon gedroogde wortels, minimaal 4 maanden in biodynamische olijfolie.<\/p>\n<p class=\"p1\"><span class=\"s1\">PLATONIA INSIGNIS (BACURI) ZADENBOTER^ <\/span><span class=\"s2\">Amazonegebied, Brazili\u00eb. <\/span>Wildcrafted. Koudgeperste zaden, ongeraffineerd.<\/p>\n<p class=\"p1\"><span class=\"s1\">GEEL BEESWAS (CERA)* Blue Mountains, Australi\u00eb.<\/span> Wildcrafted from warre-style hives. Ongeraffineerd.<\/p>\n<p class=\"p1\"><span class=\"s1\"><b>HARMONISERENDE LADING &#8220;HEILIGE DRIE-EENHEID MIX<\/b><\/span><\/p>\n<p class=\"p1\"><span class=\"s1\">BOSWELLIA FREREANA (FRANKINCENSE &#8220;MAYDI&#8221;, KONING VAN FRANKINCENSE) RESIN EXTRACT, <\/span>Somali\u00eb. Gecertificeerd biologisch. \/ <span class=\"s1\">BOSWELLIA SACRA (KONINKLIJKE HORAJI WITTE &#8220;HEILIGE&#8221; WIEROOK) HARS EXTRACT^. <\/span>Oman. Gecertificeerd biologisch. Fair-trade hars, duurzaam geoogst door een gemeenschapsco\u00f6peratie&#8230; Minimaal 4 maanden zon-infusie in biodynamische olijfolie.<\/p>\n<p class=\"p1\"><span class=\"s1\">COMMIPHORA MYRRHA (MYRRH) RESIN EXTRACT* <\/span>Somali\u00eb. Gecertificeerd biologisch. Jemen. Wildcrafted. \/ <span class=\"s1\">COMMIPHORA WILDII (&#8216;OMUMBIRI&#8217; NAMIBIAN MYRRH) RESIN EXTRACT <\/span>Namibi\u00eb. Wildcrafted. Fairtrade hars, duurzaam geoogst door een gemeenschapsco\u00f6peratie. Minimaal 4 maanden in de zon in biodynamische olijfolie.<\/p>\n<p class=\"p1\"><span class=\"s1\">24 KARAAT GOUD&#8221;, <\/span>Duitsland. Niet-Nano. Certificaat van cosmetische\/voedingskwaliteit. Minimaal 4 maanden in de zon in biodynamische olijfolie.<\/p>\n<p class=\"p1\">ALLE EXTRACTEN ZIJN DOOR ONS IN DE ZON VERWERKT IN GECERTIFICEERDE BIODYNAMISCHE OLIJFOLIE.<\/p>\n<p class=\"p1\"><i>*Organisch <span style=\"font-size: 14.4px;\">**Demeter<\/span> biodynamisch ^wildcrafted\/non-gmo\/chemical free &#8220;non-nano.<\/i><\/p>\n<p class=\"p1\"><b>WAARSCHUWING &#8211; De veiligheid van dit product is niet vastgesteld.<\/b><\/p>\n","protected":false},"excerpt":{"rendered":"<p>Unfolding Face Balsam nul essenti\u00eble oli\u00ebn.<\/p>\n<p><strong>Inhoud: 15 ml <\/strong><\/p>\n","protected":false},"featured_media":314520,"comment_status":"open","ping_status":"closed","template":"","meta":[],"product_brand":[],"product_cat":[14731,1029,5621,5693,5617,5696,8697,1006,5694,5623,5005,5700,5697,5692,5698,510],"product_tag":[21356,6168,9602],"class_list":{"0":"post-159837","1":"product","2":"type-product","3":"status-publish","4":"has-post-thumbnail","6":"product_cat-huidverzorging","7":"product_cat-categorieen","8":"product_cat-dry-mature-ageing-skin-nl-4","9":"product_cat-dry-mature-ageing-skin-nl-5","10":"product_cat-sensitive-skin-redness-nl","11":"product_cat-sensitive-skin-redness-nl-5","12":"product_cat-lepaar-nl","13":"product_cat-merken","14":"product_cat-normal-or-combination-skin-nl-5","15":"product_cat-normal-or-combination-skin-nl","16":"product_cat-by-skin-type","17":"product_cat-serums-nl-4","18":"product_cat-serums-nl","19":"product_cat-serums-nl-9","20":"product_cat-serums-nl-2","21":"product_cat-shop-winkel","22":"product_tag-anti-aging-nl","23":"product_tag-balm-nl","24":"product_tag-hydrating-nl","25":"pa_brand-lepaar-nl","26":"pa_gtin-7424920256270-nl","27":"pa_skincare-type-face-oil-and-serums-nl","28":"pa_skintype-dry-mature-ageing-skin-nl","29":"pa_skintype-normal-combination-skin-nl","30":"pa_skintype-sensitive-skin-redness-nl","32":"first","33":"instock","34":"taxable","35":"shipping-taxable","36":"purchasable","37":"product-type-simple"},"bundled_by":[],"bundle_stock_status":"instock","bundle_stock_quantity":2,"bundle_virtual":false,"bundle_layout":"","bundle_add_to_cart_form_location":"","bundle_editable_in_cart":false,"bundle_sold_individually_context":"","bundle_item_grouping":"","bundle_min_size":"","bundle_max_size":"","bundle_price":[],"bundled_items":[],"bundle_sell_ids":[],"atum_controlled":true,"out_stock_date":null,"out_stock_threshold":null,"inheritable":false,"stock_on_hold":0,"sold_today":0,"sales_last_days":0,"out_stock_days":0,"lost_sales":0,"update_date":"2026-04-09T11:42:18","atum_locations":[],"atum_stock_status":"instock","restock_status":false,"low_stock_amount":"","sales_update_date":"2026-04-09T11:42:18","calc_backorders":null,"group_of_quantity":0,"min_quantity":0,"max_quantity":"","exclude_order_quantity_value_rules":"no","exclude_category_quantity_rules":"no","combine_variations":"no","yoast_head":"<!-- This site is optimized with the Yoast SEO Premium plugin v26.5 (Yoast SEO v26.5) - https:\/\/yoast.com\/wordpress\/plugins\/seo\/ -->\n<title>SMOOTH OPERATOR \/ Unfolding Face Balsam%sep%% Lepaar<\/title>\n<meta name=\"description\" content=\"Unfolding face Balsam.\" \/>\n<meta name=\"robots\" content=\"index, follow, max-snippet:-1, max-image-preview:large, max-video-preview:-1\" \/>\n<link rel=\"canonical\" href=\"https:\/\/dutchhealthstore.com\/nl\/product\/smooth-operator-unfolding-face-balsam\/\" \/>\n<meta property=\"og:locale\" content=\"nl_NL\" \/>\n<meta property=\"og:type\" content=\"article\" \/>\n<meta property=\"og:title\" content=\"SMOOTH OPERATOR \/ Unfolding Face Balsam - Dutch Health Store\" \/>\n<meta property=\"og:description\" content=\"Unfolding face Balsam.\" \/>\n<meta property=\"og:url\" content=\"https:\/\/dutchhealthstore.com\/nl\/product\/smooth-operator-unfolding-face-balsam\/\" \/>\n<meta property=\"og:site_name\" content=\"Dutch Health Store\" \/>\n<meta property=\"article:publisher\" content=\"https:\/\/www.instagram.com\/dutchhealthstore\/\" \/>\n<meta property=\"article:modified_time\" content=\"2025-10-06T10:12:44+00:00\" \/>\n<meta property=\"og:image\" content=\"https:\/\/dutchhealthstore.com\/wp-content\/uploads\/2021\/10\/lepsmoothoke.jpg\" \/>\n\t<meta property=\"og:image:width\" content=\"500\" \/>\n\t<meta property=\"og:image:height\" content=\"500\" \/>\n\t<meta property=\"og:image:type\" content=\"image\/jpeg\" \/>\n<meta name=\"twitter:card\" content=\"summary_large_image\" \/>\n<meta name=\"twitter:label1\" content=\"Prijs\" \/>\n\t<meta name=\"twitter:data1\" content=\"&euro;55,00\" \/>\n\t<meta name=\"twitter:label2\" content=\"Beschikbaarheid\" \/>\n\t<meta name=\"twitter:data2\" content=\"Op voorraad\" \/>\n<script type=\"application\/ld+json\" class=\"yoast-schema-graph\">{\"@context\":\"https:\/\/schema.org\",\"@graph\":[{\"@type\":\"WebPage\",\"@id\":\"https:\/\/dutchhealthstore.com\/nl\/product\/smooth-operator-unfolding-face-balsam\/\",\"url\":\"https:\/\/dutchhealthstore.com\/nl\/product\/smooth-operator-unfolding-face-balsam\/\",\"name\":\"SMOOTH OPERATOR \/ Unfolding Face Balsam%sep%% Lepaar\",\"isPartOf\":{\"@id\":\"https:\/\/dutchhealthstore.com\/nl\/#website\"},\"primaryImageOfPage\":{\"@id\":\"https:\/\/dutchhealthstore.com\/nl\/product\/smooth-operator-unfolding-face-balsam\/#primaryimage\"},\"image\":{\"@id\":\"https:\/\/dutchhealthstore.com\/nl\/product\/smooth-operator-unfolding-face-balsam\/#primaryimage\"},\"thumbnailUrl\":\"https:\/\/dutchhealthstore.com\/wp-content\/uploads\/2020\/07\/lepaar_0000s_0018_SMOOTH-OPERATOR-_-Unfolding-Face.jpg\",\"datePublished\":\"2021-07-16T10:43:15+00:00\",\"dateModified\":\"2025-10-06T10:12:44+00:00\",\"description\":\"Unfolding face Balsam.\",\"breadcrumb\":{\"@id\":\"https:\/\/dutchhealthstore.com\/nl\/product\/smooth-operator-unfolding-face-balsam\/#breadcrumb\"},\"inLanguage\":\"nl-NL\",\"potentialAction\":[{\"@type\":\"ReadAction\",\"target\":[\"https:\/\/dutchhealthstore.com\/nl\/product\/smooth-operator-unfolding-face-balsam\/\"]}]},{\"@type\":\"ImageObject\",\"inLanguage\":\"nl-NL\",\"@id\":\"https:\/\/dutchhealthstore.com\/nl\/product\/smooth-operator-unfolding-face-balsam\/#primaryimage\",\"url\":\"https:\/\/dutchhealthstore.com\/wp-content\/uploads\/2020\/07\/lepaar_0000s_0018_SMOOTH-OPERATOR-_-Unfolding-Face.jpg\",\"contentUrl\":\"https:\/\/dutchhealthstore.com\/wp-content\/uploads\/2020\/07\/lepaar_0000s_0018_SMOOTH-OPERATOR-_-Unfolding-Face.jpg\",\"width\":530,\"height\":530},{\"@type\":\"BreadcrumbList\",\"@id\":\"https:\/\/dutchhealthstore.com\/nl\/product\/smooth-operator-unfolding-face-balsam\/#breadcrumb\",\"itemListElement\":[{\"@type\":\"ListItem\",\"position\":1,\"name\":\"Home\",\"item\":\"https:\/\/dutchhealthstore.com\/nl\/\"},{\"@type\":\"ListItem\",\"position\":2,\"name\":\"Shop\",\"item\":\"https:\/\/dutchhealthstore.com\/nl\/shop\/\"},{\"@type\":\"ListItem\",\"position\":3,\"name\":\"SMOOTH OPERATOR \/ Unfolding Face Balsam\"}]},{\"@type\":\"WebSite\",\"@id\":\"https:\/\/dutchhealthstore.com\/nl\/#website\",\"url\":\"https:\/\/dutchhealthstore.com\/nl\/\",\"name\":\"Dutch Health Store\",\"description\":\"Enhance Your Beauty with Organic &amp; Natural Skincare\",\"publisher\":{\"@id\":\"https:\/\/dutchhealthstore.com\/nl\/#organization\"},\"potentialAction\":[{\"@type\":\"SearchAction\",\"target\":{\"@type\":\"EntryPoint\",\"urlTemplate\":\"https:\/\/dutchhealthstore.com\/nl\/?s={search_term_string}\"},\"query-input\":{\"@type\":\"PropertyValueSpecification\",\"valueRequired\":true,\"valueName\":\"search_term_string\"}}],\"inLanguage\":\"nl-NL\"},{\"@type\":\"Organization\",\"@id\":\"https:\/\/dutchhealthstore.com\/nl\/#organization\",\"name\":\"Dutch Health Store\",\"url\":\"https:\/\/dutchhealthstore.com\/nl\/\",\"logo\":{\"@type\":\"ImageObject\",\"inLanguage\":\"nl-NL\",\"@id\":\"https:\/\/dutchhealthstore.com\/nl\/#\/schema\/logo\/image\/\",\"url\":\"https:\/\/dutchhealthstore.com\/wp-content\/uploads\/2020\/08\/logo-dutchhealthstore-jpg-e1599484957574.jpg\",\"contentUrl\":\"https:\/\/dutchhealthstore.com\/wp-content\/uploads\/2020\/08\/logo-dutchhealthstore-jpg-e1599484957574.jpg\",\"width\":400,\"height\":62,\"caption\":\"Dutch Health Store\"},\"image\":{\"@id\":\"https:\/\/dutchhealthstore.com\/nl\/#\/schema\/logo\/image\/\"},\"sameAs\":[\"https:\/\/www.instagram.com\/dutchhealthstore\/\",\"https:\/\/www.facebook.com\/dutchhealthstore\"]}]}<\/script>\n<meta property=\"product:brand\" content=\"LEPAAR\" \/>\n<meta property=\"product:price:amount\" content=\"55.00\" \/>\n<meta property=\"product:price:currency\" content=\"EUR\" \/>\n<meta property=\"og:availability\" content=\"instock\" \/>\n<meta property=\"product:availability\" content=\"instock\" \/>\n<meta property=\"product:condition\" content=\"new\" \/>\n<!-- \/ Yoast SEO Premium plugin. -->","yoast_head_json":{"title":"SMOOTH OPERATOR \/ Unfolding Face Balsam%sep%% Lepaar","description":"Unfolding face Balsam.","robots":{"index":"index","follow":"follow","max-snippet":"max-snippet:-1","max-image-preview":"max-image-preview:large","max-video-preview":"max-video-preview:-1"},"canonical":"https:\/\/dutchhealthstore.com\/nl\/product\/smooth-operator-unfolding-face-balsam\/","og_locale":"nl_NL","og_type":"article","og_title":"SMOOTH OPERATOR \/ Unfolding Face Balsam - Dutch Health Store","og_description":"Unfolding face Balsam.","og_url":"https:\/\/dutchhealthstore.com\/nl\/product\/smooth-operator-unfolding-face-balsam\/","og_site_name":"Dutch Health Store","article_publisher":"https:\/\/www.instagram.com\/dutchhealthstore\/","article_modified_time":"2025-10-06T10:12:44+00:00","og_image":[{"width":500,"height":500,"url":"https:\/\/dutchhealthstore.com\/wp-content\/uploads\/2021\/10\/lepsmoothoke.jpg","type":"image\/jpeg"}],"twitter_card":"summary_large_image","twitter_misc":{"Prijs":"&euro;55,00","Beschikbaarheid":"Op voorraad"},"schema":{"@context":"https:\/\/schema.org","@graph":[{"@type":"WebPage","@id":"https:\/\/dutchhealthstore.com\/nl\/product\/smooth-operator-unfolding-face-balsam\/","url":"https:\/\/dutchhealthstore.com\/nl\/product\/smooth-operator-unfolding-face-balsam\/","name":"SMOOTH OPERATOR \/ Unfolding Face Balsam%sep%% Lepaar","isPartOf":{"@id":"https:\/\/dutchhealthstore.com\/nl\/#website"},"primaryImageOfPage":{"@id":"https:\/\/dutchhealthstore.com\/nl\/product\/smooth-operator-unfolding-face-balsam\/#primaryimage"},"image":{"@id":"https:\/\/dutchhealthstore.com\/nl\/product\/smooth-operator-unfolding-face-balsam\/#primaryimage"},"thumbnailUrl":"https:\/\/dutchhealthstore.com\/wp-content\/uploads\/2020\/07\/lepaar_0000s_0018_SMOOTH-OPERATOR-_-Unfolding-Face.jpg","datePublished":"2021-07-16T10:43:15+00:00","dateModified":"2025-10-06T10:12:44+00:00","description":"Unfolding face Balsam.","breadcrumb":{"@id":"https:\/\/dutchhealthstore.com\/nl\/product\/smooth-operator-unfolding-face-balsam\/#breadcrumb"},"inLanguage":"nl-NL","potentialAction":[{"@type":"ReadAction","target":["https:\/\/dutchhealthstore.com\/nl\/product\/smooth-operator-unfolding-face-balsam\/"]}]},{"@type":"ImageObject","inLanguage":"nl-NL","@id":"https:\/\/dutchhealthstore.com\/nl\/product\/smooth-operator-unfolding-face-balsam\/#primaryimage","url":"https:\/\/dutchhealthstore.com\/wp-content\/uploads\/2020\/07\/lepaar_0000s_0018_SMOOTH-OPERATOR-_-Unfolding-Face.jpg","contentUrl":"https:\/\/dutchhealthstore.com\/wp-content\/uploads\/2020\/07\/lepaar_0000s_0018_SMOOTH-OPERATOR-_-Unfolding-Face.jpg","width":530,"height":530},{"@type":"BreadcrumbList","@id":"https:\/\/dutchhealthstore.com\/nl\/product\/smooth-operator-unfolding-face-balsam\/#breadcrumb","itemListElement":[{"@type":"ListItem","position":1,"name":"Home","item":"https:\/\/dutchhealthstore.com\/nl\/"},{"@type":"ListItem","position":2,"name":"Shop","item":"https:\/\/dutchhealthstore.com\/nl\/shop\/"},{"@type":"ListItem","position":3,"name":"SMOOTH OPERATOR \/ Unfolding Face Balsam"}]},{"@type":"WebSite","@id":"https:\/\/dutchhealthstore.com\/nl\/#website","url":"https:\/\/dutchhealthstore.com\/nl\/","name":"Dutch Health Store","description":"Enhance Your Beauty with Organic &amp; Natural Skincare","publisher":{"@id":"https:\/\/dutchhealthstore.com\/nl\/#organization"},"potentialAction":[{"@type":"SearchAction","target":{"@type":"EntryPoint","urlTemplate":"https:\/\/dutchhealthstore.com\/nl\/?s={search_term_string}"},"query-input":{"@type":"PropertyValueSpecification","valueRequired":true,"valueName":"search_term_string"}}],"inLanguage":"nl-NL"},{"@type":"Organization","@id":"https:\/\/dutchhealthstore.com\/nl\/#organization","name":"Dutch Health Store","url":"https:\/\/dutchhealthstore.com\/nl\/","logo":{"@type":"ImageObject","inLanguage":"nl-NL","@id":"https:\/\/dutchhealthstore.com\/nl\/#\/schema\/logo\/image\/","url":"https:\/\/dutchhealthstore.com\/wp-content\/uploads\/2020\/08\/logo-dutchhealthstore-jpg-e1599484957574.jpg","contentUrl":"https:\/\/dutchhealthstore.com\/wp-content\/uploads\/2020\/08\/logo-dutchhealthstore-jpg-e1599484957574.jpg","width":400,"height":62,"caption":"Dutch Health Store"},"image":{"@id":"https:\/\/dutchhealthstore.com\/nl\/#\/schema\/logo\/image\/"},"sameAs":["https:\/\/www.instagram.com\/dutchhealthstore\/","https:\/\/www.facebook.com\/dutchhealthstore"]}]},"product_brand":"LEPAAR","product_price_amount":"55.00","product_price_currency":"EUR","og_availability":"instock","product_availability":"instock","product_condition":"new"},"_links":{"self":[{"href":"https:\/\/dutchhealthstore.com\/nl\/wp-json\/wp\/v2\/product\/159837","targetHints":{"allow":["GET"]}}],"collection":[{"href":"https:\/\/dutchhealthstore.com\/nl\/wp-json\/wp\/v2\/product"}],"about":[{"href":"https:\/\/dutchhealthstore.com\/nl\/wp-json\/wp\/v2\/types\/product"}],"replies":[{"embeddable":true,"href":"https:\/\/dutchhealthstore.com\/nl\/wp-json\/wp\/v2\/comments?post=159837"}],"wp:featuredmedia":[{"embeddable":true,"href":"https:\/\/dutchhealthstore.com\/nl\/wp-json\/wp\/v2\/media\/314520"}],"wp:attachment":[{"href":"https:\/\/dutchhealthstore.com\/nl\/wp-json\/wp\/v2\/media?parent=159837"}],"wp:term":[{"taxonomy":"product_brand","embeddable":true,"href":"https:\/\/dutchhealthstore.com\/nl\/wp-json\/wp\/v2\/product_brand?post=159837"},{"taxonomy":"product_cat","embeddable":true,"href":"https:\/\/dutchhealthstore.com\/nl\/wp-json\/wp\/v2\/product_cat?post=159837"},{"taxonomy":"product_tag","embeddable":true,"href":"https:\/\/dutchhealthstore.com\/nl\/wp-json\/wp\/v2\/product_tag?post=159837"}],"curies":[{"name":"wp","href":"https:\/\/api.w.org\/{rel}","templated":true}]}}