{"id":129958,"date":"2020-06-09T11:53:16","date_gmt":"2020-06-09T11:53:16","guid":{"rendered":"https:\/\/dutchhealthstore.com\/product\/languid-love-butter\/"},"modified":"2025-04-07T11:48:29","modified_gmt":"2025-04-07T09:48:29","slug":"languid-love-butter","status":"publish","type":"product","link":"https:\/\/dutchhealthstore.com\/nl\/product\/languid-love-butter\/","title":{"rendered":"Languid Love Butter"},"content":{"rendered":"<p><img decoding=\"async\" class=\"size-full wp-image-69549 alignright\" src=\"https:\/\/dutchhealthstore.com\/wp-content\/uploads\/2019\/08\/NEW-Living-Libations-Logo.jpg\" alt=\"NEW - Living Libations - Logo\" width=\"175\" height=\"82\">Languid Love Butter wordt gemaakt met een zorgvuldig samengesteld brouwsel van heilzame plantaardige stoffen. Proef, voel, glijd en schuif deze liefdevolle essences over verstrengelde heupen en kussende lippen. Ontspan in feestvreugde, lounge in lome extase, en wijd de goddelijkheid van het verlangen terwijl je rolt in het vrijkomen van Kulamrita nectars.<\/p>\n<h3>Gebruiksaanwijzing<\/h3>\n<p>Kan worden gebruikt als een hydraterende massagecr\u00e8me, non-latex glijmiddel, of als liefdeslotion om de huid van geliefden voor te bereiden op de nauwste ontmoetingen. Voor dagelijks gebruik of voor lange lome speeltijden. Test de binnenkant van de elleboog alvorens het aan te brengen op de meer gevoelige huid.<\/p>\n<h3 class=\"yikes-custom-woo-tab-title yikes-custom-woo-tab-title-natural-organic-ingredients\">Natuurlijke\/Biologische Ingredi\u00ebnten<\/h3>\n<p><strong>Cacaoboter<\/strong><em> (Theobroma cacao)<\/em> &#8211; Onze gecertificeerde rauwe, biologische, heirloom cacaobonen maken dit ingredi\u00ebnt even heilzaam als verrukkelijk. Zoete, boterachtige cacao doordrenkt elke vouw met heilzame antioxidanten en revitaliserende energie.<\/p>\n<p><strong>Coconut Cr\u00e8me<\/strong> <em>(Cocos nucifera)<\/em> &#8211; Voedende, hydraterende Coconut Cr\u00e8me verdwijnt in de huid totdat het volledig is opgenomen. De zoete, ingetogen geur van kokosnootcr\u00e8me inspireert tot palmboomfantasie\u00ebn en tropische Tahitiaanse dromen.<\/p>\n<p><strong>Jojoba<\/strong> <em>(Simmondsia chinensis)<\/em> &#8211; Schitterende, verbazingwekkende, onvergelijkbare Jojoba! Er is wellicht geen enkel ander ingredi\u00ebnt dat zo heilzaam is voor de huid als onze zuivere, biologische jojoba met vitamine E. Jojoba is opmerkelijk vergelijkbaar met de lichaamseigen talg en wordt grondig door de huid opgenomen, waardoor het met vitaminen gevulde vocht tot in de diepste lagen van het weefsel kan doordringen.<\/p>\n<p><strong>Ylang<\/strong> <em>(Cananga odorata)<\/em> &#8211; De zalige Ylang bloemen zijn ontspannend en stralen hun zoete geur uit in deze liefdeszalf. Deze bloemige uitnodiging moedigt lome toestanden van euforie aan.<\/p>\n<p><strong>Nootmuskaat<\/strong> <em>(Myristica fragrans)<\/em> &#8211; De kruidige, houtachtige geur van nootmuskaat verkwikt het lichaam van haren tot tenen. Nootmuskaat kalmeert en ontspant het lichaam.<\/p>\n<p><strong>Citroen<\/strong><em> (Citrus limon)<\/em> &#8211; Citroen brengt een gevoel van vrolijke lach in intieme ontmoetingen. Dit ingredi\u00ebnt tempert de ontspannen warmte van Jasmijn en Ylang met een pittige kneep van inspirerende energie.<\/p>\n<p><strong>Schizandrabes<\/strong> <em>(Schizandra spenanthera)<\/em> &#8211; Verleng uw vrijpartij met sensuele schizandrabes. Deze rode bessen, een vitaal kruid in TCM, worden al duizenden jaren gebruikt om de chi van het lichaam te versterken. Bekend als &#8220;wu wei zi&#8221; in het Chinees, bevat deze &#8220;vijf smaken vrucht&#8221; een complex palet van smaken die bitter, zout, pittig, zoet en zuur zijn. Deze overvloedige bes verlengt elk moment van warme feestvreugde.<\/p>\n<p><strong>Gember<\/strong><em> (Zingiber officinale)<\/em> &#8211; Zingiber, Gember essence, is een stimulerende specerij die een lekkere verrukking toevoegt aan onze liefdesboter. Dit speciale superkritische extract van prachtige gember uit Madagaskar zorgt voor de meest fruitige en volle gember ooit. Laat de zintuigen zingen met deze wortel die de apothekers van het oude Arabi\u00eb, India en China op hun wenken bedienen.<\/p>\n<p><strong>Jasmijn Sambac<\/strong> <em>(Jasminum sambac)<\/em> &#8211; De zwoele geur van jasmijn bevat de drie plantaardige bestanddelen die het meest worden gebruikt om liefdeselixers te maken: linalool, indool en jasmon. Jasmijn vreugde sap ontspant lichaam en geest in een staat van ontvangst en lome opgetogenheid.<\/p>\n<p><strong>Vanille<\/strong> <em>(Vanilla planifolia)<\/em> &#8211; Onze vanille is een uiterst zeldzaam superkritisch extract dat volledig zuiver is, zonder oplosmiddelen en 200 keer sterker dan gewoon vanille-extract. Dit exotische, verleidelijke aroma staat bekend als een opbeurend liefdesmiddel. Duik in de heerlijke, sensuele geur van pure vanille.<\/p>\n<p><img fetchpriority=\"high\" decoding=\"async\" class=\"size-medium wp-image-68103 aligncenter\" src=\"https:\/\/dutchhealthstore.com\/wp-content\/uploads\/2018\/02\/Living-Libations-Organic-Logo-800x89.png\" alt=\"Living Libations - Organic Logo\" width=\"800\" height=\"89\" srcset=\"https:\/\/dutchhealthstore.com\/wp-content\/uploads\/2018\/02\/Living-Libations-Organic-Logo-800x89.png 800w, https:\/\/dutchhealthstore.com\/wp-content\/uploads\/2018\/02\/Living-Libations-Organic-Logo-510x57.png 510w, https:\/\/dutchhealthstore.com\/wp-content\/uploads\/2018\/02\/Living-Libations-Organic-Logo-768x85.png 768w, https:\/\/dutchhealthstore.com\/wp-content\/uploads\/2018\/02\/Living-Libations-Organic-Logo.png 1400w\" sizes=\"(max-width: 800px) 100vw, 800px\" \/><\/p>\n","protected":false},"excerpt":{"rendered":"<p>Onze <b>Languid Love Butter <\/b>is een genot om te zien in je innerlijke bloemplooien. Volledig eetbaar en biologisch, deze weelderige body-butter verkent elke ronding en spleet, verzadigt de huid met weldadige plantaardige ingredi\u00ebnten. Deze liefdeszalf glijdt over de huid en begeleidt u om heerlijk achterover te leunen als u erin duikt.<\/p>\n","protected":false},"featured_media":105652,"comment_status":"open","ping_status":"closed","template":"","meta":[],"product_brand":[],"product_cat":[5823,1029,1500,5822,1208,3735,1006,510],"product_tag":[6168,9602,21825,21389,21807,4808],"class_list":{"0":"post-129958","1":"product","2":"type-product","3":"status-publish","4":"has-post-thumbnail","6":"product_cat-body-lotion-nl","7":"product_cat-categorieen","8":"product_cat-lichaamsverzorging-living-libations","9":"product_cat-body-care-nl-3","10":"product_cat-living-libations-nederland","11":"product_cat-loving-lubricants","12":"product_cat-merken","13":"product_cat-shop-winkel","14":"product_tag-balm-nl","15":"product_tag-hydrating-nl","16":"product_tag-intiem","17":"product_tag-lichaam","18":"product_tag-natural-nl","19":"product_tag-skin-nl","20":"pa_brand-livinglibations-nl","21":"pa_gtin-7439657378317-nl","22":"pa_size-100-ml-nl","23":"pa_size-30-ml-nl","24":"pa_size-50-ml-nl","26":"first","27":"instock","28":"taxable","29":"shipping-taxable","30":"purchasable","31":"product-type-variable"},"bundled_by":[],"bundle_stock_status":"instock","bundle_stock_quantity":null,"bundle_virtual":false,"bundle_layout":"","bundle_add_to_cart_form_location":"","bundle_editable_in_cart":false,"bundle_sold_individually_context":"","bundle_item_grouping":"","bundle_min_size":"","bundle_max_size":"","bundle_price":[],"bundled_items":[],"bundle_sell_ids":[236316],"atum_controlled":true,"out_stock_date":null,"out_stock_threshold":null,"inheritable":true,"stock_on_hold":2,"sold_today":0,"sales_last_days":1,"out_stock_days":0,"lost_sales":0,"update_date":"2026-04-30T12:04:37","atum_locations":[],"atum_stock_status":"instock","restock_status":false,"low_stock_amount":"","sales_update_date":"2026-04-30T12:04:37","calc_backorders":null,"group_of_quantity":0,"min_quantity":0,"max_quantity":"","exclude_order_quantity_value_rules":"no","exclude_category_quantity_rules":"no","combine_variations":"no","yoast_head":"<!-- This site is optimized with the Yoast SEO Premium plugin v26.5 (Yoast SEO v26.5) - https:\/\/yoast.com\/wordpress\/plugins\/seo\/ -->\n<title>Languid Love Butter | Living Libations<\/title>\n<meta name=\"description\" content=\"Volledig eetbaar en biologisch, deze weelderige body-butter verkent elke ronding en spleet, verzadigt de huid met weldadige plantaardige ingredi\u00ebnten.\" \/>\n<meta name=\"robots\" content=\"index, follow, max-snippet:-1, max-image-preview:large, max-video-preview:-1\" \/>\n<link rel=\"canonical\" href=\"https:\/\/dutchhealthstore.com\/nl\/product\/languid-love-butter\/\" \/>\n<meta property=\"og:locale\" content=\"nl_NL\" \/>\n<meta property=\"og:type\" content=\"article\" \/>\n<meta property=\"og:title\" content=\"Languid Love Butter - Dutch Health Store\" \/>\n<meta property=\"og:description\" content=\"Volledig eetbaar en biologisch, deze weelderige body-butter verkent elke ronding en spleet, verzadigt de huid met weldadige plantaardige ingredi\u00ebnten.\" \/>\n<meta property=\"og:url\" content=\"https:\/\/dutchhealthstore.com\/nl\/product\/languid-love-butter\/\" \/>\n<meta property=\"og:site_name\" content=\"Dutch Health Store\" \/>\n<meta property=\"article:publisher\" content=\"https:\/\/www.instagram.com\/dutchhealthstore\/\" \/>\n<meta property=\"article:modified_time\" content=\"2025-04-07T09:48:29+00:00\" \/>\n<meta property=\"og:image\" content=\"https:\/\/dutchhealthstore.com\/wp-content\/uploads\/2020\/06\/Living-Libations-Languid-Love-Butter-1-e1591703027138.jpg\" \/>\n\t<meta property=\"og:image:width\" content=\"500\" \/>\n\t<meta property=\"og:image:height\" content=\"499\" \/>\n\t<meta property=\"og:image:type\" content=\"image\/jpeg\" \/>\n<meta name=\"twitter:card\" content=\"summary_large_image\" \/>\n<meta name=\"twitter:label1\" content=\"Beschikbaarheid\" \/>\n\t<meta name=\"twitter:data1\" content=\"Op voorraad\" \/>\n<script type=\"application\/ld+json\" class=\"yoast-schema-graph\">{\"@context\":\"https:\/\/schema.org\",\"@graph\":[{\"@type\":\"WebPage\",\"@id\":\"https:\/\/dutchhealthstore.com\/nl\/product\/languid-love-butter\/\",\"url\":\"https:\/\/dutchhealthstore.com\/nl\/product\/languid-love-butter\/\",\"name\":\"Languid Love Butter | Living Libations\",\"isPartOf\":{\"@id\":\"https:\/\/dutchhealthstore.com\/nl\/#website\"},\"primaryImageOfPage\":{\"@id\":\"https:\/\/dutchhealthstore.com\/nl\/product\/languid-love-butter\/#primaryimage\"},\"image\":{\"@id\":\"https:\/\/dutchhealthstore.com\/nl\/product\/languid-love-butter\/#primaryimage\"},\"thumbnailUrl\":\"https:\/\/dutchhealthstore.com\/wp-content\/uploads\/2020\/06\/Living-Libations-Languid-Love-Butter-1-e1591703027138.jpg\",\"datePublished\":\"2020-06-09T11:53:16+00:00\",\"dateModified\":\"2025-04-07T09:48:29+00:00\",\"description\":\"Volledig eetbaar en biologisch, deze weelderige body-butter verkent elke ronding en spleet, verzadigt de huid met weldadige plantaardige ingredi\u00ebnten.\",\"breadcrumb\":{\"@id\":\"https:\/\/dutchhealthstore.com\/nl\/product\/languid-love-butter\/#breadcrumb\"},\"inLanguage\":\"nl-NL\",\"potentialAction\":[{\"@type\":\"ReadAction\",\"target\":[\"https:\/\/dutchhealthstore.com\/nl\/product\/languid-love-butter\/\"]}]},{\"@type\":\"ImageObject\",\"inLanguage\":\"nl-NL\",\"@id\":\"https:\/\/dutchhealthstore.com\/nl\/product\/languid-love-butter\/#primaryimage\",\"url\":\"https:\/\/dutchhealthstore.com\/wp-content\/uploads\/2020\/06\/Living-Libations-Languid-Love-Butter-1-e1591703027138.jpg\",\"contentUrl\":\"https:\/\/dutchhealthstore.com\/wp-content\/uploads\/2020\/06\/Living-Libations-Languid-Love-Butter-1-e1591703027138.jpg\",\"width\":500,\"height\":499},{\"@type\":\"BreadcrumbList\",\"@id\":\"https:\/\/dutchhealthstore.com\/nl\/product\/languid-love-butter\/#breadcrumb\",\"itemListElement\":[{\"@type\":\"ListItem\",\"position\":1,\"name\":\"Home\",\"item\":\"https:\/\/dutchhealthstore.com\/nl\/\"},{\"@type\":\"ListItem\",\"position\":2,\"name\":\"Shop\",\"item\":\"https:\/\/dutchhealthstore.com\/nl\/shop\/\"},{\"@type\":\"ListItem\",\"position\":3,\"name\":\"Languid Love Butter\"}]},{\"@type\":\"WebSite\",\"@id\":\"https:\/\/dutchhealthstore.com\/nl\/#website\",\"url\":\"https:\/\/dutchhealthstore.com\/nl\/\",\"name\":\"Dutch Health Store\",\"description\":\"Enhance Your Beauty with Organic &amp; Natural Skincare\",\"publisher\":{\"@id\":\"https:\/\/dutchhealthstore.com\/nl\/#organization\"},\"potentialAction\":[{\"@type\":\"SearchAction\",\"target\":{\"@type\":\"EntryPoint\",\"urlTemplate\":\"https:\/\/dutchhealthstore.com\/nl\/?s={search_term_string}\"},\"query-input\":{\"@type\":\"PropertyValueSpecification\",\"valueRequired\":true,\"valueName\":\"search_term_string\"}}],\"inLanguage\":\"nl-NL\"},{\"@type\":\"Organization\",\"@id\":\"https:\/\/dutchhealthstore.com\/nl\/#organization\",\"name\":\"Dutch Health Store\",\"url\":\"https:\/\/dutchhealthstore.com\/nl\/\",\"logo\":{\"@type\":\"ImageObject\",\"inLanguage\":\"nl-NL\",\"@id\":\"https:\/\/dutchhealthstore.com\/nl\/#\/schema\/logo\/image\/\",\"url\":\"https:\/\/dutchhealthstore.com\/wp-content\/uploads\/2020\/08\/logo-dutchhealthstore-jpg-e1599484957574.jpg\",\"contentUrl\":\"https:\/\/dutchhealthstore.com\/wp-content\/uploads\/2020\/08\/logo-dutchhealthstore-jpg-e1599484957574.jpg\",\"width\":400,\"height\":62,\"caption\":\"Dutch Health Store\"},\"image\":{\"@id\":\"https:\/\/dutchhealthstore.com\/nl\/#\/schema\/logo\/image\/\"},\"sameAs\":[\"https:\/\/www.instagram.com\/dutchhealthstore\/\",\"https:\/\/www.facebook.com\/dutchhealthstore\"]}]}<\/script>\n<meta property=\"product:brand\" content=\"Living Libations\" \/>\n<meta property=\"og:availability\" content=\"instock\" \/>\n<meta property=\"product:availability\" content=\"instock\" \/>\n<meta property=\"product:condition\" content=\"new\" \/>\n<!-- \/ Yoast SEO Premium plugin. -->","yoast_head_json":{"title":"Languid Love Butter | Living Libations","description":"Volledig eetbaar en biologisch, deze weelderige body-butter verkent elke ronding en spleet, verzadigt de huid met weldadige plantaardige ingredi\u00ebnten.","robots":{"index":"index","follow":"follow","max-snippet":"max-snippet:-1","max-image-preview":"max-image-preview:large","max-video-preview":"max-video-preview:-1"},"canonical":"https:\/\/dutchhealthstore.com\/nl\/product\/languid-love-butter\/","og_locale":"nl_NL","og_type":"article","og_title":"Languid Love Butter - Dutch Health Store","og_description":"Volledig eetbaar en biologisch, deze weelderige body-butter verkent elke ronding en spleet, verzadigt de huid met weldadige plantaardige ingredi\u00ebnten.","og_url":"https:\/\/dutchhealthstore.com\/nl\/product\/languid-love-butter\/","og_site_name":"Dutch Health Store","article_publisher":"https:\/\/www.instagram.com\/dutchhealthstore\/","article_modified_time":"2025-04-07T09:48:29+00:00","og_image":[{"width":500,"height":499,"url":"https:\/\/dutchhealthstore.com\/wp-content\/uploads\/2020\/06\/Living-Libations-Languid-Love-Butter-1-e1591703027138.jpg","type":"image\/jpeg"}],"twitter_card":"summary_large_image","twitter_misc":{"Beschikbaarheid":"Op voorraad"},"schema":{"@context":"https:\/\/schema.org","@graph":[{"@type":"WebPage","@id":"https:\/\/dutchhealthstore.com\/nl\/product\/languid-love-butter\/","url":"https:\/\/dutchhealthstore.com\/nl\/product\/languid-love-butter\/","name":"Languid Love Butter | Living Libations","isPartOf":{"@id":"https:\/\/dutchhealthstore.com\/nl\/#website"},"primaryImageOfPage":{"@id":"https:\/\/dutchhealthstore.com\/nl\/product\/languid-love-butter\/#primaryimage"},"image":{"@id":"https:\/\/dutchhealthstore.com\/nl\/product\/languid-love-butter\/#primaryimage"},"thumbnailUrl":"https:\/\/dutchhealthstore.com\/wp-content\/uploads\/2020\/06\/Living-Libations-Languid-Love-Butter-1-e1591703027138.jpg","datePublished":"2020-06-09T11:53:16+00:00","dateModified":"2025-04-07T09:48:29+00:00","description":"Volledig eetbaar en biologisch, deze weelderige body-butter verkent elke ronding en spleet, verzadigt de huid met weldadige plantaardige ingredi\u00ebnten.","breadcrumb":{"@id":"https:\/\/dutchhealthstore.com\/nl\/product\/languid-love-butter\/#breadcrumb"},"inLanguage":"nl-NL","potentialAction":[{"@type":"ReadAction","target":["https:\/\/dutchhealthstore.com\/nl\/product\/languid-love-butter\/"]}]},{"@type":"ImageObject","inLanguage":"nl-NL","@id":"https:\/\/dutchhealthstore.com\/nl\/product\/languid-love-butter\/#primaryimage","url":"https:\/\/dutchhealthstore.com\/wp-content\/uploads\/2020\/06\/Living-Libations-Languid-Love-Butter-1-e1591703027138.jpg","contentUrl":"https:\/\/dutchhealthstore.com\/wp-content\/uploads\/2020\/06\/Living-Libations-Languid-Love-Butter-1-e1591703027138.jpg","width":500,"height":499},{"@type":"BreadcrumbList","@id":"https:\/\/dutchhealthstore.com\/nl\/product\/languid-love-butter\/#breadcrumb","itemListElement":[{"@type":"ListItem","position":1,"name":"Home","item":"https:\/\/dutchhealthstore.com\/nl\/"},{"@type":"ListItem","position":2,"name":"Shop","item":"https:\/\/dutchhealthstore.com\/nl\/shop\/"},{"@type":"ListItem","position":3,"name":"Languid Love Butter"}]},{"@type":"WebSite","@id":"https:\/\/dutchhealthstore.com\/nl\/#website","url":"https:\/\/dutchhealthstore.com\/nl\/","name":"Dutch Health Store","description":"Enhance Your Beauty with Organic &amp; Natural Skincare","publisher":{"@id":"https:\/\/dutchhealthstore.com\/nl\/#organization"},"potentialAction":[{"@type":"SearchAction","target":{"@type":"EntryPoint","urlTemplate":"https:\/\/dutchhealthstore.com\/nl\/?s={search_term_string}"},"query-input":{"@type":"PropertyValueSpecification","valueRequired":true,"valueName":"search_term_string"}}],"inLanguage":"nl-NL"},{"@type":"Organization","@id":"https:\/\/dutchhealthstore.com\/nl\/#organization","name":"Dutch Health Store","url":"https:\/\/dutchhealthstore.com\/nl\/","logo":{"@type":"ImageObject","inLanguage":"nl-NL","@id":"https:\/\/dutchhealthstore.com\/nl\/#\/schema\/logo\/image\/","url":"https:\/\/dutchhealthstore.com\/wp-content\/uploads\/2020\/08\/logo-dutchhealthstore-jpg-e1599484957574.jpg","contentUrl":"https:\/\/dutchhealthstore.com\/wp-content\/uploads\/2020\/08\/logo-dutchhealthstore-jpg-e1599484957574.jpg","width":400,"height":62,"caption":"Dutch Health Store"},"image":{"@id":"https:\/\/dutchhealthstore.com\/nl\/#\/schema\/logo\/image\/"},"sameAs":["https:\/\/www.instagram.com\/dutchhealthstore\/","https:\/\/www.facebook.com\/dutchhealthstore"]}]},"product_brand":"Living Libations","og_availability":"instock","product_availability":"instock","product_condition":"new"},"_links":{"self":[{"href":"https:\/\/dutchhealthstore.com\/nl\/wp-json\/wp\/v2\/product\/129958","targetHints":{"allow":["GET"]}}],"collection":[{"href":"https:\/\/dutchhealthstore.com\/nl\/wp-json\/wp\/v2\/product"}],"about":[{"href":"https:\/\/dutchhealthstore.com\/nl\/wp-json\/wp\/v2\/types\/product"}],"replies":[{"embeddable":true,"href":"https:\/\/dutchhealthstore.com\/nl\/wp-json\/wp\/v2\/comments?post=129958"}],"wp:featuredmedia":[{"embeddable":true,"href":"https:\/\/dutchhealthstore.com\/nl\/wp-json\/wp\/v2\/media\/105652"}],"wp:attachment":[{"href":"https:\/\/dutchhealthstore.com\/nl\/wp-json\/wp\/v2\/media?parent=129958"}],"wp:term":[{"taxonomy":"product_brand","embeddable":true,"href":"https:\/\/dutchhealthstore.com\/nl\/wp-json\/wp\/v2\/product_brand?post=129958"},{"taxonomy":"product_cat","embeddable":true,"href":"https:\/\/dutchhealthstore.com\/nl\/wp-json\/wp\/v2\/product_cat?post=129958"},{"taxonomy":"product_tag","embeddable":true,"href":"https:\/\/dutchhealthstore.com\/nl\/wp-json\/wp\/v2\/product_tag?post=129958"}],"curies":[{"name":"wp","href":"https:\/\/api.w.org\/{rel}","templated":true}]}}