{"id":129699,"date":"2020-09-29T16:31:03","date_gmt":"2020-09-29T16:31:03","guid":{"rendered":"https:\/\/dutchhealthstore.com\/product\/hydrating-silicone-sheet-mask\/"},"modified":"2025-12-22T00:00:28","modified_gmt":"2025-12-21T23:00:28","slug":"hydrating-silicone-sheet-mask","status":"publish","type":"product","link":"https:\/\/dutchhealthstore.com\/nl\/product\/hydrating-silicone-sheet-mask\/","title":{"rendered":"Hydrating Silicone Sheet Mask"},"content":{"rendered":"<p>Dit zachte, soepele <strong>siliconenmasker<\/strong> helpt je om je gezicht effici\u00ebnt en netjes te verfrissen, te voeden en nieuw leven in te blazen.<br \/>\nDankzij het antislip, voorgevormde ontwerp kun je achterover leunen en ontspannen of doorgaan met je leven terwijl je je huid onderhoudt met je favoriete gezichtsbehandeling.<br \/>\nNiet-poreus siliconenmasker houdt de dauwachtige bloemenkracht en eindeloze verzachtende ingredi\u00ebnten van je favoriete Libations vast om je innerlijke glans op te roepen.<\/p>\n<p><strong>Het is super eenvoudig te gebruiken:<\/strong> breng een gezichtsserum, Best Skin Ever, Libations poeder, honing of AHA masker aan op je huid, wikkel het siliconen sheet masker over je gezicht, wacht 10-15 minuten, en voila!, een stralende huid.<br \/>\nHet niet-klevende masker heeft lussen die rond de oren worden bevestigd om het masker &#8211; en je favoriete gezichtsbehandeling &#8211; op zijn plaats te houden.<\/p>\n<p>Ontwijk wegwerpbladmaskers en overtref de synthetische, filmische en flinterdunne ingredi\u00ebnten waarmee ze zijn ingespoten. De meeste sheetmaskers bevatten dertig tot vijftig onbetrouwbare ingredi\u00ebnten, en het eerste ingredi\u00ebnt, het hoofdingredi\u00ebnt, is water &#8211; gewoon water dat je uit de kraan kunt halen, samen met kunstmatige ingredi\u00ebnten.<br \/>\nGlycerine (samen met andere glycolen), dat bijna altijd een ingredi\u00ebnt is, is een sterk bewerkt bevochtigingsmiddel dat zorgt voor tijdelijke plumping, maar er uiteindelijk voor zorgt dat huidcellen verschrompelen door een proces dat osmolariteit wordt genoemd. Glycerine heeft ongeveer vijftien verschillende namen, waaronder 1,2,3-propanetriol, 1,2,3-trihydroxypropaan, glycerine, glycerol, glycylalcohol, NSC 9230, polyglycerol en propaan-1,2,3-triol.<br \/>\nHet ingredi\u00ebnt dat wordt vermeld als &#8220;geurstof&#8221; kan honderden chemicali\u00ebn vertegenwoordigen, en zo gaat het maar door.<br \/>\nWaarom zou je je fijne gezicht onderdompelen in een masker met deze zinloze synthetische stoffen als de natuur pure, krachtige botanische zegeningen biedt om je gezicht te sieren? <\/p>\n<p>Onze sheetmaskers zijn gemaakt van niet-absorberende siliconen, zodat je al het heerlijke gezichtsserum absorbeert.<br \/>\nHet vormt een barri\u00e8re tegen verdamping, zodat er meer product door de huid wordt geabsorbeerd en er minder huidverzorgingsproduct wordt verspild. Het masker sluit de ingredi\u00ebnten fysiek in en laat de lichaamswarmte de ingredi\u00ebnten opwarmen voor een maximale opname. En u hoeft niets weg te gooien &#8211; het siliconenmasker is <strong>eindeloos herbruikbaar<\/strong> en in een handomdraai te wassen.<\/p>\n<p>Ons siliconenmasker is <strong>van medische kwaliteit<\/strong> en <strong>biocompatibel.<\/strong><br \/>\nSilicone is een bijna inert, stabiel synthetisch rubber gemaakt van silicium (een natuurlijk element) en zuurstof.<br \/>\nHet is elastisch, sterk en bestand tegen water, zout, lipiden en corrosie.<br \/>\nHet is ook van nature niet-microbieel en volledig recyclebaar.<br \/>\nDe aangeboren flexibiliteit maakt dit sheetmasker gemakkelijk op het gezicht aan te brengen zonder te scheuren, zodat het lang meegaat en herhaaldelijk kan worden gebruikt.<\/p>\n<h3>Gebruiksaanwijzing<\/h3>\n<p>Was je gezicht met je favoriete Best Skin Ever en breng dan het gewenste Libations serum of masker (Royal Rose, Papaya + Lime, Frankincense Honey, Rosemary Reset) aan op je huid. Spreid het siliconenmasker voorzichtig over uw gezicht, leg de neus- en ooggaten op \u00e9\u00e9n lijn, en lus de lussen om uw oren. Verwijder het siliconenmasker na 10-15 minuten (of langer indien gewenst) en reinig het voordat u het opbergt.<\/p>\n<p><strong>Om schoon te maken:<\/strong> Gebruik na gebruik een Libations shampoo, kleizeep of natuurlijke zeep en warm water. Laat het siliconenmasker volledig drogen alvorens het op te bergen.<\/p>\n<p><strong>Hydratatie en Uitstraling Onderhoud Gezichtsbehandeling:<\/strong> Uw favoriete Best Skin Ever, All Season Serum, Sun Dew Cr\u00e8me<\/p>\n<p><strong>Diepe Hydratatie Gezichtsbehandeling<\/strong> to erase rough patches, fine lines, or a lackluster hue: Night Nectar Serum or Balm, Rose Glow Serum or Cr\u00e8me, Sandalwood Serum Supreme<\/p>\n<p><strong>Exfoliatie Gezichtsbehandeling<\/strong> voor verheldering, toning en vermindering van fijne lijntjes: Green Papaya + Lime Mask, Royal Rose Honey Mask<\/p>\n<p><strong>Cool Spot Soother Gezichtsbehandeling<\/strong> om roodheid te kalmeren, te verzachten en vlekken diepgaand te reinigen: Ozonated Bedew Dab, Rosemary Reset Powder<\/p>\n<p><strong>Gladheid Gezichtsbehandeling:<\/strong> Dew Dab, BeDew Dab<\/p>\n<p><strong>Verhelderende Gezichtsbehandeling<\/strong> om vuil en milieugiffen uit uw huid te verwijderen en uw huid aan te vullen en te kalmeren: Frankincense Honey Mask met Zippity DewDab.<\/p>\n<p><strong>Volwassen Huid Gezichtsbehandeling<\/strong> om de huid nieuw leven in te blazen, te versterken, te verstevigen en glad te strijken: Roosvernieuwing + Frankincense Verstevigende Flu\u00efde, Royal Rose CoQ10 Serum, Soothsayer Serum, Jewel Dab<\/p>\n<p><strong>\u26a0\ufe0f Hygi\u00ebne<\/strong><br \/>\nDit is een hygi\u00ebnisch product. Om gezondheids- en veiligheidsredenen worden retourzendingen alleen geaccepteerd als het originele hygi\u00ebnische zegel intact en ongeopend is. Als het zegel is verbroken, wordt het artikel als gebruikt beschouwd en kan het niet worden geretourneerd.  <\/p>\n<p><img fetchpriority=\"high\" decoding=\"async\" class=\"size-full wp-image-31577 aligncenter\" src=\"https:\/\/dutchhealthstore.com\/wp-content\/uploads\/2018\/03\/organic_big.png\" alt=\"Organic and Natural - Living Libations\" width=\"623\" height=\"103\" srcset=\"https:\/\/dutchhealthstore.com\/wp-content\/uploads\/2018\/03\/organic_big.png 623w, https:\/\/dutchhealthstore.com\/wp-content\/uploads\/2018\/03\/organic_big-510x84.png 510w, https:\/\/dutchhealthstore.com\/wp-content\/uploads\/2018\/03\/organic_big-600x99.png 600w, https:\/\/dutchhealthstore.com\/wp-content\/uploads\/2018\/03\/organic_big-350x58.png 350w\" sizes=\"(max-width: 623px) 100vw, 623px\" \/><\/p>\n","protected":false},"excerpt":{"rendered":"<p>Geef je huid extra energie met ons<strong> Hydraterend Siliconen Sheet Mask<\/strong>.<br \/>\nOns Siliconen<strong> Sheet<\/strong> Mask verandert heerlijke drankjes in extra effectieve elixers en gezichtsverzorging voor elk type, weefsel en probleem.<\/p>\n","protected":false},"featured_media":229888,"comment_status":"open","ping_status":"closed","template":"","meta":[],"product_brand":[],"product_cat":[16016,14731,6664,1029,5618,11182,5620,2989,5003,5601,5729,8697,1208,5616,1006,5619,9085,510,5676],"product_tag":[6156,21436,9602,4141],"class_list":{"0":"post-129699","1":"product","2":"type-product","3":"status-publish","4":"has-post-thumbnail","6":"product_cat-dutch-health-store-nl","7":"product_cat-huidverzorging","8":"product_cat-agent-nateur-nl","9":"product_cat-categorieen","10":"product_cat-dry-mature-ageing-skin-nl-2","11":"product_cat-evolve-beauty-nl","12":"product_cat-sensitive-skin-redness-nl-2","13":"product_cat-gezicht","14":"product_cat-tools-nl-2","15":"product_cat-josh-rosebrook-nl","16":"product_cat-leahlani-skincare-nl","17":"product_cat-lepaar-nl","18":"product_cat-living-libations-nederland","19":"product_cat-masks-scrubs-exfoliators-nl-6","20":"product_cat-merken","21":"product_cat-normal-or-combination-skin-nl-2","22":"product_cat-rms-beauty-nl","23":"product_cat-shop-winkel","24":"product_cat-oily-skin-clogged-pores-nl-2","25":"product_tag-face-care-nl","26":"product_tag-gereedschap","27":"product_tag-hydrating-nl","28":"product_tag-masker","29":"pa_brand-dutch-health-store-nl","30":"pa_gtin-7439657412417-nl","31":"pa_skincare-type-face-oil-and-serums-nl","32":"pa_skincare-type-masks-scrubs-exfoliators-nl","33":"pa_skincare-type-moisturizers-nl","34":"pa_skintype-dry-mature-ageing-skin-nl","35":"pa_skintype-normal-combination-skin-nl","36":"pa_skintype-oily-skin-nl","37":"pa_skintype-sensitive-skin-redness-nl","39":"first","40":"instock","41":"taxable","42":"shipping-taxable","43":"purchasable","44":"product-type-simple"},"bundled_by":[],"bundle_stock_status":"instock","bundle_stock_quantity":27,"bundle_virtual":false,"bundle_layout":"","bundle_add_to_cart_form_location":"","bundle_editable_in_cart":false,"bundle_sold_individually_context":"","bundle_item_grouping":"","bundle_min_size":"","bundle_max_size":"","bundle_price":[],"bundled_items":[],"bundle_sell_ids":[107424],"atum_controlled":true,"out_stock_date":null,"out_stock_threshold":null,"inheritable":false,"stock_on_hold":1,"sold_today":0,"sales_last_days":0,"out_stock_days":0,"lost_sales":0,"update_date":"2026-04-10T09:39:06","atum_locations":[],"atum_stock_status":"instock","restock_status":false,"low_stock_amount":"","sales_update_date":"2026-04-10T09:39:06","calc_backorders":null,"group_of_quantity":0,"min_quantity":0,"max_quantity":"","exclude_order_quantity_value_rules":"no","exclude_category_quantity_rules":"no","combine_variations":"no","yoast_head":"<!-- This site is optimized with the Yoast SEO Premium plugin v26.5 (Yoast SEO v26.5) - https:\/\/yoast.com\/wordpress\/plugins\/seo\/ -->\n<title>Hydrating Silicone Sheet Mask - Dutch Health Store<\/title>\n<meta name=\"description\" content=\"Dit zachte, soepele siliconenmasker helpt u uw gezicht te verfrissen, te voeden en nieuw leven in te blazen, effici\u00ebnt en netjes.\" \/>\n<meta name=\"robots\" content=\"index, follow, max-snippet:-1, max-image-preview:large, max-video-preview:-1\" \/>\n<link rel=\"canonical\" href=\"https:\/\/dutchhealthstore.com\/nl\/product\/hydrating-silicone-sheet-mask\/\" \/>\n<meta property=\"og:locale\" content=\"nl_NL\" \/>\n<meta property=\"og:type\" content=\"article\" \/>\n<meta property=\"og:title\" content=\"Hydrating Silicone Sheet Mask - Dutch Health Store\" \/>\n<meta property=\"og:description\" content=\"Dit zachte, soepele siliconenmasker helpt u uw gezicht te verfrissen, te voeden en nieuw leven in te blazen, effici\u00ebnt en netjes.\" \/>\n<meta property=\"og:url\" content=\"https:\/\/dutchhealthstore.com\/nl\/product\/hydrating-silicone-sheet-mask\/\" \/>\n<meta property=\"og:site_name\" content=\"Dutch Health Store\" \/>\n<meta property=\"article:publisher\" content=\"https:\/\/www.instagram.com\/dutchhealthstore\/\" \/>\n<meta property=\"article:modified_time\" content=\"2025-12-21T23:00:28+00:00\" \/>\n<meta property=\"og:image\" content=\"https:\/\/dutchhealthstore.com\/wp-content\/uploads\/2023\/01\/silliconen-masker.jpg\" \/>\n\t<meta property=\"og:image:width\" content=\"510\" \/>\n\t<meta property=\"og:image:height\" content=\"510\" \/>\n\t<meta property=\"og:image:type\" content=\"image\/jpeg\" \/>\n<meta name=\"twitter:card\" content=\"summary_large_image\" \/>\n<meta name=\"twitter:label1\" content=\"Prijs\" \/>\n\t<meta name=\"twitter:data1\" content=\"&euro;16,00\" \/>\n\t<meta name=\"twitter:label2\" content=\"Beschikbaarheid\" \/>\n\t<meta name=\"twitter:data2\" content=\"Op voorraad\" \/>\n<script type=\"application\/ld+json\" class=\"yoast-schema-graph\">{\"@context\":\"https:\/\/schema.org\",\"@graph\":[{\"@type\":\"WebPage\",\"@id\":\"https:\/\/dutchhealthstore.com\/nl\/product\/hydrating-silicone-sheet-mask\/\",\"url\":\"https:\/\/dutchhealthstore.com\/nl\/product\/hydrating-silicone-sheet-mask\/\",\"name\":\"Hydrating Silicone Sheet Mask - Dutch Health Store\",\"isPartOf\":{\"@id\":\"https:\/\/dutchhealthstore.com\/nl\/#website\"},\"primaryImageOfPage\":{\"@id\":\"https:\/\/dutchhealthstore.com\/nl\/product\/hydrating-silicone-sheet-mask\/#primaryimage\"},\"image\":{\"@id\":\"https:\/\/dutchhealthstore.com\/nl\/product\/hydrating-silicone-sheet-mask\/#primaryimage\"},\"thumbnailUrl\":\"https:\/\/dutchhealthstore.com\/wp-content\/uploads\/2023\/01\/silliconen-masker.jpg\",\"datePublished\":\"2020-09-29T16:31:03+00:00\",\"dateModified\":\"2025-12-21T23:00:28+00:00\",\"description\":\"Dit zachte, soepele siliconenmasker helpt u uw gezicht te verfrissen, te voeden en nieuw leven in te blazen, effici\u00ebnt en netjes.\",\"breadcrumb\":{\"@id\":\"https:\/\/dutchhealthstore.com\/nl\/product\/hydrating-silicone-sheet-mask\/#breadcrumb\"},\"inLanguage\":\"nl-NL\",\"potentialAction\":[{\"@type\":\"ReadAction\",\"target\":[\"https:\/\/dutchhealthstore.com\/nl\/product\/hydrating-silicone-sheet-mask\/\"]}]},{\"@type\":\"ImageObject\",\"inLanguage\":\"nl-NL\",\"@id\":\"https:\/\/dutchhealthstore.com\/nl\/product\/hydrating-silicone-sheet-mask\/#primaryimage\",\"url\":\"https:\/\/dutchhealthstore.com\/wp-content\/uploads\/2023\/01\/silliconen-masker.jpg\",\"contentUrl\":\"https:\/\/dutchhealthstore.com\/wp-content\/uploads\/2023\/01\/silliconen-masker.jpg\",\"width\":510,\"height\":510,\"caption\":\"Dutch health store\"},{\"@type\":\"BreadcrumbList\",\"@id\":\"https:\/\/dutchhealthstore.com\/nl\/product\/hydrating-silicone-sheet-mask\/#breadcrumb\",\"itemListElement\":[{\"@type\":\"ListItem\",\"position\":1,\"name\":\"Home\",\"item\":\"https:\/\/dutchhealthstore.com\/nl\/\"},{\"@type\":\"ListItem\",\"position\":2,\"name\":\"Shop\",\"item\":\"https:\/\/dutchhealthstore.com\/nl\/shop\/\"},{\"@type\":\"ListItem\",\"position\":3,\"name\":\"Hydrating Silicone Sheet Mask\"}]},{\"@type\":\"WebSite\",\"@id\":\"https:\/\/dutchhealthstore.com\/nl\/#website\",\"url\":\"https:\/\/dutchhealthstore.com\/nl\/\",\"name\":\"Dutch Health Store\",\"description\":\"Enhance Your Beauty with Organic &amp; Natural Skincare\",\"publisher\":{\"@id\":\"https:\/\/dutchhealthstore.com\/nl\/#organization\"},\"potentialAction\":[{\"@type\":\"SearchAction\",\"target\":{\"@type\":\"EntryPoint\",\"urlTemplate\":\"https:\/\/dutchhealthstore.com\/nl\/?s={search_term_string}\"},\"query-input\":{\"@type\":\"PropertyValueSpecification\",\"valueRequired\":true,\"valueName\":\"search_term_string\"}}],\"inLanguage\":\"nl-NL\"},{\"@type\":\"Organization\",\"@id\":\"https:\/\/dutchhealthstore.com\/nl\/#organization\",\"name\":\"Dutch Health Store\",\"url\":\"https:\/\/dutchhealthstore.com\/nl\/\",\"logo\":{\"@type\":\"ImageObject\",\"inLanguage\":\"nl-NL\",\"@id\":\"https:\/\/dutchhealthstore.com\/nl\/#\/schema\/logo\/image\/\",\"url\":\"https:\/\/dutchhealthstore.com\/wp-content\/uploads\/2020\/08\/logo-dutchhealthstore-jpg-e1599484957574.jpg\",\"contentUrl\":\"https:\/\/dutchhealthstore.com\/wp-content\/uploads\/2020\/08\/logo-dutchhealthstore-jpg-e1599484957574.jpg\",\"width\":400,\"height\":62,\"caption\":\"Dutch Health Store\"},\"image\":{\"@id\":\"https:\/\/dutchhealthstore.com\/nl\/#\/schema\/logo\/image\/\"},\"sameAs\":[\"https:\/\/www.instagram.com\/dutchhealthstore\/\",\"https:\/\/www.facebook.com\/dutchhealthstore\"]}]}<\/script>\n<meta property=\"product:brand\" content=\"Dutch Health Store\" \/>\n<meta property=\"product:price:amount\" content=\"16.00\" \/>\n<meta property=\"product:price:currency\" content=\"EUR\" \/>\n<meta property=\"og:availability\" content=\"instock\" \/>\n<meta property=\"product:availability\" content=\"instock\" \/>\n<meta property=\"product:condition\" content=\"new\" \/>\n<!-- \/ Yoast SEO Premium plugin. -->","yoast_head_json":{"title":"Hydrating Silicone Sheet Mask - Dutch Health Store","description":"Dit zachte, soepele siliconenmasker helpt u uw gezicht te verfrissen, te voeden en nieuw leven in te blazen, effici\u00ebnt en netjes.","robots":{"index":"index","follow":"follow","max-snippet":"max-snippet:-1","max-image-preview":"max-image-preview:large","max-video-preview":"max-video-preview:-1"},"canonical":"https:\/\/dutchhealthstore.com\/nl\/product\/hydrating-silicone-sheet-mask\/","og_locale":"nl_NL","og_type":"article","og_title":"Hydrating Silicone Sheet Mask - Dutch Health Store","og_description":"Dit zachte, soepele siliconenmasker helpt u uw gezicht te verfrissen, te voeden en nieuw leven in te blazen, effici\u00ebnt en netjes.","og_url":"https:\/\/dutchhealthstore.com\/nl\/product\/hydrating-silicone-sheet-mask\/","og_site_name":"Dutch Health Store","article_publisher":"https:\/\/www.instagram.com\/dutchhealthstore\/","article_modified_time":"2025-12-21T23:00:28+00:00","og_image":[{"width":510,"height":510,"url":"https:\/\/dutchhealthstore.com\/wp-content\/uploads\/2023\/01\/silliconen-masker.jpg","type":"image\/jpeg"}],"twitter_card":"summary_large_image","twitter_misc":{"Prijs":"&euro;16,00","Beschikbaarheid":"Op voorraad"},"schema":{"@context":"https:\/\/schema.org","@graph":[{"@type":"WebPage","@id":"https:\/\/dutchhealthstore.com\/nl\/product\/hydrating-silicone-sheet-mask\/","url":"https:\/\/dutchhealthstore.com\/nl\/product\/hydrating-silicone-sheet-mask\/","name":"Hydrating Silicone Sheet Mask - Dutch Health Store","isPartOf":{"@id":"https:\/\/dutchhealthstore.com\/nl\/#website"},"primaryImageOfPage":{"@id":"https:\/\/dutchhealthstore.com\/nl\/product\/hydrating-silicone-sheet-mask\/#primaryimage"},"image":{"@id":"https:\/\/dutchhealthstore.com\/nl\/product\/hydrating-silicone-sheet-mask\/#primaryimage"},"thumbnailUrl":"https:\/\/dutchhealthstore.com\/wp-content\/uploads\/2023\/01\/silliconen-masker.jpg","datePublished":"2020-09-29T16:31:03+00:00","dateModified":"2025-12-21T23:00:28+00:00","description":"Dit zachte, soepele siliconenmasker helpt u uw gezicht te verfrissen, te voeden en nieuw leven in te blazen, effici\u00ebnt en netjes.","breadcrumb":{"@id":"https:\/\/dutchhealthstore.com\/nl\/product\/hydrating-silicone-sheet-mask\/#breadcrumb"},"inLanguage":"nl-NL","potentialAction":[{"@type":"ReadAction","target":["https:\/\/dutchhealthstore.com\/nl\/product\/hydrating-silicone-sheet-mask\/"]}]},{"@type":"ImageObject","inLanguage":"nl-NL","@id":"https:\/\/dutchhealthstore.com\/nl\/product\/hydrating-silicone-sheet-mask\/#primaryimage","url":"https:\/\/dutchhealthstore.com\/wp-content\/uploads\/2023\/01\/silliconen-masker.jpg","contentUrl":"https:\/\/dutchhealthstore.com\/wp-content\/uploads\/2023\/01\/silliconen-masker.jpg","width":510,"height":510,"caption":"Dutch health store"},{"@type":"BreadcrumbList","@id":"https:\/\/dutchhealthstore.com\/nl\/product\/hydrating-silicone-sheet-mask\/#breadcrumb","itemListElement":[{"@type":"ListItem","position":1,"name":"Home","item":"https:\/\/dutchhealthstore.com\/nl\/"},{"@type":"ListItem","position":2,"name":"Shop","item":"https:\/\/dutchhealthstore.com\/nl\/shop\/"},{"@type":"ListItem","position":3,"name":"Hydrating Silicone Sheet Mask"}]},{"@type":"WebSite","@id":"https:\/\/dutchhealthstore.com\/nl\/#website","url":"https:\/\/dutchhealthstore.com\/nl\/","name":"Dutch Health Store","description":"Enhance Your Beauty with Organic &amp; Natural Skincare","publisher":{"@id":"https:\/\/dutchhealthstore.com\/nl\/#organization"},"potentialAction":[{"@type":"SearchAction","target":{"@type":"EntryPoint","urlTemplate":"https:\/\/dutchhealthstore.com\/nl\/?s={search_term_string}"},"query-input":{"@type":"PropertyValueSpecification","valueRequired":true,"valueName":"search_term_string"}}],"inLanguage":"nl-NL"},{"@type":"Organization","@id":"https:\/\/dutchhealthstore.com\/nl\/#organization","name":"Dutch Health Store","url":"https:\/\/dutchhealthstore.com\/nl\/","logo":{"@type":"ImageObject","inLanguage":"nl-NL","@id":"https:\/\/dutchhealthstore.com\/nl\/#\/schema\/logo\/image\/","url":"https:\/\/dutchhealthstore.com\/wp-content\/uploads\/2020\/08\/logo-dutchhealthstore-jpg-e1599484957574.jpg","contentUrl":"https:\/\/dutchhealthstore.com\/wp-content\/uploads\/2020\/08\/logo-dutchhealthstore-jpg-e1599484957574.jpg","width":400,"height":62,"caption":"Dutch Health Store"},"image":{"@id":"https:\/\/dutchhealthstore.com\/nl\/#\/schema\/logo\/image\/"},"sameAs":["https:\/\/www.instagram.com\/dutchhealthstore\/","https:\/\/www.facebook.com\/dutchhealthstore"]}]},"product_brand":"Dutch Health Store","product_price_amount":"16.00","product_price_currency":"EUR","og_availability":"instock","product_availability":"instock","product_condition":"new"},"_links":{"self":[{"href":"https:\/\/dutchhealthstore.com\/nl\/wp-json\/wp\/v2\/product\/129699","targetHints":{"allow":["GET"]}}],"collection":[{"href":"https:\/\/dutchhealthstore.com\/nl\/wp-json\/wp\/v2\/product"}],"about":[{"href":"https:\/\/dutchhealthstore.com\/nl\/wp-json\/wp\/v2\/types\/product"}],"replies":[{"embeddable":true,"href":"https:\/\/dutchhealthstore.com\/nl\/wp-json\/wp\/v2\/comments?post=129699"}],"wp:featuredmedia":[{"embeddable":true,"href":"https:\/\/dutchhealthstore.com\/nl\/wp-json\/wp\/v2\/media\/229888"}],"wp:attachment":[{"href":"https:\/\/dutchhealthstore.com\/nl\/wp-json\/wp\/v2\/media?parent=129699"}],"wp:term":[{"taxonomy":"product_brand","embeddable":true,"href":"https:\/\/dutchhealthstore.com\/nl\/wp-json\/wp\/v2\/product_brand?post=129699"},{"taxonomy":"product_cat","embeddable":true,"href":"https:\/\/dutchhealthstore.com\/nl\/wp-json\/wp\/v2\/product_cat?post=129699"},{"taxonomy":"product_tag","embeddable":true,"href":"https:\/\/dutchhealthstore.com\/nl\/wp-json\/wp\/v2\/product_tag?post=129699"}],"curies":[{"name":"wp","href":"https:\/\/api.w.org\/{rel}","templated":true}]}}