{"id":129309,"date":"2020-09-29T12:29:11","date_gmt":"2020-09-29T12:29:11","guid":{"rendered":"https:\/\/dutchhealthstore.com\/product\/wintergreen-clean-floss\/"},"modified":"2026-01-02T11:08:21","modified_gmt":"2026-01-02T10:08:21","slug":"wintergreen-clean-floss","status":"publish","type":"product","link":"https:\/\/dutchhealthstore.com\/nl\/product\/wintergreen-clean-floss\/","title":{"rendered":"Wintergreen Clean Floss"},"content":{"rendered":"<p><strong><img decoding=\"async\" class=\"size-full wp-image-69549 alignright\" src=\"https:\/\/dutchhealthstore.com\/wp-content\/uploads\/2019\/08\/NEW-Living-Libations-Logo.jpg\" alt=\"NEW - Living Libations - Logo\" width=\"175\" height=\"82\">Wintergreen Clean Floss<\/strong> is een glijdend nylon flosdraad geglazuurd met een pure plantenwas geoogst uit de stengels van de woestijncandelillaplant en bamboehoutskool die tandplak en bacteri\u00ebn wegzuigt van de tanden en het tandvlees voor de ultieme reiniging.<\/p>\n<p>De essenti\u00eble oli\u00ebn Wintergreen en Spearmint remmen de bacteri\u00ebn die een slechte adem veroorzaken en brengen een koele, frisse smaak voor de zoetst geurende adem.<\/p>\n<p>Deze floss is een tandheelkundige droom met Yogi Tooth Serum, Wintergreen Clean Activated Charcoal Paste, Tooth Truth Powder Polish, en Mint Condition Mineral Tooth Powder.<\/p>\n<h3>Hoe te gebruiken:<\/h3>\n<p>Wintergreen Clean Floss kan elke dag gebruikt worden. Breng na het poetsen een druppel van uw favoriete orale serum aan op ongeveer 45 cm flosdraad, wikkel het flosdraad om de vingers en trek het strak. Schuif flosdraad tussen de tanden, buig het om een tand en reinig tussen de tand en het tandvlees met zachte op en neergaande bewegingen. Herhaal dit tussen elke tand, met een schoon stuk flosdraad.<\/p>\n<h3 class=\"yikes-custom-woo-tab-title yikes-custom-woo-tab-title-natural-organic-ingredients\">Natuurlijke\/Biologische Ingredi\u00ebnten<\/h3>\n<p><strong>Mao Zhu Bamboe<\/strong> <strong>Houtskool <\/strong><em>(Phyllostachys edulis)<\/em> &#8211; Mau Zhu is een snelgroeiende, duurzame bamboe die in vijf jaar tot zestig feet kan groeien. Naarmate het bamboe &#8220;hout&#8221; harder wordt, vormen zich miljoenen kleine gaatjes in het weefsel, en het zijn deze kleine gaatjes die deze bamboe zo geschikt maken voor houtskool. Het is bijna 25% poreuzer dan standaard houtskool.<\/p>\n<p><strong>Candelillawas <\/strong><em>(Euphorbia antisyphilitica<\/em>) Deze zuivere plantenwas wordt geoogst van de stengels van de woestijncandelillastruik. De plantendelen worden gekookt in water en de was wordt van de bovenkant afgeroomd en gebotteld voordat het nylondraad wordt bedekt.<\/p>\n<p><strong>Wintergreen essenti\u00eble olie <\/strong><em>(Gaultheria fragrantissima)<\/em> Wonderlijke Wintergreen essence wekt de zintuigen met een uitbarsting van verkoelende munt en sneeuwbedekte frisheid. Dit botanisch-biotisch middel brengt de bacteri\u00ebn in balans voor een frisse adem. Deze olie wordt met stoom gedestilleerd uit de helderrode bessen en bladeren van de wilde wintergroen, die zelfs bij de koudste temperaturen goed gedijt.<\/p>\n<p><strong>Etherische olie van pepermunt <\/strong><em>(Mentha spicata<\/em>) &#8211; Sprightly Spearmint is het zachtere, meer ingetogen neefje van pepermunt. Frisse, geurige spearmint kalmeert de zintuigen met fluisteringen van muntachtige pracht! De oude Grieken gebruikten groene munt om hun badwater te geuren, terwijl de middeleeuwse bevolking het kruid gebruikte om de adem te verfrissen en de tanden te reinigen. Net als zijn neefje pepermunt remt ook groene munt de bacteri\u00ebn die een slechte adem veroorzaken.<\/p>\n<p><img fetchpriority=\"high\" decoding=\"async\" class=\"size-full wp-image-31577 aligncenter\" src=\"https:\/\/dutchhealthstore.com\/wp-content\/uploads\/2018\/03\/organic_big.png\" alt=\"Organic and Natural - Living Libations\" width=\"623\" height=\"103\" srcset=\"https:\/\/dutchhealthstore.com\/wp-content\/uploads\/2018\/03\/organic_big.png 623w, https:\/\/dutchhealthstore.com\/wp-content\/uploads\/2018\/03\/organic_big-510x84.png 510w, https:\/\/dutchhealthstore.com\/wp-content\/uploads\/2018\/03\/organic_big-600x99.png 600w, https:\/\/dutchhealthstore.com\/wp-content\/uploads\/2018\/03\/organic_big-350x58.png 350w\" sizes=\"(max-width: 623px) 100vw, 623px\" \/><\/p>\n","protected":false},"excerpt":{"rendered":"<p>Rekbaar, glad en snippervrij, <strong>Wintergreen Clean Floss<\/strong> is doordrenkt met ontgiftende houtskool en friszoete essenti\u00eble oli\u00ebn voor een ultrafrisse adem en een brandschone mond. Geschikt voor alle soorten tanden en tandvlees &#8211; ons flosdraad is perfect om door en rond beugels, beugels en alle nauwe ruimtes daartussen te glijden.<\/p>\n<p>Wintergreen Clean Floss is een veganistische droom, bedekt met biologische plantenwas en gerold in een cilindervormige glazen en roestvrijstalen dispenser die volledig recyclebaar en beter nog, herbruikbaar zijn.<\/p>\n","protected":false},"featured_media":126725,"comment_status":"open","ping_status":"closed","template":"","meta":[],"product_brand":[],"product_cat":[1029,1208,1006,5982,1509,3758,510],"product_tag":[4274,21436,21807,21808],"class_list":{"0":"post-129309","1":"product","2":"type-product","3":"status-publish","4":"has-post-thumbnail","6":"product_cat-categorieen","7":"product_cat-living-libations-nederland","8":"product_cat-merken","9":"product_cat-dental-care-nl-2","10":"product_cat-mondverzorging-living-libations","11":"product_cat-mondverzorgingsproducten","12":"product_cat-shop-winkel","13":"product_tag-dental-care-nl","14":"product_tag-gereedschap","15":"product_tag-natural-nl","16":"product_tag-verfrissend","17":"pa_brand-livinglibations-nl","18":"pa_dental-care-product-type-scrapers-floss-nl","19":"pa_gtin-7439657412400-nl","20":"pa_size-1-floss-nl","21":"pa_size-2-refill-rolls-nl","23":"first","24":"instock","25":"taxable","26":"shipping-taxable","27":"purchasable","28":"product-type-variable"},"bundled_by":[],"bundle_stock_status":"instock","bundle_stock_quantity":null,"bundle_virtual":false,"bundle_layout":"","bundle_add_to_cart_form_location":"","bundle_editable_in_cart":false,"bundle_sold_individually_context":"","bundle_item_grouping":"","bundle_min_size":"","bundle_max_size":"","bundle_price":[],"bundled_items":[],"bundle_sell_ids":[179390],"atum_controlled":true,"out_stock_date":null,"out_stock_threshold":null,"inheritable":true,"stock_on_hold":2,"sold_today":0,"sales_last_days":1,"out_stock_days":0,"lost_sales":0,"update_date":"2026-04-07T11:40:44","atum_locations":[],"atum_stock_status":"instock","restock_status":false,"low_stock_amount":"","sales_update_date":"2026-03-29T01:43:55","calc_backorders":null,"group_of_quantity":0,"min_quantity":0,"max_quantity":"","exclude_order_quantity_value_rules":"no","exclude_category_quantity_rules":"no","combine_variations":"no","yoast_head":"<!-- This site is optimized with the Yoast SEO Premium plugin v26.5 (Yoast SEO v26.5) - https:\/\/yoast.com\/wordpress\/plugins\/seo\/ -->\n<title>Wintergreen Clean Floss - Living Libations<\/title>\n<meta name=\"description\" content=\"Geschikt voor alle soorten tanden en tandvlees - ons flosdraad is perfect om door en rond beugels en alle nauwe ruimtes daartussen te glijden.\" \/>\n<meta name=\"robots\" content=\"index, follow, max-snippet:-1, max-image-preview:large, max-video-preview:-1\" \/>\n<link rel=\"canonical\" href=\"https:\/\/dutchhealthstore.com\/nl\/product\/wintergreen-clean-floss\/\" \/>\n<meta property=\"og:locale\" content=\"nl_NL\" \/>\n<meta property=\"og:type\" content=\"article\" \/>\n<meta property=\"og:title\" content=\"Wintergreen Clean Floss - Dutch Health Store\" \/>\n<meta property=\"og:description\" content=\"Geschikt voor alle soorten tanden en tandvlees - ons flosdraad is perfect om door en rond beugels en alle nauwe ruimtes daartussen te glijden.\" \/>\n<meta property=\"og:url\" content=\"https:\/\/dutchhealthstore.com\/nl\/product\/wintergreen-clean-floss\/\" \/>\n<meta property=\"og:site_name\" content=\"Dutch Health Store\" \/>\n<meta property=\"article:publisher\" content=\"https:\/\/www.instagram.com\/dutchhealthstore\/\" \/>\n<meta property=\"article:modified_time\" content=\"2026-01-02T10:08:21+00:00\" \/>\n<meta property=\"og:image\" content=\"https:\/\/dutchhealthstore.com\/wp-content\/uploads\/2020\/09\/Living-Libations-1-Wintergreen-Clean-Floss-1.jpg\" \/>\n\t<meta property=\"og:image:width\" content=\"1000\" \/>\n\t<meta property=\"og:image:height\" content=\"1000\" \/>\n\t<meta property=\"og:image:type\" content=\"image\/jpeg\" \/>\n<meta name=\"twitter:card\" content=\"summary_large_image\" \/>\n<meta name=\"twitter:label1\" content=\"Beschikbaarheid\" \/>\n\t<meta name=\"twitter:data1\" content=\"Op voorraad\" \/>\n<script type=\"application\/ld+json\" class=\"yoast-schema-graph\">{\"@context\":\"https:\/\/schema.org\",\"@graph\":[{\"@type\":\"WebPage\",\"@id\":\"https:\/\/dutchhealthstore.com\/nl\/product\/wintergreen-clean-floss\/\",\"url\":\"https:\/\/dutchhealthstore.com\/nl\/product\/wintergreen-clean-floss\/\",\"name\":\"Wintergreen Clean Floss - Living Libations\",\"isPartOf\":{\"@id\":\"https:\/\/dutchhealthstore.com\/nl\/#website\"},\"primaryImageOfPage\":{\"@id\":\"https:\/\/dutchhealthstore.com\/nl\/product\/wintergreen-clean-floss\/#primaryimage\"},\"image\":{\"@id\":\"https:\/\/dutchhealthstore.com\/nl\/product\/wintergreen-clean-floss\/#primaryimage\"},\"thumbnailUrl\":\"https:\/\/dutchhealthstore.com\/wp-content\/uploads\/2020\/09\/Living-Libations-1-Wintergreen-Clean-Floss-1.jpg\",\"datePublished\":\"2020-09-29T12:29:11+00:00\",\"dateModified\":\"2026-01-02T10:08:21+00:00\",\"description\":\"Geschikt voor alle soorten tanden en tandvlees - ons flosdraad is perfect om door en rond beugels en alle nauwe ruimtes daartussen te glijden.\",\"breadcrumb\":{\"@id\":\"https:\/\/dutchhealthstore.com\/nl\/product\/wintergreen-clean-floss\/#breadcrumb\"},\"inLanguage\":\"nl-NL\",\"potentialAction\":[{\"@type\":\"ReadAction\",\"target\":[\"https:\/\/dutchhealthstore.com\/nl\/product\/wintergreen-clean-floss\/\"]}]},{\"@type\":\"ImageObject\",\"inLanguage\":\"nl-NL\",\"@id\":\"https:\/\/dutchhealthstore.com\/nl\/product\/wintergreen-clean-floss\/#primaryimage\",\"url\":\"https:\/\/dutchhealthstore.com\/wp-content\/uploads\/2020\/09\/Living-Libations-1-Wintergreen-Clean-Floss-1.jpg\",\"contentUrl\":\"https:\/\/dutchhealthstore.com\/wp-content\/uploads\/2020\/09\/Living-Libations-1-Wintergreen-Clean-Floss-1.jpg\",\"width\":1000,\"height\":1000,\"caption\":\"Living Libations 1 Wintergreen Clean Floss\"},{\"@type\":\"BreadcrumbList\",\"@id\":\"https:\/\/dutchhealthstore.com\/nl\/product\/wintergreen-clean-floss\/#breadcrumb\",\"itemListElement\":[{\"@type\":\"ListItem\",\"position\":1,\"name\":\"Home\",\"item\":\"https:\/\/dutchhealthstore.com\/nl\/\"},{\"@type\":\"ListItem\",\"position\":2,\"name\":\"Shop\",\"item\":\"https:\/\/dutchhealthstore.com\/nl\/shop\/\"},{\"@type\":\"ListItem\",\"position\":3,\"name\":\"Wintergreen Clean Floss\"}]},{\"@type\":\"WebSite\",\"@id\":\"https:\/\/dutchhealthstore.com\/nl\/#website\",\"url\":\"https:\/\/dutchhealthstore.com\/nl\/\",\"name\":\"Dutch Health Store\",\"description\":\"Enhance Your Beauty with Organic &amp; Natural Skincare\",\"publisher\":{\"@id\":\"https:\/\/dutchhealthstore.com\/nl\/#organization\"},\"potentialAction\":[{\"@type\":\"SearchAction\",\"target\":{\"@type\":\"EntryPoint\",\"urlTemplate\":\"https:\/\/dutchhealthstore.com\/nl\/?s={search_term_string}\"},\"query-input\":{\"@type\":\"PropertyValueSpecification\",\"valueRequired\":true,\"valueName\":\"search_term_string\"}}],\"inLanguage\":\"nl-NL\"},{\"@type\":\"Organization\",\"@id\":\"https:\/\/dutchhealthstore.com\/nl\/#organization\",\"name\":\"Dutch Health Store\",\"url\":\"https:\/\/dutchhealthstore.com\/nl\/\",\"logo\":{\"@type\":\"ImageObject\",\"inLanguage\":\"nl-NL\",\"@id\":\"https:\/\/dutchhealthstore.com\/nl\/#\/schema\/logo\/image\/\",\"url\":\"https:\/\/dutchhealthstore.com\/wp-content\/uploads\/2020\/08\/logo-dutchhealthstore-jpg-e1599484957574.jpg\",\"contentUrl\":\"https:\/\/dutchhealthstore.com\/wp-content\/uploads\/2020\/08\/logo-dutchhealthstore-jpg-e1599484957574.jpg\",\"width\":400,\"height\":62,\"caption\":\"Dutch Health Store\"},\"image\":{\"@id\":\"https:\/\/dutchhealthstore.com\/nl\/#\/schema\/logo\/image\/\"},\"sameAs\":[\"https:\/\/www.instagram.com\/dutchhealthstore\/\",\"https:\/\/www.facebook.com\/dutchhealthstore\"]}]}<\/script>\n<meta property=\"product:brand\" content=\"Living Libations\" \/>\n<meta property=\"og:availability\" content=\"instock\" \/>\n<meta property=\"product:availability\" content=\"instock\" \/>\n<meta property=\"product:condition\" content=\"new\" \/>\n<!-- \/ Yoast SEO Premium plugin. -->","yoast_head_json":{"title":"Wintergreen Clean Floss - Living Libations","description":"Geschikt voor alle soorten tanden en tandvlees - ons flosdraad is perfect om door en rond beugels en alle nauwe ruimtes daartussen te glijden.","robots":{"index":"index","follow":"follow","max-snippet":"max-snippet:-1","max-image-preview":"max-image-preview:large","max-video-preview":"max-video-preview:-1"},"canonical":"https:\/\/dutchhealthstore.com\/nl\/product\/wintergreen-clean-floss\/","og_locale":"nl_NL","og_type":"article","og_title":"Wintergreen Clean Floss - Dutch Health Store","og_description":"Geschikt voor alle soorten tanden en tandvlees - ons flosdraad is perfect om door en rond beugels en alle nauwe ruimtes daartussen te glijden.","og_url":"https:\/\/dutchhealthstore.com\/nl\/product\/wintergreen-clean-floss\/","og_site_name":"Dutch Health Store","article_publisher":"https:\/\/www.instagram.com\/dutchhealthstore\/","article_modified_time":"2026-01-02T10:08:21+00:00","og_image":[{"width":1000,"height":1000,"url":"https:\/\/dutchhealthstore.com\/wp-content\/uploads\/2020\/09\/Living-Libations-1-Wintergreen-Clean-Floss-1.jpg","type":"image\/jpeg"}],"twitter_card":"summary_large_image","twitter_misc":{"Beschikbaarheid":"Op voorraad"},"schema":{"@context":"https:\/\/schema.org","@graph":[{"@type":"WebPage","@id":"https:\/\/dutchhealthstore.com\/nl\/product\/wintergreen-clean-floss\/","url":"https:\/\/dutchhealthstore.com\/nl\/product\/wintergreen-clean-floss\/","name":"Wintergreen Clean Floss - Living Libations","isPartOf":{"@id":"https:\/\/dutchhealthstore.com\/nl\/#website"},"primaryImageOfPage":{"@id":"https:\/\/dutchhealthstore.com\/nl\/product\/wintergreen-clean-floss\/#primaryimage"},"image":{"@id":"https:\/\/dutchhealthstore.com\/nl\/product\/wintergreen-clean-floss\/#primaryimage"},"thumbnailUrl":"https:\/\/dutchhealthstore.com\/wp-content\/uploads\/2020\/09\/Living-Libations-1-Wintergreen-Clean-Floss-1.jpg","datePublished":"2020-09-29T12:29:11+00:00","dateModified":"2026-01-02T10:08:21+00:00","description":"Geschikt voor alle soorten tanden en tandvlees - ons flosdraad is perfect om door en rond beugels en alle nauwe ruimtes daartussen te glijden.","breadcrumb":{"@id":"https:\/\/dutchhealthstore.com\/nl\/product\/wintergreen-clean-floss\/#breadcrumb"},"inLanguage":"nl-NL","potentialAction":[{"@type":"ReadAction","target":["https:\/\/dutchhealthstore.com\/nl\/product\/wintergreen-clean-floss\/"]}]},{"@type":"ImageObject","inLanguage":"nl-NL","@id":"https:\/\/dutchhealthstore.com\/nl\/product\/wintergreen-clean-floss\/#primaryimage","url":"https:\/\/dutchhealthstore.com\/wp-content\/uploads\/2020\/09\/Living-Libations-1-Wintergreen-Clean-Floss-1.jpg","contentUrl":"https:\/\/dutchhealthstore.com\/wp-content\/uploads\/2020\/09\/Living-Libations-1-Wintergreen-Clean-Floss-1.jpg","width":1000,"height":1000,"caption":"Living Libations 1 Wintergreen Clean Floss"},{"@type":"BreadcrumbList","@id":"https:\/\/dutchhealthstore.com\/nl\/product\/wintergreen-clean-floss\/#breadcrumb","itemListElement":[{"@type":"ListItem","position":1,"name":"Home","item":"https:\/\/dutchhealthstore.com\/nl\/"},{"@type":"ListItem","position":2,"name":"Shop","item":"https:\/\/dutchhealthstore.com\/nl\/shop\/"},{"@type":"ListItem","position":3,"name":"Wintergreen Clean Floss"}]},{"@type":"WebSite","@id":"https:\/\/dutchhealthstore.com\/nl\/#website","url":"https:\/\/dutchhealthstore.com\/nl\/","name":"Dutch Health Store","description":"Enhance Your Beauty with Organic &amp; Natural Skincare","publisher":{"@id":"https:\/\/dutchhealthstore.com\/nl\/#organization"},"potentialAction":[{"@type":"SearchAction","target":{"@type":"EntryPoint","urlTemplate":"https:\/\/dutchhealthstore.com\/nl\/?s={search_term_string}"},"query-input":{"@type":"PropertyValueSpecification","valueRequired":true,"valueName":"search_term_string"}}],"inLanguage":"nl-NL"},{"@type":"Organization","@id":"https:\/\/dutchhealthstore.com\/nl\/#organization","name":"Dutch Health Store","url":"https:\/\/dutchhealthstore.com\/nl\/","logo":{"@type":"ImageObject","inLanguage":"nl-NL","@id":"https:\/\/dutchhealthstore.com\/nl\/#\/schema\/logo\/image\/","url":"https:\/\/dutchhealthstore.com\/wp-content\/uploads\/2020\/08\/logo-dutchhealthstore-jpg-e1599484957574.jpg","contentUrl":"https:\/\/dutchhealthstore.com\/wp-content\/uploads\/2020\/08\/logo-dutchhealthstore-jpg-e1599484957574.jpg","width":400,"height":62,"caption":"Dutch Health Store"},"image":{"@id":"https:\/\/dutchhealthstore.com\/nl\/#\/schema\/logo\/image\/"},"sameAs":["https:\/\/www.instagram.com\/dutchhealthstore\/","https:\/\/www.facebook.com\/dutchhealthstore"]}]},"product_brand":"Living Libations","og_availability":"instock","product_availability":"instock","product_condition":"new"},"_links":{"self":[{"href":"https:\/\/dutchhealthstore.com\/nl\/wp-json\/wp\/v2\/product\/129309","targetHints":{"allow":["GET"]}}],"collection":[{"href":"https:\/\/dutchhealthstore.com\/nl\/wp-json\/wp\/v2\/product"}],"about":[{"href":"https:\/\/dutchhealthstore.com\/nl\/wp-json\/wp\/v2\/types\/product"}],"replies":[{"embeddable":true,"href":"https:\/\/dutchhealthstore.com\/nl\/wp-json\/wp\/v2\/comments?post=129309"}],"wp:featuredmedia":[{"embeddable":true,"href":"https:\/\/dutchhealthstore.com\/nl\/wp-json\/wp\/v2\/media\/126725"}],"wp:attachment":[{"href":"https:\/\/dutchhealthstore.com\/nl\/wp-json\/wp\/v2\/media?parent=129309"}],"wp:term":[{"taxonomy":"product_brand","embeddable":true,"href":"https:\/\/dutchhealthstore.com\/nl\/wp-json\/wp\/v2\/product_brand?post=129309"},{"taxonomy":"product_cat","embeddable":true,"href":"https:\/\/dutchhealthstore.com\/nl\/wp-json\/wp\/v2\/product_cat?post=129309"},{"taxonomy":"product_tag","embeddable":true,"href":"https:\/\/dutchhealthstore.com\/nl\/wp-json\/wp\/v2\/product_tag?post=129309"}],"curies":[{"name":"wp","href":"https:\/\/api.w.org\/{rel}","templated":true}]}}