{"id":125133,"date":"2018-07-31T14:34:26","date_gmt":"2018-07-31T12:34:26","guid":{"rendered":"https:\/\/dutchhealthstore.com\/product\/vanilla-fusion-carrier-oil\/"},"modified":"2024-07-31T11:16:44","modified_gmt":"2024-07-31T09:16:44","slug":"vanilla-fusion-carrier-oil","status":"publish","type":"product","link":"https:\/\/dutchhealthstore.com\/nl\/product\/vanilla-fusion-carrier-oil\/","title":{"rendered":"Vanilla Fusion Carrier Oil"},"content":{"rendered":"<p style=\"font-weight: 400;\"><b><strong><img decoding=\"async\" class=\"size-full wp-image-37041 alignright\" src=\"https:\/\/dutchhealthstore.com\/wp-content\/uploads\/2018\/04\/Living_Libations-1.png\" alt=\"Organic &amp; Natural Beautyproducts - Living Libations\" width=\"175\" height=\"82\"><\/strong><\/b><\/p>\n<p><strong>Botanische naam:<\/strong> Vanilla planifolia<br \/>\n<strong>Botanische familie:<\/strong> Orchidaceae<br \/>\n<strong>Extractiemethode:<\/strong> Maceratie, Infusie in Jojoba-olie<br \/>\n<strong>Deel van de plant Gedistilleerd:<\/strong> Zaaddozen<br \/>\n<strong>Samenstelling:<\/strong> 100% Vanilla planifolia + Simmondsia chinensis<br \/>\n<strong>Consistentie:<\/strong> Medium viscositeit<br \/>\n<strong>Land van herkomst:<\/strong> Madagaskar<br \/>\n<strong>Teeltmethode:<\/strong> Organisch<\/p>\n<h3>Geur Beschrijving<\/h3>\n<p>Verwarmende, subtiele honingnoten die alles verlichten met troostende fluisteringen van yum!<\/p>\n<h3>Mengt goed met<\/h3>\n<p>Jasmijn, Rozen, Sandelhout, Immortelle, Anjer, Bergamot, Limoen, Grapefruit, Citroen, Hop, Geranium, Ylang, Melisse, Verbena, Sering, Neroli, Wierook, Bloedsinaasappel, Nardus, Vetiver, Kaneel, Kardemom en Petitgrain.<\/p>\n<h3>Gebruikt<\/h3>\n<p>Deze kosmische draagolie is een fijne basis voor prachtige lichaamsoli\u00ebn, sensuele serums en weelderige liefdeslotions. Mengsel als ontspannend en zoet slaapmiddel. Een troostende streling als massageolie. Perfect in parfums en charismatisch in colognes als drager. Een badende schoonheid.<\/p>\n<p>Vanille straalt warme sensualiteit uit. Wij weken rauwe, biologische vanillebonen in zuivere gouden jojoba-olie gedurende een paar cycli van volle maan tot de sensuele essentie en het rustgevende karakter van de vanille de jojoba verzadigt.<\/p>\n<p>Glorieuze, gouden jojoba voedt en verzorgt de dorstige huid. Het heeft een onge\u00ebvenaard vermogen om de huid te hydrateren, de olieproductie in balans te brengen, de pori\u00ebn diep te reinigen en langdurige conditionerende effecten te cre\u00ebren die de huid verzachten tot perfecte zijde. Het zit boordevol peptiden en lipiden en bevat de hoogste niveaus van fenolische verbindingen die in de natuur voorkomen, samen met antioxidanten en alle oplosbare vormen van vitamine E!<\/p>\n<p><strong>Grootte: 15 ml en 30 ml<\/strong><\/p>\n<h3>Organische Ingredi\u00ebnten<\/h3>\n<p>100% Vanille planifolia en Simmondsia chinensis draagolie.<\/p>\n<p style=\"text-align: center;\"><em>&#8220;De parfumeur is veel dank verschuldigd aan vanille&#8230; niet alleen geeft het een zoete en aangename geur, maar het is ongewoon duurzaam en daarom uitstekend geschikt om een geur te &#8220;fixeren&#8221;.&#8221;<\/em><br \/>\n~ Jill Jesse, <strong>Perfume Album<\/strong><\/p>\n<p style=\"text-align: center;\"><em>&#8220;Een tijdlang werd hij betoverd door de wind die vage geuren van vanillevelden verspreidt, en zag hoe de hangende bromvogel zich vastklampte aan de wiegende bloem, als een gouden ding.&#8221;<\/em><br \/>\n~ Frederick William Faber<\/p>\n<p><img fetchpriority=\"high\" decoding=\"async\" class=\"aligncenter size-full wp-image-31577\" src=\"https:\/\/dutchhealthstore.com\/wp-content\/uploads\/2018\/03\/organic_big.png\" alt=\"Organic and Natural - Living Libations\" width=\"623\" height=\"103\" srcset=\"https:\/\/dutchhealthstore.com\/wp-content\/uploads\/2018\/03\/organic_big.png 623w, https:\/\/dutchhealthstore.com\/wp-content\/uploads\/2018\/03\/organic_big-510x84.png 510w, https:\/\/dutchhealthstore.com\/wp-content\/uploads\/2018\/03\/organic_big-600x99.png 600w, https:\/\/dutchhealthstore.com\/wp-content\/uploads\/2018\/03\/organic_big-350x58.png 350w\" sizes=\"(max-width: 623px) 100vw, 623px\" \/><\/p>\n","protected":false},"excerpt":{"rendered":"<p style=\"font-weight: 400;\">Deze fluweelzachte <b><strong>Vanille<\/strong><\/b><b> <\/b><b><strong>Fusion<\/strong><\/b> is een verrukkelijk en decadent aanbod. Wij infuseren vanillebonen in gouden jojoba als onderdeel van ons uitgebreide formuleringsproces en bieden u nu deze overvloedige draagolie aan!<\/p>\n<p style=\"font-weight: 400;\">Gedurende drie manen worden ruwe vanillebonen verzadigd met gezonde jojoba. Deze weelderige olie nodigt de aantrekkelijke geur van vanille uit in haar plooien. Een stellaire unie om te zien! Deze geurige fusie versterkt massageoli\u00ebn, omhult parfums, verzacht de zintuigen en de zachte, sensuele geur inspireert het verlangen.<\/p>\n<p style=\"font-weight: 400;\">Doorzichtig, droomachtig en heerlijk, Vanilla Fusion druipt decadentie op je huid en zintuigen.<\/p>\n","protected":false},"featured_media":117454,"comment_status":"open","ping_status":"closed","template":"","meta":[],"product_brand":[],"product_cat":[3742,1506,6731,1208,1006,6730],"product_tag":[8908,4496],"class_list":{"0":"post-125133","1":"product","2":"type-product","3":"status-publish","4":"has-post-thumbnail","6":"product_cat-draagolie","7":"product_cat-essentiele-olien-living-libations","8":"product_cat-essential-oils-nl","9":"product_cat-living-libations-nederland","10":"product_cat-merken","11":"product_cat-wellness-nl","12":"product_tag-carrier-oil-nl","13":"product_tag-essential-oil-nl","14":"pa_brand-livinglibations-nl","15":"pa_essential-oils-product-type-carrier-oils-nl","16":"pa_essential-oils-product-type-essential-oils-nl","17":"pa_size-15-ml-nl","18":"pa_size-30-ml-nl","20":"first","21":"instock","22":"taxable","23":"shipping-taxable","24":"purchasable","25":"product-type-variable"},"bundled_by":[],"bundle_stock_status":"instock","bundle_stock_quantity":null,"bundle_virtual":false,"bundle_layout":"","bundle_add_to_cart_form_location":"","bundle_editable_in_cart":false,"bundle_sold_individually_context":"","bundle_item_grouping":"","bundle_min_size":"","bundle_max_size":"","bundle_price":[],"bundled_items":[],"bundle_sell_ids":[],"atum_controlled":true,"out_stock_date":null,"out_stock_threshold":null,"inheritable":true,"stock_on_hold":0,"sold_today":0,"sales_last_days":0,"out_stock_days":0,"lost_sales":0,"update_date":"2026-04-11T00:02:14","atum_locations":[],"atum_stock_status":"instock","restock_status":false,"low_stock_amount":"","sales_update_date":"2026-04-11T00:02:14","calc_backorders":null,"group_of_quantity":0,"min_quantity":0,"max_quantity":"","exclude_order_quantity_value_rules":"no","exclude_category_quantity_rules":"no","combine_variations":"no","yoast_head":"<!-- This site is optimized with the Yoast SEO Premium plugin v26.5 (Yoast SEO v26.5) - https:\/\/yoast.com\/wordpress\/plugins\/seo\/ -->\n<title>Vanilla Fusion Carrier Oil | Living Libations<\/title>\n<meta name=\"description\" content=\"Wij infuseren vanillebonen in gouden jojoba als onderdeel van ons uitgebreide formuleringsproces en bieden u nu deze overvloedige draagolie aan!\" \/>\n<meta name=\"robots\" content=\"index, follow, max-snippet:-1, max-image-preview:large, max-video-preview:-1\" \/>\n<link rel=\"canonical\" href=\"https:\/\/dutchhealthstore.com\/nl\/product\/vanilla-fusion-carrier-oil\/\" \/>\n<meta property=\"og:locale\" content=\"nl_NL\" \/>\n<meta property=\"og:type\" content=\"article\" \/>\n<meta property=\"og:title\" content=\"Vanilla Fusion Carrier Oil - Dutch Health Store\" \/>\n<meta property=\"og:description\" content=\"Wij infuseren vanillebonen in gouden jojoba als onderdeel van ons uitgebreide formuleringsproces en bieden u nu deze overvloedige draagolie aan!\" \/>\n<meta property=\"og:url\" content=\"https:\/\/dutchhealthstore.com\/nl\/product\/vanilla-fusion-carrier-oil\/\" \/>\n<meta property=\"og:site_name\" content=\"Dutch Health Store\" \/>\n<meta property=\"article:publisher\" content=\"https:\/\/www.instagram.com\/dutchhealthstore\/\" \/>\n<meta property=\"article:modified_time\" content=\"2024-07-31T09:16:44+00:00\" \/>\n<meta property=\"og:image\" content=\"https:\/\/dutchhealthstore.com\/wp-content\/uploads\/2018\/07\/Living-Libations-Vanilla-Fusion-Carrier-Oil-e1596442332668.png\" \/>\n\t<meta property=\"og:image:width\" content=\"500\" \/>\n\t<meta property=\"og:image:height\" content=\"498\" \/>\n\t<meta property=\"og:image:type\" content=\"image\/jpeg\" \/>\n<meta name=\"twitter:card\" content=\"summary_large_image\" \/>\n<meta name=\"twitter:label1\" content=\"Beschikbaarheid\" \/>\n\t<meta name=\"twitter:data1\" content=\"Op voorraad\" \/>\n<script type=\"application\/ld+json\" class=\"yoast-schema-graph\">{\"@context\":\"https:\/\/schema.org\",\"@graph\":[{\"@type\":\"WebPage\",\"@id\":\"https:\/\/dutchhealthstore.com\/nl\/product\/vanilla-fusion-carrier-oil\/\",\"url\":\"https:\/\/dutchhealthstore.com\/nl\/product\/vanilla-fusion-carrier-oil\/\",\"name\":\"Vanilla Fusion Carrier Oil | Living Libations\",\"isPartOf\":{\"@id\":\"https:\/\/dutchhealthstore.com\/nl\/#website\"},\"primaryImageOfPage\":{\"@id\":\"https:\/\/dutchhealthstore.com\/nl\/product\/vanilla-fusion-carrier-oil\/#primaryimage\"},\"image\":{\"@id\":\"https:\/\/dutchhealthstore.com\/nl\/product\/vanilla-fusion-carrier-oil\/#primaryimage\"},\"thumbnailUrl\":\"https:\/\/dutchhealthstore.com\/wp-content\/uploads\/2018\/07\/Living-Libations-Vanilla-Fusion-Carrier-Oil-e1596442332668.png\",\"datePublished\":\"2018-07-31T12:34:26+00:00\",\"dateModified\":\"2024-07-31T09:16:44+00:00\",\"description\":\"Wij infuseren vanillebonen in gouden jojoba als onderdeel van ons uitgebreide formuleringsproces en bieden u nu deze overvloedige draagolie aan!\",\"breadcrumb\":{\"@id\":\"https:\/\/dutchhealthstore.com\/nl\/product\/vanilla-fusion-carrier-oil\/#breadcrumb\"},\"inLanguage\":\"nl-NL\",\"potentialAction\":[{\"@type\":\"ReadAction\",\"target\":[\"https:\/\/dutchhealthstore.com\/nl\/product\/vanilla-fusion-carrier-oil\/\"]}]},{\"@type\":\"ImageObject\",\"inLanguage\":\"nl-NL\",\"@id\":\"https:\/\/dutchhealthstore.com\/nl\/product\/vanilla-fusion-carrier-oil\/#primaryimage\",\"url\":\"https:\/\/dutchhealthstore.com\/wp-content\/uploads\/2018\/07\/Living-Libations-Vanilla-Fusion-Carrier-Oil-e1596442332668.png\",\"contentUrl\":\"https:\/\/dutchhealthstore.com\/wp-content\/uploads\/2018\/07\/Living-Libations-Vanilla-Fusion-Carrier-Oil-e1596442332668.png\",\"width\":500,\"height\":498,\"caption\":\"Living Libations Vanilla Fusion Carrier Oil\"},{\"@type\":\"BreadcrumbList\",\"@id\":\"https:\/\/dutchhealthstore.com\/nl\/product\/vanilla-fusion-carrier-oil\/#breadcrumb\",\"itemListElement\":[{\"@type\":\"ListItem\",\"position\":1,\"name\":\"Home\",\"item\":\"https:\/\/dutchhealthstore.com\/nl\/\"},{\"@type\":\"ListItem\",\"position\":2,\"name\":\"Shop\",\"item\":\"https:\/\/dutchhealthstore.com\/nl\/shop\/\"},{\"@type\":\"ListItem\",\"position\":3,\"name\":\"Vanilla Fusion Carrier Oil\"}]},{\"@type\":\"WebSite\",\"@id\":\"https:\/\/dutchhealthstore.com\/nl\/#website\",\"url\":\"https:\/\/dutchhealthstore.com\/nl\/\",\"name\":\"Dutch Health Store\",\"description\":\"Enhance Your Beauty with Organic &amp; Natural Skincare\",\"publisher\":{\"@id\":\"https:\/\/dutchhealthstore.com\/nl\/#organization\"},\"potentialAction\":[{\"@type\":\"SearchAction\",\"target\":{\"@type\":\"EntryPoint\",\"urlTemplate\":\"https:\/\/dutchhealthstore.com\/nl\/?s={search_term_string}\"},\"query-input\":{\"@type\":\"PropertyValueSpecification\",\"valueRequired\":true,\"valueName\":\"search_term_string\"}}],\"inLanguage\":\"nl-NL\"},{\"@type\":\"Organization\",\"@id\":\"https:\/\/dutchhealthstore.com\/nl\/#organization\",\"name\":\"Dutch Health Store\",\"url\":\"https:\/\/dutchhealthstore.com\/nl\/\",\"logo\":{\"@type\":\"ImageObject\",\"inLanguage\":\"nl-NL\",\"@id\":\"https:\/\/dutchhealthstore.com\/nl\/#\/schema\/logo\/image\/\",\"url\":\"https:\/\/dutchhealthstore.com\/wp-content\/uploads\/2020\/08\/logo-dutchhealthstore-jpg-e1599484957574.jpg\",\"contentUrl\":\"https:\/\/dutchhealthstore.com\/wp-content\/uploads\/2020\/08\/logo-dutchhealthstore-jpg-e1599484957574.jpg\",\"width\":400,\"height\":62,\"caption\":\"Dutch Health Store\"},\"image\":{\"@id\":\"https:\/\/dutchhealthstore.com\/nl\/#\/schema\/logo\/image\/\"},\"sameAs\":[\"https:\/\/www.instagram.com\/dutchhealthstore\/\",\"https:\/\/www.facebook.com\/dutchhealthstore\"]}]}<\/script>\n<meta property=\"product:brand\" content=\"Living Libations\" \/>\n<meta property=\"og:availability\" content=\"instock\" \/>\n<meta property=\"product:availability\" content=\"instock\" \/>\n<meta property=\"product:condition\" content=\"new\" \/>\n<!-- \/ Yoast SEO Premium plugin. -->","yoast_head_json":{"title":"Vanilla Fusion Carrier Oil | Living Libations","description":"Wij infuseren vanillebonen in gouden jojoba als onderdeel van ons uitgebreide formuleringsproces en bieden u nu deze overvloedige draagolie aan!","robots":{"index":"index","follow":"follow","max-snippet":"max-snippet:-1","max-image-preview":"max-image-preview:large","max-video-preview":"max-video-preview:-1"},"canonical":"https:\/\/dutchhealthstore.com\/nl\/product\/vanilla-fusion-carrier-oil\/","og_locale":"nl_NL","og_type":"article","og_title":"Vanilla Fusion Carrier Oil - Dutch Health Store","og_description":"Wij infuseren vanillebonen in gouden jojoba als onderdeel van ons uitgebreide formuleringsproces en bieden u nu deze overvloedige draagolie aan!","og_url":"https:\/\/dutchhealthstore.com\/nl\/product\/vanilla-fusion-carrier-oil\/","og_site_name":"Dutch Health Store","article_publisher":"https:\/\/www.instagram.com\/dutchhealthstore\/","article_modified_time":"2024-07-31T09:16:44+00:00","og_image":[{"width":500,"height":498,"url":"https:\/\/dutchhealthstore.com\/wp-content\/uploads\/2018\/07\/Living-Libations-Vanilla-Fusion-Carrier-Oil-e1596442332668.png","type":"image\/jpeg"}],"twitter_card":"summary_large_image","twitter_misc":{"Beschikbaarheid":"Op voorraad"},"schema":{"@context":"https:\/\/schema.org","@graph":[{"@type":"WebPage","@id":"https:\/\/dutchhealthstore.com\/nl\/product\/vanilla-fusion-carrier-oil\/","url":"https:\/\/dutchhealthstore.com\/nl\/product\/vanilla-fusion-carrier-oil\/","name":"Vanilla Fusion Carrier Oil | Living Libations","isPartOf":{"@id":"https:\/\/dutchhealthstore.com\/nl\/#website"},"primaryImageOfPage":{"@id":"https:\/\/dutchhealthstore.com\/nl\/product\/vanilla-fusion-carrier-oil\/#primaryimage"},"image":{"@id":"https:\/\/dutchhealthstore.com\/nl\/product\/vanilla-fusion-carrier-oil\/#primaryimage"},"thumbnailUrl":"https:\/\/dutchhealthstore.com\/wp-content\/uploads\/2018\/07\/Living-Libations-Vanilla-Fusion-Carrier-Oil-e1596442332668.png","datePublished":"2018-07-31T12:34:26+00:00","dateModified":"2024-07-31T09:16:44+00:00","description":"Wij infuseren vanillebonen in gouden jojoba als onderdeel van ons uitgebreide formuleringsproces en bieden u nu deze overvloedige draagolie aan!","breadcrumb":{"@id":"https:\/\/dutchhealthstore.com\/nl\/product\/vanilla-fusion-carrier-oil\/#breadcrumb"},"inLanguage":"nl-NL","potentialAction":[{"@type":"ReadAction","target":["https:\/\/dutchhealthstore.com\/nl\/product\/vanilla-fusion-carrier-oil\/"]}]},{"@type":"ImageObject","inLanguage":"nl-NL","@id":"https:\/\/dutchhealthstore.com\/nl\/product\/vanilla-fusion-carrier-oil\/#primaryimage","url":"https:\/\/dutchhealthstore.com\/wp-content\/uploads\/2018\/07\/Living-Libations-Vanilla-Fusion-Carrier-Oil-e1596442332668.png","contentUrl":"https:\/\/dutchhealthstore.com\/wp-content\/uploads\/2018\/07\/Living-Libations-Vanilla-Fusion-Carrier-Oil-e1596442332668.png","width":500,"height":498,"caption":"Living Libations Vanilla Fusion Carrier Oil"},{"@type":"BreadcrumbList","@id":"https:\/\/dutchhealthstore.com\/nl\/product\/vanilla-fusion-carrier-oil\/#breadcrumb","itemListElement":[{"@type":"ListItem","position":1,"name":"Home","item":"https:\/\/dutchhealthstore.com\/nl\/"},{"@type":"ListItem","position":2,"name":"Shop","item":"https:\/\/dutchhealthstore.com\/nl\/shop\/"},{"@type":"ListItem","position":3,"name":"Vanilla Fusion Carrier Oil"}]},{"@type":"WebSite","@id":"https:\/\/dutchhealthstore.com\/nl\/#website","url":"https:\/\/dutchhealthstore.com\/nl\/","name":"Dutch Health Store","description":"Enhance Your Beauty with Organic &amp; Natural Skincare","publisher":{"@id":"https:\/\/dutchhealthstore.com\/nl\/#organization"},"potentialAction":[{"@type":"SearchAction","target":{"@type":"EntryPoint","urlTemplate":"https:\/\/dutchhealthstore.com\/nl\/?s={search_term_string}"},"query-input":{"@type":"PropertyValueSpecification","valueRequired":true,"valueName":"search_term_string"}}],"inLanguage":"nl-NL"},{"@type":"Organization","@id":"https:\/\/dutchhealthstore.com\/nl\/#organization","name":"Dutch Health Store","url":"https:\/\/dutchhealthstore.com\/nl\/","logo":{"@type":"ImageObject","inLanguage":"nl-NL","@id":"https:\/\/dutchhealthstore.com\/nl\/#\/schema\/logo\/image\/","url":"https:\/\/dutchhealthstore.com\/wp-content\/uploads\/2020\/08\/logo-dutchhealthstore-jpg-e1599484957574.jpg","contentUrl":"https:\/\/dutchhealthstore.com\/wp-content\/uploads\/2020\/08\/logo-dutchhealthstore-jpg-e1599484957574.jpg","width":400,"height":62,"caption":"Dutch Health Store"},"image":{"@id":"https:\/\/dutchhealthstore.com\/nl\/#\/schema\/logo\/image\/"},"sameAs":["https:\/\/www.instagram.com\/dutchhealthstore\/","https:\/\/www.facebook.com\/dutchhealthstore"]}]},"product_brand":"Living Libations","og_availability":"instock","product_availability":"instock","product_condition":"new"},"_links":{"self":[{"href":"https:\/\/dutchhealthstore.com\/nl\/wp-json\/wp\/v2\/product\/125133","targetHints":{"allow":["GET"]}}],"collection":[{"href":"https:\/\/dutchhealthstore.com\/nl\/wp-json\/wp\/v2\/product"}],"about":[{"href":"https:\/\/dutchhealthstore.com\/nl\/wp-json\/wp\/v2\/types\/product"}],"replies":[{"embeddable":true,"href":"https:\/\/dutchhealthstore.com\/nl\/wp-json\/wp\/v2\/comments?post=125133"}],"wp:featuredmedia":[{"embeddable":true,"href":"https:\/\/dutchhealthstore.com\/nl\/wp-json\/wp\/v2\/media\/117454"}],"wp:attachment":[{"href":"https:\/\/dutchhealthstore.com\/nl\/wp-json\/wp\/v2\/media?parent=125133"}],"wp:term":[{"taxonomy":"product_brand","embeddable":true,"href":"https:\/\/dutchhealthstore.com\/nl\/wp-json\/wp\/v2\/product_brand?post=125133"},{"taxonomy":"product_cat","embeddable":true,"href":"https:\/\/dutchhealthstore.com\/nl\/wp-json\/wp\/v2\/product_cat?post=125133"},{"taxonomy":"product_tag","embeddable":true,"href":"https:\/\/dutchhealthstore.com\/nl\/wp-json\/wp\/v2\/product_tag?post=125133"}],"curies":[{"name":"wp","href":"https:\/\/api.w.org\/{rel}","templated":true}]}}