{"id":125096,"date":"2018-05-04T08:19:56","date_gmt":"2018-05-04T06:19:56","guid":{"rendered":"https:\/\/dutchhealthstore.com\/product\/vanilla-essential-oil-living-libations\/"},"modified":"2025-07-24T20:10:34","modified_gmt":"2025-07-24T18:10:34","slug":"vanilla-essential-oil-living-libations","status":"publish","type":"product","link":"https:\/\/dutchhealthstore.com\/nl\/product\/vanilla-essential-oil-living-libations\/","title":{"rendered":"Vanilla Essential Oil"},"content":{"rendered":"<p><strong><img decoding=\"async\" class=\"alignright size-full wp-image-37041\" src=\"https:\/\/dutchhealthstore.com\/wp-content\/uploads\/2018\/04\/Living_Libations-1.png\" alt=\"Organic &amp; Natural Beautyproducts - Living Libations\" width=\"175\" height=\"82\">Botanische naam:<\/strong> Vanilla planifolia<br \/>\n<strong>Botanische naam:<\/strong> Orchidaceae<br \/>\n<strong>Extractiemethode: <\/strong>CO2 superkritische extractie<br \/>\n<strong>Deel van de plant Gedistilleerd:<\/strong> Boon<br \/>\n<strong>Land van herkomst: <\/strong>Oeganda<br \/>\n<strong>Teeltmethode:<\/strong> Organisch<br \/>\n<strong>Geur beschrijving: <\/strong>Rijk, zoet, balsamico en romig.<br \/>\n<strong>Samenstelling:<\/strong> 100% Vanille planifolia<br \/>\n<strong>Consistentie:<\/strong> Dik en soms kristallijn.<\/p>\n<a href=\"https:\/\/dutchhealthstore.com\/wp-content\/uploads\/2018\/05\/ESSENTIAL-OIL-ANALYSIS-Vanilla-Essential-Oil-Living-Libations.pdf\" class=\"button success is-success is-medium\"  >\n\t\t<span>ANALYSE VAN ETHERISCHE OLI\u00cbN &gt;<\/span>\n\t<\/a>\n\n<h3>In Living Libations<\/h3>\n<p>Chamomile Vanilla Lover Lips, Love Wine, Night Flight to Venus, Fire Lily, Being Free is Lots of Fun, Roses Shining Everywhere, Radiant Earth of Deep Delight, Radiant Earth Poetic Pits, Radiant Love Butter, Languid Love Butter, Lucky Love Butter, Love Lotion, en Garden Perfume.<\/p>\n<h3>Mengt goed met<\/h3>\n<p>Jasmijn, Vetiver, Nardus, Patchouli, Sandelhout, Neroli, Bloedsinaasappel, Kaneel, Gember, Kardemom, Lavendel, Marjolein, Bergamot, Citroen, Tonkaboon, Rozen en Tuberoos.<\/p>\n<h3>Gebruikt<\/h3>\n<p>Culinaire creaties. Huidverzorgings serums. Sleepytime elixers en diffuser mengsels. Sensuele liefdesdrankjes. Het belangrijkste in bloemblaadjesparfums. Diaphanous in diffusors.<\/p>\n<h3>Contra-indicaties<\/h3>\n<p>Onverdund of geconcentreerd is het voor sommige huiden gevoelig.<\/p>\n<h3>Pro Tip<\/h3>\n<p>Vanille is dik en romig en kristalliseert vaak bij koude; gewoon verwarmen en schudden om de kristallijne olie samen te voegen en dan, indien gewenst, mengen met jojoba of een andere essenti\u00eble olie om gemakkelijk te kunnen gieten.<\/p>\n<p>Vanilla Essential Oil wordt meestal gevonden als een &#8220;absolute&#8221; of solvent-ge\u00ebxtraheerde oleohars, maar onze onge\u00ebvenaarde CO2 distillatie cre\u00ebert een volledig zuiver en natuurlijk krachtig product. Onze oplosmiddelvrije Vanilla Essential Oil is perfect voor parfums, liefdeslotions, en zuiver genoeg om in de keuken te gebruiken. Verdun in virgin kokosolie en voeg een druppel toe aan smoothies, honing, het maken van chocolade en desserts. De zoete geur inspireert een warm gevoel van nostalgie.<\/p>\n<p>Vanilla Essential Oil wordt door sommigen beschouwd als de natuurlijke geur die het meest lijkt op moedermelk.<\/p>\n<p><strong>Inhoud: 5 ml<\/strong><\/p>\n<h3>Organische Ingredi\u00ebnten<\/h3>\n<p>100% vanille (Vanilla planifolia) etherische olie.<\/p>\n<p style=\"text-align: center;\"><em>&#8220;De parfumeur is veel dank verschuldigd aan vanille&#8230; niet alleen geeft het een zoete en aangename geur, maar het is ongewoon duurzaam en daarom uitstekend geschikt om een geur te &#8220;fixeren&#8221;.&#8221;<\/em><br \/>\n~ Jill Jesse, <strong>Perfume Album<\/strong><\/p>\n<p style=\"text-align: center;\"><em>&#8220;Een tijdlang werd hij betoverd door de wind die vage geuren van vanillevelden verspreidt, en zag hoe de hangende kolibrie zich vastklampte aan de wiegende bloem, als een gouden ding.&#8221;<\/em><br \/>\n~ Frederick William Faber<\/p>\n<p><img fetchpriority=\"high\" decoding=\"async\" class=\"size-medium wp-image-68103 aligncenter\" src=\"https:\/\/dutchhealthstore.com\/wp-content\/uploads\/2018\/02\/Living-Libations-Organic-Logo-800x89.png\" alt=\"Living Libations - Organic Logo\" width=\"800\" height=\"89\" srcset=\"https:\/\/dutchhealthstore.com\/wp-content\/uploads\/2018\/02\/Living-Libations-Organic-Logo-800x89.png 800w, https:\/\/dutchhealthstore.com\/wp-content\/uploads\/2018\/02\/Living-Libations-Organic-Logo-510x57.png 510w, https:\/\/dutchhealthstore.com\/wp-content\/uploads\/2018\/02\/Living-Libations-Organic-Logo-768x85.png 768w, https:\/\/dutchhealthstore.com\/wp-content\/uploads\/2018\/02\/Living-Libations-Organic-Logo.png 1400w\" sizes=\"(max-width: 800px) 100vw, 800px\" \/><\/p>\n","protected":false},"excerpt":{"rendered":"<p>Diaphanous, droomachtig en heerlijk, <strong>Vanilla Essential Oil<\/strong>, is een pure, krachtige superkritische extract gedistilleerd uit de fluweelachtige innerlijke orchidee-nectar van de Oegandese vanilleboon.<br \/>\nDeze olie is meer dan 200 keer geconcentreerder dan het typische vanille-extract dat in de keuken wordt gebruikt.<br \/>\nDe hoge potentie ervan zegent ons met een rijke, dikke, romige essenti\u00eble olie die goddelijk ruikt en altijd charmeert.<\/p>\n","protected":false},"featured_media":117462,"comment_status":"open","ping_status":"closed","template":"","meta":[],"product_brand":[],"product_cat":[1506,2465,6731,1208,1006,510,6730],"product_tag":[4496],"class_list":{"0":"post-125096","1":"product","2":"type-product","3":"status-publish","4":"has-post-thumbnail","6":"product_cat-essentiele-olien-living-libations","7":"product_cat-etherische-olien","8":"product_cat-essential-oils-nl","9":"product_cat-living-libations-nederland","10":"product_cat-merken","11":"product_cat-shop-winkel","12":"product_cat-wellness-nl","13":"product_tag-essential-oil-nl","14":"pa_brand-livinglibations-nl","15":"pa_essential-oils-product-type-essential-oils-nl","16":"pa_size-2-5-ml-nl","18":"first","19":"instock","20":"taxable","21":"shipping-taxable","22":"purchasable","23":"product-type-simple"},"bundled_by":[],"bundle_stock_status":"instock","bundle_stock_quantity":3,"bundle_virtual":false,"bundle_layout":"","bundle_add_to_cart_form_location":"","bundle_editable_in_cart":false,"bundle_sold_individually_context":"","bundle_item_grouping":"","bundle_min_size":"","bundle_max_size":"","bundle_price":[],"bundled_items":[],"bundle_sell_ids":[],"atum_controlled":true,"out_stock_date":null,"out_stock_threshold":null,"inheritable":false,"stock_on_hold":0,"sold_today":0,"sales_last_days":0,"out_stock_days":0,"lost_sales":0,"update_date":"2026-04-09T11:39:44","atum_locations":[],"atum_stock_status":"instock","restock_status":false,"low_stock_amount":"","sales_update_date":"2026-04-09T11:39:44","calc_backorders":null,"group_of_quantity":0,"min_quantity":0,"max_quantity":"","exclude_order_quantity_value_rules":"no","exclude_category_quantity_rules":"no","combine_variations":"no","yoast_head":"<!-- This site is optimized with the Yoast SEO Premium plugin v26.5 (Yoast SEO v26.5) - https:\/\/yoast.com\/wordpress\/plugins\/seo\/ -->\n<title>Vanilla Essential Oil | Living Libations<\/title>\n<meta name=\"description\" content=\"Vanilla Essential Oil, is een zuiver, krachtig superkritisch extract gedistilleerd uit de fluweelzachte binnenste orchidee\u00ebnschacht van de Oegandese vanilleboon.\" \/>\n<meta name=\"robots\" content=\"index, follow, max-snippet:-1, max-image-preview:large, max-video-preview:-1\" \/>\n<link rel=\"canonical\" href=\"https:\/\/dutchhealthstore.com\/nl\/product\/vanilla-essential-oil-living-libations\/\" \/>\n<meta property=\"og:locale\" content=\"nl_NL\" \/>\n<meta property=\"og:type\" content=\"article\" \/>\n<meta property=\"og:title\" content=\"Vanilla Essential Oil - Dutch Health Store\" \/>\n<meta property=\"og:description\" content=\"Vanilla Essential Oil, is een zuiver, krachtig superkritisch extract gedistilleerd uit de fluweelzachte binnenste orchidee\u00ebnschacht van de Oegandese vanilleboon.\" \/>\n<meta property=\"og:url\" content=\"https:\/\/dutchhealthstore.com\/nl\/product\/vanilla-essential-oil-living-libations\/\" \/>\n<meta property=\"og:site_name\" content=\"Dutch Health Store\" \/>\n<meta property=\"article:publisher\" content=\"https:\/\/www.instagram.com\/dutchhealthstore\/\" \/>\n<meta property=\"article:modified_time\" content=\"2025-07-24T18:10:34+00:00\" \/>\n<meta property=\"og:image\" content=\"https:\/\/dutchhealthstore.com\/wp-content\/uploads\/2018\/05\/Living-Libations-Vanilla-Essential-Oil-e1596442820250.png\" \/>\n\t<meta property=\"og:image:width\" content=\"500\" \/>\n\t<meta property=\"og:image:height\" content=\"499\" \/>\n\t<meta property=\"og:image:type\" content=\"image\/jpeg\" \/>\n<meta name=\"twitter:card\" content=\"summary_large_image\" \/>\n<meta name=\"twitter:label1\" content=\"Prijs\" \/>\n\t<meta name=\"twitter:data1\" content=\"&euro;90,00\" \/>\n\t<meta name=\"twitter:label2\" content=\"Beschikbaarheid\" \/>\n\t<meta name=\"twitter:data2\" content=\"Op voorraad\" \/>\n<script type=\"application\/ld+json\" class=\"yoast-schema-graph\">{\"@context\":\"https:\/\/schema.org\",\"@graph\":[{\"@type\":\"WebPage\",\"@id\":\"https:\/\/dutchhealthstore.com\/nl\/product\/vanilla-essential-oil-living-libations\/\",\"url\":\"https:\/\/dutchhealthstore.com\/nl\/product\/vanilla-essential-oil-living-libations\/\",\"name\":\"Vanilla Essential Oil | Living Libations\",\"isPartOf\":{\"@id\":\"https:\/\/dutchhealthstore.com\/nl\/#website\"},\"primaryImageOfPage\":{\"@id\":\"https:\/\/dutchhealthstore.com\/nl\/product\/vanilla-essential-oil-living-libations\/#primaryimage\"},\"image\":{\"@id\":\"https:\/\/dutchhealthstore.com\/nl\/product\/vanilla-essential-oil-living-libations\/#primaryimage\"},\"thumbnailUrl\":\"https:\/\/dutchhealthstore.com\/wp-content\/uploads\/2018\/05\/Living-Libations-Vanilla-Essential-Oil-e1596442820250.png\",\"datePublished\":\"2018-05-04T06:19:56+00:00\",\"dateModified\":\"2025-07-24T18:10:34+00:00\",\"description\":\"Vanilla Essential Oil, is een zuiver, krachtig superkritisch extract gedistilleerd uit de fluweelzachte binnenste orchidee\u00ebnschacht van de Oegandese vanilleboon.\",\"breadcrumb\":{\"@id\":\"https:\/\/dutchhealthstore.com\/nl\/product\/vanilla-essential-oil-living-libations\/#breadcrumb\"},\"inLanguage\":\"nl-NL\",\"potentialAction\":[{\"@type\":\"ReadAction\",\"target\":[\"https:\/\/dutchhealthstore.com\/nl\/product\/vanilla-essential-oil-living-libations\/\"]}]},{\"@type\":\"ImageObject\",\"inLanguage\":\"nl-NL\",\"@id\":\"https:\/\/dutchhealthstore.com\/nl\/product\/vanilla-essential-oil-living-libations\/#primaryimage\",\"url\":\"https:\/\/dutchhealthstore.com\/wp-content\/uploads\/2018\/05\/Living-Libations-Vanilla-Essential-Oil-e1596442820250.png\",\"contentUrl\":\"https:\/\/dutchhealthstore.com\/wp-content\/uploads\/2018\/05\/Living-Libations-Vanilla-Essential-Oil-e1596442820250.png\",\"width\":500,\"height\":499,\"caption\":\"Vanilla Essential Oil Living Libations\"},{\"@type\":\"BreadcrumbList\",\"@id\":\"https:\/\/dutchhealthstore.com\/nl\/product\/vanilla-essential-oil-living-libations\/#breadcrumb\",\"itemListElement\":[{\"@type\":\"ListItem\",\"position\":1,\"name\":\"Home\",\"item\":\"https:\/\/dutchhealthstore.com\/nl\/\"},{\"@type\":\"ListItem\",\"position\":2,\"name\":\"Shop\",\"item\":\"https:\/\/dutchhealthstore.com\/nl\/shop\/\"},{\"@type\":\"ListItem\",\"position\":3,\"name\":\"Vanilla Essential Oil\"}]},{\"@type\":\"WebSite\",\"@id\":\"https:\/\/dutchhealthstore.com\/nl\/#website\",\"url\":\"https:\/\/dutchhealthstore.com\/nl\/\",\"name\":\"Dutch Health Store\",\"description\":\"Enhance Your Beauty with Organic &amp; Natural Skincare\",\"publisher\":{\"@id\":\"https:\/\/dutchhealthstore.com\/nl\/#organization\"},\"potentialAction\":[{\"@type\":\"SearchAction\",\"target\":{\"@type\":\"EntryPoint\",\"urlTemplate\":\"https:\/\/dutchhealthstore.com\/nl\/?s={search_term_string}\"},\"query-input\":{\"@type\":\"PropertyValueSpecification\",\"valueRequired\":true,\"valueName\":\"search_term_string\"}}],\"inLanguage\":\"nl-NL\"},{\"@type\":\"Organization\",\"@id\":\"https:\/\/dutchhealthstore.com\/nl\/#organization\",\"name\":\"Dutch Health Store\",\"url\":\"https:\/\/dutchhealthstore.com\/nl\/\",\"logo\":{\"@type\":\"ImageObject\",\"inLanguage\":\"nl-NL\",\"@id\":\"https:\/\/dutchhealthstore.com\/nl\/#\/schema\/logo\/image\/\",\"url\":\"https:\/\/dutchhealthstore.com\/wp-content\/uploads\/2020\/08\/logo-dutchhealthstore-jpg-e1599484957574.jpg\",\"contentUrl\":\"https:\/\/dutchhealthstore.com\/wp-content\/uploads\/2020\/08\/logo-dutchhealthstore-jpg-e1599484957574.jpg\",\"width\":400,\"height\":62,\"caption\":\"Dutch Health Store\"},\"image\":{\"@id\":\"https:\/\/dutchhealthstore.com\/nl\/#\/schema\/logo\/image\/\"},\"sameAs\":[\"https:\/\/www.instagram.com\/dutchhealthstore\/\",\"https:\/\/www.facebook.com\/dutchhealthstore\"]}]}<\/script>\n<meta property=\"product:brand\" content=\"Living Libations\" \/>\n<meta property=\"product:price:amount\" content=\"90.00\" \/>\n<meta property=\"product:price:currency\" content=\"EUR\" \/>\n<meta property=\"og:availability\" content=\"instock\" \/>\n<meta property=\"product:availability\" content=\"instock\" \/>\n<meta property=\"product:condition\" content=\"new\" \/>\n<!-- \/ Yoast SEO Premium plugin. -->","yoast_head_json":{"title":"Vanilla Essential Oil | Living Libations","description":"Vanilla Essential Oil, is een zuiver, krachtig superkritisch extract gedistilleerd uit de fluweelzachte binnenste orchidee\u00ebnschacht van de Oegandese vanilleboon.","robots":{"index":"index","follow":"follow","max-snippet":"max-snippet:-1","max-image-preview":"max-image-preview:large","max-video-preview":"max-video-preview:-1"},"canonical":"https:\/\/dutchhealthstore.com\/nl\/product\/vanilla-essential-oil-living-libations\/","og_locale":"nl_NL","og_type":"article","og_title":"Vanilla Essential Oil - Dutch Health Store","og_description":"Vanilla Essential Oil, is een zuiver, krachtig superkritisch extract gedistilleerd uit de fluweelzachte binnenste orchidee\u00ebnschacht van de Oegandese vanilleboon.","og_url":"https:\/\/dutchhealthstore.com\/nl\/product\/vanilla-essential-oil-living-libations\/","og_site_name":"Dutch Health Store","article_publisher":"https:\/\/www.instagram.com\/dutchhealthstore\/","article_modified_time":"2025-07-24T18:10:34+00:00","og_image":[{"width":500,"height":499,"url":"https:\/\/dutchhealthstore.com\/wp-content\/uploads\/2018\/05\/Living-Libations-Vanilla-Essential-Oil-e1596442820250.png","type":"image\/jpeg"}],"twitter_card":"summary_large_image","twitter_misc":{"Prijs":"&euro;90,00","Beschikbaarheid":"Op voorraad"},"schema":{"@context":"https:\/\/schema.org","@graph":[{"@type":"WebPage","@id":"https:\/\/dutchhealthstore.com\/nl\/product\/vanilla-essential-oil-living-libations\/","url":"https:\/\/dutchhealthstore.com\/nl\/product\/vanilla-essential-oil-living-libations\/","name":"Vanilla Essential Oil | Living Libations","isPartOf":{"@id":"https:\/\/dutchhealthstore.com\/nl\/#website"},"primaryImageOfPage":{"@id":"https:\/\/dutchhealthstore.com\/nl\/product\/vanilla-essential-oil-living-libations\/#primaryimage"},"image":{"@id":"https:\/\/dutchhealthstore.com\/nl\/product\/vanilla-essential-oil-living-libations\/#primaryimage"},"thumbnailUrl":"https:\/\/dutchhealthstore.com\/wp-content\/uploads\/2018\/05\/Living-Libations-Vanilla-Essential-Oil-e1596442820250.png","datePublished":"2018-05-04T06:19:56+00:00","dateModified":"2025-07-24T18:10:34+00:00","description":"Vanilla Essential Oil, is een zuiver, krachtig superkritisch extract gedistilleerd uit de fluweelzachte binnenste orchidee\u00ebnschacht van de Oegandese vanilleboon.","breadcrumb":{"@id":"https:\/\/dutchhealthstore.com\/nl\/product\/vanilla-essential-oil-living-libations\/#breadcrumb"},"inLanguage":"nl-NL","potentialAction":[{"@type":"ReadAction","target":["https:\/\/dutchhealthstore.com\/nl\/product\/vanilla-essential-oil-living-libations\/"]}]},{"@type":"ImageObject","inLanguage":"nl-NL","@id":"https:\/\/dutchhealthstore.com\/nl\/product\/vanilla-essential-oil-living-libations\/#primaryimage","url":"https:\/\/dutchhealthstore.com\/wp-content\/uploads\/2018\/05\/Living-Libations-Vanilla-Essential-Oil-e1596442820250.png","contentUrl":"https:\/\/dutchhealthstore.com\/wp-content\/uploads\/2018\/05\/Living-Libations-Vanilla-Essential-Oil-e1596442820250.png","width":500,"height":499,"caption":"Vanilla Essential Oil Living Libations"},{"@type":"BreadcrumbList","@id":"https:\/\/dutchhealthstore.com\/nl\/product\/vanilla-essential-oil-living-libations\/#breadcrumb","itemListElement":[{"@type":"ListItem","position":1,"name":"Home","item":"https:\/\/dutchhealthstore.com\/nl\/"},{"@type":"ListItem","position":2,"name":"Shop","item":"https:\/\/dutchhealthstore.com\/nl\/shop\/"},{"@type":"ListItem","position":3,"name":"Vanilla Essential Oil"}]},{"@type":"WebSite","@id":"https:\/\/dutchhealthstore.com\/nl\/#website","url":"https:\/\/dutchhealthstore.com\/nl\/","name":"Dutch Health Store","description":"Enhance Your Beauty with Organic &amp; Natural Skincare","publisher":{"@id":"https:\/\/dutchhealthstore.com\/nl\/#organization"},"potentialAction":[{"@type":"SearchAction","target":{"@type":"EntryPoint","urlTemplate":"https:\/\/dutchhealthstore.com\/nl\/?s={search_term_string}"},"query-input":{"@type":"PropertyValueSpecification","valueRequired":true,"valueName":"search_term_string"}}],"inLanguage":"nl-NL"},{"@type":"Organization","@id":"https:\/\/dutchhealthstore.com\/nl\/#organization","name":"Dutch Health Store","url":"https:\/\/dutchhealthstore.com\/nl\/","logo":{"@type":"ImageObject","inLanguage":"nl-NL","@id":"https:\/\/dutchhealthstore.com\/nl\/#\/schema\/logo\/image\/","url":"https:\/\/dutchhealthstore.com\/wp-content\/uploads\/2020\/08\/logo-dutchhealthstore-jpg-e1599484957574.jpg","contentUrl":"https:\/\/dutchhealthstore.com\/wp-content\/uploads\/2020\/08\/logo-dutchhealthstore-jpg-e1599484957574.jpg","width":400,"height":62,"caption":"Dutch Health Store"},"image":{"@id":"https:\/\/dutchhealthstore.com\/nl\/#\/schema\/logo\/image\/"},"sameAs":["https:\/\/www.instagram.com\/dutchhealthstore\/","https:\/\/www.facebook.com\/dutchhealthstore"]}]},"product_brand":"Living Libations","product_price_amount":"90.00","product_price_currency":"EUR","og_availability":"instock","product_availability":"instock","product_condition":"new"},"_links":{"self":[{"href":"https:\/\/dutchhealthstore.com\/nl\/wp-json\/wp\/v2\/product\/125096","targetHints":{"allow":["GET"]}}],"collection":[{"href":"https:\/\/dutchhealthstore.com\/nl\/wp-json\/wp\/v2\/product"}],"about":[{"href":"https:\/\/dutchhealthstore.com\/nl\/wp-json\/wp\/v2\/types\/product"}],"replies":[{"embeddable":true,"href":"https:\/\/dutchhealthstore.com\/nl\/wp-json\/wp\/v2\/comments?post=125096"}],"wp:featuredmedia":[{"embeddable":true,"href":"https:\/\/dutchhealthstore.com\/nl\/wp-json\/wp\/v2\/media\/117462"}],"wp:attachment":[{"href":"https:\/\/dutchhealthstore.com\/nl\/wp-json\/wp\/v2\/media?parent=125096"}],"wp:term":[{"taxonomy":"product_brand","embeddable":true,"href":"https:\/\/dutchhealthstore.com\/nl\/wp-json\/wp\/v2\/product_brand?post=125096"},{"taxonomy":"product_cat","embeddable":true,"href":"https:\/\/dutchhealthstore.com\/nl\/wp-json\/wp\/v2\/product_cat?post=125096"},{"taxonomy":"product_tag","embeddable":true,"href":"https:\/\/dutchhealthstore.com\/nl\/wp-json\/wp\/v2\/product_tag?post=125096"}],"curies":[{"name":"wp","href":"https:\/\/api.w.org\/{rel}","templated":true}]}}