{"id":124958,"date":"2018-02-10T20:58:56","date_gmt":"2018-02-10T19:58:56","guid":{"rendered":"https:\/\/dutchhealthstore.com\/product\/tamanu-organic-oil\/"},"modified":"2026-01-22T10:41:29","modified_gmt":"2026-01-22T09:41:29","slug":"tamanu-organic-oil","status":"publish","type":"product","link":"https:\/\/dutchhealthstore.com\/nl\/product\/tamanu-organic-oil\/","title":{"rendered":"Tamanu Carrier Oil"},"content":{"rendered":"<p><strong><img decoding=\"async\" class=\"size-full wp-image-69549 alignright\" src=\"https:\/\/dutchhealthstore.com\/wp-content\/uploads\/2019\/08\/NEW-Living-Libations-Logo.jpg\" alt=\"NEW - Living Libations - Logo\" width=\"175\" height=\"82\">Botanische naam:<\/strong> Calophyllum inophyllum<br \/>\n<strong>Botanische familie:<\/strong> Calophyllacea<br \/>\n<strong>Extractiemethode:<\/strong> Koud geperst<br \/>\n<strong>Deel van de plant Gedistilleerd:<\/strong> Noten<br \/>\n<strong>Land van herkomst:<\/strong> Madagaskar<br \/>\n<strong>Teeltmethode:<\/strong> Wild en gecertificeerd biologisch<br \/>\n<strong>Samenstelling:<\/strong> 100% Calophyllum inophyllum<br \/>\n<strong>Consistentie:<\/strong> Medium<\/p>\n<h3>Geur Beschrijving<\/h3>\n<p>Goed afgerond en onderscheidend met rijke, aangenaam geurende tonen van pralines en room, salie en fruit.<\/p>\n<h3>In Living Libations<\/h3>\n<p>Seabuckthorn Best Skin Ever, Everybody Loves the Sunshine.<\/p>\n<h3>Mengt goed met<\/h3>\n<p>Bergamot, Ravensara, Frankincense, Lavendel, Marjolein, Palmarosa, Oregano, Citroen, Immortelle, Ylang, Zoete Tijm en Roos.<\/p>\n<h3>Gebruikt<\/h3>\n<p>Uitstekend puur toegepast met essenti\u00eble oli\u00ebn of 5-20% verdund met jojoba.<\/p>\n<h3>Bestanddelen<\/h3>\n<p>Glycolipiden en fosfolipiden en calofylzuur.<\/p>\n<p>Tamanu-draagolie, ook bekend als Foraha, wordt koud geperst uit de pitten van de vrucht van de Calophyllum inophyllum-boom die inheems is in Polynesi\u00eb. De pitten zelf produceren geen olie totdat ze minstens een maand in de zon zijn gedroogd, waarna ze een kleverig-zoete olie produceren die een voedende nectar is voor de huid. In Fiji gebruikt de inheemse bevolking Tamanu al eeuwenlang voor een sublieme huidverzorging.<\/p>\n<p>Deze biologische olie is meer dan alleen een draagolie, want ze bevat zowel vette als aromatische oli\u00ebn en zit boordevol voedende voordelen, waaronder heerlijke lipiden en een feest van vetzuren. Het extreem hoge lipidegehalte (92%) maakt de huid voller. Tamanu bevat ook een hoog gehalte aan een uniek essentieel vetzuur dat roodheid, melasma, littekens, fijne lijntjes en de huidtextuur vermindert. De huid zal zich terugtrekken als Tamanu het epitheel aanraakt. Wanneer de schat van Tamanu verder wordt versterkt met de kracht van essenti\u00eble oli\u00ebn, komen al deze heilzame plantaardige stoffen samen om een van de meest voedende, voedselrijke draagoli\u00ebn ter wereld te cre\u00ebren.<\/p>\n<h3>Organische Ingredi\u00ebnten<\/h3>\n<p>100% tamanu (Calophyllum inophyllum) biologische olie.<\/p>\n<p style=\"text-align: center;\"><em>&#8220;Overal waar de Calophyllum inophyllum boom groeit, wordt olie uit de zaden van de boom gebruikt als volksmiddel. De boom komt voor aan de oostkust van Afrika en in Madagaskar, India, Zuidoost-Azi\u00eb, de Polynesische eilanden en de Hawa\u00ef-eilanden. &#8230; De donkergroene opalescente olie, in Madagaskar bekend als foraha olie, heeft een aangenaam, ingetogen, licht plantaardig aroma. &#8230; In de afgelopen decennia heeft de moderne geneeskunde de voordelen van Calophyllum inophyllum ontdekt.&#8221;<\/em><br \/>\n~ George Halpern, <strong>The Essential Oils of Madagascar<\/strong><\/p>\n<p><img fetchpriority=\"high\" decoding=\"async\" class=\"size-medium wp-image-68103 aligncenter\" src=\"https:\/\/dutchhealthstore.com\/wp-content\/uploads\/2018\/02\/Living-Libations-Organic-Logo-800x89.png\" alt=\"Living Libations - Organic Logo\" width=\"800\" height=\"89\" srcset=\"https:\/\/dutchhealthstore.com\/wp-content\/uploads\/2018\/02\/Living-Libations-Organic-Logo-800x89.png 800w, https:\/\/dutchhealthstore.com\/wp-content\/uploads\/2018\/02\/Living-Libations-Organic-Logo-510x57.png 510w, https:\/\/dutchhealthstore.com\/wp-content\/uploads\/2018\/02\/Living-Libations-Organic-Logo-768x85.png 768w, https:\/\/dutchhealthstore.com\/wp-content\/uploads\/2018\/02\/Living-Libations-Organic-Logo.png 1400w\" sizes=\"(max-width: 800px) 100vw, 800px\" \/><\/p>\n","protected":false},"excerpt":{"rendered":"<p><strong>Tamanu-olie<\/strong> zit boordevol voedende bestanddelen, waaronder lipiden, vetzuren en ontstekingsremmende stoffen. De belangrijkste lipiden in Tamanu-olie zijn glycolipiden, die gezonde huidcellen versterken, fosfolipiden, die de huidcellen versterken en flexibeler maken, en neutrale lipiden, die de vorming van gezonde membranen bevorderen. Tamanu bevat ook veel calofylzuur, een essentieel vetzuur waarvan is aangetoond dat het bacteri\u00ebn bestrijdt, ontstekingen vermindert en zelfs Staphylococcus aureus remt. Tamanu is uniek in zijn absorptievermogen: het brengt vocht tot diep in de huidlagen om littekens, brandwonden en wonden van binnenuit te genezen.<\/p>\n","protected":false},"featured_media":28155,"comment_status":"open","ping_status":"closed","template":"","meta":[],"product_brand":[],"product_cat":[6750,3742,1506,6731,6638,1208,1006,5001,510,6730],"product_tag":[4496],"class_list":{"0":"post-124958","1":"product","2":"type-product","3":"status-publish","4":"has-post-thumbnail","6":"product_cat-babies-pregnancy-nl-2","7":"product_cat-draagolie","8":"product_cat-essentiele-olien-living-libations","9":"product_cat-essential-oils-nl","10":"product_cat-family-nl","11":"product_cat-living-libations-nederland","12":"product_cat-merken","13":"product_cat-by-collections-nl-2","14":"product_cat-shop-winkel","15":"product_cat-wellness-nl","16":"product_tag-essential-oil-nl","17":"pa_brand-livinglibations-nl","18":"pa_essential-oils-product-type-carrier-oils-nl","19":"pa_essential-oils-product-type-essential-oils-nl","20":"pa_size-15-ml-nl","21":"pa_size-30-ml-nl","23":"first","24":"instock","25":"taxable","26":"shipping-taxable","27":"purchasable","28":"product-type-variable"},"bundled_by":[],"bundle_stock_status":"instock","bundle_stock_quantity":null,"bundle_virtual":false,"bundle_layout":"","bundle_add_to_cart_form_location":"","bundle_editable_in_cart":false,"bundle_sold_individually_context":"","bundle_item_grouping":"","bundle_min_size":"","bundle_max_size":"","bundle_price":[],"bundled_items":[],"bundle_sell_ids":[],"atum_controlled":true,"out_stock_date":null,"out_stock_threshold":null,"inheritable":true,"stock_on_hold":0,"sold_today":0,"sales_last_days":0,"out_stock_days":0,"lost_sales":0,"update_date":"2026-04-07T06:57:36","atum_locations":[],"atum_stock_status":"instock","restock_status":false,"low_stock_amount":"","sales_update_date":"2026-04-07T06:57:36","calc_backorders":null,"group_of_quantity":0,"min_quantity":0,"max_quantity":"","exclude_order_quantity_value_rules":"no","exclude_category_quantity_rules":"no","combine_variations":"no","yoast_head":"<!-- This site is optimized with the Yoast SEO Premium plugin v26.5 (Yoast SEO v26.5) - https:\/\/yoast.com\/wordpress\/plugins\/seo\/ -->\n<title>Tamanu Organic Oil | Living Libations<\/title>\n<meta name=\"description\" content=\"Tamanu is uniek in zijn absorptievermogen: het brengt vocht tot diep in de huidlagen om littekens, brandwonden en wonden van binnenuit te genezen.\" \/>\n<meta name=\"robots\" content=\"index, follow, max-snippet:-1, max-image-preview:large, max-video-preview:-1\" \/>\n<link rel=\"canonical\" href=\"https:\/\/dutchhealthstore.com\/nl\/product\/tamanu-organic-oil\/\" \/>\n<meta property=\"og:locale\" content=\"nl_NL\" \/>\n<meta property=\"og:type\" content=\"article\" \/>\n<meta property=\"og:title\" content=\"Tamanu Carrier Oil - Dutch Health Store\" \/>\n<meta property=\"og:description\" content=\"Tamanu is uniek in zijn absorptievermogen: het brengt vocht tot diep in de huidlagen om littekens, brandwonden en wonden van binnenuit te genezen.\" \/>\n<meta property=\"og:url\" content=\"https:\/\/dutchhealthstore.com\/nl\/product\/tamanu-organic-oil\/\" \/>\n<meta property=\"og:site_name\" content=\"Dutch Health Store\" \/>\n<meta property=\"article:publisher\" content=\"https:\/\/www.instagram.com\/dutchhealthstore\/\" \/>\n<meta property=\"article:modified_time\" content=\"2026-01-22T09:41:29+00:00\" \/>\n<meta property=\"og:image\" content=\"https:\/\/dutchhealthstore.com\/wp-content\/uploads\/2018\/02\/Tamanu_Organic_Oil_Living_Libations-1.jpg\" \/>\n\t<meta property=\"og:image:width\" content=\"500\" \/>\n\t<meta property=\"og:image:height\" content=\"500\" \/>\n\t<meta property=\"og:image:type\" content=\"image\/jpeg\" \/>\n<meta name=\"twitter:card\" content=\"summary_large_image\" \/>\n<meta name=\"twitter:label1\" content=\"Beschikbaarheid\" \/>\n\t<meta name=\"twitter:data1\" content=\"Op voorraad\" \/>\n<script type=\"application\/ld+json\" class=\"yoast-schema-graph\">{\"@context\":\"https:\/\/schema.org\",\"@graph\":[{\"@type\":\"WebPage\",\"@id\":\"https:\/\/dutchhealthstore.com\/nl\/product\/tamanu-organic-oil\/\",\"url\":\"https:\/\/dutchhealthstore.com\/nl\/product\/tamanu-organic-oil\/\",\"name\":\"Tamanu Organic Oil | Living Libations\",\"isPartOf\":{\"@id\":\"https:\/\/dutchhealthstore.com\/nl\/#website\"},\"primaryImageOfPage\":{\"@id\":\"https:\/\/dutchhealthstore.com\/nl\/product\/tamanu-organic-oil\/#primaryimage\"},\"image\":{\"@id\":\"https:\/\/dutchhealthstore.com\/nl\/product\/tamanu-organic-oil\/#primaryimage\"},\"thumbnailUrl\":\"https:\/\/dutchhealthstore.com\/wp-content\/uploads\/2018\/02\/Tamanu_Organic_Oil_Living_Libations-1.jpg\",\"datePublished\":\"2018-02-10T19:58:56+00:00\",\"dateModified\":\"2026-01-22T09:41:29+00:00\",\"description\":\"Tamanu is uniek in zijn absorptievermogen: het brengt vocht tot diep in de huidlagen om littekens, brandwonden en wonden van binnenuit te genezen.\",\"breadcrumb\":{\"@id\":\"https:\/\/dutchhealthstore.com\/nl\/product\/tamanu-organic-oil\/#breadcrumb\"},\"inLanguage\":\"nl-NL\",\"potentialAction\":[{\"@type\":\"ReadAction\",\"target\":[\"https:\/\/dutchhealthstore.com\/nl\/product\/tamanu-organic-oil\/\"]}]},{\"@type\":\"ImageObject\",\"inLanguage\":\"nl-NL\",\"@id\":\"https:\/\/dutchhealthstore.com\/nl\/product\/tamanu-organic-oil\/#primaryimage\",\"url\":\"https:\/\/dutchhealthstore.com\/wp-content\/uploads\/2018\/02\/Tamanu_Organic_Oil_Living_Libations-1.jpg\",\"contentUrl\":\"https:\/\/dutchhealthstore.com\/wp-content\/uploads\/2018\/02\/Tamanu_Organic_Oil_Living_Libations-1.jpg\",\"width\":500,\"height\":500},{\"@type\":\"BreadcrumbList\",\"@id\":\"https:\/\/dutchhealthstore.com\/nl\/product\/tamanu-organic-oil\/#breadcrumb\",\"itemListElement\":[{\"@type\":\"ListItem\",\"position\":1,\"name\":\"Home\",\"item\":\"https:\/\/dutchhealthstore.com\/nl\/\"},{\"@type\":\"ListItem\",\"position\":2,\"name\":\"Shop\",\"item\":\"https:\/\/dutchhealthstore.com\/nl\/shop\/\"},{\"@type\":\"ListItem\",\"position\":3,\"name\":\"Tamanu Carrier Oil\"}]},{\"@type\":\"WebSite\",\"@id\":\"https:\/\/dutchhealthstore.com\/nl\/#website\",\"url\":\"https:\/\/dutchhealthstore.com\/nl\/\",\"name\":\"Dutch Health Store\",\"description\":\"Enhance Your Beauty with Organic &amp; Natural Skincare\",\"publisher\":{\"@id\":\"https:\/\/dutchhealthstore.com\/nl\/#organization\"},\"potentialAction\":[{\"@type\":\"SearchAction\",\"target\":{\"@type\":\"EntryPoint\",\"urlTemplate\":\"https:\/\/dutchhealthstore.com\/nl\/?s={search_term_string}\"},\"query-input\":{\"@type\":\"PropertyValueSpecification\",\"valueRequired\":true,\"valueName\":\"search_term_string\"}}],\"inLanguage\":\"nl-NL\"},{\"@type\":\"Organization\",\"@id\":\"https:\/\/dutchhealthstore.com\/nl\/#organization\",\"name\":\"Dutch Health Store\",\"url\":\"https:\/\/dutchhealthstore.com\/nl\/\",\"logo\":{\"@type\":\"ImageObject\",\"inLanguage\":\"nl-NL\",\"@id\":\"https:\/\/dutchhealthstore.com\/nl\/#\/schema\/logo\/image\/\",\"url\":\"https:\/\/dutchhealthstore.com\/wp-content\/uploads\/2020\/08\/logo-dutchhealthstore-jpg-e1599484957574.jpg\",\"contentUrl\":\"https:\/\/dutchhealthstore.com\/wp-content\/uploads\/2020\/08\/logo-dutchhealthstore-jpg-e1599484957574.jpg\",\"width\":400,\"height\":62,\"caption\":\"Dutch Health Store\"},\"image\":{\"@id\":\"https:\/\/dutchhealthstore.com\/nl\/#\/schema\/logo\/image\/\"},\"sameAs\":[\"https:\/\/www.instagram.com\/dutchhealthstore\/\",\"https:\/\/www.facebook.com\/dutchhealthstore\"]}]}<\/script>\n<meta property=\"product:brand\" content=\"Living Libations\" \/>\n<meta property=\"og:availability\" content=\"instock\" \/>\n<meta property=\"product:availability\" content=\"instock\" \/>\n<meta property=\"product:condition\" content=\"new\" \/>\n<!-- \/ Yoast SEO Premium plugin. -->","yoast_head_json":{"title":"Tamanu Organic Oil | Living Libations","description":"Tamanu is uniek in zijn absorptievermogen: het brengt vocht tot diep in de huidlagen om littekens, brandwonden en wonden van binnenuit te genezen.","robots":{"index":"index","follow":"follow","max-snippet":"max-snippet:-1","max-image-preview":"max-image-preview:large","max-video-preview":"max-video-preview:-1"},"canonical":"https:\/\/dutchhealthstore.com\/nl\/product\/tamanu-organic-oil\/","og_locale":"nl_NL","og_type":"article","og_title":"Tamanu Carrier Oil - Dutch Health Store","og_description":"Tamanu is uniek in zijn absorptievermogen: het brengt vocht tot diep in de huidlagen om littekens, brandwonden en wonden van binnenuit te genezen.","og_url":"https:\/\/dutchhealthstore.com\/nl\/product\/tamanu-organic-oil\/","og_site_name":"Dutch Health Store","article_publisher":"https:\/\/www.instagram.com\/dutchhealthstore\/","article_modified_time":"2026-01-22T09:41:29+00:00","og_image":[{"width":500,"height":500,"url":"https:\/\/dutchhealthstore.com\/wp-content\/uploads\/2018\/02\/Tamanu_Organic_Oil_Living_Libations-1.jpg","type":"image\/jpeg"}],"twitter_card":"summary_large_image","twitter_misc":{"Beschikbaarheid":"Op voorraad"},"schema":{"@context":"https:\/\/schema.org","@graph":[{"@type":"WebPage","@id":"https:\/\/dutchhealthstore.com\/nl\/product\/tamanu-organic-oil\/","url":"https:\/\/dutchhealthstore.com\/nl\/product\/tamanu-organic-oil\/","name":"Tamanu Organic Oil | Living Libations","isPartOf":{"@id":"https:\/\/dutchhealthstore.com\/nl\/#website"},"primaryImageOfPage":{"@id":"https:\/\/dutchhealthstore.com\/nl\/product\/tamanu-organic-oil\/#primaryimage"},"image":{"@id":"https:\/\/dutchhealthstore.com\/nl\/product\/tamanu-organic-oil\/#primaryimage"},"thumbnailUrl":"https:\/\/dutchhealthstore.com\/wp-content\/uploads\/2018\/02\/Tamanu_Organic_Oil_Living_Libations-1.jpg","datePublished":"2018-02-10T19:58:56+00:00","dateModified":"2026-01-22T09:41:29+00:00","description":"Tamanu is uniek in zijn absorptievermogen: het brengt vocht tot diep in de huidlagen om littekens, brandwonden en wonden van binnenuit te genezen.","breadcrumb":{"@id":"https:\/\/dutchhealthstore.com\/nl\/product\/tamanu-organic-oil\/#breadcrumb"},"inLanguage":"nl-NL","potentialAction":[{"@type":"ReadAction","target":["https:\/\/dutchhealthstore.com\/nl\/product\/tamanu-organic-oil\/"]}]},{"@type":"ImageObject","inLanguage":"nl-NL","@id":"https:\/\/dutchhealthstore.com\/nl\/product\/tamanu-organic-oil\/#primaryimage","url":"https:\/\/dutchhealthstore.com\/wp-content\/uploads\/2018\/02\/Tamanu_Organic_Oil_Living_Libations-1.jpg","contentUrl":"https:\/\/dutchhealthstore.com\/wp-content\/uploads\/2018\/02\/Tamanu_Organic_Oil_Living_Libations-1.jpg","width":500,"height":500},{"@type":"BreadcrumbList","@id":"https:\/\/dutchhealthstore.com\/nl\/product\/tamanu-organic-oil\/#breadcrumb","itemListElement":[{"@type":"ListItem","position":1,"name":"Home","item":"https:\/\/dutchhealthstore.com\/nl\/"},{"@type":"ListItem","position":2,"name":"Shop","item":"https:\/\/dutchhealthstore.com\/nl\/shop\/"},{"@type":"ListItem","position":3,"name":"Tamanu Carrier Oil"}]},{"@type":"WebSite","@id":"https:\/\/dutchhealthstore.com\/nl\/#website","url":"https:\/\/dutchhealthstore.com\/nl\/","name":"Dutch Health Store","description":"Enhance Your Beauty with Organic &amp; Natural Skincare","publisher":{"@id":"https:\/\/dutchhealthstore.com\/nl\/#organization"},"potentialAction":[{"@type":"SearchAction","target":{"@type":"EntryPoint","urlTemplate":"https:\/\/dutchhealthstore.com\/nl\/?s={search_term_string}"},"query-input":{"@type":"PropertyValueSpecification","valueRequired":true,"valueName":"search_term_string"}}],"inLanguage":"nl-NL"},{"@type":"Organization","@id":"https:\/\/dutchhealthstore.com\/nl\/#organization","name":"Dutch Health Store","url":"https:\/\/dutchhealthstore.com\/nl\/","logo":{"@type":"ImageObject","inLanguage":"nl-NL","@id":"https:\/\/dutchhealthstore.com\/nl\/#\/schema\/logo\/image\/","url":"https:\/\/dutchhealthstore.com\/wp-content\/uploads\/2020\/08\/logo-dutchhealthstore-jpg-e1599484957574.jpg","contentUrl":"https:\/\/dutchhealthstore.com\/wp-content\/uploads\/2020\/08\/logo-dutchhealthstore-jpg-e1599484957574.jpg","width":400,"height":62,"caption":"Dutch Health Store"},"image":{"@id":"https:\/\/dutchhealthstore.com\/nl\/#\/schema\/logo\/image\/"},"sameAs":["https:\/\/www.instagram.com\/dutchhealthstore\/","https:\/\/www.facebook.com\/dutchhealthstore"]}]},"product_brand":"Living Libations","og_availability":"instock","product_availability":"instock","product_condition":"new"},"_links":{"self":[{"href":"https:\/\/dutchhealthstore.com\/nl\/wp-json\/wp\/v2\/product\/124958","targetHints":{"allow":["GET"]}}],"collection":[{"href":"https:\/\/dutchhealthstore.com\/nl\/wp-json\/wp\/v2\/product"}],"about":[{"href":"https:\/\/dutchhealthstore.com\/nl\/wp-json\/wp\/v2\/types\/product"}],"replies":[{"embeddable":true,"href":"https:\/\/dutchhealthstore.com\/nl\/wp-json\/wp\/v2\/comments?post=124958"}],"wp:featuredmedia":[{"embeddable":true,"href":"https:\/\/dutchhealthstore.com\/nl\/wp-json\/wp\/v2\/media\/28155"}],"wp:attachment":[{"href":"https:\/\/dutchhealthstore.com\/nl\/wp-json\/wp\/v2\/media?parent=124958"}],"wp:term":[{"taxonomy":"product_brand","embeddable":true,"href":"https:\/\/dutchhealthstore.com\/nl\/wp-json\/wp\/v2\/product_brand?post=124958"},{"taxonomy":"product_cat","embeddable":true,"href":"https:\/\/dutchhealthstore.com\/nl\/wp-json\/wp\/v2\/product_cat?post=124958"},{"taxonomy":"product_tag","embeddable":true,"href":"https:\/\/dutchhealthstore.com\/nl\/wp-json\/wp\/v2\/product_tag?post=124958"}],"curies":[{"name":"wp","href":"https:\/\/api.w.org\/{rel}","templated":true}]}}