{"id":123369,"date":"2020-06-15T13:52:39","date_gmt":"2020-06-15T11:52:39","guid":{"rendered":"https:\/\/dutchhealthstore.com\/product\/saw-palmetto-berry-essential-oil\/"},"modified":"2025-12-23T09:39:00","modified_gmt":"2025-12-23T08:39:00","slug":"saw-palmetto-berry-essential-oil","status":"publish","type":"product","link":"https:\/\/dutchhealthstore.com\/nl\/product\/saw-palmetto-berry-essential-oil\/","title":{"rendered":"Saw Palmetto Berry Essential Oil"},"content":{"rendered":"<p><img decoding=\"async\" class=\"size-full wp-image-69549 alignright\" src=\"https:\/\/dutchhealthstore.com\/wp-content\/uploads\/2019\/08\/NEW-Living-Libations-Logo.jpg\" alt=\"NEW - Living Libations - Logo\" width=\"175\" height=\"82\"><strong>Botanische naam:<\/strong> Sabal serulata<br \/>\n<strong>Botanische familie:<\/strong> Arecaceae<br \/>\n<strong>Extractiemethode:<\/strong> CO2<br \/>\n<strong>Deel van de plant Gedistilleerd:<\/strong> Bessen<br \/>\n<strong>Land van herkomst:<\/strong> Verenigde Staten<br \/>\n<strong>Kweekmethode:<\/strong> Wild gekweekt<br \/>\n<strong>Samenstelling:<\/strong> 100% Sabal serrulata<br \/>\n<strong>Consistentie:<\/strong> Medium dik<\/p>\n<h3>Geur Beschrijving<\/h3>\n<p>Frisse, prikkelende bessen met een vleugje bosbessen.<\/p>\n<h3>Mengt goed met<\/h3>\n<p>Rozemarijn, Grapefruit, Duindoorn, Kurkuma, Salie, Wierook, Citroen, Hyssop, Marjolein, Lavendel, Ylang, Bergamot, Fragonia, Clary Sage en Pepermunt.<\/p>\n<h3>Gebruikt<\/h3>\n<p>Culinaire creaties. Superieur tonicum voor huid en haar. Balans mannelijke energie. Stimulerende hoofdhuid massage olie. Mooi als lichaamsolie en kan worden toegevoegd aan een Best Skin Ever.<\/p>\n<p>Zegepalm werd voor het eerst gebruikt door de Indianen, die de bessen verzamelden om er tonic voor mannen van te maken. Amerikaanse kolonisten volgden al snel, en vandaag de dag blijft het de favoriete tonic van Europeanen die hun mannelijke energie in balans willen brengen.<\/p>\n<p>Saw Palmetto Berry Essential Oil is een elegant elixer voor de huid en bevat veel van dezelfde voordelen en liefdevolle lipiden als duindoornolie. Net als duindoorn houdt het het vochtgehalte van de huid stabiel en aangenaam vol, verbetert het de uitstraling van een wijze huid en werpt het een schild tegen de ruwheid van het dagelijkse leven.<\/p>\n<p><strong>Grootte: 5 ml en 15 ml<\/strong><\/p>\n<h3>Organische Ingredi\u00ebnten<\/h3>\n<p>100% zaagpalmbes (Sabal serulata) essenti\u00eble olie.<\/p>\n<p style=\"text-align: center;\"><em>&#8220;Dr. Moerck adviseert zaagpalmolie (superkritisch CO2 extract). Kwaliteit is uiterst belangrijk&#8230; Volgens hem is superkritische CO2 extractie de schoonste extractiemethode die momenteel bekend is, afgezien van het eten van het voedsel in zijn geheel. En hoe hoger de gebruikte druk, hoe meer micronutri\u00ebnten er in de olie achterblijven, zoals lute\u00efne, lycopeen, zeaxanthine en chlorofyl. De meest hoogwaardige producten zijn de organische superkritisch ge\u00ebxtraheerde zaagpalmoli\u00ebn, die zeer donkergroen van kleur zijn.&#8221;<\/em><br \/>\n~ Joe Mercola<\/p>\n<p>&nbsp;<\/p>\n<p><img fetchpriority=\"high\" decoding=\"async\" class=\"size-medium wp-image-68103 aligncenter\" src=\"https:\/\/dutchhealthstore.com\/wp-content\/uploads\/2018\/02\/Living-Libations-Organic-Logo-800x89.png\" alt=\"Living Libations - Organic Logo\" width=\"800\" height=\"89\" srcset=\"https:\/\/dutchhealthstore.com\/wp-content\/uploads\/2018\/02\/Living-Libations-Organic-Logo-800x89.png 800w, https:\/\/dutchhealthstore.com\/wp-content\/uploads\/2018\/02\/Living-Libations-Organic-Logo-510x57.png 510w, https:\/\/dutchhealthstore.com\/wp-content\/uploads\/2018\/02\/Living-Libations-Organic-Logo-768x85.png 768w, https:\/\/dutchhealthstore.com\/wp-content\/uploads\/2018\/02\/Living-Libations-Organic-Logo.png 1400w\" sizes=\"(max-width: 800px) 100vw, 800px\" \/><\/p>\n","protected":false},"excerpt":{"rendered":"<p><strong>Saw Palmetto Berry Essential Oil<\/strong> wordt gemaakt door superkritische extractie, waardoor een opmerkelijk rijke olie van hoge kwaliteit ontstaat. Dit extract van zegepalm, een heerlijk lipide-ingredi\u00ebnt in de huidverzorging, is vervaardigd met behulp van de beste extractiemethode om alle heilzame lipofiele fytosterolen van de olie te behouden.<\/p>\n","protected":false},"featured_media":107201,"comment_status":"open","ping_status":"closed","template":"","meta":[],"product_brand":[],"product_cat":[6731,1506,2465,1208,1006,6730],"product_tag":[4496],"class_list":{"0":"post-123369","1":"product","2":"type-product","3":"status-publish","4":"has-post-thumbnail","6":"product_cat-essential-oils-nl","7":"product_cat-essentiele-olien-living-libations","8":"product_cat-etherische-olien","9":"product_cat-living-libations-nederland","10":"product_cat-merken","11":"product_cat-wellness-nl","12":"product_tag-essential-oil-nl","13":"pa_brand-livinglibations-nl","14":"pa_essential-oils-product-type-essential-oils-nl","15":"pa_size-5-ml-nl","16":"pa_size-15-ml-nl","18":"first","19":"instock","20":"taxable","21":"shipping-taxable","22":"purchasable","23":"product-type-variable"},"bundled_by":[],"bundle_stock_status":"instock","bundle_stock_quantity":null,"bundle_virtual":false,"bundle_layout":"","bundle_add_to_cart_form_location":"","bundle_editable_in_cart":false,"bundle_sold_individually_context":"","bundle_item_grouping":"","bundle_min_size":"","bundle_max_size":"","bundle_price":[],"bundled_items":[],"bundle_sell_ids":[],"atum_controlled":true,"out_stock_date":null,"out_stock_threshold":null,"inheritable":true,"stock_on_hold":0,"sold_today":0,"sales_last_days":0,"out_stock_days":0,"lost_sales":0,"update_date":"2026-04-02T01:44:13","atum_locations":[],"atum_stock_status":"instock","restock_status":false,"low_stock_amount":"","sales_update_date":"2026-04-02T01:44:13","calc_backorders":null,"group_of_quantity":0,"min_quantity":0,"max_quantity":"","exclude_order_quantity_value_rules":"no","exclude_category_quantity_rules":"no","combine_variations":"no","yoast_head":"<!-- This site is optimized with the Yoast SEO Premium plugin v26.5 (Yoast SEO v26.5) - https:\/\/yoast.com\/wordpress\/plugins\/seo\/ -->\n<title>Saw Palmetto Berry Essential Oil | Living Libations<\/title>\n<meta name=\"description\" content=\"Saw Palmetto Berry Essential Oil wordt gemaakt door superkritische extractie, waardoor een opmerkelijk rijke olie van hoge kwaliteit ontstaat.\" \/>\n<meta name=\"robots\" content=\"index, follow, max-snippet:-1, max-image-preview:large, max-video-preview:-1\" \/>\n<link rel=\"canonical\" href=\"https:\/\/dutchhealthstore.com\/nl\/product\/saw-palmetto-berry-essential-oil\/\" \/>\n<meta property=\"og:locale\" content=\"nl_NL\" \/>\n<meta property=\"og:type\" content=\"article\" \/>\n<meta property=\"og:title\" content=\"Saw Palmetto Berry Essential Oil - Dutch Health Store\" \/>\n<meta property=\"og:description\" content=\"Saw Palmetto Berry Essential Oil wordt gemaakt door superkritische extractie, waardoor een opmerkelijk rijke olie van hoge kwaliteit ontstaat.\" \/>\n<meta property=\"og:url\" content=\"https:\/\/dutchhealthstore.com\/nl\/product\/saw-palmetto-berry-essential-oil\/\" \/>\n<meta property=\"og:site_name\" content=\"Dutch Health Store\" \/>\n<meta property=\"article:publisher\" content=\"https:\/\/www.instagram.com\/dutchhealthstore\/\" \/>\n<meta property=\"article:modified_time\" content=\"2025-12-23T08:39:00+00:00\" \/>\n<meta property=\"og:image\" content=\"https:\/\/dutchhealthstore.com\/wp-content\/uploads\/2020\/06\/living-libations-saw-palmetto-berry-essential-oil-e1592229294294.jpg\" \/>\n\t<meta property=\"og:image:width\" content=\"500\" \/>\n\t<meta property=\"og:image:height\" content=\"500\" \/>\n\t<meta property=\"og:image:type\" content=\"image\/jpeg\" \/>\n<meta name=\"twitter:card\" content=\"summary_large_image\" \/>\n<meta name=\"twitter:label1\" content=\"Beschikbaarheid\" \/>\n\t<meta name=\"twitter:data1\" content=\"Op voorraad\" \/>\n<script type=\"application\/ld+json\" class=\"yoast-schema-graph\">{\"@context\":\"https:\/\/schema.org\",\"@graph\":[{\"@type\":\"WebPage\",\"@id\":\"https:\/\/dutchhealthstore.com\/nl\/product\/saw-palmetto-berry-essential-oil\/\",\"url\":\"https:\/\/dutchhealthstore.com\/nl\/product\/saw-palmetto-berry-essential-oil\/\",\"name\":\"Saw Palmetto Berry Essential Oil | Living Libations\",\"isPartOf\":{\"@id\":\"https:\/\/dutchhealthstore.com\/nl\/#website\"},\"primaryImageOfPage\":{\"@id\":\"https:\/\/dutchhealthstore.com\/nl\/product\/saw-palmetto-berry-essential-oil\/#primaryimage\"},\"image\":{\"@id\":\"https:\/\/dutchhealthstore.com\/nl\/product\/saw-palmetto-berry-essential-oil\/#primaryimage\"},\"thumbnailUrl\":\"https:\/\/dutchhealthstore.com\/wp-content\/uploads\/2020\/06\/living-libations-saw-palmetto-berry-essential-oil-e1592229294294.jpg\",\"datePublished\":\"2020-06-15T11:52:39+00:00\",\"dateModified\":\"2025-12-23T08:39:00+00:00\",\"description\":\"Saw Palmetto Berry Essential Oil wordt gemaakt door superkritische extractie, waardoor een opmerkelijk rijke olie van hoge kwaliteit ontstaat.\",\"breadcrumb\":{\"@id\":\"https:\/\/dutchhealthstore.com\/nl\/product\/saw-palmetto-berry-essential-oil\/#breadcrumb\"},\"inLanguage\":\"nl-NL\",\"potentialAction\":[{\"@type\":\"ReadAction\",\"target\":[\"https:\/\/dutchhealthstore.com\/nl\/product\/saw-palmetto-berry-essential-oil\/\"]}]},{\"@type\":\"ImageObject\",\"inLanguage\":\"nl-NL\",\"@id\":\"https:\/\/dutchhealthstore.com\/nl\/product\/saw-palmetto-berry-essential-oil\/#primaryimage\",\"url\":\"https:\/\/dutchhealthstore.com\/wp-content\/uploads\/2020\/06\/living-libations-saw-palmetto-berry-essential-oil-e1592229294294.jpg\",\"contentUrl\":\"https:\/\/dutchhealthstore.com\/wp-content\/uploads\/2020\/06\/living-libations-saw-palmetto-berry-essential-oil-e1592229294294.jpg\",\"width\":500,\"height\":500},{\"@type\":\"BreadcrumbList\",\"@id\":\"https:\/\/dutchhealthstore.com\/nl\/product\/saw-palmetto-berry-essential-oil\/#breadcrumb\",\"itemListElement\":[{\"@type\":\"ListItem\",\"position\":1,\"name\":\"Home\",\"item\":\"https:\/\/dutchhealthstore.com\/nl\/\"},{\"@type\":\"ListItem\",\"position\":2,\"name\":\"Shop\",\"item\":\"https:\/\/dutchhealthstore.com\/nl\/shop\/\"},{\"@type\":\"ListItem\",\"position\":3,\"name\":\"Saw Palmetto Berry Essential Oil\"}]},{\"@type\":\"WebSite\",\"@id\":\"https:\/\/dutchhealthstore.com\/nl\/#website\",\"url\":\"https:\/\/dutchhealthstore.com\/nl\/\",\"name\":\"Dutch Health Store\",\"description\":\"Enhance Your Beauty with Organic &amp; Natural Skincare\",\"publisher\":{\"@id\":\"https:\/\/dutchhealthstore.com\/nl\/#organization\"},\"potentialAction\":[{\"@type\":\"SearchAction\",\"target\":{\"@type\":\"EntryPoint\",\"urlTemplate\":\"https:\/\/dutchhealthstore.com\/nl\/?s={search_term_string}\"},\"query-input\":{\"@type\":\"PropertyValueSpecification\",\"valueRequired\":true,\"valueName\":\"search_term_string\"}}],\"inLanguage\":\"nl-NL\"},{\"@type\":\"Organization\",\"@id\":\"https:\/\/dutchhealthstore.com\/nl\/#organization\",\"name\":\"Dutch Health Store\",\"url\":\"https:\/\/dutchhealthstore.com\/nl\/\",\"logo\":{\"@type\":\"ImageObject\",\"inLanguage\":\"nl-NL\",\"@id\":\"https:\/\/dutchhealthstore.com\/nl\/#\/schema\/logo\/image\/\",\"url\":\"https:\/\/dutchhealthstore.com\/wp-content\/uploads\/2020\/08\/logo-dutchhealthstore-jpg-e1599484957574.jpg\",\"contentUrl\":\"https:\/\/dutchhealthstore.com\/wp-content\/uploads\/2020\/08\/logo-dutchhealthstore-jpg-e1599484957574.jpg\",\"width\":400,\"height\":62,\"caption\":\"Dutch Health Store\"},\"image\":{\"@id\":\"https:\/\/dutchhealthstore.com\/nl\/#\/schema\/logo\/image\/\"},\"sameAs\":[\"https:\/\/www.instagram.com\/dutchhealthstore\/\",\"https:\/\/www.facebook.com\/dutchhealthstore\"]}]}<\/script>\n<meta property=\"product:brand\" content=\"Living Libations\" \/>\n<meta property=\"og:availability\" content=\"instock\" \/>\n<meta property=\"product:availability\" content=\"instock\" \/>\n<meta property=\"product:condition\" content=\"new\" \/>\n<!-- \/ Yoast SEO Premium plugin. -->","yoast_head_json":{"title":"Saw Palmetto Berry Essential Oil | Living Libations","description":"Saw Palmetto Berry Essential Oil wordt gemaakt door superkritische extractie, waardoor een opmerkelijk rijke olie van hoge kwaliteit ontstaat.","robots":{"index":"index","follow":"follow","max-snippet":"max-snippet:-1","max-image-preview":"max-image-preview:large","max-video-preview":"max-video-preview:-1"},"canonical":"https:\/\/dutchhealthstore.com\/nl\/product\/saw-palmetto-berry-essential-oil\/","og_locale":"nl_NL","og_type":"article","og_title":"Saw Palmetto Berry Essential Oil - Dutch Health Store","og_description":"Saw Palmetto Berry Essential Oil wordt gemaakt door superkritische extractie, waardoor een opmerkelijk rijke olie van hoge kwaliteit ontstaat.","og_url":"https:\/\/dutchhealthstore.com\/nl\/product\/saw-palmetto-berry-essential-oil\/","og_site_name":"Dutch Health Store","article_publisher":"https:\/\/www.instagram.com\/dutchhealthstore\/","article_modified_time":"2025-12-23T08:39:00+00:00","og_image":[{"width":500,"height":500,"url":"https:\/\/dutchhealthstore.com\/wp-content\/uploads\/2020\/06\/living-libations-saw-palmetto-berry-essential-oil-e1592229294294.jpg","type":"image\/jpeg"}],"twitter_card":"summary_large_image","twitter_misc":{"Beschikbaarheid":"Op voorraad"},"schema":{"@context":"https:\/\/schema.org","@graph":[{"@type":"WebPage","@id":"https:\/\/dutchhealthstore.com\/nl\/product\/saw-palmetto-berry-essential-oil\/","url":"https:\/\/dutchhealthstore.com\/nl\/product\/saw-palmetto-berry-essential-oil\/","name":"Saw Palmetto Berry Essential Oil | Living Libations","isPartOf":{"@id":"https:\/\/dutchhealthstore.com\/nl\/#website"},"primaryImageOfPage":{"@id":"https:\/\/dutchhealthstore.com\/nl\/product\/saw-palmetto-berry-essential-oil\/#primaryimage"},"image":{"@id":"https:\/\/dutchhealthstore.com\/nl\/product\/saw-palmetto-berry-essential-oil\/#primaryimage"},"thumbnailUrl":"https:\/\/dutchhealthstore.com\/wp-content\/uploads\/2020\/06\/living-libations-saw-palmetto-berry-essential-oil-e1592229294294.jpg","datePublished":"2020-06-15T11:52:39+00:00","dateModified":"2025-12-23T08:39:00+00:00","description":"Saw Palmetto Berry Essential Oil wordt gemaakt door superkritische extractie, waardoor een opmerkelijk rijke olie van hoge kwaliteit ontstaat.","breadcrumb":{"@id":"https:\/\/dutchhealthstore.com\/nl\/product\/saw-palmetto-berry-essential-oil\/#breadcrumb"},"inLanguage":"nl-NL","potentialAction":[{"@type":"ReadAction","target":["https:\/\/dutchhealthstore.com\/nl\/product\/saw-palmetto-berry-essential-oil\/"]}]},{"@type":"ImageObject","inLanguage":"nl-NL","@id":"https:\/\/dutchhealthstore.com\/nl\/product\/saw-palmetto-berry-essential-oil\/#primaryimage","url":"https:\/\/dutchhealthstore.com\/wp-content\/uploads\/2020\/06\/living-libations-saw-palmetto-berry-essential-oil-e1592229294294.jpg","contentUrl":"https:\/\/dutchhealthstore.com\/wp-content\/uploads\/2020\/06\/living-libations-saw-palmetto-berry-essential-oil-e1592229294294.jpg","width":500,"height":500},{"@type":"BreadcrumbList","@id":"https:\/\/dutchhealthstore.com\/nl\/product\/saw-palmetto-berry-essential-oil\/#breadcrumb","itemListElement":[{"@type":"ListItem","position":1,"name":"Home","item":"https:\/\/dutchhealthstore.com\/nl\/"},{"@type":"ListItem","position":2,"name":"Shop","item":"https:\/\/dutchhealthstore.com\/nl\/shop\/"},{"@type":"ListItem","position":3,"name":"Saw Palmetto Berry Essential Oil"}]},{"@type":"WebSite","@id":"https:\/\/dutchhealthstore.com\/nl\/#website","url":"https:\/\/dutchhealthstore.com\/nl\/","name":"Dutch Health Store","description":"Enhance Your Beauty with Organic &amp; Natural Skincare","publisher":{"@id":"https:\/\/dutchhealthstore.com\/nl\/#organization"},"potentialAction":[{"@type":"SearchAction","target":{"@type":"EntryPoint","urlTemplate":"https:\/\/dutchhealthstore.com\/nl\/?s={search_term_string}"},"query-input":{"@type":"PropertyValueSpecification","valueRequired":true,"valueName":"search_term_string"}}],"inLanguage":"nl-NL"},{"@type":"Organization","@id":"https:\/\/dutchhealthstore.com\/nl\/#organization","name":"Dutch Health Store","url":"https:\/\/dutchhealthstore.com\/nl\/","logo":{"@type":"ImageObject","inLanguage":"nl-NL","@id":"https:\/\/dutchhealthstore.com\/nl\/#\/schema\/logo\/image\/","url":"https:\/\/dutchhealthstore.com\/wp-content\/uploads\/2020\/08\/logo-dutchhealthstore-jpg-e1599484957574.jpg","contentUrl":"https:\/\/dutchhealthstore.com\/wp-content\/uploads\/2020\/08\/logo-dutchhealthstore-jpg-e1599484957574.jpg","width":400,"height":62,"caption":"Dutch Health Store"},"image":{"@id":"https:\/\/dutchhealthstore.com\/nl\/#\/schema\/logo\/image\/"},"sameAs":["https:\/\/www.instagram.com\/dutchhealthstore\/","https:\/\/www.facebook.com\/dutchhealthstore"]}]},"product_brand":"Living Libations","og_availability":"instock","product_availability":"instock","product_condition":"new"},"_links":{"self":[{"href":"https:\/\/dutchhealthstore.com\/nl\/wp-json\/wp\/v2\/product\/123369","targetHints":{"allow":["GET"]}}],"collection":[{"href":"https:\/\/dutchhealthstore.com\/nl\/wp-json\/wp\/v2\/product"}],"about":[{"href":"https:\/\/dutchhealthstore.com\/nl\/wp-json\/wp\/v2\/types\/product"}],"replies":[{"embeddable":true,"href":"https:\/\/dutchhealthstore.com\/nl\/wp-json\/wp\/v2\/comments?post=123369"}],"wp:featuredmedia":[{"embeddable":true,"href":"https:\/\/dutchhealthstore.com\/nl\/wp-json\/wp\/v2\/media\/107201"}],"wp:attachment":[{"href":"https:\/\/dutchhealthstore.com\/nl\/wp-json\/wp\/v2\/media?parent=123369"}],"wp:term":[{"taxonomy":"product_brand","embeddable":true,"href":"https:\/\/dutchhealthstore.com\/nl\/wp-json\/wp\/v2\/product_brand?post=123369"},{"taxonomy":"product_cat","embeddable":true,"href":"https:\/\/dutchhealthstore.com\/nl\/wp-json\/wp\/v2\/product_cat?post=123369"},{"taxonomy":"product_tag","embeddable":true,"href":"https:\/\/dutchhealthstore.com\/nl\/wp-json\/wp\/v2\/product_tag?post=123369"}],"curies":[{"name":"wp","href":"https:\/\/api.w.org\/{rel}","templated":true}]}}