{"id":123352,"date":"2020-06-25T13:36:53","date_gmt":"2020-06-25T11:36:53","guid":{"rendered":"https:\/\/dutchhealthstore.com\/product\/sandalwood-royal-hawaiian-essential-oil\/"},"modified":"2024-07-18T09:10:57","modified_gmt":"2024-07-18T07:10:57","slug":"sandalwood-royal-hawaiian-essential-oil","status":"publish","type":"product","link":"https:\/\/dutchhealthstore.com\/nl\/product\/sandalwood-royal-hawaiian-essential-oil\/","title":{"rendered":"Sandalwood, Royal Hawaiian Essential Oil"},"content":{"rendered":"<h3><img decoding=\"async\" class=\"size-full wp-image-69549 alignright\" src=\"https:\/\/dutchhealthstore.com\/wp-content\/uploads\/2019\/08\/NEW-Living-Libations-Logo.jpg\" alt=\"NEW - Living Libations - Logo\" width=\"175\" height=\"82\"><\/h3>\n<p><strong>Botanische naam:<\/strong> Santalum paniculatum<br \/>\n<strong>Botanische familie:<\/strong> Santalaceae<br \/>\n<strong>Extractiemethode:<\/strong> Gestoomdistilleerd<br \/>\n<strong>Gedistilleerd deel van de plant:<\/strong> Hout<br \/>\n<strong>Land van herkomst:<\/strong> Verenigde Staten, Hawa\u00ef<br \/>\n<strong>Teeltmethode:<\/strong> Ethische Oogst<br \/>\n<strong>Samenstelling:<\/strong> 100% Santalum paniculatum<br \/>\n<strong>Consistentie:<\/strong> Dik maar schenkbaar<\/p>\n<h3>Geur Beschrijving<\/h3>\n<p>Rijk, nootachtig, vol kernhout met een etherische, romige, sensuele afdronk.<\/p>\n<h3>In Living Libations<\/h3>\n<p>Neroli Poetic Pits.<\/p>\n<h3>Mengt goed met<\/h3>\n<p>Roos, Neroli, Frankincense, allemaal Citrus. Het is elegant met elke essenti\u00eble olie omdat het sinds de oudheid een onge\u00ebvenaard fixatief is voor natuurlijke parfumerie.<\/p>\n<h3>Gebruikt<\/h3>\n<p>Een eerste parfum fixatiemiddel. Sublieme vochtinbrenger en tonic die fijne lijntjes, littekens, vlekjes en de huidtextuur verzacht. Haarconditioner. Hou van zalf. Divine deodorant (breng een druppel aan op elke oksel). Dromerig in bad en voor het slapen gaan.<\/p>\n<a href=\"https:\/\/dutchhealthstore.com\/wp-content\/uploads\/2020\/06\/ANALYSIS-Sandalwood-Royal-Hawaiian-Essential-Oil-Living-Libations.pdf\" class=\"button primary is-primary is-small\"  >\n\t\t<span>ANALYSE VAN ETHERISCHE OLI\u00cbN &gt;<\/span>\n\t<\/a>\n\n<p>De zalf van deze oude bomen is heilig, sensueel, subliem en sereen. In tegenstelling tot gewoon sandelhout heeft Santalum paniculatum uitgesproken vulkanische noten die beelden oproepen van eiland berglandschappen, kabbelende blauwe golven en duizenden hectaren bloeiende, wuivende bomen.<\/p>\n<p>Deze weelderige olie is een langverwacht aanbod van een inspirerend Hawaiian Sandalwood herbebossingsproject dat bedreigde Sandalwood bomen redt van uitsterven; Royal Hawaiian Sandalwood wordt alleen geoogst van bomen die van nature het einde van hun levenscyclus naderen, en voor elke geoogste boom worden twintig bomen geplant. In andere gebieden worden deze bomen vaak en in veel gevallen illegaal gekapt. Deze illegale oogst leidt tot overexploitatie, olie van slechte kwaliteit en het bijna uitsterven van deze weldadige bomen over de hele wereld. (Ons sandelhout uit Vanuatu wordt ethisch geoogst en is prachtig; maar dit Hawaiiaanse sandelhout is extra bijzonder). Onze distilleerder heeft de populatie sandelhoutbomen alleen al in de laatste drie jaar tot 50 keer het oorspronkelijke aantal doen toenemen. Elke boom die voor de olie wordt geoogst, wordt gekozen omdat hij al aan het eind van zijn levenscyclus is.<\/p>\n<p>Hemelse Royal Hawaiian Sandalwood Essential Oil combineert 4000 jaar oude wijsheid met de genereuze essentie van moderne duurzaamheid. De natuurlijke levenscyclus van elke geoogste boom komt tot uiting in het weldadige extract, waarvan de zuiverheid een mooie huid zegent en emoties van verdriet en rouw verzacht. Als de oude Hawaiiaanse sandelhoutboom zijn laatste adem uitblaast, is zijn afscheidscadeau een geurige herinnering aan onze eigen natuurlijke staat: een van overvloedige vreugde en eeuwige geest.<\/p>\n<p>Deze prachtige olie is een geheim schoonheidsmiddel voor vrouwen in de oudheid. Royal Hawaiian Sandalwood kan worden gebruikt als een sensueel parfum, een goddelijke deodorant, een hydraterende all-over lichaamsolie, of een diep conditionerende haarbehandeling die dorstige lokken glanzend, zacht en verzadigd achterlaat.<\/p>\n<p><strong>Grootte: 5 ml, 15 ml en 30 ml<\/strong><\/p>\n<h3>Organische Ingredi\u00ebnten<\/h3>\n<p>100% Hawaiiaanse koninklijk sandelhout (Santalum paniculatum) essenti\u00eble olie.<\/p>\n<p style=\"text-align: center;\"><em>&#8220;Het kalmerende, harmoniserende en balancerende effect van sandelhout werkt als diepe langzame golven.&#8221;<\/em><br \/>\n~ Suzanne Fischer-Rizzi, <strong>The Complete Aromatherapy Handbook<\/strong><\/p>\n<p><img fetchpriority=\"high\" decoding=\"async\" class=\"size-medium wp-image-68103 aligncenter\" src=\"https:\/\/dutchhealthstore.com\/wp-content\/uploads\/2018\/02\/Living-Libations-Organic-Logo-800x89.png\" alt=\"Living Libations - Organic Logo\" width=\"800\" height=\"89\" srcset=\"https:\/\/dutchhealthstore.com\/wp-content\/uploads\/2018\/02\/Living-Libations-Organic-Logo-800x89.png 800w, https:\/\/dutchhealthstore.com\/wp-content\/uploads\/2018\/02\/Living-Libations-Organic-Logo-510x57.png 510w, https:\/\/dutchhealthstore.com\/wp-content\/uploads\/2018\/02\/Living-Libations-Organic-Logo-768x85.png 768w, https:\/\/dutchhealthstore.com\/wp-content\/uploads\/2018\/02\/Living-Libations-Organic-Logo.png 1400w\" sizes=\"(max-width: 800px) 100vw, 800px\" \/><\/p>\n","protected":false},"excerpt":{"rendered":"<p>Dit is Living Libations dromerigste, romigste <strong>Sandalwood Essential Oil<\/strong>! Ethisch geoogst als onderdeel van een duurzaam herbebossingsproject in Hawaii, is deze exquise essence voor het eerst in meer dan 200 jaar beschikbaar.<br \/>\nDit specifieke Sandelhout is een serene volle etherische essence die de wijsheid fluistert van zijn majestueuze, eeuwenoude gastheer.<br \/>\nDeze heilige, sensuele olie roept devotie en de zuiverheid van aanwezigheid op.<br \/>\nHet smeu\u00efge aroma is al sinds de oudheid een van de meest vereerde stoffen voor huidverzorging en bemiddeling &#8211; \u00e9\u00e9n vleugje van deze verheven exhalatie van de Sandelhoutboom verheft uw geest tot adel.<\/p>\n","protected":false},"featured_media":109126,"comment_status":"open","ping_status":"closed","template":"","meta":[],"product_brand":[],"product_cat":[1506,6731,2465,1208,1006,6730],"product_tag":[4496],"class_list":{"0":"post-123352","1":"product","2":"type-product","3":"status-publish","4":"has-post-thumbnail","6":"product_cat-essentiele-olien-living-libations","7":"product_cat-essential-oils-nl","8":"product_cat-etherische-olien","9":"product_cat-living-libations-nederland","10":"product_cat-merken","11":"product_cat-wellness-nl","12":"product_tag-essential-oil-nl","13":"pa_brand-livinglibations-nl","14":"pa_essential-oils-product-type-essential-oils-nl","15":"pa_size-5-ml-nl","17":"first","18":"instock","19":"taxable","20":"shipping-taxable","21":"purchasable","22":"product-type-simple"},"bundled_by":[],"bundle_stock_status":"instock","bundle_stock_quantity":1,"bundle_virtual":false,"bundle_layout":"","bundle_add_to_cart_form_location":"","bundle_editable_in_cart":false,"bundle_sold_individually_context":"","bundle_item_grouping":"","bundle_min_size":"","bundle_max_size":"","bundle_price":[],"bundled_items":[],"bundle_sell_ids":[],"atum_controlled":true,"out_stock_date":null,"out_stock_threshold":null,"inheritable":false,"stock_on_hold":0,"sold_today":0,"sales_last_days":0,"out_stock_days":0,"lost_sales":0,"update_date":"2026-05-07T11:32:49","atum_locations":[],"atum_stock_status":"instock","restock_status":false,"low_stock_amount":"","sales_update_date":"2026-05-07T11:32:49","calc_backorders":null,"group_of_quantity":0,"min_quantity":0,"max_quantity":"","exclude_order_quantity_value_rules":"no","exclude_category_quantity_rules":"no","combine_variations":"no","yoast_head":"<!-- This site is optimized with the Yoast SEO Premium plugin v26.5 (Yoast SEO v26.5) - https:\/\/yoast.com\/wordpress\/plugins\/seo\/ -->\n<title>Sandalwood, Royal Hawaiian Essential Oil | Living Libations<\/title>\n<meta name=\"description\" content=\"Ethisch geoogst als onderdeel van een duurzaam herbebossingsproject in Hawa\u00ef, is deze exquise essence voor het eerst in meer dan 200 jaar beschikbaar.\" \/>\n<meta name=\"robots\" content=\"index, follow, max-snippet:-1, max-image-preview:large, max-video-preview:-1\" \/>\n<link rel=\"canonical\" href=\"https:\/\/dutchhealthstore.com\/nl\/product\/sandalwood-royal-hawaiian-essential-oil\/\" \/>\n<meta property=\"og:locale\" content=\"nl_NL\" \/>\n<meta property=\"og:type\" content=\"article\" \/>\n<meta property=\"og:title\" content=\"Sandalwood, Royal Hawaiian Essential Oil - Dutch Health Store\" \/>\n<meta property=\"og:description\" content=\"Ethisch geoogst als onderdeel van een duurzaam herbebossingsproject in Hawa\u00ef, is deze exquise essence voor het eerst in meer dan 200 jaar beschikbaar.\" \/>\n<meta property=\"og:url\" content=\"https:\/\/dutchhealthstore.com\/nl\/product\/sandalwood-royal-hawaiian-essential-oil\/\" \/>\n<meta property=\"og:site_name\" content=\"Dutch Health Store\" \/>\n<meta property=\"article:publisher\" content=\"https:\/\/www.instagram.com\/dutchhealthstore\/\" \/>\n<meta property=\"article:modified_time\" content=\"2024-07-18T07:10:57+00:00\" \/>\n<meta property=\"og:image\" content=\"https:\/\/dutchhealthstore.com\/wp-content\/uploads\/2020\/06\/Living-Libations-Sandalwood-Royal-Hawaiian-Essential-Oil-e1593090922172.jpg\" \/>\n\t<meta property=\"og:image:width\" content=\"500\" \/>\n\t<meta property=\"og:image:height\" content=\"500\" \/>\n\t<meta property=\"og:image:type\" content=\"image\/jpeg\" \/>\n<meta name=\"twitter:card\" content=\"summary_large_image\" \/>\n<meta name=\"twitter:label1\" content=\"Prijs\" \/>\n\t<meta name=\"twitter:data1\" content=\"&euro;110,00\" \/>\n\t<meta name=\"twitter:label2\" content=\"Beschikbaarheid\" \/>\n\t<meta name=\"twitter:data2\" content=\"Op voorraad\" \/>\n<script type=\"application\/ld+json\" class=\"yoast-schema-graph\">{\"@context\":\"https:\/\/schema.org\",\"@graph\":[{\"@type\":\"WebPage\",\"@id\":\"https:\/\/dutchhealthstore.com\/nl\/product\/sandalwood-royal-hawaiian-essential-oil\/\",\"url\":\"https:\/\/dutchhealthstore.com\/nl\/product\/sandalwood-royal-hawaiian-essential-oil\/\",\"name\":\"Sandalwood, Royal Hawaiian Essential Oil | Living Libations\",\"isPartOf\":{\"@id\":\"https:\/\/dutchhealthstore.com\/nl\/#website\"},\"primaryImageOfPage\":{\"@id\":\"https:\/\/dutchhealthstore.com\/nl\/product\/sandalwood-royal-hawaiian-essential-oil\/#primaryimage\"},\"image\":{\"@id\":\"https:\/\/dutchhealthstore.com\/nl\/product\/sandalwood-royal-hawaiian-essential-oil\/#primaryimage\"},\"thumbnailUrl\":\"https:\/\/dutchhealthstore.com\/wp-content\/uploads\/2020\/06\/Living-Libations-Sandalwood-Royal-Hawaiian-Essential-Oil-e1593090922172.jpg\",\"datePublished\":\"2020-06-25T11:36:53+00:00\",\"dateModified\":\"2024-07-18T07:10:57+00:00\",\"description\":\"Ethisch geoogst als onderdeel van een duurzaam herbebossingsproject in Hawa\u00ef, is deze exquise essence voor het eerst in meer dan 200 jaar beschikbaar.\",\"breadcrumb\":{\"@id\":\"https:\/\/dutchhealthstore.com\/nl\/product\/sandalwood-royal-hawaiian-essential-oil\/#breadcrumb\"},\"inLanguage\":\"nl-NL\",\"potentialAction\":[{\"@type\":\"ReadAction\",\"target\":[\"https:\/\/dutchhealthstore.com\/nl\/product\/sandalwood-royal-hawaiian-essential-oil\/\"]}]},{\"@type\":\"ImageObject\",\"inLanguage\":\"nl-NL\",\"@id\":\"https:\/\/dutchhealthstore.com\/nl\/product\/sandalwood-royal-hawaiian-essential-oil\/#primaryimage\",\"url\":\"https:\/\/dutchhealthstore.com\/wp-content\/uploads\/2020\/06\/Living-Libations-Sandalwood-Royal-Hawaiian-Essential-Oil-e1593090922172.jpg\",\"contentUrl\":\"https:\/\/dutchhealthstore.com\/wp-content\/uploads\/2020\/06\/Living-Libations-Sandalwood-Royal-Hawaiian-Essential-Oil-e1593090922172.jpg\",\"width\":500,\"height\":500,\"caption\":\"Living Libations Sandalwood Royal Essential Oil\"},{\"@type\":\"BreadcrumbList\",\"@id\":\"https:\/\/dutchhealthstore.com\/nl\/product\/sandalwood-royal-hawaiian-essential-oil\/#breadcrumb\",\"itemListElement\":[{\"@type\":\"ListItem\",\"position\":1,\"name\":\"Home\",\"item\":\"https:\/\/dutchhealthstore.com\/nl\/\"},{\"@type\":\"ListItem\",\"position\":2,\"name\":\"Shop\",\"item\":\"https:\/\/dutchhealthstore.com\/nl\/shop\/\"},{\"@type\":\"ListItem\",\"position\":3,\"name\":\"Sandalwood, Royal Hawaiian Essential Oil\"}]},{\"@type\":\"WebSite\",\"@id\":\"https:\/\/dutchhealthstore.com\/nl\/#website\",\"url\":\"https:\/\/dutchhealthstore.com\/nl\/\",\"name\":\"Dutch Health Store\",\"description\":\"Enhance Your Beauty with Organic &amp; Natural Skincare\",\"publisher\":{\"@id\":\"https:\/\/dutchhealthstore.com\/nl\/#organization\"},\"potentialAction\":[{\"@type\":\"SearchAction\",\"target\":{\"@type\":\"EntryPoint\",\"urlTemplate\":\"https:\/\/dutchhealthstore.com\/nl\/?s={search_term_string}\"},\"query-input\":{\"@type\":\"PropertyValueSpecification\",\"valueRequired\":true,\"valueName\":\"search_term_string\"}}],\"inLanguage\":\"nl-NL\"},{\"@type\":\"Organization\",\"@id\":\"https:\/\/dutchhealthstore.com\/nl\/#organization\",\"name\":\"Dutch Health Store\",\"url\":\"https:\/\/dutchhealthstore.com\/nl\/\",\"logo\":{\"@type\":\"ImageObject\",\"inLanguage\":\"nl-NL\",\"@id\":\"https:\/\/dutchhealthstore.com\/nl\/#\/schema\/logo\/image\/\",\"url\":\"https:\/\/dutchhealthstore.com\/wp-content\/uploads\/2020\/08\/logo-dutchhealthstore-jpg-e1599484957574.jpg\",\"contentUrl\":\"https:\/\/dutchhealthstore.com\/wp-content\/uploads\/2020\/08\/logo-dutchhealthstore-jpg-e1599484957574.jpg\",\"width\":400,\"height\":62,\"caption\":\"Dutch Health Store\"},\"image\":{\"@id\":\"https:\/\/dutchhealthstore.com\/nl\/#\/schema\/logo\/image\/\"},\"sameAs\":[\"https:\/\/www.instagram.com\/dutchhealthstore\/\",\"https:\/\/www.facebook.com\/dutchhealthstore\"]}]}<\/script>\n<meta property=\"product:brand\" content=\"Living Libations\" \/>\n<meta property=\"product:price:amount\" content=\"110.00\" \/>\n<meta property=\"product:price:currency\" content=\"EUR\" \/>\n<meta property=\"og:availability\" content=\"instock\" \/>\n<meta property=\"product:availability\" content=\"instock\" \/>\n<meta property=\"product:condition\" content=\"new\" \/>\n<!-- \/ Yoast SEO Premium plugin. -->","yoast_head_json":{"title":"Sandalwood, Royal Hawaiian Essential Oil | Living Libations","description":"Ethisch geoogst als onderdeel van een duurzaam herbebossingsproject in Hawa\u00ef, is deze exquise essence voor het eerst in meer dan 200 jaar beschikbaar.","robots":{"index":"index","follow":"follow","max-snippet":"max-snippet:-1","max-image-preview":"max-image-preview:large","max-video-preview":"max-video-preview:-1"},"canonical":"https:\/\/dutchhealthstore.com\/nl\/product\/sandalwood-royal-hawaiian-essential-oil\/","og_locale":"nl_NL","og_type":"article","og_title":"Sandalwood, Royal Hawaiian Essential Oil - Dutch Health Store","og_description":"Ethisch geoogst als onderdeel van een duurzaam herbebossingsproject in Hawa\u00ef, is deze exquise essence voor het eerst in meer dan 200 jaar beschikbaar.","og_url":"https:\/\/dutchhealthstore.com\/nl\/product\/sandalwood-royal-hawaiian-essential-oil\/","og_site_name":"Dutch Health Store","article_publisher":"https:\/\/www.instagram.com\/dutchhealthstore\/","article_modified_time":"2024-07-18T07:10:57+00:00","og_image":[{"width":500,"height":500,"url":"https:\/\/dutchhealthstore.com\/wp-content\/uploads\/2020\/06\/Living-Libations-Sandalwood-Royal-Hawaiian-Essential-Oil-e1593090922172.jpg","type":"image\/jpeg"}],"twitter_card":"summary_large_image","twitter_misc":{"Prijs":"&euro;110,00","Beschikbaarheid":"Op voorraad"},"schema":{"@context":"https:\/\/schema.org","@graph":[{"@type":"WebPage","@id":"https:\/\/dutchhealthstore.com\/nl\/product\/sandalwood-royal-hawaiian-essential-oil\/","url":"https:\/\/dutchhealthstore.com\/nl\/product\/sandalwood-royal-hawaiian-essential-oil\/","name":"Sandalwood, Royal Hawaiian Essential Oil | Living Libations","isPartOf":{"@id":"https:\/\/dutchhealthstore.com\/nl\/#website"},"primaryImageOfPage":{"@id":"https:\/\/dutchhealthstore.com\/nl\/product\/sandalwood-royal-hawaiian-essential-oil\/#primaryimage"},"image":{"@id":"https:\/\/dutchhealthstore.com\/nl\/product\/sandalwood-royal-hawaiian-essential-oil\/#primaryimage"},"thumbnailUrl":"https:\/\/dutchhealthstore.com\/wp-content\/uploads\/2020\/06\/Living-Libations-Sandalwood-Royal-Hawaiian-Essential-Oil-e1593090922172.jpg","datePublished":"2020-06-25T11:36:53+00:00","dateModified":"2024-07-18T07:10:57+00:00","description":"Ethisch geoogst als onderdeel van een duurzaam herbebossingsproject in Hawa\u00ef, is deze exquise essence voor het eerst in meer dan 200 jaar beschikbaar.","breadcrumb":{"@id":"https:\/\/dutchhealthstore.com\/nl\/product\/sandalwood-royal-hawaiian-essential-oil\/#breadcrumb"},"inLanguage":"nl-NL","potentialAction":[{"@type":"ReadAction","target":["https:\/\/dutchhealthstore.com\/nl\/product\/sandalwood-royal-hawaiian-essential-oil\/"]}]},{"@type":"ImageObject","inLanguage":"nl-NL","@id":"https:\/\/dutchhealthstore.com\/nl\/product\/sandalwood-royal-hawaiian-essential-oil\/#primaryimage","url":"https:\/\/dutchhealthstore.com\/wp-content\/uploads\/2020\/06\/Living-Libations-Sandalwood-Royal-Hawaiian-Essential-Oil-e1593090922172.jpg","contentUrl":"https:\/\/dutchhealthstore.com\/wp-content\/uploads\/2020\/06\/Living-Libations-Sandalwood-Royal-Hawaiian-Essential-Oil-e1593090922172.jpg","width":500,"height":500,"caption":"Living Libations Sandalwood Royal Essential Oil"},{"@type":"BreadcrumbList","@id":"https:\/\/dutchhealthstore.com\/nl\/product\/sandalwood-royal-hawaiian-essential-oil\/#breadcrumb","itemListElement":[{"@type":"ListItem","position":1,"name":"Home","item":"https:\/\/dutchhealthstore.com\/nl\/"},{"@type":"ListItem","position":2,"name":"Shop","item":"https:\/\/dutchhealthstore.com\/nl\/shop\/"},{"@type":"ListItem","position":3,"name":"Sandalwood, Royal Hawaiian Essential Oil"}]},{"@type":"WebSite","@id":"https:\/\/dutchhealthstore.com\/nl\/#website","url":"https:\/\/dutchhealthstore.com\/nl\/","name":"Dutch Health Store","description":"Enhance Your Beauty with Organic &amp; Natural Skincare","publisher":{"@id":"https:\/\/dutchhealthstore.com\/nl\/#organization"},"potentialAction":[{"@type":"SearchAction","target":{"@type":"EntryPoint","urlTemplate":"https:\/\/dutchhealthstore.com\/nl\/?s={search_term_string}"},"query-input":{"@type":"PropertyValueSpecification","valueRequired":true,"valueName":"search_term_string"}}],"inLanguage":"nl-NL"},{"@type":"Organization","@id":"https:\/\/dutchhealthstore.com\/nl\/#organization","name":"Dutch Health Store","url":"https:\/\/dutchhealthstore.com\/nl\/","logo":{"@type":"ImageObject","inLanguage":"nl-NL","@id":"https:\/\/dutchhealthstore.com\/nl\/#\/schema\/logo\/image\/","url":"https:\/\/dutchhealthstore.com\/wp-content\/uploads\/2020\/08\/logo-dutchhealthstore-jpg-e1599484957574.jpg","contentUrl":"https:\/\/dutchhealthstore.com\/wp-content\/uploads\/2020\/08\/logo-dutchhealthstore-jpg-e1599484957574.jpg","width":400,"height":62,"caption":"Dutch Health Store"},"image":{"@id":"https:\/\/dutchhealthstore.com\/nl\/#\/schema\/logo\/image\/"},"sameAs":["https:\/\/www.instagram.com\/dutchhealthstore\/","https:\/\/www.facebook.com\/dutchhealthstore"]}]},"product_brand":"Living Libations","product_price_amount":"110.00","product_price_currency":"EUR","og_availability":"instock","product_availability":"instock","product_condition":"new"},"_links":{"self":[{"href":"https:\/\/dutchhealthstore.com\/nl\/wp-json\/wp\/v2\/product\/123352","targetHints":{"allow":["GET"]}}],"collection":[{"href":"https:\/\/dutchhealthstore.com\/nl\/wp-json\/wp\/v2\/product"}],"about":[{"href":"https:\/\/dutchhealthstore.com\/nl\/wp-json\/wp\/v2\/types\/product"}],"replies":[{"embeddable":true,"href":"https:\/\/dutchhealthstore.com\/nl\/wp-json\/wp\/v2\/comments?post=123352"}],"wp:featuredmedia":[{"embeddable":true,"href":"https:\/\/dutchhealthstore.com\/nl\/wp-json\/wp\/v2\/media\/109126"}],"wp:attachment":[{"href":"https:\/\/dutchhealthstore.com\/nl\/wp-json\/wp\/v2\/media?parent=123352"}],"wp:term":[{"taxonomy":"product_brand","embeddable":true,"href":"https:\/\/dutchhealthstore.com\/nl\/wp-json\/wp\/v2\/product_brand?post=123352"},{"taxonomy":"product_cat","embeddable":true,"href":"https:\/\/dutchhealthstore.com\/nl\/wp-json\/wp\/v2\/product_cat?post=123352"},{"taxonomy":"product_tag","embeddable":true,"href":"https:\/\/dutchhealthstore.com\/nl\/wp-json\/wp\/v2\/product_tag?post=123352"}],"curies":[{"name":"wp","href":"https:\/\/api.w.org\/{rel}","templated":true}]}}