{"id":122727,"date":"2018-07-31T19:05:33","date_gmt":"2018-07-31T17:05:33","guid":{"rendered":"https:\/\/dutchhealthstore.com\/product\/pumpkin-seed-carrier-oil\/"},"modified":"2025-10-28T11:07:49","modified_gmt":"2025-10-28T10:07:49","slug":"pumpkin-seed-carrier-oil","status":"publish","type":"product","link":"https:\/\/dutchhealthstore.com\/nl\/product\/pumpkin-seed-carrier-oil\/","title":{"rendered":"Pumpkin Seed Carrier Oil"},"content":{"rendered":"<p style=\"font-weight: 400;\"><b><strong><img decoding=\"async\" class=\"size-full wp-image-37041 alignright\" src=\"https:\/\/dutchhealthstore.com\/wp-content\/uploads\/2018\/04\/Living_Libations-1.png\" alt=\"Organic &amp; Natural Beautyproducts - Living Libations\" width=\"175\" height=\"82\"><\/strong><\/b><\/p>\n<p><strong>Botanische naam:<\/strong> Cucurbita pepo<br \/>\n<strong>Botanische familie:<\/strong> Oleaceae<br \/>\n<strong>Extractiemethode:<\/strong> Koud geperst<br \/>\n<strong>Deel van de plant Gedistilleerd:<\/strong> Zaden<br \/>\n<strong>Land van herkomst:<\/strong> Syri\u00eb<br \/>\n<strong>Teeltmethode:<\/strong> Organisch<br \/>\n<strong>Samenstelling:<\/strong> 100% Cucurbita pepo<\/p>\n<h3>Geur Beschrijving<\/h3>\n<p>Sublieme, subtiele lentegroene noten zorgen voor een etherisch-amethist aroma.<\/p>\n<h3>In Living Libations<\/h3>\n<p>Crowning Glory Hair Oil<\/p>\n<h3>Mengt goed met<\/h3>\n<p>Jojoba, Pomegranate Carrier, Evening Primrose Carrier, Tamanu Carrier, Bergamot, Sandalwood, Frankincense, Rosemary, Thyme, Oregano, Lemon, Lavender, en Marjoram.<\/p>\n<h3>Gebruikt<\/h3>\n<p>Heerlijk in mengsels voor lichaam, gezicht en haar. Kan ook worden ingenomen en genoten in saladedressings.<\/p>\n<h3>Bestanddelen<\/h3>\n<p>Het is rijk aan omega-3 en omega-6 essenti\u00eble vetzuren en fytosterolen. Alle acht soorten vitamine E en diverse caroteno\u00efden, waaronder b\u00e8tacaroteen.<\/p>\n<p><strong>Grootte: 15 ml en 30 ml<\/strong><\/p>\n<h3>Organische Ingredi\u00ebnten<\/h3>\n<p>100% pompoenzaad (Cucurbita pepo) draagolie.<\/p>\n<p style=\"text-align: center;\"><em>&#8220;Bloemen en fruit zijn slechts het begin.<\/em><br \/>\n<em>In het zaad zit het leven en de toekomst.&#8221;<\/em><br \/>\n~ Marion Zimmer Bradley<\/p>\n<p>&nbsp;<\/p>\n<p><img fetchpriority=\"high\" decoding=\"async\" class=\"aligncenter size-full wp-image-31577\" src=\"https:\/\/dutchhealthstore.com\/wp-content\/uploads\/2018\/03\/organic_big.png\" alt=\"Organic and Natural - Living Libations\" width=\"623\" height=\"103\" srcset=\"https:\/\/dutchhealthstore.com\/wp-content\/uploads\/2018\/03\/organic_big.png 623w, https:\/\/dutchhealthstore.com\/wp-content\/uploads\/2018\/03\/organic_big-510x84.png 510w, https:\/\/dutchhealthstore.com\/wp-content\/uploads\/2018\/03\/organic_big-600x99.png 600w, https:\/\/dutchhealthstore.com\/wp-content\/uploads\/2018\/03\/organic_big-350x58.png 350w\" sizes=\"(max-width: 623px) 100vw, 623px\" \/><\/p>\n","protected":false},"excerpt":{"rendered":"<p>Living Libations <strong>Pumpkin Seed carrier oil<\/strong> is perfect opvullend en merkbaar voedend en wordt koudgeperst uit biologische pompoenpitten. Deze weelderige lipide heeft een rijke, donkergroene kleur met een vleugje rood. Het is rijk aan omega-3 en omega-6 essenti\u00eble vetzuren en fytosterolen. Weelderig pompoenzaad zit boordevol antioxidanten van alle acht soorten vitamine E en diverse caroteno\u00efden, waaronder b\u00e8tacaroteen, en trekt in huid, haar en hoofdhuid.<\/p>\n","protected":false},"featured_media":114029,"comment_status":"open","ping_status":"closed","template":"","meta":[],"product_brand":[],"product_cat":[3742,1506,6731,1208,6730],"product_tag":[8908,4496],"class_list":{"0":"post-122727","1":"product","2":"type-product","3":"status-publish","4":"has-post-thumbnail","6":"product_cat-draagolie","7":"product_cat-essentiele-olien-living-libations","8":"product_cat-essential-oils-nl","9":"product_cat-living-libations-nederland","10":"product_cat-wellness-nl","11":"product_tag-carrier-oil-nl","12":"product_tag-essential-oil-nl","13":"pa_brand-livinglibations-nl","14":"pa_essential-oils-product-type-carrier-oils-nl","15":"pa_essential-oils-product-type-essential-oils-nl","16":"pa_size-15-ml-nl","17":"pa_size-30-ml-nl","19":"first","20":"instock","21":"taxable","22":"shipping-taxable","23":"purchasable","24":"product-type-variable"},"bundled_by":[],"bundle_stock_status":"instock","bundle_stock_quantity":null,"bundle_virtual":false,"bundle_layout":"","bundle_add_to_cart_form_location":"","bundle_editable_in_cart":false,"bundle_sold_individually_context":"","bundle_item_grouping":"","bundle_min_size":"","bundle_max_size":"","bundle_price":[],"bundled_items":[],"bundle_sell_ids":[],"atum_controlled":true,"out_stock_date":null,"out_stock_threshold":null,"inheritable":true,"stock_on_hold":0,"sold_today":0,"sales_last_days":0,"out_stock_days":0,"lost_sales":0,"update_date":"2026-04-27T00:13:41","atum_locations":[],"atum_stock_status":"instock","restock_status":false,"low_stock_amount":"","sales_update_date":"2026-04-27T00:13:41","calc_backorders":null,"group_of_quantity":0,"min_quantity":0,"max_quantity":"","exclude_order_quantity_value_rules":"no","exclude_category_quantity_rules":"no","combine_variations":"no","yoast_head":"<!-- This site is optimized with the Yoast SEO Premium plugin v26.5 (Yoast SEO v26.5) - https:\/\/yoast.com\/wordpress\/plugins\/seo\/ -->\n<title>Pumpkin Seed Carrier Oil | Living Libations<\/title>\n<meta name=\"description\" content=\"Living Libations Pumpkin Seed carrier oil is perfect opvullend en merkbaar voedend en wordt koudgeperst uit biologische pompoenpitten.\" \/>\n<meta name=\"robots\" content=\"index, follow, max-snippet:-1, max-image-preview:large, max-video-preview:-1\" \/>\n<link rel=\"canonical\" href=\"https:\/\/dutchhealthstore.com\/nl\/product\/pumpkin-seed-carrier-oil\/\" \/>\n<meta property=\"og:locale\" content=\"nl_NL\" \/>\n<meta property=\"og:type\" content=\"article\" \/>\n<meta property=\"og:title\" content=\"Pumpkin Seed Carrier Oil - Dutch Health Store\" \/>\n<meta property=\"og:description\" content=\"Living Libations Pumpkin Seed carrier oil is perfect opvullend en merkbaar voedend en wordt koudgeperst uit biologische pompoenpitten.\" \/>\n<meta property=\"og:url\" content=\"https:\/\/dutchhealthstore.com\/nl\/product\/pumpkin-seed-carrier-oil\/\" \/>\n<meta property=\"og:site_name\" content=\"Dutch Health Store\" \/>\n<meta property=\"article:publisher\" content=\"https:\/\/www.instagram.com\/dutchhealthstore\/\" \/>\n<meta property=\"article:modified_time\" content=\"2025-10-28T10:07:49+00:00\" \/>\n<meta property=\"og:image\" content=\"https:\/\/dutchhealthstore.com\/wp-content\/uploads\/2018\/07\/Living-Libations-Pumpkin-Seed-Carrier-Oil-e1594892524969.png\" \/>\n\t<meta property=\"og:image:width\" content=\"500\" \/>\n\t<meta property=\"og:image:height\" content=\"499\" \/>\n\t<meta property=\"og:image:type\" content=\"image\/jpeg\" \/>\n<meta name=\"twitter:card\" content=\"summary_large_image\" \/>\n<meta name=\"twitter:label1\" content=\"Beschikbaarheid\" \/>\n\t<meta name=\"twitter:data1\" content=\"Op voorraad\" \/>\n<script type=\"application\/ld+json\" class=\"yoast-schema-graph\">{\"@context\":\"https:\/\/schema.org\",\"@graph\":[{\"@type\":\"WebPage\",\"@id\":\"https:\/\/dutchhealthstore.com\/nl\/product\/pumpkin-seed-carrier-oil\/\",\"url\":\"https:\/\/dutchhealthstore.com\/nl\/product\/pumpkin-seed-carrier-oil\/\",\"name\":\"Pumpkin Seed Carrier Oil | Living Libations\",\"isPartOf\":{\"@id\":\"https:\/\/dutchhealthstore.com\/nl\/#website\"},\"primaryImageOfPage\":{\"@id\":\"https:\/\/dutchhealthstore.com\/nl\/product\/pumpkin-seed-carrier-oil\/#primaryimage\"},\"image\":{\"@id\":\"https:\/\/dutchhealthstore.com\/nl\/product\/pumpkin-seed-carrier-oil\/#primaryimage\"},\"thumbnailUrl\":\"https:\/\/dutchhealthstore.com\/wp-content\/uploads\/2018\/07\/Living-Libations-Pumpkin-Seed-Carrier-Oil-e1594892524969.png\",\"datePublished\":\"2018-07-31T17:05:33+00:00\",\"dateModified\":\"2025-10-28T10:07:49+00:00\",\"description\":\"Living Libations Pumpkin Seed carrier oil is perfect opvullend en merkbaar voedend en wordt koudgeperst uit biologische pompoenpitten.\",\"breadcrumb\":{\"@id\":\"https:\/\/dutchhealthstore.com\/nl\/product\/pumpkin-seed-carrier-oil\/#breadcrumb\"},\"inLanguage\":\"nl-NL\",\"potentialAction\":[{\"@type\":\"ReadAction\",\"target\":[\"https:\/\/dutchhealthstore.com\/nl\/product\/pumpkin-seed-carrier-oil\/\"]}]},{\"@type\":\"ImageObject\",\"inLanguage\":\"nl-NL\",\"@id\":\"https:\/\/dutchhealthstore.com\/nl\/product\/pumpkin-seed-carrier-oil\/#primaryimage\",\"url\":\"https:\/\/dutchhealthstore.com\/wp-content\/uploads\/2018\/07\/Living-Libations-Pumpkin-Seed-Carrier-Oil-e1594892524969.png\",\"contentUrl\":\"https:\/\/dutchhealthstore.com\/wp-content\/uploads\/2018\/07\/Living-Libations-Pumpkin-Seed-Carrier-Oil-e1594892524969.png\",\"width\":500,\"height\":499,\"caption\":\"Living Libations Pumpkin Seed Carrier Oil\"},{\"@type\":\"BreadcrumbList\",\"@id\":\"https:\/\/dutchhealthstore.com\/nl\/product\/pumpkin-seed-carrier-oil\/#breadcrumb\",\"itemListElement\":[{\"@type\":\"ListItem\",\"position\":1,\"name\":\"Home\",\"item\":\"https:\/\/dutchhealthstore.com\/nl\/\"},{\"@type\":\"ListItem\",\"position\":2,\"name\":\"Shop\",\"item\":\"https:\/\/dutchhealthstore.com\/nl\/shop\/\"},{\"@type\":\"ListItem\",\"position\":3,\"name\":\"Pumpkin Seed Carrier Oil\"}]},{\"@type\":\"WebSite\",\"@id\":\"https:\/\/dutchhealthstore.com\/nl\/#website\",\"url\":\"https:\/\/dutchhealthstore.com\/nl\/\",\"name\":\"Dutch Health Store\",\"description\":\"Enhance Your Beauty with Organic &amp; Natural Skincare\",\"publisher\":{\"@id\":\"https:\/\/dutchhealthstore.com\/nl\/#organization\"},\"potentialAction\":[{\"@type\":\"SearchAction\",\"target\":{\"@type\":\"EntryPoint\",\"urlTemplate\":\"https:\/\/dutchhealthstore.com\/nl\/?s={search_term_string}\"},\"query-input\":{\"@type\":\"PropertyValueSpecification\",\"valueRequired\":true,\"valueName\":\"search_term_string\"}}],\"inLanguage\":\"nl-NL\"},{\"@type\":\"Organization\",\"@id\":\"https:\/\/dutchhealthstore.com\/nl\/#organization\",\"name\":\"Dutch Health Store\",\"url\":\"https:\/\/dutchhealthstore.com\/nl\/\",\"logo\":{\"@type\":\"ImageObject\",\"inLanguage\":\"nl-NL\",\"@id\":\"https:\/\/dutchhealthstore.com\/nl\/#\/schema\/logo\/image\/\",\"url\":\"https:\/\/dutchhealthstore.com\/wp-content\/uploads\/2020\/08\/logo-dutchhealthstore-jpg-e1599484957574.jpg\",\"contentUrl\":\"https:\/\/dutchhealthstore.com\/wp-content\/uploads\/2020\/08\/logo-dutchhealthstore-jpg-e1599484957574.jpg\",\"width\":400,\"height\":62,\"caption\":\"Dutch Health Store\"},\"image\":{\"@id\":\"https:\/\/dutchhealthstore.com\/nl\/#\/schema\/logo\/image\/\"},\"sameAs\":[\"https:\/\/www.instagram.com\/dutchhealthstore\/\",\"https:\/\/www.facebook.com\/dutchhealthstore\"]}]}<\/script>\n<meta property=\"product:brand\" content=\"Living Libations\" \/>\n<meta property=\"og:availability\" content=\"instock\" \/>\n<meta property=\"product:availability\" content=\"instock\" \/>\n<meta property=\"product:condition\" content=\"new\" \/>\n<!-- \/ Yoast SEO Premium plugin. -->","yoast_head_json":{"title":"Pumpkin Seed Carrier Oil | Living Libations","description":"Living Libations Pumpkin Seed carrier oil is perfect opvullend en merkbaar voedend en wordt koudgeperst uit biologische pompoenpitten.","robots":{"index":"index","follow":"follow","max-snippet":"max-snippet:-1","max-image-preview":"max-image-preview:large","max-video-preview":"max-video-preview:-1"},"canonical":"https:\/\/dutchhealthstore.com\/nl\/product\/pumpkin-seed-carrier-oil\/","og_locale":"nl_NL","og_type":"article","og_title":"Pumpkin Seed Carrier Oil - Dutch Health Store","og_description":"Living Libations Pumpkin Seed carrier oil is perfect opvullend en merkbaar voedend en wordt koudgeperst uit biologische pompoenpitten.","og_url":"https:\/\/dutchhealthstore.com\/nl\/product\/pumpkin-seed-carrier-oil\/","og_site_name":"Dutch Health Store","article_publisher":"https:\/\/www.instagram.com\/dutchhealthstore\/","article_modified_time":"2025-10-28T10:07:49+00:00","og_image":[{"width":500,"height":499,"url":"https:\/\/dutchhealthstore.com\/wp-content\/uploads\/2018\/07\/Living-Libations-Pumpkin-Seed-Carrier-Oil-e1594892524969.png","type":"image\/jpeg"}],"twitter_card":"summary_large_image","twitter_misc":{"Beschikbaarheid":"Op voorraad"},"schema":{"@context":"https:\/\/schema.org","@graph":[{"@type":"WebPage","@id":"https:\/\/dutchhealthstore.com\/nl\/product\/pumpkin-seed-carrier-oil\/","url":"https:\/\/dutchhealthstore.com\/nl\/product\/pumpkin-seed-carrier-oil\/","name":"Pumpkin Seed Carrier Oil | Living Libations","isPartOf":{"@id":"https:\/\/dutchhealthstore.com\/nl\/#website"},"primaryImageOfPage":{"@id":"https:\/\/dutchhealthstore.com\/nl\/product\/pumpkin-seed-carrier-oil\/#primaryimage"},"image":{"@id":"https:\/\/dutchhealthstore.com\/nl\/product\/pumpkin-seed-carrier-oil\/#primaryimage"},"thumbnailUrl":"https:\/\/dutchhealthstore.com\/wp-content\/uploads\/2018\/07\/Living-Libations-Pumpkin-Seed-Carrier-Oil-e1594892524969.png","datePublished":"2018-07-31T17:05:33+00:00","dateModified":"2025-10-28T10:07:49+00:00","description":"Living Libations Pumpkin Seed carrier oil is perfect opvullend en merkbaar voedend en wordt koudgeperst uit biologische pompoenpitten.","breadcrumb":{"@id":"https:\/\/dutchhealthstore.com\/nl\/product\/pumpkin-seed-carrier-oil\/#breadcrumb"},"inLanguage":"nl-NL","potentialAction":[{"@type":"ReadAction","target":["https:\/\/dutchhealthstore.com\/nl\/product\/pumpkin-seed-carrier-oil\/"]}]},{"@type":"ImageObject","inLanguage":"nl-NL","@id":"https:\/\/dutchhealthstore.com\/nl\/product\/pumpkin-seed-carrier-oil\/#primaryimage","url":"https:\/\/dutchhealthstore.com\/wp-content\/uploads\/2018\/07\/Living-Libations-Pumpkin-Seed-Carrier-Oil-e1594892524969.png","contentUrl":"https:\/\/dutchhealthstore.com\/wp-content\/uploads\/2018\/07\/Living-Libations-Pumpkin-Seed-Carrier-Oil-e1594892524969.png","width":500,"height":499,"caption":"Living Libations Pumpkin Seed Carrier Oil"},{"@type":"BreadcrumbList","@id":"https:\/\/dutchhealthstore.com\/nl\/product\/pumpkin-seed-carrier-oil\/#breadcrumb","itemListElement":[{"@type":"ListItem","position":1,"name":"Home","item":"https:\/\/dutchhealthstore.com\/nl\/"},{"@type":"ListItem","position":2,"name":"Shop","item":"https:\/\/dutchhealthstore.com\/nl\/shop\/"},{"@type":"ListItem","position":3,"name":"Pumpkin Seed Carrier Oil"}]},{"@type":"WebSite","@id":"https:\/\/dutchhealthstore.com\/nl\/#website","url":"https:\/\/dutchhealthstore.com\/nl\/","name":"Dutch Health Store","description":"Enhance Your Beauty with Organic &amp; Natural Skincare","publisher":{"@id":"https:\/\/dutchhealthstore.com\/nl\/#organization"},"potentialAction":[{"@type":"SearchAction","target":{"@type":"EntryPoint","urlTemplate":"https:\/\/dutchhealthstore.com\/nl\/?s={search_term_string}"},"query-input":{"@type":"PropertyValueSpecification","valueRequired":true,"valueName":"search_term_string"}}],"inLanguage":"nl-NL"},{"@type":"Organization","@id":"https:\/\/dutchhealthstore.com\/nl\/#organization","name":"Dutch Health Store","url":"https:\/\/dutchhealthstore.com\/nl\/","logo":{"@type":"ImageObject","inLanguage":"nl-NL","@id":"https:\/\/dutchhealthstore.com\/nl\/#\/schema\/logo\/image\/","url":"https:\/\/dutchhealthstore.com\/wp-content\/uploads\/2020\/08\/logo-dutchhealthstore-jpg-e1599484957574.jpg","contentUrl":"https:\/\/dutchhealthstore.com\/wp-content\/uploads\/2020\/08\/logo-dutchhealthstore-jpg-e1599484957574.jpg","width":400,"height":62,"caption":"Dutch Health Store"},"image":{"@id":"https:\/\/dutchhealthstore.com\/nl\/#\/schema\/logo\/image\/"},"sameAs":["https:\/\/www.instagram.com\/dutchhealthstore\/","https:\/\/www.facebook.com\/dutchhealthstore"]}]},"product_brand":"Living Libations","og_availability":"instock","product_availability":"instock","product_condition":"new"},"_links":{"self":[{"href":"https:\/\/dutchhealthstore.com\/nl\/wp-json\/wp\/v2\/product\/122727","targetHints":{"allow":["GET"]}}],"collection":[{"href":"https:\/\/dutchhealthstore.com\/nl\/wp-json\/wp\/v2\/product"}],"about":[{"href":"https:\/\/dutchhealthstore.com\/nl\/wp-json\/wp\/v2\/types\/product"}],"replies":[{"embeddable":true,"href":"https:\/\/dutchhealthstore.com\/nl\/wp-json\/wp\/v2\/comments?post=122727"}],"wp:featuredmedia":[{"embeddable":true,"href":"https:\/\/dutchhealthstore.com\/nl\/wp-json\/wp\/v2\/media\/114029"}],"wp:attachment":[{"href":"https:\/\/dutchhealthstore.com\/nl\/wp-json\/wp\/v2\/media?parent=122727"}],"wp:term":[{"taxonomy":"product_brand","embeddable":true,"href":"https:\/\/dutchhealthstore.com\/nl\/wp-json\/wp\/v2\/product_brand?post=122727"},{"taxonomy":"product_cat","embeddable":true,"href":"https:\/\/dutchhealthstore.com\/nl\/wp-json\/wp\/v2\/product_cat?post=122727"},{"taxonomy":"product_tag","embeddable":true,"href":"https:\/\/dutchhealthstore.com\/nl\/wp-json\/wp\/v2\/product_tag?post=122727"}],"curies":[{"name":"wp","href":"https:\/\/api.w.org\/{rel}","templated":true}]}}