{"id":122566,"date":"2020-06-18T12:12:07","date_gmt":"2020-06-18T10:12:07","guid":{"rendered":"https:\/\/dutchhealthstore.com\/product\/petitgrain-mandarin-essential-oil\/"},"modified":"2025-04-25T16:16:21","modified_gmt":"2025-04-25T14:16:21","slug":"petitgrain-mandarin-essential-oil","status":"publish","type":"product","link":"https:\/\/dutchhealthstore.com\/nl\/product\/petitgrain-mandarin-essential-oil\/","title":{"rendered":"Petitgrain, Mandarin Essential Oil"},"content":{"rendered":"<p><img decoding=\"async\" class=\"size-full wp-image-69550 alignright\" src=\"https:\/\/dutchhealthstore.com\/wp-content\/uploads\/2019\/08\/NEW-Living-Libations-Logo.jpg\" alt=\"NEW - Living Libations - Logo\" width=\"175\" height=\"82\" \/><\/p>\n<p><strong>Botanische naam<\/strong>: Citrus reticulata<br \/>\n<strong>Botanische familie<\/strong>: Rutaceae<br \/>\n<strong>Extractiemethode<\/strong>: Stoom gedistilleerd<br \/>\n<strong>Gedestilleerde Deel van de Plant<\/strong> : Bladeren en twijgen<br \/>\n<strong>Land van herkomst:<\/strong> Itali\u00eb<br \/>\n<strong>Teeltmethode<\/strong>: Biologisch<br \/>\n<strong>Samenstelling<\/strong>: 100% Citrus reticulata<br \/>\n<strong>Consistentie<\/strong>: Dunne viscositeit<\/p>\n<h3>Geurbeschrijving<\/h3>\n<p>Heldere, stralende tonen van groene citrusvruchten, zoete, fruitige bloemen, verse sinaasappelbloesems en gefluister van pruimen.<\/p>\n<h3>Mengt goed met<\/h3>\n<p>Roos, Ylang, Sandelhout, Douglasspar, Zilverspar, Citroengras, Bergamot, Patchouli, Vetiver, Wierook, Rozemarijn, Inula, Palmarosa, Mandarijn, Linde en Zoete Tijm.<\/p>\n<h3>Gebruik<\/h3>\n<p>Zomerserums voor het gezicht. Verzacht de zichtbaarheid van littekens, striae en de huidtextuur. Heerlijk voor in bad. Pefect voor in een verstuiver, parfums en colognes.<\/p>\n<p>&nbsp;<\/p>\n<a href=\"https:\/\/dutchhealthstore.com\/wp-content\/uploads\/2020\/06\/ANALYSIS-Mandarin-Petit-Grain-Essential-Oil-Living-Libations-2.pdf\" class=\"button primary is-primary is-small\"  >\n\t\t<span>ESSENTIAL OIL ANALYSIS &amp;gt;<\/span>\n\t<\/a>\n\n<p>Italiaanse Mandarijn Petitgrain Essenti\u00eble Olie heeft een zoete, pittige citrusgeur die geliefd is bij natuurlijke parfumeurs dankzij de opwindende lagen fruit en bloemen: groene topnoten dansen boven vers fruit en sinaasappelbloesems met een geurige fluistering die straalt in de warme mediterrane zon. Net als zijn zusterolie gedistilleerd uit de schil van het fruit, is Mandarin Petitgrain heerlijk ontspannend. Deze olie, boordevol met meer dan 50% esters, is de perfecte, aangename keuze voor het bestrijden van rusteloosheid, een drukke kop en ongerustheid.<\/p>\n<p>Mandarin Petitgrain wordt voornamelijk gebruikt in de parfumerie en de aromatherapie en heeft veel gemeen met de andere petitgrains van citrusvruchten, zoals Bitter Orange Petitgrain en Petitgrain sur Fleurs. In feite zijn er verschillende petitgrain oli\u00ebn gedistilleerd uit verschillende soorten citrusbomen, allemaal met hun eigen unieke essentie en toch met sublieme subtiliteiten.<\/p>\n<p>Oorspronkelijk werd de olie gevangen uit kleine Bergamot Sinaasappelbomen, terwijl de vrucht nog in de kinderschoenen stond. Het kleine formaat van de sinaasappels is waar &#8220;petitgrain&#8221; zijn naam aan ontleent: petit grain, of &#8220;kleine korrel&#8221; in verwijzing naar de grootte van de vrucht. Tegenwoordig worden petitgrain-oli\u00ebn gedestilleerd uit de vruchten, bladeren en takken van verschillende citrusbomen.<\/p>\n<p>Mandarijn Petitgrain is een hoofdrolspeler in het aromatisch-arsenaal van elke parfumeur en is ook een keuze van aromatherapeuten. Deze zoete citrus petitgrain wordt gebruikt in een verscheidenheid van verschillende parfums en geurmengsels, maar het glanst echt wanneer het wordt opgenomen in bloemige boeketten, neroli schoonheidsmelanges, verfrissende charismatische colognes en in fruitige kruiden foug\u00e8res. De geur van Mandarijn Petitgrain is ook een prachtige aanvulling op de door dennen en bossen ge\u00efnspireerde mengsels.<\/p>\n<p style=\"text-align: center;\"><em>&#8220;[Mandarijn petitgrainolie wordt] verkregen door distillatie van de bladeren, vruchten en twijgen van de mandarijnboom, geteeld in Algerije, Spanje, Frankrijk, Sicili\u00eb, enz. De olie onderscheidt zich van andere petitgrain oli\u00ebn door zijn stikstofhoudende basisbestanddelen, waaronder methyl anthranilaat overheerst. Het commerci\u00eble product is een totale olie, dat wil zeggen dat aan het begin van de destillatie de fracties op het wateroppervlak drijven; naarmate de destillatie vordert, nemen de stikstofhoudende bestanddelen toe en wordt de olie zwaarder en heeft de neiging om naar de bodem van de recipi\u00ebnt te zinken. De overheersende noot in de geur van mandarijnzaadolie is ongetwijfeld die van methylantrealilaat, met een suggestie van fijne tijm.&#8221;<\/em><br \/>\n~ W.A. Pouchers, <strong>Perfumes, Cosmetics and Soaps: Volume I The Raw Materials of Perfumery<\/strong><\/p>\n<p><img fetchpriority=\"high\" decoding=\"async\" class=\"size-medium wp-image-68104 aligncenter\" src=\"https:\/\/dutchhealthstore.com\/wp-content\/uploads\/2018\/02\/Living-Libations-Organic-Logo-800x89.png\" alt=\"Living Libations - Organic Logo\" width=\"800\" height=\"89\" srcset=\"https:\/\/dutchhealthstore.com\/wp-content\/uploads\/2018\/02\/Living-Libations-Organic-Logo-800x89.png 800w, https:\/\/dutchhealthstore.com\/wp-content\/uploads\/2018\/02\/Living-Libations-Organic-Logo-510x57.png 510w, https:\/\/dutchhealthstore.com\/wp-content\/uploads\/2018\/02\/Living-Libations-Organic-Logo-768x85.png 768w, https:\/\/dutchhealthstore.com\/wp-content\/uploads\/2018\/02\/Living-Libations-Organic-Logo.png 1400w\" sizes=\"(max-width: 800px) 100vw, 800px\" \/><\/p>\n","protected":false},"excerpt":{"rendered":"<p><img decoding=\"async\" class=\"\" src=\"https:\/\/dutchhealthstore.com\/wp-content\/uploads\/2019\/08\/Translate-Nederlands-Automatische-Vertaling-1-2.png\" width=\"200\" height=\"20\" \/><\/p>\n<p>Mandarijn Petitgrain Essenti\u00eble Olie barst van de frisse, fruitige geur en de zoete, opwindende geur van bloemen. Stoom gedistilleerd uit de bladeren en de jonge, kleine vruchtenmandarijnboom, is de resulterende olie ontspannend en verzachtend met hoge niveaus van kalmerende esters.<\/p>\n","protected":false},"featured_media":107718,"comment_status":"open","ping_status":"closed","template":"","meta":[],"product_brand":[],"product_cat":[2465,6731,1506,1208,1006,6730],"product_tag":[4496],"class_list":{"0":"post-122566","1":"product","2":"type-product","3":"status-publish","4":"has-post-thumbnail","6":"product_cat-etherische-olien","7":"product_cat-essential-oils-nl","8":"product_cat-essentiele-olien-living-libations","9":"product_cat-living-libations-nederland","10":"product_cat-merken","11":"product_cat-wellness-nl","12":"product_tag-essential-oil-nl","13":"pa_brand-livinglibations-nl","14":"pa_essential-oils-product-type-essential-oils-nl","15":"pa_size-5-ml-nl","17":"first","18":"instock","19":"taxable","20":"shipping-taxable","21":"purchasable","22":"product-type-simple"},"bundled_by":[],"bundle_stock_status":"instock","bundle_stock_quantity":3,"bundle_virtual":false,"bundle_layout":"","bundle_add_to_cart_form_location":"","bundle_editable_in_cart":false,"bundle_sold_individually_context":"","bundle_item_grouping":"","bundle_min_size":"","bundle_max_size":"","bundle_price":[],"bundled_items":[],"bundle_sell_ids":[],"atum_controlled":true,"out_stock_date":null,"out_stock_threshold":null,"inheritable":false,"stock_on_hold":0,"sold_today":0,"sales_last_days":0,"out_stock_days":0,"lost_sales":0,"update_date":"2026-04-07T13:48:09","atum_locations":[],"atum_stock_status":"instock","restock_status":false,"low_stock_amount":"","sales_update_date":"2026-04-07T13:48:09","calc_backorders":null,"group_of_quantity":0,"min_quantity":0,"max_quantity":"","exclude_order_quantity_value_rules":"no","exclude_category_quantity_rules":"no","combine_variations":"no","yoast_head":"<!-- This site is optimized with the Yoast SEO Premium plugin v26.5 (Yoast SEO v26.5) - https:\/\/yoast.com\/wordpress\/plugins\/seo\/ -->\n<title>Petitgrain, Mandarin Essential Oil | Living Libations<\/title>\n<meta name=\"description\" content=\"Gestoomd uit de bladeren en de jonge, kleine vruchten van de mandarijnboom, is de resulterende olie ontspannend en kalmerend met een hoog gehalte aan kalmerende esters.\" \/>\n<meta name=\"robots\" content=\"index, follow, max-snippet:-1, max-image-preview:large, max-video-preview:-1\" \/>\n<link rel=\"canonical\" href=\"https:\/\/dutchhealthstore.com\/nl\/product\/petitgrain-mandarin-essential-oil\/\" \/>\n<meta property=\"og:locale\" content=\"nl_NL\" \/>\n<meta property=\"og:type\" content=\"article\" \/>\n<meta property=\"og:title\" content=\"Petitgrain, Mandarin Essential Oil - Dutch Health Store\" \/>\n<meta property=\"og:description\" content=\"Gestoomd uit de bladeren en de jonge, kleine vruchten van de mandarijnboom, is de resulterende olie ontspannend en kalmerend met een hoog gehalte aan kalmerende esters.\" \/>\n<meta property=\"og:url\" content=\"https:\/\/dutchhealthstore.com\/nl\/product\/petitgrain-mandarin-essential-oil\/\" \/>\n<meta property=\"og:site_name\" content=\"Dutch Health Store\" \/>\n<meta property=\"article:publisher\" content=\"https:\/\/www.instagram.com\/dutchhealthstore\/\" \/>\n<meta property=\"article:modified_time\" content=\"2025-04-25T14:16:21+00:00\" \/>\n<meta property=\"og:image\" content=\"https:\/\/dutchhealthstore.com\/wp-content\/uploads\/2020\/06\/Living-Libations-Petitgrain-Mandarin-Essential-Oil-e1592482203271.png\" \/>\n\t<meta property=\"og:image:width\" content=\"500\" \/>\n\t<meta property=\"og:image:height\" content=\"499\" \/>\n\t<meta property=\"og:image:type\" content=\"image\/jpeg\" \/>\n<meta name=\"twitter:card\" content=\"summary_large_image\" \/>\n<meta name=\"twitter:label1\" content=\"Prijs\" \/>\n\t<meta name=\"twitter:data1\" content=\"&euro;30,00\" \/>\n\t<meta name=\"twitter:label2\" content=\"Beschikbaarheid\" \/>\n\t<meta name=\"twitter:data2\" content=\"Op voorraad\" \/>\n<script type=\"application\/ld+json\" class=\"yoast-schema-graph\">{\"@context\":\"https:\/\/schema.org\",\"@graph\":[{\"@type\":\"WebPage\",\"@id\":\"https:\/\/dutchhealthstore.com\/nl\/product\/petitgrain-mandarin-essential-oil\/\",\"url\":\"https:\/\/dutchhealthstore.com\/nl\/product\/petitgrain-mandarin-essential-oil\/\",\"name\":\"Petitgrain, Mandarin Essential Oil | Living Libations\",\"isPartOf\":{\"@id\":\"https:\/\/dutchhealthstore.com\/nl\/#website\"},\"primaryImageOfPage\":{\"@id\":\"https:\/\/dutchhealthstore.com\/nl\/product\/petitgrain-mandarin-essential-oil\/#primaryimage\"},\"image\":{\"@id\":\"https:\/\/dutchhealthstore.com\/nl\/product\/petitgrain-mandarin-essential-oil\/#primaryimage\"},\"thumbnailUrl\":\"https:\/\/dutchhealthstore.com\/wp-content\/uploads\/2020\/06\/Living-Libations-Petitgrain-Mandarin-Essential-Oil-e1592482203271.png\",\"datePublished\":\"2020-06-18T10:12:07+00:00\",\"dateModified\":\"2025-04-25T14:16:21+00:00\",\"description\":\"Gestoomd uit de bladeren en de jonge, kleine vruchten van de mandarijnboom, is de resulterende olie ontspannend en kalmerend met een hoog gehalte aan kalmerende esters.\",\"breadcrumb\":{\"@id\":\"https:\/\/dutchhealthstore.com\/nl\/product\/petitgrain-mandarin-essential-oil\/#breadcrumb\"},\"inLanguage\":\"nl-NL\",\"potentialAction\":[{\"@type\":\"ReadAction\",\"target\":[\"https:\/\/dutchhealthstore.com\/nl\/product\/petitgrain-mandarin-essential-oil\/\"]}]},{\"@type\":\"ImageObject\",\"inLanguage\":\"nl-NL\",\"@id\":\"https:\/\/dutchhealthstore.com\/nl\/product\/petitgrain-mandarin-essential-oil\/#primaryimage\",\"url\":\"https:\/\/dutchhealthstore.com\/wp-content\/uploads\/2020\/06\/Living-Libations-Petitgrain-Mandarin-Essential-Oil-e1592482203271.png\",\"contentUrl\":\"https:\/\/dutchhealthstore.com\/wp-content\/uploads\/2020\/06\/Living-Libations-Petitgrain-Mandarin-Essential-Oil-e1592482203271.png\",\"width\":500,\"height\":499,\"caption\":\"Living Libations Petitgrain Mandarin\"},{\"@type\":\"BreadcrumbList\",\"@id\":\"https:\/\/dutchhealthstore.com\/nl\/product\/petitgrain-mandarin-essential-oil\/#breadcrumb\",\"itemListElement\":[{\"@type\":\"ListItem\",\"position\":1,\"name\":\"Home\",\"item\":\"https:\/\/dutchhealthstore.com\/nl\/\"},{\"@type\":\"ListItem\",\"position\":2,\"name\":\"Shop\",\"item\":\"https:\/\/dutchhealthstore.com\/nl\/shop\/\"},{\"@type\":\"ListItem\",\"position\":3,\"name\":\"Petitgrain, Mandarin Essential Oil\"}]},{\"@type\":\"WebSite\",\"@id\":\"https:\/\/dutchhealthstore.com\/nl\/#website\",\"url\":\"https:\/\/dutchhealthstore.com\/nl\/\",\"name\":\"Dutch Health Store\",\"description\":\"Enhance Your Beauty with Organic &amp; Natural Skincare\",\"publisher\":{\"@id\":\"https:\/\/dutchhealthstore.com\/nl\/#organization\"},\"potentialAction\":[{\"@type\":\"SearchAction\",\"target\":{\"@type\":\"EntryPoint\",\"urlTemplate\":\"https:\/\/dutchhealthstore.com\/nl\/?s={search_term_string}\"},\"query-input\":{\"@type\":\"PropertyValueSpecification\",\"valueRequired\":true,\"valueName\":\"search_term_string\"}}],\"inLanguage\":\"nl-NL\"},{\"@type\":\"Organization\",\"@id\":\"https:\/\/dutchhealthstore.com\/nl\/#organization\",\"name\":\"Dutch Health Store\",\"url\":\"https:\/\/dutchhealthstore.com\/nl\/\",\"logo\":{\"@type\":\"ImageObject\",\"inLanguage\":\"nl-NL\",\"@id\":\"https:\/\/dutchhealthstore.com\/nl\/#\/schema\/logo\/image\/\",\"url\":\"https:\/\/dutchhealthstore.com\/wp-content\/uploads\/2020\/08\/logo-dutchhealthstore-jpg-e1599484957574.jpg\",\"contentUrl\":\"https:\/\/dutchhealthstore.com\/wp-content\/uploads\/2020\/08\/logo-dutchhealthstore-jpg-e1599484957574.jpg\",\"width\":400,\"height\":62,\"caption\":\"Dutch Health Store\"},\"image\":{\"@id\":\"https:\/\/dutchhealthstore.com\/nl\/#\/schema\/logo\/image\/\"},\"sameAs\":[\"https:\/\/www.instagram.com\/dutchhealthstore\/\",\"https:\/\/www.facebook.com\/dutchhealthstore\"]}]}<\/script>\n<meta property=\"product:brand\" content=\"Living Libations\" \/>\n<meta property=\"product:price:amount\" content=\"30.00\" \/>\n<meta property=\"product:price:currency\" content=\"EUR\" \/>\n<meta property=\"og:availability\" content=\"instock\" \/>\n<meta property=\"product:availability\" content=\"instock\" \/>\n<meta property=\"product:condition\" content=\"new\" \/>\n<!-- \/ Yoast SEO Premium plugin. -->","yoast_head_json":{"title":"Petitgrain, Mandarin Essential Oil | Living Libations","description":"Gestoomd uit de bladeren en de jonge, kleine vruchten van de mandarijnboom, is de resulterende olie ontspannend en kalmerend met een hoog gehalte aan kalmerende esters.","robots":{"index":"index","follow":"follow","max-snippet":"max-snippet:-1","max-image-preview":"max-image-preview:large","max-video-preview":"max-video-preview:-1"},"canonical":"https:\/\/dutchhealthstore.com\/nl\/product\/petitgrain-mandarin-essential-oil\/","og_locale":"nl_NL","og_type":"article","og_title":"Petitgrain, Mandarin Essential Oil - Dutch Health Store","og_description":"Gestoomd uit de bladeren en de jonge, kleine vruchten van de mandarijnboom, is de resulterende olie ontspannend en kalmerend met een hoog gehalte aan kalmerende esters.","og_url":"https:\/\/dutchhealthstore.com\/nl\/product\/petitgrain-mandarin-essential-oil\/","og_site_name":"Dutch Health Store","article_publisher":"https:\/\/www.instagram.com\/dutchhealthstore\/","article_modified_time":"2025-04-25T14:16:21+00:00","og_image":[{"width":500,"height":499,"url":"https:\/\/dutchhealthstore.com\/wp-content\/uploads\/2020\/06\/Living-Libations-Petitgrain-Mandarin-Essential-Oil-e1592482203271.png","type":"image\/jpeg"}],"twitter_card":"summary_large_image","twitter_misc":{"Prijs":"&euro;30,00","Beschikbaarheid":"Op voorraad"},"schema":{"@context":"https:\/\/schema.org","@graph":[{"@type":"WebPage","@id":"https:\/\/dutchhealthstore.com\/nl\/product\/petitgrain-mandarin-essential-oil\/","url":"https:\/\/dutchhealthstore.com\/nl\/product\/petitgrain-mandarin-essential-oil\/","name":"Petitgrain, Mandarin Essential Oil | Living Libations","isPartOf":{"@id":"https:\/\/dutchhealthstore.com\/nl\/#website"},"primaryImageOfPage":{"@id":"https:\/\/dutchhealthstore.com\/nl\/product\/petitgrain-mandarin-essential-oil\/#primaryimage"},"image":{"@id":"https:\/\/dutchhealthstore.com\/nl\/product\/petitgrain-mandarin-essential-oil\/#primaryimage"},"thumbnailUrl":"https:\/\/dutchhealthstore.com\/wp-content\/uploads\/2020\/06\/Living-Libations-Petitgrain-Mandarin-Essential-Oil-e1592482203271.png","datePublished":"2020-06-18T10:12:07+00:00","dateModified":"2025-04-25T14:16:21+00:00","description":"Gestoomd uit de bladeren en de jonge, kleine vruchten van de mandarijnboom, is de resulterende olie ontspannend en kalmerend met een hoog gehalte aan kalmerende esters.","breadcrumb":{"@id":"https:\/\/dutchhealthstore.com\/nl\/product\/petitgrain-mandarin-essential-oil\/#breadcrumb"},"inLanguage":"nl-NL","potentialAction":[{"@type":"ReadAction","target":["https:\/\/dutchhealthstore.com\/nl\/product\/petitgrain-mandarin-essential-oil\/"]}]},{"@type":"ImageObject","inLanguage":"nl-NL","@id":"https:\/\/dutchhealthstore.com\/nl\/product\/petitgrain-mandarin-essential-oil\/#primaryimage","url":"https:\/\/dutchhealthstore.com\/wp-content\/uploads\/2020\/06\/Living-Libations-Petitgrain-Mandarin-Essential-Oil-e1592482203271.png","contentUrl":"https:\/\/dutchhealthstore.com\/wp-content\/uploads\/2020\/06\/Living-Libations-Petitgrain-Mandarin-Essential-Oil-e1592482203271.png","width":500,"height":499,"caption":"Living Libations Petitgrain Mandarin"},{"@type":"BreadcrumbList","@id":"https:\/\/dutchhealthstore.com\/nl\/product\/petitgrain-mandarin-essential-oil\/#breadcrumb","itemListElement":[{"@type":"ListItem","position":1,"name":"Home","item":"https:\/\/dutchhealthstore.com\/nl\/"},{"@type":"ListItem","position":2,"name":"Shop","item":"https:\/\/dutchhealthstore.com\/nl\/shop\/"},{"@type":"ListItem","position":3,"name":"Petitgrain, Mandarin Essential Oil"}]},{"@type":"WebSite","@id":"https:\/\/dutchhealthstore.com\/nl\/#website","url":"https:\/\/dutchhealthstore.com\/nl\/","name":"Dutch Health Store","description":"Enhance Your Beauty with Organic &amp; Natural Skincare","publisher":{"@id":"https:\/\/dutchhealthstore.com\/nl\/#organization"},"potentialAction":[{"@type":"SearchAction","target":{"@type":"EntryPoint","urlTemplate":"https:\/\/dutchhealthstore.com\/nl\/?s={search_term_string}"},"query-input":{"@type":"PropertyValueSpecification","valueRequired":true,"valueName":"search_term_string"}}],"inLanguage":"nl-NL"},{"@type":"Organization","@id":"https:\/\/dutchhealthstore.com\/nl\/#organization","name":"Dutch Health Store","url":"https:\/\/dutchhealthstore.com\/nl\/","logo":{"@type":"ImageObject","inLanguage":"nl-NL","@id":"https:\/\/dutchhealthstore.com\/nl\/#\/schema\/logo\/image\/","url":"https:\/\/dutchhealthstore.com\/wp-content\/uploads\/2020\/08\/logo-dutchhealthstore-jpg-e1599484957574.jpg","contentUrl":"https:\/\/dutchhealthstore.com\/wp-content\/uploads\/2020\/08\/logo-dutchhealthstore-jpg-e1599484957574.jpg","width":400,"height":62,"caption":"Dutch Health Store"},"image":{"@id":"https:\/\/dutchhealthstore.com\/nl\/#\/schema\/logo\/image\/"},"sameAs":["https:\/\/www.instagram.com\/dutchhealthstore\/","https:\/\/www.facebook.com\/dutchhealthstore"]}]},"product_brand":"Living Libations","product_price_amount":"30.00","product_price_currency":"EUR","og_availability":"instock","product_availability":"instock","product_condition":"new"},"_links":{"self":[{"href":"https:\/\/dutchhealthstore.com\/nl\/wp-json\/wp\/v2\/product\/122566","targetHints":{"allow":["GET"]}}],"collection":[{"href":"https:\/\/dutchhealthstore.com\/nl\/wp-json\/wp\/v2\/product"}],"about":[{"href":"https:\/\/dutchhealthstore.com\/nl\/wp-json\/wp\/v2\/types\/product"}],"replies":[{"embeddable":true,"href":"https:\/\/dutchhealthstore.com\/nl\/wp-json\/wp\/v2\/comments?post=122566"}],"wp:featuredmedia":[{"embeddable":true,"href":"https:\/\/dutchhealthstore.com\/nl\/wp-json\/wp\/v2\/media\/107718"}],"wp:attachment":[{"href":"https:\/\/dutchhealthstore.com\/nl\/wp-json\/wp\/v2\/media?parent=122566"}],"wp:term":[{"taxonomy":"product_brand","embeddable":true,"href":"https:\/\/dutchhealthstore.com\/nl\/wp-json\/wp\/v2\/product_brand?post=122566"},{"taxonomy":"product_cat","embeddable":true,"href":"https:\/\/dutchhealthstore.com\/nl\/wp-json\/wp\/v2\/product_cat?post=122566"},{"taxonomy":"product_tag","embeddable":true,"href":"https:\/\/dutchhealthstore.com\/nl\/wp-json\/wp\/v2\/product_tag?post=122566"}],"curies":[{"name":"wp","href":"https:\/\/api.w.org\/{rel}","templated":true}]}}