{"id":120400,"date":"2018-02-10T19:50:11","date_gmt":"2018-02-10T18:50:11","guid":{"rendered":"https:\/\/dutchhealthstore.com\/product\/magnolia-flower-essential-oil\/"},"modified":"2025-12-23T09:23:26","modified_gmt":"2025-12-23T08:23:26","slug":"magnolia-flower-essential-oil","status":"publish","type":"product","link":"https:\/\/dutchhealthstore.com\/nl\/product\/magnolia-flower-essential-oil\/","title":{"rendered":"Magnolia Flower Essential Oil"},"content":{"rendered":"<p><img decoding=\"async\" class=\"alignright size-full wp-image-37041\" src=\"https:\/\/dutchhealthstore.com\/wp-content\/uploads\/2018\/04\/Living_Libations-1.png\" alt=\"Organic &amp; Natural Beautyproducts - Living Libations\" width=\"175\" height=\"82\"><\/p>\n<p><strong>Botanische naam: <\/strong><em>Michelia alba<\/em><br \/>\n<strong>Botanische familie: <\/strong><em>Magnoliaceae<\/em><br \/>\n<strong>Extractiemethode: <\/strong>Gestoomdistilleerd<br \/>\n<strong>Gedistilleerd deel van de plant:<\/strong> Bloemen<br \/>\n<strong>Land van herkomst:<\/strong> India<br \/>\n<strong>Teeltmethode:<\/strong> Wild<br \/>\n<strong>Samenstelling:<\/strong> 100% <em>Michelia alba<\/em><br \/>\n<strong>Consistentie:<\/strong> Dun<\/p>\n<a href=\"https:\/\/dutchhealthstore.com\/wp-content\/uploads\/2018\/02\/ANALYSIS-Magnolia-Flower-Essential-Oil-Living-Libations.pdf\" class=\"button primary is-primary is-small\"  >\n\t\t<span>ANALYSE &gt;<\/span>\n\t<\/a>\n\n<h3>Geur Beschrijving<\/h3>\n<p>Frisse, groene bloemen met toetsen van fresia en fruit. Past goed bij: Jasmijn, Citroen, Ylang, Koriander, Tuberoos, Grapefruit, Roos, Ylang, en Bergamot.<\/p>\n<h3>Gebruikt<\/h3>\n<p>Mengsels van Magnolia olie zijn gebruikt om droge huid te bevochtigen en spieren te laten smelten bij massage. Heerlijk als parfum om gemeenschap en communicatie te inspireren. Zelfvertrouwen vergroten en welzijn verbeteren. Het is een badende schoonheid en liefdesbloesem in een verstuiver. Zalf haar en polsen om te genieten als een parfum in volle bloei.<\/p>\n<p>Onze prachtige Magnolia Flower Essential Oil is een luxueuze uitdrukking van natuurlijke schoonheid, die de verjongende energie\u00ebn van de natuur mengt met de romantische verwennerijen van het menselijk hart. Magnolia Flower essence is een volwaardig wonder-aroma van de natuur. Magnolia bloemen worden &#8217;s nachts geoogst, wanneer hun geur het krachtigst is. In India worden de blaadjes van deze delicate knop gebruikt als een amoureus parfum, een heilige rituele component, en als versiering in het haar van vrouwen.<\/p>\n<p>Geniet van Magnolia Flower Essential Oil om een bloemenparfum of haarolie te maken, het hart te ontsteken, het lichaam te inspireren en in contact te komen met de zintuigen.<\/p>\n<p><strong>Grootte: 5 ml en 15 ml<\/strong><\/p>\n<h3>Organische Ingredi\u00ebnten<\/h3>\n<p>100% magnolia bloem (Michelia alba) etherische olie.<\/p>\n<p style=\"text-align: center;\"><em>&#8220;De zware geur van Magnolia&#8217;s vermengd met de delicate zoetheid van wilde rozen.&#8221;<\/em><br \/>\n~ Zora Neale Hurston<\/p>\n<p style=\"text-align: center;\"><em>&#8220;Ook wel Champaca olie genoemd. Een zoet geurende essenti\u00eble olie gedistilleerd uit de bloemen van soorten van de Champaca boom die groeien in Nepal, Maleisi\u00eb, Indonesi\u00eb en de Filippijnen. In Thailand wordt het gebruikt als lichaamsolie en om het haar te geuren. In India worden de bloemen door vrouwen gebruikt als haarversiering.&#8221;<\/em><br \/>\n~ N. Groom, <strong>editor, New Perfume Handbook<\/strong><\/p>\n<p style=\"text-align: center;\"><em>&#8220;Stel dat ik een champa bloem werd, gewoon voor de lol, en groeide op een tak hoog in die boom, en schudde in de wind van het lachen en danste op de pas ontluikende bladeren, zou je me kennen, moeder?&#8221;<\/em><br \/>\n~ Rabindranath Tagore, <strong>The Champa Flower<\/strong><\/p>\n<p><img fetchpriority=\"high\" decoding=\"async\" class=\"aligncenter size-full wp-image-31577\" src=\"https:\/\/dutchhealthstore.com\/wp-content\/uploads\/2018\/03\/organic_big.png\" alt=\"Organic and Natural - Living Libations\" width=\"623\" height=\"103\" srcset=\"https:\/\/dutchhealthstore.com\/wp-content\/uploads\/2018\/03\/organic_big.png 623w, https:\/\/dutchhealthstore.com\/wp-content\/uploads\/2018\/03\/organic_big-510x84.png 510w, https:\/\/dutchhealthstore.com\/wp-content\/uploads\/2018\/03\/organic_big-600x99.png 600w, https:\/\/dutchhealthstore.com\/wp-content\/uploads\/2018\/03\/organic_big-350x58.png 350w\" sizes=\"(max-width: 623px) 100vw, 623px\" \/><\/p>\n","protected":false},"excerpt":{"rendered":"<p>Living Libations <strong>Magnolia Flower Oil<\/strong> maakt gebruik van de heilige, aromatische kracht van de Indiase Magnolia Boom en zijn prachtige witte bloemknoppen.<br \/>\nMagnolia bloemen, ook bekend als White Champa, worden al duizenden jaren vereerd door de bevolking van India en hebben kalmerende en ontspannende eigenschappen die worden gecompenseerd door een delicaat bloemenaroma.<br \/>\nOnze Magnolia Flower Oil is een bedwelmend afrodisiacum dat ook dient als vochtinbrenger en infectiebestrijder.<\/p>\n","protected":false},"featured_media":113633,"comment_status":"open","ping_status":"closed","template":"","meta":[],"product_brand":[],"product_cat":[6731,2465,1506,1208,1006,510,6730],"product_tag":[4496],"class_list":{"0":"post-120400","1":"product","2":"type-product","3":"status-publish","4":"has-post-thumbnail","6":"product_cat-essential-oils-nl","7":"product_cat-etherische-olien","8":"product_cat-essentiele-olien-living-libations","9":"product_cat-living-libations-nederland","10":"product_cat-merken","11":"product_cat-shop-winkel","12":"product_cat-wellness-nl","13":"product_tag-essential-oil-nl","14":"pa_brand-livinglibations-nl","15":"pa_essential-oils-product-type-essential-oils-nl","16":"pa_size-15-ml-nl","17":"pa_size-5-ml-nl","19":"first","20":"instock","21":"taxable","22":"shipping-taxable","23":"purchasable","24":"product-type-variable"},"bundled_by":[],"bundle_stock_status":"instock","bundle_stock_quantity":null,"bundle_virtual":false,"bundle_layout":"","bundle_add_to_cart_form_location":"","bundle_editable_in_cart":false,"bundle_sold_individually_context":"","bundle_item_grouping":"","bundle_min_size":"","bundle_max_size":"","bundle_price":[],"bundled_items":[],"bundle_sell_ids":[],"atum_controlled":true,"out_stock_date":null,"out_stock_threshold":null,"inheritable":true,"stock_on_hold":0,"sold_today":0,"sales_last_days":0,"out_stock_days":0,"lost_sales":0,"update_date":"2026-05-07T00:18:23","atum_locations":[],"atum_stock_status":"instock","restock_status":false,"low_stock_amount":"","sales_update_date":"2026-05-07T00:18:23","calc_backorders":null,"group_of_quantity":0,"min_quantity":0,"max_quantity":"","exclude_order_quantity_value_rules":"no","exclude_category_quantity_rules":"no","combine_variations":"no","yoast_head":"<!-- This site is optimized with the Yoast SEO Premium plugin v26.5 (Yoast SEO v26.5) - https:\/\/yoast.com\/wordpress\/plugins\/seo\/ -->\n<title>Magnolia Flower Essential Oil | Living Libations<\/title>\n<meta name=\"description\" content=\"Living Libations Magnolia Flower Oil maakt gebruik van de heilige, aromatische kracht van de Indiase Magnolia Boom en zijn prachtige witte bloemknoppen.\" \/>\n<meta name=\"robots\" content=\"index, follow, max-snippet:-1, max-image-preview:large, max-video-preview:-1\" \/>\n<link rel=\"canonical\" href=\"https:\/\/dutchhealthstore.com\/nl\/product\/magnolia-flower-essential-oil\/\" \/>\n<meta property=\"og:locale\" content=\"nl_NL\" \/>\n<meta property=\"og:type\" content=\"article\" \/>\n<meta property=\"og:title\" content=\"Magnolia Flower Essential Oil - Dutch Health Store\" \/>\n<meta property=\"og:description\" content=\"Living Libations Magnolia Flower Oil maakt gebruik van de heilige, aromatische kracht van de Indiase Magnolia Boom en zijn prachtige witte bloemknoppen.\" \/>\n<meta property=\"og:url\" content=\"https:\/\/dutchhealthstore.com\/nl\/product\/magnolia-flower-essential-oil\/\" \/>\n<meta property=\"og:site_name\" content=\"Dutch Health Store\" \/>\n<meta property=\"article:publisher\" content=\"https:\/\/www.instagram.com\/dutchhealthstore\/\" \/>\n<meta property=\"article:modified_time\" content=\"2025-12-23T08:23:26+00:00\" \/>\n<meta property=\"og:image\" content=\"https:\/\/dutchhealthstore.com\/wp-content\/uploads\/2018\/02\/Living-Libations-Magnolia-Flower-Essential-Oil-e1594726169342.jpg\" \/>\n\t<meta property=\"og:image:width\" content=\"500\" \/>\n\t<meta property=\"og:image:height\" content=\"500\" \/>\n\t<meta property=\"og:image:type\" content=\"image\/jpeg\" \/>\n<meta name=\"twitter:card\" content=\"summary_large_image\" \/>\n<meta name=\"twitter:label1\" content=\"Beschikbaarheid\" \/>\n\t<meta name=\"twitter:data1\" content=\"Op voorraad\" \/>\n<script type=\"application\/ld+json\" class=\"yoast-schema-graph\">{\"@context\":\"https:\/\/schema.org\",\"@graph\":[{\"@type\":\"WebPage\",\"@id\":\"https:\/\/dutchhealthstore.com\/nl\/product\/magnolia-flower-essential-oil\/\",\"url\":\"https:\/\/dutchhealthstore.com\/nl\/product\/magnolia-flower-essential-oil\/\",\"name\":\"Magnolia Flower Essential Oil | Living Libations\",\"isPartOf\":{\"@id\":\"https:\/\/dutchhealthstore.com\/nl\/#website\"},\"primaryImageOfPage\":{\"@id\":\"https:\/\/dutchhealthstore.com\/nl\/product\/magnolia-flower-essential-oil\/#primaryimage\"},\"image\":{\"@id\":\"https:\/\/dutchhealthstore.com\/nl\/product\/magnolia-flower-essential-oil\/#primaryimage\"},\"thumbnailUrl\":\"https:\/\/dutchhealthstore.com\/wp-content\/uploads\/2018\/02\/Living-Libations-Magnolia-Flower-Essential-Oil-e1594726169342.jpg\",\"datePublished\":\"2018-02-10T18:50:11+00:00\",\"dateModified\":\"2025-12-23T08:23:26+00:00\",\"description\":\"Living Libations Magnolia Flower Oil maakt gebruik van de heilige, aromatische kracht van de Indiase Magnolia Boom en zijn prachtige witte bloemknoppen.\",\"breadcrumb\":{\"@id\":\"https:\/\/dutchhealthstore.com\/nl\/product\/magnolia-flower-essential-oil\/#breadcrumb\"},\"inLanguage\":\"nl-NL\",\"potentialAction\":[{\"@type\":\"ReadAction\",\"target\":[\"https:\/\/dutchhealthstore.com\/nl\/product\/magnolia-flower-essential-oil\/\"]}]},{\"@type\":\"ImageObject\",\"inLanguage\":\"nl-NL\",\"@id\":\"https:\/\/dutchhealthstore.com\/nl\/product\/magnolia-flower-essential-oil\/#primaryimage\",\"url\":\"https:\/\/dutchhealthstore.com\/wp-content\/uploads\/2018\/02\/Living-Libations-Magnolia-Flower-Essential-Oil-e1594726169342.jpg\",\"contentUrl\":\"https:\/\/dutchhealthstore.com\/wp-content\/uploads\/2018\/02\/Living-Libations-Magnolia-Flower-Essential-Oil-e1594726169342.jpg\",\"width\":500,\"height\":500,\"caption\":\"Living Libations Magnolia Flower Essential Oil\"},{\"@type\":\"BreadcrumbList\",\"@id\":\"https:\/\/dutchhealthstore.com\/nl\/product\/magnolia-flower-essential-oil\/#breadcrumb\",\"itemListElement\":[{\"@type\":\"ListItem\",\"position\":1,\"name\":\"Home\",\"item\":\"https:\/\/dutchhealthstore.com\/nl\/\"},{\"@type\":\"ListItem\",\"position\":2,\"name\":\"Shop\",\"item\":\"https:\/\/dutchhealthstore.com\/nl\/shop\/\"},{\"@type\":\"ListItem\",\"position\":3,\"name\":\"Magnolia Flower Essential Oil\"}]},{\"@type\":\"WebSite\",\"@id\":\"https:\/\/dutchhealthstore.com\/nl\/#website\",\"url\":\"https:\/\/dutchhealthstore.com\/nl\/\",\"name\":\"Dutch Health Store\",\"description\":\"Enhance Your Beauty with Organic &amp; Natural Skincare\",\"publisher\":{\"@id\":\"https:\/\/dutchhealthstore.com\/nl\/#organization\"},\"potentialAction\":[{\"@type\":\"SearchAction\",\"target\":{\"@type\":\"EntryPoint\",\"urlTemplate\":\"https:\/\/dutchhealthstore.com\/nl\/?s={search_term_string}\"},\"query-input\":{\"@type\":\"PropertyValueSpecification\",\"valueRequired\":true,\"valueName\":\"search_term_string\"}}],\"inLanguage\":\"nl-NL\"},{\"@type\":\"Organization\",\"@id\":\"https:\/\/dutchhealthstore.com\/nl\/#organization\",\"name\":\"Dutch Health Store\",\"url\":\"https:\/\/dutchhealthstore.com\/nl\/\",\"logo\":{\"@type\":\"ImageObject\",\"inLanguage\":\"nl-NL\",\"@id\":\"https:\/\/dutchhealthstore.com\/nl\/#\/schema\/logo\/image\/\",\"url\":\"https:\/\/dutchhealthstore.com\/wp-content\/uploads\/2020\/08\/logo-dutchhealthstore-jpg-e1599484957574.jpg\",\"contentUrl\":\"https:\/\/dutchhealthstore.com\/wp-content\/uploads\/2020\/08\/logo-dutchhealthstore-jpg-e1599484957574.jpg\",\"width\":400,\"height\":62,\"caption\":\"Dutch Health Store\"},\"image\":{\"@id\":\"https:\/\/dutchhealthstore.com\/nl\/#\/schema\/logo\/image\/\"},\"sameAs\":[\"https:\/\/www.instagram.com\/dutchhealthstore\/\",\"https:\/\/www.facebook.com\/dutchhealthstore\"]}]}<\/script>\n<meta property=\"product:brand\" content=\"Living Libations\" \/>\n<meta property=\"og:availability\" content=\"instock\" \/>\n<meta property=\"product:availability\" content=\"instock\" \/>\n<meta property=\"product:condition\" content=\"new\" \/>\n<!-- \/ Yoast SEO Premium plugin. -->","yoast_head_json":{"title":"Magnolia Flower Essential Oil | Living Libations","description":"Living Libations Magnolia Flower Oil maakt gebruik van de heilige, aromatische kracht van de Indiase Magnolia Boom en zijn prachtige witte bloemknoppen.","robots":{"index":"index","follow":"follow","max-snippet":"max-snippet:-1","max-image-preview":"max-image-preview:large","max-video-preview":"max-video-preview:-1"},"canonical":"https:\/\/dutchhealthstore.com\/nl\/product\/magnolia-flower-essential-oil\/","og_locale":"nl_NL","og_type":"article","og_title":"Magnolia Flower Essential Oil - Dutch Health Store","og_description":"Living Libations Magnolia Flower Oil maakt gebruik van de heilige, aromatische kracht van de Indiase Magnolia Boom en zijn prachtige witte bloemknoppen.","og_url":"https:\/\/dutchhealthstore.com\/nl\/product\/magnolia-flower-essential-oil\/","og_site_name":"Dutch Health Store","article_publisher":"https:\/\/www.instagram.com\/dutchhealthstore\/","article_modified_time":"2025-12-23T08:23:26+00:00","og_image":[{"width":500,"height":500,"url":"https:\/\/dutchhealthstore.com\/wp-content\/uploads\/2018\/02\/Living-Libations-Magnolia-Flower-Essential-Oil-e1594726169342.jpg","type":"image\/jpeg"}],"twitter_card":"summary_large_image","twitter_misc":{"Beschikbaarheid":"Op voorraad"},"schema":{"@context":"https:\/\/schema.org","@graph":[{"@type":"WebPage","@id":"https:\/\/dutchhealthstore.com\/nl\/product\/magnolia-flower-essential-oil\/","url":"https:\/\/dutchhealthstore.com\/nl\/product\/magnolia-flower-essential-oil\/","name":"Magnolia Flower Essential Oil | Living Libations","isPartOf":{"@id":"https:\/\/dutchhealthstore.com\/nl\/#website"},"primaryImageOfPage":{"@id":"https:\/\/dutchhealthstore.com\/nl\/product\/magnolia-flower-essential-oil\/#primaryimage"},"image":{"@id":"https:\/\/dutchhealthstore.com\/nl\/product\/magnolia-flower-essential-oil\/#primaryimage"},"thumbnailUrl":"https:\/\/dutchhealthstore.com\/wp-content\/uploads\/2018\/02\/Living-Libations-Magnolia-Flower-Essential-Oil-e1594726169342.jpg","datePublished":"2018-02-10T18:50:11+00:00","dateModified":"2025-12-23T08:23:26+00:00","description":"Living Libations Magnolia Flower Oil maakt gebruik van de heilige, aromatische kracht van de Indiase Magnolia Boom en zijn prachtige witte bloemknoppen.","breadcrumb":{"@id":"https:\/\/dutchhealthstore.com\/nl\/product\/magnolia-flower-essential-oil\/#breadcrumb"},"inLanguage":"nl-NL","potentialAction":[{"@type":"ReadAction","target":["https:\/\/dutchhealthstore.com\/nl\/product\/magnolia-flower-essential-oil\/"]}]},{"@type":"ImageObject","inLanguage":"nl-NL","@id":"https:\/\/dutchhealthstore.com\/nl\/product\/magnolia-flower-essential-oil\/#primaryimage","url":"https:\/\/dutchhealthstore.com\/wp-content\/uploads\/2018\/02\/Living-Libations-Magnolia-Flower-Essential-Oil-e1594726169342.jpg","contentUrl":"https:\/\/dutchhealthstore.com\/wp-content\/uploads\/2018\/02\/Living-Libations-Magnolia-Flower-Essential-Oil-e1594726169342.jpg","width":500,"height":500,"caption":"Living Libations Magnolia Flower Essential Oil"},{"@type":"BreadcrumbList","@id":"https:\/\/dutchhealthstore.com\/nl\/product\/magnolia-flower-essential-oil\/#breadcrumb","itemListElement":[{"@type":"ListItem","position":1,"name":"Home","item":"https:\/\/dutchhealthstore.com\/nl\/"},{"@type":"ListItem","position":2,"name":"Shop","item":"https:\/\/dutchhealthstore.com\/nl\/shop\/"},{"@type":"ListItem","position":3,"name":"Magnolia Flower Essential Oil"}]},{"@type":"WebSite","@id":"https:\/\/dutchhealthstore.com\/nl\/#website","url":"https:\/\/dutchhealthstore.com\/nl\/","name":"Dutch Health Store","description":"Enhance Your Beauty with Organic &amp; Natural Skincare","publisher":{"@id":"https:\/\/dutchhealthstore.com\/nl\/#organization"},"potentialAction":[{"@type":"SearchAction","target":{"@type":"EntryPoint","urlTemplate":"https:\/\/dutchhealthstore.com\/nl\/?s={search_term_string}"},"query-input":{"@type":"PropertyValueSpecification","valueRequired":true,"valueName":"search_term_string"}}],"inLanguage":"nl-NL"},{"@type":"Organization","@id":"https:\/\/dutchhealthstore.com\/nl\/#organization","name":"Dutch Health Store","url":"https:\/\/dutchhealthstore.com\/nl\/","logo":{"@type":"ImageObject","inLanguage":"nl-NL","@id":"https:\/\/dutchhealthstore.com\/nl\/#\/schema\/logo\/image\/","url":"https:\/\/dutchhealthstore.com\/wp-content\/uploads\/2020\/08\/logo-dutchhealthstore-jpg-e1599484957574.jpg","contentUrl":"https:\/\/dutchhealthstore.com\/wp-content\/uploads\/2020\/08\/logo-dutchhealthstore-jpg-e1599484957574.jpg","width":400,"height":62,"caption":"Dutch Health Store"},"image":{"@id":"https:\/\/dutchhealthstore.com\/nl\/#\/schema\/logo\/image\/"},"sameAs":["https:\/\/www.instagram.com\/dutchhealthstore\/","https:\/\/www.facebook.com\/dutchhealthstore"]}]},"product_brand":"Living Libations","og_availability":"instock","product_availability":"instock","product_condition":"new"},"_links":{"self":[{"href":"https:\/\/dutchhealthstore.com\/nl\/wp-json\/wp\/v2\/product\/120400","targetHints":{"allow":["GET"]}}],"collection":[{"href":"https:\/\/dutchhealthstore.com\/nl\/wp-json\/wp\/v2\/product"}],"about":[{"href":"https:\/\/dutchhealthstore.com\/nl\/wp-json\/wp\/v2\/types\/product"}],"replies":[{"embeddable":true,"href":"https:\/\/dutchhealthstore.com\/nl\/wp-json\/wp\/v2\/comments?post=120400"}],"wp:featuredmedia":[{"embeddable":true,"href":"https:\/\/dutchhealthstore.com\/nl\/wp-json\/wp\/v2\/media\/113633"}],"wp:attachment":[{"href":"https:\/\/dutchhealthstore.com\/nl\/wp-json\/wp\/v2\/media?parent=120400"}],"wp:term":[{"taxonomy":"product_brand","embeddable":true,"href":"https:\/\/dutchhealthstore.com\/nl\/wp-json\/wp\/v2\/product_brand?post=120400"},{"taxonomy":"product_cat","embeddable":true,"href":"https:\/\/dutchhealthstore.com\/nl\/wp-json\/wp\/v2\/product_cat?post=120400"},{"taxonomy":"product_tag","embeddable":true,"href":"https:\/\/dutchhealthstore.com\/nl\/wp-json\/wp\/v2\/product_tag?post=120400"}],"curies":[{"name":"wp","href":"https:\/\/api.w.org\/{rel}","templated":true}]}}