{"id":118909,"date":"2018-02-10T20:59:09","date_gmt":"2018-02-10T19:59:09","guid":{"rendered":"https:\/\/dutchhealthstore.com\/product\/greenland-moss-essential-oil\/"},"modified":"2024-03-08T14:59:29","modified_gmt":"2024-03-08T14:59:29","slug":"greenland-moss-essential-oil","status":"publish","type":"product","link":"https:\/\/dutchhealthstore.com\/nl\/product\/greenland-moss-essential-oil\/","title":{"rendered":"Greenland Moss Essential Oil"},"content":{"rendered":"<p><img decoding=\"async\" class=\"size-full wp-image-69549 alignright\" src=\"https:\/\/dutchhealthstore.com\/wp-content\/uploads\/2019\/08\/NEW-Living-Libations-Logo.jpg\" alt=\"NEW - Living Libations - Logo\" width=\"175\" height=\"82\">Living Libations&#8217; Greenland Moss Essential Oil is in het wild vervaardigd en met stoom gedistilleerd uit de lelieblanke blaadjes van de Canadese Bog Labrador Tea plant. De rimpelige, leerachtige bladeren van Groenlands Mos bevatten indrukwekkende geneeskrachtige eigenschappen, vooral voor zieke interne organen. Greenland Moss Essential Oil zou ontstekingen verminderen en infecties voorkomen. Het is ook een geweldige behandeling voor slapeloosheid, en een algemene immuniteitsbooster.<\/p>\n<p><strong>Botanische naam:<\/strong> Ledum Groenlandicum<br \/>\n<strong>Extractiemethode:<\/strong> Stoom<br \/>\n<strong>Gedistilleerd deel van de plant:<\/strong> Bladeren<br \/>\n<strong>Land van herkomst:<\/strong> Canada<br \/>\n<strong>Teeltmethode:<\/strong> Wild<\/p>\n<h3>Geur Beschrijving<\/h3>\n<p>De Tuin van Eden na een plotselinge lenteregenbui<\/p>\n<h3>In Living Libations<\/h3>\n<p><a href=\"\/?p=5354\">Feeling Good Today<\/a><\/p>\n<h3>Past goed bij<\/h3>\n<p>Douglas Fir, Basilicum, Frankincense, Citroen, Grapefruit, Rose Otto, Lavendel, Mirre, Zilver Fir, Neroli, Geranium en Bergamot.<\/p>\n<h3>Gebruikt<\/h3>\n<p>Ontgifter, kalmerend, ontstekingsremmend, anti-allergeen, angstremmend, spijsverteringsbevorderend, gebruikt in thee, het kruid werd gebruikt als marinade voor het bereiden van vlees, gebruikt als ingredi\u00ebnt bij het brouwen van bier voordat hop werd ontdekt.<\/p>\n<p>Onze Greenland Moss Essential Oil is een krachtig helende, fris geurende olie die beelden oproept van ongestoorde, bedauwde, maanverlichte wildernis. Zelfs met zijn wilde bosgeur is Greenland Moss oil een van de krachtigste essenti\u00eble oli\u00ebn in het arsenaal van Living Libations.<\/p>\n<p>Inheemse Noord-Amerikanen gebruikten het sap en de bladeren van de Groenlands Mosplant om de interne organen te ontgiften, ziekte te voorkomen, nervositeit te kalmeren en vastzittende emoties in het licht van het bewustzijn te brengen. De bladeren van de plant werden gekauwd om het immuunsysteem te versterken, en gewoon om van hun zoete smaak te genieten. Gewoonlijk bekend als Labrador Thee, wordt Greenland Moss Essential Oil van oudsher gebruikt als marinade voor het bereiden van vlees, een ingredi\u00ebnt bij het brouwen van bier, en een additief voor gebruik in gezichtsstoombaden.<\/p>\n<p><strong>Grootte: 5 ml, 15 ml en 30 ml<\/strong><\/p>\n<h3>Organische Ingredi\u00ebnten<\/h3>\n<p>100% Groenlands mos (Ledum Groenlandicum) etherische olie.<\/p>\n<p style=\"text-align: center;\"><em>Voor \u00e9\u00e9n kilo olie is ongeveer duizend kilo in het wild geoogst Groenlands mos nodig. Hij groeit in veengebieden op afgelegen plaatsen, en zelfs ver ten noorden van de sneeuwgrens. Dit draagt zeker bij aan de kracht van zijn effecten.<\/em><br \/>\n\u3030 Suzanne Catty, <strong>Hydrosols: The Next Aromatherapy<\/strong><\/p>\n<p style=\"text-align: center;\"><em>Zoals we hebben gezien, werken essenti\u00eble oli\u00ebn in op vele processen in de lever. Hun inductie en remming van fase I en fase II ontgiftingsenzymen is slechts \u00e9\u00e9n voorbeeld. Volgens de traditionele kennis ondersteunen bepaalde oli\u00ebn, vooral wortelzaad en groenlands mos, op de een of andere manier de regeneratie van de lever.<\/em><br \/>\n~Kurt Schnaubelt, <strong>The Healing Intelligence of Essential Oils<\/strong><\/p>\n<p style=\"text-align: center;\"><em> Door het werk van Anne-Marie Giraud-Robert. Zij schrijft het vermogen om verhoogde concentraties transaminase-enzymen te verlagen toe aan deze olie. Met andere woorden, de essenti\u00eble olie keert de degeneratieve processen in de lever om en herstelt de integriteit van zijn celmembranen!<\/em><br \/>\n~Kurt Schnaubelt, <strong>The Healing Intelligence of Essential Oils<\/strong><\/p>\n<h3>Traditionele, mentale, fysieke en emotionele voordelen<\/h3>\n<p>Groenlands Mos olie wordt van oudsher gebruikt om de nieren en de lever te ontgiften, ontstekingen in de nieren te verminderen, slapeloosheid te verlichten, allergiesymptomen te verlichten, de lever te stimuleren, maagklachten te verzachten, de ademhaling te bevorderen, en emoties los te laten die in het lichaam vastzitten.<\/p>\n<p>&nbsp;<\/p>\n<p><img fetchpriority=\"high\" decoding=\"async\" class=\"size-medium wp-image-68103 aligncenter\" src=\"https:\/\/dutchhealthstore.com\/wp-content\/uploads\/2018\/02\/Living-Libations-Organic-Logo-800x89.png\" alt=\"Living Libations - Organic Logo\" width=\"800\" height=\"89\" srcset=\"https:\/\/dutchhealthstore.com\/wp-content\/uploads\/2018\/02\/Living-Libations-Organic-Logo-800x89.png 800w, https:\/\/dutchhealthstore.com\/wp-content\/uploads\/2018\/02\/Living-Libations-Organic-Logo-510x57.png 510w, https:\/\/dutchhealthstore.com\/wp-content\/uploads\/2018\/02\/Living-Libations-Organic-Logo-768x85.png 768w, https:\/\/dutchhealthstore.com\/wp-content\/uploads\/2018\/02\/Living-Libations-Organic-Logo.png 1400w\" sizes=\"(max-width: 800px) 100vw, 800px\" \/><\/p>\n<p>&nbsp;<\/p>\n","protected":false},"excerpt":{"rendered":"<p>Onze <strong>Greenland Moss Essential Oil<\/strong> is een krachtig helende, fris geurende olie die beelden oproept van ongestoorde, bedauwde, maanverlichte wildernis. Zelfs met zijn wilde bosgeur is Greenland Moss oil een van de krachtigste essenti\u00eble oli\u00ebn in het arsenaal van Living Libations.<\/p>\n","protected":false},"featured_media":113512,"comment_status":"open","ping_status":"closed","template":"","meta":[],"product_brand":[],"product_cat":[6731,1506,2465,1208,1006,510,6730],"product_tag":[4496],"class_list":{"0":"post-118909","1":"product","2":"type-product","3":"status-publish","4":"has-post-thumbnail","6":"product_cat-essential-oils-nl","7":"product_cat-essentiele-olien-living-libations","8":"product_cat-etherische-olien","9":"product_cat-living-libations-nederland","10":"product_cat-merken","11":"product_cat-shop-winkel","12":"product_cat-wellness-nl","13":"product_tag-essential-oil-nl","14":"pa_brand-livinglibations-nl","15":"pa_essential-oils-product-type-essential-oils-nl","16":"pa_size-5-ml-nl","17":"pa_size-15-ml-nl","18":"pa_size-30-ml-nl","20":"first","21":"instock","22":"taxable","23":"shipping-taxable","24":"purchasable","25":"product-type-variable"},"bundled_by":[],"bundle_stock_status":"instock","bundle_stock_quantity":null,"bundle_virtual":false,"bundle_layout":"","bundle_add_to_cart_form_location":"","bundle_editable_in_cart":false,"bundle_sold_individually_context":"","bundle_item_grouping":"","bundle_min_size":"","bundle_max_size":"","bundle_price":[],"bundled_items":[],"bundle_sell_ids":[],"atum_controlled":true,"out_stock_date":null,"out_stock_threshold":null,"inheritable":true,"stock_on_hold":0,"sold_today":0,"sales_last_days":0,"out_stock_days":0,"lost_sales":0,"update_date":"2026-04-06T01:47:22","atum_locations":[],"atum_stock_status":"instock","restock_status":false,"low_stock_amount":"","sales_update_date":"2026-04-06T01:47:22","calc_backorders":null,"group_of_quantity":0,"min_quantity":0,"max_quantity":"","exclude_order_quantity_value_rules":"no","exclude_category_quantity_rules":"no","combine_variations":"no","yoast_head":"<!-- This site is optimized with the Yoast SEO Premium plugin v26.5 (Yoast SEO v26.5) - https:\/\/yoast.com\/wordpress\/plugins\/seo\/ -->\n<title>Greenland Moss Essential Oil | Living Libations<\/title>\n<meta name=\"description\" content=\"Onze Greenland Moss Essential Oil is een krachtig helende, fris geurende olie die beelden oproept van ongestoorde, bedauwde, maanverlichte wildernis.\" \/>\n<meta name=\"robots\" content=\"index, follow, max-snippet:-1, max-image-preview:large, max-video-preview:-1\" \/>\n<link rel=\"canonical\" href=\"https:\/\/dutchhealthstore.com\/nl\/product\/greenland-moss-essential-oil\/\" \/>\n<meta property=\"og:locale\" content=\"nl_NL\" \/>\n<meta property=\"og:type\" content=\"article\" \/>\n<meta property=\"og:title\" content=\"Greenland Moss Essential Oil - Dutch Health Store\" \/>\n<meta property=\"og:description\" content=\"Onze Greenland Moss Essential Oil is een krachtig helende, fris geurende olie die beelden oproept van ongestoorde, bedauwde, maanverlichte wildernis.\" \/>\n<meta property=\"og:url\" content=\"https:\/\/dutchhealthstore.com\/nl\/product\/greenland-moss-essential-oil\/\" \/>\n<meta property=\"og:site_name\" content=\"Dutch Health Store\" \/>\n<meta property=\"article:publisher\" content=\"https:\/\/www.instagram.com\/dutchhealthstore\/\" \/>\n<meta property=\"article:modified_time\" content=\"2024-03-08T14:59:29+00:00\" \/>\n<meta property=\"og:image\" content=\"https:\/\/dutchhealthstore.com\/wp-content\/uploads\/2018\/02\/Living-Libations-Greenland-Moss-Essential-Oil-e1594713594289.png\" \/>\n\t<meta property=\"og:image:width\" content=\"500\" \/>\n\t<meta property=\"og:image:height\" content=\"500\" \/>\n\t<meta property=\"og:image:type\" content=\"image\/jpeg\" \/>\n<meta name=\"twitter:card\" content=\"summary_large_image\" \/>\n<meta name=\"twitter:label1\" content=\"Beschikbaarheid\" \/>\n\t<meta name=\"twitter:data1\" content=\"Op voorraad\" \/>\n<script type=\"application\/ld+json\" class=\"yoast-schema-graph\">{\"@context\":\"https:\/\/schema.org\",\"@graph\":[{\"@type\":\"WebPage\",\"@id\":\"https:\/\/dutchhealthstore.com\/nl\/product\/greenland-moss-essential-oil\/\",\"url\":\"https:\/\/dutchhealthstore.com\/nl\/product\/greenland-moss-essential-oil\/\",\"name\":\"Greenland Moss Essential Oil | Living Libations\",\"isPartOf\":{\"@id\":\"https:\/\/dutchhealthstore.com\/nl\/#website\"},\"primaryImageOfPage\":{\"@id\":\"https:\/\/dutchhealthstore.com\/nl\/product\/greenland-moss-essential-oil\/#primaryimage\"},\"image\":{\"@id\":\"https:\/\/dutchhealthstore.com\/nl\/product\/greenland-moss-essential-oil\/#primaryimage\"},\"thumbnailUrl\":\"https:\/\/dutchhealthstore.com\/wp-content\/uploads\/2018\/02\/Living-Libations-Greenland-Moss-Essential-Oil-e1594713594289.png\",\"datePublished\":\"2018-02-10T19:59:09+00:00\",\"dateModified\":\"2024-03-08T14:59:29+00:00\",\"description\":\"Onze Greenland Moss Essential Oil is een krachtig helende, fris geurende olie die beelden oproept van ongestoorde, bedauwde, maanverlichte wildernis.\",\"breadcrumb\":{\"@id\":\"https:\/\/dutchhealthstore.com\/nl\/product\/greenland-moss-essential-oil\/#breadcrumb\"},\"inLanguage\":\"nl-NL\",\"potentialAction\":[{\"@type\":\"ReadAction\",\"target\":[\"https:\/\/dutchhealthstore.com\/nl\/product\/greenland-moss-essential-oil\/\"]}]},{\"@type\":\"ImageObject\",\"inLanguage\":\"nl-NL\",\"@id\":\"https:\/\/dutchhealthstore.com\/nl\/product\/greenland-moss-essential-oil\/#primaryimage\",\"url\":\"https:\/\/dutchhealthstore.com\/wp-content\/uploads\/2018\/02\/Living-Libations-Greenland-Moss-Essential-Oil-e1594713594289.png\",\"contentUrl\":\"https:\/\/dutchhealthstore.com\/wp-content\/uploads\/2018\/02\/Living-Libations-Greenland-Moss-Essential-Oil-e1594713594289.png\",\"width\":500,\"height\":500,\"caption\":\"Living Libations Greenland Moss Essential Oil\"},{\"@type\":\"BreadcrumbList\",\"@id\":\"https:\/\/dutchhealthstore.com\/nl\/product\/greenland-moss-essential-oil\/#breadcrumb\",\"itemListElement\":[{\"@type\":\"ListItem\",\"position\":1,\"name\":\"Home\",\"item\":\"https:\/\/dutchhealthstore.com\/nl\/\"},{\"@type\":\"ListItem\",\"position\":2,\"name\":\"Shop\",\"item\":\"https:\/\/dutchhealthstore.com\/nl\/shop\/\"},{\"@type\":\"ListItem\",\"position\":3,\"name\":\"Greenland Moss Essential Oil\"}]},{\"@type\":\"WebSite\",\"@id\":\"https:\/\/dutchhealthstore.com\/nl\/#website\",\"url\":\"https:\/\/dutchhealthstore.com\/nl\/\",\"name\":\"Dutch Health Store\",\"description\":\"Enhance Your Beauty with Organic &amp; Natural Skincare\",\"publisher\":{\"@id\":\"https:\/\/dutchhealthstore.com\/nl\/#organization\"},\"potentialAction\":[{\"@type\":\"SearchAction\",\"target\":{\"@type\":\"EntryPoint\",\"urlTemplate\":\"https:\/\/dutchhealthstore.com\/nl\/?s={search_term_string}\"},\"query-input\":{\"@type\":\"PropertyValueSpecification\",\"valueRequired\":true,\"valueName\":\"search_term_string\"}}],\"inLanguage\":\"nl-NL\"},{\"@type\":\"Organization\",\"@id\":\"https:\/\/dutchhealthstore.com\/nl\/#organization\",\"name\":\"Dutch Health Store\",\"url\":\"https:\/\/dutchhealthstore.com\/nl\/\",\"logo\":{\"@type\":\"ImageObject\",\"inLanguage\":\"nl-NL\",\"@id\":\"https:\/\/dutchhealthstore.com\/nl\/#\/schema\/logo\/image\/\",\"url\":\"https:\/\/dutchhealthstore.com\/wp-content\/uploads\/2020\/08\/logo-dutchhealthstore-jpg-e1599484957574.jpg\",\"contentUrl\":\"https:\/\/dutchhealthstore.com\/wp-content\/uploads\/2020\/08\/logo-dutchhealthstore-jpg-e1599484957574.jpg\",\"width\":400,\"height\":62,\"caption\":\"Dutch Health Store\"},\"image\":{\"@id\":\"https:\/\/dutchhealthstore.com\/nl\/#\/schema\/logo\/image\/\"},\"sameAs\":[\"https:\/\/www.instagram.com\/dutchhealthstore\/\",\"https:\/\/www.facebook.com\/dutchhealthstore\"]}]}<\/script>\n<meta property=\"product:brand\" content=\"Living Libations\" \/>\n<meta property=\"og:availability\" content=\"instock\" \/>\n<meta property=\"product:availability\" content=\"instock\" \/>\n<meta property=\"product:condition\" content=\"new\" \/>\n<!-- \/ Yoast SEO Premium plugin. -->","yoast_head_json":{"title":"Greenland Moss Essential Oil | Living Libations","description":"Onze Greenland Moss Essential Oil is een krachtig helende, fris geurende olie die beelden oproept van ongestoorde, bedauwde, maanverlichte wildernis.","robots":{"index":"index","follow":"follow","max-snippet":"max-snippet:-1","max-image-preview":"max-image-preview:large","max-video-preview":"max-video-preview:-1"},"canonical":"https:\/\/dutchhealthstore.com\/nl\/product\/greenland-moss-essential-oil\/","og_locale":"nl_NL","og_type":"article","og_title":"Greenland Moss Essential Oil - Dutch Health Store","og_description":"Onze Greenland Moss Essential Oil is een krachtig helende, fris geurende olie die beelden oproept van ongestoorde, bedauwde, maanverlichte wildernis.","og_url":"https:\/\/dutchhealthstore.com\/nl\/product\/greenland-moss-essential-oil\/","og_site_name":"Dutch Health Store","article_publisher":"https:\/\/www.instagram.com\/dutchhealthstore\/","article_modified_time":"2024-03-08T14:59:29+00:00","og_image":[{"width":500,"height":500,"url":"https:\/\/dutchhealthstore.com\/wp-content\/uploads\/2018\/02\/Living-Libations-Greenland-Moss-Essential-Oil-e1594713594289.png","type":"image\/jpeg"}],"twitter_card":"summary_large_image","twitter_misc":{"Beschikbaarheid":"Op voorraad"},"schema":{"@context":"https:\/\/schema.org","@graph":[{"@type":"WebPage","@id":"https:\/\/dutchhealthstore.com\/nl\/product\/greenland-moss-essential-oil\/","url":"https:\/\/dutchhealthstore.com\/nl\/product\/greenland-moss-essential-oil\/","name":"Greenland Moss Essential Oil | Living Libations","isPartOf":{"@id":"https:\/\/dutchhealthstore.com\/nl\/#website"},"primaryImageOfPage":{"@id":"https:\/\/dutchhealthstore.com\/nl\/product\/greenland-moss-essential-oil\/#primaryimage"},"image":{"@id":"https:\/\/dutchhealthstore.com\/nl\/product\/greenland-moss-essential-oil\/#primaryimage"},"thumbnailUrl":"https:\/\/dutchhealthstore.com\/wp-content\/uploads\/2018\/02\/Living-Libations-Greenland-Moss-Essential-Oil-e1594713594289.png","datePublished":"2018-02-10T19:59:09+00:00","dateModified":"2024-03-08T14:59:29+00:00","description":"Onze Greenland Moss Essential Oil is een krachtig helende, fris geurende olie die beelden oproept van ongestoorde, bedauwde, maanverlichte wildernis.","breadcrumb":{"@id":"https:\/\/dutchhealthstore.com\/nl\/product\/greenland-moss-essential-oil\/#breadcrumb"},"inLanguage":"nl-NL","potentialAction":[{"@type":"ReadAction","target":["https:\/\/dutchhealthstore.com\/nl\/product\/greenland-moss-essential-oil\/"]}]},{"@type":"ImageObject","inLanguage":"nl-NL","@id":"https:\/\/dutchhealthstore.com\/nl\/product\/greenland-moss-essential-oil\/#primaryimage","url":"https:\/\/dutchhealthstore.com\/wp-content\/uploads\/2018\/02\/Living-Libations-Greenland-Moss-Essential-Oil-e1594713594289.png","contentUrl":"https:\/\/dutchhealthstore.com\/wp-content\/uploads\/2018\/02\/Living-Libations-Greenland-Moss-Essential-Oil-e1594713594289.png","width":500,"height":500,"caption":"Living Libations Greenland Moss Essential Oil"},{"@type":"BreadcrumbList","@id":"https:\/\/dutchhealthstore.com\/nl\/product\/greenland-moss-essential-oil\/#breadcrumb","itemListElement":[{"@type":"ListItem","position":1,"name":"Home","item":"https:\/\/dutchhealthstore.com\/nl\/"},{"@type":"ListItem","position":2,"name":"Shop","item":"https:\/\/dutchhealthstore.com\/nl\/shop\/"},{"@type":"ListItem","position":3,"name":"Greenland Moss Essential Oil"}]},{"@type":"WebSite","@id":"https:\/\/dutchhealthstore.com\/nl\/#website","url":"https:\/\/dutchhealthstore.com\/nl\/","name":"Dutch Health Store","description":"Enhance Your Beauty with Organic &amp; Natural Skincare","publisher":{"@id":"https:\/\/dutchhealthstore.com\/nl\/#organization"},"potentialAction":[{"@type":"SearchAction","target":{"@type":"EntryPoint","urlTemplate":"https:\/\/dutchhealthstore.com\/nl\/?s={search_term_string}"},"query-input":{"@type":"PropertyValueSpecification","valueRequired":true,"valueName":"search_term_string"}}],"inLanguage":"nl-NL"},{"@type":"Organization","@id":"https:\/\/dutchhealthstore.com\/nl\/#organization","name":"Dutch Health Store","url":"https:\/\/dutchhealthstore.com\/nl\/","logo":{"@type":"ImageObject","inLanguage":"nl-NL","@id":"https:\/\/dutchhealthstore.com\/nl\/#\/schema\/logo\/image\/","url":"https:\/\/dutchhealthstore.com\/wp-content\/uploads\/2020\/08\/logo-dutchhealthstore-jpg-e1599484957574.jpg","contentUrl":"https:\/\/dutchhealthstore.com\/wp-content\/uploads\/2020\/08\/logo-dutchhealthstore-jpg-e1599484957574.jpg","width":400,"height":62,"caption":"Dutch Health Store"},"image":{"@id":"https:\/\/dutchhealthstore.com\/nl\/#\/schema\/logo\/image\/"},"sameAs":["https:\/\/www.instagram.com\/dutchhealthstore\/","https:\/\/www.facebook.com\/dutchhealthstore"]}]},"product_brand":"Living Libations","og_availability":"instock","product_availability":"instock","product_condition":"new"},"_links":{"self":[{"href":"https:\/\/dutchhealthstore.com\/nl\/wp-json\/wp\/v2\/product\/118909","targetHints":{"allow":["GET"]}}],"collection":[{"href":"https:\/\/dutchhealthstore.com\/nl\/wp-json\/wp\/v2\/product"}],"about":[{"href":"https:\/\/dutchhealthstore.com\/nl\/wp-json\/wp\/v2\/types\/product"}],"replies":[{"embeddable":true,"href":"https:\/\/dutchhealthstore.com\/nl\/wp-json\/wp\/v2\/comments?post=118909"}],"wp:featuredmedia":[{"embeddable":true,"href":"https:\/\/dutchhealthstore.com\/nl\/wp-json\/wp\/v2\/media\/113512"}],"wp:attachment":[{"href":"https:\/\/dutchhealthstore.com\/nl\/wp-json\/wp\/v2\/media?parent=118909"}],"wp:term":[{"taxonomy":"product_brand","embeddable":true,"href":"https:\/\/dutchhealthstore.com\/nl\/wp-json\/wp\/v2\/product_brand?post=118909"},{"taxonomy":"product_cat","embeddable":true,"href":"https:\/\/dutchhealthstore.com\/nl\/wp-json\/wp\/v2\/product_cat?post=118909"},{"taxonomy":"product_tag","embeddable":true,"href":"https:\/\/dutchhealthstore.com\/nl\/wp-json\/wp\/v2\/product_tag?post=118909"}],"curies":[{"name":"wp","href":"https:\/\/api.w.org\/{rel}","templated":true}]}}