{"id":118494,"date":"2018-02-10T19:50:06","date_gmt":"2018-02-10T18:50:06","guid":{"rendered":"https:\/\/dutchhealthstore.com\/product\/fragonia-essential-oil\/"},"modified":"2026-03-12T13:09:50","modified_gmt":"2026-03-12T12:09:50","slug":"fragonia-essential-oil","status":"publish","type":"product","link":"https:\/\/dutchhealthstore.com\/nl\/product\/fragonia-essential-oil\/","title":{"rendered":"Fragonia Essential Oil"},"content":{"rendered":"<p><img decoding=\"async\" class=\"size-full wp-image-69549 alignright\" src=\"https:\/\/dutchhealthstore.com\/wp-content\/uploads\/2019\/08\/NEW-Living-Libations-Logo.jpg\" alt=\"NEW - Living Libations - Logo\" width=\"175\" height=\"82\"><strong>Botanische naam:<\/strong> <em>Agonis fragrans<\/em><br \/>\n<strong>Extractiemethode:<\/strong> Stoom<br \/>\n<strong>Gedistilleerd deel van de plant:<\/strong> Bloemen<br \/>\n<strong>Land van herkomst:<\/strong> Australi\u00eb<br \/>\n<strong>Teeltmethode:<\/strong> Wild<\/p>\n<h3>Geur Beschrijving<\/h3>\n<p>Zeer frisse, kamferachtige topnoot, kruidig-hooi met een licht bloemig hart, vluchtige fruitaspecten en een licht balsamico-droogte.<\/p>\n<h3>Past goed bij<\/h3>\n<p>Bergamot, Roos Otto, Lavendel, Grapefruit, Palmarosa, Citroen Myrtle, Frankincense, Douglas Fir, Cape Chamomille en Clary Sage.<\/p>\n<p><strong>Grootte: 5 ml en 15 ml<\/strong><\/p>\n<h3>Gebruikt<\/h3>\n<p>antibacterieel, schimmelwerend, infectiewerend, antimicrobieel, ontstekingsremmend, slijmoplossend, stimulerend voor het immuunsysteem, antidepressivum<\/p>\n<p>Krijg onmiddellijk toegang tot innerlijke rust en Zen-achtige kalmte met de kalmerende kracht van Fragonia Essential Oil. De lichte en geurige eigenschappen van Fragonia worden vergeleken met die van lavendel, en de geneeskrachtige werking is vergelijkbaar met die van tea tree olie. Fragonia bevordert een essentie van evenwicht in alle dingen: lichaam, geest, ziel en de buitenwereld. Met Fragonia kunnen negatieve emoties uit het verleden eindelijk worden losgelaten, en brengen lichaam en ziel zichzelf weer in harmonie met het huidige moment.<\/p>\n<p>De bloemen van de Fragonia plant bevatten krachtige antimicrobi\u00eble stoffen die effectief zijn gebleken bij de behandeling van bacteri\u00eble tonsillitis en spruw. Omdat de natuurlijke bestanddelen het lichaam in evenwicht proberen te brengen, reguleren ze hormonale onevenwichtigheden zoals die welke menstruatieklachten veroorzaken. Uit klinisch onderzoek in Australi\u00eb bleek zelfs dat Fragonia-olie alleen al voldoende was om krampen, een opgeblazen gevoel, irritatie en depressie in verband met de menstruatie te elimineren.<\/p>\n<p>Fragonia Essential Oil ondersteunt diepe veranderingen in onze psyche. Het is een prachtige gids in tijden van nood, en in tijden van diepe innerlijke onrust. Fragonia helpt ons het verleden los te laten, begraven emotionele trauma&#8217;s te helen en de innerlijke stormen te doorstaan die in ons allen woeden. Als u een relatie be\u00ebindigt, van baan verandert, naar een nieuwe stad verhuist, of jeugdgebeurtenissen onderzoekt, zal de Fragonia Essential Oil van Living Libations uw wijze, aromatische gids zijn.<\/p>\n<p style=\"text-align: center;\"><em>&#8220;Het is een uiterst aantrekkelijke olie. Ik ben nog niemand tegengekomen die er niet van houdt. Vanuit scheikundig oogpunt valt de uiterst evenwichtige samenstelling van de olie op. Toen ik met de resultaten van de GC-analyse bezig was, viel het me op dat ik voor het eerst naar een unieke formule zat te kijken. Ik heb het hier niet over de individuele moleculen waaruit de olie bestaat. Ik doel op de respectieve verhoudingen tussen de families van bestanddelen en de verhoudingen tussen de afzonderlijke bestanddelen, met name binnen de monoterpenolen. Ik was verbaasd toen ik ontdekte dat het heilige getal dat bekend staat als de gulden snede bijna perfect tot uitdrukking kwam in de chemie van deze essenti\u00eble olie. Wat betekent dat besef? Het betekent dat we verder moeten gaan dan de analytische chemie om op holistische wijze de unieke kracht van harmonisatie en herbalancering van deze olie te begrijpen. Het is niet alleen dat deze olie nuttig is voor de luchtwegen of verschillende infectieziekten, wat is bewezen door proeven op verschillende bacteriestammen.&#8221;<\/em><br \/>\n~ Dr. Daniel Pen\u00f6el, <strong>(Franse arts, gespecialiseerd in het therapeutisch gebruik van essenti\u00eble oli\u00ebn)<\/strong><\/p>\n<h3>Traditionele, mentale, fysieke en emotionele voordelen<\/h3>\n<p>Zuivert de sinussen en borstkas van congestie, verlicht pijn in gewrichten en spieren, laat negativiteit en diepgewortelde emotionele littekens los, ondersteunt gevoelens van zelfliefde en liefde voor anderen, helpt lichaam en geest in balans te komen, wordt gebruikt als mild parfum, verlicht jetlag, herstelt de homeostase.<\/p>\n<h3>Organische Ingredi\u00ebnten<\/h3>\n<p>100% fragonia (Agonis fragrans) etherische olie.<\/p>\n<p><img fetchpriority=\"high\" decoding=\"async\" class=\"size-medium wp-image-68103 aligncenter\" src=\"https:\/\/dutchhealthstore.com\/wp-content\/uploads\/2018\/02\/Living-Libations-Organic-Logo-800x89.png\" alt=\"Living Libations - Organic Logo\" width=\"800\" height=\"89\" srcset=\"https:\/\/dutchhealthstore.com\/wp-content\/uploads\/2018\/02\/Living-Libations-Organic-Logo-800x89.png 800w, https:\/\/dutchhealthstore.com\/wp-content\/uploads\/2018\/02\/Living-Libations-Organic-Logo-510x57.png 510w, https:\/\/dutchhealthstore.com\/wp-content\/uploads\/2018\/02\/Living-Libations-Organic-Logo-768x85.png 768w, https:\/\/dutchhealthstore.com\/wp-content\/uploads\/2018\/02\/Living-Libations-Organic-Logo.png 1400w\" sizes=\"(max-width: 800px) 100vw, 800px\" \/><\/p>\n","protected":false},"excerpt":{"rendered":"<p>Geniet van de evenwichtige perfectie van <strong>Living Libations<\/strong>&#8216; Fragonia Essential Oil. Afkomstig van de wilde, vriendelijke winden van de Australische outback, zijn de elementen in Fragonia olie perfect in balans. Wanneer je jezelf omringt met zulke evenwichtige elementen, zul je je eigen innerlijke staat van perfecte homeostase ontdekken. Zacht maar krachtig, onze Fragonia olie verlicht spierpijn, keert luchtweginfecties om en stimuleert het immuunsysteem. Van het meeslepende aroma wordt gezegd dat het een uiterst krachtige emotionele genezer is.<\/p>\n","protected":false},"featured_media":292682,"comment_status":"open","ping_status":"closed","template":"","meta":[],"product_brand":[],"product_cat":[6731,1506,2465,1208,1006,510,6730],"product_tag":[4496],"class_list":{"0":"post-118494","1":"product","2":"type-product","3":"status-publish","4":"has-post-thumbnail","6":"product_cat-essential-oils-nl","7":"product_cat-essentiele-olien-living-libations","8":"product_cat-etherische-olien","9":"product_cat-living-libations-nederland","10":"product_cat-merken","11":"product_cat-shop-winkel","12":"product_cat-wellness-nl","13":"product_tag-essential-oil-nl","14":"pa_brand-livinglibations-nl","15":"pa_essential-oils-product-type-essential-oils-nl","16":"pa_size-5-ml-nl","17":"pa_size-15-ml-nl","19":"first","20":"instock","21":"taxable","22":"shipping-taxable","23":"purchasable","24":"product-type-variable"},"bundled_by":[],"bundle_stock_status":"instock","bundle_stock_quantity":null,"bundle_virtual":false,"bundle_layout":"","bundle_add_to_cart_form_location":"","bundle_editable_in_cart":false,"bundle_sold_individually_context":"","bundle_item_grouping":"","bundle_min_size":"","bundle_max_size":"","bundle_price":[],"bundled_items":[],"bundle_sell_ids":[],"atum_controlled":true,"out_stock_date":null,"out_stock_threshold":null,"inheritable":true,"stock_on_hold":0,"sold_today":0,"sales_last_days":0,"out_stock_days":0,"lost_sales":0,"update_date":"2026-04-11T00:01:09","atum_locations":[],"atum_stock_status":"instock","restock_status":false,"low_stock_amount":"","sales_update_date":"2026-04-11T00:01:09","calc_backorders":null,"group_of_quantity":0,"min_quantity":0,"max_quantity":"","exclude_order_quantity_value_rules":"no","exclude_category_quantity_rules":"no","combine_variations":"no","yoast_head":"<!-- This site is optimized with the Yoast SEO Premium plugin v26.5 (Yoast SEO v26.5) - https:\/\/yoast.com\/wordpress\/plugins\/seo\/ -->\n<title>Fragonia Essential Oil - Living Libations<\/title>\n<meta name=\"description\" content=\"Krijg onmiddellijk toegang tot innerlijke rust en Zen-achtige kalmte met de kalmerende kracht van Fragonia Essential Oil (Living Libations).\" \/>\n<meta name=\"robots\" content=\"index, follow, max-snippet:-1, max-image-preview:large, max-video-preview:-1\" \/>\n<link rel=\"canonical\" href=\"https:\/\/dutchhealthstore.com\/nl\/product\/fragonia-essential-oil\/\" \/>\n<meta property=\"og:locale\" content=\"nl_NL\" \/>\n<meta property=\"og:type\" content=\"article\" \/>\n<meta property=\"og:title\" content=\"Fragonia Essential Oil - Dutch Health Store\" \/>\n<meta property=\"og:description\" content=\"Krijg onmiddellijk toegang tot innerlijke rust en Zen-achtige kalmte met de kalmerende kracht van Fragonia Essential Oil (Living Libations).\" \/>\n<meta property=\"og:url\" content=\"https:\/\/dutchhealthstore.com\/nl\/product\/fragonia-essential-oil\/\" \/>\n<meta property=\"og:site_name\" content=\"Dutch Health Store\" \/>\n<meta property=\"article:publisher\" content=\"https:\/\/www.instagram.com\/dutchhealthstore\/\" \/>\n<meta property=\"article:modified_time\" content=\"2026-03-12T12:09:50+00:00\" \/>\n<meta property=\"og:image\" content=\"https:\/\/dutchhealthstore.com\/wp-content\/uploads\/2018\/02\/Fragonia_Essential_Oil_Living_Libations_Europe.jpg\" \/>\n\t<meta property=\"og:image:width\" content=\"640\" \/>\n\t<meta property=\"og:image:height\" content=\"480\" \/>\n\t<meta property=\"og:image:type\" content=\"image\/jpeg\" \/>\n<meta name=\"twitter:card\" content=\"summary_large_image\" \/>\n<meta name=\"twitter:label1\" content=\"Beschikbaarheid\" \/>\n\t<meta name=\"twitter:data1\" content=\"Op voorraad\" \/>\n<script type=\"application\/ld+json\" class=\"yoast-schema-graph\">{\"@context\":\"https:\/\/schema.org\",\"@graph\":[{\"@type\":\"WebPage\",\"@id\":\"https:\/\/dutchhealthstore.com\/nl\/product\/fragonia-essential-oil\/\",\"url\":\"https:\/\/dutchhealthstore.com\/nl\/product\/fragonia-essential-oil\/\",\"name\":\"Fragonia Essential Oil - Living Libations\",\"isPartOf\":{\"@id\":\"https:\/\/dutchhealthstore.com\/nl\/#website\"},\"primaryImageOfPage\":{\"@id\":\"https:\/\/dutchhealthstore.com\/nl\/product\/fragonia-essential-oil\/#primaryimage\"},\"image\":{\"@id\":\"https:\/\/dutchhealthstore.com\/nl\/product\/fragonia-essential-oil\/#primaryimage\"},\"thumbnailUrl\":\"https:\/\/dutchhealthstore.com\/wp-content\/uploads\/2018\/02\/fragonia_c80fa6e7-6f0c-4f40-bc26-f55610d0a157_1024x1024@2x.webp\",\"datePublished\":\"2018-02-10T18:50:06+00:00\",\"dateModified\":\"2026-03-12T12:09:50+00:00\",\"description\":\"Krijg onmiddellijk toegang tot innerlijke rust en Zen-achtige kalmte met de kalmerende kracht van Fragonia Essential Oil (Living Libations).\",\"breadcrumb\":{\"@id\":\"https:\/\/dutchhealthstore.com\/nl\/product\/fragonia-essential-oil\/#breadcrumb\"},\"inLanguage\":\"nl-NL\",\"potentialAction\":[{\"@type\":\"ReadAction\",\"target\":[\"https:\/\/dutchhealthstore.com\/nl\/product\/fragonia-essential-oil\/\"]}]},{\"@type\":\"ImageObject\",\"inLanguage\":\"nl-NL\",\"@id\":\"https:\/\/dutchhealthstore.com\/nl\/product\/fragonia-essential-oil\/#primaryimage\",\"url\":\"https:\/\/dutchhealthstore.com\/wp-content\/uploads\/2018\/02\/fragonia_c80fa6e7-6f0c-4f40-bc26-f55610d0a157_1024x1024@2x.webp\",\"contentUrl\":\"https:\/\/dutchhealthstore.com\/wp-content\/uploads\/2018\/02\/fragonia_c80fa6e7-6f0c-4f40-bc26-f55610d0a157_1024x1024@2x.webp\",\"width\":1200,\"height\":1200},{\"@type\":\"BreadcrumbList\",\"@id\":\"https:\/\/dutchhealthstore.com\/nl\/product\/fragonia-essential-oil\/#breadcrumb\",\"itemListElement\":[{\"@type\":\"ListItem\",\"position\":1,\"name\":\"Home\",\"item\":\"https:\/\/dutchhealthstore.com\/nl\/\"},{\"@type\":\"ListItem\",\"position\":2,\"name\":\"Shop\",\"item\":\"https:\/\/dutchhealthstore.com\/nl\/shop\/\"},{\"@type\":\"ListItem\",\"position\":3,\"name\":\"Fragonia Essential Oil\"}]},{\"@type\":\"WebSite\",\"@id\":\"https:\/\/dutchhealthstore.com\/nl\/#website\",\"url\":\"https:\/\/dutchhealthstore.com\/nl\/\",\"name\":\"Dutch Health Store\",\"description\":\"Enhance Your Beauty with Organic &amp; Natural Skincare\",\"publisher\":{\"@id\":\"https:\/\/dutchhealthstore.com\/nl\/#organization\"},\"potentialAction\":[{\"@type\":\"SearchAction\",\"target\":{\"@type\":\"EntryPoint\",\"urlTemplate\":\"https:\/\/dutchhealthstore.com\/nl\/?s={search_term_string}\"},\"query-input\":{\"@type\":\"PropertyValueSpecification\",\"valueRequired\":true,\"valueName\":\"search_term_string\"}}],\"inLanguage\":\"nl-NL\"},{\"@type\":\"Organization\",\"@id\":\"https:\/\/dutchhealthstore.com\/nl\/#organization\",\"name\":\"Dutch Health Store\",\"url\":\"https:\/\/dutchhealthstore.com\/nl\/\",\"logo\":{\"@type\":\"ImageObject\",\"inLanguage\":\"nl-NL\",\"@id\":\"https:\/\/dutchhealthstore.com\/nl\/#\/schema\/logo\/image\/\",\"url\":\"https:\/\/dutchhealthstore.com\/wp-content\/uploads\/2020\/08\/logo-dutchhealthstore-jpg-e1599484957574.jpg\",\"contentUrl\":\"https:\/\/dutchhealthstore.com\/wp-content\/uploads\/2020\/08\/logo-dutchhealthstore-jpg-e1599484957574.jpg\",\"width\":400,\"height\":62,\"caption\":\"Dutch Health Store\"},\"image\":{\"@id\":\"https:\/\/dutchhealthstore.com\/nl\/#\/schema\/logo\/image\/\"},\"sameAs\":[\"https:\/\/www.instagram.com\/dutchhealthstore\/\",\"https:\/\/www.facebook.com\/dutchhealthstore\"]}]}<\/script>\n<meta property=\"product:brand\" content=\"Living Libations\" \/>\n<meta property=\"og:availability\" content=\"instock\" \/>\n<meta property=\"product:availability\" content=\"instock\" \/>\n<meta property=\"product:condition\" content=\"new\" \/>\n<!-- \/ Yoast SEO Premium plugin. -->","yoast_head_json":{"title":"Fragonia Essential Oil - Living Libations","description":"Krijg onmiddellijk toegang tot innerlijke rust en Zen-achtige kalmte met de kalmerende kracht van Fragonia Essential Oil (Living Libations).","robots":{"index":"index","follow":"follow","max-snippet":"max-snippet:-1","max-image-preview":"max-image-preview:large","max-video-preview":"max-video-preview:-1"},"canonical":"https:\/\/dutchhealthstore.com\/nl\/product\/fragonia-essential-oil\/","og_locale":"nl_NL","og_type":"article","og_title":"Fragonia Essential Oil - Dutch Health Store","og_description":"Krijg onmiddellijk toegang tot innerlijke rust en Zen-achtige kalmte met de kalmerende kracht van Fragonia Essential Oil (Living Libations).","og_url":"https:\/\/dutchhealthstore.com\/nl\/product\/fragonia-essential-oil\/","og_site_name":"Dutch Health Store","article_publisher":"https:\/\/www.instagram.com\/dutchhealthstore\/","article_modified_time":"2026-03-12T12:09:50+00:00","og_image":[{"width":640,"height":480,"url":"https:\/\/dutchhealthstore.com\/wp-content\/uploads\/2018\/02\/Fragonia_Essential_Oil_Living_Libations_Europe.jpg","type":"image\/jpeg"}],"twitter_card":"summary_large_image","twitter_misc":{"Beschikbaarheid":"Op voorraad"},"schema":{"@context":"https:\/\/schema.org","@graph":[{"@type":"WebPage","@id":"https:\/\/dutchhealthstore.com\/nl\/product\/fragonia-essential-oil\/","url":"https:\/\/dutchhealthstore.com\/nl\/product\/fragonia-essential-oil\/","name":"Fragonia Essential Oil - Living Libations","isPartOf":{"@id":"https:\/\/dutchhealthstore.com\/nl\/#website"},"primaryImageOfPage":{"@id":"https:\/\/dutchhealthstore.com\/nl\/product\/fragonia-essential-oil\/#primaryimage"},"image":{"@id":"https:\/\/dutchhealthstore.com\/nl\/product\/fragonia-essential-oil\/#primaryimage"},"thumbnailUrl":"https:\/\/dutchhealthstore.com\/wp-content\/uploads\/2018\/02\/fragonia_c80fa6e7-6f0c-4f40-bc26-f55610d0a157_1024x1024@2x.webp","datePublished":"2018-02-10T18:50:06+00:00","dateModified":"2026-03-12T12:09:50+00:00","description":"Krijg onmiddellijk toegang tot innerlijke rust en Zen-achtige kalmte met de kalmerende kracht van Fragonia Essential Oil (Living Libations).","breadcrumb":{"@id":"https:\/\/dutchhealthstore.com\/nl\/product\/fragonia-essential-oil\/#breadcrumb"},"inLanguage":"nl-NL","potentialAction":[{"@type":"ReadAction","target":["https:\/\/dutchhealthstore.com\/nl\/product\/fragonia-essential-oil\/"]}]},{"@type":"ImageObject","inLanguage":"nl-NL","@id":"https:\/\/dutchhealthstore.com\/nl\/product\/fragonia-essential-oil\/#primaryimage","url":"https:\/\/dutchhealthstore.com\/wp-content\/uploads\/2018\/02\/fragonia_c80fa6e7-6f0c-4f40-bc26-f55610d0a157_1024x1024@2x.webp","contentUrl":"https:\/\/dutchhealthstore.com\/wp-content\/uploads\/2018\/02\/fragonia_c80fa6e7-6f0c-4f40-bc26-f55610d0a157_1024x1024@2x.webp","width":1200,"height":1200},{"@type":"BreadcrumbList","@id":"https:\/\/dutchhealthstore.com\/nl\/product\/fragonia-essential-oil\/#breadcrumb","itemListElement":[{"@type":"ListItem","position":1,"name":"Home","item":"https:\/\/dutchhealthstore.com\/nl\/"},{"@type":"ListItem","position":2,"name":"Shop","item":"https:\/\/dutchhealthstore.com\/nl\/shop\/"},{"@type":"ListItem","position":3,"name":"Fragonia Essential Oil"}]},{"@type":"WebSite","@id":"https:\/\/dutchhealthstore.com\/nl\/#website","url":"https:\/\/dutchhealthstore.com\/nl\/","name":"Dutch Health Store","description":"Enhance Your Beauty with Organic &amp; Natural Skincare","publisher":{"@id":"https:\/\/dutchhealthstore.com\/nl\/#organization"},"potentialAction":[{"@type":"SearchAction","target":{"@type":"EntryPoint","urlTemplate":"https:\/\/dutchhealthstore.com\/nl\/?s={search_term_string}"},"query-input":{"@type":"PropertyValueSpecification","valueRequired":true,"valueName":"search_term_string"}}],"inLanguage":"nl-NL"},{"@type":"Organization","@id":"https:\/\/dutchhealthstore.com\/nl\/#organization","name":"Dutch Health Store","url":"https:\/\/dutchhealthstore.com\/nl\/","logo":{"@type":"ImageObject","inLanguage":"nl-NL","@id":"https:\/\/dutchhealthstore.com\/nl\/#\/schema\/logo\/image\/","url":"https:\/\/dutchhealthstore.com\/wp-content\/uploads\/2020\/08\/logo-dutchhealthstore-jpg-e1599484957574.jpg","contentUrl":"https:\/\/dutchhealthstore.com\/wp-content\/uploads\/2020\/08\/logo-dutchhealthstore-jpg-e1599484957574.jpg","width":400,"height":62,"caption":"Dutch Health Store"},"image":{"@id":"https:\/\/dutchhealthstore.com\/nl\/#\/schema\/logo\/image\/"},"sameAs":["https:\/\/www.instagram.com\/dutchhealthstore\/","https:\/\/www.facebook.com\/dutchhealthstore"]}]},"product_brand":"Living Libations","og_availability":"instock","product_availability":"instock","product_condition":"new"},"_links":{"self":[{"href":"https:\/\/dutchhealthstore.com\/nl\/wp-json\/wp\/v2\/product\/118494","targetHints":{"allow":["GET"]}}],"collection":[{"href":"https:\/\/dutchhealthstore.com\/nl\/wp-json\/wp\/v2\/product"}],"about":[{"href":"https:\/\/dutchhealthstore.com\/nl\/wp-json\/wp\/v2\/types\/product"}],"replies":[{"embeddable":true,"href":"https:\/\/dutchhealthstore.com\/nl\/wp-json\/wp\/v2\/comments?post=118494"}],"wp:featuredmedia":[{"embeddable":true,"href":"https:\/\/dutchhealthstore.com\/nl\/wp-json\/wp\/v2\/media\/292682"}],"wp:attachment":[{"href":"https:\/\/dutchhealthstore.com\/nl\/wp-json\/wp\/v2\/media?parent=118494"}],"wp:term":[{"taxonomy":"product_brand","embeddable":true,"href":"https:\/\/dutchhealthstore.com\/nl\/wp-json\/wp\/v2\/product_brand?post=118494"},{"taxonomy":"product_cat","embeddable":true,"href":"https:\/\/dutchhealthstore.com\/nl\/wp-json\/wp\/v2\/product_cat?post=118494"},{"taxonomy":"product_tag","embeddable":true,"href":"https:\/\/dutchhealthstore.com\/nl\/wp-json\/wp\/v2\/product_tag?post=118494"}],"curies":[{"name":"wp","href":"https:\/\/api.w.org\/{rel}","templated":true}]}}