{"id":118488,"date":"2020-06-25T08:20:27","date_gmt":"2020-06-25T06:20:27","guid":{"rendered":"https:\/\/dutchhealthstore.com\/product\/forest-amber-essential-oil\/"},"modified":"2025-12-11T08:56:40","modified_gmt":"2025-12-11T07:56:40","slug":"forest-amber-essential-oil","status":"publish","type":"product","link":"https:\/\/dutchhealthstore.com\/nl\/product\/forest-amber-essential-oil\/","title":{"rendered":"Forest Amber Essential Oil"},"content":{"rendered":"<p><img decoding=\"async\" class=\"size-full wp-image-69549 alignright\" src=\"https:\/\/dutchhealthstore.com\/wp-content\/uploads\/2019\/08\/NEW-Living-Libations-Logo.jpg\" alt=\"NEW - Living Libations - Logo\" width=\"175\" height=\"82\"><strong>Botanische naam:<\/strong> Pinus monophylla<br \/>\n<strong>Botanische familie:<\/strong> Pinaceae<br \/>\n<strong>Extractiemethode:<\/strong> Gestoomdistilleerd<br \/>\n<strong>Gedistilleerd deel van de plant:<\/strong> Hars<br \/>\n<strong>Land van herkomst:<\/strong> Westelijke Verenigde Staten<br \/>\n<strong>Teeltmethode:<\/strong> In het wild geoogst<br \/>\n<strong>Samenstelling:<\/strong> 100% Pinus monophylla<br \/>\n<strong>Consistentie:<\/strong> Iets dikkere dan dunne viscositeit<\/p>\n<h3>Geur Beschrijving<\/h3>\n<p>Een oude herinnering geleverd op heilige winden van Frankincense, Myrrh, en verse Red Pine.<\/p>\n<h3>Mengt goed met<\/h3>\n<p>Frankincense, Myrrh, Pine, Hyssop, Silver Fir, Grapefruit, Spikenard, Lavendel, Laurier, en Bergamot.<\/p>\n<h3>Gebruikt<\/h3>\n<p>Zalf de wenkbrauwchakra. Verspreiden. Voeg een paar druppels toe aan een warm bad. Heel fijn in massageolie.<\/p>\n<a href=\"https:\/\/dutchhealthstore.com\/wp-content\/uploads\/2020\/06\/ANALYSIS-Forest-Amber-Essential-Oil-Living-Libations-3.pdf\" class=\"button primary is-primary is-small\"  >\n\t\t<span>ANALYSE VAN ETHERISCHE OLI\u00cbN &gt;<\/span>\n\t<\/a>\n\n<p>Rijke harsachtige Forest Amber essence is een uniek aanbod in onze collectie van goddelijke distillaties. Sappig sap gevonden sprankelend op de schors van een vers gevallen Pi\u00f1on Pine boom leidde onze distilleerder om het sap te testen. Wat hij vond was een link naar het verleden, een poort naar het vroege leven van de machtige Pine. Door de oude hars te combineren met de verse essenti\u00eble olie van dezelfde boom ontstond Forest Amber.<\/p>\n<p>Terwijl Pi\u00f1on Pine cone olie bekend staat om zijn vermogen om creativiteit te verruimen en helder dromen te bevorderen, verbetert Forest Amber de tijd in drie dimensies en opent het de pijnappelklierchakra voor wat in elke richting daarbuiten ligt &#8211; verleden, heden en bos. Onze distilleerder stelt voor: doe een druppel op je voorhoofd en onder je neus, want de verweerde hars is elektromagnetisch actief in de essenti\u00eble olie.<\/p>\n<p>Voor helderheid, duidelijkheid en verbinding met momenten die voorbij zijn en die nog moeten komen, is Forest Amber essence uw verrukkelijke verbinding met de altijd aanwezige, eeuwig uitbreidende horizon van het nu.<\/p>\n<p><strong>Grootte: 5 ml en 15 ml<\/strong><\/p>\n<h3>Organische Ingredi\u00ebnten<\/h3>\n<p>100% bos amber (Pinus monophylla) essenti\u00eble olie.<\/p>\n<p style=\"text-align: center;\"><em>&#8220;Alles neigt ertoe ons te doen geloven dat er een bepaald punt in de geest bestaat waarop leven en dood, het re\u00eble en het ingebeelde, verleden en bos, het communiceerbare en het niet communiceerbare, hoog en laag, niet langer als tegenstellingen worden gezien.&#8221;<\/em><br \/>\n~ Andr\u00e9 Breton<\/p>\n<p><img fetchpriority=\"high\" decoding=\"async\" class=\"size-medium wp-image-68103 aligncenter\" src=\"https:\/\/dutchhealthstore.com\/wp-content\/uploads\/2018\/02\/Living-Libations-Organic-Logo-800x89.png\" alt=\"Living Libations - Organic Logo\" width=\"800\" height=\"89\" srcset=\"https:\/\/dutchhealthstore.com\/wp-content\/uploads\/2018\/02\/Living-Libations-Organic-Logo-800x89.png 800w, https:\/\/dutchhealthstore.com\/wp-content\/uploads\/2018\/02\/Living-Libations-Organic-Logo-510x57.png 510w, https:\/\/dutchhealthstore.com\/wp-content\/uploads\/2018\/02\/Living-Libations-Organic-Logo-768x85.png 768w, https:\/\/dutchhealthstore.com\/wp-content\/uploads\/2018\/02\/Living-Libations-Organic-Logo.png 1400w\" sizes=\"(max-width: 800px) 100vw, 800px\" \/><\/p>\n","protected":false},"excerpt":{"rendered":"<p>Geurig <strong>Forest Amber Essential Oil<\/strong> cre\u00ebert een heilige ruimte waarin verleden en bos samenkomen in het eeuwige heden.<br \/>\nForest Amber is een volledig uniek aanbod van onze distilleerder en is een gechoreografeerde co-distillatie van de rijke harsen van de Pi\u00f1on Pine met de natuurlijke essenti\u00eble oli\u00ebn van de boom.<br \/>\nSamen verbinden deze twee elementen lichaam en ziel met het oude verleden via de rijpe hars, en met de vluchtige geurige bosmoleculen van het heden via directe communicatie met de hersensferen en de wenkbrauwchakra.<\/p>\n","protected":false},"featured_media":109062,"comment_status":"open","ping_status":"closed","template":"","meta":[],"product_brand":[],"product_cat":[6731,1506,2465,1208,1006,6730],"product_tag":[21666,4496,21807,21527],"class_list":{"0":"post-118488","1":"product","2":"type-product","3":"status-publish","4":"has-post-thumbnail","6":"product_cat-essential-oils-nl","7":"product_cat-essentiele-olien-living-libations","8":"product_cat-etherische-olien","9":"product_cat-living-libations-nederland","10":"product_cat-merken","11":"product_cat-wellness-nl","12":"product_tag-aroma-nl","13":"product_tag-essential-oil-nl","14":"product_tag-natural-nl","15":"product_tag-ontspannend","16":"pa_brand-livinglibations-nl","17":"pa_essential-oils-product-type-essential-oils-nl","18":"pa_size-5-ml-nl","19":"pa_size-15-ml-nl","21":"first","22":"instock","23":"taxable","24":"shipping-taxable","25":"purchasable","26":"product-type-variable"},"bundled_by":[],"bundle_stock_status":"instock","bundle_stock_quantity":null,"bundle_virtual":false,"bundle_layout":"","bundle_add_to_cart_form_location":"","bundle_editable_in_cart":false,"bundle_sold_individually_context":"","bundle_item_grouping":"","bundle_min_size":"","bundle_max_size":"","bundle_price":[],"bundled_items":[],"bundle_sell_ids":[],"atum_controlled":true,"out_stock_date":null,"out_stock_threshold":null,"inheritable":true,"stock_on_hold":0,"sold_today":0,"sales_last_days":0,"out_stock_days":0,"lost_sales":0,"update_date":"2026-04-05T01:46:30","atum_locations":[],"atum_stock_status":"instock","restock_status":false,"low_stock_amount":"","sales_update_date":"2026-04-05T01:46:30","calc_backorders":null,"group_of_quantity":0,"min_quantity":0,"max_quantity":"","exclude_order_quantity_value_rules":"no","exclude_category_quantity_rules":"no","combine_variations":"no","yoast_head":"<!-- This site is optimized with the Yoast SEO Premium plugin v26.5 (Yoast SEO v26.5) - https:\/\/yoast.com\/wordpress\/plugins\/seo\/ -->\n<title>Forest Amber Essential Oil | Living Libations<\/title>\n<meta name=\"description\" content=\"Geurig Forest Amber Essential Oil cre\u00ebert een heilige ruimte waarin verleden en bos samenkomen in het eeuwige heden.\" \/>\n<meta name=\"robots\" content=\"index, follow, max-snippet:-1, max-image-preview:large, max-video-preview:-1\" \/>\n<link rel=\"canonical\" href=\"https:\/\/dutchhealthstore.com\/nl\/product\/forest-amber-essential-oil\/\" \/>\n<meta property=\"og:locale\" content=\"nl_NL\" \/>\n<meta property=\"og:type\" content=\"article\" \/>\n<meta property=\"og:title\" content=\"Forest Amber Essential Oil - Dutch Health Store\" \/>\n<meta property=\"og:description\" content=\"Geurig Forest Amber Essential Oil cre\u00ebert een heilige ruimte waarin verleden en bos samenkomen in het eeuwige heden.\" \/>\n<meta property=\"og:url\" content=\"https:\/\/dutchhealthstore.com\/nl\/product\/forest-amber-essential-oil\/\" \/>\n<meta property=\"og:site_name\" content=\"Dutch Health Store\" \/>\n<meta property=\"article:publisher\" content=\"https:\/\/www.instagram.com\/dutchhealthstore\/\" \/>\n<meta property=\"article:modified_time\" content=\"2025-12-11T07:56:40+00:00\" \/>\n<meta property=\"og:image\" content=\"https:\/\/dutchhealthstore.com\/wp-content\/uploads\/2020\/06\/Living-libations-Forest-Amber-Essential-Oil-1.png\" \/>\n\t<meta property=\"og:image:width\" content=\"500\" \/>\n\t<meta property=\"og:image:height\" content=\"500\" \/>\n\t<meta property=\"og:image:type\" content=\"image\/jpeg\" \/>\n<meta name=\"twitter:card\" content=\"summary_large_image\" \/>\n<meta name=\"twitter:label1\" content=\"Beschikbaarheid\" \/>\n\t<meta name=\"twitter:data1\" content=\"Op voorraad\" \/>\n<script type=\"application\/ld+json\" class=\"yoast-schema-graph\">{\"@context\":\"https:\/\/schema.org\",\"@graph\":[{\"@type\":\"WebPage\",\"@id\":\"https:\/\/dutchhealthstore.com\/nl\/product\/forest-amber-essential-oil\/\",\"url\":\"https:\/\/dutchhealthstore.com\/nl\/product\/forest-amber-essential-oil\/\",\"name\":\"Forest Amber Essential Oil | Living Libations\",\"isPartOf\":{\"@id\":\"https:\/\/dutchhealthstore.com\/nl\/#website\"},\"primaryImageOfPage\":{\"@id\":\"https:\/\/dutchhealthstore.com\/nl\/product\/forest-amber-essential-oil\/#primaryimage\"},\"image\":{\"@id\":\"https:\/\/dutchhealthstore.com\/nl\/product\/forest-amber-essential-oil\/#primaryimage\"},\"thumbnailUrl\":\"https:\/\/dutchhealthstore.com\/wp-content\/uploads\/2020\/06\/Living-libations-Forest-Amber-Essential-Oil-1.png\",\"datePublished\":\"2020-06-25T06:20:27+00:00\",\"dateModified\":\"2025-12-11T07:56:40+00:00\",\"description\":\"Geurig Forest Amber Essential Oil cre\u00ebert een heilige ruimte waarin verleden en bos samenkomen in het eeuwige heden.\",\"breadcrumb\":{\"@id\":\"https:\/\/dutchhealthstore.com\/nl\/product\/forest-amber-essential-oil\/#breadcrumb\"},\"inLanguage\":\"nl-NL\",\"potentialAction\":[{\"@type\":\"ReadAction\",\"target\":[\"https:\/\/dutchhealthstore.com\/nl\/product\/forest-amber-essential-oil\/\"]}]},{\"@type\":\"ImageObject\",\"inLanguage\":\"nl-NL\",\"@id\":\"https:\/\/dutchhealthstore.com\/nl\/product\/forest-amber-essential-oil\/#primaryimage\",\"url\":\"https:\/\/dutchhealthstore.com\/wp-content\/uploads\/2020\/06\/Living-libations-Forest-Amber-Essential-Oil-1.png\",\"contentUrl\":\"https:\/\/dutchhealthstore.com\/wp-content\/uploads\/2020\/06\/Living-libations-Forest-Amber-Essential-Oil-1.png\",\"width\":500,\"height\":500,\"caption\":\"Living libations - Forest Amber Essential Oil\"},{\"@type\":\"BreadcrumbList\",\"@id\":\"https:\/\/dutchhealthstore.com\/nl\/product\/forest-amber-essential-oil\/#breadcrumb\",\"itemListElement\":[{\"@type\":\"ListItem\",\"position\":1,\"name\":\"Home\",\"item\":\"https:\/\/dutchhealthstore.com\/nl\/\"},{\"@type\":\"ListItem\",\"position\":2,\"name\":\"Shop\",\"item\":\"https:\/\/dutchhealthstore.com\/nl\/shop\/\"},{\"@type\":\"ListItem\",\"position\":3,\"name\":\"Forest Amber Essential Oil\"}]},{\"@type\":\"WebSite\",\"@id\":\"https:\/\/dutchhealthstore.com\/nl\/#website\",\"url\":\"https:\/\/dutchhealthstore.com\/nl\/\",\"name\":\"Dutch Health Store\",\"description\":\"Enhance Your Beauty with Organic &amp; Natural Skincare\",\"publisher\":{\"@id\":\"https:\/\/dutchhealthstore.com\/nl\/#organization\"},\"potentialAction\":[{\"@type\":\"SearchAction\",\"target\":{\"@type\":\"EntryPoint\",\"urlTemplate\":\"https:\/\/dutchhealthstore.com\/nl\/?s={search_term_string}\"},\"query-input\":{\"@type\":\"PropertyValueSpecification\",\"valueRequired\":true,\"valueName\":\"search_term_string\"}}],\"inLanguage\":\"nl-NL\"},{\"@type\":\"Organization\",\"@id\":\"https:\/\/dutchhealthstore.com\/nl\/#organization\",\"name\":\"Dutch Health Store\",\"url\":\"https:\/\/dutchhealthstore.com\/nl\/\",\"logo\":{\"@type\":\"ImageObject\",\"inLanguage\":\"nl-NL\",\"@id\":\"https:\/\/dutchhealthstore.com\/nl\/#\/schema\/logo\/image\/\",\"url\":\"https:\/\/dutchhealthstore.com\/wp-content\/uploads\/2020\/08\/logo-dutchhealthstore-jpg-e1599484957574.jpg\",\"contentUrl\":\"https:\/\/dutchhealthstore.com\/wp-content\/uploads\/2020\/08\/logo-dutchhealthstore-jpg-e1599484957574.jpg\",\"width\":400,\"height\":62,\"caption\":\"Dutch Health Store\"},\"image\":{\"@id\":\"https:\/\/dutchhealthstore.com\/nl\/#\/schema\/logo\/image\/\"},\"sameAs\":[\"https:\/\/www.instagram.com\/dutchhealthstore\/\",\"https:\/\/www.facebook.com\/dutchhealthstore\"]}]}<\/script>\n<meta property=\"product:brand\" content=\"Living Libations\" \/>\n<meta property=\"og:availability\" content=\"instock\" \/>\n<meta property=\"product:availability\" content=\"instock\" \/>\n<meta property=\"product:condition\" content=\"new\" \/>\n<!-- \/ Yoast SEO Premium plugin. -->","yoast_head_json":{"title":"Forest Amber Essential Oil | Living Libations","description":"Geurig Forest Amber Essential Oil cre\u00ebert een heilige ruimte waarin verleden en bos samenkomen in het eeuwige heden.","robots":{"index":"index","follow":"follow","max-snippet":"max-snippet:-1","max-image-preview":"max-image-preview:large","max-video-preview":"max-video-preview:-1"},"canonical":"https:\/\/dutchhealthstore.com\/nl\/product\/forest-amber-essential-oil\/","og_locale":"nl_NL","og_type":"article","og_title":"Forest Amber Essential Oil - Dutch Health Store","og_description":"Geurig Forest Amber Essential Oil cre\u00ebert een heilige ruimte waarin verleden en bos samenkomen in het eeuwige heden.","og_url":"https:\/\/dutchhealthstore.com\/nl\/product\/forest-amber-essential-oil\/","og_site_name":"Dutch Health Store","article_publisher":"https:\/\/www.instagram.com\/dutchhealthstore\/","article_modified_time":"2025-12-11T07:56:40+00:00","og_image":[{"width":500,"height":500,"url":"https:\/\/dutchhealthstore.com\/wp-content\/uploads\/2020\/06\/Living-libations-Forest-Amber-Essential-Oil-1.png","type":"image\/jpeg"}],"twitter_card":"summary_large_image","twitter_misc":{"Beschikbaarheid":"Op voorraad"},"schema":{"@context":"https:\/\/schema.org","@graph":[{"@type":"WebPage","@id":"https:\/\/dutchhealthstore.com\/nl\/product\/forest-amber-essential-oil\/","url":"https:\/\/dutchhealthstore.com\/nl\/product\/forest-amber-essential-oil\/","name":"Forest Amber Essential Oil | Living Libations","isPartOf":{"@id":"https:\/\/dutchhealthstore.com\/nl\/#website"},"primaryImageOfPage":{"@id":"https:\/\/dutchhealthstore.com\/nl\/product\/forest-amber-essential-oil\/#primaryimage"},"image":{"@id":"https:\/\/dutchhealthstore.com\/nl\/product\/forest-amber-essential-oil\/#primaryimage"},"thumbnailUrl":"https:\/\/dutchhealthstore.com\/wp-content\/uploads\/2020\/06\/Living-libations-Forest-Amber-Essential-Oil-1.png","datePublished":"2020-06-25T06:20:27+00:00","dateModified":"2025-12-11T07:56:40+00:00","description":"Geurig Forest Amber Essential Oil cre\u00ebert een heilige ruimte waarin verleden en bos samenkomen in het eeuwige heden.","breadcrumb":{"@id":"https:\/\/dutchhealthstore.com\/nl\/product\/forest-amber-essential-oil\/#breadcrumb"},"inLanguage":"nl-NL","potentialAction":[{"@type":"ReadAction","target":["https:\/\/dutchhealthstore.com\/nl\/product\/forest-amber-essential-oil\/"]}]},{"@type":"ImageObject","inLanguage":"nl-NL","@id":"https:\/\/dutchhealthstore.com\/nl\/product\/forest-amber-essential-oil\/#primaryimage","url":"https:\/\/dutchhealthstore.com\/wp-content\/uploads\/2020\/06\/Living-libations-Forest-Amber-Essential-Oil-1.png","contentUrl":"https:\/\/dutchhealthstore.com\/wp-content\/uploads\/2020\/06\/Living-libations-Forest-Amber-Essential-Oil-1.png","width":500,"height":500,"caption":"Living libations - Forest Amber Essential Oil"},{"@type":"BreadcrumbList","@id":"https:\/\/dutchhealthstore.com\/nl\/product\/forest-amber-essential-oil\/#breadcrumb","itemListElement":[{"@type":"ListItem","position":1,"name":"Home","item":"https:\/\/dutchhealthstore.com\/nl\/"},{"@type":"ListItem","position":2,"name":"Shop","item":"https:\/\/dutchhealthstore.com\/nl\/shop\/"},{"@type":"ListItem","position":3,"name":"Forest Amber Essential Oil"}]},{"@type":"WebSite","@id":"https:\/\/dutchhealthstore.com\/nl\/#website","url":"https:\/\/dutchhealthstore.com\/nl\/","name":"Dutch Health Store","description":"Enhance Your Beauty with Organic &amp; Natural Skincare","publisher":{"@id":"https:\/\/dutchhealthstore.com\/nl\/#organization"},"potentialAction":[{"@type":"SearchAction","target":{"@type":"EntryPoint","urlTemplate":"https:\/\/dutchhealthstore.com\/nl\/?s={search_term_string}"},"query-input":{"@type":"PropertyValueSpecification","valueRequired":true,"valueName":"search_term_string"}}],"inLanguage":"nl-NL"},{"@type":"Organization","@id":"https:\/\/dutchhealthstore.com\/nl\/#organization","name":"Dutch Health Store","url":"https:\/\/dutchhealthstore.com\/nl\/","logo":{"@type":"ImageObject","inLanguage":"nl-NL","@id":"https:\/\/dutchhealthstore.com\/nl\/#\/schema\/logo\/image\/","url":"https:\/\/dutchhealthstore.com\/wp-content\/uploads\/2020\/08\/logo-dutchhealthstore-jpg-e1599484957574.jpg","contentUrl":"https:\/\/dutchhealthstore.com\/wp-content\/uploads\/2020\/08\/logo-dutchhealthstore-jpg-e1599484957574.jpg","width":400,"height":62,"caption":"Dutch Health Store"},"image":{"@id":"https:\/\/dutchhealthstore.com\/nl\/#\/schema\/logo\/image\/"},"sameAs":["https:\/\/www.instagram.com\/dutchhealthstore\/","https:\/\/www.facebook.com\/dutchhealthstore"]}]},"product_brand":"Living Libations","og_availability":"instock","product_availability":"instock","product_condition":"new"},"_links":{"self":[{"href":"https:\/\/dutchhealthstore.com\/nl\/wp-json\/wp\/v2\/product\/118488","targetHints":{"allow":["GET"]}}],"collection":[{"href":"https:\/\/dutchhealthstore.com\/nl\/wp-json\/wp\/v2\/product"}],"about":[{"href":"https:\/\/dutchhealthstore.com\/nl\/wp-json\/wp\/v2\/types\/product"}],"replies":[{"embeddable":true,"href":"https:\/\/dutchhealthstore.com\/nl\/wp-json\/wp\/v2\/comments?post=118488"}],"wp:featuredmedia":[{"embeddable":true,"href":"https:\/\/dutchhealthstore.com\/nl\/wp-json\/wp\/v2\/media\/109062"}],"wp:attachment":[{"href":"https:\/\/dutchhealthstore.com\/nl\/wp-json\/wp\/v2\/media?parent=118488"}],"wp:term":[{"taxonomy":"product_brand","embeddable":true,"href":"https:\/\/dutchhealthstore.com\/nl\/wp-json\/wp\/v2\/product_brand?post=118488"},{"taxonomy":"product_cat","embeddable":true,"href":"https:\/\/dutchhealthstore.com\/nl\/wp-json\/wp\/v2\/product_cat?post=118488"},{"taxonomy":"product_tag","embeddable":true,"href":"https:\/\/dutchhealthstore.com\/nl\/wp-json\/wp\/v2\/product_tag?post=118488"}],"curies":[{"name":"wp","href":"https:\/\/api.w.org\/{rel}","templated":true}]}}