{"id":117848,"date":"2018-04-13T21:30:29","date_gmt":"2018-04-13T19:30:29","guid":{"rendered":"https:\/\/dutchhealthstore.com\/product\/cranberry-seed-carrier-oil\/"},"modified":"2025-06-21T16:05:53","modified_gmt":"2025-06-21T14:05:53","slug":"cranberry-seed-carrier-oil","status":"publish","type":"product","link":"https:\/\/dutchhealthstore.com\/nl\/product\/cranberry-seed-carrier-oil\/","title":{"rendered":"Cranberry Seed Carrier Oil"},"content":{"rendered":"<p class=\"Body\"><strong><img decoding=\"async\" class=\"size-full wp-image-69549 alignright\" src=\"https:\/\/dutchhealthstore.com\/wp-content\/uploads\/2019\/08\/NEW-Living-Libations-Logo.jpg\" alt=\"NEW - Living Libations - Logo\" width=\"175\" height=\"82\">Botanische naam:<\/strong><em>Vaccinium macrocarpon<\/em><br \/>\n<strong>Botanische familie:<\/strong> <em>Ericaceae<\/em><br \/>\n<strong> Ingredi\u00ebnten: <\/strong>Veenbessenzaadolie + Essenti\u00eble lavendelolie<br \/>\n<strong>Extractiemethode:<\/strong> Koud geperst<br \/>\n<strong>Deel van de plant Gedistilleerd:<\/strong> Zaden<br \/>\n<strong>Land van herkomst:<\/strong> Canada<br \/>\n<strong>Teeltmethode: <\/strong>Organisch<br \/>\n<strong>Samenstelling: <\/strong>95% <em>Vaccinium macrocarpon<\/em> + 5% <em>Lavandula angustifolia<\/em><br \/>\n<strong>Consistentie:<\/strong> Medium<\/p>\n<h3 class=\"Body\">Geur Beschrijving<\/h3>\n<p class=\"Body\">Afstandelijk en subtiel met zachte toetsen van noten en honing.<\/p>\n<h3 class=\"Body\">Mengt goed met<\/h3>\n<p class=\"Body\">Mirre, Mirte, Schone Salie, Lavendel, Ylang, Sinaasappel, Kardemom, Palmarosa, Tijm, Duindoorn, Tansy, Duizendblad, Laurier, Wierook, Rose Otto, Immortelle en Sandelhout.<\/p>\n<h3 class=\"Body\">Gebruik<\/h3>\n<p class=\"Body\">Uitstekend huidverzachtend middel en drager voor botanische essences. Uitzonderlijke vochtinbrenger.<\/p>\n<h3 class=\"Body\">Bestanddelen<\/h3>\n<p class=\"Body\">Overgoten met een zeldzaam evenwicht van essenti\u00eble omega 3, 6 en 9 vetzuren. Het bevat ook tocoferolen, tocotri\u00ebnolen en caroteno\u00efde antioxidanten waaronder lute\u00efne en zeaxanthine.<\/p>\n<p class=\"Body\">Veenbespit olie is gemakkelijk te gebruiken om op maat gemaakte teintcreaties te maken, omdat het snel absorbeert, verzacht en gladstrijkt. Geperst uit de biologische zaden van deze superbes, helpt deze milde, rijke moisturizer de aard van de huid te herstructureren.<\/p>\n<h3 style=\"font-weight: normal !important;\"><strong>Cranberry Complexion Serum<\/strong><\/h3>\n<p style=\"font-weight: 400;\">5ml Cranberry Seed Oil + Lavender<\/p>\n<p style=\"font-weight: 400;\">5 druppels Immortelle<\/p>\n<p style=\"font-weight: 400;\">5 druppels Roos Otto<\/p>\n<p style=\"font-weight: 400;\">5 druppels Myrrh<\/p>\n<h3>Organische Ingredi\u00ebnten<\/h3>\n<p>95% Vaccinium macrocarpon + 5% Lavandula angustifolia draagolie.<\/p>\n<p><img fetchpriority=\"high\" decoding=\"async\" class=\"aligncenter size-full wp-image-31577\" src=\"https:\/\/dutchhealthstore.com\/wp-content\/uploads\/2018\/03\/organic_big.png\" alt=\"Organic and Natural - Living Libations\" width=\"623\" height=\"103\" srcset=\"https:\/\/dutchhealthstore.com\/wp-content\/uploads\/2018\/03\/organic_big.png 623w, https:\/\/dutchhealthstore.com\/wp-content\/uploads\/2018\/03\/organic_big-510x84.png 510w, https:\/\/dutchhealthstore.com\/wp-content\/uploads\/2018\/03\/organic_big-600x99.png 600w, https:\/\/dutchhealthstore.com\/wp-content\/uploads\/2018\/03\/organic_big-350x58.png 350w\" sizes=\"(max-width: 623px) 100vw, 623px\" \/><\/p>\n","protected":false},"excerpt":{"rendered":"<p>Koudgeperste <strong>cranberryzaadolie <\/strong>verzorgt de huid met zijn weelderige essenti\u00eble vetzuren.<br \/>\nSupervoedend voor huid en hoofdhuid, het vermindert de verschijning van een droge huid, verbetert de elasticiteit, en de gewaardeerde elevaties van weelderige fosfolipiden en fytosterolen maken het een uitstekende keuze voor de verzorging na de zon.<br \/>\nHet bevat slechts een vleugje essenti\u00eble lavendelolie voor stabiliteit en voor extra kalmerende kracht.<\/p>\n","protected":false},"featured_media":113085,"comment_status":"open","ping_status":"closed","template":"","meta":[],"product_brand":[],"product_cat":[3742,6731,1506,14731,5822,1208,1006,510,6730,1523],"product_tag":[8908,4496],"class_list":{"0":"post-117848","1":"product","2":"type-product","3":"status-publish","4":"has-post-thumbnail","6":"product_cat-draagolie","7":"product_cat-essential-oils-nl","8":"product_cat-essentiele-olien-living-libations","9":"product_cat-huidverzorging","10":"product_cat-body-care-nl-3","11":"product_cat-living-libations-nederland","12":"product_cat-merken","13":"product_cat-shop-winkel","14":"product_cat-wellness-nl","15":"product_cat-zonbescherming-living-libations","16":"product_tag-carrier-oil-nl","17":"product_tag-essential-oil-nl","18":"pa_brand-livinglibations-nl","19":"pa_essential-oils-product-type-carrier-oils-nl","20":"pa_essential-oils-product-type-essential-oils-nl","21":"pa_size-15-ml-nl","22":"pa_size-30-ml-nl","23":"pa_skincare-type-suncare-nl","25":"first","26":"instock","27":"taxable","28":"shipping-taxable","29":"purchasable","30":"product-type-variable"},"bundled_by":[],"bundle_stock_status":"instock","bundle_stock_quantity":null,"bundle_virtual":false,"bundle_layout":"","bundle_add_to_cart_form_location":"","bundle_editable_in_cart":false,"bundle_sold_individually_context":"","bundle_item_grouping":"","bundle_min_size":"","bundle_max_size":"","bundle_price":[],"bundled_items":[],"bundle_sell_ids":[],"atum_controlled":true,"out_stock_date":null,"out_stock_threshold":null,"inheritable":true,"stock_on_hold":0,"sold_today":0,"sales_last_days":0,"out_stock_days":0,"lost_sales":0,"update_date":"2026-04-15T00:03:44","atum_locations":[],"atum_stock_status":"instock","restock_status":false,"low_stock_amount":"","sales_update_date":"2026-04-15T00:03:44","calc_backorders":null,"group_of_quantity":0,"min_quantity":0,"max_quantity":"","exclude_order_quantity_value_rules":"no","exclude_category_quantity_rules":"no","combine_variations":"no","yoast_head":"<!-- This site is optimized with the Yoast SEO Premium plugin v26.5 (Yoast SEO v26.5) - https:\/\/yoast.com\/wordpress\/plugins\/seo\/ -->\n<title>Cranberry Seed Carrier Oil - Living Libations<\/title>\n<meta name=\"description\" content=\"Supervoedend voor huid en hoofdhuid en de gewaardeerde elevaties van weelderige fosfolipiden en fytosterolen maken het een uitstekende keuze voor de verzorging na de zon.\" \/>\n<meta name=\"robots\" content=\"index, follow, max-snippet:-1, max-image-preview:large, max-video-preview:-1\" \/>\n<link rel=\"canonical\" href=\"https:\/\/dutchhealthstore.com\/nl\/product\/cranberry-seed-carrier-oil\/\" \/>\n<meta property=\"og:locale\" content=\"nl_NL\" \/>\n<meta property=\"og:type\" content=\"article\" \/>\n<meta property=\"og:title\" content=\"Cranberry Seed Carrier Oil - Dutch Health Store\" \/>\n<meta property=\"og:description\" content=\"Supervoedend voor huid en hoofdhuid en de gewaardeerde elevaties van weelderige fosfolipiden en fytosterolen maken het een uitstekende keuze voor de verzorging na de zon.\" \/>\n<meta property=\"og:url\" content=\"https:\/\/dutchhealthstore.com\/nl\/product\/cranberry-seed-carrier-oil\/\" \/>\n<meta property=\"og:site_name\" content=\"Dutch Health Store\" \/>\n<meta property=\"article:publisher\" content=\"https:\/\/www.instagram.com\/dutchhealthstore\/\" \/>\n<meta property=\"article:modified_time\" content=\"2025-06-21T14:05:53+00:00\" \/>\n<meta property=\"og:image\" content=\"https:\/\/dutchhealthstore.com\/wp-content\/uploads\/2018\/04\/Living-Libations-Cranberry-Seed-Carrier-Oil-e1594627806546.jpg\" \/>\n\t<meta property=\"og:image:width\" content=\"500\" \/>\n\t<meta property=\"og:image:height\" content=\"500\" \/>\n\t<meta property=\"og:image:type\" content=\"image\/jpeg\" \/>\n<meta name=\"twitter:card\" content=\"summary_large_image\" \/>\n<meta name=\"twitter:label1\" content=\"Beschikbaarheid\" \/>\n\t<meta name=\"twitter:data1\" content=\"Op voorraad\" \/>\n<script type=\"application\/ld+json\" class=\"yoast-schema-graph\">{\"@context\":\"https:\/\/schema.org\",\"@graph\":[{\"@type\":\"WebPage\",\"@id\":\"https:\/\/dutchhealthstore.com\/nl\/product\/cranberry-seed-carrier-oil\/\",\"url\":\"https:\/\/dutchhealthstore.com\/nl\/product\/cranberry-seed-carrier-oil\/\",\"name\":\"Cranberry Seed Carrier Oil - Living Libations\",\"isPartOf\":{\"@id\":\"https:\/\/dutchhealthstore.com\/nl\/#website\"},\"primaryImageOfPage\":{\"@id\":\"https:\/\/dutchhealthstore.com\/nl\/product\/cranberry-seed-carrier-oil\/#primaryimage\"},\"image\":{\"@id\":\"https:\/\/dutchhealthstore.com\/nl\/product\/cranberry-seed-carrier-oil\/#primaryimage\"},\"thumbnailUrl\":\"https:\/\/dutchhealthstore.com\/wp-content\/uploads\/2018\/04\/Living-Libations-Cranberry-Seed-Carrier-Oil-e1594627806546.jpg\",\"datePublished\":\"2018-04-13T19:30:29+00:00\",\"dateModified\":\"2025-06-21T14:05:53+00:00\",\"description\":\"Supervoedend voor huid en hoofdhuid en de gewaardeerde elevaties van weelderige fosfolipiden en fytosterolen maken het een uitstekende keuze voor de verzorging na de zon.\",\"breadcrumb\":{\"@id\":\"https:\/\/dutchhealthstore.com\/nl\/product\/cranberry-seed-carrier-oil\/#breadcrumb\"},\"inLanguage\":\"nl-NL\",\"potentialAction\":[{\"@type\":\"ReadAction\",\"target\":[\"https:\/\/dutchhealthstore.com\/nl\/product\/cranberry-seed-carrier-oil\/\"]}]},{\"@type\":\"ImageObject\",\"inLanguage\":\"nl-NL\",\"@id\":\"https:\/\/dutchhealthstore.com\/nl\/product\/cranberry-seed-carrier-oil\/#primaryimage\",\"url\":\"https:\/\/dutchhealthstore.com\/wp-content\/uploads\/2018\/04\/Living-Libations-Cranberry-Seed-Carrier-Oil-e1594627806546.jpg\",\"contentUrl\":\"https:\/\/dutchhealthstore.com\/wp-content\/uploads\/2018\/04\/Living-Libations-Cranberry-Seed-Carrier-Oil-e1594627806546.jpg\",\"width\":500,\"height\":500,\"caption\":\"Living Libations Cranberry Seed Carrier Oil\"},{\"@type\":\"BreadcrumbList\",\"@id\":\"https:\/\/dutchhealthstore.com\/nl\/product\/cranberry-seed-carrier-oil\/#breadcrumb\",\"itemListElement\":[{\"@type\":\"ListItem\",\"position\":1,\"name\":\"Home\",\"item\":\"https:\/\/dutchhealthstore.com\/nl\/\"},{\"@type\":\"ListItem\",\"position\":2,\"name\":\"Shop\",\"item\":\"https:\/\/dutchhealthstore.com\/nl\/shop\/\"},{\"@type\":\"ListItem\",\"position\":3,\"name\":\"Cranberry Seed Carrier Oil\"}]},{\"@type\":\"WebSite\",\"@id\":\"https:\/\/dutchhealthstore.com\/nl\/#website\",\"url\":\"https:\/\/dutchhealthstore.com\/nl\/\",\"name\":\"Dutch Health Store\",\"description\":\"Enhance Your Beauty with Organic &amp; Natural Skincare\",\"publisher\":{\"@id\":\"https:\/\/dutchhealthstore.com\/nl\/#organization\"},\"potentialAction\":[{\"@type\":\"SearchAction\",\"target\":{\"@type\":\"EntryPoint\",\"urlTemplate\":\"https:\/\/dutchhealthstore.com\/nl\/?s={search_term_string}\"},\"query-input\":{\"@type\":\"PropertyValueSpecification\",\"valueRequired\":true,\"valueName\":\"search_term_string\"}}],\"inLanguage\":\"nl-NL\"},{\"@type\":\"Organization\",\"@id\":\"https:\/\/dutchhealthstore.com\/nl\/#organization\",\"name\":\"Dutch Health Store\",\"url\":\"https:\/\/dutchhealthstore.com\/nl\/\",\"logo\":{\"@type\":\"ImageObject\",\"inLanguage\":\"nl-NL\",\"@id\":\"https:\/\/dutchhealthstore.com\/nl\/#\/schema\/logo\/image\/\",\"url\":\"https:\/\/dutchhealthstore.com\/wp-content\/uploads\/2020\/08\/logo-dutchhealthstore-jpg-e1599484957574.jpg\",\"contentUrl\":\"https:\/\/dutchhealthstore.com\/wp-content\/uploads\/2020\/08\/logo-dutchhealthstore-jpg-e1599484957574.jpg\",\"width\":400,\"height\":62,\"caption\":\"Dutch Health Store\"},\"image\":{\"@id\":\"https:\/\/dutchhealthstore.com\/nl\/#\/schema\/logo\/image\/\"},\"sameAs\":[\"https:\/\/www.instagram.com\/dutchhealthstore\/\",\"https:\/\/www.facebook.com\/dutchhealthstore\"]}]}<\/script>\n<meta property=\"product:brand\" content=\"Living Libations\" \/>\n<meta property=\"og:availability\" content=\"instock\" \/>\n<meta property=\"product:availability\" content=\"instock\" \/>\n<meta property=\"product:condition\" content=\"new\" \/>\n<!-- \/ Yoast SEO Premium plugin. -->","yoast_head_json":{"title":"Cranberry Seed Carrier Oil - Living Libations","description":"Supervoedend voor huid en hoofdhuid en de gewaardeerde elevaties van weelderige fosfolipiden en fytosterolen maken het een uitstekende keuze voor de verzorging na de zon.","robots":{"index":"index","follow":"follow","max-snippet":"max-snippet:-1","max-image-preview":"max-image-preview:large","max-video-preview":"max-video-preview:-1"},"canonical":"https:\/\/dutchhealthstore.com\/nl\/product\/cranberry-seed-carrier-oil\/","og_locale":"nl_NL","og_type":"article","og_title":"Cranberry Seed Carrier Oil - Dutch Health Store","og_description":"Supervoedend voor huid en hoofdhuid en de gewaardeerde elevaties van weelderige fosfolipiden en fytosterolen maken het een uitstekende keuze voor de verzorging na de zon.","og_url":"https:\/\/dutchhealthstore.com\/nl\/product\/cranberry-seed-carrier-oil\/","og_site_name":"Dutch Health Store","article_publisher":"https:\/\/www.instagram.com\/dutchhealthstore\/","article_modified_time":"2025-06-21T14:05:53+00:00","og_image":[{"width":500,"height":500,"url":"https:\/\/dutchhealthstore.com\/wp-content\/uploads\/2018\/04\/Living-Libations-Cranberry-Seed-Carrier-Oil-e1594627806546.jpg","type":"image\/jpeg"}],"twitter_card":"summary_large_image","twitter_misc":{"Beschikbaarheid":"Op voorraad"},"schema":{"@context":"https:\/\/schema.org","@graph":[{"@type":"WebPage","@id":"https:\/\/dutchhealthstore.com\/nl\/product\/cranberry-seed-carrier-oil\/","url":"https:\/\/dutchhealthstore.com\/nl\/product\/cranberry-seed-carrier-oil\/","name":"Cranberry Seed Carrier Oil - Living Libations","isPartOf":{"@id":"https:\/\/dutchhealthstore.com\/nl\/#website"},"primaryImageOfPage":{"@id":"https:\/\/dutchhealthstore.com\/nl\/product\/cranberry-seed-carrier-oil\/#primaryimage"},"image":{"@id":"https:\/\/dutchhealthstore.com\/nl\/product\/cranberry-seed-carrier-oil\/#primaryimage"},"thumbnailUrl":"https:\/\/dutchhealthstore.com\/wp-content\/uploads\/2018\/04\/Living-Libations-Cranberry-Seed-Carrier-Oil-e1594627806546.jpg","datePublished":"2018-04-13T19:30:29+00:00","dateModified":"2025-06-21T14:05:53+00:00","description":"Supervoedend voor huid en hoofdhuid en de gewaardeerde elevaties van weelderige fosfolipiden en fytosterolen maken het een uitstekende keuze voor de verzorging na de zon.","breadcrumb":{"@id":"https:\/\/dutchhealthstore.com\/nl\/product\/cranberry-seed-carrier-oil\/#breadcrumb"},"inLanguage":"nl-NL","potentialAction":[{"@type":"ReadAction","target":["https:\/\/dutchhealthstore.com\/nl\/product\/cranberry-seed-carrier-oil\/"]}]},{"@type":"ImageObject","inLanguage":"nl-NL","@id":"https:\/\/dutchhealthstore.com\/nl\/product\/cranberry-seed-carrier-oil\/#primaryimage","url":"https:\/\/dutchhealthstore.com\/wp-content\/uploads\/2018\/04\/Living-Libations-Cranberry-Seed-Carrier-Oil-e1594627806546.jpg","contentUrl":"https:\/\/dutchhealthstore.com\/wp-content\/uploads\/2018\/04\/Living-Libations-Cranberry-Seed-Carrier-Oil-e1594627806546.jpg","width":500,"height":500,"caption":"Living Libations Cranberry Seed Carrier Oil"},{"@type":"BreadcrumbList","@id":"https:\/\/dutchhealthstore.com\/nl\/product\/cranberry-seed-carrier-oil\/#breadcrumb","itemListElement":[{"@type":"ListItem","position":1,"name":"Home","item":"https:\/\/dutchhealthstore.com\/nl\/"},{"@type":"ListItem","position":2,"name":"Shop","item":"https:\/\/dutchhealthstore.com\/nl\/shop\/"},{"@type":"ListItem","position":3,"name":"Cranberry Seed Carrier Oil"}]},{"@type":"WebSite","@id":"https:\/\/dutchhealthstore.com\/nl\/#website","url":"https:\/\/dutchhealthstore.com\/nl\/","name":"Dutch Health Store","description":"Enhance Your Beauty with Organic &amp; Natural Skincare","publisher":{"@id":"https:\/\/dutchhealthstore.com\/nl\/#organization"},"potentialAction":[{"@type":"SearchAction","target":{"@type":"EntryPoint","urlTemplate":"https:\/\/dutchhealthstore.com\/nl\/?s={search_term_string}"},"query-input":{"@type":"PropertyValueSpecification","valueRequired":true,"valueName":"search_term_string"}}],"inLanguage":"nl-NL"},{"@type":"Organization","@id":"https:\/\/dutchhealthstore.com\/nl\/#organization","name":"Dutch Health Store","url":"https:\/\/dutchhealthstore.com\/nl\/","logo":{"@type":"ImageObject","inLanguage":"nl-NL","@id":"https:\/\/dutchhealthstore.com\/nl\/#\/schema\/logo\/image\/","url":"https:\/\/dutchhealthstore.com\/wp-content\/uploads\/2020\/08\/logo-dutchhealthstore-jpg-e1599484957574.jpg","contentUrl":"https:\/\/dutchhealthstore.com\/wp-content\/uploads\/2020\/08\/logo-dutchhealthstore-jpg-e1599484957574.jpg","width":400,"height":62,"caption":"Dutch Health Store"},"image":{"@id":"https:\/\/dutchhealthstore.com\/nl\/#\/schema\/logo\/image\/"},"sameAs":["https:\/\/www.instagram.com\/dutchhealthstore\/","https:\/\/www.facebook.com\/dutchhealthstore"]}]},"product_brand":"Living Libations","og_availability":"instock","product_availability":"instock","product_condition":"new"},"_links":{"self":[{"href":"https:\/\/dutchhealthstore.com\/nl\/wp-json\/wp\/v2\/product\/117848","targetHints":{"allow":["GET"]}}],"collection":[{"href":"https:\/\/dutchhealthstore.com\/nl\/wp-json\/wp\/v2\/product"}],"about":[{"href":"https:\/\/dutchhealthstore.com\/nl\/wp-json\/wp\/v2\/types\/product"}],"replies":[{"embeddable":true,"href":"https:\/\/dutchhealthstore.com\/nl\/wp-json\/wp\/v2\/comments?post=117848"}],"wp:featuredmedia":[{"embeddable":true,"href":"https:\/\/dutchhealthstore.com\/nl\/wp-json\/wp\/v2\/media\/113085"}],"wp:attachment":[{"href":"https:\/\/dutchhealthstore.com\/nl\/wp-json\/wp\/v2\/media?parent=117848"}],"wp:term":[{"taxonomy":"product_brand","embeddable":true,"href":"https:\/\/dutchhealthstore.com\/nl\/wp-json\/wp\/v2\/product_brand?post=117848"},{"taxonomy":"product_cat","embeddable":true,"href":"https:\/\/dutchhealthstore.com\/nl\/wp-json\/wp\/v2\/product_cat?post=117848"},{"taxonomy":"product_tag","embeddable":true,"href":"https:\/\/dutchhealthstore.com\/nl\/wp-json\/wp\/v2\/product_tag?post=117848"}],"curies":[{"name":"wp","href":"https:\/\/api.w.org\/{rel}","templated":true}]}}