{"id":117626,"date":"2018-02-10T20:38:55","date_gmt":"2018-02-10T19:38:55","guid":{"rendered":"https:\/\/dutchhealthstore.com\/product\/chamomile-essential-oil\/"},"modified":"2025-11-23T12:50:41","modified_gmt":"2025-11-23T11:50:41","slug":"chamomile-essential-oil","status":"publish","type":"product","link":"https:\/\/dutchhealthstore.com\/nl\/product\/chamomile-essential-oil\/","title":{"rendered":"Chamomile Essential Oil"},"content":{"rendered":"<p style=\"font-weight: 400;\"><img decoding=\"async\" class=\"size-full wp-image-37041 alignright\" src=\"https:\/\/dutchhealthstore.com\/wp-content\/uploads\/2018\/04\/Living_Libations-1.png\" alt=\"Organic &amp; Natural Beautyproducts - Living Libations\" width=\"175\" height=\"82\"><\/p>\n<p style=\"font-weight: 400;\"><b><strong>Botanische naam: <\/strong><\/b><i><em>Anthemis nobilis<\/em><\/i><br \/>\n<b><strong>Botanische familie: <\/strong><\/b><i><em>Asteraceae <\/em><\/i><br \/>\n<b><strong>Extractiemethode:<\/strong><\/b> Gestoomdistilleerd<br \/>\n<b><strong>Gedistilleerd deel van de plant:<\/strong><\/b> Bloemen<br \/>\n<b><strong>Land van herkomst:<\/strong><\/b> Frankrijk<br \/>\n<b><strong>Teeltmethode:<\/strong><\/b> Organisch<br \/>\n<b><\/b><\/p>\n<h3 style=\"font-weight: 400;\"><strong>Geur Beschrijving<\/strong><\/h3>\n<p style=\"font-weight: 400;\">Zoet bloemig fruit met frisse, zomerse tonen van appels en hooi.<br \/>\n<b><\/b><\/p>\n<h3 style=\"font-weight: 400;\"><strong>In Living Libations<\/strong><\/h3>\n<p style=\"font-weight: 400;\">Bedtime Story Blend, Vanille Kamille Lover Lips<br \/>\n<b><\/b><\/p>\n<h3 style=\"font-weight: 400;\"><strong>Mengt goed met<\/strong><\/h3>\n<p style=\"font-weight: 400;\">Gember, Kardemom, Roos Otto, Duindoornbes, Ylang, Wierook, Duitse Kamille, Kaapse Kamille, Bergamot, Citroen, Grapefruit, Geranium, Marjolein en Hyssop.<br \/>\n<b><\/b><\/p>\n<h3 style=\"font-weight: 400;\"><strong>Gebruikt<\/strong><\/h3>\n<p style=\"font-weight: 400;\">Kan puur worden toegepast op een groot aantal weefsels, waaronder als face wash met jojoba-olie om oneffenheden weg te werken en de huidskleur te egaliseren. Masseer in de spieren, zalf op de chakra&#8217;s &#8211; vooral de zonnevlecht. Mooi in parfums, vooral wanneer het wordt gecombineerd met hooi en salie om chypre-akkoorden te cre\u00ebren. Meng met jojoba en bijenwas om kalmerende balsems te cre\u00ebren voor baby&#8217;s en ouders. Welwillend in Baden. Perfect in zoutpijpen en heerlijk in diffusors.<\/p>\n<p style=\"font-weight: 400;\">Chamomile Essential Oil heeft een zoete, etherische, mild kruidige-hooi geur die doet denken aan een rijpe appel die danst op een zomerbriesje. Deze essence is rijk aan verzachtende esters, waardoor het de zachtste olie is om baby&#8217;s te troosten en te masseren en de gevoelige huid te verzachten.<\/p>\n<p style=\"font-weight: 400;\">Verzorgende Kamille smelt spieren en gespannen geesten; het kan gebruikt worden om buik, nek, slapen en schouders te zalven. Inhaleer via fles, diffuser of zoutpijp voor een rustgevende ervaring van sereniteit. Het is prachtig in baden voor het slapen gaan. Culinaire creaties geven zich over aan de sierlijke wichelarijen van kamille, en een druppel van deze verzachtende werking, toegevoegd aan honing en warm water voordat u uw hoofd in bed legt, is een vredige manier om de dag af te sluiten.<\/p>\n<h3>Organische Ingredi\u00ebnten<\/h3>\n<p>100% kamille (Anthemis nobilis) essenti\u00eble olie.<\/p>\n<p style=\"font-weight: 400; text-align: center;\"><i><em>&#8220;Hoewel monoterpeno\u00efde esters in veel essenti\u00eble oli\u00ebn voorkomen, is er vrijwel geen andere olie die de aard van esters zo exclusief weerspiegelt als Roomse kamille.&#8221;<br \/>\n<\/em><\/i>~ Kurt Schnaubelt, <strong>Advanced Aromatherapy<\/strong><\/p>\n<p style=\"font-weight: 400; text-align: center;\"><i> <\/i><i><em>&#8220;Wanneer iemand zich somber, chagrijnig, ontevreden of ongeduldig voelt, is kamille een goede cordial. Het is heilzaam voor mensen die zich opvliegend, zelfingenomen, overgevoelig of zelden tevreden voelen.&#8221;<br \/>\n<\/em><\/i>~ Susanne Fischer-Rizzi, <strong>The Complete Aromatherapy Handbook<\/strong><\/p>\n<p style=\"font-weight: 400; text-align: center;\"><i> <\/i><i><em>&#8220;Met haar extreem hoge gehalte aan geurige esters die doen denken aan groene appels en nazomervelden, wordt Roomse kamille tegenwoordig gezien als een van de klassieke ontspanners &#8230; het is een van de meest effectieve aromaten. Als een overvloedige godin van de aarde brengt Romeinse kamille de zachte warmte en zoetheid van de slepende nazomerdagen binnen, en nodigt ons uit om te ontspannen in de inherente harmonie van de levensritmes, om toe te geven aan de aangeboren stroom van het leven en te genieten van zijn vruchten van cyclische natuur en sereniteit.&#8221;<br \/>\n<\/em><\/i>~ Peter Holmes,<strong> Aromatica<\/strong><\/p>\n<p style=\"font-weight: 400; text-align: center;\"><i> <\/i><i><em>&#8220;Ook kinderen kunnen dagen hebben waarop ze zich ongeduldig onaangenaam of gespannen voelen. Voor kinderen die &#8217;s nachts wakker worden of nachtmerries hebben en willen worden vastgehouden of gewandeld, is kamille heel nuttig.&#8221;<br \/>\n<\/em><\/i>~ Susanne Fischer-Rizzi, <strong>The Complete Aromatherapy Handbook<\/strong><\/p>\n<p>&nbsp;<\/p>\n<p><img fetchpriority=\"high\" decoding=\"async\" class=\"size-medium wp-image-68103 aligncenter\" src=\"https:\/\/dutchhealthstore.com\/wp-content\/uploads\/2018\/02\/Living-Libations-Organic-Logo-800x89.png\" alt=\"Living Libations - Organic Logo\" width=\"800\" height=\"89\" srcset=\"https:\/\/dutchhealthstore.com\/wp-content\/uploads\/2018\/02\/Living-Libations-Organic-Logo-800x89.png 800w, https:\/\/dutchhealthstore.com\/wp-content\/uploads\/2018\/02\/Living-Libations-Organic-Logo-510x57.png 510w, https:\/\/dutchhealthstore.com\/wp-content\/uploads\/2018\/02\/Living-Libations-Organic-Logo-768x85.png 768w, https:\/\/dutchhealthstore.com\/wp-content\/uploads\/2018\/02\/Living-Libations-Organic-Logo.png 1400w\" sizes=\"(max-width: 800px) 100vw, 800px\" \/><\/p>\n","protected":false},"excerpt":{"rendered":"<p><strong>Chamomile Essential Oil<\/strong> heeft een zoete, etherische, mild kruidige-hooi geur die doet denken aan een rijpe appel die danst op een zomerbriesje.<br \/>\nDeze essence is rijk aan verzachtende esters, waardoor het de zachtste olie is om baby&#8217;s te troosten en te masseren en de gevoelige huid te verzachten.<\/p>\n","protected":false},"featured_media":117532,"comment_status":"open","ping_status":"closed","template":"","meta":[],"product_brand":[],"product_cat":[1506,2465,6731,1208,1006,510,6730],"product_tag":[4496],"class_list":{"0":"post-117626","1":"product","2":"type-product","3":"status-publish","4":"has-post-thumbnail","6":"product_cat-essentiele-olien-living-libations","7":"product_cat-etherische-olien","8":"product_cat-essential-oils-nl","9":"product_cat-living-libations-nederland","10":"product_cat-merken","11":"product_cat-shop-winkel","12":"product_cat-wellness-nl","13":"product_tag-essential-oil-nl","14":"pa_brand-livinglibations-nl","15":"pa_essential-oils-product-type-essential-oils-nl","16":"pa_size-5-ml-nl","17":"pa_size-15-ml-nl","18":"pa_size-30-ml-nl","20":"first","21":"instock","22":"taxable","23":"shipping-taxable","24":"purchasable","25":"product-type-variable"},"bundled_by":[],"bundle_stock_status":"instock","bundle_stock_quantity":null,"bundle_virtual":false,"bundle_layout":"","bundle_add_to_cart_form_location":"","bundle_editable_in_cart":false,"bundle_sold_individually_context":"","bundle_item_grouping":"","bundle_min_size":"","bundle_max_size":"","bundle_price":[],"bundled_items":[],"bundle_sell_ids":[],"atum_controlled":true,"out_stock_date":null,"out_stock_threshold":null,"inheritable":true,"stock_on_hold":0,"sold_today":0,"sales_last_days":0,"out_stock_days":0,"lost_sales":0,"update_date":"2026-04-10T00:00:31","atum_locations":[],"atum_stock_status":"instock","restock_status":false,"low_stock_amount":"","sales_update_date":"2026-04-10T00:00:31","calc_backorders":null,"group_of_quantity":0,"min_quantity":0,"max_quantity":"","exclude_order_quantity_value_rules":"no","exclude_category_quantity_rules":"no","combine_variations":"no","yoast_head":"<!-- This site is optimized with the Yoast SEO Premium plugin v26.5 (Yoast SEO v26.5) - https:\/\/yoast.com\/wordpress\/plugins\/seo\/ -->\n<title>Chamomile Essential Oil | Living Libations<\/title>\n<meta name=\"description\" content=\"Chamomile Essential Oil heeft een zoete, etherische, mild kruidige-hooi geur die doet denken aan een rijpe appel die danst op een zomerbriesje.\" \/>\n<meta name=\"robots\" content=\"index, follow, max-snippet:-1, max-image-preview:large, max-video-preview:-1\" \/>\n<link rel=\"canonical\" href=\"https:\/\/dutchhealthstore.com\/nl\/product\/chamomile-essential-oil\/\" \/>\n<meta property=\"og:locale\" content=\"nl_NL\" \/>\n<meta property=\"og:type\" content=\"article\" \/>\n<meta property=\"og:title\" content=\"Chamomile Essential Oil - Dutch Health Store\" \/>\n<meta property=\"og:description\" content=\"Chamomile Essential Oil heeft een zoete, etherische, mild kruidige-hooi geur die doet denken aan een rijpe appel die danst op een zomerbriesje.\" \/>\n<meta property=\"og:url\" content=\"https:\/\/dutchhealthstore.com\/nl\/product\/chamomile-essential-oil\/\" \/>\n<meta property=\"og:site_name\" content=\"Dutch Health Store\" \/>\n<meta property=\"article:publisher\" content=\"https:\/\/www.instagram.com\/dutchhealthstore\/\" \/>\n<meta property=\"article:modified_time\" content=\"2025-11-23T11:50:41+00:00\" \/>\n<meta property=\"og:image\" content=\"https:\/\/dutchhealthstore.com\/wp-content\/uploads\/2018\/02\/Living-Libations-Chamomile-Essential-Oil-e1596448621288.png\" \/>\n\t<meta property=\"og:image:width\" content=\"500\" \/>\n\t<meta property=\"og:image:height\" content=\"500\" \/>\n\t<meta property=\"og:image:type\" content=\"image\/jpeg\" \/>\n<meta name=\"twitter:card\" content=\"summary_large_image\" \/>\n<meta name=\"twitter:label1\" content=\"Beschikbaarheid\" \/>\n\t<meta name=\"twitter:data1\" content=\"Op voorraad\" \/>\n<script type=\"application\/ld+json\" class=\"yoast-schema-graph\">{\"@context\":\"https:\/\/schema.org\",\"@graph\":[{\"@type\":\"WebPage\",\"@id\":\"https:\/\/dutchhealthstore.com\/nl\/product\/chamomile-essential-oil\/\",\"url\":\"https:\/\/dutchhealthstore.com\/nl\/product\/chamomile-essential-oil\/\",\"name\":\"Chamomile Essential Oil | Living Libations\",\"isPartOf\":{\"@id\":\"https:\/\/dutchhealthstore.com\/nl\/#website\"},\"primaryImageOfPage\":{\"@id\":\"https:\/\/dutchhealthstore.com\/nl\/product\/chamomile-essential-oil\/#primaryimage\"},\"image\":{\"@id\":\"https:\/\/dutchhealthstore.com\/nl\/product\/chamomile-essential-oil\/#primaryimage\"},\"thumbnailUrl\":\"https:\/\/dutchhealthstore.com\/wp-content\/uploads\/2018\/02\/Living-Libations-Chamomile-Essential-Oil-e1596448621288.png\",\"datePublished\":\"2018-02-10T19:38:55+00:00\",\"dateModified\":\"2025-11-23T11:50:41+00:00\",\"description\":\"Chamomile Essential Oil heeft een zoete, etherische, mild kruidige-hooi geur die doet denken aan een rijpe appel die danst op een zomerbriesje.\",\"breadcrumb\":{\"@id\":\"https:\/\/dutchhealthstore.com\/nl\/product\/chamomile-essential-oil\/#breadcrumb\"},\"inLanguage\":\"nl-NL\",\"potentialAction\":[{\"@type\":\"ReadAction\",\"target\":[\"https:\/\/dutchhealthstore.com\/nl\/product\/chamomile-essential-oil\/\"]}]},{\"@type\":\"ImageObject\",\"inLanguage\":\"nl-NL\",\"@id\":\"https:\/\/dutchhealthstore.com\/nl\/product\/chamomile-essential-oil\/#primaryimage\",\"url\":\"https:\/\/dutchhealthstore.com\/wp-content\/uploads\/2018\/02\/Living-Libations-Chamomile-Essential-Oil-e1596448621288.png\",\"contentUrl\":\"https:\/\/dutchhealthstore.com\/wp-content\/uploads\/2018\/02\/Living-Libations-Chamomile-Essential-Oil-e1596448621288.png\",\"width\":500,\"height\":500},{\"@type\":\"BreadcrumbList\",\"@id\":\"https:\/\/dutchhealthstore.com\/nl\/product\/chamomile-essential-oil\/#breadcrumb\",\"itemListElement\":[{\"@type\":\"ListItem\",\"position\":1,\"name\":\"Home\",\"item\":\"https:\/\/dutchhealthstore.com\/nl\/\"},{\"@type\":\"ListItem\",\"position\":2,\"name\":\"Shop\",\"item\":\"https:\/\/dutchhealthstore.com\/nl\/shop\/\"},{\"@type\":\"ListItem\",\"position\":3,\"name\":\"Chamomile Essential Oil\"}]},{\"@type\":\"WebSite\",\"@id\":\"https:\/\/dutchhealthstore.com\/nl\/#website\",\"url\":\"https:\/\/dutchhealthstore.com\/nl\/\",\"name\":\"Dutch Health Store\",\"description\":\"Enhance Your Beauty with Organic &amp; Natural Skincare\",\"publisher\":{\"@id\":\"https:\/\/dutchhealthstore.com\/nl\/#organization\"},\"potentialAction\":[{\"@type\":\"SearchAction\",\"target\":{\"@type\":\"EntryPoint\",\"urlTemplate\":\"https:\/\/dutchhealthstore.com\/nl\/?s={search_term_string}\"},\"query-input\":{\"@type\":\"PropertyValueSpecification\",\"valueRequired\":true,\"valueName\":\"search_term_string\"}}],\"inLanguage\":\"nl-NL\"},{\"@type\":\"Organization\",\"@id\":\"https:\/\/dutchhealthstore.com\/nl\/#organization\",\"name\":\"Dutch Health Store\",\"url\":\"https:\/\/dutchhealthstore.com\/nl\/\",\"logo\":{\"@type\":\"ImageObject\",\"inLanguage\":\"nl-NL\",\"@id\":\"https:\/\/dutchhealthstore.com\/nl\/#\/schema\/logo\/image\/\",\"url\":\"https:\/\/dutchhealthstore.com\/wp-content\/uploads\/2020\/08\/logo-dutchhealthstore-jpg-e1599484957574.jpg\",\"contentUrl\":\"https:\/\/dutchhealthstore.com\/wp-content\/uploads\/2020\/08\/logo-dutchhealthstore-jpg-e1599484957574.jpg\",\"width\":400,\"height\":62,\"caption\":\"Dutch Health Store\"},\"image\":{\"@id\":\"https:\/\/dutchhealthstore.com\/nl\/#\/schema\/logo\/image\/\"},\"sameAs\":[\"https:\/\/www.instagram.com\/dutchhealthstore\/\",\"https:\/\/www.facebook.com\/dutchhealthstore\"]}]}<\/script>\n<meta property=\"product:brand\" content=\"Living Libations\" \/>\n<meta property=\"og:availability\" content=\"instock\" \/>\n<meta property=\"product:availability\" content=\"instock\" \/>\n<meta property=\"product:condition\" content=\"new\" \/>\n<!-- \/ Yoast SEO Premium plugin. -->","yoast_head_json":{"title":"Chamomile Essential Oil | Living Libations","description":"Chamomile Essential Oil heeft een zoete, etherische, mild kruidige-hooi geur die doet denken aan een rijpe appel die danst op een zomerbriesje.","robots":{"index":"index","follow":"follow","max-snippet":"max-snippet:-1","max-image-preview":"max-image-preview:large","max-video-preview":"max-video-preview:-1"},"canonical":"https:\/\/dutchhealthstore.com\/nl\/product\/chamomile-essential-oil\/","og_locale":"nl_NL","og_type":"article","og_title":"Chamomile Essential Oil - Dutch Health Store","og_description":"Chamomile Essential Oil heeft een zoete, etherische, mild kruidige-hooi geur die doet denken aan een rijpe appel die danst op een zomerbriesje.","og_url":"https:\/\/dutchhealthstore.com\/nl\/product\/chamomile-essential-oil\/","og_site_name":"Dutch Health Store","article_publisher":"https:\/\/www.instagram.com\/dutchhealthstore\/","article_modified_time":"2025-11-23T11:50:41+00:00","og_image":[{"width":500,"height":500,"url":"https:\/\/dutchhealthstore.com\/wp-content\/uploads\/2018\/02\/Living-Libations-Chamomile-Essential-Oil-e1596448621288.png","type":"image\/jpeg"}],"twitter_card":"summary_large_image","twitter_misc":{"Beschikbaarheid":"Op voorraad"},"schema":{"@context":"https:\/\/schema.org","@graph":[{"@type":"WebPage","@id":"https:\/\/dutchhealthstore.com\/nl\/product\/chamomile-essential-oil\/","url":"https:\/\/dutchhealthstore.com\/nl\/product\/chamomile-essential-oil\/","name":"Chamomile Essential Oil | Living Libations","isPartOf":{"@id":"https:\/\/dutchhealthstore.com\/nl\/#website"},"primaryImageOfPage":{"@id":"https:\/\/dutchhealthstore.com\/nl\/product\/chamomile-essential-oil\/#primaryimage"},"image":{"@id":"https:\/\/dutchhealthstore.com\/nl\/product\/chamomile-essential-oil\/#primaryimage"},"thumbnailUrl":"https:\/\/dutchhealthstore.com\/wp-content\/uploads\/2018\/02\/Living-Libations-Chamomile-Essential-Oil-e1596448621288.png","datePublished":"2018-02-10T19:38:55+00:00","dateModified":"2025-11-23T11:50:41+00:00","description":"Chamomile Essential Oil heeft een zoete, etherische, mild kruidige-hooi geur die doet denken aan een rijpe appel die danst op een zomerbriesje.","breadcrumb":{"@id":"https:\/\/dutchhealthstore.com\/nl\/product\/chamomile-essential-oil\/#breadcrumb"},"inLanguage":"nl-NL","potentialAction":[{"@type":"ReadAction","target":["https:\/\/dutchhealthstore.com\/nl\/product\/chamomile-essential-oil\/"]}]},{"@type":"ImageObject","inLanguage":"nl-NL","@id":"https:\/\/dutchhealthstore.com\/nl\/product\/chamomile-essential-oil\/#primaryimage","url":"https:\/\/dutchhealthstore.com\/wp-content\/uploads\/2018\/02\/Living-Libations-Chamomile-Essential-Oil-e1596448621288.png","contentUrl":"https:\/\/dutchhealthstore.com\/wp-content\/uploads\/2018\/02\/Living-Libations-Chamomile-Essential-Oil-e1596448621288.png","width":500,"height":500},{"@type":"BreadcrumbList","@id":"https:\/\/dutchhealthstore.com\/nl\/product\/chamomile-essential-oil\/#breadcrumb","itemListElement":[{"@type":"ListItem","position":1,"name":"Home","item":"https:\/\/dutchhealthstore.com\/nl\/"},{"@type":"ListItem","position":2,"name":"Shop","item":"https:\/\/dutchhealthstore.com\/nl\/shop\/"},{"@type":"ListItem","position":3,"name":"Chamomile Essential Oil"}]},{"@type":"WebSite","@id":"https:\/\/dutchhealthstore.com\/nl\/#website","url":"https:\/\/dutchhealthstore.com\/nl\/","name":"Dutch Health Store","description":"Enhance Your Beauty with Organic &amp; Natural Skincare","publisher":{"@id":"https:\/\/dutchhealthstore.com\/nl\/#organization"},"potentialAction":[{"@type":"SearchAction","target":{"@type":"EntryPoint","urlTemplate":"https:\/\/dutchhealthstore.com\/nl\/?s={search_term_string}"},"query-input":{"@type":"PropertyValueSpecification","valueRequired":true,"valueName":"search_term_string"}}],"inLanguage":"nl-NL"},{"@type":"Organization","@id":"https:\/\/dutchhealthstore.com\/nl\/#organization","name":"Dutch Health Store","url":"https:\/\/dutchhealthstore.com\/nl\/","logo":{"@type":"ImageObject","inLanguage":"nl-NL","@id":"https:\/\/dutchhealthstore.com\/nl\/#\/schema\/logo\/image\/","url":"https:\/\/dutchhealthstore.com\/wp-content\/uploads\/2020\/08\/logo-dutchhealthstore-jpg-e1599484957574.jpg","contentUrl":"https:\/\/dutchhealthstore.com\/wp-content\/uploads\/2020\/08\/logo-dutchhealthstore-jpg-e1599484957574.jpg","width":400,"height":62,"caption":"Dutch Health Store"},"image":{"@id":"https:\/\/dutchhealthstore.com\/nl\/#\/schema\/logo\/image\/"},"sameAs":["https:\/\/www.instagram.com\/dutchhealthstore\/","https:\/\/www.facebook.com\/dutchhealthstore"]}]},"product_brand":"Living Libations","og_availability":"instock","product_availability":"instock","product_condition":"new"},"_links":{"self":[{"href":"https:\/\/dutchhealthstore.com\/nl\/wp-json\/wp\/v2\/product\/117626","targetHints":{"allow":["GET"]}}],"collection":[{"href":"https:\/\/dutchhealthstore.com\/nl\/wp-json\/wp\/v2\/product"}],"about":[{"href":"https:\/\/dutchhealthstore.com\/nl\/wp-json\/wp\/v2\/types\/product"}],"replies":[{"embeddable":true,"href":"https:\/\/dutchhealthstore.com\/nl\/wp-json\/wp\/v2\/comments?post=117626"}],"wp:featuredmedia":[{"embeddable":true,"href":"https:\/\/dutchhealthstore.com\/nl\/wp-json\/wp\/v2\/media\/117532"}],"wp:attachment":[{"href":"https:\/\/dutchhealthstore.com\/nl\/wp-json\/wp\/v2\/media?parent=117626"}],"wp:term":[{"taxonomy":"product_brand","embeddable":true,"href":"https:\/\/dutchhealthstore.com\/nl\/wp-json\/wp\/v2\/product_brand?post=117626"},{"taxonomy":"product_cat","embeddable":true,"href":"https:\/\/dutchhealthstore.com\/nl\/wp-json\/wp\/v2\/product_cat?post=117626"},{"taxonomy":"product_tag","embeddable":true,"href":"https:\/\/dutchhealthstore.com\/nl\/wp-json\/wp\/v2\/product_tag?post=117626"}],"curies":[{"name":"wp","href":"https:\/\/api.w.org\/{rel}","templated":true}]}}