{"id":117565,"date":"2018-02-10T21:04:45","date_gmt":"2018-02-10T20:04:45","guid":{"rendered":"https:\/\/dutchhealthstore.com\/product\/chamomile-german-blue-essential-oil\/"},"modified":"2023-10-27T10:23:51","modified_gmt":"2023-10-27T10:23:51","slug":"chamomile-german-blue-essential-oil","status":"publish","type":"product","link":"https:\/\/dutchhealthstore.com\/nl\/product\/chamomile-german-blue-essential-oil\/","title":{"rendered":"Chamomile, German Essential Oil"},"content":{"rendered":"<p><img decoding=\"async\" class=\"alignright size-full wp-image-37041\" src=\"https:\/\/dutchhealthstore.com\/wp-content\/uploads\/2018\/04\/Living_Libations-1.png\" alt=\"Organic &amp; Natural Beautyproducts - Living Libations\" width=\"175\" height=\"82\">Vroeg in de ochtend bloemblaadjes plukken levert de beste distillaties op met overvloedig matricine, dat bij het ochtendgloren voller is in de bloemen. Grote hoeveelheden verzachtende sesquiterpenen verlenen deze distillatie een diep oceaanblauwe kleur en geven uitdrukking aan overtuigende verkoelende en kalmerende eigenschappen. Deze blauwgekleurde essence is een kampioen in het versterken van gezichtsbehandelingen en weldadige lichaamsserums.<\/p>\n<p>Matricaria, gewijd door menig vroedvrouw, van het Latijnse &#8216;matrix&#8217; (baarmoeder) en &#8216;mater&#8217; (moeder) wordt gewaardeerd als geboortetonicum.<\/p>\n<p>Hoewel zowel <a href=\"https:\/\/dutchhealthstore.com\/nl\/product\/chamomile-essential-oil\/\">Romeinse kamille<\/a> als Duitse kamille kampioenen zijn voor huidverzorging, verschillen ze in kleur en geur. De ragfijne gouden vloeistof van Roomse kamille is zonneschijn op een zomerse dag met geruststellende tonen van honingachtig hooi. Terwijl de oceaanblauwe tint van Duitse kamille een onverstoorbare bloem biedt die uw huid en uw geest kalm, koel en helder houdt.<\/p>\n<p><strong>Botanische naam: <\/strong>Matricaria chamomilla<br \/>\n<strong>Botanische familie:<\/strong> Asteraceae<br \/>\n<strong>Extractiemethode:<\/strong> Gestoomdistilleerd<br \/>\n<strong>Gedistilleerd deel van de plant:<\/strong> Bloemen<br \/>\n<strong>Land van herkomst:<\/strong> Duitsland<br \/>\n<strong>Teeltmethode:<\/strong> Organisch<br \/>\n<strong>Samenstelling:<\/strong> 100% Matricaria chamomilla<br \/>\n<strong>Consistentie:<\/strong> Dun tot middelmatig<\/p>\n<h3>Geur Beschrijving<\/h3>\n<p>Bloemig, kruidig en zoet.<\/p>\n<h3>In Living Libations<\/h3>\n<p>All Seeing Eye Cr\u00e8me, Open Sky Eye Serum<\/p>\n<h3>Mengt goed met<\/h3>\n<p>Berken, Basilicum, Wierook, Kamille, Duizendblad, Kardemom, Roos Otto, Pepermunt, Palmarosa, Geranium en Eucalyptus.<\/p>\n<h3>Gebruikt<\/h3>\n<p>Plaatselijk toegepast bij een warme en droge huid. Kalmeert en zuivert de rode huid. Verbetert het uiterlijk en het gevoel van de huidtextuur. Toegevoegd aan massageolie om geest, spieren en emoties liefdevol te lozen. Gebruikt als culinaire olie en in thee. Gebruiksvriendelijk &#8211; kan onverdund op de huid worden aangebracht.<\/p>\n<p><strong>Grootte: 5 ml, 15 ml en 30 ml<\/strong><\/p>\n<h3>Bestanddelen<\/h3>\n<p>Kalmerende sesquiterpenen chamazulenze en alfa-bisabolol.<\/p>\n<h3>Organische Ingredi\u00ebnten<\/h3>\n<p>100% Duitse kamille (Matricaria chamomilla) etherische olie.<\/p>\n<p style=\"text-align: center;\"><em>&#8220;Een authentieke essenti\u00eble olie van het alfa-bisabolol type, maakt het een van de meest waardevolle essenti\u00eble oli\u00ebn&#8230;<br \/>\nEtherische olie van Duitse kamille is volledig niet giftig en niet-irriterend en dient als een welkom universeel toepasbaar middel&#8230;<br \/>\nToevoeging van German Chamomile essential oil aan gezichts- en lichaamsolie werkt altijd.&#8221;<br \/>\n<\/em>\u223c Kurt Schnaubelt, <strong>De intelligentie van essenti\u00eble oli\u00ebn<\/strong><\/p>\n<p>&nbsp;<\/p>\n<p><img fetchpriority=\"high\" decoding=\"async\" class=\"aligncenter size-full wp-image-31577\" src=\"https:\/\/dutchhealthstore.com\/wp-content\/uploads\/2018\/03\/organic_big.png\" alt=\"Organic and Natural - Living Libations\" width=\"623\" height=\"103\" srcset=\"https:\/\/dutchhealthstore.com\/wp-content\/uploads\/2018\/03\/organic_big.png 623w, https:\/\/dutchhealthstore.com\/wp-content\/uploads\/2018\/03\/organic_big-510x84.png 510w, https:\/\/dutchhealthstore.com\/wp-content\/uploads\/2018\/03\/organic_big-600x99.png 600w, https:\/\/dutchhealthstore.com\/wp-content\/uploads\/2018\/03\/organic_big-350x58.png 350w\" sizes=\"(max-width: 623px) 100vw, 623px\" \/><\/p>\n","protected":false},"excerpt":{"rendered":"<p>Prachtig gloeiende <strong>German Chamomile Essential Oil<\/strong> is een diepe, rijke, inktblauwe essence die de ziel omhult met koele troost. Zijn donkerblauwe tint geeft ons een aanwijzing dat Duitse kamille een buitengewone essence is vanwege zijn herstellende, rustige streling voor de huid in nood.<\/p>\n","protected":false},"featured_media":58862,"comment_status":"open","ping_status":"closed","template":"","meta":[],"product_brand":[],"product_cat":[6731,1506,2465,1208,1006,510,6730],"product_tag":[4496],"class_list":{"0":"post-117565","1":"product","2":"type-product","3":"status-publish","4":"has-post-thumbnail","6":"product_cat-essential-oils-nl","7":"product_cat-essentiele-olien-living-libations","8":"product_cat-etherische-olien","9":"product_cat-living-libations-nederland","10":"product_cat-merken","11":"product_cat-shop-winkel","12":"product_cat-wellness-nl","13":"product_tag-essential-oil-nl","14":"pa_brand-livinglibations-nl","15":"pa_essential-oils-product-type-essential-oils-nl","16":"pa_size-15-ml-nl","17":"pa_size-30-ml-nl","18":"pa_size-5-ml-nl","20":"first","21":"instock","22":"taxable","23":"shipping-taxable","24":"purchasable","25":"product-type-variable"},"bundled_by":[],"bundle_stock_status":"instock","bundle_stock_quantity":null,"bundle_virtual":false,"bundle_layout":"","bundle_add_to_cart_form_location":"","bundle_editable_in_cart":false,"bundle_sold_individually_context":"","bundle_item_grouping":"","bundle_min_size":"","bundle_max_size":"","bundle_price":[],"bundled_items":[],"bundle_sell_ids":[],"atum_controlled":true,"out_stock_date":null,"out_stock_threshold":null,"inheritable":true,"stock_on_hold":0,"sold_today":0,"sales_last_days":0,"out_stock_days":0,"lost_sales":0,"update_date":"2026-05-09T00:20:28","atum_locations":[],"atum_stock_status":"instock","restock_status":false,"low_stock_amount":"","sales_update_date":"2026-05-09T00:20:28","calc_backorders":null,"group_of_quantity":0,"min_quantity":0,"max_quantity":"","exclude_order_quantity_value_rules":"no","exclude_category_quantity_rules":"no","combine_variations":"no","yoast_head":"<!-- This site is optimized with the Yoast SEO Premium plugin v26.5 (Yoast SEO v26.5) - https:\/\/yoast.com\/wordpress\/plugins\/seo\/ -->\n<title>Chamomile German Blue Essential Oil | Living Libations<\/title>\n<meta name=\"description\" content=\"Schitterend gloeiende German Blue Chamomile Essential Oil is een diepe, rijke, inktblauwe essence die de ziel omhult met koele troost.\" \/>\n<meta name=\"robots\" content=\"index, follow, max-snippet:-1, max-image-preview:large, max-video-preview:-1\" \/>\n<link rel=\"canonical\" href=\"https:\/\/dutchhealthstore.com\/nl\/product\/chamomile-german-blue-essential-oil\/\" \/>\n<meta property=\"og:locale\" content=\"nl_NL\" \/>\n<meta property=\"og:type\" content=\"article\" \/>\n<meta property=\"og:title\" content=\"Chamomile, German Essential Oil - Dutch Health Store\" \/>\n<meta property=\"og:description\" content=\"Schitterend gloeiende German Blue Chamomile Essential Oil is een diepe, rijke, inktblauwe essence die de ziel omhult met koele troost.\" \/>\n<meta property=\"og:url\" content=\"https:\/\/dutchhealthstore.com\/nl\/product\/chamomile-german-blue-essential-oil\/\" \/>\n<meta property=\"og:site_name\" content=\"Dutch Health Store\" \/>\n<meta property=\"article:publisher\" content=\"https:\/\/www.instagram.com\/dutchhealthstore\/\" \/>\n<meta property=\"article:modified_time\" content=\"2023-10-27T10:23:51+00:00\" \/>\n<meta property=\"og:image\" content=\"https:\/\/dutchhealthstore.com\/wp-content\/uploads\/2018\/02\/Living-Libations-Chamomile-German-Blue-Essential-Oil.jpg\" \/>\n\t<meta property=\"og:image:width\" content=\"1200\" \/>\n\t<meta property=\"og:image:height\" content=\"1200\" \/>\n\t<meta property=\"og:image:type\" content=\"image\/jpeg\" \/>\n<meta name=\"twitter:card\" content=\"summary_large_image\" \/>\n<meta name=\"twitter:label1\" content=\"Beschikbaarheid\" \/>\n\t<meta name=\"twitter:data1\" content=\"Op voorraad\" \/>\n<script type=\"application\/ld+json\" class=\"yoast-schema-graph\">{\"@context\":\"https:\/\/schema.org\",\"@graph\":[{\"@type\":\"WebPage\",\"@id\":\"https:\/\/dutchhealthstore.com\/nl\/product\/chamomile-german-blue-essential-oil\/\",\"url\":\"https:\/\/dutchhealthstore.com\/nl\/product\/chamomile-german-blue-essential-oil\/\",\"name\":\"Chamomile German Blue Essential Oil | Living Libations\",\"isPartOf\":{\"@id\":\"https:\/\/dutchhealthstore.com\/nl\/#website\"},\"primaryImageOfPage\":{\"@id\":\"https:\/\/dutchhealthstore.com\/nl\/product\/chamomile-german-blue-essential-oil\/#primaryimage\"},\"image\":{\"@id\":\"https:\/\/dutchhealthstore.com\/nl\/product\/chamomile-german-blue-essential-oil\/#primaryimage\"},\"thumbnailUrl\":\"https:\/\/dutchhealthstore.com\/wp-content\/uploads\/2018\/02\/Living-Libations-Chamomile-German-Blue-Essential-Oil.jpg\",\"datePublished\":\"2018-02-10T20:04:45+00:00\",\"dateModified\":\"2023-10-27T10:23:51+00:00\",\"description\":\"Schitterend gloeiende German Blue Chamomile Essential Oil is een diepe, rijke, inktblauwe essence die de ziel omhult met koele troost.\",\"breadcrumb\":{\"@id\":\"https:\/\/dutchhealthstore.com\/nl\/product\/chamomile-german-blue-essential-oil\/#breadcrumb\"},\"inLanguage\":\"nl-NL\",\"potentialAction\":[{\"@type\":\"ReadAction\",\"target\":[\"https:\/\/dutchhealthstore.com\/nl\/product\/chamomile-german-blue-essential-oil\/\"]}]},{\"@type\":\"ImageObject\",\"inLanguage\":\"nl-NL\",\"@id\":\"https:\/\/dutchhealthstore.com\/nl\/product\/chamomile-german-blue-essential-oil\/#primaryimage\",\"url\":\"https:\/\/dutchhealthstore.com\/wp-content\/uploads\/2018\/02\/Living-Libations-Chamomile-German-Blue-Essential-Oil.jpg\",\"contentUrl\":\"https:\/\/dutchhealthstore.com\/wp-content\/uploads\/2018\/02\/Living-Libations-Chamomile-German-Blue-Essential-Oil.jpg\",\"width\":1200,\"height\":1200,\"caption\":\"Living Libations - Chamomile German Blue Essential Oil\"},{\"@type\":\"BreadcrumbList\",\"@id\":\"https:\/\/dutchhealthstore.com\/nl\/product\/chamomile-german-blue-essential-oil\/#breadcrumb\",\"itemListElement\":[{\"@type\":\"ListItem\",\"position\":1,\"name\":\"Home\",\"item\":\"https:\/\/dutchhealthstore.com\/nl\/\"},{\"@type\":\"ListItem\",\"position\":2,\"name\":\"Shop\",\"item\":\"https:\/\/dutchhealthstore.com\/nl\/shop\/\"},{\"@type\":\"ListItem\",\"position\":3,\"name\":\"Chamomile, German Essential Oil\"}]},{\"@type\":\"WebSite\",\"@id\":\"https:\/\/dutchhealthstore.com\/nl\/#website\",\"url\":\"https:\/\/dutchhealthstore.com\/nl\/\",\"name\":\"Dutch Health Store\",\"description\":\"Enhance Your Beauty with Organic &amp; Natural Skincare\",\"publisher\":{\"@id\":\"https:\/\/dutchhealthstore.com\/nl\/#organization\"},\"potentialAction\":[{\"@type\":\"SearchAction\",\"target\":{\"@type\":\"EntryPoint\",\"urlTemplate\":\"https:\/\/dutchhealthstore.com\/nl\/?s={search_term_string}\"},\"query-input\":{\"@type\":\"PropertyValueSpecification\",\"valueRequired\":true,\"valueName\":\"search_term_string\"}}],\"inLanguage\":\"nl-NL\"},{\"@type\":\"Organization\",\"@id\":\"https:\/\/dutchhealthstore.com\/nl\/#organization\",\"name\":\"Dutch Health Store\",\"url\":\"https:\/\/dutchhealthstore.com\/nl\/\",\"logo\":{\"@type\":\"ImageObject\",\"inLanguage\":\"nl-NL\",\"@id\":\"https:\/\/dutchhealthstore.com\/nl\/#\/schema\/logo\/image\/\",\"url\":\"https:\/\/dutchhealthstore.com\/wp-content\/uploads\/2020\/08\/logo-dutchhealthstore-jpg-e1599484957574.jpg\",\"contentUrl\":\"https:\/\/dutchhealthstore.com\/wp-content\/uploads\/2020\/08\/logo-dutchhealthstore-jpg-e1599484957574.jpg\",\"width\":400,\"height\":62,\"caption\":\"Dutch Health Store\"},\"image\":{\"@id\":\"https:\/\/dutchhealthstore.com\/nl\/#\/schema\/logo\/image\/\"},\"sameAs\":[\"https:\/\/www.instagram.com\/dutchhealthstore\/\",\"https:\/\/www.facebook.com\/dutchhealthstore\"]}]}<\/script>\n<meta property=\"product:brand\" content=\"Living Libations\" \/>\n<meta property=\"og:availability\" content=\"instock\" \/>\n<meta property=\"product:availability\" content=\"instock\" \/>\n<meta property=\"product:condition\" content=\"new\" \/>\n<!-- \/ Yoast SEO Premium plugin. -->","yoast_head_json":{"title":"Chamomile German Blue Essential Oil | Living Libations","description":"Schitterend gloeiende German Blue Chamomile Essential Oil is een diepe, rijke, inktblauwe essence die de ziel omhult met koele troost.","robots":{"index":"index","follow":"follow","max-snippet":"max-snippet:-1","max-image-preview":"max-image-preview:large","max-video-preview":"max-video-preview:-1"},"canonical":"https:\/\/dutchhealthstore.com\/nl\/product\/chamomile-german-blue-essential-oil\/","og_locale":"nl_NL","og_type":"article","og_title":"Chamomile, German Essential Oil - Dutch Health Store","og_description":"Schitterend gloeiende German Blue Chamomile Essential Oil is een diepe, rijke, inktblauwe essence die de ziel omhult met koele troost.","og_url":"https:\/\/dutchhealthstore.com\/nl\/product\/chamomile-german-blue-essential-oil\/","og_site_name":"Dutch Health Store","article_publisher":"https:\/\/www.instagram.com\/dutchhealthstore\/","article_modified_time":"2023-10-27T10:23:51+00:00","og_image":[{"width":1200,"height":1200,"url":"https:\/\/dutchhealthstore.com\/wp-content\/uploads\/2018\/02\/Living-Libations-Chamomile-German-Blue-Essential-Oil.jpg","type":"image\/jpeg"}],"twitter_card":"summary_large_image","twitter_misc":{"Beschikbaarheid":"Op voorraad"},"schema":{"@context":"https:\/\/schema.org","@graph":[{"@type":"WebPage","@id":"https:\/\/dutchhealthstore.com\/nl\/product\/chamomile-german-blue-essential-oil\/","url":"https:\/\/dutchhealthstore.com\/nl\/product\/chamomile-german-blue-essential-oil\/","name":"Chamomile German Blue Essential Oil | Living Libations","isPartOf":{"@id":"https:\/\/dutchhealthstore.com\/nl\/#website"},"primaryImageOfPage":{"@id":"https:\/\/dutchhealthstore.com\/nl\/product\/chamomile-german-blue-essential-oil\/#primaryimage"},"image":{"@id":"https:\/\/dutchhealthstore.com\/nl\/product\/chamomile-german-blue-essential-oil\/#primaryimage"},"thumbnailUrl":"https:\/\/dutchhealthstore.com\/wp-content\/uploads\/2018\/02\/Living-Libations-Chamomile-German-Blue-Essential-Oil.jpg","datePublished":"2018-02-10T20:04:45+00:00","dateModified":"2023-10-27T10:23:51+00:00","description":"Schitterend gloeiende German Blue Chamomile Essential Oil is een diepe, rijke, inktblauwe essence die de ziel omhult met koele troost.","breadcrumb":{"@id":"https:\/\/dutchhealthstore.com\/nl\/product\/chamomile-german-blue-essential-oil\/#breadcrumb"},"inLanguage":"nl-NL","potentialAction":[{"@type":"ReadAction","target":["https:\/\/dutchhealthstore.com\/nl\/product\/chamomile-german-blue-essential-oil\/"]}]},{"@type":"ImageObject","inLanguage":"nl-NL","@id":"https:\/\/dutchhealthstore.com\/nl\/product\/chamomile-german-blue-essential-oil\/#primaryimage","url":"https:\/\/dutchhealthstore.com\/wp-content\/uploads\/2018\/02\/Living-Libations-Chamomile-German-Blue-Essential-Oil.jpg","contentUrl":"https:\/\/dutchhealthstore.com\/wp-content\/uploads\/2018\/02\/Living-Libations-Chamomile-German-Blue-Essential-Oil.jpg","width":1200,"height":1200,"caption":"Living Libations - Chamomile German Blue Essential Oil"},{"@type":"BreadcrumbList","@id":"https:\/\/dutchhealthstore.com\/nl\/product\/chamomile-german-blue-essential-oil\/#breadcrumb","itemListElement":[{"@type":"ListItem","position":1,"name":"Home","item":"https:\/\/dutchhealthstore.com\/nl\/"},{"@type":"ListItem","position":2,"name":"Shop","item":"https:\/\/dutchhealthstore.com\/nl\/shop\/"},{"@type":"ListItem","position":3,"name":"Chamomile, German Essential Oil"}]},{"@type":"WebSite","@id":"https:\/\/dutchhealthstore.com\/nl\/#website","url":"https:\/\/dutchhealthstore.com\/nl\/","name":"Dutch Health Store","description":"Enhance Your Beauty with Organic &amp; Natural Skincare","publisher":{"@id":"https:\/\/dutchhealthstore.com\/nl\/#organization"},"potentialAction":[{"@type":"SearchAction","target":{"@type":"EntryPoint","urlTemplate":"https:\/\/dutchhealthstore.com\/nl\/?s={search_term_string}"},"query-input":{"@type":"PropertyValueSpecification","valueRequired":true,"valueName":"search_term_string"}}],"inLanguage":"nl-NL"},{"@type":"Organization","@id":"https:\/\/dutchhealthstore.com\/nl\/#organization","name":"Dutch Health Store","url":"https:\/\/dutchhealthstore.com\/nl\/","logo":{"@type":"ImageObject","inLanguage":"nl-NL","@id":"https:\/\/dutchhealthstore.com\/nl\/#\/schema\/logo\/image\/","url":"https:\/\/dutchhealthstore.com\/wp-content\/uploads\/2020\/08\/logo-dutchhealthstore-jpg-e1599484957574.jpg","contentUrl":"https:\/\/dutchhealthstore.com\/wp-content\/uploads\/2020\/08\/logo-dutchhealthstore-jpg-e1599484957574.jpg","width":400,"height":62,"caption":"Dutch Health Store"},"image":{"@id":"https:\/\/dutchhealthstore.com\/nl\/#\/schema\/logo\/image\/"},"sameAs":["https:\/\/www.instagram.com\/dutchhealthstore\/","https:\/\/www.facebook.com\/dutchhealthstore"]}]},"product_brand":"Living Libations","og_availability":"instock","product_availability":"instock","product_condition":"new"},"_links":{"self":[{"href":"https:\/\/dutchhealthstore.com\/nl\/wp-json\/wp\/v2\/product\/117565","targetHints":{"allow":["GET"]}}],"collection":[{"href":"https:\/\/dutchhealthstore.com\/nl\/wp-json\/wp\/v2\/product"}],"about":[{"href":"https:\/\/dutchhealthstore.com\/nl\/wp-json\/wp\/v2\/types\/product"}],"replies":[{"embeddable":true,"href":"https:\/\/dutchhealthstore.com\/nl\/wp-json\/wp\/v2\/comments?post=117565"}],"wp:featuredmedia":[{"embeddable":true,"href":"https:\/\/dutchhealthstore.com\/nl\/wp-json\/wp\/v2\/media\/58862"}],"wp:attachment":[{"href":"https:\/\/dutchhealthstore.com\/nl\/wp-json\/wp\/v2\/media?parent=117565"}],"wp:term":[{"taxonomy":"product_brand","embeddable":true,"href":"https:\/\/dutchhealthstore.com\/nl\/wp-json\/wp\/v2\/product_brand?post=117565"},{"taxonomy":"product_cat","embeddable":true,"href":"https:\/\/dutchhealthstore.com\/nl\/wp-json\/wp\/v2\/product_cat?post=117565"},{"taxonomy":"product_tag","embeddable":true,"href":"https:\/\/dutchhealthstore.com\/nl\/wp-json\/wp\/v2\/product_tag?post=117565"}],"curies":[{"name":"wp","href":"https:\/\/api.w.org\/{rel}","templated":true}]}}