{"id":117528,"date":"2018-02-10T20:00:11","date_gmt":"2018-02-10T19:00:11","guid":{"rendered":"https:\/\/dutchhealthstore.com\/product\/cedar-white-essential-oil\/"},"modified":"2025-09-23T15:20:30","modified_gmt":"2025-09-23T13:20:30","slug":"cedar-white-essential-oil","status":"publish","type":"product","link":"https:\/\/dutchhealthstore.com\/nl\/product\/cedar-white-essential-oil\/","title":{"rendered":"Cedar White Essential Oil"},"content":{"rendered":"<p><img decoding=\"async\" class=\"alignright size-full wp-image-37041\" src=\"https:\/\/dutchhealthstore.com\/wp-content\/uploads\/2018\/04\/Living_Libations-1.png\" alt=\"Organic &amp; Natural Beautyproducts - Living Libations\" width=\"175\" height=\"82\">In het wild gemaakt en met stoom gedistilleerd uit de naalden van de Canadese Witte Cederboom. Deze verhelderende olie met haar scherpe, zoete, houtachtige geur bevordert een fris gerichte intentie en wordt traditioneel gebruikt om te reinigen en te ontgeuren, meditatie te verbeteren en een diepe ademhaling aan te moedigen.<\/p>\n<p>Witte ceder is een heerlijke toevoeging aan een warm, dampend bad en heerlijk in verstuivers.<\/p>\n<p><strong>Botanische naam:<\/strong> Thuja occidentalis<br \/>\n<strong>Botanische familie:<\/strong> Cupressaceae<br \/>\n<strong>Extractiemethode:<\/strong> Gestoomdistilleerd<br \/>\n<strong>Deel van de plant Gedistilleerd:<\/strong> Naalden<br \/>\n<strong>Land van herkomst:<\/strong> Canada<br \/>\n<strong>Teeltmethode:<\/strong> Wild geoogst<br \/>\n<strong>Samenstelling:<\/strong> 100% Thuja occidentalis<br \/>\n<strong>Consistentie:<\/strong> Dun<\/p>\n<h3>Geur Beschrijving<\/h3>\n<p>Scherp en houtachtig met zoete, bos-bloemige ondertonen die hinten naar ceder-sauna&#8217;s.<\/p>\n<h3>In Living Libations<\/h3>\n<p>Sacred Sage Smudge<\/p>\n<h3>Mengt goed met<\/h3>\n<p>Bloedsinaasappel, Kruidnagel, Lavendel, Zwarte spar, Witte spar, Zilver spar, Douglas spar, en Bergamot.<\/p>\n<h3>Gebruikt<\/h3>\n<p>Huis en lichaam deodorant. Huishoudelijke schoonmaakzepen. Verstuiven om yoga en meditatie te verbeteren. Uitwendig gebruik en voornamelijk gebruikt voor luchtverzorging. Gebruik als een accent met andere essenti\u00eble oli\u00ebn voor colognes en mengsels.<\/p>\n<p><strong>Grootte: 5 ml en 15 ml<\/strong><\/p>\n<h3>Organische Ingredi\u00ebnten<\/h3>\n<p>100% witte ceder (Thuja occidentalis) essenti\u00eble olie.<\/p>\n<p style=\"text-align: center;\"><em>&#8220;Tussen de geschubde bladeren en kleine takjes zitten traanvormige klieren die net zichtbaar zijn met het blote oog.<br \/>\nDeze volgen de boven- en onderkant van de bladeren als kleine voetafdrukken.<br \/>\nMet behulp van een handlens zijn de klieren duidelijk te zien.<br \/>\nZe lijken \u00e9\u00e9n kleine druppel lichtgele essenti\u00eble olie te bevatten die er ondoorzichtig uitziet.<br \/>\nDoor deze klier met een duimnagel te verwonden komt een sterke en aangename geur vrij van salie vermengd met kamfer en een vleugje lavendel.<br \/>\nDit is de essenti\u00eble olie van de witte ceder. Het is een deel van de levende farmacopee van de boom.&#8221; <\/em><\/p>\n<p style=\"text-align: center;\">\u223c Diana Beresford-Kroeger, <strong>Arboretum America: A Philosophy of the Forest<\/strong><\/p>\n<p><img fetchpriority=\"high\" decoding=\"async\" class=\"aligncenter size-full wp-image-31577\" src=\"https:\/\/dutchhealthstore.com\/wp-content\/uploads\/2018\/03\/organic_big.png\" alt=\"Organic and Natural - Living Libations\" width=\"623\" height=\"103\" srcset=\"https:\/\/dutchhealthstore.com\/wp-content\/uploads\/2018\/03\/organic_big.png 623w, https:\/\/dutchhealthstore.com\/wp-content\/uploads\/2018\/03\/organic_big-510x84.png 510w, https:\/\/dutchhealthstore.com\/wp-content\/uploads\/2018\/03\/organic_big-600x99.png 600w, https:\/\/dutchhealthstore.com\/wp-content\/uploads\/2018\/03\/organic_big-350x58.png 350w\" sizes=\"(max-width: 623px) 100vw, 623px\" \/><\/p>\n","protected":false},"excerpt":{"rendered":"<p><strong>White Cedar Essential Oil<\/strong> opent het hart als een stille wandeling door het bos. Witte Ceder helpt om versterkte, gerichte gedachten te bevorderen. Het werd traditioneel gebruikt door inheemse Amerikanen tijdens heilige ceremonies en voor zijn zelfzorgoplossingen, vandaar dat het soms <em>&#8220;Grootmoeder Ceder<\/em>&#8221; wordt genoemd.<\/p>\n","protected":false},"featured_media":58756,"comment_status":"open","ping_status":"closed","template":"","meta":[],"product_brand":[],"product_cat":[6731,2465,1506,1208,1006,510,6730],"product_tag":[4496],"class_list":{"0":"post-117528","1":"product","2":"type-product","3":"status-publish","4":"has-post-thumbnail","6":"product_cat-essential-oils-nl","7":"product_cat-etherische-olien","8":"product_cat-essentiele-olien-living-libations","9":"product_cat-living-libations-nederland","10":"product_cat-merken","11":"product_cat-shop-winkel","12":"product_cat-wellness-nl","13":"product_tag-essential-oil-nl","14":"pa_brand-livinglibations-nl","15":"pa_essential-oils-product-type-essential-oils-nl","16":"pa_size-15-ml-nl","17":"pa_size-5-ml-nl","19":"first","20":"instock","21":"taxable","22":"shipping-taxable","23":"purchasable","24":"product-type-variable"},"bundled_by":[],"bundle_stock_status":"instock","bundle_stock_quantity":null,"bundle_virtual":false,"bundle_layout":"","bundle_add_to_cart_form_location":"","bundle_editable_in_cart":false,"bundle_sold_individually_context":"","bundle_item_grouping":"","bundle_min_size":"","bundle_max_size":"","bundle_price":[],"bundled_items":[],"bundle_sell_ids":[],"atum_controlled":true,"out_stock_date":null,"out_stock_threshold":null,"inheritable":true,"stock_on_hold":1,"sold_today":0,"sales_last_days":0,"out_stock_days":0,"lost_sales":0,"update_date":"2026-05-01T00:15:35","atum_locations":[],"atum_stock_status":"instock","restock_status":false,"low_stock_amount":"","sales_update_date":"2026-05-01T00:15:34","calc_backorders":null,"group_of_quantity":0,"min_quantity":0,"max_quantity":"","exclude_order_quantity_value_rules":"no","exclude_category_quantity_rules":"no","combine_variations":"no","yoast_head":"<!-- This site is optimized with the Yoast SEO Premium plugin v26.5 (Yoast SEO v26.5) - https:\/\/yoast.com\/wordpress\/plugins\/seo\/ -->\n<title>Cedar White Essential Oil | Organic &amp; Natural | Living Libations<\/title>\n<meta name=\"description\" content=\"Living Libations White Cedar Essential Oil opent het hart als een stille wandeling door het bos.\" \/>\n<meta name=\"robots\" content=\"index, follow, max-snippet:-1, max-image-preview:large, max-video-preview:-1\" \/>\n<link rel=\"canonical\" href=\"https:\/\/dutchhealthstore.com\/nl\/product\/cedar-white-essential-oil\/\" \/>\n<meta property=\"og:locale\" content=\"nl_NL\" \/>\n<meta property=\"og:type\" content=\"article\" \/>\n<meta property=\"og:title\" content=\"Cedar White Essential Oil - Dutch Health Store\" \/>\n<meta property=\"og:description\" content=\"Living Libations White Cedar Essential Oil opent het hart als een stille wandeling door het bos.\" \/>\n<meta property=\"og:url\" content=\"https:\/\/dutchhealthstore.com\/nl\/product\/cedar-white-essential-oil\/\" \/>\n<meta property=\"og:site_name\" content=\"Dutch Health Store\" \/>\n<meta property=\"article:publisher\" content=\"https:\/\/www.instagram.com\/dutchhealthstore\/\" \/>\n<meta property=\"article:modified_time\" content=\"2025-09-23T13:20:30+00:00\" \/>\n<meta property=\"og:image\" content=\"https:\/\/dutchhealthstore.com\/wp-content\/uploads\/2018\/02\/Living-Libations-Cedar-White-Essential-Oil.jpg\" \/>\n\t<meta property=\"og:image:width\" content=\"1200\" \/>\n\t<meta property=\"og:image:height\" content=\"1200\" \/>\n\t<meta property=\"og:image:type\" content=\"image\/jpeg\" \/>\n<meta name=\"twitter:card\" content=\"summary_large_image\" \/>\n<meta name=\"twitter:label1\" content=\"Beschikbaarheid\" \/>\n\t<meta name=\"twitter:data1\" content=\"Op voorraad\" \/>\n<script type=\"application\/ld+json\" class=\"yoast-schema-graph\">{\"@context\":\"https:\/\/schema.org\",\"@graph\":[{\"@type\":\"WebPage\",\"@id\":\"https:\/\/dutchhealthstore.com\/nl\/product\/cedar-white-essential-oil\/\",\"url\":\"https:\/\/dutchhealthstore.com\/nl\/product\/cedar-white-essential-oil\/\",\"name\":\"Cedar White Essential Oil | Organic & Natural | Living Libations\",\"isPartOf\":{\"@id\":\"https:\/\/dutchhealthstore.com\/nl\/#website\"},\"primaryImageOfPage\":{\"@id\":\"https:\/\/dutchhealthstore.com\/nl\/product\/cedar-white-essential-oil\/#primaryimage\"},\"image\":{\"@id\":\"https:\/\/dutchhealthstore.com\/nl\/product\/cedar-white-essential-oil\/#primaryimage\"},\"thumbnailUrl\":\"https:\/\/dutchhealthstore.com\/wp-content\/uploads\/2018\/02\/Living-Libations-Cedar-White-Essential-Oil.jpg\",\"datePublished\":\"2018-02-10T19:00:11+00:00\",\"dateModified\":\"2025-09-23T13:20:30+00:00\",\"description\":\"Living Libations White Cedar Essential Oil opent het hart als een stille wandeling door het bos.\",\"breadcrumb\":{\"@id\":\"https:\/\/dutchhealthstore.com\/nl\/product\/cedar-white-essential-oil\/#breadcrumb\"},\"inLanguage\":\"nl-NL\",\"potentialAction\":[{\"@type\":\"ReadAction\",\"target\":[\"https:\/\/dutchhealthstore.com\/nl\/product\/cedar-white-essential-oil\/\"]}]},{\"@type\":\"ImageObject\",\"inLanguage\":\"nl-NL\",\"@id\":\"https:\/\/dutchhealthstore.com\/nl\/product\/cedar-white-essential-oil\/#primaryimage\",\"url\":\"https:\/\/dutchhealthstore.com\/wp-content\/uploads\/2018\/02\/Living-Libations-Cedar-White-Essential-Oil.jpg\",\"contentUrl\":\"https:\/\/dutchhealthstore.com\/wp-content\/uploads\/2018\/02\/Living-Libations-Cedar-White-Essential-Oil.jpg\",\"width\":1200,\"height\":1200,\"caption\":\"Living Libations - Cedar White Essential Oil\"},{\"@type\":\"BreadcrumbList\",\"@id\":\"https:\/\/dutchhealthstore.com\/nl\/product\/cedar-white-essential-oil\/#breadcrumb\",\"itemListElement\":[{\"@type\":\"ListItem\",\"position\":1,\"name\":\"Home\",\"item\":\"https:\/\/dutchhealthstore.com\/nl\/\"},{\"@type\":\"ListItem\",\"position\":2,\"name\":\"Shop\",\"item\":\"https:\/\/dutchhealthstore.com\/nl\/shop\/\"},{\"@type\":\"ListItem\",\"position\":3,\"name\":\"Cedar White Essential Oil\"}]},{\"@type\":\"WebSite\",\"@id\":\"https:\/\/dutchhealthstore.com\/nl\/#website\",\"url\":\"https:\/\/dutchhealthstore.com\/nl\/\",\"name\":\"Dutch Health Store\",\"description\":\"Enhance Your Beauty with Organic &amp; Natural Skincare\",\"publisher\":{\"@id\":\"https:\/\/dutchhealthstore.com\/nl\/#organization\"},\"potentialAction\":[{\"@type\":\"SearchAction\",\"target\":{\"@type\":\"EntryPoint\",\"urlTemplate\":\"https:\/\/dutchhealthstore.com\/nl\/?s={search_term_string}\"},\"query-input\":{\"@type\":\"PropertyValueSpecification\",\"valueRequired\":true,\"valueName\":\"search_term_string\"}}],\"inLanguage\":\"nl-NL\"},{\"@type\":\"Organization\",\"@id\":\"https:\/\/dutchhealthstore.com\/nl\/#organization\",\"name\":\"Dutch Health Store\",\"url\":\"https:\/\/dutchhealthstore.com\/nl\/\",\"logo\":{\"@type\":\"ImageObject\",\"inLanguage\":\"nl-NL\",\"@id\":\"https:\/\/dutchhealthstore.com\/nl\/#\/schema\/logo\/image\/\",\"url\":\"https:\/\/dutchhealthstore.com\/wp-content\/uploads\/2020\/08\/logo-dutchhealthstore-jpg-e1599484957574.jpg\",\"contentUrl\":\"https:\/\/dutchhealthstore.com\/wp-content\/uploads\/2020\/08\/logo-dutchhealthstore-jpg-e1599484957574.jpg\",\"width\":400,\"height\":62,\"caption\":\"Dutch Health Store\"},\"image\":{\"@id\":\"https:\/\/dutchhealthstore.com\/nl\/#\/schema\/logo\/image\/\"},\"sameAs\":[\"https:\/\/www.instagram.com\/dutchhealthstore\/\",\"https:\/\/www.facebook.com\/dutchhealthstore\"]}]}<\/script>\n<meta property=\"product:brand\" content=\"Living Libations\" \/>\n<meta property=\"og:availability\" content=\"instock\" \/>\n<meta property=\"product:availability\" content=\"instock\" \/>\n<meta property=\"product:condition\" content=\"new\" \/>\n<!-- \/ Yoast SEO Premium plugin. -->","yoast_head_json":{"title":"Cedar White Essential Oil | Organic & Natural | Living Libations","description":"Living Libations White Cedar Essential Oil opent het hart als een stille wandeling door het bos.","robots":{"index":"index","follow":"follow","max-snippet":"max-snippet:-1","max-image-preview":"max-image-preview:large","max-video-preview":"max-video-preview:-1"},"canonical":"https:\/\/dutchhealthstore.com\/nl\/product\/cedar-white-essential-oil\/","og_locale":"nl_NL","og_type":"article","og_title":"Cedar White Essential Oil - Dutch Health Store","og_description":"Living Libations White Cedar Essential Oil opent het hart als een stille wandeling door het bos.","og_url":"https:\/\/dutchhealthstore.com\/nl\/product\/cedar-white-essential-oil\/","og_site_name":"Dutch Health Store","article_publisher":"https:\/\/www.instagram.com\/dutchhealthstore\/","article_modified_time":"2025-09-23T13:20:30+00:00","og_image":[{"width":1200,"height":1200,"url":"https:\/\/dutchhealthstore.com\/wp-content\/uploads\/2018\/02\/Living-Libations-Cedar-White-Essential-Oil.jpg","type":"image\/jpeg"}],"twitter_card":"summary_large_image","twitter_misc":{"Beschikbaarheid":"Op voorraad"},"schema":{"@context":"https:\/\/schema.org","@graph":[{"@type":"WebPage","@id":"https:\/\/dutchhealthstore.com\/nl\/product\/cedar-white-essential-oil\/","url":"https:\/\/dutchhealthstore.com\/nl\/product\/cedar-white-essential-oil\/","name":"Cedar White Essential Oil | Organic & Natural | Living Libations","isPartOf":{"@id":"https:\/\/dutchhealthstore.com\/nl\/#website"},"primaryImageOfPage":{"@id":"https:\/\/dutchhealthstore.com\/nl\/product\/cedar-white-essential-oil\/#primaryimage"},"image":{"@id":"https:\/\/dutchhealthstore.com\/nl\/product\/cedar-white-essential-oil\/#primaryimage"},"thumbnailUrl":"https:\/\/dutchhealthstore.com\/wp-content\/uploads\/2018\/02\/Living-Libations-Cedar-White-Essential-Oil.jpg","datePublished":"2018-02-10T19:00:11+00:00","dateModified":"2025-09-23T13:20:30+00:00","description":"Living Libations White Cedar Essential Oil opent het hart als een stille wandeling door het bos.","breadcrumb":{"@id":"https:\/\/dutchhealthstore.com\/nl\/product\/cedar-white-essential-oil\/#breadcrumb"},"inLanguage":"nl-NL","potentialAction":[{"@type":"ReadAction","target":["https:\/\/dutchhealthstore.com\/nl\/product\/cedar-white-essential-oil\/"]}]},{"@type":"ImageObject","inLanguage":"nl-NL","@id":"https:\/\/dutchhealthstore.com\/nl\/product\/cedar-white-essential-oil\/#primaryimage","url":"https:\/\/dutchhealthstore.com\/wp-content\/uploads\/2018\/02\/Living-Libations-Cedar-White-Essential-Oil.jpg","contentUrl":"https:\/\/dutchhealthstore.com\/wp-content\/uploads\/2018\/02\/Living-Libations-Cedar-White-Essential-Oil.jpg","width":1200,"height":1200,"caption":"Living Libations - Cedar White Essential Oil"},{"@type":"BreadcrumbList","@id":"https:\/\/dutchhealthstore.com\/nl\/product\/cedar-white-essential-oil\/#breadcrumb","itemListElement":[{"@type":"ListItem","position":1,"name":"Home","item":"https:\/\/dutchhealthstore.com\/nl\/"},{"@type":"ListItem","position":2,"name":"Shop","item":"https:\/\/dutchhealthstore.com\/nl\/shop\/"},{"@type":"ListItem","position":3,"name":"Cedar White Essential Oil"}]},{"@type":"WebSite","@id":"https:\/\/dutchhealthstore.com\/nl\/#website","url":"https:\/\/dutchhealthstore.com\/nl\/","name":"Dutch Health Store","description":"Enhance Your Beauty with Organic &amp; Natural Skincare","publisher":{"@id":"https:\/\/dutchhealthstore.com\/nl\/#organization"},"potentialAction":[{"@type":"SearchAction","target":{"@type":"EntryPoint","urlTemplate":"https:\/\/dutchhealthstore.com\/nl\/?s={search_term_string}"},"query-input":{"@type":"PropertyValueSpecification","valueRequired":true,"valueName":"search_term_string"}}],"inLanguage":"nl-NL"},{"@type":"Organization","@id":"https:\/\/dutchhealthstore.com\/nl\/#organization","name":"Dutch Health Store","url":"https:\/\/dutchhealthstore.com\/nl\/","logo":{"@type":"ImageObject","inLanguage":"nl-NL","@id":"https:\/\/dutchhealthstore.com\/nl\/#\/schema\/logo\/image\/","url":"https:\/\/dutchhealthstore.com\/wp-content\/uploads\/2020\/08\/logo-dutchhealthstore-jpg-e1599484957574.jpg","contentUrl":"https:\/\/dutchhealthstore.com\/wp-content\/uploads\/2020\/08\/logo-dutchhealthstore-jpg-e1599484957574.jpg","width":400,"height":62,"caption":"Dutch Health Store"},"image":{"@id":"https:\/\/dutchhealthstore.com\/nl\/#\/schema\/logo\/image\/"},"sameAs":["https:\/\/www.instagram.com\/dutchhealthstore\/","https:\/\/www.facebook.com\/dutchhealthstore"]}]},"product_brand":"Living Libations","og_availability":"instock","product_availability":"instock","product_condition":"new"},"_links":{"self":[{"href":"https:\/\/dutchhealthstore.com\/nl\/wp-json\/wp\/v2\/product\/117528","targetHints":{"allow":["GET"]}}],"collection":[{"href":"https:\/\/dutchhealthstore.com\/nl\/wp-json\/wp\/v2\/product"}],"about":[{"href":"https:\/\/dutchhealthstore.com\/nl\/wp-json\/wp\/v2\/types\/product"}],"replies":[{"embeddable":true,"href":"https:\/\/dutchhealthstore.com\/nl\/wp-json\/wp\/v2\/comments?post=117528"}],"wp:featuredmedia":[{"embeddable":true,"href":"https:\/\/dutchhealthstore.com\/nl\/wp-json\/wp\/v2\/media\/58756"}],"wp:attachment":[{"href":"https:\/\/dutchhealthstore.com\/nl\/wp-json\/wp\/v2\/media?parent=117528"}],"wp:term":[{"taxonomy":"product_brand","embeddable":true,"href":"https:\/\/dutchhealthstore.com\/nl\/wp-json\/wp\/v2\/product_brand?post=117528"},{"taxonomy":"product_cat","embeddable":true,"href":"https:\/\/dutchhealthstore.com\/nl\/wp-json\/wp\/v2\/product_cat?post=117528"},{"taxonomy":"product_tag","embeddable":true,"href":"https:\/\/dutchhealthstore.com\/nl\/wp-json\/wp\/v2\/product_tag?post=117528"}],"curies":[{"name":"wp","href":"https:\/\/api.w.org\/{rel}","templated":true}]}}